{"id":27034,"date":"2024-01-09T16:35:55","date_gmt":"2024-01-09T16:35:55","guid":{"rendered":"http:\/\/rucashk.com\/?post_type=product&#038;p=27034"},"modified":"2025-06-21T09:42:24","modified_gmt":"2025-06-21T09:42:24","slug":"logitech-signature-m650-mice","status":"publish","type":"product","link":"https:\/\/www.rucashk.com\/pt\/produto\/logitech-signature-m650-mice\/","title":{"rendered":"Ratos Logitech SIGNATURE M650"},"content":{"rendered":"<h2 class=\"h3\" style=\"text-align: center\">ROLAGEM INTELIGENTE<\/h2>\n<p style=\"text-align: center\">Fa\u00e7a a rolagem funcionar para voc\u00ea com o Logitech SmartWheel. Obtenha precis\u00e3o linha por linha quando precisar se concentrar nos detalhes e role super r\u00e1pido quando quiser apenas navegar por p\u00e1ginas longas. Alterne automaticamente os modos com o movimento do seu dedo.<\/p>\n<p style=\"text-align: center\">\n<p style=\"text-align: center\"><img fetchpriority=\"high\" decoding=\"async\" class=\"wp-image-34755 aligncenter\" src=\"https:\/\/www.rucashk.com\/wp-content\/uploads\/2023\/09\/a7228b72e940a43621c85a40f3dcbed-300x169.png\" alt=\"Logitech SIGNATURE M650 Mice\" width=\"691\" height=\"389\" \/><\/p>\n<h2 class=\"h3\" style=\"text-align: center\">O AJUSTE PERFEITO PARA SUA M\u00c3O<\/h2>\n<p style=\"text-align: center\">Escolha o Signature M650 que melhor se adapta a voc\u00ea. Recomendamos o M650 para m\u00e3os pequenas e m\u00e9dias, o M650 L para m\u00e3os grandes e o M650 L Left para usu\u00e1rios canhotos. N\u00e3o tem certeza de qual mouse \u00e9 certo para voc\u00ea? Confira nosso guia de tamanhos abaixo.<\/p>\n<p style=\"text-align: center\">\n<p style=\"text-align: center\"><img decoding=\"async\" class=\"wp-image-34756 aligncenter\" src=\"https:\/\/www.rucashk.com\/wp-content\/uploads\/2023\/09\/063cb03a33985c61316ceacf2f97263-300x168.png\" alt=\"Logitech SIGNATURE M650 Mice\" width=\"689\" height=\"386\" \/><\/p>\n<h2 class=\"h3\" style=\"text-align: center\">CONFORTO, ATUALIZADO<\/h2>\n<p style=\"text-align: center\">Voc\u00ea vai gostar de trabalhar com seu Signature M650. Cada mouse apresenta formato contornado, \u00e1rea macia para o polegar e al\u00e7as laterais de borracha que mant\u00eam sua m\u00e3o confort\u00e1vel e no lugar. Obtenha mais conforto e concentre-se mais no que voc\u00ea precisa fazer.<\/p>\n<p style=\"text-align: center\">\n<p style=\"text-align: center\"><img decoding=\"async\" class=\"wp-image-34757 aligncenter\" src=\"https:\/\/www.rucashk.com\/wp-content\/uploads\/2023\/09\/2ecedacb53b281e4232039a2e972e45-300x168.png\" alt=\"Logitech SIGNATURE M650 Mice\" width=\"691\" height=\"387\" \/><\/p>\n<p style=\"text-align: center\">\n<h2 class=\"body-copy-title font-title-m font-brown-bold\" style=\"text-align: center\">CONECTE SEU CAMINHO. FUNCIONA EM V\u00c1RIAS PLATAFORMAS.<\/h2>\n<p style=\"text-align: center\">Conecte-se em um instante via\u00a0<em>Bluetooth<\/em>\u00a0Receptor USB de baixa energia ou Logi Bolt. Obtenha uma conex\u00e3o sem fio forte e confi\u00e1vel de at\u00e9 10 metros <span style=\"color: #1d1d1d\"><span style=\"font-size: 13.3333px\">.<\/span><\/span>\u00a0O Signature M650 funciona em m\u00faltiplas plataformas \u2013 Windows, macOS, Linux<sup>\u00ae<\/sup>, iPadOS, Android<sup>\u2122<\/sup>\u2014e funciona com Chromebook<sup>\u2122<\/sup> Certificado.<\/p>\n<p style=\"text-align: center\">\n<p><img loading=\"lazy\" decoding=\"async\" class=\"wp-image-34758 aligncenter\" src=\"https:\/\/www.rucashk.com\/wp-content\/uploads\/2023\/09\/45a13b8e50f1876450efda3095165d4-300x148.png\" alt=\"Logitech SIGNATURE M650 Mice\" width=\"691\" height=\"341\" \/><\/p>\n<h2 class=\"body-copy-title font-title-s font-brown-bold dc-black tc-black mc-black\" style=\"text-align: center\">MENOS RU\u00cdDO, MAIS FOCO<\/h2>\n<p style=\"text-align: center\">N\u00e3o h\u00e1 mais ru\u00eddo de clique irritante. A tecnologia SilentTouch exclusiva da Logitech reduz 90% de sons de clique, criando um ambiente melhor e mais silencioso para voc\u00ea e as pessoas ao seu redor.<\/p>\n<p><img loading=\"lazy\" decoding=\"async\" class=\"wp-image-34759 aligncenter\" src=\"https:\/\/www.rucashk.com\/wp-content\/uploads\/2023\/09\/45bf452f73f4bbc57be73d80a2afc1b-300x149.png\" alt=\"Logitech SIGNATURE M650 Mice\" width=\"687\" height=\"341\" \/><\/p>\n<p>&nbsp;<\/p>\n<h4 class=\"specs-heading\">Especifica\u00e7\u00f5es<\/h4>\n<div class=\"specs-column\">\n<div class=\"specs-group\">\n<div class=\"specs-block\">\n<h5 class=\"specs-title\">Tecnologia de Sensores<\/h5>\n<ul class=\"specs-description-list\">\n<li><strong>Tecnologia de Sensores<\/strong>: Rastreamento \u00f3ptico avan\u00e7ado da Logitech<\/li>\n<li><strong>Valor nominal<\/strong>: 400 dpi<\/li>\n<li><strong>Valor m\u00e1ximo<\/strong>: At\u00e9 4.000<\/li>\n<\/ul>\n<\/div>\n<div class=\"specs-block\">\n<h5 class=\"specs-title\">Bot\u00f5es<\/h5>\n<ul class=\"specs-description-list\">\n<li><strong>N\u00famero de bot\u00f5es<\/strong>: 5<\/li>\n<\/ul>\n<\/div>\n<div class=\"specs-block\">\n<h5 class=\"specs-title\">Aplicativo de personaliza\u00e7\u00e3o<\/h5>\n<ul class=\"specs-description-list\">\n<li>Compat\u00edvel com Logi Options+ no Windows e macOS<\/li>\n<\/ul>\n<\/div>\n<div class=\"specs-block\">\n<h5 class=\"specs-title\">Bateria<\/h5>\n<ul class=\"specs-description-list\">\n<li><strong>Tipo de Bateria<\/strong>: 1 x bateria AA (inclu\u00edda)<\/li>\n<li><strong>Dura\u00e7\u00e3o da bateria com receptor USB Logi Bolt<\/strong>: at\u00e9 24 meses<\/li>\n<li><strong>Dura\u00e7\u00e3o da bateria com Bluetooth\u00ae<\/strong>: at\u00e9 20 meses<\/li>\n<\/ul>\n<\/div>\n<div class=\"specs-block\">\n<h5 class=\"specs-title\">Tipo de conex\u00e3o<\/h5>\n<div class=\"specs-description\"><strong>Tipo de conex\u00e3o<\/strong>: Receptor USB Logi Bolt<\/div>\n<ul class=\"specs-description-list\">\n<li>Tecnologia Bluetooth de baixo consumo de energia<\/li>\n<li><strong>Alcance sem fio<\/strong>: Alcance sem fio de 10 m<\/li>\n<\/ul>\n<\/div>\n<div class=\"specs-block\">\n<h5 class=\"specs-title\">Sustentabilidade<\/h5>\n<ul class=\"specs-description-list\">\n<li><strong>Grafite e pl\u00e1sticos pretos<\/strong>: M\u00ednimo de material reciclado p\u00f3s-consumo 64%<\/li>\n<li><strong>Pl\u00e1sticos vermelhos e azuis<\/strong>: 57% material reciclado p\u00f3s-consumo<\/li>\n<li><strong>Pl\u00e1sticos off-white e rosa<\/strong>: M\u00ednimo de material reciclado p\u00f3s-consumo 26%<\/li>\n<\/ul>\n<\/div>\n<div class=\"specs-block\">\n<div class=\"specs-description\">Certificado neutro em carbono<\/div>\n<\/div>\n<\/div>\n<\/div>","protected":false},"excerpt":{"rendered":"<div class=\"specs-block\">\n<h5 class=\"specs-title\">Assinatura M650<\/h5>\n<ul class=\"specs-description-list\">\n<li><strong>Altura<\/strong>: 108,2 mm<\/li>\n<li><strong>Largura<\/strong>: 61mm<\/li>\n<li><strong>Profundidade<\/strong>: 38,8 mm<\/li>\n<li><strong>Peso<\/strong>: 101,4g<\/li>\n<\/ul>\n<\/div>\n<div class=\"specs-block\">\n<h5 class=\"specs-title\">Assinatura M650 L<\/h5>\n<ul class=\"specs-description-list\">\n<li><strong>Altura<\/strong>: 118,7 mm<\/li>\n<li><strong>Largura<\/strong>: 66,2 mm<\/li>\n<li><strong>Profundidade<\/strong>: 42mm<\/li>\n<li><strong>Peso<\/strong>: 115,4g<\/li>\n<\/ul>\n<\/div>\n<div class=\"specs-block\">\n<h5 class=\"specs-title\">Assinatura M650 L Esquerda<\/h5>\n<ul class=\"specs-description-list\">\n<li><strong>Altura<\/strong>: 118,7 mm<\/li>\n<li><strong>Largura<\/strong>: 66,2 mm<\/li>\n<li><strong>Profundidade<\/strong>: 42mm<\/li>\n<li><strong>Peso<\/strong>: 115,4g<\/li>\n<\/ul>\n<\/div>","protected":false},"featured_media":27157,"template":"","meta":[],"product_brand":[1380],"product_cat":[1332,1322],"product_tag":[],"class_list":{"0":"post-27034","1":"product","2":"type-product","3":"status-publish","4":"has-post-thumbnail","6":"product_brand-logitech","7":"product_cat-logitech-other-a-brands","8":"product_cat-other-a-brands","10":"first","11":"instock","12":"shipping-taxable","13":"product-type-simple"},"aioseo_notices":[],"aioseo_head":"\n\t\t<!-- All in One SEO Pro 4.5.9.2 - aioseo.com -->\n\t\t<meta name=\"description\" content=\"Signature M650 Height: 108.2 mm Width: 61 mm Depth: 38.8 mm Weight: 101.4 g Signature M650 L Height: 118.7 mm Width: 66.2 mm Depth: 42 mm Weight: 115.4 g Signature M650 L Left Height: 118.7 mm Width: 66.2 mm Depth: 42 mm Weight: 115.4 g\" \/>\n\t\t<meta name=\"robots\" content=\"max-image-preview:large\" \/>\n\t\t<link rel=\"canonical\" href=\"https:\/\/www.rucashk.com\/pt\/produto\/logitech-signature-m650-mice\/\" \/>\n\t\t<meta name=\"generator\" content=\"All in One SEO Pro (AIOSEO) 4.5.9.2\" \/>\n\t\t<meta property=\"og:locale\" content=\"pt_PT\" \/>\n\t\t<meta property=\"og:site_name\" content=\"Rucas - One-stop AIoT Distribution Worldwide\" \/>\n\t\t<meta property=\"og:type\" content=\"article\" \/>\n\t\t<meta property=\"og:title\" content=\"Logitech SIGNATURE M650 Mice - Rucas - Wholesale and Distribution\" \/>\n\t\t<meta property=\"og:description\" content=\"Signature M650 Height: 108.2 mm Width: 61 mm Depth: 38.8 mm Weight: 101.4 g Signature M650 L Height: 118.7 mm Width: 66.2 mm Depth: 42 mm Weight: 115.4 g Signature M650 L Left Height: 118.7 mm Width: 66.2 mm Depth: 42 mm Weight: 115.4 g\" \/>\n\t\t<meta property=\"og:url\" content=\"https:\/\/www.rucashk.com\/pt\/produto\/logitech-signature-m650-mice\/\" \/>\n\t\t<meta property=\"og:image\" content=\"https:\/\/www.rucashk.com\/wp-content\/uploads\/replace\/503b8e645f128a97ccde2b6290747646.jpeg\" \/>\n\t\t<meta property=\"og:image:secure_url\" content=\"https:\/\/www.rucashk.com\/wp-content\/uploads\/replace\/503b8e645f128a97ccde2b6290747646.jpeg\" \/>\n\t\t<meta property=\"og:image:width\" content=\"1456\" \/>\n\t\t<meta property=\"og:image:height\" content=\"816\" \/>\n\t\t<meta property=\"article:published_time\" content=\"2024-01-09T16:35:55+00:00\" \/>\n\t\t<meta property=\"article:modified_time\" content=\"2025-06-21T09:42:24+00:00\" \/>\n\t\t<meta name=\"twitter:card\" content=\"summary_large_image\" \/>\n\t\t<meta name=\"twitter:title\" content=\"Logitech SIGNATURE M650 Mice - Rucas - Wholesale and Distribution\" \/>\n\t\t<meta name=\"twitter:description\" content=\"Signature M650 Height: 108.2 mm Width: 61 mm Depth: 38.8 mm Weight: 101.4 g Signature M650 L Height: 118.7 mm Width: 66.2 mm Depth: 42 mm Weight: 115.4 g Signature M650 L Left Height: 118.7 mm Width: 66.2 mm Depth: 42 mm Weight: 115.4 g\" \/>\n\t\t<meta name=\"twitter:image\" content=\"https:\/\/www.rucashk.com\/wp-content\/uploads\/replace\/503b8e645f128a97ccde2b6290747646.jpeg\" \/>\n\t\t<script type=\"application\/ld+json\" class=\"aioseo-schema\">\n\t\t\t{\"@context\":\"https:\\\/\\\/schema.org\",\"@graph\":[{\"@type\":\"BreadcrumbList\",\"@id\":\"https:\\\/\\\/www.rucashk.com\\\/pt\\\/produto\\\/logitech-signature-m650-mice\\\/#breadcrumblist\",\"itemListElement\":[{\"@type\":\"ListItem\",\"@id\":\"https:\\\/\\\/www.rucashk.com\\\/pt\\\/#listItem\",\"position\":1,\"name\":\"Home\",\"item\":\"https:\\\/\\\/www.rucashk.com\\\/pt\\\/\",\"nextItem\":\"https:\\\/\\\/www.rucashk.com\\\/pt\\\/produto\\\/logitech-signature-m650-mice\\\/#listItem\"},{\"@type\":\"ListItem\",\"@id\":\"https:\\\/\\\/www.rucashk.com\\\/pt\\\/produto\\\/logitech-signature-m650-mice\\\/#listItem\",\"position\":2,\"name\":\"Logitech SIGNATURE M650 Mice\",\"previousItem\":\"https:\\\/\\\/www.rucashk.com\\\/pt\\\/#listItem\"}]},{\"@type\":\"Organization\",\"@id\":\"https:\\\/\\\/www.rucashk.com\\\/pt\\\/#organization\",\"name\":\"Rucas\",\"url\":\"https:\\\/\\\/www.rucashk.com\\\/pt\\\/\",\"logo\":{\"@type\":\"ImageObject\",\"url\":\"https:\\\/\\\/www.rucashk.com\\\/wp-content\\\/uploads\\\/2023\\\/12\\\/Rucas_campany_logo.png\",\"@id\":\"https:\\\/\\\/www.rucashk.com\\\/pt\\\/produto\\\/logitech-signature-m650-mice\\\/#organizationLogo\",\"width\":221,\"height\":65},\"image\":{\"@id\":\"https:\\\/\\\/www.rucashk.com\\\/pt\\\/#organizationLogo\"}},{\"@type\":\"Person\",\"@id\":\"https:\\\/\\\/www.rucashk.com\\\/pt\\\/author\\\/admin\\\/#author\",\"url\":\"https:\\\/\\\/www.rucashk.com\\\/pt\\\/author\\\/admin\\\/\",\"name\":\"admin\",\"image\":{\"@type\":\"ImageObject\",\"@id\":\"https:\\\/\\\/www.rucashk.com\\\/pt\\\/produto\\\/logitech-signature-m650-mice\\\/#authorImage\",\"url\":\"https:\\\/\\\/secure.gravatar.com\\\/avatar\\\/b7c8925b09a27e72b30232f8ecaadbd5af0f70a38c78096863fe51b64f031c24?s=96&d=mm&r=g\",\"width\":96,\"height\":96,\"caption\":\"admin\"}},{\"@type\":\"WebPage\",\"@id\":\"https:\\\/\\\/www.rucashk.com\\\/pt\\\/produto\\\/logitech-signature-m650-mice\\\/#webpage\",\"url\":\"https:\\\/\\\/www.rucashk.com\\\/pt\\\/produto\\\/logitech-signature-m650-mice\\\/\",\"name\":\"Logitech SIGNATURE M650 Mice - Rucas - Wholesale and Distribution\",\"description\":\"Signature M650 Height: 108.2 mm Width: 61 mm Depth: 38.8 mm Weight: 101.4 g Signature M650 L Height: 118.7 mm Width: 66.2 mm Depth: 42 mm Weight: 115.4 g Signature M650 L Left Height: 118.7 mm Width: 66.2 mm Depth: 42 mm Weight: 115.4 g\",\"inLanguage\":\"pt-PT\",\"isPartOf\":{\"@id\":\"https:\\\/\\\/www.rucashk.com\\\/pt\\\/#website\"},\"breadcrumb\":{\"@id\":\"https:\\\/\\\/www.rucashk.com\\\/pt\\\/produto\\\/logitech-signature-m650-mice\\\/#breadcrumblist\"},\"author\":{\"@id\":\"https:\\\/\\\/www.rucashk.com\\\/pt\\\/author\\\/admin\\\/#author\"},\"creator\":{\"@id\":\"https:\\\/\\\/www.rucashk.com\\\/pt\\\/author\\\/admin\\\/#author\"},\"image\":{\"@type\":\"ImageObject\",\"url\":\"https:\\\/\\\/www.rucashk.com\\\/wp-content\\\/uploads\\\/2024\\\/01\\\/10006-1.webp\",\"@id\":\"https:\\\/\\\/www.rucashk.com\\\/pt\\\/produto\\\/logitech-signature-m650-mice\\\/#mainImage\",\"width\":800,\"height\":800},\"primaryImageOfPage\":{\"@id\":\"https:\\\/\\\/www.rucashk.com\\\/pt\\\/produto\\\/logitech-signature-m650-mice\\\/#mainImage\"},\"datePublished\":\"2024-01-09T16:35:55+00:00\",\"dateModified\":\"2025-06-21T09:42:24+00:00\"},{\"@type\":\"WebSite\",\"@id\":\"https:\\\/\\\/www.rucashk.com\\\/pt\\\/#website\",\"url\":\"https:\\\/\\\/www.rucashk.com\\\/pt\\\/\",\"name\":\"Rucas - Wholesale and distribution worldwide\",\"alternateName\":\"Rucas - One-stop AIoT Distribution Worldwide\",\"description\":\"One-stop AIoT Distribution Worldwide\",\"inLanguage\":\"pt-PT\",\"publisher\":{\"@id\":\"https:\\\/\\\/www.rucashk.com\\\/pt\\\/#organization\"}}]}\n\t\t<\/script>\n\t\t<!-- All in One SEO Pro -->\r\n\t\t<title>Logitech SIGNATURE M650 Mice - Rucas - Wholesale and Distribution<\/title>\n\n","aioseo_head_json":{"title":"Logitech SIGNATURE M650 Mice - Rucas - Wholesale and Distribution","description":"Signature M650 Height: 108.2 mm Width: 61 mm Depth: 38.8 mm Weight: 101.4 g Signature M650 L Height: 118.7 mm Width: 66.2 mm Depth: 42 mm Weight: 115.4 g Signature M650 L Left Height: 118.7 mm Width: 66.2 mm Depth: 42 mm Weight: 115.4 g","canonical_url":"https:\/\/www.rucashk.com\/pt\/produto\/logitech-signature-m650-mice\/","robots":"max-image-preview:large","keywords":"","webmasterTools":{"miscellaneous":""},"og:locale":"pt_PT","og:site_name":"Rucas - One-stop AIoT Distribution Worldwide","og:type":"article","og:title":"Logitech SIGNATURE M650 Mice - Rucas - Wholesale and Distribution","og:description":"Signature M650 Height: 108.2 mm Width: 61 mm Depth: 38.8 mm Weight: 101.4 g Signature M650 L Height: 118.7 mm Width: 66.2 mm Depth: 42 mm Weight: 115.4 g Signature M650 L Left Height: 118.7 mm Width: 66.2 mm Depth: 42 mm Weight: 115.4 g","og:url":"https:\/\/www.rucashk.com\/pt\/produto\/logitech-signature-m650-mice\/","og:image":"https:\/\/www.rucashk.com\/wp-content\/uploads\/replace\/503b8e645f128a97ccde2b6290747646.jpeg","og:image:secure_url":"https:\/\/www.rucashk.com\/wp-content\/uploads\/replace\/503b8e645f128a97ccde2b6290747646.jpeg","og:image:width":1456,"og:image:height":816,"article:published_time":"2024-01-09T16:35:55+00:00","article:modified_time":"2025-06-21T09:42:24+00:00","twitter:card":"summary_large_image","twitter:title":"Logitech SIGNATURE M650 Mice - Rucas - Wholesale and Distribution","twitter:description":"Signature M650 Height: 108.2 mm Width: 61 mm Depth: 38.8 mm Weight: 101.4 g Signature M650 L Height: 118.7 mm Width: 66.2 mm Depth: 42 mm Weight: 115.4 g Signature M650 L Left Height: 118.7 mm Width: 66.2 mm Depth: 42 mm Weight: 115.4 g","twitter:image":"https:\/\/www.rucashk.com\/wp-content\/uploads\/replace\/503b8e645f128a97ccde2b6290747646.jpeg","schema":{"@context":"https:\/\/schema.org","@graph":[{"@type":"BreadcrumbList","@id":"https:\/\/www.rucashk.com\/pt\/produto\/logitech-signature-m650-mice\/#breadcrumblist","itemListElement":[{"@type":"ListItem","@id":"https:\/\/www.rucashk.com\/pt\/#listItem","position":1,"name":"Home","item":"https:\/\/www.rucashk.com\/pt\/","nextItem":"https:\/\/www.rucashk.com\/pt\/produto\/logitech-signature-m650-mice\/#listItem"},{"@type":"ListItem","@id":"https:\/\/www.rucashk.com\/pt\/produto\/logitech-signature-m650-mice\/#listItem","position":2,"name":"Logitech SIGNATURE M650 Mice","previousItem":"https:\/\/www.rucashk.com\/pt\/#listItem"}]},{"@type":"Organization","@id":"https:\/\/www.rucashk.com\/pt\/#organization","name":"Rucas","url":"https:\/\/www.rucashk.com\/pt\/","logo":{"@type":"ImageObject","url":"https:\/\/www.rucashk.com\/wp-content\/uploads\/2023\/12\/Rucas_campany_logo.png","@id":"https:\/\/www.rucashk.com\/pt\/produto\/logitech-signature-m650-mice\/#organizationLogo","width":221,"height":65},"image":{"@id":"https:\/\/www.rucashk.com\/pt\/#organizationLogo"}},{"@type":"Person","@id":"https:\/\/www.rucashk.com\/pt\/author\/admin\/#author","url":"https:\/\/www.rucashk.com\/pt\/author\/admin\/","name":"admin","image":{"@type":"ImageObject","@id":"https:\/\/www.rucashk.com\/pt\/produto\/logitech-signature-m650-mice\/#authorImage","url":"https:\/\/secure.gravatar.com\/avatar\/b7c8925b09a27e72b30232f8ecaadbd5af0f70a38c78096863fe51b64f031c24?s=96&d=mm&r=g","width":96,"height":96,"caption":"admin"}},{"@type":"WebPage","@id":"https:\/\/www.rucashk.com\/pt\/produto\/logitech-signature-m650-mice\/#webpage","url":"https:\/\/www.rucashk.com\/pt\/produto\/logitech-signature-m650-mice\/","name":"Logitech SIGNATURE M650 Mice - Rucas - Wholesale and Distribution","description":"Signature M650 Height: 108.2 mm Width: 61 mm Depth: 38.8 mm Weight: 101.4 g Signature M650 L Height: 118.7 mm Width: 66.2 mm Depth: 42 mm Weight: 115.4 g Signature M650 L Left Height: 118.7 mm Width: 66.2 mm Depth: 42 mm Weight: 115.4 g","inLanguage":"pt-PT","isPartOf":{"@id":"https:\/\/www.rucashk.com\/pt\/#website"},"breadcrumb":{"@id":"https:\/\/www.rucashk.com\/pt\/produto\/logitech-signature-m650-mice\/#breadcrumblist"},"author":{"@id":"https:\/\/www.rucashk.com\/pt\/author\/admin\/#author"},"creator":{"@id":"https:\/\/www.rucashk.com\/pt\/author\/admin\/#author"},"image":{"@type":"ImageObject","url":"https:\/\/www.rucashk.com\/wp-content\/uploads\/2024\/01\/10006-1.webp","@id":"https:\/\/www.rucashk.com\/pt\/produto\/logitech-signature-m650-mice\/#mainImage","width":800,"height":800},"primaryImageOfPage":{"@id":"https:\/\/www.rucashk.com\/pt\/produto\/logitech-signature-m650-mice\/#mainImage"},"datePublished":"2024-01-09T16:35:55+00:00","dateModified":"2025-06-21T09:42:24+00:00"},{"@type":"WebSite","@id":"https:\/\/www.rucashk.com\/pt\/#website","url":"https:\/\/www.rucashk.com\/pt\/","name":"Rucas - Wholesale and distribution worldwide","alternateName":"Rucas - One-stop AIoT Distribution Worldwide","description":"One-stop AIoT Distribution Worldwide","inLanguage":"pt-PT","publisher":{"@id":"https:\/\/www.rucashk.com\/pt\/#organization"}}]}},"aioseo_meta_data":{"post_id":"27034","title":null,"description":null,"keywords":null,"keyphrases":null,"primary_term":null,"canonical_url":null,"og_title":null,"og_description":null,"og_object_type":"default","og_image_type":"default","og_image_url":null,"og_image_width":null,"og_image_height":null,"og_image_custom_url":null,"og_image_custom_fields":null,"og_video":null,"og_custom_url":null,"og_article_section":null,"og_article_tags":null,"twitter_use_og":false,"twitter_card":"default","twitter_image_type":"default","twitter_image_url":null,"twitter_image_custom_url":null,"twitter_image_custom_fields":null,"twitter_title":null,"twitter_description":null,"schema":{"blockGraphs":[],"customGraphs":[],"default":{"data":{"Article":[],"Course":[],"Dataset":[],"FAQPage":[],"Movie":[],"Person":[],"Product":[],"Recipe":[],"Service":[],"SoftwareApplication":[],"WebPage":[]},"graphName":"","isEnabled":true},"graphs":[]},"schema_type":"default","schema_type_options":null,"pillar_content":false,"robots_default":true,"robots_noindex":false,"robots_noarchive":false,"robots_nosnippet":false,"robots_nofollow":false,"robots_noimageindex":false,"robots_noodp":false,"robots_notranslate":false,"robots_max_snippet":null,"robots_max_videopreview":null,"robots_max_imagepreview":"large","priority":null,"frequency":null,"local_seo":null,"breadcrumb_settings":null,"limit_modified_date":false,"created":"2024-04-11 01:57:21","updated":"2025-06-22 18:30:00"},"aioseo_breadcrumb":"<div class=\"aioseo-breadcrumbs\"><span class=\"aioseo-breadcrumb\">\n\t<a href=\"https:\/\/www.rucashk.com\/pt\" title=\"Home\">Home<\/a>\n<\/span><span class=\"aioseo-breadcrumb-separator\">&raquo;<\/span><span class=\"aioseo-breadcrumb\">\n\t<a href=\"https:\/\/www.rucashk.com\/pt\/products\/\" title=\"Produtos\">Produtos<\/a>\n<\/span><span class=\"aioseo-breadcrumb-separator\">&raquo;<\/span><span class=\"aioseo-breadcrumb\">\n\t<a href=\"https:\/\/www.rucashk.com\/pt\/marca\/logitech\/\" title=\"Logitech\">Logitech<\/a>\n<\/span><span class=\"aioseo-breadcrumb-separator\">&raquo;<\/span><span class=\"aioseo-breadcrumb\">\n\tLogitech SIGNATURE M650 Mice\n<\/span><\/div>","aioseo_breadcrumb_json":[{"label":"Home","link":"https:\/\/www.rucashk.com\/pt"},{"label":"Produtos","link":"https:\/\/www.rucashk.com\/pt\/products\/"},{"label":"Logitech","link":"https:\/\/www.rucashk.com\/pt\/marca\/logitech\/"},{"label":"Logitech SIGNATURE M650 Mice","link":"https:\/\/www.rucashk.com\/pt\/produto\/logitech-signature-m650-mice\/"}],"_links":{"self":[{"href":"https:\/\/www.rucashk.com\/pt\/wp-json\/wp\/v2\/product\/27034","targetHints":{"allow":["GET"]}}],"collection":[{"href":"https:\/\/www.rucashk.com\/pt\/wp-json\/wp\/v2\/product"}],"about":[{"href":"https:\/\/www.rucashk.com\/pt\/wp-json\/wp\/v2\/types\/product"}],"wp:featuredmedia":[{"embeddable":true,"href":"https:\/\/www.rucashk.com\/pt\/wp-json\/wp\/v2\/media\/27157"}],"wp:attachment":[{"href":"https:\/\/www.rucashk.com\/pt\/wp-json\/wp\/v2\/media?parent=27034"}],"wp:term":[{"taxonomy":"product_brand","embeddable":true,"href":"https:\/\/www.rucashk.com\/pt\/wp-json\/wp\/v2\/product_brand?post=27034"},{"taxonomy":"product_cat","embeddable":true,"href":"https:\/\/www.rucashk.com\/pt\/wp-json\/wp\/v2\/product_cat?post=27034"},{"taxonomy":"product_tag","embeddable":true,"href":"https:\/\/www.rucashk.com\/pt\/wp-json\/wp\/v2\/product_tag?post=27034"}],"curies":[{"name":"wp","href":"https:\/\/api.w.org\/{rel}","templated":true}]}}