{"id":27033,"date":"2024-01-09T16:35:55","date_gmt":"2024-01-09T16:35:55","guid":{"rendered":"http:\/\/rucashk.com\/?post_type=product&#038;p=27033"},"modified":"2025-06-21T09:41:35","modified_gmt":"2025-06-21T09:41:35","slug":"global-version-poco-m4-5g-smartphone","status":"publish","type":"product","link":"https:\/\/www.rucashk.com\/pt\/produto\/global-version-poco-m4-5g-smartphone\/","title":{"rendered":"Smartphone POCO M4 5G"},"content":{"rendered":"<p align=\"center\" data-spm-anchor-id=\"a2g0o.detail.1000023.i0.3efc8DGb8DGbKW\"><strong>POCO M4 5G \u2013 N\u00e3o consigo parar a divers\u00e3o<\/strong><\/p>\n<p>&nbsp;<\/p>\n<p align=\"center\">MediaTek Dimensity 700 com 5G | Tela DynamicSwitch de 90 Hz<br \/>\n| Bateria de 5000mAh (t\u00edpica)<\/p>\n<p align=\"center\"><img decoding=\"async\" src=\"\/wp-content\/uploads\/replace\/fb298698cf12fcde8b6eea027cd2b5b8.png\" \/>MediaTek Dimensity 700 com processador 5G 7nm com baixo consumo de energia<\/p>\n<p align=\"center\">C\u00e2mera dupla com IA de 13 MP<\/p>\n<p align=\"center\">Bateria de alta capacidade de 5000mAh (t\u00edpica) Carregamento r\u00e1pido de 18W<\/p>\n<p align=\"center\">Tela FHD+ DynamicSwitch de 90 Hz Corning\u00ae Gorilla\u00ae Glass<img decoding=\"async\" src=\"\/wp-content\/uploads\/replace\/0c1f2308c31466a65ec068b49f92f008.png\" \/><strong>Aproveite ao m\u00e1ximo o 5G<\/strong><\/p>\n<p align=\"center\">O POCO M4 5G possui um chip 5G de alta efici\u00eancia que suporta Dual Mode 5G (SA\/NSA) e 5G Dual SIM para cobertura de rede simult\u00e2nea e uma experi\u00eancia 5G revolucion\u00e1ria.<img decoding=\"async\" src=\"https:\/\/ae01.alicdn.com\/kf\/S7e706eb2cc2e4b8990f93f2c7818c560Z.jpg?width=950&amp;height=782&amp;hash=1732\" \/><strong>Dimens\u00e3o 700<\/strong><\/p>\n<p align=\"center\">Processador Dimensity 700 octa-core com dois n\u00facleos Cortex-A76 e uma poderosa GPU Mali G57 para todas as suas necessidades de entretenimento.<img decoding=\"async\" src=\"https:\/\/ae01.alicdn.com\/kf\/S0370af8450d542729fd326d82061cd58H.jpg?width=950&amp;height=744&amp;hash=1694\" \/><strong>LPDDR4X + UFS 2.2<\/strong><\/p>\n<p align=\"center\">Desfrute de desempenho perfeito em todos os tipos de aplicativos e jogos gra\u00e7as ao UFS 2.2 e LPDDR4X extremamente r\u00e1pidos.<img decoding=\"async\" src=\"https:\/\/ae01.alicdn.com\/kf\/S352dabdcf6e2452389994c34648ec1a3W.jpg?width=950&amp;height=637&amp;hash=1587\" \/><strong>Tecnologia de extens\u00e3o de mem\u00f3ria<\/strong><\/p>\n<p align=\"center\">A tecnologia de extens\u00e3o de mem\u00f3ria converte o armazenamento interno n\u00e3o utilizado em RAM virtual para um desempenho mais suave.<img decoding=\"async\" src=\"https:\/\/ae01.alicdn.com\/kf\/S227c72f4295c46c9b7981fdbff1b7ae49.jpg?width=950&amp;height=671&amp;hash=1621\" \/><strong>Tela FHD+ de 6,58\u2033<\/strong><img decoding=\"async\" src=\"https:\/\/ae01.alicdn.com\/kf\/S3fcafa6ca47a4a32907e49262652befdZ.jpg?width=950&amp;height=581&amp;hash=1531\" \/><strong>Interruptor din\u00e2mico de 90 Hz<\/strong><\/p>\n<p align=\"center\">Seleciona automaticamente a taxa de atualiza\u00e7\u00e3o ideal para desempenho perfeito e consumo de energia reduzido.<img decoding=\"async\" src=\"https:\/\/ae01.alicdn.com\/kf\/S7f023aa8b96c4d5495cfd642e1e810fch.jpg?width=950&amp;height=564&amp;hash=1514\" \/><strong>Bateria de alta capacidade 5000mAh<\/strong><\/p>\n<p align=\"center\">Gra\u00e7as \u00e0 bateria de alta capacidade de 5000mAh e \u00e0 tecnologia de carregamento r\u00e1pido de 18W, voc\u00ea n\u00e3o precisar\u00e1 se preocupar em ficar sem energia.<img decoding=\"async\" src=\"https:\/\/ae01.alicdn.com\/kf\/Scc72d58bc1f74c8dbd2ccedb286bb159k.jpg?width=950&amp;height=858&amp;hash=1808\" \/><strong>C\u00e2mera dupla com IA de 13 MP<br \/>\nFotos de tirar o f\u00f4lego<\/strong><\/p>\n<p align=\"center\">A c\u00e2mera traseira de lente dupla AI de 13 MP est\u00e1 equipada com um algoritmo de otimiza\u00e7\u00e3o de imagem alimentado por IA que renderiza suas imagens com detalhes impressionantes.<img decoding=\"async\" src=\"https:\/\/ae01.alicdn.com\/kf\/Sad7ea5190ad44b968759dd2c02030ba4f.jpg?width=950&amp;height=589&amp;hash=1539\" \/><strong>C\u00e2mera principal de 13 MP<\/strong><\/p>\n<p align=\"center\">Capture o mundo t\u00e3o claramente quanto voc\u00ea o v\u00ea<img decoding=\"async\" src=\"https:\/\/ae01.alicdn.com\/kf\/S92bdfc17de9f4b4b8aaf72dc341db80ej.jpg?width=950&amp;height=869&amp;hash=1819\" \/><img decoding=\"async\" src=\"https:\/\/ae01.alicdn.com\/kf\/S5568f76eca8f4a62bd5add27e963bccar.jpg?width=950&amp;height=793&amp;hash=1743\" \/><strong>Est\u00e9tica deslumbrante<br \/>\nNa ponta dos seus dedos<\/strong><br \/>\nA caixa unibody curva oferece uma ader\u00eancia confort\u00e1vel e possui um acabamento ondulado resistente a impress\u00f5es digitais que parece diferente quando visto de diferentes \u00e2ngulos.\u00a0\u00a0<img decoding=\"async\" src=\"https:\/\/ae01.alicdn.com\/kf\/Sf5393e51bddb4befb313515f8764f1a9i.jpg?width=950&amp;height=933&amp;hash=1883\" \/><\/p>\n<p align=\"center\"><img decoding=\"async\" src=\"https:\/\/ae01.alicdn.com\/kf\/Sc1e924d6ddea467a934963abfd5681cc5.jpg?width=950&amp;height=352&amp;hash=1302\" data-spm-anchor-id=\"a2g0o.detail.1000023.i1.3efc8DGb8DGbKW\" \/><\/p>\n<h1><strong><b>Especifica\u00e7\u00f5es<\/b><\/strong><\/h1>\n<p>Pot\u00eancia de carregamento: 18W<\/p>\n<p>Tela sens\u00edvel ao toque: Sim<\/p>\n<p>Outros recursos: Celular 5G<\/p>\n<p>Taxa de atualiza\u00e7\u00e3o da tela: 90 Hz<\/p>\n<p>Quantidade de c\u00e2mera traseira: 2<\/p>\n<p>Carregamento sem fio: N\u00e3o<\/p>\n<p>NFC: SIM<\/p>\n<p>Tecnologia biom\u00e9trica: montagem lateral, reconhecimento facial<\/p>\n<p>Tipo de interface de carregamento: Tipo-C<\/p>\n<p>Quantidade da c\u00e2mera frontal: 1<\/p>\n<p>Porta de fone de ouvido de 3,5 mm: SIM<\/p>\n<p>Carregamento r\u00e1pido: Carga r\u00e1pida 3.0<\/p>\n<p>Tipo de tela: tela de gota de \u00e1gua<\/p>\n<p>Pixel da c\u00e2mera traseira: 13MP<\/p>\n<p>Pixel da c\u00e2mera frontal: 5 MP<\/p>\n<p>Capacidade da bateria (mAh):5000<\/p>\n<p>Tipo de bateria: n\u00e3o remov\u00edvel<\/p>\n<p>Resolu\u00e7\u00e3o da tela: 2408\u00d71080<\/p>\n<p>Quantidade de cart\u00e3o SIM: 2 cart\u00f5es SIM<\/p>\n<p>Idioma: ingl\u00eas, russo, alem\u00e3o, franc\u00eas, espanhol, polon\u00eas, portugu\u00eas, italiano, turco, noruegu\u00eas, coreano, japon\u00eas, \u00e1rabe<\/p>\n<p>Tamanho da tela: 6,58\u201d<\/p>\n<p>Sistema operacional: Android<\/p>\n<p>Condi\u00e7\u00e3o do item: Novo<\/p>\n<p>Projeto: BAR<\/p>\n<p>Marca: XIAOMI<\/p>\n<p>Origem:China Continental<\/p>\n<p>Certifica\u00e7\u00e3o: CE<\/p>\n<p>Armazenamento e RAM: 4 GB + 64 GB, 6 GB + 128 GB<\/p>\n<p>Tela: Tela FHD + DotDrop de 6,58\u2033<\/p>\n<p>Processador: MediaTek Dimensity 700<\/p>\n<p>\u00c1udio: R\u00e1dio FM<\/p>","protected":false},"excerpt":{"rendered":"<div align=\"start\">CPU \u2014\u2014\u2014\u2013 CPU MediaTek Dimensity 700 Octa Core<\/div>\n<div align=\"start\">Tela \u2014\u2014\u20136,58\u2033 2408 \u00d7 1080 FHD+ Tela DotDrop<\/div>\n<div align=\"start\">\u00a0 \u00a0 \u00a0 \u00a0 \u00a0 \u00a0 \u00a0 \u00a0 \u00a0 \u00a0 Taxa de atualiza\u00e7\u00e3o: 30\/60\/90 Hz<\/div>\n<div align=\"start\">RAM + ROM \u20134 GB + 64 GB \/ 6 GB + 128 GB<\/div>\n<div align=\"start\">C\u00e2mera \u2014\u2014 C\u00e2mera dupla AI de 13 MP + 2 MP, c\u00e2mera frontal de 5 MP<\/div>\n<div align=\"start\">Bateria \u2014\u20145000mAh (tipo), suporte para carregamento r\u00e1pido de 18W<\/div>\n<div align=\"start\">SO \u2014\u2014\u2014\u2013MIUI, vers\u00e3o global, suporte multil\u00edngue e Google Play<\/div>\n<div align=\"start\">Outros \u2014\u2014\u2013 Wi-FI, Bluetooth 5.1, GPS, NFC, fone de ouvido de 3,5 mm, r\u00e1dio FM<\/div>\n<div align=\"start\">Rede \u2014 Dual SIM, espera dupla: 5G+5G<\/div>","protected":false},"featured_media":27152,"template":"","meta":[],"product_brand":[1393],"product_cat":[1295,1298],"product_tag":[],"class_list":{"0":"post-27033","1":"product","2":"type-product","3":"status-publish","4":"has-post-thumbnail","6":"product_brand-poco","7":"product_cat-mobile-phone","8":"product_cat-poco-mobile-phone","10":"first","11":"instock","12":"shipping-taxable","13":"product-type-simple"},"aioseo_notices":[],"aioseo_head":"\n\t\t<!-- All in One SEO Pro 4.5.9.2 - aioseo.com -->\n\t\t<meta name=\"description\" content=\"CPU ----------- MediaTek Dimensity 700 Octa Core CPU Screen --------6.58&quot; 2408 \u00d7 1080 FHD+ DotDrop Display Refresh rate: 30 \/ 60 \/ 90Hz RAM+ROM --4GB + 64GB \/ 6GB + 128GB Camera ------13MP+2MP AI Dual Camera, 5MP Front Camera Battery ------5000mAh (typ), Support 18W fast charging OS-----------MIUI, Global Version, Support Multi-Language and Google Play Other --------Wi-FI , Bluetooth 5.1 , GPS , NFC , 3.5mm headphone jack , FM radio Network---Dual SIM, dual standby: 5G+5G\" \/>\n\t\t<meta name=\"robots\" content=\"max-image-preview:large\" \/>\n\t\t<link rel=\"canonical\" href=\"https:\/\/www.rucashk.com\/pt\/produto\/global-version-poco-m4-5g-smartphone\/\" \/>\n\t\t<meta name=\"generator\" content=\"All in One SEO Pro (AIOSEO) 4.5.9.2\" \/>\n\t\t<meta property=\"og:locale\" content=\"pt_PT\" \/>\n\t\t<meta property=\"og:site_name\" content=\"Rucas - One-stop AIoT Distribution Worldwide\" \/>\n\t\t<meta property=\"og:type\" content=\"article\" \/>\n\t\t<meta property=\"og:title\" content=\"POCO M4 5G Smartphone - Rucas - Wholesale and Distribution\" \/>\n\t\t<meta property=\"og:description\" content=\"CPU ----------- MediaTek Dimensity 700 Octa Core CPU Screen --------6.58&quot; 2408 \u00d7 1080 FHD+ DotDrop Display Refresh rate: 30 \/ 60 \/ 90Hz RAM+ROM --4GB + 64GB \/ 6GB + 128GB Camera ------13MP+2MP AI Dual Camera, 5MP Front Camera Battery ------5000mAh (typ), Support 18W fast charging OS-----------MIUI, Global Version, Support Multi-Language and Google Play Other --------Wi-FI , Bluetooth 5.1 , GPS , NFC , 3.5mm headphone jack , FM radio Network---Dual SIM, dual standby: 5G+5G\" \/>\n\t\t<meta property=\"og:url\" content=\"https:\/\/www.rucashk.com\/pt\/produto\/global-version-poco-m4-5g-smartphone\/\" \/>\n\t\t<meta property=\"og:image\" content=\"https:\/\/www.rucashk.com\/wp-content\/uploads\/replace\/503b8e645f128a97ccde2b6290747646.jpeg\" \/>\n\t\t<meta property=\"og:image:secure_url\" content=\"https:\/\/www.rucashk.com\/wp-content\/uploads\/replace\/503b8e645f128a97ccde2b6290747646.jpeg\" \/>\n\t\t<meta property=\"og:image:width\" content=\"1456\" \/>\n\t\t<meta property=\"og:image:height\" content=\"816\" \/>\n\t\t<meta property=\"article:published_time\" content=\"2024-01-09T16:35:55+00:00\" \/>\n\t\t<meta property=\"article:modified_time\" content=\"2025-06-21T09:41:35+00:00\" \/>\n\t\t<meta name=\"twitter:card\" content=\"summary_large_image\" \/>\n\t\t<meta name=\"twitter:title\" content=\"POCO M4 5G Smartphone - Rucas - Wholesale and Distribution\" \/>\n\t\t<meta name=\"twitter:description\" content=\"CPU ----------- MediaTek Dimensity 700 Octa Core CPU Screen --------6.58&quot; 2408 \u00d7 1080 FHD+ DotDrop Display Refresh rate: 30 \/ 60 \/ 90Hz RAM+ROM --4GB + 64GB \/ 6GB + 128GB Camera ------13MP+2MP AI Dual Camera, 5MP Front Camera Battery ------5000mAh (typ), Support 18W fast charging OS-----------MIUI, Global Version, Support Multi-Language and Google Play Other --------Wi-FI , Bluetooth 5.1 , GPS , NFC , 3.5mm headphone jack , FM radio Network---Dual SIM, dual standby: 5G+5G\" \/>\n\t\t<meta name=\"twitter:image\" content=\"https:\/\/www.rucashk.com\/wp-content\/uploads\/replace\/503b8e645f128a97ccde2b6290747646.jpeg\" \/>\n\t\t<script type=\"application\/ld+json\" class=\"aioseo-schema\">\n\t\t\t{\"@context\":\"https:\\\/\\\/schema.org\",\"@graph\":[{\"@type\":\"BreadcrumbList\",\"@id\":\"https:\\\/\\\/www.rucashk.com\\\/pt\\\/produto\\\/global-version-poco-m4-5g-smartphone\\\/#breadcrumblist\",\"itemListElement\":[{\"@type\":\"ListItem\",\"@id\":\"https:\\\/\\\/www.rucashk.com\\\/pt\\\/#listItem\",\"position\":1,\"name\":\"Home\",\"item\":\"https:\\\/\\\/www.rucashk.com\\\/pt\\\/\",\"nextItem\":\"https:\\\/\\\/www.rucashk.com\\\/pt\\\/produto\\\/global-version-poco-m4-5g-smartphone\\\/#listItem\"},{\"@type\":\"ListItem\",\"@id\":\"https:\\\/\\\/www.rucashk.com\\\/pt\\\/produto\\\/global-version-poco-m4-5g-smartphone\\\/#listItem\",\"position\":2,\"name\":\"POCO M4 5G Smartphone\",\"previousItem\":\"https:\\\/\\\/www.rucashk.com\\\/pt\\\/#listItem\"}]},{\"@type\":\"Organization\",\"@id\":\"https:\\\/\\\/www.rucashk.com\\\/pt\\\/#organization\",\"name\":\"Rucas\",\"url\":\"https:\\\/\\\/www.rucashk.com\\\/pt\\\/\",\"logo\":{\"@type\":\"ImageObject\",\"url\":\"https:\\\/\\\/www.rucashk.com\\\/wp-content\\\/uploads\\\/2023\\\/12\\\/Rucas_campany_logo.png\",\"@id\":\"https:\\\/\\\/www.rucashk.com\\\/pt\\\/produto\\\/global-version-poco-m4-5g-smartphone\\\/#organizationLogo\",\"width\":221,\"height\":65},\"image\":{\"@id\":\"https:\\\/\\\/www.rucashk.com\\\/pt\\\/#organizationLogo\"}},{\"@type\":\"Person\",\"@id\":\"https:\\\/\\\/www.rucashk.com\\\/pt\\\/author\\\/admin\\\/#author\",\"url\":\"https:\\\/\\\/www.rucashk.com\\\/pt\\\/author\\\/admin\\\/\",\"name\":\"admin\",\"image\":{\"@type\":\"ImageObject\",\"@id\":\"https:\\\/\\\/www.rucashk.com\\\/pt\\\/produto\\\/global-version-poco-m4-5g-smartphone\\\/#authorImage\",\"url\":\"https:\\\/\\\/secure.gravatar.com\\\/avatar\\\/b7c8925b09a27e72b30232f8ecaadbd5af0f70a38c78096863fe51b64f031c24?s=96&d=mm&r=g\",\"width\":96,\"height\":96,\"caption\":\"admin\"}},{\"@type\":\"WebPage\",\"@id\":\"https:\\\/\\\/www.rucashk.com\\\/pt\\\/produto\\\/global-version-poco-m4-5g-smartphone\\\/#webpage\",\"url\":\"https:\\\/\\\/www.rucashk.com\\\/pt\\\/produto\\\/global-version-poco-m4-5g-smartphone\\\/\",\"name\":\"POCO M4 5G Smartphone - Rucas - Wholesale and Distribution\",\"description\":\"CPU ----------- MediaTek Dimensity 700 Octa Core CPU Screen --------6.58\\\" 2408 \\u00d7 1080 FHD+ DotDrop Display Refresh rate: 30 \\\/ 60 \\\/ 90Hz RAM+ROM --4GB + 64GB \\\/ 6GB + 128GB Camera ------13MP+2MP AI Dual Camera, 5MP Front Camera Battery ------5000mAh (typ), Support 18W fast charging OS-----------MIUI, Global Version, Support Multi-Language and Google Play Other --------Wi-FI , Bluetooth 5.1 , GPS , NFC , 3.5mm headphone jack , FM radio Network---Dual SIM, dual standby: 5G+5G\",\"inLanguage\":\"pt-PT\",\"isPartOf\":{\"@id\":\"https:\\\/\\\/www.rucashk.com\\\/pt\\\/#website\"},\"breadcrumb\":{\"@id\":\"https:\\\/\\\/www.rucashk.com\\\/pt\\\/produto\\\/global-version-poco-m4-5g-smartphone\\\/#breadcrumblist\"},\"author\":{\"@id\":\"https:\\\/\\\/www.rucashk.com\\\/pt\\\/author\\\/admin\\\/#author\"},\"creator\":{\"@id\":\"https:\\\/\\\/www.rucashk.com\\\/pt\\\/author\\\/admin\\\/#author\"},\"image\":{\"@type\":\"ImageObject\",\"url\":\"https:\\\/\\\/www.rucashk.com\\\/wp-content\\\/uploads\\\/2024\\\/01\\\/10002-50.jpg\",\"@id\":\"https:\\\/\\\/www.rucashk.com\\\/pt\\\/produto\\\/global-version-poco-m4-5g-smartphone\\\/#mainImage\",\"width\":800,\"height\":800},\"primaryImageOfPage\":{\"@id\":\"https:\\\/\\\/www.rucashk.com\\\/pt\\\/produto\\\/global-version-poco-m4-5g-smartphone\\\/#mainImage\"},\"datePublished\":\"2024-01-09T16:35:55+00:00\",\"dateModified\":\"2025-06-21T09:41:35+00:00\"},{\"@type\":\"WebSite\",\"@id\":\"https:\\\/\\\/www.rucashk.com\\\/pt\\\/#website\",\"url\":\"https:\\\/\\\/www.rucashk.com\\\/pt\\\/\",\"name\":\"Rucas - Wholesale and distribution worldwide\",\"alternateName\":\"Rucas - One-stop AIoT Distribution Worldwide\",\"description\":\"One-stop AIoT Distribution Worldwide\",\"inLanguage\":\"pt-PT\",\"publisher\":{\"@id\":\"https:\\\/\\\/www.rucashk.com\\\/pt\\\/#organization\"}}]}\n\t\t<\/script>\n\t\t<!-- All in One SEO Pro -->\r\n\t\t<title>POCO M4 5G Smartphone - Rucas - Wholesale and Distribution<\/title>\n\n","aioseo_head_json":{"title":"POCO M4 5G Smartphone - Rucas - Wholesale and Distribution","description":"CPU ----------- MediaTek Dimensity 700 Octa Core CPU Screen --------6.58\" 2408 \u00d7 1080 FHD+ DotDrop Display Refresh rate: 30 \/ 60 \/ 90Hz RAM+ROM --4GB + 64GB \/ 6GB + 128GB Camera ------13MP+2MP AI Dual Camera, 5MP Front Camera Battery ------5000mAh (typ), Support 18W fast charging OS-----------MIUI, Global Version, Support Multi-Language and Google Play Other --------Wi-FI , Bluetooth 5.1 , GPS , NFC , 3.5mm headphone jack , FM radio Network---Dual SIM, dual standby: 5G+5G","canonical_url":"https:\/\/www.rucashk.com\/pt\/produto\/global-version-poco-m4-5g-smartphone\/","robots":"max-image-preview:large","keywords":"","webmasterTools":{"miscellaneous":""},"og:locale":"pt_PT","og:site_name":"Rucas - One-stop AIoT Distribution Worldwide","og:type":"article","og:title":"POCO M4 5G Smartphone - Rucas - Wholesale and Distribution","og:description":"CPU ----------- MediaTek Dimensity 700 Octa Core CPU Screen --------6.58&quot; 2408 \u00d7 1080 FHD+ DotDrop Display Refresh rate: 30 \/ 60 \/ 90Hz RAM+ROM --4GB + 64GB \/ 6GB + 128GB Camera ------13MP+2MP AI Dual Camera, 5MP Front Camera Battery ------5000mAh (typ), Support 18W fast charging OS-----------MIUI, Global Version, Support Multi-Language and Google Play Other --------Wi-FI , Bluetooth 5.1 , GPS , NFC , 3.5mm headphone jack , FM radio Network---Dual SIM, dual standby: 5G+5G","og:url":"https:\/\/www.rucashk.com\/pt\/produto\/global-version-poco-m4-5g-smartphone\/","og:image":"https:\/\/www.rucashk.com\/wp-content\/uploads\/replace\/503b8e645f128a97ccde2b6290747646.jpeg","og:image:secure_url":"https:\/\/www.rucashk.com\/wp-content\/uploads\/replace\/503b8e645f128a97ccde2b6290747646.jpeg","og:image:width":1456,"og:image:height":816,"article:published_time":"2024-01-09T16:35:55+00:00","article:modified_time":"2025-06-21T09:41:35+00:00","twitter:card":"summary_large_image","twitter:title":"POCO M4 5G Smartphone - Rucas - Wholesale and Distribution","twitter:description":"CPU ----------- MediaTek Dimensity 700 Octa Core CPU Screen --------6.58&quot; 2408 \u00d7 1080 FHD+ DotDrop Display Refresh rate: 30 \/ 60 \/ 90Hz RAM+ROM --4GB + 64GB \/ 6GB + 128GB Camera ------13MP+2MP AI Dual Camera, 5MP Front Camera Battery ------5000mAh (typ), Support 18W fast charging OS-----------MIUI, Global Version, Support Multi-Language and Google Play Other --------Wi-FI , Bluetooth 5.1 , GPS , NFC , 3.5mm headphone jack , FM radio Network---Dual SIM, dual standby: 5G+5G","twitter:image":"https:\/\/www.rucashk.com\/wp-content\/uploads\/replace\/503b8e645f128a97ccde2b6290747646.jpeg","schema":{"@context":"https:\/\/schema.org","@graph":[{"@type":"BreadcrumbList","@id":"https:\/\/www.rucashk.com\/pt\/produto\/global-version-poco-m4-5g-smartphone\/#breadcrumblist","itemListElement":[{"@type":"ListItem","@id":"https:\/\/www.rucashk.com\/pt\/#listItem","position":1,"name":"Home","item":"https:\/\/www.rucashk.com\/pt\/","nextItem":"https:\/\/www.rucashk.com\/pt\/produto\/global-version-poco-m4-5g-smartphone\/#listItem"},{"@type":"ListItem","@id":"https:\/\/www.rucashk.com\/pt\/produto\/global-version-poco-m4-5g-smartphone\/#listItem","position":2,"name":"POCO M4 5G Smartphone","previousItem":"https:\/\/www.rucashk.com\/pt\/#listItem"}]},{"@type":"Organization","@id":"https:\/\/www.rucashk.com\/pt\/#organization","name":"Rucas","url":"https:\/\/www.rucashk.com\/pt\/","logo":{"@type":"ImageObject","url":"https:\/\/www.rucashk.com\/wp-content\/uploads\/2023\/12\/Rucas_campany_logo.png","@id":"https:\/\/www.rucashk.com\/pt\/produto\/global-version-poco-m4-5g-smartphone\/#organizationLogo","width":221,"height":65},"image":{"@id":"https:\/\/www.rucashk.com\/pt\/#organizationLogo"}},{"@type":"Person","@id":"https:\/\/www.rucashk.com\/pt\/author\/admin\/#author","url":"https:\/\/www.rucashk.com\/pt\/author\/admin\/","name":"admin","image":{"@type":"ImageObject","@id":"https:\/\/www.rucashk.com\/pt\/produto\/global-version-poco-m4-5g-smartphone\/#authorImage","url":"https:\/\/secure.gravatar.com\/avatar\/b7c8925b09a27e72b30232f8ecaadbd5af0f70a38c78096863fe51b64f031c24?s=96&d=mm&r=g","width":96,"height":96,"caption":"admin"}},{"@type":"WebPage","@id":"https:\/\/www.rucashk.com\/pt\/produto\/global-version-poco-m4-5g-smartphone\/#webpage","url":"https:\/\/www.rucashk.com\/pt\/produto\/global-version-poco-m4-5g-smartphone\/","name":"POCO M4 5G Smartphone - Rucas - Wholesale and Distribution","description":"CPU ----------- MediaTek Dimensity 700 Octa Core CPU Screen --------6.58\" 2408 \u00d7 1080 FHD+ DotDrop Display Refresh rate: 30 \/ 60 \/ 90Hz RAM+ROM --4GB + 64GB \/ 6GB + 128GB Camera ------13MP+2MP AI Dual Camera, 5MP Front Camera Battery ------5000mAh (typ), Support 18W fast charging OS-----------MIUI, Global Version, Support Multi-Language and Google Play Other --------Wi-FI , Bluetooth 5.1 , GPS , NFC , 3.5mm headphone jack , FM radio Network---Dual SIM, dual standby: 5G+5G","inLanguage":"pt-PT","isPartOf":{"@id":"https:\/\/www.rucashk.com\/pt\/#website"},"breadcrumb":{"@id":"https:\/\/www.rucashk.com\/pt\/produto\/global-version-poco-m4-5g-smartphone\/#breadcrumblist"},"author":{"@id":"https:\/\/www.rucashk.com\/pt\/author\/admin\/#author"},"creator":{"@id":"https:\/\/www.rucashk.com\/pt\/author\/admin\/#author"},"image":{"@type":"ImageObject","url":"https:\/\/www.rucashk.com\/wp-content\/uploads\/2024\/01\/10002-50.jpg","@id":"https:\/\/www.rucashk.com\/pt\/produto\/global-version-poco-m4-5g-smartphone\/#mainImage","width":800,"height":800},"primaryImageOfPage":{"@id":"https:\/\/www.rucashk.com\/pt\/produto\/global-version-poco-m4-5g-smartphone\/#mainImage"},"datePublished":"2024-01-09T16:35:55+00:00","dateModified":"2025-06-21T09:41:35+00:00"},{"@type":"WebSite","@id":"https:\/\/www.rucashk.com\/pt\/#website","url":"https:\/\/www.rucashk.com\/pt\/","name":"Rucas - Wholesale and distribution worldwide","alternateName":"Rucas - One-stop AIoT Distribution Worldwide","description":"One-stop AIoT Distribution Worldwide","inLanguage":"pt-PT","publisher":{"@id":"https:\/\/www.rucashk.com\/pt\/#organization"}}]}},"aioseo_meta_data":{"post_id":"27033","title":null,"description":null,"keywords":null,"keyphrases":null,"primary_term":null,"canonical_url":null,"og_title":null,"og_description":null,"og_object_type":"default","og_image_type":"default","og_image_url":null,"og_image_width":null,"og_image_height":null,"og_image_custom_url":null,"og_image_custom_fields":null,"og_video":null,"og_custom_url":null,"og_article_section":null,"og_article_tags":null,"twitter_use_og":false,"twitter_card":"default","twitter_image_type":"default","twitter_image_url":null,"twitter_image_custom_url":null,"twitter_image_custom_fields":null,"twitter_title":null,"twitter_description":null,"schema":{"blockGraphs":[],"customGraphs":[],"default":{"data":{"Article":[],"Course":[],"Dataset":[],"FAQPage":[],"Movie":[],"Person":[],"Product":[],"Recipe":[],"Service":[],"SoftwareApplication":[],"WebPage":[]},"graphName":"","isEnabled":true},"graphs":[]},"schema_type":"default","schema_type_options":null,"pillar_content":false,"robots_default":true,"robots_noindex":false,"robots_noarchive":false,"robots_nosnippet":false,"robots_nofollow":false,"robots_noimageindex":false,"robots_noodp":false,"robots_notranslate":false,"robots_max_snippet":null,"robots_max_videopreview":null,"robots_max_imagepreview":"large","priority":null,"frequency":null,"local_seo":null,"breadcrumb_settings":null,"limit_modified_date":false,"created":"2024-04-11 01:57:21","updated":"2025-06-22 18:29:59"},"aioseo_breadcrumb":"<div class=\"aioseo-breadcrumbs\"><span class=\"aioseo-breadcrumb\">\n\t<a href=\"https:\/\/www.rucashk.com\/pt\" title=\"Home\">Home<\/a>\n<\/span><span class=\"aioseo-breadcrumb-separator\">&raquo;<\/span><span class=\"aioseo-breadcrumb\">\n\t<a href=\"https:\/\/www.rucashk.com\/pt\/products\/\" title=\"Produtos\">Produtos<\/a>\n<\/span><span class=\"aioseo-breadcrumb-separator\">&raquo;<\/span><span class=\"aioseo-breadcrumb\">\n\t<a href=\"https:\/\/www.rucashk.com\/pt\/marca\/poco\/\" title=\"POCO\">POCO<\/a>\n<\/span><span class=\"aioseo-breadcrumb-separator\">&raquo;<\/span><span class=\"aioseo-breadcrumb\">\n\tPOCO M4 5G Smartphone\n<\/span><\/div>","aioseo_breadcrumb_json":[{"label":"Home","link":"https:\/\/www.rucashk.com\/pt"},{"label":"Produtos","link":"https:\/\/www.rucashk.com\/pt\/products\/"},{"label":"POCO","link":"https:\/\/www.rucashk.com\/pt\/marca\/poco\/"},{"label":"POCO M4 5G Smartphone","link":"https:\/\/www.rucashk.com\/pt\/produto\/global-version-poco-m4-5g-smartphone\/"}],"_links":{"self":[{"href":"https:\/\/www.rucashk.com\/pt\/wp-json\/wp\/v2\/product\/27033","targetHints":{"allow":["GET"]}}],"collection":[{"href":"https:\/\/www.rucashk.com\/pt\/wp-json\/wp\/v2\/product"}],"about":[{"href":"https:\/\/www.rucashk.com\/pt\/wp-json\/wp\/v2\/types\/product"}],"wp:featuredmedia":[{"embeddable":true,"href":"https:\/\/www.rucashk.com\/pt\/wp-json\/wp\/v2\/media\/27152"}],"wp:attachment":[{"href":"https:\/\/www.rucashk.com\/pt\/wp-json\/wp\/v2\/media?parent=27033"}],"wp:term":[{"taxonomy":"product_brand","embeddable":true,"href":"https:\/\/www.rucashk.com\/pt\/wp-json\/wp\/v2\/product_brand?post=27033"},{"taxonomy":"product_cat","embeddable":true,"href":"https:\/\/www.rucashk.com\/pt\/wp-json\/wp\/v2\/product_cat?post=27033"},{"taxonomy":"product_tag","embeddable":true,"href":"https:\/\/www.rucashk.com\/pt\/wp-json\/wp\/v2\/product_tag?post=27033"}],"curies":[{"name":"wp","href":"https:\/\/api.w.org\/{rel}","templated":true}]}}