{"id":26959,"date":"2024-01-09T16:35:08","date_gmt":"2024-01-09T16:35:08","guid":{"rendered":"http:\/\/rucashk.com\/?post_type=product&#038;p=26959"},"modified":"2025-06-21T09:47:27","modified_gmt":"2025-06-21T09:47:27","slug":"logitech-mx-vertical-mice","status":"publish","type":"product","link":"https:\/\/www.rucashk.com\/pt\/produto\/logitech-mx-vertical-mice\/","title":{"rendered":"Ratos VERTICAL Logitech MX"},"content":{"rendered":"<h2 class=\"h3\" style=\"text-align: center\">POSI\u00c7\u00c3O NATURAL DE APERTO DE M\u00c3O<\/h2>\n<p style=\"text-align: center\">A posi\u00e7\u00e3o natural do aperto de m\u00e3o do MX Vertical reduz a tens\u00e3o muscular em 10% e promove uma postura mais ergon\u00f4mica.<\/p>\n<p>&nbsp;<\/p>\n<p><img fetchpriority=\"high\" decoding=\"async\" class=\"aligncenter\" src=\"\/wp-content\/uploads\/replace\/9c1eb7ae3c6bf1784a9c4b7f585c3833.png\" alt=\"10\" width=\"858\" height=\"595\" \/><\/p>\n<h2 class=\"h3\" style=\"text-align: center\">\u00c2NGULO VERTICAL DE 57\u00b0 PARA MELHOR POSTURA DO PULSO<\/h2>\n<p style=\"text-align: center\">O \u00e2ngulo vertical exclusivo de 57\u00b0 do MX Vertical reduz a press\u00e3o no pulso, enquanto o polegar fica posicionado confortavelmente no apoio para o polegar.<\/p>\n<p>&nbsp;<\/p>\n<p><img decoding=\"async\" class=\"detail-desc-decorate-image aligncenter\" src=\"\/wp-content\/uploads\/replace\/bfc81f249ea71144d24392f44dc83698.png\" alt=\"Logitech MX VERTICAL Mice\" \/><\/p>\n<h2 class=\"font-title-m js-title\" style=\"text-align: center\">TESTADO PELO USU\u00c1RIO. APROVADO POR ERGONOMISTA.<\/h2>\n<div class=\"body-copy-ctn js-body-copy-ctn rte-field\">\n<p style=\"text-align: center\">O MX Vertical foi projetado e testado com crit\u00e9rios estabelecidos pelos principais ergonomistas \u2013 melhorando a postura, diminuindo a tens\u00e3o muscular e reduzindo a press\u00e3o no pulso.<\/p>\n<p>&nbsp;<\/p>\n<\/div>\n<p><img decoding=\"async\" class=\"detail-desc-decorate-image aligncenter\" src=\"\/wp-content\/uploads\/replace\/e64f14e446b2ef49ffa941998db4f25b.png\" alt=\"Logitech MX VERTICAL Mice\" \/><\/p>\n<h2 class=\"h3\" style=\"text-align: center\">FORMA DE CONFORTO COM SUPERF\u00cdCIE TEXTURADA<\/h2>\n<p style=\"text-align: center\">MX Vertical \u00e9 moldado para a m\u00e3o humana e suave ao toque. Sua forma \u00fanica com superf\u00edcie de borracha texturizada garante uma ader\u00eancia s\u00f3lida e natural.<\/p>\n<p><img decoding=\"async\" class=\"detail-desc-decorate-image aligncenter\" src=\"\/wp-content\/uploads\/replace\/6019f83c1cdc179b00edfdb60ce2604c.png\" alt=\"Logitech MX VERTICAL Mice\" \/><\/p>\n<h2 class=\"h3\" style=\"text-align: center\">VOC\u00ca TEM OP\u00c7\u00d5ES<\/h2>\n<p style=\"text-align: center\">Fa\u00e7a mais com seus ratos. Assuma o controle do seu fluxo de trabalho sem esfor\u00e7o com o aplicativo Logi Options+, projetado para transformar a forma como voc\u00ea trabalha. Com Logi Options+ voc\u00ea pode trabalhar em v\u00e1rios dispositivos e sistemas operacionais usando Flow, definir a velocidade de rastreamento, personalizar bot\u00f5es individuais e usar personaliza\u00e7\u00f5es espec\u00edficas de aplicativos predefinidas e a\u00e7\u00f5es inteligentes para otimizar quase todos os aspectos do seu fluxo de trabalho.<\/p>\n<p style=\"text-align: center\">Dispon\u00edvel em Windows e macOS<\/p>\n<p>&nbsp;<\/p>\n<p><img decoding=\"async\" class=\"detail-desc-decorate-image aligncenter\" src=\"\/wp-content\/uploads\/replace\/f2101bd2567d919017e3cb8c85e5e5bb.png\" alt=\"Logitech MX VERTICAL Mice\" \/><\/p>\n<h2 class=\"h3\" style=\"text-align: center\">RECARGA R\u00c1PIDA<\/h2>\n<p style=\"text-align: center\">Mantenha-se ligado por at\u00e9 quatro meses com carga completa e obtenha tr\u00eas horas de uso com uma carga r\u00e1pida de um minuto. Use o cabo de carregamento USB-C para recarregar a energia.<\/p>\n<p>&nbsp;<\/p>\n<p><img decoding=\"async\" class=\"detail-desc-decorate-image aligncenter\" src=\"\/wp-content\/uploads\/replace\/676b93c8dcd15f61ebd00d73c203ddf6.png\" alt=\"Logitech MX VERTICAL Mice\" \/><\/p>\n<h2 class=\"h3\" style=\"text-align: center\">TR\u00caS MANEIRAS DE CONECTAR<\/h2>\n<p style=\"text-align: center\">Conecte MX Vertical por meio do cabo de carregamento USB-C inclu\u00eddo, Logitech Unifying Receiver ou\u00a0<em>Bluetooth<\/em><sup>\u00ae<\/sup>.<br \/>\nPara obter a melhor experi\u00eancia de produto com\u00a0<em>Bluetooth<\/em>, atualize o sistema operacional do seu computador para a vers\u00e3o mais recente.<\/p>\n<p>&nbsp;<\/p>\n<p><img decoding=\"async\" class=\"detail-desc-decorate-image aligncenter\" src=\"\/wp-content\/uploads\/replace\/a71a1cf866cd169d39d07ec3c94d5b8d.png\" alt=\"Logitech MX VERTICAL Mice\" \/><\/p>\n<h2 class=\"h3\" style=\"text-align: center\">INTERRUPTOR DE VELOCIDADE DO CURSOR<\/h2>\n<p style=\"text-align: center\">Altere a velocidade e a precis\u00e3o do seu cursor para um controle ideal com o pressionar de um bot\u00e3o.<\/p>\n<p style=\"text-align: center\">MX Vertical apresenta um sensor de alta precis\u00e3o de 4000 DPI, o melhor da categoria, resultando em 4x menos movimento da m\u00e3o.<\/p>\n<p>&nbsp;<\/p>\n<p><img decoding=\"async\" class=\"detail-desc-decorate-image aligncenter\" src=\"\/wp-content\/uploads\/replace\/2895967999a43e7d5aede62bea43a7d1.png\" alt=\"Logitech MX VERTICAL Mice\" \/><\/p>\n<p>&nbsp;<\/p>\n<h4 class=\"specs-heading\">Especifica\u00e7\u00f5es<\/h4>\n<div class=\"specs-column\">\n<div class=\"specs-group\">\n<div class=\"specs-block\">\n<h5 class=\"specs-title\">Sensor<\/h5>\n<ul class=\"specs-description-list\">\n<li><strong>Valor nominal<\/strong>: 1000 e 1600 dpi<\/li>\n<li><strong>DPI (valor m\u00ednimo e m\u00e1ximo)<\/strong>: 400-4000 dpi (pode ser definido em incrementos de 50 dpi)<\/li>\n<\/ul>\n<\/div>\n<div class=\"specs-block\">\n<h5 class=\"specs-title\">Bot\u00f5es<\/h5>\n<ul class=\"specs-description-list\">\n<li>4 bot\u00f5es personaliz\u00e1veis (por padr\u00e3o: Voltar\/Avan\u00e7ar, DPI, clique do meio)<\/li>\n<\/ul>\n<\/div>\n<div class=\"specs-block\">\n<h5 class=\"specs-title\">Aplicativo de personaliza\u00e7\u00e3o<\/h5>\n<ul class=\"specs-description-list\">\n<li>Compat\u00edvel com Logi Options+ no Windows e macOS<\/li>\n<\/ul>\n<\/div>\n<div class=\"specs-block\">\n<ul class=\"specs-description-list\">\n<li>Roda de precis\u00e3o<\/li>\n<\/ul>\n<\/div>\n<div class=\"specs-block\">\n<h5 class=\"specs-title\">Bateria<\/h5>\n<ul class=\"specs-description-list\">\n<li>Bateria Li-Po recarreg\u00e1vel (240 mAh)<\/li>\n<\/ul>\n<\/div>\n<div class=\"specs-block\">\n<h5 class=\"specs-title\">Tecnologia sem fio<\/h5>\n<ul class=\"specs-description-list\">\n<li>Unificando Receptor USB<\/li>\n<li><strong>Bluetooth de baixa energia (BLE)<\/strong>: 4.2<\/li>\n<li>Dist\u00e2ncia operacional sem fio: 10 m<\/li>\n<\/ul>\n<\/div>\n<div class=\"specs-block\">\n<h5 class=\"specs-title\">Sustentabilidade<\/h5>\n<ul class=\"specs-description-list\">\n<li><strong>Embalagem de papel<\/strong>: Certificado FSC\u2122<\/li>\n<\/ul>\n<\/div>\n<div class=\"specs-block\">\n<div class=\"specs-description\">Certificado neutro em carbono<\/div>\n<\/div>\n<\/div>\n<\/div>","protected":false},"excerpt":{"rendered":"<div class=\"specs-block\">\n<h5 class=\"specs-title\">MX verticais<\/h5>\n<ul class=\"specs-description-list\">\n<li><strong>Altura<\/strong>: 120mm<\/li>\n<li><strong>Largura<\/strong>: 79mm<\/li>\n<li><strong>Profundidade<\/strong>: 78,5mm<\/li>\n<li><strong>Peso<\/strong>: 135g<\/li>\n<\/ul>\n<\/div>\n<div class=\"specs-block\">\n<h5 class=\"specs-title\">Receptor USB<\/h5>\n<ul class=\"specs-description-list\">\n<li><strong>Altura<\/strong>: 23,1 mm<\/li>\n<li><strong>Largura<\/strong>: 18,4mm<\/li>\n<li><strong>Profundidade<\/strong>: 6,6 mm<\/li>\n<li><strong>Peso<\/strong>: 2g<\/li>\n<\/ul>\n<\/div>","protected":false},"featured_media":27111,"template":"","meta":[],"product_brand":[1380],"product_cat":[1332,1322],"product_tag":[],"class_list":{"0":"post-26959","1":"product","2":"type-product","3":"status-publish","4":"has-post-thumbnail","6":"product_brand-logitech","7":"product_cat-logitech-other-a-brands","8":"product_cat-other-a-brands","10":"first","11":"instock","12":"shipping-taxable","13":"product-type-simple"},"aioseo_notices":[],"aioseo_head":"\n\t\t<!-- All in One SEO Pro 4.5.9.2 - aioseo.com -->\n\t\t<meta name=\"description\" content=\"MX Vertical Height: 120 mm Width: 79 mm Depth: 78.5 mm Weight: 135 g USB Receiver Height: 23.1 mm Width: 18.4 mm Depth: 6.6 mm Weight: 2 g\" \/>\n\t\t<meta name=\"robots\" content=\"max-image-preview:large\" \/>\n\t\t<link rel=\"canonical\" href=\"https:\/\/www.rucashk.com\/pt\/produto\/logitech-mx-vertical-mice\/\" \/>\n\t\t<meta name=\"generator\" content=\"All in One SEO Pro (AIOSEO) 4.5.9.2\" \/>\n\t\t<meta property=\"og:locale\" content=\"pt_PT\" \/>\n\t\t<meta property=\"og:site_name\" content=\"Rucas - One-stop AIoT Distribution Worldwide\" \/>\n\t\t<meta property=\"og:type\" content=\"article\" \/>\n\t\t<meta property=\"og:title\" content=\"Logitech MX VERTICAL Mice - Rucas - Wholesale and Distribution\" \/>\n\t\t<meta property=\"og:description\" content=\"MX Vertical Height: 120 mm Width: 79 mm Depth: 78.5 mm Weight: 135 g USB Receiver Height: 23.1 mm Width: 18.4 mm Depth: 6.6 mm Weight: 2 g\" \/>\n\t\t<meta property=\"og:url\" content=\"https:\/\/www.rucashk.com\/pt\/produto\/logitech-mx-vertical-mice\/\" \/>\n\t\t<meta property=\"og:image\" content=\"https:\/\/www.rucashk.com\/wp-content\/uploads\/replace\/503b8e645f128a97ccde2b6290747646.jpeg\" \/>\n\t\t<meta property=\"og:image:secure_url\" content=\"https:\/\/www.rucashk.com\/wp-content\/uploads\/replace\/503b8e645f128a97ccde2b6290747646.jpeg\" \/>\n\t\t<meta property=\"og:image:width\" content=\"1456\" \/>\n\t\t<meta property=\"og:image:height\" content=\"816\" \/>\n\t\t<meta property=\"article:published_time\" content=\"2024-01-09T16:35:08+00:00\" \/>\n\t\t<meta property=\"article:modified_time\" content=\"2025-06-21T09:47:27+00:00\" \/>\n\t\t<meta name=\"twitter:card\" content=\"summary_large_image\" \/>\n\t\t<meta name=\"twitter:title\" content=\"Logitech MX VERTICAL Mice - Rucas - Wholesale and Distribution\" \/>\n\t\t<meta name=\"twitter:description\" content=\"MX Vertical Height: 120 mm Width: 79 mm Depth: 78.5 mm Weight: 135 g USB Receiver Height: 23.1 mm Width: 18.4 mm Depth: 6.6 mm Weight: 2 g\" \/>\n\t\t<meta name=\"twitter:image\" content=\"https:\/\/www.rucashk.com\/wp-content\/uploads\/replace\/503b8e645f128a97ccde2b6290747646.jpeg\" \/>\n\t\t<script type=\"application\/ld+json\" class=\"aioseo-schema\">\n\t\t\t{\"@context\":\"https:\\\/\\\/schema.org\",\"@graph\":[{\"@type\":\"BreadcrumbList\",\"@id\":\"https:\\\/\\\/www.rucashk.com\\\/pt\\\/produto\\\/logitech-mx-vertical-mice\\\/#breadcrumblist\",\"itemListElement\":[{\"@type\":\"ListItem\",\"@id\":\"https:\\\/\\\/www.rucashk.com\\\/pt\\\/#listItem\",\"position\":1,\"name\":\"Home\",\"item\":\"https:\\\/\\\/www.rucashk.com\\\/pt\\\/\",\"nextItem\":\"https:\\\/\\\/www.rucashk.com\\\/pt\\\/produto\\\/logitech-mx-vertical-mice\\\/#listItem\"},{\"@type\":\"ListItem\",\"@id\":\"https:\\\/\\\/www.rucashk.com\\\/pt\\\/produto\\\/logitech-mx-vertical-mice\\\/#listItem\",\"position\":2,\"name\":\"Logitech MX VERTICAL Mice\",\"previousItem\":\"https:\\\/\\\/www.rucashk.com\\\/pt\\\/#listItem\"}]},{\"@type\":\"Organization\",\"@id\":\"https:\\\/\\\/www.rucashk.com\\\/pt\\\/#organization\",\"name\":\"Rucas\",\"url\":\"https:\\\/\\\/www.rucashk.com\\\/pt\\\/\",\"logo\":{\"@type\":\"ImageObject\",\"url\":\"https:\\\/\\\/www.rucashk.com\\\/wp-content\\\/uploads\\\/2023\\\/12\\\/Rucas_campany_logo.png\",\"@id\":\"https:\\\/\\\/www.rucashk.com\\\/pt\\\/produto\\\/logitech-mx-vertical-mice\\\/#organizationLogo\",\"width\":221,\"height\":65},\"image\":{\"@id\":\"https:\\\/\\\/www.rucashk.com\\\/pt\\\/#organizationLogo\"}},{\"@type\":\"Person\",\"@id\":\"https:\\\/\\\/www.rucashk.com\\\/pt\\\/author\\\/admin\\\/#author\",\"url\":\"https:\\\/\\\/www.rucashk.com\\\/pt\\\/author\\\/admin\\\/\",\"name\":\"admin\",\"image\":{\"@type\":\"ImageObject\",\"@id\":\"https:\\\/\\\/www.rucashk.com\\\/pt\\\/produto\\\/logitech-mx-vertical-mice\\\/#authorImage\",\"url\":\"https:\\\/\\\/secure.gravatar.com\\\/avatar\\\/b7c8925b09a27e72b30232f8ecaadbd5af0f70a38c78096863fe51b64f031c24?s=96&d=mm&r=g\",\"width\":96,\"height\":96,\"caption\":\"admin\"}},{\"@type\":\"WebPage\",\"@id\":\"https:\\\/\\\/www.rucashk.com\\\/pt\\\/produto\\\/logitech-mx-vertical-mice\\\/#webpage\",\"url\":\"https:\\\/\\\/www.rucashk.com\\\/pt\\\/produto\\\/logitech-mx-vertical-mice\\\/\",\"name\":\"Logitech MX VERTICAL Mice - Rucas - Wholesale and Distribution\",\"description\":\"MX Vertical Height: 120 mm Width: 79 mm Depth: 78.5 mm Weight: 135 g USB Receiver Height: 23.1 mm Width: 18.4 mm Depth: 6.6 mm Weight: 2 g\",\"inLanguage\":\"pt-PT\",\"isPartOf\":{\"@id\":\"https:\\\/\\\/www.rucashk.com\\\/pt\\\/#website\"},\"breadcrumb\":{\"@id\":\"https:\\\/\\\/www.rucashk.com\\\/pt\\\/produto\\\/logitech-mx-vertical-mice\\\/#breadcrumblist\"},\"author\":{\"@id\":\"https:\\\/\\\/www.rucashk.com\\\/pt\\\/author\\\/admin\\\/#author\"},\"creator\":{\"@id\":\"https:\\\/\\\/www.rucashk.com\\\/pt\\\/author\\\/admin\\\/#author\"},\"image\":{\"@type\":\"ImageObject\",\"url\":\"https:\\\/\\\/www.rucashk.com\\\/wp-content\\\/uploads\\\/2024\\\/01\\\/10001-2.webp\",\"@id\":\"https:\\\/\\\/www.rucashk.com\\\/pt\\\/produto\\\/logitech-mx-vertical-mice\\\/#mainImage\",\"width\":800,\"height\":800},\"primaryImageOfPage\":{\"@id\":\"https:\\\/\\\/www.rucashk.com\\\/pt\\\/produto\\\/logitech-mx-vertical-mice\\\/#mainImage\"},\"datePublished\":\"2024-01-09T16:35:08+00:00\",\"dateModified\":\"2025-06-21T09:47:27+00:00\"},{\"@type\":\"WebSite\",\"@id\":\"https:\\\/\\\/www.rucashk.com\\\/pt\\\/#website\",\"url\":\"https:\\\/\\\/www.rucashk.com\\\/pt\\\/\",\"name\":\"Rucas - Wholesale and distribution worldwide\",\"alternateName\":\"Rucas - One-stop AIoT Distribution Worldwide\",\"description\":\"One-stop AIoT Distribution Worldwide\",\"inLanguage\":\"pt-PT\",\"publisher\":{\"@id\":\"https:\\\/\\\/www.rucashk.com\\\/pt\\\/#organization\"}}]}\n\t\t<\/script>\n\t\t<!-- All in One SEO Pro -->\r\n\t\t<title>Logitech MX VERTICAL Mice - Rucas - Wholesale and Distribution<\/title>\n\n","aioseo_head_json":{"title":"Logitech MX VERTICAL Mice - Rucas - Wholesale and Distribution","description":"MX Vertical Height: 120 mm Width: 79 mm Depth: 78.5 mm Weight: 135 g USB Receiver Height: 23.1 mm Width: 18.4 mm Depth: 6.6 mm Weight: 2 g","canonical_url":"https:\/\/www.rucashk.com\/pt\/produto\/logitech-mx-vertical-mice\/","robots":"max-image-preview:large","keywords":"","webmasterTools":{"miscellaneous":""},"og:locale":"pt_PT","og:site_name":"Rucas - One-stop AIoT Distribution Worldwide","og:type":"article","og:title":"Logitech MX VERTICAL Mice - Rucas - Wholesale and Distribution","og:description":"MX Vertical Height: 120 mm Width: 79 mm Depth: 78.5 mm Weight: 135 g USB Receiver Height: 23.1 mm Width: 18.4 mm Depth: 6.6 mm Weight: 2 g","og:url":"https:\/\/www.rucashk.com\/pt\/produto\/logitech-mx-vertical-mice\/","og:image":"https:\/\/www.rucashk.com\/wp-content\/uploads\/replace\/503b8e645f128a97ccde2b6290747646.jpeg","og:image:secure_url":"https:\/\/www.rucashk.com\/wp-content\/uploads\/replace\/503b8e645f128a97ccde2b6290747646.jpeg","og:image:width":1456,"og:image:height":816,"article:published_time":"2024-01-09T16:35:08+00:00","article:modified_time":"2025-06-21T09:47:27+00:00","twitter:card":"summary_large_image","twitter:title":"Logitech MX VERTICAL Mice - Rucas - Wholesale and Distribution","twitter:description":"MX Vertical Height: 120 mm Width: 79 mm Depth: 78.5 mm Weight: 135 g USB Receiver Height: 23.1 mm Width: 18.4 mm Depth: 6.6 mm Weight: 2 g","twitter:image":"https:\/\/www.rucashk.com\/wp-content\/uploads\/replace\/503b8e645f128a97ccde2b6290747646.jpeg","schema":{"@context":"https:\/\/schema.org","@graph":[{"@type":"BreadcrumbList","@id":"https:\/\/www.rucashk.com\/pt\/produto\/logitech-mx-vertical-mice\/#breadcrumblist","itemListElement":[{"@type":"ListItem","@id":"https:\/\/www.rucashk.com\/pt\/#listItem","position":1,"name":"Home","item":"https:\/\/www.rucashk.com\/pt\/","nextItem":"https:\/\/www.rucashk.com\/pt\/produto\/logitech-mx-vertical-mice\/#listItem"},{"@type":"ListItem","@id":"https:\/\/www.rucashk.com\/pt\/produto\/logitech-mx-vertical-mice\/#listItem","position":2,"name":"Logitech MX VERTICAL Mice","previousItem":"https:\/\/www.rucashk.com\/pt\/#listItem"}]},{"@type":"Organization","@id":"https:\/\/www.rucashk.com\/pt\/#organization","name":"Rucas","url":"https:\/\/www.rucashk.com\/pt\/","logo":{"@type":"ImageObject","url":"https:\/\/www.rucashk.com\/wp-content\/uploads\/2023\/12\/Rucas_campany_logo.png","@id":"https:\/\/www.rucashk.com\/pt\/produto\/logitech-mx-vertical-mice\/#organizationLogo","width":221,"height":65},"image":{"@id":"https:\/\/www.rucashk.com\/pt\/#organizationLogo"}},{"@type":"Person","@id":"https:\/\/www.rucashk.com\/pt\/author\/admin\/#author","url":"https:\/\/www.rucashk.com\/pt\/author\/admin\/","name":"admin","image":{"@type":"ImageObject","@id":"https:\/\/www.rucashk.com\/pt\/produto\/logitech-mx-vertical-mice\/#authorImage","url":"https:\/\/secure.gravatar.com\/avatar\/b7c8925b09a27e72b30232f8ecaadbd5af0f70a38c78096863fe51b64f031c24?s=96&d=mm&r=g","width":96,"height":96,"caption":"admin"}},{"@type":"WebPage","@id":"https:\/\/www.rucashk.com\/pt\/produto\/logitech-mx-vertical-mice\/#webpage","url":"https:\/\/www.rucashk.com\/pt\/produto\/logitech-mx-vertical-mice\/","name":"Logitech MX VERTICAL Mice - Rucas - Wholesale and Distribution","description":"MX Vertical Height: 120 mm Width: 79 mm Depth: 78.5 mm Weight: 135 g USB Receiver Height: 23.1 mm Width: 18.4 mm Depth: 6.6 mm Weight: 2 g","inLanguage":"pt-PT","isPartOf":{"@id":"https:\/\/www.rucashk.com\/pt\/#website"},"breadcrumb":{"@id":"https:\/\/www.rucashk.com\/pt\/produto\/logitech-mx-vertical-mice\/#breadcrumblist"},"author":{"@id":"https:\/\/www.rucashk.com\/pt\/author\/admin\/#author"},"creator":{"@id":"https:\/\/www.rucashk.com\/pt\/author\/admin\/#author"},"image":{"@type":"ImageObject","url":"https:\/\/www.rucashk.com\/wp-content\/uploads\/2024\/01\/10001-2.webp","@id":"https:\/\/www.rucashk.com\/pt\/produto\/logitech-mx-vertical-mice\/#mainImage","width":800,"height":800},"primaryImageOfPage":{"@id":"https:\/\/www.rucashk.com\/pt\/produto\/logitech-mx-vertical-mice\/#mainImage"},"datePublished":"2024-01-09T16:35:08+00:00","dateModified":"2025-06-21T09:47:27+00:00"},{"@type":"WebSite","@id":"https:\/\/www.rucashk.com\/pt\/#website","url":"https:\/\/www.rucashk.com\/pt\/","name":"Rucas - Wholesale and distribution worldwide","alternateName":"Rucas - One-stop AIoT Distribution Worldwide","description":"One-stop AIoT Distribution Worldwide","inLanguage":"pt-PT","publisher":{"@id":"https:\/\/www.rucashk.com\/pt\/#organization"}}]}},"aioseo_meta_data":{"post_id":"26959","title":null,"description":null,"keywords":null,"keyphrases":null,"primary_term":null,"canonical_url":null,"og_title":null,"og_description":null,"og_object_type":"default","og_image_type":"default","og_image_url":null,"og_image_width":null,"og_image_height":null,"og_image_custom_url":null,"og_image_custom_fields":null,"og_video":"","og_custom_url":null,"og_article_section":null,"og_article_tags":null,"twitter_use_og":false,"twitter_card":"default","twitter_image_type":"default","twitter_image_url":null,"twitter_image_custom_url":null,"twitter_image_custom_fields":null,"twitter_title":null,"twitter_description":null,"schema":{"blockGraphs":[],"customGraphs":[],"default":{"data":{"Article":[],"Course":[],"Dataset":[],"FAQPage":[],"Movie":[],"Person":[],"Product":[],"Recipe":[],"Service":[],"SoftwareApplication":[],"WebPage":[]},"graphName":"","isEnabled":true},"graphs":[]},"schema_type":"default","schema_type_options":null,"pillar_content":false,"robots_default":true,"robots_noindex":false,"robots_noarchive":false,"robots_nosnippet":false,"robots_nofollow":false,"robots_noimageindex":false,"robots_noodp":false,"robots_notranslate":false,"robots_max_snippet":"-1","robots_max_videopreview":"-1","robots_max_imagepreview":"large","priority":null,"frequency":"default","local_seo":null,"breadcrumb_settings":null,"limit_modified_date":false,"created":"2024-04-11 01:57:21","updated":"2025-06-22 18:29:02"},"aioseo_breadcrumb":"<div class=\"aioseo-breadcrumbs\"><span class=\"aioseo-breadcrumb\">\n\t<a href=\"https:\/\/www.rucashk.com\/pt\" title=\"Home\">Home<\/a>\n<\/span><span class=\"aioseo-breadcrumb-separator\">&raquo;<\/span><span class=\"aioseo-breadcrumb\">\n\t<a href=\"https:\/\/www.rucashk.com\/pt\/products\/\" title=\"Produtos\">Produtos<\/a>\n<\/span><span class=\"aioseo-breadcrumb-separator\">&raquo;<\/span><span class=\"aioseo-breadcrumb\">\n\t<a href=\"https:\/\/www.rucashk.com\/pt\/marca\/logitech\/\" title=\"Logitech\">Logitech<\/a>\n<\/span><span class=\"aioseo-breadcrumb-separator\">&raquo;<\/span><span class=\"aioseo-breadcrumb\">\n\tLogitech MX VERTICAL Mice\n<\/span><\/div>","aioseo_breadcrumb_json":[{"label":"Home","link":"https:\/\/www.rucashk.com\/pt"},{"label":"Produtos","link":"https:\/\/www.rucashk.com\/pt\/products\/"},{"label":"Logitech","link":"https:\/\/www.rucashk.com\/pt\/marca\/logitech\/"},{"label":"Logitech MX VERTICAL Mice","link":"https:\/\/www.rucashk.com\/pt\/produto\/logitech-mx-vertical-mice\/"}],"_links":{"self":[{"href":"https:\/\/www.rucashk.com\/pt\/wp-json\/wp\/v2\/product\/26959","targetHints":{"allow":["GET"]}}],"collection":[{"href":"https:\/\/www.rucashk.com\/pt\/wp-json\/wp\/v2\/product"}],"about":[{"href":"https:\/\/www.rucashk.com\/pt\/wp-json\/wp\/v2\/types\/product"}],"wp:featuredmedia":[{"embeddable":true,"href":"https:\/\/www.rucashk.com\/pt\/wp-json\/wp\/v2\/media\/27111"}],"wp:attachment":[{"href":"https:\/\/www.rucashk.com\/pt\/wp-json\/wp\/v2\/media?parent=26959"}],"wp:term":[{"taxonomy":"product_brand","embeddable":true,"href":"https:\/\/www.rucashk.com\/pt\/wp-json\/wp\/v2\/product_brand?post=26959"},{"taxonomy":"product_cat","embeddable":true,"href":"https:\/\/www.rucashk.com\/pt\/wp-json\/wp\/v2\/product_cat?post=26959"},{"taxonomy":"product_tag","embeddable":true,"href":"https:\/\/www.rucashk.com\/pt\/wp-json\/wp\/v2\/product_tag?post=26959"}],"curies":[{"name":"wp","href":"https:\/\/api.w.org\/{rel}","templated":true}]}}