{"id":26889,"date":"2024-01-09T16:33:59","date_gmt":"2024-01-09T16:33:59","guid":{"rendered":"http:\/\/rucashk.com\/?post_type=product&#038;p=26889"},"modified":"2025-06-21T09:48:11","modified_gmt":"2025-06-21T09:48:11","slug":"blackview-airbuds-7-portable-wireless-bluetooth-headphones","status":"publish","type":"product","link":"https:\/\/www.rucashk.com\/pt\/produto\/blackview-airbuds-7-portable-wireless-bluetooth-headphones\/","title":{"rendered":"Fones de ouvido Bluetooth sem fio port\u00e1teis Blackview AirBuds 7"},"content":{"rendered":"<h1 style=\"text-align: center\">Vis\u00e3o Negra<br \/>\nAirBuds 7<\/h1>\n<p style=\"text-align: center\">Aqui espera por voc\u00ea uma gala musical envolvente<\/p>\n<p style=\"text-align: center\"><img decoding=\"async\" alt=\"Blackview AirBuds 7 Portable Wireless Bluetooth Headphones\" src=\"\/wp-content\/uploads\/replace\/11c486031ab13d6f46aa11566265c105.png\" \/><\/p>\n<h3 style=\"text-align: center\">Delicie-se com m\u00fasica sem ansiedade de bateria<\/h3>\n<p style=\"text-align: center\">Usu\u00e1rios pesados de fones de ouvido? O AirBuds 7 pode satisfazer a todos com uma bateria maior de 470mAh que oferece at\u00e9 6 horas de reprodu\u00e7\u00e3o de m\u00fasica com uma \u00fanica carga completa. Al\u00e9m disso, voc\u00ea obt\u00e9m quase 30 horas de autonomia com o estojo de carregamento, que oferece 4 a 5 vezes de carga para os fones de ouvido. Mergulhe na m\u00fasica o tempo todo.<\/p>\n<p style=\"text-align: center\"><img decoding=\"async\" alt=\"Blackview AirBuds 7 Portable Wireless Bluetooth Headphones\" src=\"\/wp-content\/uploads\/replace\/b68f9236af11fed04c8fb28ebbda9278.png\" \/><img decoding=\"async\" alt=\"Blackview AirBuds 7 Portable Wireless Bluetooth Headphones\" src=\"\/wp-content\/uploads\/replace\/bf0224b2e17364c339b940b70a489d0e.png\" \/><img decoding=\"async\" alt=\"Blackview AirBuds 7 Portable Wireless Bluetooth Headphones\" src=\"\/wp-content\/uploads\/replace\/a6e98b870bc085a8df848b862ea3bd1a.png\" \/><img decoding=\"async\" alt=\"Blackview AirBuds 7 Portable Wireless Bluetooth Headphones\" src=\"\/wp-content\/uploads\/replace\/43a61525497b71d0134ad9b53a5dd939.png\" \/><\/p>\n<h3 style=\"text-align: center\">Driver Din\u00e2mico de 13mm<br \/>\nRico em detalhesAgrad\u00e1vel em cada nota<\/h3>\n<p style=\"text-align: center\">O driver din\u00e2mico de 13 mm caracterizado por diafragmas compostos de tit\u00e2nio PU e Tl reproduz um som aut\u00eantico e v\u00edvido como no local. O AirBuds 7 captura \u00e1udio com precis\u00e3o em um campo mais amplo de frequ\u00eancias para agradar seus ouvidos e mente com agudos mais potentes, graves mais profundos e m\u00e9dios mais n\u00edtidos.<\/p>\n<p style=\"text-align: center\"><img decoding=\"async\" alt=\"Blackview AirBuds 7 Portable Wireless Bluetooth Headphones\" src=\"\/wp-content\/uploads\/replace\/cea7643efda648f767f50d32ec05ed4d.png\" \/><\/p>\n<h3 style=\"text-align: center\">Bloqueie automaticamente o ru\u00eddo sem import\u00e2ncia<\/h3>\n<p style=\"text-align: center\">Incorporando a tecnologia adaptativa de cancelamento de ru\u00eddo ambiental (ENC) de microfone duplo e o algoritmo de supress\u00e3o de ru\u00eddo de di\u00e1logo (DNS), o AirBuds 7 ativa automaticamente o modo de cancelamento de ru\u00eddo para eliminar todos os ru\u00eddos indesejados durante as chamadas, esteja voc\u00ea em um metr\u00f4 lotado, um supermercado movimentado ou perto. tr\u00e1fego alto.<\/p>\n<p style=\"text-align: center\"><img decoding=\"async\" alt=\"Blackview AirBuds 7 Portable Wireless Bluetooth Headphones\" src=\"\/wp-content\/uploads\/replace\/f7eeb095b6d680f7727cbee3ff6a7eb3.png\" \/><\/p>\n<h3 style=\"text-align: center\">Baixa lat\u00eancia, alta sincroniza\u00e7\u00e3o<\/h3>\n<p style=\"text-align: center\">Pressione o fone de ouvido direito por 2s para ativar o modo de jogo projetado para minimizar a lat\u00eancia de \u00e1udio durante o jogo. Mantenha o visual e o \u00e1udio sincronizados para garantir experi\u00eancias de jogo emocionantes.<\/p>\n<p style=\"text-align: center\"><img decoding=\"async\" alt=\"Blackview AirBuds 7 Portable Wireless Bluetooth Headphones\" src=\"\/wp-content\/uploads\/replace\/6678c31c4c38cbbf4decf2b8c73e28bd.png\" \/><\/p>\n<h3 style=\"text-align: center\">Maiores detalhesSom atualizado<\/h3>\n<p style=\"text-align: center\">O AirBuds 7 oferece melhor sensibilidade que seu antecessor em termos de drivers, produzindo m\u00fasica com muito mais rapidez e efici\u00eancia.<\/p>\n<h3 style=\"text-align: center\">Salpicos. Suor.<br \/>\nPingos de chuva?<br \/>\nN\u00e3o \u00e9 um problema.<\/h3>\n<p style=\"text-align: center\">Os AirBuds 7 s\u00e3o mais resistentes do que voc\u00ea esperaria. Com a resist\u00eancia \u00e0 \u00e1gua IPX7, voc\u00ea vai gostar da companhia dos AirBuds 7, seja sob chuva forte ou exerc\u00edcios intensos na academia.<\/p>\n<p style=\"text-align: center\"><img decoding=\"async\" alt=\"Blackview AirBuds 7 Portable Wireless Bluetooth Headphones\" src=\"\/wp-content\/uploads\/replace\/0b868630b09dc532cefe27e278fe2f35.png\" \/><\/p>\n<h3 style=\"text-align: center\">Emparelhado de uma vez por todas<\/h3>\n<p style=\"text-align: center\">Ao abrir o estojo de carregamento e retirar os fones de ouvido, a dupla ser\u00e1 ativada automaticamente. Ap\u00f3s o primeiro emparelhamento com seu smartphone, os fones de ouvido retomar\u00e3o a conex\u00e3o autom\u00e1tica com seus telefones. Apenas emparelhe uma vez e voc\u00ea estar\u00e1 livre da bagatela da conex\u00e3o.<\/p>\n<p style=\"text-align: center\"><img decoding=\"async\" alt=\"Blackview AirBuds 7 Portable Wireless Bluetooth Headphones\" src=\"\/wp-content\/uploads\/replace\/77f9b2d1d17d84b0410bc0ed75c7003e.png\" \/><img decoding=\"async\" alt=\"Blackview AirBuds 7 Portable Wireless Bluetooth Headphones\" src=\"\/wp-content\/uploads\/replace\/aecc3d116d6400cdca32f1971bcd0467.png\" \/><\/p>\n<h3 style=\"text-align: center\">Um visual inovador para definir a tend\u00eancia<\/h3>\n<p style=\"text-align: center\">O elegante estojo de carregamento se destaca da multid\u00e3o com um design refrescante em formato de ret\u00e2ngulo arredondado. Sinta suas curvas simplificadas e acabamento fosco confort\u00e1vel nas palmas das m\u00e3os com alegria vertiginosa. Uma tela LED inteligente na frente que indica o n\u00edvel da bateria do case ou dos fones de ouvido elimina a ansiedade da bateria de uma vez por todas.<\/p>\n<p style=\"text-align: center\"><img decoding=\"async\" alt=\"Blackview AirBuds 7 Portable Wireless Bluetooth Headphones\" src=\"\/wp-content\/uploads\/replace\/0cafcf64700de5623af5dd758d310196.png\" \/><\/p>\n<h3 style=\"text-align: center\">Destinado a Otimizado<\/h3>\n<h3 style=\"text-align: center\">Prazer de \u00e1udio<\/h3>\n<p style=\"text-align: center\">Ap\u00f3s testes massivos para melhorar a experi\u00eancia de uso dos AirBuds 7 em milhares de usu\u00e1rios, os fones de ouvido foram projetados para se ajustarem perfeitamente e perfeitamente aos ouvidos, com press\u00e3o m\u00ednima e conforto m\u00e1ximo, independentemente dos v\u00e1rios contornos dos ouvidos.<\/p>\n<p style=\"text-align: center\"><img decoding=\"async\" alt=\"Blackview AirBuds 7 Portable Wireless Bluetooth Headphones\" src=\"\/wp-content\/uploads\/replace\/9ed3fc209764950350d317dac0fbdeed.png\" \/><\/p>\n<h3 style=\"text-align: center\">Toque inteligente para operar<br \/>\nToque leve, controle inteligente<\/h3>\n<p style=\"text-align: center\">O AirBuds 7 oferece controle intuitivo sobre si mesmo com etapas de toque f\u00e1ceis de operar. N\u00e3o h\u00e1 necessidade de tirar o smartphone do bolso ou da bolsa, porque apenas simples toques leves nos fones de ouvido podem fazer muito mais por voc\u00ea.<\/p>\n<p style=\"text-align: center\"><img decoding=\"async\" alt=\"Blackview AirBuds 7 Portable Wireless Bluetooth Headphones\" src=\"\/wp-content\/uploads\/replace\/7768f925fcdc76ea2ac35876b82be796.png\" \/><\/p>\n<h3 style=\"text-align: center\">Compat\u00edvel com Android e iOS e HarmonyOS<\/h3>\n<p style=\"text-align: center\">O AirBuds 7 atende \u00e0s necessidades dos usu\u00e1rios de Android, iOS e HarmonyOS, proporcionando m\u00fasica ininterrupta entre v\u00e1rios dispositivos inteligentes.<\/p>\n<p style=\"text-align: center\"><img decoding=\"async\" alt=\"Blackview AirBuds 7 Portable Wireless Bluetooth Headphones\" src=\"\/wp-content\/uploads\/replace\/17bf7757eea8fe310914530341814da0.png\" \/><img decoding=\"async\" alt=\"Blackview AirBuds 7 Portable Wireless Bluetooth Headphones\" src=\"\/wp-content\/uploads\/replace\/5a21d74b9a98e86b5267f115da4f9869.png\" \/><\/p>\n<div class=\"title--wrap--wDzGayX\">\n<div class=\"title--text--Lx66GPw\">\n<h1 class=\"title--title--RN9Pt03\">Especifica\u00e7\u00f5es<\/h1>\n<\/div>\n<\/div>\n<ul class=\"specification--list--fiWsSyv\">\n<li class=\"specification--line--iUJOqof\">\n<div class=\"specification--prop--RejitI8\">\n<div class=\"specification--title--UbVeyic\">Material: Pl\u00e1stico<\/div>\n<\/div>\n<div class=\"specification--prop--RejitI8\">\n<div class=\"specification--title--UbVeyic\">Categoria: Fones de ouvido e fones de ouvido<\/div>\n<\/div>\n<\/li>\n<li class=\"specification--line--iUJOqof\">\n<div class=\"specification--prop--RejitI8\">\n<div class=\"specification--title--UbVeyic\">N\u00famero de drivers: 2<\/div>\n<\/div>\n<div class=\"specification--prop--RejitI8\">\n<div class=\"specification--title--UbVeyic\">Faixa de imped\u00e2ncia: at\u00e9 32 \u03a9<\/div>\n<\/div>\n<\/li>\n<li class=\"specification--line--iUJOqof\">\n<div class=\"specification--prop--RejitI8\">\n<div class=\"specification--title--UbVeyic\">Faixa de resposta de frequ\u00eancia: 20 - 20.000 Hz<\/div>\n<\/div>\n<div class=\"specification--prop--RejitI8\">\n<div class=\"specification--title--UbVeyic\">Cancelamento de ru\u00eddo ativo: Sim<\/div>\n<\/div>\n<\/li>\n<li class=\"specification--line--iUJOqof\">\n<div class=\"specification--prop--RejitI8\">\n<div class=\"specification--title--UbVeyic\">Controle de volume: N\u00e3o<\/div>\n<\/div>\n<div class=\"specification--prop--RejitI8\">\n<div class=\"specification--title--UbVeyic\">Bot\u00e3o de controle: Sim<\/div>\n<\/div>\n<\/li>\n<li class=\"specification--line--iUJOqof\">\n<div class=\"specification--prop--RejitI8\">\n<div class=\"specification--title--UbVeyic\">Princ\u00edpio do vocalismo: Din\u00e2mico<\/div>\n<\/div>\n<div class=\"specification--prop--RejitI8\">\n<div class=\"specification--title--UbVeyic\">Tipo sem fio: Bluetooth<\/div>\n<\/div>\n<\/li>\n<li class=\"specification--line--iUJOqof\">\n<div class=\"specification--prop--RejitI8\">\n<div class=\"specification--title--UbVeyic\">Comunica\u00e7\u00e3o: Sem fio<\/div>\n<\/div>\n<div class=\"specification--prop--RejitI8\">\n<div class=\"specification--title--UbVeyic\">Estilo: intra-auricular<\/div>\n<\/div>\n<\/li>\n<li class=\"specification--line--iUJOqof\">\n<div class=\"specification--prop--RejitI8\">\n<div class=\"specification--title--UbVeyic\">Origem:China Continental<\/div>\n<\/div>\n<div class=\"specification--prop--RejitI8\">\n<div class=\"specification--title--UbVeyic\">Marca:BLACKVIEW<\/div>\n<\/div>\n<\/li>\n<\/ul>","protected":false},"excerpt":{"rendered":"<ul>\n<li>Modo de jogo eficaz<\/li>\n<li>Display de energia LED<\/li>\n<li>Driver din\u00e2mico de 13mm<\/li>\n<li>Bateria grande de 470mAh<\/li>\n<li>Suporte para carregamento sem fio<\/li>\n<li>Redu\u00e7\u00e3o de ru\u00eddo ENC e DNS<\/li>\n<li>IPX7 \u00e0 prova d&#039;\u00e1gua<\/li>\n<li>Alta sensibilidade<\/li>\n<\/ul>","protected":false},"featured_media":27045,"template":"","meta":[],"product_brand":[1384],"product_cat":[1336,1322],"product_tag":[],"class_list":{"0":"post-26889","1":"product","2":"type-product","3":"status-publish","4":"has-post-thumbnail","6":"product_brand-blackview","7":"product_cat-blackview-other-a-brands","8":"product_cat-other-a-brands","10":"first","11":"instock","12":"shipping-taxable","13":"product-type-simple"},"aioseo_notices":[],"aioseo_head":"\n\t\t<!-- All in One SEO Pro 4.5.9.2 - aioseo.com -->\n\t\t<meta name=\"description\" content=\"Effective Game Mode LED Power Display 13mmDynamic Driver 470mAh Large Battery Wireless Charging Support ENC &amp; DNS Noise Reduction IPX7 Waterproof High Sensitivity\" \/>\n\t\t<meta name=\"robots\" content=\"max-image-preview:large\" \/>\n\t\t<link rel=\"canonical\" href=\"https:\/\/www.rucashk.com\/pt\/produto\/blackview-airbuds-7-portable-wireless-bluetooth-headphones\/\" \/>\n\t\t<meta name=\"generator\" content=\"All in One SEO Pro (AIOSEO) 4.5.9.2\" \/>\n\t\t<meta property=\"og:locale\" content=\"pt_PT\" \/>\n\t\t<meta property=\"og:site_name\" content=\"Rucas - One-stop AIoT Distribution Worldwide\" \/>\n\t\t<meta property=\"og:type\" content=\"article\" \/>\n\t\t<meta property=\"og:title\" content=\"Blackview AirBuds 7 Portable Wireless Bluetooth Headphones - Rucas - Wholesale and Distribution\" \/>\n\t\t<meta property=\"og:description\" content=\"Effective Game Mode LED Power Display 13mmDynamic Driver 470mAh Large Battery Wireless Charging Support ENC &amp; DNS Noise Reduction IPX7 Waterproof High Sensitivity\" \/>\n\t\t<meta property=\"og:url\" content=\"https:\/\/www.rucashk.com\/pt\/produto\/blackview-airbuds-7-portable-wireless-bluetooth-headphones\/\" \/>\n\t\t<meta property=\"og:image\" content=\"https:\/\/www.rucashk.com\/wp-content\/uploads\/replace\/503b8e645f128a97ccde2b6290747646.jpeg\" \/>\n\t\t<meta property=\"og:image:secure_url\" content=\"https:\/\/www.rucashk.com\/wp-content\/uploads\/replace\/503b8e645f128a97ccde2b6290747646.jpeg\" \/>\n\t\t<meta property=\"og:image:width\" content=\"1456\" \/>\n\t\t<meta property=\"og:image:height\" content=\"816\" \/>\n\t\t<meta property=\"article:published_time\" content=\"2024-01-09T16:33:59+00:00\" \/>\n\t\t<meta property=\"article:modified_time\" content=\"2025-06-21T09:48:11+00:00\" \/>\n\t\t<meta name=\"twitter:card\" content=\"summary_large_image\" \/>\n\t\t<meta name=\"twitter:title\" content=\"Blackview AirBuds 7 Portable Wireless Bluetooth Headphones - Rucas - Wholesale and Distribution\" \/>\n\t\t<meta name=\"twitter:description\" content=\"Effective Game Mode LED Power Display 13mmDynamic Driver 470mAh Large Battery Wireless Charging Support ENC &amp; DNS Noise Reduction IPX7 Waterproof High Sensitivity\" \/>\n\t\t<meta name=\"twitter:image\" content=\"https:\/\/www.rucashk.com\/wp-content\/uploads\/replace\/503b8e645f128a97ccde2b6290747646.jpeg\" \/>\n\t\t<script type=\"application\/ld+json\" class=\"aioseo-schema\">\n\t\t\t{\"@context\":\"https:\\\/\\\/schema.org\",\"@graph\":[{\"@type\":\"BreadcrumbList\",\"@id\":\"https:\\\/\\\/www.rucashk.com\\\/pt\\\/produto\\\/blackview-airbuds-7-portable-wireless-bluetooth-headphones\\\/#breadcrumblist\",\"itemListElement\":[{\"@type\":\"ListItem\",\"@id\":\"https:\\\/\\\/www.rucashk.com\\\/pt\\\/#listItem\",\"position\":1,\"name\":\"Home\",\"item\":\"https:\\\/\\\/www.rucashk.com\\\/pt\\\/\",\"nextItem\":\"https:\\\/\\\/www.rucashk.com\\\/pt\\\/produto\\\/blackview-airbuds-7-portable-wireless-bluetooth-headphones\\\/#listItem\"},{\"@type\":\"ListItem\",\"@id\":\"https:\\\/\\\/www.rucashk.com\\\/pt\\\/produto\\\/blackview-airbuds-7-portable-wireless-bluetooth-headphones\\\/#listItem\",\"position\":2,\"name\":\"Blackview AirBuds 7 Portable Wireless Bluetooth Headphones\",\"previousItem\":\"https:\\\/\\\/www.rucashk.com\\\/pt\\\/#listItem\"}]},{\"@type\":\"Organization\",\"@id\":\"https:\\\/\\\/www.rucashk.com\\\/pt\\\/#organization\",\"name\":\"Rucas\",\"url\":\"https:\\\/\\\/www.rucashk.com\\\/pt\\\/\",\"logo\":{\"@type\":\"ImageObject\",\"url\":\"https:\\\/\\\/www.rucashk.com\\\/wp-content\\\/uploads\\\/2023\\\/12\\\/Rucas_campany_logo.png\",\"@id\":\"https:\\\/\\\/www.rucashk.com\\\/pt\\\/produto\\\/blackview-airbuds-7-portable-wireless-bluetooth-headphones\\\/#organizationLogo\",\"width\":221,\"height\":65},\"image\":{\"@id\":\"https:\\\/\\\/www.rucashk.com\\\/pt\\\/#organizationLogo\"}},{\"@type\":\"Person\",\"@id\":\"https:\\\/\\\/www.rucashk.com\\\/pt\\\/author\\\/admin\\\/#author\",\"url\":\"https:\\\/\\\/www.rucashk.com\\\/pt\\\/author\\\/admin\\\/\",\"name\":\"admin\",\"image\":{\"@type\":\"ImageObject\",\"@id\":\"https:\\\/\\\/www.rucashk.com\\\/pt\\\/produto\\\/blackview-airbuds-7-portable-wireless-bluetooth-headphones\\\/#authorImage\",\"url\":\"https:\\\/\\\/secure.gravatar.com\\\/avatar\\\/b7c8925b09a27e72b30232f8ecaadbd5af0f70a38c78096863fe51b64f031c24?s=96&d=mm&r=g\",\"width\":96,\"height\":96,\"caption\":\"admin\"}},{\"@type\":\"WebPage\",\"@id\":\"https:\\\/\\\/www.rucashk.com\\\/pt\\\/produto\\\/blackview-airbuds-7-portable-wireless-bluetooth-headphones\\\/#webpage\",\"url\":\"https:\\\/\\\/www.rucashk.com\\\/pt\\\/produto\\\/blackview-airbuds-7-portable-wireless-bluetooth-headphones\\\/\",\"name\":\"Blackview AirBuds 7 Portable Wireless Bluetooth Headphones - Rucas - Wholesale and Distribution\",\"description\":\"Effective Game Mode LED Power Display 13mmDynamic Driver 470mAh Large Battery Wireless Charging Support ENC & DNS Noise Reduction IPX7 Waterproof High Sensitivity\",\"inLanguage\":\"pt-PT\",\"isPartOf\":{\"@id\":\"https:\\\/\\\/www.rucashk.com\\\/pt\\\/#website\"},\"breadcrumb\":{\"@id\":\"https:\\\/\\\/www.rucashk.com\\\/pt\\\/produto\\\/blackview-airbuds-7-portable-wireless-bluetooth-headphones\\\/#breadcrumblist\"},\"author\":{\"@id\":\"https:\\\/\\\/www.rucashk.com\\\/pt\\\/author\\\/admin\\\/#author\"},\"creator\":{\"@id\":\"https:\\\/\\\/www.rucashk.com\\\/pt\\\/author\\\/admin\\\/#author\"},\"image\":{\"@type\":\"ImageObject\",\"url\":\"https:\\\/\\\/www.rucashk.com\\\/wp-content\\\/uploads\\\/2024\\\/01\\\/10001-37.jpg\",\"@id\":\"https:\\\/\\\/www.rucashk.com\\\/pt\\\/produto\\\/blackview-airbuds-7-portable-wireless-bluetooth-headphones\\\/#mainImage\",\"width\":1200,\"height\":1200},\"primaryImageOfPage\":{\"@id\":\"https:\\\/\\\/www.rucashk.com\\\/pt\\\/produto\\\/blackview-airbuds-7-portable-wireless-bluetooth-headphones\\\/#mainImage\"},\"datePublished\":\"2024-01-09T16:33:59+00:00\",\"dateModified\":\"2025-06-21T09:48:11+00:00\"},{\"@type\":\"WebSite\",\"@id\":\"https:\\\/\\\/www.rucashk.com\\\/pt\\\/#website\",\"url\":\"https:\\\/\\\/www.rucashk.com\\\/pt\\\/\",\"name\":\"Rucas - Wholesale and distribution worldwide\",\"alternateName\":\"Rucas - One-stop AIoT Distribution Worldwide\",\"description\":\"One-stop AIoT Distribution Worldwide\",\"inLanguage\":\"pt-PT\",\"publisher\":{\"@id\":\"https:\\\/\\\/www.rucashk.com\\\/pt\\\/#organization\"}}]}\n\t\t<\/script>\n\t\t<!-- All in One SEO Pro -->\r\n\t\t<title>Blackview AirBuds 7 Portable Wireless Bluetooth Headphones - Rucas - Wholesale and Distribution<\/title>\n\n","aioseo_head_json":{"title":"Blackview AirBuds 7 Portable Wireless Bluetooth Headphones - Rucas - Wholesale and Distribution","description":"Effective Game Mode LED Power Display 13mmDynamic Driver 470mAh Large Battery Wireless Charging Support ENC & DNS Noise Reduction IPX7 Waterproof High Sensitivity","canonical_url":"https:\/\/www.rucashk.com\/pt\/produto\/blackview-airbuds-7-portable-wireless-bluetooth-headphones\/","robots":"max-image-preview:large","keywords":"","webmasterTools":{"miscellaneous":""},"og:locale":"pt_PT","og:site_name":"Rucas - One-stop AIoT Distribution Worldwide","og:type":"article","og:title":"Blackview AirBuds 7 Portable Wireless Bluetooth Headphones - Rucas - Wholesale and Distribution","og:description":"Effective Game Mode LED Power Display 13mmDynamic Driver 470mAh Large Battery Wireless Charging Support ENC &amp; DNS Noise Reduction IPX7 Waterproof High Sensitivity","og:url":"https:\/\/www.rucashk.com\/pt\/produto\/blackview-airbuds-7-portable-wireless-bluetooth-headphones\/","og:image":"https:\/\/www.rucashk.com\/wp-content\/uploads\/replace\/503b8e645f128a97ccde2b6290747646.jpeg","og:image:secure_url":"https:\/\/www.rucashk.com\/wp-content\/uploads\/replace\/503b8e645f128a97ccde2b6290747646.jpeg","og:image:width":1456,"og:image:height":816,"article:published_time":"2024-01-09T16:33:59+00:00","article:modified_time":"2025-06-21T09:48:11+00:00","twitter:card":"summary_large_image","twitter:title":"Blackview AirBuds 7 Portable Wireless Bluetooth Headphones - Rucas - Wholesale and Distribution","twitter:description":"Effective Game Mode LED Power Display 13mmDynamic Driver 470mAh Large Battery Wireless Charging Support ENC &amp; DNS Noise Reduction IPX7 Waterproof High Sensitivity","twitter:image":"https:\/\/www.rucashk.com\/wp-content\/uploads\/replace\/503b8e645f128a97ccde2b6290747646.jpeg","schema":{"@context":"https:\/\/schema.org","@graph":[{"@type":"BreadcrumbList","@id":"https:\/\/www.rucashk.com\/pt\/produto\/blackview-airbuds-7-portable-wireless-bluetooth-headphones\/#breadcrumblist","itemListElement":[{"@type":"ListItem","@id":"https:\/\/www.rucashk.com\/pt\/#listItem","position":1,"name":"Home","item":"https:\/\/www.rucashk.com\/pt\/","nextItem":"https:\/\/www.rucashk.com\/pt\/produto\/blackview-airbuds-7-portable-wireless-bluetooth-headphones\/#listItem"},{"@type":"ListItem","@id":"https:\/\/www.rucashk.com\/pt\/produto\/blackview-airbuds-7-portable-wireless-bluetooth-headphones\/#listItem","position":2,"name":"Blackview AirBuds 7 Portable Wireless Bluetooth Headphones","previousItem":"https:\/\/www.rucashk.com\/pt\/#listItem"}]},{"@type":"Organization","@id":"https:\/\/www.rucashk.com\/pt\/#organization","name":"Rucas","url":"https:\/\/www.rucashk.com\/pt\/","logo":{"@type":"ImageObject","url":"https:\/\/www.rucashk.com\/wp-content\/uploads\/2023\/12\/Rucas_campany_logo.png","@id":"https:\/\/www.rucashk.com\/pt\/produto\/blackview-airbuds-7-portable-wireless-bluetooth-headphones\/#organizationLogo","width":221,"height":65},"image":{"@id":"https:\/\/www.rucashk.com\/pt\/#organizationLogo"}},{"@type":"Person","@id":"https:\/\/www.rucashk.com\/pt\/author\/admin\/#author","url":"https:\/\/www.rucashk.com\/pt\/author\/admin\/","name":"admin","image":{"@type":"ImageObject","@id":"https:\/\/www.rucashk.com\/pt\/produto\/blackview-airbuds-7-portable-wireless-bluetooth-headphones\/#authorImage","url":"https:\/\/secure.gravatar.com\/avatar\/b7c8925b09a27e72b30232f8ecaadbd5af0f70a38c78096863fe51b64f031c24?s=96&d=mm&r=g","width":96,"height":96,"caption":"admin"}},{"@type":"WebPage","@id":"https:\/\/www.rucashk.com\/pt\/produto\/blackview-airbuds-7-portable-wireless-bluetooth-headphones\/#webpage","url":"https:\/\/www.rucashk.com\/pt\/produto\/blackview-airbuds-7-portable-wireless-bluetooth-headphones\/","name":"Blackview AirBuds 7 Portable Wireless Bluetooth Headphones - Rucas - Wholesale and Distribution","description":"Effective Game Mode LED Power Display 13mmDynamic Driver 470mAh Large Battery Wireless Charging Support ENC & DNS Noise Reduction IPX7 Waterproof High Sensitivity","inLanguage":"pt-PT","isPartOf":{"@id":"https:\/\/www.rucashk.com\/pt\/#website"},"breadcrumb":{"@id":"https:\/\/www.rucashk.com\/pt\/produto\/blackview-airbuds-7-portable-wireless-bluetooth-headphones\/#breadcrumblist"},"author":{"@id":"https:\/\/www.rucashk.com\/pt\/author\/admin\/#author"},"creator":{"@id":"https:\/\/www.rucashk.com\/pt\/author\/admin\/#author"},"image":{"@type":"ImageObject","url":"https:\/\/www.rucashk.com\/wp-content\/uploads\/2024\/01\/10001-37.jpg","@id":"https:\/\/www.rucashk.com\/pt\/produto\/blackview-airbuds-7-portable-wireless-bluetooth-headphones\/#mainImage","width":1200,"height":1200},"primaryImageOfPage":{"@id":"https:\/\/www.rucashk.com\/pt\/produto\/blackview-airbuds-7-portable-wireless-bluetooth-headphones\/#mainImage"},"datePublished":"2024-01-09T16:33:59+00:00","dateModified":"2025-06-21T09:48:11+00:00"},{"@type":"WebSite","@id":"https:\/\/www.rucashk.com\/pt\/#website","url":"https:\/\/www.rucashk.com\/pt\/","name":"Rucas - Wholesale and distribution worldwide","alternateName":"Rucas - One-stop AIoT Distribution Worldwide","description":"One-stop AIoT Distribution Worldwide","inLanguage":"pt-PT","publisher":{"@id":"https:\/\/www.rucashk.com\/pt\/#organization"}}]}},"aioseo_meta_data":{"post_id":"26889","title":null,"description":null,"keywords":null,"keyphrases":null,"primary_term":null,"canonical_url":null,"og_title":null,"og_description":null,"og_object_type":"default","og_image_type":"default","og_image_url":null,"og_image_width":null,"og_image_height":null,"og_image_custom_url":null,"og_image_custom_fields":null,"og_video":null,"og_custom_url":null,"og_article_section":null,"og_article_tags":null,"twitter_use_og":false,"twitter_card":"default","twitter_image_type":"default","twitter_image_url":null,"twitter_image_custom_url":null,"twitter_image_custom_fields":null,"twitter_title":null,"twitter_description":null,"schema":{"blockGraphs":[],"customGraphs":[],"default":{"data":{"Article":[],"Course":[],"Dataset":[],"FAQPage":[],"Movie":[],"Person":[],"Product":[],"Recipe":[],"Service":[],"SoftwareApplication":[],"WebPage":[]},"graphName":"","isEnabled":true},"graphs":[]},"schema_type":"default","schema_type_options":null,"pillar_content":false,"robots_default":true,"robots_noindex":false,"robots_noarchive":false,"robots_nosnippet":false,"robots_nofollow":false,"robots_noimageindex":false,"robots_noodp":false,"robots_notranslate":false,"robots_max_snippet":null,"robots_max_videopreview":null,"robots_max_imagepreview":"large","priority":null,"frequency":null,"local_seo":null,"breadcrumb_settings":null,"limit_modified_date":false,"created":"2024-04-11 01:57:21","updated":"2025-06-22 18:27:57"},"aioseo_breadcrumb":"<div class=\"aioseo-breadcrumbs\"><span class=\"aioseo-breadcrumb\">\n\t<a href=\"https:\/\/www.rucashk.com\/pt\" title=\"Home\">Home<\/a>\n<\/span><span class=\"aioseo-breadcrumb-separator\">&raquo;<\/span><span class=\"aioseo-breadcrumb\">\n\t<a href=\"https:\/\/www.rucashk.com\/pt\/products\/\" title=\"Produtos\">Produtos<\/a>\n<\/span><span class=\"aioseo-breadcrumb-separator\">&raquo;<\/span><span class=\"aioseo-breadcrumb\">\n\t<a href=\"https:\/\/www.rucashk.com\/pt\/marca\/blackview\/\" title=\"BlackView\">BlackView<\/a>\n<\/span><span class=\"aioseo-breadcrumb-separator\">&raquo;<\/span><span class=\"aioseo-breadcrumb\">\n\tBlackview AirBuds 7 Portable Wireless Bluetooth Headphones\n<\/span><\/div>","aioseo_breadcrumb_json":[{"label":"Home","link":"https:\/\/www.rucashk.com\/pt"},{"label":"Produtos","link":"https:\/\/www.rucashk.com\/pt\/products\/"},{"label":"BlackView","link":"https:\/\/www.rucashk.com\/pt\/marca\/blackview\/"},{"label":"Blackview AirBuds 7 Portable Wireless Bluetooth Headphones","link":"https:\/\/www.rucashk.com\/pt\/produto\/blackview-airbuds-7-portable-wireless-bluetooth-headphones\/"}],"_links":{"self":[{"href":"https:\/\/www.rucashk.com\/pt\/wp-json\/wp\/v2\/product\/26889","targetHints":{"allow":["GET"]}}],"collection":[{"href":"https:\/\/www.rucashk.com\/pt\/wp-json\/wp\/v2\/product"}],"about":[{"href":"https:\/\/www.rucashk.com\/pt\/wp-json\/wp\/v2\/types\/product"}],"wp:featuredmedia":[{"embeddable":true,"href":"https:\/\/www.rucashk.com\/pt\/wp-json\/wp\/v2\/media\/27045"}],"wp:attachment":[{"href":"https:\/\/www.rucashk.com\/pt\/wp-json\/wp\/v2\/media?parent=26889"}],"wp:term":[{"taxonomy":"product_brand","embeddable":true,"href":"https:\/\/www.rucashk.com\/pt\/wp-json\/wp\/v2\/product_brand?post=26889"},{"taxonomy":"product_cat","embeddable":true,"href":"https:\/\/www.rucashk.com\/pt\/wp-json\/wp\/v2\/product_cat?post=26889"},{"taxonomy":"product_tag","embeddable":true,"href":"https:\/\/www.rucashk.com\/pt\/wp-json\/wp\/v2\/product_tag?post=26889"}],"curies":[{"name":"wp","href":"https:\/\/api.w.org\/{rel}","templated":true}]}}