{"id":26886,"date":"2024-01-09T16:33:59","date_gmt":"2024-01-09T16:33:59","guid":{"rendered":"http:\/\/rucashk.com\/?post_type=product&#038;p=26886"},"modified":"2025-06-21T09:48:11","modified_gmt":"2025-06-21T09:48:11","slug":"blackview-a70-4g-smartphone","status":"publish","type":"product","link":"https:\/\/www.rucashk.com\/pt\/produto\/blackview-a70-4g-smartphone\/","title":{"rendered":"Smartphone Blackview A70 4G"},"content":{"rendered":"<h2 style=\"text-align: center\">A70<br \/>\nOr\u00e7amento Grande Rei da Bateria<\/h2>\n<p style=\"text-align: center\"><img decoding=\"async\" class=\"lazyloaded\" src=\"\/wp-content\/uploads\/replace\/9a184ee51041a72931a93a1e89bb1b83.jpeg\" alt=\"Blackview A70\" data-src=\"\/wp-content\/uploads\/replace\/9a184ee51041a72931a93a1e89bb1b83.jpeg\" \/><\/p>\n<h3 style=\"text-align: center\">Tudo atende \u00e0s suas necessidades di\u00e1rias<\/h3>\n<p style=\"text-align: center\"><img decoding=\"async\" class=\"lazyloaded\" src=\"\/wp-content\/uploads\/replace\/31a583aca6f94679accc9ba0bab1fdaf.jpeg\" alt=\"Blackview A70\" data-src=\"\/wp-content\/uploads\/replace\/31a583aca6f94679accc9ba0bab1fdaf.jpeg\" \/><\/p>\n<h3 style=\"text-align: center\">Bateria enorme de 5380mAh com tempo de espera super longo de at\u00e9 29 dias<\/h3>\n<p style=\"text-align: center\">Imagine um telefone com capacidade de bateria 30% acima da m\u00e9dia, o A70 permite que voc\u00ea passe facilmente de 2 a 3 dias com uma bateria de alta capacidade de 5380mAh. N\u00e3o h\u00e1 necessidade de trazer um banco de pot\u00eancia volumoso toda vez que voc\u00ea sair<\/p>\n<p style=\"text-align: center\"><img decoding=\"async\" class=\"lazyloaded\" src=\"\/wp-content\/uploads\/replace\/d50d5540fc2478afb665d5bf55a25373.jpeg\" alt=\"Blackview A70\" data-src=\"\/wp-content\/uploads\/replace\/d50d5540fc2478afb665d5bf55a25373.jpeg\" \/><\/p>\n<h3 style=\"text-align: center\">Fino e leve<\/h3>\n<p style=\"text-align: center\">O A70 permanece elegante enquanto mant\u00e9m uma bateria grande. S\u00e3o apenas 205g. E ainda consegue incluir uma impressionante bateria de 5380mAh. N\u00e3o queremos sacrificar a leveza e a portabilidade. Bateria enorme de 5380mAh. Verifique o resultado.<\/p>\n<p style=\"text-align: center\"><img decoding=\"async\" class=\"lazyloaded\" src=\"\/wp-content\/uploads\/replace\/86218b508491879366fbf7a0a05984ba.jpeg\" alt=\"Blackview A70\" data-src=\"\/wp-content\/uploads\/replace\/86218b508491879366fbf7a0a05984ba.jpeg\" \/><\/p>\n<h3 style=\"text-align: center\">Android 11Veja o que \u00e9 importante<\/h3>\n<p style=\"text-align: center\">Experimente o primeiro smartphone Android 11 do mundo. Sabemos que um 0S suave e intuitivo \u00e9 realmente importante para uma experi\u00eancia telef\u00f4nica incr\u00edvel. \u00c9 por isso que o A70 roda o Android 11 0S mais recente para oferecer o melhor.<\/p>\n<p style=\"text-align: center\"><img decoding=\"async\" class=\"lazyloaded\" src=\"\/wp-content\/uploads\/replace\/a44bafacd4a98eeba11fb5590c81cd7b.jpeg\" alt=\"Blackview A70\" data-src=\"\/wp-content\/uploads\/replace\/a44bafacd4a98eeba11fb5590c81cd7b.jpeg\" \/><\/p>\n<h3 style=\"text-align: center\">Processador Octa-core 3 GB de RAM + 32 GB de ROM Multitarefa sem esfor\u00e7o<\/h3>\n<p style=\"text-align: center\">Processador Octa-core com poder de processamento Al e velocidade de acesso aprimorada, permite que o A70 execute v\u00e1rios APPs e jogos ao mesmo tempo, garantindo uma experi\u00eancia mais suave e respostas mais r\u00e1pidas \u00e0s suas demandas.<\/p>\n<p style=\"text-align: center\"><img decoding=\"async\" class=\"lazyloaded\" src=\"\/wp-content\/uploads\/replace\/930c2fd586271cc633e47f539abe7b3e.jpeg\" alt=\"Blackview A70\" data-src=\"\/wp-content\/uploads\/replace\/930c2fd586271cc633e47f539abe7b3e.jpeg\" \/><\/p>\n<h3 style=\"text-align: center\">Tela maior, melhor visualiza\u00e7\u00e3o Tela imersiva de gota d\u2019\u00e1gua HD+ de 6.517\u2033<\/h3>\n<p style=\"text-align: center\">A nova tela de 6.517\u2033 apresenta uma propor\u00e7\u00e3o tela-corpo de 87.6% e uma impressionante propor\u00e7\u00e3o de 20:9<br \/>\npara um amplo campo de vis\u00e3o, permitindo visualizar mais conte\u00fado de uma s\u00f3 vez.<\/p>\n<p style=\"text-align: center\"><img decoding=\"async\" class=\"lazyloaded\" src=\"\/wp-content\/uploads\/replace\/f1ef54144d8fcbe509602e8792950415.jpeg\" alt=\"Blackview A70\" data-src=\"\/wp-content\/uploads\/replace\/f1ef54144d8fcbe509602e8792950415.jpeg\" \/><\/p>\n<h3 style=\"text-align: center\">Capture seu momento<\/h3>\n<p style=\"text-align: center\">O A70 vem com uma c\u00e2mera traseira Sony@ de 13 MP e uma c\u00e2mera frontal de 5 MP, permitindo capturar fotos incr\u00edveis e transformar o que voc\u00ea v\u00ea em imagens criativas. Com o sensor BSl para c\u00e2meras frontal e traseira, o desempenho com pouca luz tamb\u00e9m \u00e9 aprimorado.<\/p>\n<p style=\"text-align: center\"><img decoding=\"async\" class=\"lazyloaded\" src=\"\/wp-content\/uploads\/replace\/b457e1941d3c8dae7dac3a0fc2073aea.jpeg\" alt=\"Blackview A70\" data-src=\"\/wp-content\/uploads\/replace\/b457e1941d3c8dae7dac3a0fc2073aea.jpeg\" \/><\/p>\n<h3 style=\"text-align: center\">Reconhecimento de impress\u00e3o digital e desbloqueio facial de qualquer maneira<\/h3>\n<p style=\"text-align: center\">Mais seguro e r\u00e1pido, desbloqueia convenientemente seu telefone com um olhar ou apenas um toque. Reconhecimento facial, seguro e extremamente r\u00e1pido Sensor de impress\u00e3o digital montado na parte traseira, f\u00e1cil de alcan\u00e7ar<\/p>\n<p style=\"text-align: center\">\n<div class=\"box\" style=\"text-align: center\"><img decoding=\"async\" class=\"lazyloaded\" src=\"\/wp-content\/uploads\/replace\/fe9d167498caf8e0363aeefef8167ec5.jpeg\" alt=\"Blackview A70\" data-src=\"\/wp-content\/uploads\/replace\/fe9d167498caf8e0363aeefef8167ec5.jpeg\" \/><\/div>\n<h3 style=\"text-align: center\">Cart\u00f5es SIM duplos e expans\u00e3o de armazenamento<\/h3>\n<div style=\"text-align: center\">A70 apresenta um design de slot de cart\u00e3o 2+1. Use dois cart\u00f5es SIM ao mesmo tempo e expanda o armazenamento com um cart\u00e3o microSD.<\/div>\n<div style=\"text-align: center\"><\/div>\n<div class=\"box\"><img decoding=\"async\" class=\"lazyloaded aligncenter\" src=\"\/wp-content\/uploads\/replace\/fab8bd2452d8e939a36d7993a356228b.jpeg\" alt=\"Blackview A70\" data-src=\"\/wp-content\/uploads\/replace\/fab8bd2452d8e939a36d7993a356228b.jpeg\" \/><img decoding=\"async\" class=\"lazyloaded aligncenter\" src=\"\/wp-content\/uploads\/replace\/6c7852000770d9f993e5297e2a959686.jpeg\" alt=\"Blackview A70\" data-src=\"\/wp-content\/uploads\/replace\/6c7852000770d9f993e5297e2a959686.jpeg\" \/><\/div>\n<div>\n<div class=\"item\">\n<p class=\"spc-head\">Projeto<\/p>\n<div class=\"row item-box\">\n<div class=\"t4s-table-res-df\">\n<table>\n<tbody>\n<tr>\n<td>produtos<\/td>\n<td>A70<\/td>\n<\/tr>\n<tr>\n<td>SO<\/td>\n<td>Android 11.0<\/td>\n<\/tr>\n<tr>\n<td>Cor<\/td>\n<td>Preto, Vermelho, Azul, Verde<\/td>\n<\/tr>\n<tr>\n<td>Peso<\/td>\n<td>205g<\/td>\n<\/tr>\n<tr>\n<td>Dimens\u00f5es<\/td>\n<td>165,3*77,5*8,3mm<\/td>\n<\/tr>\n<\/tbody>\n<\/table>\n<\/div>\n<\/div>\n<\/div>\n<div class=\"item\">\n<p class=\"spc-head\">Tela<\/p>\n<div class=\"row item-box\">\n<div class=\"t4s-table-res-df\">\n<table>\n<tbody>\n<tr>\n<td>Tipo de painel<\/td>\n<td>IPS<\/td>\n<\/tr>\n<tr>\n<td>Resolu\u00e7\u00e3o de v\u00eddeo<\/td>\n<td>HD+IPS 20:9 720*1600<\/td>\n<\/tr>\n<tr>\n<td>Tamanho da tela<\/td>\n<td>6,517 polegadas<\/td>\n<\/tr>\n<tr>\n<td>Rela\u00e7\u00e3o tela-corpo (%)<\/td>\n<td>87.6%<\/td>\n<\/tr>\n<tr>\n<td>\u00c2ngulo de vis\u00e3o (H\/V)<\/td>\n<td>\u00c2ngulo completo<\/td>\n<\/tr>\n<tr>\n<td>PPI\/DPI<\/td>\n<td>270<\/td>\n<\/tr>\n<\/tbody>\n<\/table>\n<\/div>\n<\/div>\n<\/div>\n<div class=\"item\">\n<p class=\"spc-head\">Conectividade<\/p>\n<div class=\"row item-box\">\n<div class=\"t4s-table-res-df\">\n<table>\n<tbody>\n<tr>\n<td>WI-FI<\/td>\n<td>IEEE 802.11b\/g\/n<\/td>\n<\/tr>\n<tr>\n<td>Bluetooth<\/td>\n<td>V4.2<\/td>\n<\/tr>\n<tr>\n<td>2G<\/td>\n<td>B2(1900), B3(1800), B5(850), B8(900)<\/td>\n<\/tr>\n<tr>\n<td>3G<\/td>\n<td>B1\/B5\/B8<\/td>\n<\/tr>\n<tr>\n<td>4G<\/td>\n<td>FDD:B1\/B3\/B7\/B8\/B20 TDD:B40\/B41<\/td>\n<\/tr>\n<\/tbody>\n<\/table>\n<\/div>\n<p><a class=\"link-a\" href=\"https:\/\/www.blackview.hk\/network\" target=\"_blank\" rel=\"noopener\" aria-describedby=\"a11y-new-window-external-message\">Se voc\u00ea n\u00e3o sabe a frequ\u00eancia que seu pa\u00eds suporta, clique aqui.<\/a><\/p>\n<\/div>\n<\/div>\n<div class=\"item\">\n<p class=\"spc-head\">Hardware<\/p>\n<div class=\"row item-box\">\n<div class=\"t4s-table-res-df\">\n<table>\n<tbody>\n<tr>\n<td>CPU<\/td>\n<td>SC9863A<\/td>\n<\/tr>\n<tr>\n<td>Rel\u00f3gio da CPU<\/td>\n<td>Octa-n\u00facleo 1,6 GHz<\/td>\n<\/tr>\n<tr>\n<td>GPU<\/td>\n<td>IMG8322MP1<\/td>\n<\/tr>\n<tr>\n<td>BATER<\/td>\n<td>3GB<\/td>\n<\/tr>\n<tr>\n<td>Tipo de RAM<\/td>\n<td>DDR4X<\/td>\n<\/tr>\n<tr>\n<td>ROM<\/td>\n<td>32 GB<\/td>\n<\/tr>\n<tr>\n<td>Tipo de ROM<\/td>\n<td>eMMC<\/td>\n<\/tr>\n<tr>\n<td>Slot para cart\u00e3o TF<\/td>\n<td>Apoiar<\/td>\n<\/tr>\n<tr>\n<td>Capacidade m\u00e1xima do cart\u00e3o TF<\/td>\n<td>32 GB<\/td>\n<\/tr>\n<tr>\n<td>USB<\/td>\n<td>Micro 5 pinos<\/td>\n<\/tr>\n<\/tbody>\n<\/table>\n<\/div>\n<\/div>\n<\/div>\n<div class=\"item\">\n<p class=\"spc-head\">C\u00e2mera<\/p>\n<div class=\"row item-box\">\n<div class=\"t4s-table-res-df\">\n<table>\n<tbody>\n<tr>\n<td>C\u00e2mera frontal<\/td>\n<td>5 MP<\/td>\n<\/tr>\n<tr>\n<td>Sensor da c\u00e2mera frontal<\/td>\n<td>GC5035<\/td>\n<\/tr>\n<tr>\n<td>Flash Frontal<\/td>\n<td>N\u00c3O<\/td>\n<\/tr>\n<tr>\n<td>C\u00e2mera traseira<\/td>\n<td>13 MP<\/td>\n<\/tr>\n<tr>\n<td>Sensor da c\u00e2mera traseira<\/td>\n<td>IMX258<\/td>\n<\/tr>\n<tr>\n<td>Abertura da c\u00e2mera traseira<\/td>\n<td>f2.2<\/td>\n<\/tr>\n<tr>\n<td>Flash Traseiro<\/td>\n<td>SIM<\/td>\n<\/tr>\n<\/tbody>\n<\/table>\n<\/div>\n<\/div>\n<\/div>\n<div class=\"item\">\n<p class=\"spc-head\">Poder<\/p>\n<div class=\"row item-box\">\n<div class=\"t4s-table-res-df\">\n<table>\n<tbody>\n<tr>\n<td>Capacidade de carga<\/td>\n<td>5380mAh<\/td>\n<\/tr>\n<tr>\n<td>Corrente m\u00e1xima de carga<\/td>\n<td>5V 2A<\/td>\n<\/tr>\n<\/tbody>\n<\/table>\n<\/div>\n<\/div>\n<\/div>\n<div class=\"item\">\n<p class=\"spc-head\">Multim\u00eddia<\/p>\n<div class=\"row item-box\">\n<div class=\"t4s-table-res-df\">\n<table>\n<tbody>\n<tr>\n<td>V\u00eddeo<\/td>\n<td>mp43Gpmovmkv\u2026<\/td>\n<\/tr>\n<tr>\n<td>\u00c1udio<\/td>\n<td>flacapaac\u2026.<\/td>\n<\/tr>\n<tr>\n<td>Imagem<\/td>\n<td>jpegpnggifbmp<\/td>\n<\/tr>\n<\/tbody>\n<\/table>\n<\/div>\n<\/div>\n<\/div>\n<div class=\"item\">\n<p class=\"spc-head\">Caracter\u00edsticas<\/p>\n<div class=\"row item-box\">\n<div class=\"t4s-table-res-df\">\n<table>\n<tbody>\n<tr>\n<td>GPS<\/td>\n<td>GPS+GLONASS<\/td>\n<\/tr>\n<tr>\n<td>Sensores<\/td>\n<td>Proximidade, Luz, Sensor G<\/td>\n<\/tr>\n<tr>\n<td>Gesto<\/td>\n<td>N\u00c3O<\/td>\n<\/tr>\n<tr>\n<td>Girosc\u00f3pio<\/td>\n<td>N\u00c3O<\/td>\n<\/tr>\n<tr>\n<td>Magn\u00e9tico<\/td>\n<td>N\u00c3O<\/td>\n<\/tr>\n<tr>\n<td>Sal\u00e3o<\/td>\n<td>N\u00c3O<\/td>\n<\/tr>\n<tr>\n<td>Impress\u00e3o digital<\/td>\n<td>SIM<\/td>\n<\/tr>\n<tr>\n<td>RGB<\/td>\n<td>N\u00c3O<\/td>\n<\/tr>\n<tr>\n<td>NFC<\/td>\n<td>N\u00c3O<\/td>\n<\/tr>\n<tr>\n<td>Hotkont<\/td>\n<td>N\u00c3O<\/td>\n<\/tr>\n<tr>\n<td>Contador Coulomb<\/td>\n<td>N\u00c3O<\/td>\n<\/tr>\n<tr>\n<td>Carregamento sem fio<\/td>\n<td>N\u00c3O<\/td>\n<\/tr>\n<tr>\n<td>Tipo de cart\u00e3o SIM<\/td>\n<td>Dois nano cart\u00f5es<\/td>\n<\/tr>\n<tr>\n<td>FM<\/td>\n<td>SIM<\/td>\n<\/tr>\n<tr>\n<td>OTG<\/td>\n<td>N\u00c3O<\/td>\n<\/tr>\n<tr>\n<td>Tipo de tomada para fones de ouvido<\/td>\n<td>3,5 mm<\/td>\n<\/tr>\n<\/tbody>\n<\/table>\n<\/div>\n<\/div>\n<\/div>\n<\/div>","protected":false},"excerpt":{"rendered":"<p>\u27146.517&#8221; Waterdrop Screen<br \/>\n\u27145380mAh Big Battery<br \/>\n\u2714Latest Android 11.0<br \/>\n\u27143GB+32GB 13MP+ 5MP Camera<\/p>","protected":false},"featured_media":27025,"template":"","meta":[],"product_brand":[1384],"product_cat":[1295],"product_tag":[],"class_list":{"0":"post-26886","1":"product","2":"type-product","3":"status-publish","4":"has-post-thumbnail","6":"product_brand-blackview","7":"product_cat-mobile-phone","9":"first","10":"instock","11":"shipping-taxable","12":"product-type-simple"},"aioseo_notices":[],"aioseo_head":"\n\t\t<!-- All in One SEO Pro 4.5.9.2 - aioseo.com -->\n\t\t<meta name=\"description\" content=\"\u27146.517&#039;&#039; Waterdrop Screen \u27145380mAh Big Battery \u2714Latest Android 11.0 \u27143GB+32GB 13MP+ 5MP Camera\" \/>\n\t\t<meta name=\"robots\" content=\"max-image-preview:large\" \/>\n\t\t<link rel=\"canonical\" href=\"https:\/\/www.rucashk.com\/pt\/produto\/blackview-a70-4g-smartphone\/\" \/>\n\t\t<meta name=\"generator\" content=\"All in One SEO Pro (AIOSEO) 4.5.9.2\" \/>\n\t\t<meta property=\"og:locale\" content=\"pt_PT\" \/>\n\t\t<meta property=\"og:site_name\" content=\"Rucas - One-stop AIoT Distribution Worldwide\" \/>\n\t\t<meta property=\"og:type\" content=\"article\" \/>\n\t\t<meta property=\"og:title\" content=\"Blackview A70 4G Smartphone - Rucas - Wholesale and Distribution\" \/>\n\t\t<meta property=\"og:description\" content=\"\u27146.517&#039;&#039; Waterdrop Screen \u27145380mAh Big Battery \u2714Latest Android 11.0 \u27143GB+32GB 13MP+ 5MP Camera\" \/>\n\t\t<meta property=\"og:url\" content=\"https:\/\/www.rucashk.com\/pt\/produto\/blackview-a70-4g-smartphone\/\" \/>\n\t\t<meta property=\"og:image\" content=\"https:\/\/www.rucashk.com\/wp-content\/uploads\/replace\/503b8e645f128a97ccde2b6290747646.jpeg\" \/>\n\t\t<meta property=\"og:image:secure_url\" content=\"https:\/\/www.rucashk.com\/wp-content\/uploads\/replace\/503b8e645f128a97ccde2b6290747646.jpeg\" \/>\n\t\t<meta property=\"og:image:width\" content=\"1456\" \/>\n\t\t<meta property=\"og:image:height\" content=\"816\" \/>\n\t\t<meta property=\"article:published_time\" content=\"2024-01-09T16:33:59+00:00\" \/>\n\t\t<meta property=\"article:modified_time\" content=\"2025-06-21T09:48:11+00:00\" \/>\n\t\t<meta name=\"twitter:card\" content=\"summary_large_image\" \/>\n\t\t<meta name=\"twitter:title\" content=\"Blackview A70 4G Smartphone - Rucas - Wholesale and Distribution\" \/>\n\t\t<meta name=\"twitter:description\" content=\"\u27146.517&#039;&#039; Waterdrop Screen \u27145380mAh Big Battery \u2714Latest Android 11.0 \u27143GB+32GB 13MP+ 5MP Camera\" \/>\n\t\t<meta name=\"twitter:image\" content=\"https:\/\/www.rucashk.com\/wp-content\/uploads\/replace\/503b8e645f128a97ccde2b6290747646.jpeg\" \/>\n\t\t<script type=\"application\/ld+json\" class=\"aioseo-schema\">\n\t\t\t{\"@context\":\"https:\\\/\\\/schema.org\",\"@graph\":[{\"@type\":\"BreadcrumbList\",\"@id\":\"https:\\\/\\\/www.rucashk.com\\\/pt\\\/produto\\\/blackview-a70-4g-smartphone\\\/#breadcrumblist\",\"itemListElement\":[{\"@type\":\"ListItem\",\"@id\":\"https:\\\/\\\/www.rucashk.com\\\/pt\\\/#listItem\",\"position\":1,\"name\":\"Home\",\"item\":\"https:\\\/\\\/www.rucashk.com\\\/pt\\\/\",\"nextItem\":\"https:\\\/\\\/www.rucashk.com\\\/pt\\\/produto\\\/blackview-a70-4g-smartphone\\\/#listItem\"},{\"@type\":\"ListItem\",\"@id\":\"https:\\\/\\\/www.rucashk.com\\\/pt\\\/produto\\\/blackview-a70-4g-smartphone\\\/#listItem\",\"position\":2,\"name\":\"Blackview A70 4G Smartphone\",\"previousItem\":\"https:\\\/\\\/www.rucashk.com\\\/pt\\\/#listItem\"}]},{\"@type\":\"Organization\",\"@id\":\"https:\\\/\\\/www.rucashk.com\\\/pt\\\/#organization\",\"name\":\"Rucas\",\"url\":\"https:\\\/\\\/www.rucashk.com\\\/pt\\\/\",\"logo\":{\"@type\":\"ImageObject\",\"url\":\"https:\\\/\\\/www.rucashk.com\\\/wp-content\\\/uploads\\\/2023\\\/12\\\/Rucas_campany_logo.png\",\"@id\":\"https:\\\/\\\/www.rucashk.com\\\/pt\\\/produto\\\/blackview-a70-4g-smartphone\\\/#organizationLogo\",\"width\":221,\"height\":65},\"image\":{\"@id\":\"https:\\\/\\\/www.rucashk.com\\\/pt\\\/#organizationLogo\"}},{\"@type\":\"Person\",\"@id\":\"https:\\\/\\\/www.rucashk.com\\\/pt\\\/author\\\/admin\\\/#author\",\"url\":\"https:\\\/\\\/www.rucashk.com\\\/pt\\\/author\\\/admin\\\/\",\"name\":\"admin\",\"image\":{\"@type\":\"ImageObject\",\"@id\":\"https:\\\/\\\/www.rucashk.com\\\/pt\\\/produto\\\/blackview-a70-4g-smartphone\\\/#authorImage\",\"url\":\"https:\\\/\\\/secure.gravatar.com\\\/avatar\\\/b7c8925b09a27e72b30232f8ecaadbd5af0f70a38c78096863fe51b64f031c24?s=96&d=mm&r=g\",\"width\":96,\"height\":96,\"caption\":\"admin\"}},{\"@type\":\"WebPage\",\"@id\":\"https:\\\/\\\/www.rucashk.com\\\/pt\\\/produto\\\/blackview-a70-4g-smartphone\\\/#webpage\",\"url\":\"https:\\\/\\\/www.rucashk.com\\\/pt\\\/produto\\\/blackview-a70-4g-smartphone\\\/\",\"name\":\"Blackview A70 4G Smartphone - Rucas - Wholesale and Distribution\",\"description\":\"\\u27146.517'' Waterdrop Screen \\u27145380mAh Big Battery \\u2714Latest Android 11.0 \\u27143GB+32GB 13MP+ 5MP Camera\",\"inLanguage\":\"pt-PT\",\"isPartOf\":{\"@id\":\"https:\\\/\\\/www.rucashk.com\\\/pt\\\/#website\"},\"breadcrumb\":{\"@id\":\"https:\\\/\\\/www.rucashk.com\\\/pt\\\/produto\\\/blackview-a70-4g-smartphone\\\/#breadcrumblist\"},\"author\":{\"@id\":\"https:\\\/\\\/www.rucashk.com\\\/pt\\\/author\\\/admin\\\/#author\"},\"creator\":{\"@id\":\"https:\\\/\\\/www.rucashk.com\\\/pt\\\/author\\\/admin\\\/#author\"},\"image\":{\"@type\":\"ImageObject\",\"url\":\"https:\\\/\\\/www.rucashk.com\\\/wp-content\\\/uploads\\\/2024\\\/01\\\/10002-34.jpg\",\"@id\":\"https:\\\/\\\/www.rucashk.com\\\/pt\\\/produto\\\/blackview-a70-4g-smartphone\\\/#mainImage\",\"width\":1200,\"height\":1200},\"primaryImageOfPage\":{\"@id\":\"https:\\\/\\\/www.rucashk.com\\\/pt\\\/produto\\\/blackview-a70-4g-smartphone\\\/#mainImage\"},\"datePublished\":\"2024-01-09T16:33:59+00:00\",\"dateModified\":\"2025-06-21T09:48:11+00:00\"},{\"@type\":\"WebSite\",\"@id\":\"https:\\\/\\\/www.rucashk.com\\\/pt\\\/#website\",\"url\":\"https:\\\/\\\/www.rucashk.com\\\/pt\\\/\",\"name\":\"Rucas - Wholesale and distribution worldwide\",\"alternateName\":\"Rucas - One-stop AIoT Distribution Worldwide\",\"description\":\"One-stop AIoT Distribution Worldwide\",\"inLanguage\":\"pt-PT\",\"publisher\":{\"@id\":\"https:\\\/\\\/www.rucashk.com\\\/pt\\\/#organization\"}}]}\n\t\t<\/script>\n\t\t<!-- All in One SEO Pro -->\r\n\t\t<title>Blackview A70 4G Smartphone - Rucas - Wholesale and Distribution<\/title>\n\n","aioseo_head_json":{"title":"Blackview A70 4G Smartphone - Rucas - Wholesale and Distribution","description":"\u27146.517'' Waterdrop Screen \u27145380mAh Big Battery \u2714Latest Android 11.0 \u27143GB+32GB 13MP+ 5MP Camera","canonical_url":"https:\/\/www.rucashk.com\/pt\/produto\/blackview-a70-4g-smartphone\/","robots":"max-image-preview:large","keywords":"","webmasterTools":{"miscellaneous":""},"og:locale":"pt_PT","og:site_name":"Rucas - One-stop AIoT Distribution Worldwide","og:type":"article","og:title":"Blackview A70 4G Smartphone - Rucas - Wholesale and Distribution","og:description":"\u27146.517'' Waterdrop Screen \u27145380mAh Big Battery \u2714Latest Android 11.0 \u27143GB+32GB 13MP+ 5MP Camera","og:url":"https:\/\/www.rucashk.com\/pt\/produto\/blackview-a70-4g-smartphone\/","og:image":"https:\/\/www.rucashk.com\/wp-content\/uploads\/replace\/503b8e645f128a97ccde2b6290747646.jpeg","og:image:secure_url":"https:\/\/www.rucashk.com\/wp-content\/uploads\/replace\/503b8e645f128a97ccde2b6290747646.jpeg","og:image:width":1456,"og:image:height":816,"article:published_time":"2024-01-09T16:33:59+00:00","article:modified_time":"2025-06-21T09:48:11+00:00","twitter:card":"summary_large_image","twitter:title":"Blackview A70 4G Smartphone - Rucas - Wholesale and Distribution","twitter:description":"\u27146.517'' Waterdrop Screen \u27145380mAh Big Battery \u2714Latest Android 11.0 \u27143GB+32GB 13MP+ 5MP Camera","twitter:image":"https:\/\/www.rucashk.com\/wp-content\/uploads\/replace\/503b8e645f128a97ccde2b6290747646.jpeg","schema":{"@context":"https:\/\/schema.org","@graph":[{"@type":"BreadcrumbList","@id":"https:\/\/www.rucashk.com\/pt\/produto\/blackview-a70-4g-smartphone\/#breadcrumblist","itemListElement":[{"@type":"ListItem","@id":"https:\/\/www.rucashk.com\/pt\/#listItem","position":1,"name":"Home","item":"https:\/\/www.rucashk.com\/pt\/","nextItem":"https:\/\/www.rucashk.com\/pt\/produto\/blackview-a70-4g-smartphone\/#listItem"},{"@type":"ListItem","@id":"https:\/\/www.rucashk.com\/pt\/produto\/blackview-a70-4g-smartphone\/#listItem","position":2,"name":"Blackview A70 4G Smartphone","previousItem":"https:\/\/www.rucashk.com\/pt\/#listItem"}]},{"@type":"Organization","@id":"https:\/\/www.rucashk.com\/pt\/#organization","name":"Rucas","url":"https:\/\/www.rucashk.com\/pt\/","logo":{"@type":"ImageObject","url":"https:\/\/www.rucashk.com\/wp-content\/uploads\/2023\/12\/Rucas_campany_logo.png","@id":"https:\/\/www.rucashk.com\/pt\/produto\/blackview-a70-4g-smartphone\/#organizationLogo","width":221,"height":65},"image":{"@id":"https:\/\/www.rucashk.com\/pt\/#organizationLogo"}},{"@type":"Person","@id":"https:\/\/www.rucashk.com\/pt\/author\/admin\/#author","url":"https:\/\/www.rucashk.com\/pt\/author\/admin\/","name":"admin","image":{"@type":"ImageObject","@id":"https:\/\/www.rucashk.com\/pt\/produto\/blackview-a70-4g-smartphone\/#authorImage","url":"https:\/\/secure.gravatar.com\/avatar\/b7c8925b09a27e72b30232f8ecaadbd5af0f70a38c78096863fe51b64f031c24?s=96&d=mm&r=g","width":96,"height":96,"caption":"admin"}},{"@type":"WebPage","@id":"https:\/\/www.rucashk.com\/pt\/produto\/blackview-a70-4g-smartphone\/#webpage","url":"https:\/\/www.rucashk.com\/pt\/produto\/blackview-a70-4g-smartphone\/","name":"Blackview A70 4G Smartphone - Rucas - Wholesale and Distribution","description":"\u27146.517'' Waterdrop Screen \u27145380mAh Big Battery \u2714Latest Android 11.0 \u27143GB+32GB 13MP+ 5MP Camera","inLanguage":"pt-PT","isPartOf":{"@id":"https:\/\/www.rucashk.com\/pt\/#website"},"breadcrumb":{"@id":"https:\/\/www.rucashk.com\/pt\/produto\/blackview-a70-4g-smartphone\/#breadcrumblist"},"author":{"@id":"https:\/\/www.rucashk.com\/pt\/author\/admin\/#author"},"creator":{"@id":"https:\/\/www.rucashk.com\/pt\/author\/admin\/#author"},"image":{"@type":"ImageObject","url":"https:\/\/www.rucashk.com\/wp-content\/uploads\/2024\/01\/10002-34.jpg","@id":"https:\/\/www.rucashk.com\/pt\/produto\/blackview-a70-4g-smartphone\/#mainImage","width":1200,"height":1200},"primaryImageOfPage":{"@id":"https:\/\/www.rucashk.com\/pt\/produto\/blackview-a70-4g-smartphone\/#mainImage"},"datePublished":"2024-01-09T16:33:59+00:00","dateModified":"2025-06-21T09:48:11+00:00"},{"@type":"WebSite","@id":"https:\/\/www.rucashk.com\/pt\/#website","url":"https:\/\/www.rucashk.com\/pt\/","name":"Rucas - Wholesale and distribution worldwide","alternateName":"Rucas - One-stop AIoT Distribution Worldwide","description":"One-stop AIoT Distribution Worldwide","inLanguage":"pt-PT","publisher":{"@id":"https:\/\/www.rucashk.com\/pt\/#organization"}}]}},"aioseo_meta_data":{"post_id":"26886","title":null,"description":null,"keywords":null,"keyphrases":null,"primary_term":null,"canonical_url":null,"og_title":null,"og_description":null,"og_object_type":"default","og_image_type":"default","og_image_url":null,"og_image_width":null,"og_image_height":null,"og_image_custom_url":null,"og_image_custom_fields":null,"og_video":null,"og_custom_url":null,"og_article_section":null,"og_article_tags":null,"twitter_use_og":false,"twitter_card":"default","twitter_image_type":"default","twitter_image_url":null,"twitter_image_custom_url":null,"twitter_image_custom_fields":null,"twitter_title":null,"twitter_description":null,"schema":{"blockGraphs":[],"customGraphs":[],"default":{"data":{"Article":[],"Course":[],"Dataset":[],"FAQPage":[],"Movie":[],"Person":[],"Product":[],"Recipe":[],"Service":[],"SoftwareApplication":[],"WebPage":[]},"graphName":"","isEnabled":true},"graphs":[]},"schema_type":"default","schema_type_options":null,"pillar_content":false,"robots_default":true,"robots_noindex":false,"robots_noarchive":false,"robots_nosnippet":false,"robots_nofollow":false,"robots_noimageindex":false,"robots_noodp":false,"robots_notranslate":false,"robots_max_snippet":null,"robots_max_videopreview":null,"robots_max_imagepreview":"large","priority":null,"frequency":null,"local_seo":null,"breadcrumb_settings":null,"limit_modified_date":false,"created":"2024-04-11 01:57:21","updated":"2025-06-22 18:27:55"},"aioseo_breadcrumb":"<div class=\"aioseo-breadcrumbs\"><span class=\"aioseo-breadcrumb\">\n\t<a href=\"https:\/\/www.rucashk.com\/pt\" title=\"Home\">Home<\/a>\n<\/span><span class=\"aioseo-breadcrumb-separator\">&raquo;<\/span><span class=\"aioseo-breadcrumb\">\n\t<a href=\"https:\/\/www.rucashk.com\/pt\/products\/\" title=\"Produtos\">Produtos<\/a>\n<\/span><span class=\"aioseo-breadcrumb-separator\">&raquo;<\/span><span class=\"aioseo-breadcrumb\">\n\t<a href=\"https:\/\/www.rucashk.com\/pt\/marca\/blackview\/\" title=\"BlackView\">BlackView<\/a>\n<\/span><span class=\"aioseo-breadcrumb-separator\">&raquo;<\/span><span class=\"aioseo-breadcrumb\">\n\tBlackview A70 4G Smartphone\n<\/span><\/div>","aioseo_breadcrumb_json":[{"label":"Home","link":"https:\/\/www.rucashk.com\/pt"},{"label":"Produtos","link":"https:\/\/www.rucashk.com\/pt\/products\/"},{"label":"BlackView","link":"https:\/\/www.rucashk.com\/pt\/marca\/blackview\/"},{"label":"Blackview A70 4G Smartphone","link":"https:\/\/www.rucashk.com\/pt\/produto\/blackview-a70-4g-smartphone\/"}],"_links":{"self":[{"href":"https:\/\/www.rucashk.com\/pt\/wp-json\/wp\/v2\/product\/26886","targetHints":{"allow":["GET"]}}],"collection":[{"href":"https:\/\/www.rucashk.com\/pt\/wp-json\/wp\/v2\/product"}],"about":[{"href":"https:\/\/www.rucashk.com\/pt\/wp-json\/wp\/v2\/types\/product"}],"wp:featuredmedia":[{"embeddable":true,"href":"https:\/\/www.rucashk.com\/pt\/wp-json\/wp\/v2\/media\/27025"}],"wp:attachment":[{"href":"https:\/\/www.rucashk.com\/pt\/wp-json\/wp\/v2\/media?parent=26886"}],"wp:term":[{"taxonomy":"product_brand","embeddable":true,"href":"https:\/\/www.rucashk.com\/pt\/wp-json\/wp\/v2\/product_brand?post=26886"},{"taxonomy":"product_cat","embeddable":true,"href":"https:\/\/www.rucashk.com\/pt\/wp-json\/wp\/v2\/product_cat?post=26886"},{"taxonomy":"product_tag","embeddable":true,"href":"https:\/\/www.rucashk.com\/pt\/wp-json\/wp\/v2\/product_tag?post=26886"}],"curies":[{"name":"wp","href":"https:\/\/api.w.org\/{rel}","templated":true}]}}