{"id":26827,"date":"2024-01-09T16:33:12","date_gmt":"2024-01-09T16:33:12","guid":{"rendered":"http:\/\/rucashk.com\/?post_type=product&#038;p=26827"},"modified":"2025-06-21T10:02:06","modified_gmt":"2025-06-21T10:02:06","slug":"logitech-m325s-wireless-mouse-mice","status":"publish","type":"product","link":"https:\/\/www.rucashk.com\/pt\/produto\/logitech-m325s-wireless-mouse-mice\/","title":{"rendered":"Ratos MOUSE SEM FIO Logitech M325S"},"content":{"rendered":"<div class=\"section-container-wrapper\">\n<div class=\"pangea-cmp section-container js-pangea-section-container aem-margin-options dbgsize-cover tbgsize-cover mbgsize-cover dbgpos-center tbgpos-center mbgpos-center\" data-aem-id=\"section_974275877_co-i2ea446754eb1048f5ebcbc1371ef0e03\">\n<div class=\"content-ctn aem-content-ctn container\">\n<div class=\"aem-padding-options dptm dpbl tptm tpbl mptm mpbl\" data-aem-id=\"section_974275877_co-i2ea446754eb1048f5ebcbc1371ef0e03-padding-options\">\n<div class=\"pangea-cmp body-copy js-pangea-body-copy aem-margin-options font-size-normal font-brown-light dc-kohle tc-kohle mc-kohle\" data-aem-id=\"text_editable-i5546e0553df67bf134e8f49ae7f2b0d8\" data-align-desktop=\"center\" data-align-tablet=\"center\" data-align-mobile=\"center\" data-body-size=\"font-size-normal\">\n<div class=\"aem-content-ctn container\">\n<div class=\"aem-padding-options\" data-aem-id=\"text_editable-i5546e0553df67bf134e8f49ae7f2b0d8-padding-options\">\n<div class=\"content-ctn rte-field text-width-normal\">\n<h2 class=\"body-copy-title font-title-l font-brown-bold\" style=\"text-align: center\">PEQUENO, MAS PODEROSO<\/h2>\n<p style=\"text-align: center\">Trabalhe em qualquer lugar com este pequeno mouse port\u00e1til. O tamanho do M325S o torna ideal para usu\u00e1rios com m\u00e3os menores \u2013 incluindo crian\u00e7as \u2013 ou espa\u00e7os de trabalho limitados. A roda de rolagem e inclina\u00e7\u00e3o microprecisa fornece a velocidade e a precis\u00e3o que voc\u00ea precisa. F\u00e1cil de usar e compat\u00edvel com todos os principais sistemas operacionais, fica pronto para funcionar em segundos e dura at\u00e9 18 meses sem trocar as baterias.<\/p>\n<\/div>\n<\/div>\n<p style=\"text-align: center\"><img decoding=\"async\" src=\"\/wp-content\/uploads\/replace\/d33e2699140f0cc517f13caebd6b7e9b.jpeg\" alt=\"000000000101416288_5_800x800\" \/><\/p>\n<\/div>\n<\/div>\n<\/div>\n<\/div>\n<\/div>\n<\/div>\n<div class=\"section-container-wrapper\">\n<div class=\"pangea-cmp section-container js-pangea-section-container aem-margin-options dbgsize-cover tbgsize-cover mbgsize-cover dbgpos-center tbgpos-center mbgpos-center\" data-aem-id=\"section_2012518749_c-i503c9b8b111be9e721a64777375a1892\">\n<div class=\"content-ctn aem-content-ctn no-container\">\n<div class=\"aem-padding-options dpts dpbs tpts tpbs mpts mpbs\" data-aem-id=\"section_2012518749_c-i503c9b8b111be9e721a64777375a1892-padding-options\">\n<section class=\"pangea-cmp checkerboard js-pangea-checkerboard-ctn aem-margin-options pangea-inited\" data-layout=\"staggered\" data-first-row=\"media-left\" data-theme-desktop=\"theme-light\" data-theme-tablet=\"theme-light\" data-theme-mobile=\"theme-light\" data-aem-id=\"checkerboard_contain-i931da21192273ba8b030005fe31eebdc\">\n<section class=\"checkerboard-row js-checkerboard-row in-view\" aria-label=\"FORMA CONFORT\u00c1VEL, DESIGN COMPACTO\" data-theme-desktop=\"theme-dark\" data-theme-tablet=\"theme-dark\" data-theme-mobile=\"theme-dark\">\n<div class=\"container-xl\">\n<div class=\"grid checkerboard-wrap\">\n<div class=\"text-portion\">\n<div class=\"copy rte-field\">\n<h2 class=\"h3\" style=\"text-align: center\">FORMA CONFORT\u00c1VEL, DESIGN COMPACTO<\/h2>\n<p style=\"text-align: center\">Mantenha-se produtivo por mais tempo gra\u00e7as ao formato confort\u00e1vel e contornado que segue a curva natural da sua m\u00e3o. Compacto e sem fio, o M325S cabe facilmente no seu laptop em uma bolsa, o que o torna \u00f3timo para trabalhar em tr\u00e2nsito e estudar em casa. Ele tamb\u00e9m foi projetado para usu\u00e1rios destros e canhotos, permitindo que voc\u00ea alterne o clique esquerdo e direito por meio do aplicativo Logi Options+<\/p>\n<div class=\"cta-container\"><\/div>\n<\/div>\n<\/div>\n<\/div>\n<\/div>\n<\/section>\n<section class=\"checkerboard-row js-checkerboard-row in-view\" aria-label=\"ROLAGEM R\u00c1PIDA, RASTREAMENTO PRECISO\" data-theme-desktop=\"theme-dark\" data-theme-tablet=\"theme-dark\" data-theme-mobile=\"theme-dark\">\n<div class=\"container-xl\">\n<div class=\"grid checkerboard-wrap\">\n<div class=\"media-portion\">\n<div class=\"img-wrap\">\n<div class=\"img\"><img fetchpriority=\"high\" decoding=\"async\" class=\"wp-image-33963 aligncenter\" src=\"https:\/\/www.rucashk.com\/wp-content\/uploads\/2023\/09\/0aef6b691befd9fcf45706e8df058b9-300x174.png\" alt=\"Logitech M325S WIRELESS MOUSE Mice\" width=\"855\" height=\"496\" \/><\/div>\n<div style=\"text-align: center\"><\/div>\n<\/div>\n<\/div>\n<div class=\"text-portion\">\n<div class=\"copy rte-field\">\n<h2 class=\"h3\" style=\"text-align: center\">ROLAGEM R\u00c1PIDA, RASTREAMENTO PRECISO<\/h2>\n<p style=\"text-align: center\">Nossa roda de rolagem e inclina\u00e7\u00e3o microprecisa oferece a velocidade e a precis\u00e3o que voc\u00ea precisa para percorrer p\u00e1ginas longas, sites, links, planilhas e imagens. Personalize a a\u00e7\u00e3o de inclina\u00e7\u00e3o para realizar rolagem horizontal, avan\u00e7ar\/retroceder e muito mais por meio do aplicativo Logi Options+.<\/p>\n<p>&nbsp;<\/p>\n<div class=\"parsys-ctn\">\n<div class=\"pangea-cmp pangea-image aem-margin-options\" data-aem-id=\"image_editable-iaadd0a4cec73a17afbec012fbb9cd2b8\">\n<div class=\"aem-padding-options\" data-aem-id=\"image_editable-iaadd0a4cec73a17afbec012fbb9cd2b8-padding-options\"><img decoding=\"async\" class=\"wp-image-33965 aligncenter\" src=\"https:\/\/www.rucashk.com\/wp-content\/uploads\/2023\/09\/d6d64f8a3a714b434ca2af85dfdc454-300x177.png\" alt=\"Logitech M325S WIRELESS MOUSE Mice\" width=\"851\" height=\"502\" \/><\/div>\n<div data-aem-id=\"image_editable-iaadd0a4cec73a17afbec012fbb9cd2b8-padding-options\"><\/div>\n<\/div>\n<\/div>\n<\/div>\n<\/div>\n<\/div>\n<\/div>\n<\/section>\n<section class=\"checkerboard-row js-checkerboard-row in-view\" aria-label=\"SIMPLICIDADE PLUG &amp; PLAY\" data-theme-desktop=\"theme-dark\" data-theme-tablet=\"theme-dark\" data-theme-mobile=\"theme-dark\">\n<div class=\"container-xl\">\n<div class=\"grid checkerboard-wrap\">\n<div class=\"text-portion\">\n<div class=\"copy rte-field\">\n<h2 class=\"h3\" style=\"text-align: center\">SIMPLICIDADE PLUG &amp; PLAY<\/h2>\n<p style=\"text-align: center\">O M325S \u00e9 compat\u00edvel com a maioria dos sistemas operacionais \u2014 Windows\u00ae, macOS, Linux\u00ae<a class=\"note note-tooltip js-note-tooltip pangea-inited\"><span class=\"visually-hidden js-tooltip-descriptor\" aria-hidden=\"true\">.<\/span><\/a> e tamb\u00e9m \u00e9 certificado como Works with Chromebook\u2122. Produto - Basta conectar o receptor USB ao computador para come\u00e7ar a trabalhar em segundos e obter uma conex\u00e3o forte e confi\u00e1vel em at\u00e9 10 metros.<\/p>\n<p>&nbsp;<\/p>\n<div class=\"parsys-ctn\"><img decoding=\"async\" class=\"wp-image-33966 aligncenter\" src=\"https:\/\/www.rucashk.com\/wp-content\/uploads\/2023\/09\/d9f9e253a0a7a4088d0cffa3f279df9-300x168.png\" alt=\"Logitech M325S WIRELESS MOUSE Mice\" width=\"854\" height=\"478\" \/><\/div>\n<div><\/div>\n<\/div>\n<\/div>\n<\/div>\n<\/div>\n<\/section>\n<section class=\"checkerboard-row js-checkerboard-row in-view\" aria-label=\"PRODUTIVIDADE AUMENTADA\" data-theme-desktop=\"theme-dark\" data-theme-tablet=\"theme-dark\" data-theme-mobile=\"theme-dark\">\n<div class=\"container-xl\">\n<div class=\"grid checkerboard-wrap\">\n<div class=\"text-portion\">\n<div class=\"copy rte-field\">\n<h2 class=\"h3\" style=\"text-align: center\">PRODUTIVIDADE AUMENTADA<\/h2>\n<p style=\"text-align: center\">Fa\u00e7a mais combinando o M325S com o seu laptop. De acordo com um estudo recente, os usu\u00e1rios de laptop que escolheram este mouse em vez de um touchpad foram 50% mais produtivos e trabalharam 30% mais r\u00e1pido.<\/p>\n<p>&nbsp;<\/p>\n<div class=\"cta-container\"><img loading=\"lazy\" decoding=\"async\" class=\"wp-image-33967 aligncenter\" src=\"https:\/\/www.rucashk.com\/wp-content\/uploads\/2023\/09\/ae7274ab9477355c21b6b511a863c90-300x169.png\" alt=\"Logitech M325S WIRELESS MOUSE Mice\" width=\"856\" height=\"482\" \/><\/div>\n<\/div>\n<\/div>\n<\/div>\n<\/div>\n<\/section>\n<section class=\"checkerboard-row js-checkerboard-row in-view\" aria-label=\"QUALIDADE EM QUE VOC\u00ca PODE CONFIAR\" data-theme-desktop=\"theme-dark\" data-theme-tablet=\"theme-dark\" data-theme-mobile=\"theme-dark\">\n<div class=\"container-xl\">\n<div class=\"grid checkerboard-wrap\">\n<div class=\"text-portion\" style=\"text-align: center\">\n<div class=\"copy rte-field\">\n<h2><\/h2>\n<h2 class=\"h3\">QUALIDADE EM QUE VOC\u00ca PODE CONFIAR<\/h2>\n<p>O mouse foi constru\u00eddo com os mesmos padr\u00f5es de alta qualidade que fizeram da Logitech a l\u00edder global em mouses e teclados. Dur\u00e1vel e confi\u00e1vel, o M325S tamb\u00e9m funciona por at\u00e9 18 meses<a class=\"note note-tooltip js-note-tooltip pangea-inited\"><span class=\"visually-hidden js-tooltip-descriptor\" aria-hidden=\"true\">.<\/span><\/a> sem trocar as baterias gra\u00e7as ao bot\u00e3o liga\/desliga e ao modo de economia de energia com suspens\u00e3o autom\u00e1tica.<\/p>\n<p>&nbsp;<\/p>\n<\/div>\n<p><img loading=\"lazy\" decoding=\"async\" class=\"wp-image-33968 aligncenter\" src=\"https:\/\/www.rucashk.com\/wp-content\/uploads\/2023\/09\/a05cd48fbfd9ce096f9348392e8f8a1-300x169.png\" alt=\"Logitech M325S WIRELESS MOUSE Mice\" width=\"858\" height=\"483\" \/><\/p>\n<\/div>\n<h4><\/h4>\n<h4 class=\"specs-heading\">Especifica\u00e7\u00f5es<\/h4>\n<div class=\"specs-column\">\n<div class=\"specs-group\">\n<div class=\"specs-block\" style=\"text-align: left\">\n<h5 class=\"specs-title\">Tecnologia de Sensores<\/h5>\n<ul class=\"specs-description-list\">\n<li>Rastreamento \u00f3ptico suave<\/li>\n<li>DPI (M\u00edn\/M\u00e1x): 1000\u00b1<\/li>\n<\/ul>\n<\/div>\n<div class=\"specs-block\" style=\"text-align: left\">\n<h5 class=\"specs-title\">Bot\u00f5es<\/h5>\n<ul class=\"specs-description-list\">\n<li>N\u00famero de bot\u00f5es: 5<\/li>\n<\/ul>\n<\/div>\n<div class=\"specs-block\" style=\"text-align: left\">\n<h5 class=\"specs-title\">Aplicativo de personaliza\u00e7\u00e3o<\/h5>\n<ul class=\"specs-description-list\">\n<li>Compat\u00edvel com Logi Options+ no Windows e macOS<\/li>\n<\/ul>\n<\/div>\n<div class=\"specs-block\" style=\"text-align: left\">\n<h5 class=\"specs-title\">Rolagem<\/h5>\n<ul class=\"specs-description-list\">\n<li>Rolagem de microprecis\u00e3o<\/li>\n<li>Roda de rolagem: Sim, borracha, 4D<\/li>\n<li>Fun\u00e7\u00e3o de rolagem inclinada: Sim<\/li>\n<\/ul>\n<\/div>\n<div class=\"specs-block\" style=\"text-align: left\">\n<h5 class=\"specs-title\">Bateria<\/h5>\n<ul class=\"specs-description-list\">\n<li><strong>Bateria<\/strong>: 18 meses<\/li>\n<li><strong>Detalhes da bateria<\/strong>: 1 x AA (inclu\u00eddo)<\/li>\n<\/ul>\n<\/div>\n<div class=\"specs-block\">\n<h5 class=\"specs-title\" style=\"text-align: left\">Conectividade<\/h5>\n<ul class=\"specs-description-list\">\n<li style=\"text-align: left\"><strong>Tipo de conex\u00e3o<\/strong>: Conex\u00e3o sem fio de 2,4 GHz<\/li>\n<li style=\"text-align: left\"><strong>Alcance sem fio<\/strong>: 10 metros<\/li>\n<\/ul>\n<\/div>\n<\/div>\n<\/div>\n<\/div>\n<\/div>\n<\/section>\n<\/section>\n<\/div>\n<\/div>\n<\/div>\n<\/div>","protected":false},"excerpt":{"rendered":"<div class=\"specs-block\">\n<h2 class=\"product-title js-text-auto pangea-inited\">RATO SEM FIO M325S<\/h2>\n<h5 class=\"specs-title\">Rato<\/h5>\n<ul class=\"specs-description-list\">\n<li><strong>Altura<\/strong>: 94,7 mm<\/li>\n<li><strong>Largura<\/strong>: 57mm<\/li>\n<li><strong>Profundidade<\/strong>: 39,1mm<\/li>\n<li><strong>Peso (com baterias)<\/strong>: 93g<\/li>\n<\/ul>\n<\/div>\n<div class=\"specs-block\">\n<h5 class=\"specs-title\">Receptor USB<\/h5>\n<ul class=\"specs-description-list\">\n<li><strong>Altura<\/strong>: 18,7 mm<\/li>\n<li><strong>Largura<\/strong>: 14,4mm<\/li>\n<li><strong>Profundidade<\/strong>: 6,6 mm<\/li>\n<li><strong>Peso<\/strong>: 1,8g<\/li>\n<\/ul>\n<\/div>","protected":false},"featured_media":26987,"template":"","meta":[],"product_brand":[1380],"product_cat":[1332,1322],"product_tag":[],"class_list":{"0":"post-26827","1":"product","2":"type-product","3":"status-publish","4":"has-post-thumbnail","6":"product_brand-logitech","7":"product_cat-logitech-other-a-brands","8":"product_cat-other-a-brands","10":"first","11":"instock","12":"shipping-taxable","13":"product-type-simple"},"aioseo_notices":[],"aioseo_head":"\n\t\t<!-- All in One SEO Pro 4.5.9.2 - aioseo.com -->\n\t\t<meta name=\"description\" content=\"M325S WIRELESS MOUSE Mouse Height: 94.7 mm Width: 57 mm Depth: 39.1 mm Weight (with batteries): 93 g USB Receiver Height: 18.7 mm Width: 14.4 mm Depth: 6.6 mm Weight: 1.8 g\" \/>\n\t\t<meta name=\"robots\" content=\"max-image-preview:large\" \/>\n\t\t<link rel=\"canonical\" href=\"https:\/\/www.rucashk.com\/pt\/produto\/logitech-m325s-wireless-mouse-mice\/\" \/>\n\t\t<meta name=\"generator\" content=\"All in One SEO Pro (AIOSEO) 4.5.9.2\" \/>\n\t\t<meta property=\"og:locale\" content=\"pt_PT\" \/>\n\t\t<meta property=\"og:site_name\" content=\"Rucas - One-stop AIoT Distribution Worldwide\" \/>\n\t\t<meta property=\"og:type\" content=\"article\" \/>\n\t\t<meta property=\"og:title\" content=\"Logitech M325S WIRELESS MOUSE Mice - Rucas - Wholesale and Distribution\" \/>\n\t\t<meta property=\"og:description\" content=\"M325S WIRELESS MOUSE Mouse Height: 94.7 mm Width: 57 mm Depth: 39.1 mm Weight (with batteries): 93 g USB Receiver Height: 18.7 mm Width: 14.4 mm Depth: 6.6 mm Weight: 1.8 g\" \/>\n\t\t<meta property=\"og:url\" content=\"https:\/\/www.rucashk.com\/pt\/produto\/logitech-m325s-wireless-mouse-mice\/\" \/>\n\t\t<meta property=\"og:image\" content=\"https:\/\/www.rucashk.com\/wp-content\/uploads\/replace\/503b8e645f128a97ccde2b6290747646.jpeg\" \/>\n\t\t<meta property=\"og:image:secure_url\" content=\"https:\/\/www.rucashk.com\/wp-content\/uploads\/replace\/503b8e645f128a97ccde2b6290747646.jpeg\" \/>\n\t\t<meta property=\"og:image:width\" content=\"1456\" \/>\n\t\t<meta property=\"og:image:height\" content=\"816\" \/>\n\t\t<meta property=\"article:published_time\" content=\"2024-01-09T16:33:12+00:00\" \/>\n\t\t<meta property=\"article:modified_time\" content=\"2025-06-21T10:02:06+00:00\" \/>\n\t\t<meta name=\"twitter:card\" content=\"summary_large_image\" \/>\n\t\t<meta name=\"twitter:title\" content=\"Logitech M325S WIRELESS MOUSE Mice - Rucas - Wholesale and Distribution\" \/>\n\t\t<meta name=\"twitter:description\" content=\"M325S WIRELESS MOUSE Mouse Height: 94.7 mm Width: 57 mm Depth: 39.1 mm Weight (with batteries): 93 g USB Receiver Height: 18.7 mm Width: 14.4 mm Depth: 6.6 mm Weight: 1.8 g\" \/>\n\t\t<meta name=\"twitter:image\" content=\"https:\/\/www.rucashk.com\/wp-content\/uploads\/replace\/503b8e645f128a97ccde2b6290747646.jpeg\" \/>\n\t\t<script type=\"application\/ld+json\" class=\"aioseo-schema\">\n\t\t\t{\"@context\":\"https:\\\/\\\/schema.org\",\"@graph\":[{\"@type\":\"BreadcrumbList\",\"@id\":\"https:\\\/\\\/www.rucashk.com\\\/pt\\\/produto\\\/logitech-m325s-wireless-mouse-mice\\\/#breadcrumblist\",\"itemListElement\":[{\"@type\":\"ListItem\",\"@id\":\"https:\\\/\\\/www.rucashk.com\\\/pt\\\/#listItem\",\"position\":1,\"name\":\"Home\",\"item\":\"https:\\\/\\\/www.rucashk.com\\\/pt\\\/\",\"nextItem\":\"https:\\\/\\\/www.rucashk.com\\\/pt\\\/produto\\\/logitech-m325s-wireless-mouse-mice\\\/#listItem\"},{\"@type\":\"ListItem\",\"@id\":\"https:\\\/\\\/www.rucashk.com\\\/pt\\\/produto\\\/logitech-m325s-wireless-mouse-mice\\\/#listItem\",\"position\":2,\"name\":\"Logitech M325S WIRELESS MOUSE Mice\",\"previousItem\":\"https:\\\/\\\/www.rucashk.com\\\/pt\\\/#listItem\"}]},{\"@type\":\"Organization\",\"@id\":\"https:\\\/\\\/www.rucashk.com\\\/pt\\\/#organization\",\"name\":\"Rucas\",\"url\":\"https:\\\/\\\/www.rucashk.com\\\/pt\\\/\",\"logo\":{\"@type\":\"ImageObject\",\"url\":\"https:\\\/\\\/www.rucashk.com\\\/wp-content\\\/uploads\\\/2023\\\/12\\\/Rucas_campany_logo.png\",\"@id\":\"https:\\\/\\\/www.rucashk.com\\\/pt\\\/produto\\\/logitech-m325s-wireless-mouse-mice\\\/#organizationLogo\",\"width\":221,\"height\":65},\"image\":{\"@id\":\"https:\\\/\\\/www.rucashk.com\\\/pt\\\/#organizationLogo\"}},{\"@type\":\"Person\",\"@id\":\"https:\\\/\\\/www.rucashk.com\\\/pt\\\/author\\\/admin\\\/#author\",\"url\":\"https:\\\/\\\/www.rucashk.com\\\/pt\\\/author\\\/admin\\\/\",\"name\":\"admin\",\"image\":{\"@type\":\"ImageObject\",\"@id\":\"https:\\\/\\\/www.rucashk.com\\\/pt\\\/produto\\\/logitech-m325s-wireless-mouse-mice\\\/#authorImage\",\"url\":\"https:\\\/\\\/secure.gravatar.com\\\/avatar\\\/b7c8925b09a27e72b30232f8ecaadbd5af0f70a38c78096863fe51b64f031c24?s=96&d=mm&r=g\",\"width\":96,\"height\":96,\"caption\":\"admin\"}},{\"@type\":\"WebPage\",\"@id\":\"https:\\\/\\\/www.rucashk.com\\\/pt\\\/produto\\\/logitech-m325s-wireless-mouse-mice\\\/#webpage\",\"url\":\"https:\\\/\\\/www.rucashk.com\\\/pt\\\/produto\\\/logitech-m325s-wireless-mouse-mice\\\/\",\"name\":\"Logitech M325S WIRELESS MOUSE Mice - Rucas - Wholesale and Distribution\",\"description\":\"M325S WIRELESS MOUSE Mouse Height: 94.7 mm Width: 57 mm Depth: 39.1 mm Weight (with batteries): 93 g USB Receiver Height: 18.7 mm Width: 14.4 mm Depth: 6.6 mm Weight: 1.8 g\",\"inLanguage\":\"pt-PT\",\"isPartOf\":{\"@id\":\"https:\\\/\\\/www.rucashk.com\\\/pt\\\/#website\"},\"breadcrumb\":{\"@id\":\"https:\\\/\\\/www.rucashk.com\\\/pt\\\/produto\\\/logitech-m325s-wireless-mouse-mice\\\/#breadcrumblist\"},\"author\":{\"@id\":\"https:\\\/\\\/www.rucashk.com\\\/pt\\\/author\\\/admin\\\/#author\"},\"creator\":{\"@id\":\"https:\\\/\\\/www.rucashk.com\\\/pt\\\/author\\\/admin\\\/#author\"},\"image\":{\"@type\":\"ImageObject\",\"url\":\"https:\\\/\\\/www.rucashk.com\\\/wp-content\\\/uploads\\\/2024\\\/01\\\/10003-23-1.jpg\",\"@id\":\"https:\\\/\\\/www.rucashk.com\\\/pt\\\/produto\\\/logitech-m325s-wireless-mouse-mice\\\/#mainImage\",\"width\":1000,\"height\":1000},\"primaryImageOfPage\":{\"@id\":\"https:\\\/\\\/www.rucashk.com\\\/pt\\\/produto\\\/logitech-m325s-wireless-mouse-mice\\\/#mainImage\"},\"datePublished\":\"2024-01-09T16:33:12+00:00\",\"dateModified\":\"2025-06-21T10:02:06+00:00\"},{\"@type\":\"WebSite\",\"@id\":\"https:\\\/\\\/www.rucashk.com\\\/pt\\\/#website\",\"url\":\"https:\\\/\\\/www.rucashk.com\\\/pt\\\/\",\"name\":\"Rucas - Wholesale and distribution worldwide\",\"alternateName\":\"Rucas - One-stop AIoT Distribution Worldwide\",\"description\":\"One-stop AIoT Distribution Worldwide\",\"inLanguage\":\"pt-PT\",\"publisher\":{\"@id\":\"https:\\\/\\\/www.rucashk.com\\\/pt\\\/#organization\"}}]}\n\t\t<\/script>\n\t\t<!-- All in One SEO Pro -->\r\n\t\t<title>Logitech M325S WIRELESS MOUSE Mice - Rucas - Wholesale and Distribution<\/title>\n\n","aioseo_head_json":{"title":"Logitech M325S WIRELESS MOUSE Mice - Rucas - Wholesale and Distribution","description":"M325S WIRELESS MOUSE Mouse Height: 94.7 mm Width: 57 mm Depth: 39.1 mm Weight (with batteries): 93 g USB Receiver Height: 18.7 mm Width: 14.4 mm Depth: 6.6 mm Weight: 1.8 g","canonical_url":"https:\/\/www.rucashk.com\/pt\/produto\/logitech-m325s-wireless-mouse-mice\/","robots":"max-image-preview:large","keywords":"","webmasterTools":{"miscellaneous":""},"og:locale":"pt_PT","og:site_name":"Rucas - One-stop AIoT Distribution Worldwide","og:type":"article","og:title":"Logitech M325S WIRELESS MOUSE Mice - Rucas - Wholesale and Distribution","og:description":"M325S WIRELESS MOUSE Mouse Height: 94.7 mm Width: 57 mm Depth: 39.1 mm Weight (with batteries): 93 g USB Receiver Height: 18.7 mm Width: 14.4 mm Depth: 6.6 mm Weight: 1.8 g","og:url":"https:\/\/www.rucashk.com\/pt\/produto\/logitech-m325s-wireless-mouse-mice\/","og:image":"https:\/\/www.rucashk.com\/wp-content\/uploads\/replace\/503b8e645f128a97ccde2b6290747646.jpeg","og:image:secure_url":"https:\/\/www.rucashk.com\/wp-content\/uploads\/replace\/503b8e645f128a97ccde2b6290747646.jpeg","og:image:width":1456,"og:image:height":816,"article:published_time":"2024-01-09T16:33:12+00:00","article:modified_time":"2025-06-21T10:02:06+00:00","twitter:card":"summary_large_image","twitter:title":"Logitech M325S WIRELESS MOUSE Mice - Rucas - Wholesale and Distribution","twitter:description":"M325S WIRELESS MOUSE Mouse Height: 94.7 mm Width: 57 mm Depth: 39.1 mm Weight (with batteries): 93 g USB Receiver Height: 18.7 mm Width: 14.4 mm Depth: 6.6 mm Weight: 1.8 g","twitter:image":"https:\/\/www.rucashk.com\/wp-content\/uploads\/replace\/503b8e645f128a97ccde2b6290747646.jpeg","schema":{"@context":"https:\/\/schema.org","@graph":[{"@type":"BreadcrumbList","@id":"https:\/\/www.rucashk.com\/pt\/produto\/logitech-m325s-wireless-mouse-mice\/#breadcrumblist","itemListElement":[{"@type":"ListItem","@id":"https:\/\/www.rucashk.com\/pt\/#listItem","position":1,"name":"Home","item":"https:\/\/www.rucashk.com\/pt\/","nextItem":"https:\/\/www.rucashk.com\/pt\/produto\/logitech-m325s-wireless-mouse-mice\/#listItem"},{"@type":"ListItem","@id":"https:\/\/www.rucashk.com\/pt\/produto\/logitech-m325s-wireless-mouse-mice\/#listItem","position":2,"name":"Logitech M325S WIRELESS MOUSE Mice","previousItem":"https:\/\/www.rucashk.com\/pt\/#listItem"}]},{"@type":"Organization","@id":"https:\/\/www.rucashk.com\/pt\/#organization","name":"Rucas","url":"https:\/\/www.rucashk.com\/pt\/","logo":{"@type":"ImageObject","url":"https:\/\/www.rucashk.com\/wp-content\/uploads\/2023\/12\/Rucas_campany_logo.png","@id":"https:\/\/www.rucashk.com\/pt\/produto\/logitech-m325s-wireless-mouse-mice\/#organizationLogo","width":221,"height":65},"image":{"@id":"https:\/\/www.rucashk.com\/pt\/#organizationLogo"}},{"@type":"Person","@id":"https:\/\/www.rucashk.com\/pt\/author\/admin\/#author","url":"https:\/\/www.rucashk.com\/pt\/author\/admin\/","name":"admin","image":{"@type":"ImageObject","@id":"https:\/\/www.rucashk.com\/pt\/produto\/logitech-m325s-wireless-mouse-mice\/#authorImage","url":"https:\/\/secure.gravatar.com\/avatar\/b7c8925b09a27e72b30232f8ecaadbd5af0f70a38c78096863fe51b64f031c24?s=96&d=mm&r=g","width":96,"height":96,"caption":"admin"}},{"@type":"WebPage","@id":"https:\/\/www.rucashk.com\/pt\/produto\/logitech-m325s-wireless-mouse-mice\/#webpage","url":"https:\/\/www.rucashk.com\/pt\/produto\/logitech-m325s-wireless-mouse-mice\/","name":"Logitech M325S WIRELESS MOUSE Mice - Rucas - Wholesale and Distribution","description":"M325S WIRELESS MOUSE Mouse Height: 94.7 mm Width: 57 mm Depth: 39.1 mm Weight (with batteries): 93 g USB Receiver Height: 18.7 mm Width: 14.4 mm Depth: 6.6 mm Weight: 1.8 g","inLanguage":"pt-PT","isPartOf":{"@id":"https:\/\/www.rucashk.com\/pt\/#website"},"breadcrumb":{"@id":"https:\/\/www.rucashk.com\/pt\/produto\/logitech-m325s-wireless-mouse-mice\/#breadcrumblist"},"author":{"@id":"https:\/\/www.rucashk.com\/pt\/author\/admin\/#author"},"creator":{"@id":"https:\/\/www.rucashk.com\/pt\/author\/admin\/#author"},"image":{"@type":"ImageObject","url":"https:\/\/www.rucashk.com\/wp-content\/uploads\/2024\/01\/10003-23-1.jpg","@id":"https:\/\/www.rucashk.com\/pt\/produto\/logitech-m325s-wireless-mouse-mice\/#mainImage","width":1000,"height":1000},"primaryImageOfPage":{"@id":"https:\/\/www.rucashk.com\/pt\/produto\/logitech-m325s-wireless-mouse-mice\/#mainImage"},"datePublished":"2024-01-09T16:33:12+00:00","dateModified":"2025-06-21T10:02:06+00:00"},{"@type":"WebSite","@id":"https:\/\/www.rucashk.com\/pt\/#website","url":"https:\/\/www.rucashk.com\/pt\/","name":"Rucas - Wholesale and distribution worldwide","alternateName":"Rucas - One-stop AIoT Distribution Worldwide","description":"One-stop AIoT Distribution Worldwide","inLanguage":"pt-PT","publisher":{"@id":"https:\/\/www.rucashk.com\/pt\/#organization"}}]}},"aioseo_meta_data":{"post_id":"26827","title":null,"description":null,"keywords":null,"keyphrases":null,"primary_term":null,"canonical_url":null,"og_title":null,"og_description":null,"og_object_type":"default","og_image_type":"default","og_image_url":null,"og_image_width":null,"og_image_height":null,"og_image_custom_url":null,"og_image_custom_fields":null,"og_video":null,"og_custom_url":null,"og_article_section":null,"og_article_tags":null,"twitter_use_og":false,"twitter_card":"default","twitter_image_type":"default","twitter_image_url":null,"twitter_image_custom_url":null,"twitter_image_custom_fields":null,"twitter_title":null,"twitter_description":null,"schema":{"blockGraphs":[],"customGraphs":[],"default":{"data":{"Article":[],"Course":[],"Dataset":[],"FAQPage":[],"Movie":[],"Person":[],"Product":[],"Recipe":[],"Service":[],"SoftwareApplication":[],"WebPage":[]},"graphName":"","isEnabled":true},"graphs":[]},"schema_type":"default","schema_type_options":null,"pillar_content":false,"robots_default":true,"robots_noindex":false,"robots_noarchive":false,"robots_nosnippet":false,"robots_nofollow":false,"robots_noimageindex":false,"robots_noodp":false,"robots_notranslate":false,"robots_max_snippet":null,"robots_max_videopreview":null,"robots_max_imagepreview":"large","priority":null,"frequency":null,"local_seo":null,"breadcrumb_settings":null,"limit_modified_date":false,"created":"2024-04-11 01:57:21","updated":"2025-06-22 18:27:00"},"aioseo_breadcrumb":"<div class=\"aioseo-breadcrumbs\"><span class=\"aioseo-breadcrumb\">\n\t<a href=\"https:\/\/www.rucashk.com\/pt\" title=\"Home\">Home<\/a>\n<\/span><span class=\"aioseo-breadcrumb-separator\">&raquo;<\/span><span class=\"aioseo-breadcrumb\">\n\t<a href=\"https:\/\/www.rucashk.com\/pt\/products\/\" title=\"Produtos\">Produtos<\/a>\n<\/span><span class=\"aioseo-breadcrumb-separator\">&raquo;<\/span><span class=\"aioseo-breadcrumb\">\n\t<a href=\"https:\/\/www.rucashk.com\/pt\/marca\/logitech\/\" title=\"Logitech\">Logitech<\/a>\n<\/span><span class=\"aioseo-breadcrumb-separator\">&raquo;<\/span><span class=\"aioseo-breadcrumb\">\n\tLogitech M325S WIRELESS MOUSE Mice\n<\/span><\/div>","aioseo_breadcrumb_json":[{"label":"Home","link":"https:\/\/www.rucashk.com\/pt"},{"label":"Produtos","link":"https:\/\/www.rucashk.com\/pt\/products\/"},{"label":"Logitech","link":"https:\/\/www.rucashk.com\/pt\/marca\/logitech\/"},{"label":"Logitech M325S WIRELESS MOUSE Mice","link":"https:\/\/www.rucashk.com\/pt\/produto\/logitech-m325s-wireless-mouse-mice\/"}],"_links":{"self":[{"href":"https:\/\/www.rucashk.com\/pt\/wp-json\/wp\/v2\/product\/26827","targetHints":{"allow":["GET"]}}],"collection":[{"href":"https:\/\/www.rucashk.com\/pt\/wp-json\/wp\/v2\/product"}],"about":[{"href":"https:\/\/www.rucashk.com\/pt\/wp-json\/wp\/v2\/types\/product"}],"wp:featuredmedia":[{"embeddable":true,"href":"https:\/\/www.rucashk.com\/pt\/wp-json\/wp\/v2\/media\/26987"}],"wp:attachment":[{"href":"https:\/\/www.rucashk.com\/pt\/wp-json\/wp\/v2\/media?parent=26827"}],"wp:term":[{"taxonomy":"product_brand","embeddable":true,"href":"https:\/\/www.rucashk.com\/pt\/wp-json\/wp\/v2\/product_brand?post=26827"},{"taxonomy":"product_cat","embeddable":true,"href":"https:\/\/www.rucashk.com\/pt\/wp-json\/wp\/v2\/product_cat?post=26827"},{"taxonomy":"product_tag","embeddable":true,"href":"https:\/\/www.rucashk.com\/pt\/wp-json\/wp\/v2\/product_tag?post=26827"}],"curies":[{"name":"wp","href":"https:\/\/api.w.org\/{rel}","templated":true}]}}