{"id":26820,"date":"2024-01-09T16:33:11","date_gmt":"2024-01-09T16:33:11","guid":{"rendered":"http:\/\/rucashk.com\/?post_type=product&#038;p=26820"},"modified":"2025-06-21T10:01:30","modified_gmt":"2025-06-21T10:01:30","slug":"blackview-bv6300-pro-rugged-phone-smartphone","status":"publish","type":"product","link":"https:\/\/www.rucashk.com\/pt\/produto\/blackview-bv6300-pro-rugged-phone-smartphone\/","title":{"rendered":"Smartphone de telefone robusto BLACKVIEW BV6300 Pro"},"content":{"rendered":"<p><img decoding=\"async\" alt=\"BLACKVIEW BV6300 Pro Rugged Phone Smartphone\" class=\"aligncenter\" src=\"\/wp-content\/uploads\/replace\/e7608be1cc7854729186527dbacd8a3f.jpeg\" \/><img decoding=\"async\" alt=\"BLACKVIEW BV6300 Pro Rugged Phone Smartphone\" class=\"aligncenter\" src=\"\/wp-content\/uploads\/replace\/51f6fba9a0b861ed19a6cc1137b41628.jpeg\" \/><\/p>\n<p style=\"text-align: center\">Resistente, mais fino, mais leve<\/p>\n<p style=\"text-align: center\">Aproveite a diferen\u00e7a<\/p>\n<p><img decoding=\"async\" alt=\"BLACKVIEW BV6300 Pro Rugged Phone Smartphone\" class=\"aligncenter\" src=\"\/wp-content\/uploads\/replace\/ebc85ebac2d8bd9466547be45beda7f0.jpeg\" \/><\/p>\n<p style=\"text-align: center\">Ultra Robusto \u00e9 o DNA<\/p>\n<p style=\"text-align: center\">Apoiado por certifica\u00e7\u00e3o militar<\/p>\n<p><img decoding=\"async\" alt=\"BLACKVIEW BV6300 Pro Rugged Phone Smartphone\" class=\"aligncenter\" src=\"\/wp-content\/uploads\/replace\/02244016813e028fdd00bd370696c8c9.jpeg\" \/><img decoding=\"async\" alt=\"BLACKVIEW BV6300 Pro Rugged Phone Smartphone\" class=\"aligncenter\" src=\"\/wp-content\/uploads\/replace\/24b1308c4ea4bbc049fb84c9af5cfc6d.jpeg\" \/><\/p>\n<p style=\"text-align: center\">Obtenha resultados fotogr\u00e1ficos profissionais sem esfor\u00e7o<\/p>\n<p><img decoding=\"async\" alt=\"BLACKVIEW BV6300 Pro Rugged Phone Smartphone\" class=\"aligncenter\" src=\"\/wp-content\/uploads\/replace\/f1044ee4a047d6e9c400a0dfe31e4ab0.jpeg\" \/><\/p>\n<p style=\"text-align: center\">Fotos impressionantes, de dia ou de noite<\/p>\n<p><img decoding=\"async\" alt=\"BLACKVIEW BV6300 Pro Rugged Phone Smartphone\" class=\"aligncenter\" src=\"\/wp-content\/uploads\/replace\/25a639a4a20648a17fbeef24839dfda5.jpeg\" \/><img decoding=\"async\" alt=\"BLACKVIEW BV6300 Pro Rugged Phone Smartphone\" class=\"aligncenter\" src=\"\/wp-content\/uploads\/replace\/471784ade4024d42287cedfc6485b33d.jpeg\" \/><\/p>\n<p>&nbsp;<\/p>\n<p>&nbsp;<\/p>\n<p style=\"text-align: center\">C\u00e2mera selfie Sony 13MP<\/p>\n<p style=\"text-align: center\">Revele o que h\u00e1 de melhor em voc\u00ea<\/p>\n<p><img decoding=\"async\" alt=\"BLACKVIEW BV6300 Pro Rugged Phone Smartphone\" class=\"aligncenter\" src=\"\/wp-content\/uploads\/replace\/6ed717c7a1a9f57b74f3547d1fe91335.jpeg\" \/><\/p>\n<p style=\"text-align: center\">Eficiente em todos os sentidos<\/p>\n<p><img decoding=\"async\" alt=\"BLACKVIEW BV6300 Pro Rugged Phone Smartphone\" class=\"aligncenter\" src=\"\/wp-content\/uploads\/replace\/1053ab82dc2be6717db9fed521cba52f.jpeg\" \/><\/p>\n<p style=\"text-align: center\">Mais horas agrad\u00e1veis, menos tempo de inatividade<\/p>\n<p><img decoding=\"async\" alt=\"BLACKVIEW BV6300 Pro Rugged Phone Smartphone\" class=\"aligncenter\" src=\"\/wp-content\/uploads\/replace\/d83edb49cb5feb0d33ee59adc9f707df.jpeg\" \/><\/p>\n<p style=\"text-align: center\">Ainda mais recursos excelentes<\/p>\n<p><img decoding=\"async\" alt=\"BLACKVIEW BV6300 Pro Rugged Phone Smartphone\" class=\"aligncenter\" src=\"\/wp-content\/uploads\/replace\/839a82ee0ba69661a7a34b5a5811db8e.jpeg\" \/><\/p>\n<p style=\"text-align: center\">Bandas globais e VoLTE 4G duplo<\/p>\n<p style=\"text-align: center\">Conex\u00f5es muito mais r\u00e1pidas<\/p>\n<p><img decoding=\"async\" alt=\"BLACKVIEW BV6300 Pro Rugged Phone Smartphone\" class=\"aligncenter\" src=\"\/wp-content\/uploads\/replace\/51b8731929067c128a903925874ab9f5.jpeg\" \/><\/p>\n<p style=\"text-align: center\">Android 10 mais recente<\/p>\n<p style=\"text-align: center\">Explore um monte de novos recursos<\/p>\n<p><img decoding=\"async\" alt=\"BLACKVIEW BV6300 Pro Rugged Phone Smartphone\" class=\"aligncenter\" src=\"\/wp-content\/uploads\/replace\/1dcdcae84574c6fa3a7b394e83bbcfc3.jpeg\" \/><img decoding=\"async\" alt=\"BLACKVIEW BV6300 Pro Rugged Phone Smartphone\" class=\"aligncenter\" src=\"\/wp-content\/uploads\/replace\/48a57a97e4a03f972de0a1d5585ff3f9.jpeg\" \/><img decoding=\"async\" alt=\"BLACKVIEW BV6300 Pro Rugged Phone Smartphone\" class=\"aligncenter\" src=\"\/wp-content\/uploads\/replace\/826f73721e8f9e14d6a36f9bb24f0c77.jpeg\" \/><\/p>\n<p>&nbsp;<\/p>\n<div id=\"nav-specification\" data-pl=\"product-specs\">\n<div class=\"title--wrap--wDzGayX\">\n<div class=\"title--text--Lx66GPw\">\n<h1 class=\"title--title--RN9Pt03\">Especifica\u00e7\u00f5es<\/h1>\n<\/div>\n<\/div>\n<ul class=\"specification--list--fiWsSyv\">\n<li class=\"specification--line--iUJOqof\">\n<div class=\"specification--prop--RejitI8\">\n<div class=\"specification--title--UbVeyic\">Pot\u00eancia de carregamento: Outros<\/div>\n<\/div>\n<div class=\"specification--prop--RejitI8\">\n<div class=\"specification--title--UbVeyic\">Tela sens\u00edvel ao toque: Sim<\/div>\n<\/div>\n<\/li>\n<li class=\"specification--line--iUJOqof\">\n<div class=\"specification--prop--RejitI8\">\n<div class=\"specification--title--UbVeyic\">Outros recursos: telefone esportivo<\/div>\n<\/div>\n<div class=\"specification--prop--RejitI8\">\n<div class=\"specification--title--UbVeyic\">Tipo de cart\u00e3o de mem\u00f3ria: Compartilhado com slot SIM<\/div>\n<\/div>\n<\/li>\n<li class=\"specification--line--iUJOqof\">\n<div class=\"specification--prop--RejitI8\">\n<div class=\"specification--title--UbVeyic\">Faixa de capacidade da bateria: 3500-4499 mAh<\/div>\n<\/div>\n<div class=\"specification--prop--RejitI8\">\n<div class=\"specification--title--UbVeyic\">Quantidade da c\u00e2mera traseira: 4<\/div>\n<\/div>\n<\/li>\n<li class=\"specification--line--iUJOqof\">\n<div class=\"specification--prop--RejitI8\">\n<div class=\"specification--title--UbVeyic\">Carregamento sem fio: SIM<\/div>\n<\/div>\n<div class=\"specification--prop--RejitI8\">\n<div class=\"specification--title--UbVeyic\">NFC: SIM<\/div>\n<\/div>\n<\/li>\n<li class=\"specification--line--iUJOqof\">\n<div class=\"specification--prop--RejitI8\">\n<div class=\"specification--title--UbVeyic\">Tecnologia biom\u00e9trica: reconhecimento de impress\u00e3o digital<\/div>\n<\/div>\n<div class=\"specification--prop--RejitI8\">\n<div class=\"specification--title--UbVeyic\">Tipo de interface de carregamento: Tipo-C<\/div>\n<\/div>\n<\/li>\n<li class=\"specification--line--iUJOqof\">\n<div class=\"specification--prop--RejitI8\">\n<div class=\"specification--title--UbVeyic\">Quantidade da c\u00e2mera frontal: 1<\/div>\n<\/div>\n<div class=\"specification--prop--RejitI8\">\n<div class=\"specification--title--UbVeyic\">Porta de fone de ouvido de 3,5 mm: SIM<\/div>\n<\/div>\n<\/li>\n<li class=\"specification--line--iUJOqof\">\n<div class=\"specification--prop--RejitI8\">\n<div class=\"specification--title--UbVeyic\">Carregamento r\u00e1pido: sem suporte<\/div>\n<\/div>\n<div class=\"specification--prop--RejitI8\">\n<div class=\"specification--title--UbVeyic\">Tipo de tela: Tela normal<\/div>\n<\/div>\n<\/li>\n<li class=\"specification--line--iUJOqof\">\n<div class=\"specification--prop--RejitI8\">\n<div class=\"specification--title--UbVeyic\">Pixel da c\u00e2mera traseira: 16 MP<\/div>\n<\/div>\n<div class=\"specification--prop--RejitI8\">\n<div class=\"specification--title--UbVeyic\">Pixel da c\u00e2mera frontal: 13 MP<\/div>\n<\/div>\n<\/li>\n<li class=\"specification--line--iUJOqof\">\n<div class=\"specification--prop--RejitI8\">\n<div class=\"specification--title--UbVeyic\">Capacidade da bateria (mAh):4380<\/div>\n<\/div>\n<div class=\"specification--prop--RejitI8\">\n<div class=\"specification--title--UbVeyic\">Material da tela:LCD<\/div>\n<\/div>\n<\/li>\n<li class=\"specification--line--iUJOqof\">\n<div class=\"specification--prop--RejitI8\">\n<div class=\"specification--title--UbVeyic\">Modelo de CPU:MTK<\/div>\n<\/div>\n<div class=\"specification--prop--RejitI8\">\n<div class=\"specification--title--UbVeyic\">Tipo de bateria: n\u00e3o remov\u00edvel<\/div>\n<\/div>\n<\/li>\n<li class=\"specification--line--iUJOqof\">\n<div class=\"specification--prop--RejitI8\">\n<div class=\"specification--title--UbVeyic\">Resolu\u00e7\u00e3o da tela: 720\u00d71440<\/div>\n<\/div>\n<div class=\"specification--prop--RejitI8\">\n<div class=\"specification--title--UbVeyic\">Quantidade de cart\u00e3o SIM: 2 cart\u00f5es SIM<\/div>\n<\/div>\n<\/li>\n<li class=\"specification--line--iUJOqof\">\n<div class=\"specification--prop--RejitI8\">\n<div class=\"specification--title--UbVeyic\">Idioma: ingl\u00eas, russo, alem\u00e3o, franc\u00eas, espanhol, polon\u00eas, portugu\u00eas, italiano, turco, noruegu\u00eas, coreano, japon\u00eas, \u00e1rabe<\/div>\n<\/div>\n<div class=\"specification--prop--RejitI8\">\n<div class=\"specification--title--UbVeyic\">Tamanho da tela: 5,7<\/div>\n<\/div>\n<\/li>\n<li class=\"specification--line--iUJOqof\">\n<div class=\"specification--prop--RejitI8\">\n<div class=\"specification--title--UbVeyic\">Sistema operacional: Android<\/div>\n<\/div>\n<div class=\"specification--prop--RejitI8\">\n<div class=\"specification--title--UbVeyic\">Condi\u00e7\u00e3o do item: Novo<\/div>\n<\/div>\n<\/li>\n<li class=\"specification--line--iUJOqof\">\n<div class=\"specification--prop--RejitI8\">\n<div class=\"specification--title--UbVeyic\">Projeto: BAR<\/div>\n<\/div>\n<div class=\"specification--prop--RejitI8\">\n<div class=\"specification--title--UbVeyic\">Marca:BLACKVIEW<\/div>\n<\/div>\n<\/li>\n<li class=\"specification--line--iUJOqof\">\n<div class=\"specification--prop--RejitI8\">\n<div class=\"specification--title--UbVeyic\">Origem:China Continental<\/div>\n<\/div>\n<div class=\"specification--prop--RejitI8\">\n<div class=\"specification--title--UbVeyic\">Modelo MTK: Helio P70<\/div>\n<\/div>\n<\/li>\n<li class=\"specification--line--iUJOqof\">\n<div class=\"specification--prop--RejitI8\">\n<div class=\"specification--title--UbVeyic\">Certifica\u00e7\u00e3o: CE<\/div>\n<\/div>\n<div class=\"specification--prop--RejitI8\">\n<div class=\"specification--title--UbVeyic\">C\u00e2mera traseira: 16 MP + 8 MP + 2,0 MP + 0,3 MP<\/div>\n<\/div>\n<\/li>\n<li class=\"specification--line--iUJOqof\">\n<div class=\"specification--prop--RejitI8\">\n<div class=\"specification--title--UbVeyic\">2G:1900\/1800\/900\/850<\/div>\n<\/div>\n<div class=\"specification--prop--RejitI8\">\n<div class=\"specification--title--UbVeyic\">3G WCDMA:B1\/B2\/B4\/B5\/B8<\/div>\n<\/div>\n<\/li>\n<li class=\"specification--line--iUJOqof\">\n<div class=\"specification--prop--RejitI8\">\n<div class=\"specification--title--UbVeyic\">3G CDMA:BC0\/BC1\/BC6<\/div>\n<\/div>\n<div class=\"specification--prop--RejitI8\">\n<div class=\"specification--title--UbVeyic\">4G TDD:B38\/B40\/B41<\/div>\n<\/div>\n<\/li>\n<li class=\"specification--line--iUJOqof\">\n<div class=\"specification--prop--RejitI8\">\n<div class=\"specification--title--UbVeyic\">4G FDD:B1\/B2\/B3\/B4\/B5\/B7\/B8\/B12\/B13\/B17\/B18\/B19\/B25\/B26\/B66\/B20\/B28A\/B28B<\/div>\n<\/div>\n<\/li>\n<\/ul>\n<\/div>","protected":false},"excerpt":{"rendered":"<p>\u27145.7 Inch 11.6mm Slim Rugged<br \/>\n\u2714Helio P70 6GB+128GB<br \/>\n\u27144380mAh Android 10.0<br \/>\n\u2714NFC IP68 Waterproof<\/p>","protected":false},"featured_media":26948,"template":"","meta":[],"product_brand":[1384],"product_cat":[1295],"product_tag":[],"class_list":{"0":"post-26820","1":"product","2":"type-product","3":"status-publish","4":"has-post-thumbnail","6":"product_brand-blackview","7":"product_cat-mobile-phone","9":"first","10":"instock","11":"shipping-taxable","12":"product-type-simple"},"aioseo_notices":[],"aioseo_head":"\n\t\t<!-- All in One SEO Pro 4.5.9.2 - aioseo.com -->\n\t\t<meta name=\"description\" content=\"\u27145.7 Inch 11.6mm Slim Rugged \u2714Helio P70 6GB+128GB \u27144380mAh Android 10.0 \u2714NFC IP68 Waterproof\" \/>\n\t\t<meta name=\"robots\" content=\"max-image-preview:large\" \/>\n\t\t<link rel=\"canonical\" href=\"https:\/\/www.rucashk.com\/pt\/produto\/blackview-bv6300-pro-rugged-phone-smartphone\/\" \/>\n\t\t<meta name=\"generator\" content=\"All in One SEO Pro (AIOSEO) 4.5.9.2\" \/>\n\t\t<meta property=\"og:locale\" content=\"pt_PT\" \/>\n\t\t<meta property=\"og:site_name\" content=\"Rucas - One-stop AIoT Distribution Worldwide\" \/>\n\t\t<meta property=\"og:type\" content=\"article\" \/>\n\t\t<meta property=\"og:title\" content=\"BLACKVIEW BV6300 Pro Rugged Phone Smartphone - Rucas - Wholesale and Distribution\" \/>\n\t\t<meta property=\"og:description\" content=\"\u27145.7 Inch 11.6mm Slim Rugged \u2714Helio P70 6GB+128GB \u27144380mAh Android 10.0 \u2714NFC IP68 Waterproof\" \/>\n\t\t<meta property=\"og:url\" content=\"https:\/\/www.rucashk.com\/pt\/produto\/blackview-bv6300-pro-rugged-phone-smartphone\/\" \/>\n\t\t<meta property=\"og:image\" content=\"https:\/\/www.rucashk.com\/wp-content\/uploads\/replace\/503b8e645f128a97ccde2b6290747646.jpeg\" \/>\n\t\t<meta property=\"og:image:secure_url\" content=\"https:\/\/www.rucashk.com\/wp-content\/uploads\/replace\/503b8e645f128a97ccde2b6290747646.jpeg\" \/>\n\t\t<meta property=\"og:image:width\" content=\"1456\" \/>\n\t\t<meta property=\"og:image:height\" content=\"816\" \/>\n\t\t<meta property=\"article:published_time\" content=\"2024-01-09T16:33:11+00:00\" \/>\n\t\t<meta property=\"article:modified_time\" content=\"2025-06-21T10:01:30+00:00\" \/>\n\t\t<meta name=\"twitter:card\" content=\"summary_large_image\" \/>\n\t\t<meta name=\"twitter:title\" content=\"BLACKVIEW BV6300 Pro Rugged Phone Smartphone - Rucas - Wholesale and Distribution\" \/>\n\t\t<meta name=\"twitter:description\" content=\"\u27145.7 Inch 11.6mm Slim Rugged \u2714Helio P70 6GB+128GB \u27144380mAh Android 10.0 \u2714NFC IP68 Waterproof\" \/>\n\t\t<meta name=\"twitter:image\" content=\"https:\/\/www.rucashk.com\/wp-content\/uploads\/replace\/503b8e645f128a97ccde2b6290747646.jpeg\" \/>\n\t\t<script type=\"application\/ld+json\" class=\"aioseo-schema\">\n\t\t\t{\"@context\":\"https:\\\/\\\/schema.org\",\"@graph\":[{\"@type\":\"BreadcrumbList\",\"@id\":\"https:\\\/\\\/www.rucashk.com\\\/pt\\\/produto\\\/blackview-bv6300-pro-rugged-phone-smartphone\\\/#breadcrumblist\",\"itemListElement\":[{\"@type\":\"ListItem\",\"@id\":\"https:\\\/\\\/www.rucashk.com\\\/pt\\\/#listItem\",\"position\":1,\"name\":\"Home\",\"item\":\"https:\\\/\\\/www.rucashk.com\\\/pt\\\/\",\"nextItem\":\"https:\\\/\\\/www.rucashk.com\\\/pt\\\/produto\\\/blackview-bv6300-pro-rugged-phone-smartphone\\\/#listItem\"},{\"@type\":\"ListItem\",\"@id\":\"https:\\\/\\\/www.rucashk.com\\\/pt\\\/produto\\\/blackview-bv6300-pro-rugged-phone-smartphone\\\/#listItem\",\"position\":2,\"name\":\"BLACKVIEW BV6300 Pro Rugged Phone Smartphone\",\"previousItem\":\"https:\\\/\\\/www.rucashk.com\\\/pt\\\/#listItem\"}]},{\"@type\":\"Organization\",\"@id\":\"https:\\\/\\\/www.rucashk.com\\\/pt\\\/#organization\",\"name\":\"Rucas\",\"url\":\"https:\\\/\\\/www.rucashk.com\\\/pt\\\/\",\"logo\":{\"@type\":\"ImageObject\",\"url\":\"https:\\\/\\\/www.rucashk.com\\\/wp-content\\\/uploads\\\/2023\\\/12\\\/Rucas_campany_logo.png\",\"@id\":\"https:\\\/\\\/www.rucashk.com\\\/pt\\\/produto\\\/blackview-bv6300-pro-rugged-phone-smartphone\\\/#organizationLogo\",\"width\":221,\"height\":65},\"image\":{\"@id\":\"https:\\\/\\\/www.rucashk.com\\\/pt\\\/#organizationLogo\"}},{\"@type\":\"Person\",\"@id\":\"https:\\\/\\\/www.rucashk.com\\\/pt\\\/author\\\/admin\\\/#author\",\"url\":\"https:\\\/\\\/www.rucashk.com\\\/pt\\\/author\\\/admin\\\/\",\"name\":\"admin\",\"image\":{\"@type\":\"ImageObject\",\"@id\":\"https:\\\/\\\/www.rucashk.com\\\/pt\\\/produto\\\/blackview-bv6300-pro-rugged-phone-smartphone\\\/#authorImage\",\"url\":\"https:\\\/\\\/secure.gravatar.com\\\/avatar\\\/b7c8925b09a27e72b30232f8ecaadbd5af0f70a38c78096863fe51b64f031c24?s=96&d=mm&r=g\",\"width\":96,\"height\":96,\"caption\":\"admin\"}},{\"@type\":\"WebPage\",\"@id\":\"https:\\\/\\\/www.rucashk.com\\\/pt\\\/produto\\\/blackview-bv6300-pro-rugged-phone-smartphone\\\/#webpage\",\"url\":\"https:\\\/\\\/www.rucashk.com\\\/pt\\\/produto\\\/blackview-bv6300-pro-rugged-phone-smartphone\\\/\",\"name\":\"BLACKVIEW BV6300 Pro Rugged Phone Smartphone - Rucas - Wholesale and Distribution\",\"description\":\"\\u27145.7 Inch 11.6mm Slim Rugged \\u2714Helio P70 6GB+128GB \\u27144380mAh Android 10.0 \\u2714NFC IP68 Waterproof\",\"inLanguage\":\"pt-PT\",\"isPartOf\":{\"@id\":\"https:\\\/\\\/www.rucashk.com\\\/pt\\\/#website\"},\"breadcrumb\":{\"@id\":\"https:\\\/\\\/www.rucashk.com\\\/pt\\\/produto\\\/blackview-bv6300-pro-rugged-phone-smartphone\\\/#breadcrumblist\"},\"author\":{\"@id\":\"https:\\\/\\\/www.rucashk.com\\\/pt\\\/author\\\/admin\\\/#author\"},\"creator\":{\"@id\":\"https:\\\/\\\/www.rucashk.com\\\/pt\\\/author\\\/admin\\\/#author\"},\"image\":{\"@type\":\"ImageObject\",\"url\":\"https:\\\/\\\/www.rucashk.com\\\/wp-content\\\/uploads\\\/2024\\\/01\\\/10001-19.jpg\",\"@id\":\"https:\\\/\\\/www.rucashk.com\\\/pt\\\/produto\\\/blackview-bv6300-pro-rugged-phone-smartphone\\\/#mainImage\",\"width\":1200,\"height\":1200},\"primaryImageOfPage\":{\"@id\":\"https:\\\/\\\/www.rucashk.com\\\/pt\\\/produto\\\/blackview-bv6300-pro-rugged-phone-smartphone\\\/#mainImage\"},\"datePublished\":\"2024-01-09T16:33:11+00:00\",\"dateModified\":\"2025-06-21T10:01:30+00:00\"},{\"@type\":\"WebSite\",\"@id\":\"https:\\\/\\\/www.rucashk.com\\\/pt\\\/#website\",\"url\":\"https:\\\/\\\/www.rucashk.com\\\/pt\\\/\",\"name\":\"Rucas - Wholesale and distribution worldwide\",\"alternateName\":\"Rucas - One-stop AIoT Distribution Worldwide\",\"description\":\"One-stop AIoT Distribution Worldwide\",\"inLanguage\":\"pt-PT\",\"publisher\":{\"@id\":\"https:\\\/\\\/www.rucashk.com\\\/pt\\\/#organization\"}}]}\n\t\t<\/script>\n\t\t<!-- All in One SEO Pro -->\r\n\t\t<title>BLACKVIEW BV6300 Pro Rugged Phone Smartphone - Rucas - Wholesale and Distribution<\/title>\n\n","aioseo_head_json":{"title":"BLACKVIEW BV6300 Pro Rugged Phone Smartphone - Rucas - Wholesale and Distribution","description":"\u27145.7 Inch 11.6mm Slim Rugged \u2714Helio P70 6GB+128GB \u27144380mAh Android 10.0 \u2714NFC IP68 Waterproof","canonical_url":"https:\/\/www.rucashk.com\/pt\/produto\/blackview-bv6300-pro-rugged-phone-smartphone\/","robots":"max-image-preview:large","keywords":"","webmasterTools":{"miscellaneous":""},"og:locale":"pt_PT","og:site_name":"Rucas - One-stop AIoT Distribution Worldwide","og:type":"article","og:title":"BLACKVIEW BV6300 Pro Rugged Phone Smartphone - Rucas - Wholesale and Distribution","og:description":"\u27145.7 Inch 11.6mm Slim Rugged \u2714Helio P70 6GB+128GB \u27144380mAh Android 10.0 \u2714NFC IP68 Waterproof","og:url":"https:\/\/www.rucashk.com\/pt\/produto\/blackview-bv6300-pro-rugged-phone-smartphone\/","og:image":"https:\/\/www.rucashk.com\/wp-content\/uploads\/replace\/503b8e645f128a97ccde2b6290747646.jpeg","og:image:secure_url":"https:\/\/www.rucashk.com\/wp-content\/uploads\/replace\/503b8e645f128a97ccde2b6290747646.jpeg","og:image:width":1456,"og:image:height":816,"article:published_time":"2024-01-09T16:33:11+00:00","article:modified_time":"2025-06-21T10:01:30+00:00","twitter:card":"summary_large_image","twitter:title":"BLACKVIEW BV6300 Pro Rugged Phone Smartphone - Rucas - Wholesale and Distribution","twitter:description":"\u27145.7 Inch 11.6mm Slim Rugged \u2714Helio P70 6GB+128GB \u27144380mAh Android 10.0 \u2714NFC IP68 Waterproof","twitter:image":"https:\/\/www.rucashk.com\/wp-content\/uploads\/replace\/503b8e645f128a97ccde2b6290747646.jpeg","schema":{"@context":"https:\/\/schema.org","@graph":[{"@type":"BreadcrumbList","@id":"https:\/\/www.rucashk.com\/pt\/produto\/blackview-bv6300-pro-rugged-phone-smartphone\/#breadcrumblist","itemListElement":[{"@type":"ListItem","@id":"https:\/\/www.rucashk.com\/pt\/#listItem","position":1,"name":"Home","item":"https:\/\/www.rucashk.com\/pt\/","nextItem":"https:\/\/www.rucashk.com\/pt\/produto\/blackview-bv6300-pro-rugged-phone-smartphone\/#listItem"},{"@type":"ListItem","@id":"https:\/\/www.rucashk.com\/pt\/produto\/blackview-bv6300-pro-rugged-phone-smartphone\/#listItem","position":2,"name":"BLACKVIEW BV6300 Pro Rugged Phone Smartphone","previousItem":"https:\/\/www.rucashk.com\/pt\/#listItem"}]},{"@type":"Organization","@id":"https:\/\/www.rucashk.com\/pt\/#organization","name":"Rucas","url":"https:\/\/www.rucashk.com\/pt\/","logo":{"@type":"ImageObject","url":"https:\/\/www.rucashk.com\/wp-content\/uploads\/2023\/12\/Rucas_campany_logo.png","@id":"https:\/\/www.rucashk.com\/pt\/produto\/blackview-bv6300-pro-rugged-phone-smartphone\/#organizationLogo","width":221,"height":65},"image":{"@id":"https:\/\/www.rucashk.com\/pt\/#organizationLogo"}},{"@type":"Person","@id":"https:\/\/www.rucashk.com\/pt\/author\/admin\/#author","url":"https:\/\/www.rucashk.com\/pt\/author\/admin\/","name":"admin","image":{"@type":"ImageObject","@id":"https:\/\/www.rucashk.com\/pt\/produto\/blackview-bv6300-pro-rugged-phone-smartphone\/#authorImage","url":"https:\/\/secure.gravatar.com\/avatar\/b7c8925b09a27e72b30232f8ecaadbd5af0f70a38c78096863fe51b64f031c24?s=96&d=mm&r=g","width":96,"height":96,"caption":"admin"}},{"@type":"WebPage","@id":"https:\/\/www.rucashk.com\/pt\/produto\/blackview-bv6300-pro-rugged-phone-smartphone\/#webpage","url":"https:\/\/www.rucashk.com\/pt\/produto\/blackview-bv6300-pro-rugged-phone-smartphone\/","name":"BLACKVIEW BV6300 Pro Rugged Phone Smartphone - Rucas - Wholesale and Distribution","description":"\u27145.7 Inch 11.6mm Slim Rugged \u2714Helio P70 6GB+128GB \u27144380mAh Android 10.0 \u2714NFC IP68 Waterproof","inLanguage":"pt-PT","isPartOf":{"@id":"https:\/\/www.rucashk.com\/pt\/#website"},"breadcrumb":{"@id":"https:\/\/www.rucashk.com\/pt\/produto\/blackview-bv6300-pro-rugged-phone-smartphone\/#breadcrumblist"},"author":{"@id":"https:\/\/www.rucashk.com\/pt\/author\/admin\/#author"},"creator":{"@id":"https:\/\/www.rucashk.com\/pt\/author\/admin\/#author"},"image":{"@type":"ImageObject","url":"https:\/\/www.rucashk.com\/wp-content\/uploads\/2024\/01\/10001-19.jpg","@id":"https:\/\/www.rucashk.com\/pt\/produto\/blackview-bv6300-pro-rugged-phone-smartphone\/#mainImage","width":1200,"height":1200},"primaryImageOfPage":{"@id":"https:\/\/www.rucashk.com\/pt\/produto\/blackview-bv6300-pro-rugged-phone-smartphone\/#mainImage"},"datePublished":"2024-01-09T16:33:11+00:00","dateModified":"2025-06-21T10:01:30+00:00"},{"@type":"WebSite","@id":"https:\/\/www.rucashk.com\/pt\/#website","url":"https:\/\/www.rucashk.com\/pt\/","name":"Rucas - Wholesale and distribution worldwide","alternateName":"Rucas - One-stop AIoT Distribution Worldwide","description":"One-stop AIoT Distribution Worldwide","inLanguage":"pt-PT","publisher":{"@id":"https:\/\/www.rucashk.com\/pt\/#organization"}}]}},"aioseo_meta_data":{"post_id":"26820","title":null,"description":null,"keywords":null,"keyphrases":null,"primary_term":null,"canonical_url":null,"og_title":null,"og_description":null,"og_object_type":"default","og_image_type":"default","og_image_url":null,"og_image_width":null,"og_image_height":null,"og_image_custom_url":null,"og_image_custom_fields":null,"og_video":null,"og_custom_url":null,"og_article_section":null,"og_article_tags":null,"twitter_use_og":false,"twitter_card":"default","twitter_image_type":"default","twitter_image_url":null,"twitter_image_custom_url":null,"twitter_image_custom_fields":null,"twitter_title":null,"twitter_description":null,"schema":{"blockGraphs":[],"customGraphs":[],"default":{"data":{"Article":[],"Course":[],"Dataset":[],"FAQPage":[],"Movie":[],"Person":[],"Product":[],"Recipe":[],"Service":[],"SoftwareApplication":[],"WebPage":[]},"graphName":"","isEnabled":true},"graphs":[]},"schema_type":"default","schema_type_options":null,"pillar_content":false,"robots_default":true,"robots_noindex":false,"robots_noarchive":false,"robots_nosnippet":false,"robots_nofollow":false,"robots_noimageindex":false,"robots_noodp":false,"robots_notranslate":false,"robots_max_snippet":null,"robots_max_videopreview":null,"robots_max_imagepreview":"large","priority":null,"frequency":null,"local_seo":null,"breadcrumb_settings":null,"limit_modified_date":false,"created":"2024-04-11 01:57:21","updated":"2025-06-22 18:26:03"},"aioseo_breadcrumb":"<div class=\"aioseo-breadcrumbs\"><span class=\"aioseo-breadcrumb\">\n\t<a href=\"https:\/\/www.rucashk.com\/pt\" title=\"Home\">Home<\/a>\n<\/span><span class=\"aioseo-breadcrumb-separator\">&raquo;<\/span><span class=\"aioseo-breadcrumb\">\n\t<a href=\"https:\/\/www.rucashk.com\/pt\/products\/\" title=\"Produtos\">Produtos<\/a>\n<\/span><span class=\"aioseo-breadcrumb-separator\">&raquo;<\/span><span class=\"aioseo-breadcrumb\">\n\t<a href=\"https:\/\/www.rucashk.com\/pt\/marca\/blackview\/\" title=\"BlackView\">BlackView<\/a>\n<\/span><span class=\"aioseo-breadcrumb-separator\">&raquo;<\/span><span class=\"aioseo-breadcrumb\">\n\tBLACKVIEW BV6300 Pro Rugged Phone Smartphone\n<\/span><\/div>","aioseo_breadcrumb_json":[{"label":"Home","link":"https:\/\/www.rucashk.com\/pt"},{"label":"Produtos","link":"https:\/\/www.rucashk.com\/pt\/products\/"},{"label":"BlackView","link":"https:\/\/www.rucashk.com\/pt\/marca\/blackview\/"},{"label":"BLACKVIEW BV6300 Pro Rugged Phone Smartphone","link":"https:\/\/www.rucashk.com\/pt\/produto\/blackview-bv6300-pro-rugged-phone-smartphone\/"}],"_links":{"self":[{"href":"https:\/\/www.rucashk.com\/pt\/wp-json\/wp\/v2\/product\/26820","targetHints":{"allow":["GET"]}}],"collection":[{"href":"https:\/\/www.rucashk.com\/pt\/wp-json\/wp\/v2\/product"}],"about":[{"href":"https:\/\/www.rucashk.com\/pt\/wp-json\/wp\/v2\/types\/product"}],"wp:featuredmedia":[{"embeddable":true,"href":"https:\/\/www.rucashk.com\/pt\/wp-json\/wp\/v2\/media\/26948"}],"wp:attachment":[{"href":"https:\/\/www.rucashk.com\/pt\/wp-json\/wp\/v2\/media?parent=26820"}],"wp:term":[{"taxonomy":"product_brand","embeddable":true,"href":"https:\/\/www.rucashk.com\/pt\/wp-json\/wp\/v2\/product_brand?post=26820"},{"taxonomy":"product_cat","embeddable":true,"href":"https:\/\/www.rucashk.com\/pt\/wp-json\/wp\/v2\/product_cat?post=26820"},{"taxonomy":"product_tag","embeddable":true,"href":"https:\/\/www.rucashk.com\/pt\/wp-json\/wp\/v2\/product_tag?post=26820"}],"curies":[{"name":"wp","href":"https:\/\/api.w.org\/{rel}","templated":true}]}}