{"id":26710,"date":"2024-01-09T16:32:01","date_gmt":"2024-01-09T16:32:01","guid":{"rendered":"http:\/\/rucashk.com\/?post_type=product&#038;p=26710"},"modified":"2024-01-22T09:28:32","modified_gmt":"2024-01-22T09:28:32","slug":"wanbo-x1-mini%ef%bc%88xs01%ef%bc%89","status":"publish","type":"product","link":"https:\/\/www.rucashk.com\/pt\/produto\/wanbo-x1-mini%ef%bc%88xs01%ef%bc%89\/","title":{"rendered":"Wanbo X1 Mini\uff08XS01\uff09"},"content":{"rendered":"<h3>Vers\u00e3o Global Wanbo X1 Mini Projetor<\/h3>\n<p>Suporte 1080p 200 ANSI Lumen LED Lente de vidro para projetor port\u00e1til Home Theater vs T6 T2R MAX<img decoding=\"async\" alt=\"Wanbo X1 Mini\uff08XS01\uff09\" src=\"\/wp-content\/uploads\/replace\/7038d27ffaca1a9263c029d8f7cd86a5.jpeg\" \/><\/p>\n<p><strong>Miniprojetor<\/strong><br \/>\nFa\u00e7a uma viagem a qualquer momento, os projetores de palma reais s\u00e3o primorosamente elaborados com o design para serem usados com facilidade<\/p>\n<p><img decoding=\"async\" alt=\"Wanbo X1 Mini\uff08XS01\uff09\" src=\"\/wp-content\/uploads\/replace\/5585673ca1204cd19ef41e017432c98f.jpeg\" \/><\/p>\n<p><strong>Bonito e n\u00e3o como um estilo de capacidade<\/strong><br \/>\nBrilho200ansilm<br \/>\nSuporte1080P<br \/>\n3W IndependenteFon\u00eamico<\/p>\n<p><img decoding=\"async\" alt=\"Wanbo X1 Mini\uff08XS01\uff09\" src=\"\/wp-content\/uploads\/replace\/9145fdd8a423a888c8e064c348ace9cf.jpeg\" \/><img decoding=\"async\" alt=\"Wanbo X1 Mini\uff08XS01\uff09\" src=\"\/wp-content\/uploads\/replace\/df2ef87616338c5e448dea91b495a89d.jpeg\" \/><\/p>\n<p><strong>Beleza e Justi\u00e7a<\/strong><br \/>\nBonito tanto na frente quanto atr\u00e1s, atraente e conotativo<\/p>\n<p><img decoding=\"async\" alt=\"Wanbo X1 Mini\uff08XS01\uff09\" src=\"\/wp-content\/uploads\/replace\/3e6bd7a53797fc83f23fbdce2c6f1d3a.jpeg\" \/><\/p>\n<p><strong>Ajuste Texturizado<\/strong><br \/>\nBola de metal puro com di\u00e2metro de 12mm, qualidade de vida para voc\u00ea<\/p>\n<p><img decoding=\"async\" alt=\"Wanbo X1 Mini\uff08XS01\uff09\" src=\"\/wp-content\/uploads\/replace\/d429c7ae94c38b71d333ed7dcd140a6c.jpeg\" \/><\/p>\n<p><strong>Lente de vidro completa, transparente e dur\u00e1vel<\/strong><br \/>\nLente de vidro puro com revestimento de tr\u00eas camadas, muito transparente e dur\u00e1vel. Mais de 20.000 horas, veja o mundo com um feixe de luz<\/p>\n<p><img decoding=\"async\" alt=\"Wanbo X1 Mini\uff08XS01\uff09\" src=\"\/wp-content\/uploads\/replace\/8647088a9fcf18da8119d9e6e91d3947.jpeg\" \/><\/p>\n<p>&nbsp;<\/p>\n<p>&nbsp;<\/p>\n<p><strong>Suporte para decodifica\u00e7\u00e3o 1080P Aproveite uma imagem grande e quente<\/strong><br \/>\nProje\u00e7\u00e3o pequena, imagem grande, em qualquer lugar da sala ou do quarto, cinema privado para voc\u00ea a qualquer hora e em qualquer lugar apenas com uma parede<\/p>\n<p><img decoding=\"async\" alt=\"Wanbo X1 Mini\uff08XS01\uff09\" src=\"\/wp-content\/uploads\/replace\/7308d1edd35a112c4d5a6c5ec68b6567.jpeg\" \/><\/p>\n<p><strong>Som de alta qualidade em cavidade grande<\/strong><\/p>\n<p>Som natural, confort\u00e1vel e totalmente envolvido com o som, esteja pessoalmente no local<\/p>\n<p><img decoding=\"async\" alt=\"Wanbo X1 Mini\uff08XS01\uff09\" src=\"\/wp-content\/uploads\/replace\/42f56acd11f0325a77311108d3a8e522.jpeg\" \/><\/p>\n<p><strong>Interfaces abundantes, mais possibilidades<\/strong><br \/>\nA interface HDMI transmite sinais de \u00e1udio e imagem de alta qualidade, basta jogar livremente em casa e ao ar livre para atender \u00e0s necessidades de requisitos diversificados<\/p>\n<p><img decoding=\"async\" alt=\"Wanbo X1 Mini\uff08XS01\uff09\" src=\"\/wp-content\/uploads\/replace\/cdb9b7d417971b6273351f3b7e54ea1b.jpeg\" \/><\/p>\n<p>&nbsp;<\/p>\n<p><strong>Ventiladores duplos, baixo ru\u00eddo<\/strong><br \/>\nExcelente sistema de dissipa\u00e7\u00e3o de calor, garante que o projetor mantenha baixo ru\u00eddo sempre em caso de boa dissipa\u00e7\u00e3o de calor (30db\/m)<\/p>\n<p><img decoding=\"async\" alt=\"Wanbo X1 Mini\uff08XS01\uff09\" src=\"\/wp-content\/uploads\/replace\/2ed9de2ee0aaa994715cb1ddbcfac2da.jpeg\" \/><\/p>\n<p><strong>Vivendo \u00e0 altura do Encontro <\/strong><\/p>\n<p><strong>Mostre a voc\u00ea um lindo eu<\/strong><\/p>\n<p>Comece com a apar\u00eancia, seja fiel \u00e0 conota\u00e7\u00e3o, siga seu cora\u00e7\u00e3o e capte cada detalhe com cuidado<\/p>\n<p><img decoding=\"async\" alt=\"Wanbo X1 Mini\uff08XS01\uff09\" src=\"\/wp-content\/uploads\/replace\/d9c4e2b000cfe4575f27684301dca87a.jpeg\" \/><img decoding=\"async\" alt=\"Wanbo X1 Mini\uff08XS01\uff09\" src=\"\/wp-content\/uploads\/replace\/1e1cf0e520ac3cf11b1382a94cf5d0f7.jpeg\" \/><\/p>\n<p><img decoding=\"async\" alt=\"Wanbo X1 Mini\uff08XS01\uff09\" src=\"\/wp-content\/uploads\/replace\/5857b42642a888324a4296ca8dd733ab.jpeg\" data-spm-anchor-id=\"a2g0o.detail.1000023.i0.1e760Olq0Olqiq\" \/><\/p>\n<div class=\"title--wrap--wDzGayX\">\n<div class=\"title--text--Lx66GPw\">\n<h1 class=\"title--title--RN9Pt03\">Especifica\u00e7\u00f5es<\/h1>\n<\/div>\n<\/div>\n<ul class=\"specification--list--fiWsSyv\">\n<li class=\"specification--line--iUJOqof\">\n<div class=\"specification--prop--RejitI8\">\n<div class=\"specification--title--UbVeyic\">Marca: FEERED<\/div>\n<\/div>\n<div class=\"specification--prop--RejitI8\">\n<div class=\"specification--title--UbVeyic\">Origem:China Continental<\/div>\n<\/div>\n<\/li>\n<li class=\"specification--line--iUJOqof\">\n<div class=\"specification--prop--RejitI8\">\n<div class=\"specification--title--UbVeyic\">Certifica\u00e7\u00e3o:NENHUMA<\/div>\n<\/div>\n<div class=\"specification--prop--RejitI8\">\n<div class=\"specification--title--UbVeyic\">poder de resolu\u00e7\u00e3o: 800x480P<\/div>\n<\/div>\n<\/li>\n<li class=\"specification--line--iUJOqof\">\n<div class=\"specification--prop--RejitI8\">\n<div class=\"specification--title--UbVeyic\">Artigo n\u00ba:Projetor Universalcast X1 mini<\/div>\n<\/div>\n<div class=\"specification--prop--RejitI8\">\n<div class=\"specification--title--UbVeyic\">Marca: Wanbo<\/div>\n<\/div>\n<\/li>\n<li class=\"specification--line--iUJOqof\">\n<div class=\"specification--prop--RejitI8\">\n<div class=\"specification--title--UbVeyic\">pot\u00eancia:34<\/div>\n<\/div>\n<div class=\"specification--prop--RejitI8\">\n<div class=\"specification--title--UbVeyic\">Modelo: projetor Wanbo X1 mini\/projetor Wanbo X1 max<\/div>\n<\/div>\n<\/li>\n<li class=\"specification--line--iUJOqof\">\n<div class=\"specification--prop--RejitI8\">\n<div class=\"specification--title--UbVeyic\">Especifica\u00e7\u00f5es: Projetor Wanbo X1 mini (vers\u00e3o internacional)<\/div>\n<\/div>\n<div class=\"specification--prop--RejitI8\">\n<div class=\"specification--title--UbVeyic\">N\u00famero do pedido:Projetor Universalcast X1 mini<\/div>\n<\/div>\n<\/li>\n<li class=\"specification--line--iUJOqof\">\n<div class=\"specification--prop--RejitI8\">\n<div class=\"specification--title--UbVeyic\">Tamanho da imagem de proje\u00e7\u00e3o: 30-80 polegadas<\/div>\n<\/div>\n<div class=\"specification--prop--RejitI8\">\n<div class=\"specification--title--UbVeyic\">peso: 0,646<\/div>\n<\/div>\n<\/li>\n<li class=\"specification--line--iUJOqof\">\n<div class=\"specification--prop--RejitI8\">\n<div class=\"specification--title--UbVeyic\">Modo de proje\u00e7\u00e3o: lan\u00e7amento para frente<\/div>\n<\/div>\n<div class=\"specification--prop--RejitI8\">\n<div class=\"specification--title--UbVeyic\">Tipo:<span data-spm-anchor-id=\"a2g0o.detail.0.i3.69783dwP3dwPJZ\">Projetor port\u00e1til<\/span><\/div>\n<\/div>\n<\/li>\n<\/ul>","protected":false},"excerpt":{"rendered":"<p><strong>Miniprojetor:<\/strong>Fa\u00e7a uma viagem a qualquer momento, os projetores de palma reais s\u00e3o primorosamente elaborados com o design para serem usados com facilidade<\/p>\n<p><strong>Bonito e n\u00e3o como um estilo de capacidade<\/strong><\/p>\n<p><strong>Beleza e Justi\u00e7a:<\/strong>Bonito tanto na frente quanto atr\u00e1s, atraente e conotativo<\/p>\n<p><strong>Ajuste Texturizado:<\/strong>Bola de metal puro com di\u00e2metro de 12mm, qualidade de vida para voc\u00ea<\/p>\n<p><strong>Lente de vidro completa, clara e dur\u00e1vel:<\/strong>Lente de vidro puro com revestimento de tr\u00eas camadas, muito transparente e dur\u00e1vel. Mais de 20.000 horas, veja o mundo com um feixe de luz<\/p>\n<p><strong>Suporte para decodifica\u00e7\u00e3o 1080P Aproveite uma imagem grande e quente<\/strong><\/p>\n<p><strong>Som de alta qualidade em cavidade grande<\/strong><\/p>\n<p><strong>Interfaces abundantes, mais possibilidades<\/strong><\/p>\n<p><strong>Ventiladores duplos, baixo ru\u00eddo<\/strong><\/p>\n<p>&nbsp;<\/p>","protected":false},"featured_media":26843,"template":"","meta":[],"product_brand":[],"product_cat":[1313,1305],"product_tag":[],"class_list":{"0":"post-26710","1":"product","2":"type-product","3":"status-publish","4":"has-post-thumbnail","6":"product_cat-projector","7":"product_cat-xiaomi-eco","9":"first","10":"instock","11":"shipping-taxable","12":"product-type-simple"},"aioseo_notices":[],"aioseo_head":"\n\t\t<!-- All in One SEO Pro 4.5.9.2 - aioseo.com -->\n\t\t<meta name=\"description\" content=\"Mini Projector:Go on a trip at anytime, real palm projectors are exquisitelycrafted with the design of using at ease Beautiful and not like a Capability Style Beauty and Justice:Beautiful both for front and back, attractive and connotative Textured Adjustment:Pure metal ball with diameter of 12mm, quality life for you Full Glass LensClear and Durable:Pure glass lens with three-Layers Coating, much clear anddurable. 20000+ Hours, See the world with a beam of light Support 1080P DecodingEnjoy large warm picture High Quality SoundFrom Large Cavity Plentiful Interfaces More Possibilities Double Fans\uff0cLow Noise\" \/>\n\t\t<meta name=\"robots\" content=\"max-image-preview:large\" \/>\n\t\t<link rel=\"canonical\" href=\"https:\/\/www.rucashk.com\/pt\/produto\/wanbo-x1-mini%ef%bc%88xs01%ef%bc%89\/\" \/>\n\t\t<meta name=\"generator\" content=\"All in One SEO Pro (AIOSEO) 4.5.9.2\" \/>\n\t\t<meta property=\"og:locale\" content=\"pt_PT\" \/>\n\t\t<meta property=\"og:site_name\" content=\"Rucas - One-stop AIoT Distribution Worldwide\" \/>\n\t\t<meta property=\"og:type\" content=\"article\" \/>\n\t\t<meta property=\"og:title\" content=\"Wanbo X1 Mini\uff08XS01\uff09 - Rucas - Wholesale and Distribution\" \/>\n\t\t<meta property=\"og:description\" content=\"Mini Projector:Go on a trip at anytime, real palm projectors are exquisitelycrafted with the design of using at ease Beautiful and not like a Capability Style Beauty and Justice:Beautiful both for front and back, attractive and connotative Textured Adjustment:Pure metal ball with diameter of 12mm, quality life for you Full Glass LensClear and Durable:Pure glass lens with three-Layers Coating, much clear anddurable. 20000+ Hours, See the world with a beam of light Support 1080P DecodingEnjoy large warm picture High Quality SoundFrom Large Cavity Plentiful Interfaces More Possibilities Double Fans\uff0cLow Noise\" \/>\n\t\t<meta property=\"og:url\" content=\"https:\/\/www.rucashk.com\/pt\/produto\/wanbo-x1-mini%ef%bc%88xs01%ef%bc%89\/\" \/>\n\t\t<meta property=\"og:image\" content=\"https:\/\/www.rucashk.com\/wp-content\/uploads\/replace\/503b8e645f128a97ccde2b6290747646.jpeg\" \/>\n\t\t<meta property=\"og:image:secure_url\" content=\"https:\/\/www.rucashk.com\/wp-content\/uploads\/replace\/503b8e645f128a97ccde2b6290747646.jpeg\" \/>\n\t\t<meta property=\"og:image:width\" content=\"1456\" \/>\n\t\t<meta property=\"og:image:height\" content=\"816\" \/>\n\t\t<meta property=\"article:published_time\" content=\"2024-01-09T16:32:01+00:00\" \/>\n\t\t<meta property=\"article:modified_time\" content=\"2024-01-22T09:28:32+00:00\" \/>\n\t\t<meta name=\"twitter:card\" content=\"summary_large_image\" \/>\n\t\t<meta name=\"twitter:title\" content=\"Wanbo X1 Mini\uff08XS01\uff09 - Rucas - Wholesale and Distribution\" \/>\n\t\t<meta name=\"twitter:description\" content=\"Mini Projector:Go on a trip at anytime, real palm projectors are exquisitelycrafted with the design of using at ease Beautiful and not like a Capability Style Beauty and Justice:Beautiful both for front and back, attractive and connotative Textured Adjustment:Pure metal ball with diameter of 12mm, quality life for you Full Glass LensClear and Durable:Pure glass lens with three-Layers Coating, much clear anddurable. 20000+ Hours, See the world with a beam of light Support 1080P DecodingEnjoy large warm picture High Quality SoundFrom Large Cavity Plentiful Interfaces More Possibilities Double Fans\uff0cLow Noise\" \/>\n\t\t<meta name=\"twitter:image\" content=\"https:\/\/www.rucashk.com\/wp-content\/uploads\/replace\/503b8e645f128a97ccde2b6290747646.jpeg\" \/>\n\t\t<script type=\"application\/ld+json\" class=\"aioseo-schema\">\n\t\t\t{\"@context\":\"https:\\\/\\\/schema.org\",\"@graph\":[{\"@type\":\"BreadcrumbList\",\"@id\":\"https:\\\/\\\/www.rucashk.com\\\/pt\\\/produto\\\/wanbo-x1-mini%ef%bc%88xs01%ef%bc%89\\\/#breadcrumblist\",\"itemListElement\":[{\"@type\":\"ListItem\",\"@id\":\"https:\\\/\\\/www.rucashk.com\\\/pt\\\/#listItem\",\"position\":1,\"name\":\"Home\",\"item\":\"https:\\\/\\\/www.rucashk.com\\\/pt\\\/\",\"nextItem\":\"https:\\\/\\\/www.rucashk.com\\\/pt\\\/produto\\\/wanbo-x1-mini%ef%bc%88xs01%ef%bc%89\\\/#listItem\"},{\"@type\":\"ListItem\",\"@id\":\"https:\\\/\\\/www.rucashk.com\\\/pt\\\/produto\\\/wanbo-x1-mini%ef%bc%88xs01%ef%bc%89\\\/#listItem\",\"position\":2,\"name\":\"Wanbo X1 Mini\\uff08XS01\\uff09\",\"previousItem\":\"https:\\\/\\\/www.rucashk.com\\\/pt\\\/#listItem\"}]},{\"@type\":\"Organization\",\"@id\":\"https:\\\/\\\/www.rucashk.com\\\/pt\\\/#organization\",\"name\":\"Rucas\",\"url\":\"https:\\\/\\\/www.rucashk.com\\\/pt\\\/\",\"logo\":{\"@type\":\"ImageObject\",\"url\":\"https:\\\/\\\/www.rucashk.com\\\/wp-content\\\/uploads\\\/2023\\\/12\\\/Rucas_campany_logo.png\",\"@id\":\"https:\\\/\\\/www.rucashk.com\\\/pt\\\/produto\\\/wanbo-x1-mini%ef%bc%88xs01%ef%bc%89\\\/#organizationLogo\",\"width\":221,\"height\":65},\"image\":{\"@id\":\"https:\\\/\\\/www.rucashk.com\\\/pt\\\/#organizationLogo\"}},{\"@type\":\"Person\",\"@id\":\"https:\\\/\\\/www.rucashk.com\\\/pt\\\/author\\\/admin\\\/#author\",\"url\":\"https:\\\/\\\/www.rucashk.com\\\/pt\\\/author\\\/admin\\\/\",\"name\":\"admin\",\"image\":{\"@type\":\"ImageObject\",\"@id\":\"https:\\\/\\\/www.rucashk.com\\\/pt\\\/produto\\\/wanbo-x1-mini%ef%bc%88xs01%ef%bc%89\\\/#authorImage\",\"url\":\"https:\\\/\\\/secure.gravatar.com\\\/avatar\\\/b7c8925b09a27e72b30232f8ecaadbd5af0f70a38c78096863fe51b64f031c24?s=96&d=mm&r=g\",\"width\":96,\"height\":96,\"caption\":\"admin\"}},{\"@type\":\"WebPage\",\"@id\":\"https:\\\/\\\/www.rucashk.com\\\/pt\\\/produto\\\/wanbo-x1-mini%ef%bc%88xs01%ef%bc%89\\\/#webpage\",\"url\":\"https:\\\/\\\/www.rucashk.com\\\/pt\\\/produto\\\/wanbo-x1-mini%ef%bc%88xs01%ef%bc%89\\\/\",\"name\":\"Wanbo X1 Mini\\uff08XS01\\uff09 - Rucas - Wholesale and Distribution\",\"description\":\"Mini Projector:Go on a trip at anytime, real palm projectors are exquisitelycrafted with the design of using at ease Beautiful and not like a Capability Style Beauty and Justice:Beautiful both for front and back, attractive and connotative Textured Adjustment:Pure metal ball with diameter of 12mm, quality life for you Full Glass LensClear and Durable:Pure glass lens with three-Layers Coating, much clear anddurable. 20000+ Hours, See the world with a beam of light Support 1080P DecodingEnjoy large warm picture High Quality SoundFrom Large Cavity Plentiful Interfaces More Possibilities Double Fans\\uff0cLow Noise\",\"inLanguage\":\"pt-PT\",\"isPartOf\":{\"@id\":\"https:\\\/\\\/www.rucashk.com\\\/pt\\\/#website\"},\"breadcrumb\":{\"@id\":\"https:\\\/\\\/www.rucashk.com\\\/pt\\\/produto\\\/wanbo-x1-mini%ef%bc%88xs01%ef%bc%89\\\/#breadcrumblist\"},\"author\":{\"@id\":\"https:\\\/\\\/www.rucashk.com\\\/pt\\\/author\\\/admin\\\/#author\"},\"creator\":{\"@id\":\"https:\\\/\\\/www.rucashk.com\\\/pt\\\/author\\\/admin\\\/#author\"},\"image\":{\"@type\":\"ImageObject\",\"url\":\"https:\\\/\\\/www.rucashk.com\\\/wp-content\\\/uploads\\\/2024\\\/01\\\/5-2-1-1.webp\",\"@id\":\"https:\\\/\\\/www.rucashk.com\\\/pt\\\/produto\\\/wanbo-x1-mini%ef%bc%88xs01%ef%bc%89\\\/#mainImage\",\"width\":220,\"height\":220},\"primaryImageOfPage\":{\"@id\":\"https:\\\/\\\/www.rucashk.com\\\/pt\\\/produto\\\/wanbo-x1-mini%ef%bc%88xs01%ef%bc%89\\\/#mainImage\"},\"datePublished\":\"2024-01-09T16:32:01+00:00\",\"dateModified\":\"2024-01-22T09:28:32+00:00\"},{\"@type\":\"WebSite\",\"@id\":\"https:\\\/\\\/www.rucashk.com\\\/pt\\\/#website\",\"url\":\"https:\\\/\\\/www.rucashk.com\\\/pt\\\/\",\"name\":\"Rucas - Wholesale and distribution worldwide\",\"alternateName\":\"Rucas - One-stop AIoT Distribution Worldwide\",\"description\":\"One-stop AIoT Distribution Worldwide\",\"inLanguage\":\"pt-PT\",\"publisher\":{\"@id\":\"https:\\\/\\\/www.rucashk.com\\\/pt\\\/#organization\"}}]}\n\t\t<\/script>\n\t\t<!-- All in One SEO Pro -->\r\n\t\t<title>Wanbo X1 Mini\uff08XS01\uff09 - Rucas - Wholesale and Distribution<\/title>\n\n","aioseo_head_json":{"title":"Wanbo X1 Mini\uff08XS01\uff09 - Rucas - Wholesale and Distribution","description":"Mini Projector:Go on a trip at anytime, real palm projectors are exquisitelycrafted with the design of using at ease Beautiful and not like a Capability Style Beauty and Justice:Beautiful both for front and back, attractive and connotative Textured Adjustment:Pure metal ball with diameter of 12mm, quality life for you Full Glass LensClear and Durable:Pure glass lens with three-Layers Coating, much clear anddurable. 20000+ Hours, See the world with a beam of light Support 1080P DecodingEnjoy large warm picture High Quality SoundFrom Large Cavity Plentiful Interfaces More Possibilities Double Fans\uff0cLow Noise","canonical_url":"https:\/\/www.rucashk.com\/pt\/produto\/wanbo-x1-mini%ef%bc%88xs01%ef%bc%89\/","robots":"max-image-preview:large","keywords":"","webmasterTools":{"miscellaneous":""},"og:locale":"pt_PT","og:site_name":"Rucas - One-stop AIoT Distribution Worldwide","og:type":"article","og:title":"Wanbo X1 Mini\uff08XS01\uff09 - Rucas - Wholesale and Distribution","og:description":"Mini Projector:Go on a trip at anytime, real palm projectors are exquisitelycrafted with the design of using at ease Beautiful and not like a Capability Style Beauty and Justice:Beautiful both for front and back, attractive and connotative Textured Adjustment:Pure metal ball with diameter of 12mm, quality life for you Full Glass LensClear and Durable:Pure glass lens with three-Layers Coating, much clear anddurable. 20000+ Hours, See the world with a beam of light Support 1080P DecodingEnjoy large warm picture High Quality SoundFrom Large Cavity Plentiful Interfaces More Possibilities Double Fans\uff0cLow Noise","og:url":"https:\/\/www.rucashk.com\/pt\/produto\/wanbo-x1-mini%ef%bc%88xs01%ef%bc%89\/","og:image":"https:\/\/www.rucashk.com\/wp-content\/uploads\/replace\/503b8e645f128a97ccde2b6290747646.jpeg","og:image:secure_url":"https:\/\/www.rucashk.com\/wp-content\/uploads\/replace\/503b8e645f128a97ccde2b6290747646.jpeg","og:image:width":1456,"og:image:height":816,"article:published_time":"2024-01-09T16:32:01+00:00","article:modified_time":"2024-01-22T09:28:32+00:00","twitter:card":"summary_large_image","twitter:title":"Wanbo X1 Mini\uff08XS01\uff09 - Rucas - Wholesale and Distribution","twitter:description":"Mini Projector:Go on a trip at anytime, real palm projectors are exquisitelycrafted with the design of using at ease Beautiful and not like a Capability Style Beauty and Justice:Beautiful both for front and back, attractive and connotative Textured Adjustment:Pure metal ball with diameter of 12mm, quality life for you Full Glass LensClear and Durable:Pure glass lens with three-Layers Coating, much clear anddurable. 20000+ Hours, See the world with a beam of light Support 1080P DecodingEnjoy large warm picture High Quality SoundFrom Large Cavity Plentiful Interfaces More Possibilities Double Fans\uff0cLow Noise","twitter:image":"https:\/\/www.rucashk.com\/wp-content\/uploads\/replace\/503b8e645f128a97ccde2b6290747646.jpeg","schema":{"@context":"https:\/\/schema.org","@graph":[{"@type":"BreadcrumbList","@id":"https:\/\/www.rucashk.com\/pt\/produto\/wanbo-x1-mini%ef%bc%88xs01%ef%bc%89\/#breadcrumblist","itemListElement":[{"@type":"ListItem","@id":"https:\/\/www.rucashk.com\/pt\/#listItem","position":1,"name":"Home","item":"https:\/\/www.rucashk.com\/pt\/","nextItem":"https:\/\/www.rucashk.com\/pt\/produto\/wanbo-x1-mini%ef%bc%88xs01%ef%bc%89\/#listItem"},{"@type":"ListItem","@id":"https:\/\/www.rucashk.com\/pt\/produto\/wanbo-x1-mini%ef%bc%88xs01%ef%bc%89\/#listItem","position":2,"name":"Wanbo X1 Mini\uff08XS01\uff09","previousItem":"https:\/\/www.rucashk.com\/pt\/#listItem"}]},{"@type":"Organization","@id":"https:\/\/www.rucashk.com\/pt\/#organization","name":"Rucas","url":"https:\/\/www.rucashk.com\/pt\/","logo":{"@type":"ImageObject","url":"https:\/\/www.rucashk.com\/wp-content\/uploads\/2023\/12\/Rucas_campany_logo.png","@id":"https:\/\/www.rucashk.com\/pt\/produto\/wanbo-x1-mini%ef%bc%88xs01%ef%bc%89\/#organizationLogo","width":221,"height":65},"image":{"@id":"https:\/\/www.rucashk.com\/pt\/#organizationLogo"}},{"@type":"Person","@id":"https:\/\/www.rucashk.com\/pt\/author\/admin\/#author","url":"https:\/\/www.rucashk.com\/pt\/author\/admin\/","name":"admin","image":{"@type":"ImageObject","@id":"https:\/\/www.rucashk.com\/pt\/produto\/wanbo-x1-mini%ef%bc%88xs01%ef%bc%89\/#authorImage","url":"https:\/\/secure.gravatar.com\/avatar\/b7c8925b09a27e72b30232f8ecaadbd5af0f70a38c78096863fe51b64f031c24?s=96&d=mm&r=g","width":96,"height":96,"caption":"admin"}},{"@type":"WebPage","@id":"https:\/\/www.rucashk.com\/pt\/produto\/wanbo-x1-mini%ef%bc%88xs01%ef%bc%89\/#webpage","url":"https:\/\/www.rucashk.com\/pt\/produto\/wanbo-x1-mini%ef%bc%88xs01%ef%bc%89\/","name":"Wanbo X1 Mini\uff08XS01\uff09 - Rucas - Wholesale and Distribution","description":"Mini Projector:Go on a trip at anytime, real palm projectors are exquisitelycrafted with the design of using at ease Beautiful and not like a Capability Style Beauty and Justice:Beautiful both for front and back, attractive and connotative Textured Adjustment:Pure metal ball with diameter of 12mm, quality life for you Full Glass LensClear and Durable:Pure glass lens with three-Layers Coating, much clear anddurable. 20000+ Hours, See the world with a beam of light Support 1080P DecodingEnjoy large warm picture High Quality SoundFrom Large Cavity Plentiful Interfaces More Possibilities Double Fans\uff0cLow Noise","inLanguage":"pt-PT","isPartOf":{"@id":"https:\/\/www.rucashk.com\/pt\/#website"},"breadcrumb":{"@id":"https:\/\/www.rucashk.com\/pt\/produto\/wanbo-x1-mini%ef%bc%88xs01%ef%bc%89\/#breadcrumblist"},"author":{"@id":"https:\/\/www.rucashk.com\/pt\/author\/admin\/#author"},"creator":{"@id":"https:\/\/www.rucashk.com\/pt\/author\/admin\/#author"},"image":{"@type":"ImageObject","url":"https:\/\/www.rucashk.com\/wp-content\/uploads\/2024\/01\/5-2-1-1.webp","@id":"https:\/\/www.rucashk.com\/pt\/produto\/wanbo-x1-mini%ef%bc%88xs01%ef%bc%89\/#mainImage","width":220,"height":220},"primaryImageOfPage":{"@id":"https:\/\/www.rucashk.com\/pt\/produto\/wanbo-x1-mini%ef%bc%88xs01%ef%bc%89\/#mainImage"},"datePublished":"2024-01-09T16:32:01+00:00","dateModified":"2024-01-22T09:28:32+00:00"},{"@type":"WebSite","@id":"https:\/\/www.rucashk.com\/pt\/#website","url":"https:\/\/www.rucashk.com\/pt\/","name":"Rucas - Wholesale and distribution worldwide","alternateName":"Rucas - One-stop AIoT Distribution Worldwide","description":"One-stop AIoT Distribution Worldwide","inLanguage":"pt-PT","publisher":{"@id":"https:\/\/www.rucashk.com\/pt\/#organization"}}]}},"aioseo_meta_data":{"post_id":"26710","title":null,"description":null,"keywords":null,"keyphrases":null,"primary_term":null,"canonical_url":null,"og_title":null,"og_description":null,"og_object_type":"default","og_image_type":"default","og_image_url":null,"og_image_width":null,"og_image_height":null,"og_image_custom_url":null,"og_image_custom_fields":null,"og_video":null,"og_custom_url":null,"og_article_section":null,"og_article_tags":null,"twitter_use_og":false,"twitter_card":"default","twitter_image_type":"default","twitter_image_url":null,"twitter_image_custom_url":null,"twitter_image_custom_fields":null,"twitter_title":null,"twitter_description":null,"schema":{"blockGraphs":[],"customGraphs":[],"default":{"data":{"Article":[],"Course":[],"Dataset":[],"FAQPage":[],"Movie":[],"Person":[],"Product":[],"Recipe":[],"Service":[],"SoftwareApplication":[],"WebPage":[]},"graphName":"","isEnabled":true},"graphs":[]},"schema_type":"default","schema_type_options":null,"pillar_content":false,"robots_default":true,"robots_noindex":false,"robots_noarchive":false,"robots_nosnippet":false,"robots_nofollow":false,"robots_noimageindex":false,"robots_noodp":false,"robots_notranslate":false,"robots_max_snippet":null,"robots_max_videopreview":null,"robots_max_imagepreview":"large","priority":null,"frequency":null,"local_seo":null,"breadcrumb_settings":null,"limit_modified_date":false,"created":"2024-04-11 01:57:21","updated":"2025-06-22 18:24:01"},"aioseo_breadcrumb":"<div class=\"aioseo-breadcrumbs\"><span class=\"aioseo-breadcrumb\">\n\t<a href=\"https:\/\/www.rucashk.com\/pt\" title=\"Home\">Home<\/a>\n<\/span><span class=\"aioseo-breadcrumb-separator\">&raquo;<\/span><span class=\"aioseo-breadcrumb\">\n\t<a href=\"https:\/\/www.rucashk.com\/pt\/products\/\" title=\"Produtos\">Produtos<\/a>\n<\/span><span class=\"aioseo-breadcrumb-separator\">&raquo;<\/span><span class=\"aioseo-breadcrumb\">\n\t<a href=\"https:\/\/www.rucashk.com\/pt\/categoria-produto\/xiaomi-eco\/\" title=\"Xiaomi Eco\">Xiaomi Eco<\/a>\n<\/span><span class=\"aioseo-breadcrumb-separator\">&raquo;<\/span><span class=\"aioseo-breadcrumb\">\n\t<a href=\"https:\/\/www.rucashk.com\/pt\/categoria-produto\/xiaomi-eco\/projector\/\" title=\"Projector\">Projector<\/a>\n<\/span><span class=\"aioseo-breadcrumb-separator\">&raquo;<\/span><span class=\"aioseo-breadcrumb\">\n\tWanbo X1 Mini\uff08XS01\uff09\n<\/span><\/div>","aioseo_breadcrumb_json":[{"label":"Home","link":"https:\/\/www.rucashk.com\/pt"},{"label":"Produtos","link":"https:\/\/www.rucashk.com\/pt\/products\/"},{"label":"Xiaomi Eco","link":"https:\/\/www.rucashk.com\/pt\/categoria-produto\/xiaomi-eco\/"},{"label":"Projector","link":"https:\/\/www.rucashk.com\/pt\/categoria-produto\/xiaomi-eco\/projector\/"},{"label":"Wanbo X1 Mini\uff08XS01\uff09","link":"https:\/\/www.rucashk.com\/pt\/produto\/wanbo-x1-mini%ef%bc%88xs01%ef%bc%89\/"}],"_links":{"self":[{"href":"https:\/\/www.rucashk.com\/pt\/wp-json\/wp\/v2\/product\/26710","targetHints":{"allow":["GET"]}}],"collection":[{"href":"https:\/\/www.rucashk.com\/pt\/wp-json\/wp\/v2\/product"}],"about":[{"href":"https:\/\/www.rucashk.com\/pt\/wp-json\/wp\/v2\/types\/product"}],"wp:featuredmedia":[{"embeddable":true,"href":"https:\/\/www.rucashk.com\/pt\/wp-json\/wp\/v2\/media\/26843"}],"wp:attachment":[{"href":"https:\/\/www.rucashk.com\/pt\/wp-json\/wp\/v2\/media?parent=26710"}],"wp:term":[{"taxonomy":"product_brand","embeddable":true,"href":"https:\/\/www.rucashk.com\/pt\/wp-json\/wp\/v2\/product_brand?post=26710"},{"taxonomy":"product_cat","embeddable":true,"href":"https:\/\/www.rucashk.com\/pt\/wp-json\/wp\/v2\/product_cat?post=26710"},{"taxonomy":"product_tag","embeddable":true,"href":"https:\/\/www.rucashk.com\/pt\/wp-json\/wp\/v2\/product_tag?post=26710"}],"curies":[{"name":"wp","href":"https:\/\/api.w.org\/{rel}","templated":true}]}}