{"id":26651,"date":"2024-01-09T16:31:11","date_gmt":"2024-01-09T16:31:11","guid":{"rendered":"http:\/\/rucashk.com\/?post_type=product&#038;p=26651"},"modified":"2024-03-12T08:11:43","modified_gmt":"2024-03-12T08:11:43","slug":"realme-tv-stick-4k","status":"publish","type":"product","link":"https:\/\/www.rucashk.com\/pt\/produto\/realme-tv-stick-4k\/","title":{"rendered":"Realme TV Stick 4K"},"content":{"rendered":"<p><img decoding=\"async\" alt=\"Realme TV Stick 4K\" src=\"\/wp-content\/uploads\/replace\/7b1bde0b4372fcf20e2c0c806055784c.jpeg\" \/><\/p>\n<p align=\"center\">Leve-o para todos os lugares<br \/>\nO tamanho mini do realme Smart TV Stick tem apenas metade do tamanho da TV Box tradicional, o que permite que ele fique perfeitamente escondido na parte traseira da TV. Voc\u00ea nem vai notar ao curtir a Smart TV.<\/p>\n<p><img decoding=\"async\" alt=\"Realme TV Stick 4K\" src=\"\/wp-content\/uploads\/replace\/cfbd62371f6a2f81cf1b5a880e44d0a2.jpeg\" \/><\/p>\n<p align=\"center\">Mini Corpo, Monstro Dentro<br \/>\nO realme Smart TV Stick possui um processador poderoso com Quad core ARM Cortex-A35 e 2 GB de RAM super grande para fornecer uma exibi\u00e7\u00e3o e opera\u00e7\u00e3o suaves.<img decoding=\"async\" alt=\"Realme TV Stick 4K\" src=\"\/wp-content\/uploads\/replace\/68f4bfaf3c2fbd28632dee88e9b11b26.jpeg\" \/>Excelente foto<br \/>\nO realme Smart TV Stick possui alta qualidade de imagem que suporta sa\u00edda de at\u00e9 4K e conectividade avan\u00e7ada para que voc\u00ea possa ter uma excelente experi\u00eancia de visualiza\u00e7\u00e3o.<br \/>\nSuporte 4Kp60\/Suporte HDR10+\/Suporte HDMI 2.1<img decoding=\"async\" alt=\"Realme TV Stick 4K\" src=\"\/wp-content\/uploads\/replace\/89f8a8e7acbdf7c0b888996e3fcaecd7.jpeg\" \/>Entretenimento Ilimitado<br \/>\nO realme Smart TV Stick foi integrado em muitas plataformas de entretenimento, incluindo m\u00fasica, v\u00eddeos e jogos, para fornecer a voc\u00ea uma gama completa de experi\u00eancias de entretenimento.<\/p>\n<p align=\"center\">\n<img decoding=\"async\" alt=\"Realme TV Stick 4K\" src=\"\/wp-content\/uploads\/replace\/34be2ad31d397f23ae19f13ab29bd9b9.jpeg\" \/>Desenvolvido pelo Google TV<img decoding=\"async\" alt=\"Realme TV Stick 4K\" src=\"\/wp-content\/uploads\/replace\/68082c6adaecac93d95865da04b10330.jpeg\" \/>Google Assistente<br \/>\nO realme Smart TV Stick foi integrado ao inteligente Google Assistant. Voc\u00ea pode fazer perguntas, definir lembretes, verificar a previs\u00e3o do tempo e interagir verdadeiramente com sua Smart TV.<img decoding=\"async\" alt=\"Realme TV Stick 4K\" src=\"\/wp-content\/uploads\/replace\/1e1c24046d69f21f2fe4b2366576c91f.jpeg\" \/>Chromecast integrado<br \/>\nO Chromecast pode transmitir o conte\u00fado do seu telefone para a tela da TV. Ver fotos ou v\u00eddeos com seu amigo por meio do app Google Home \u00e9 mais f\u00e1cil e divertido.<img decoding=\"async\" alt=\"Realme TV Stick 4K\" src=\"\/wp-content\/uploads\/replace\/70647cb7c1e80e1f4d383def8a4cadcd.jpeg\" \/>Conex\u00e3o M\u00faltipla<br \/>\nWi-Fi\/Bluetooth 5.0\/HDMI 2.1<\/p>\n<p align=\"center\">Controle remoto de voz Bluetooth<br \/>\nO realme Smart TV Stick \u00e9 compat\u00edvel com todos os controles remotos realme Smart TV. Com o microfone embutido, voc\u00ea pode acessar o assistente de voz rapidamente.<img decoding=\"async\" alt=\"Realme TV Stick 4K\" src=\"\/wp-content\/uploads\/replace\/c3a20e7c22ddc4a69cff4ad1e4849e38.jpeg\" \/><\/p>\n<p align=\"center\">Qualidade Verdadeira<br \/>\nRealme 4K Smart Google TV Stick \/ Teste de alta temperatura de 144 horas \/ Teste de queda de 100 cm \/ Teste de plugue de porta USB 1000 vezes \/ Teste de bot\u00e3o remoto 50000 vezes<img decoding=\"async\" alt=\"Realme TV Stick 4K\" src=\"\/wp-content\/uploads\/replace\/00c1201ac58a1c932cdd04ed0f2028a1.jpeg\" \/><\/p>\n<p><img fetchpriority=\"high\" decoding=\"async\" class=\"aligncenter\" src=\"\/wp-content\/uploads\/replace\/6e1636a44714335a77a2e18e8c82e1b3.jpeg\" alt=\"Realme TV Stick 4K\" width=\"900\" height=\"479\" \/><img decoding=\"async\" class=\"aligncenter\" src=\"\/wp-content\/uploads\/replace\/28ff78282e31267974351e9ea085d8ed.jpeg\" alt=\"Realme TV Stick 4K\" width=\"900\" height=\"479\" \/><\/p>\n<div class=\"title--wrap--wDzGayX\">\n<div class=\"title--text--Lx66GPw\">\n<h1 class=\"title--title--RN9Pt03\">Especifica\u00e7\u00f5es<\/h1>\n<\/div>\n<\/div>\n<ul class=\"specification--list--fiWsSyv\">\n<li class=\"specification--line--iUJOqof\">\n<div class=\"specification--prop--RejitI8\">\n<div class=\"specification--title--UbVeyic\">Sistema operacional: Android<\/div>\n<\/div>\n<div class=\"specification--prop--RejitI8\">\n<div class=\"specification--title--UbVeyic\">Controle remoto: inclu\u00eddo<\/div>\n<\/div>\n<\/li>\n<li class=\"specification--line--iUJOqof\">\n<div class=\"specification--prop--RejitI8\">\n<div class=\"specification--title--UbVeyic\">Capacidade do disco r\u00edgido:&gt; 1000 GB<\/div>\n<\/div>\n<div class=\"specification--prop--RejitI8\">\n<div class=\"specification--title--UbVeyic\">Grava\u00e7\u00e3o: N\u00e3o<\/div>\n<\/div>\n<\/li>\n<li class=\"specification--line--iUJOqof\">\n<div class=\"specification--prop--RejitI8\">\n<div class=\"specification--title--UbVeyic\">Marca: realme<\/div>\n<\/div>\n<div class=\"specification--prop--RejitI8\">\n<div class=\"specification--title--UbVeyic\">Origem:China Continental<\/div>\n<\/div>\n<\/li>\n<li class=\"specification--line--iUJOqof\">\n<div class=\"specification--prop--RejitI8\">\n<div class=\"specification--title--UbVeyic\">Certifica\u00e7\u00e3o: CE<\/div>\n<\/div>\n<div class=\"specification--prop--RejitI8\">\n<div class=\"specification--title--UbVeyic\">Tipo de item: TV Stick<\/div>\n<\/div>\n<\/li>\n<\/ul>","protected":false},"excerpt":{"rendered":"<p>Mini Corpo, Monstro Dentro<\/p>\n<p><span data-spm-anchor-id=\"a2g0o.detail.1000023.i1.2520GWwGGWwGIT\">alta qualidade de imagem que suporta sa\u00edda de at\u00e9 4K e<\/span>\u00a0advanced connectivity<\/p>\n<p>Entretenimento Ilimitado<\/p>\n<p>built in the itelligent Google Assistant<\/p>\n<p>Chromecast can cast the content from your phone to the TV screen<\/p>\n<p>Multiple Connection:Wi-Fi \/ Bluetooth 5.0 \/ HDMI 2.1<\/p>\n<p>Bluetooth Voice Control Remote:realme Smart TV Stick is compatible with all realme Smart TV remotes.<\/p>\n<p><span data-spm-anchor-id=\"a2g0o.detail.1000023.i7.2520GWwGGWwGIT\">Qualidade real:<\/span>Realme 4K Smart Google TV Stick \/ Teste de alta temperatura de 144 horas \/ Teste de queda de 100 cm \/ Teste de plugue de porta USB 1000 vezes \/ Teste de bot\u00e3o remoto 50000 vezes<\/p>\n<p>&nbsp;<\/p>","protected":false},"featured_media":26797,"template":"","meta":[],"product_brand":[],"product_cat":[1315,1305],"product_tag":[],"class_list":{"0":"post-26651","1":"product","2":"type-product","3":"status-publish","4":"has-post-thumbnail","6":"product_cat-tv-accessories","7":"product_cat-xiaomi-eco","9":"first","10":"instock","11":"shipping-taxable","12":"product-type-simple"},"aioseo_notices":[],"aioseo_head":"\n\t\t<!-- All in One SEO Pro 4.5.9.2 - aioseo.com -->\n\t\t<meta name=\"description\" content=\"Mini Body, Monster Inside high picture quality that supports up to 4K output and advanced connectivity Unlimited Entertainment built in the itelligent Google Assistant Chromecast can cast the content from your phone to the TV screen Multiple Connection:Wi-Fi \/ Bluetooth 5.0 \/ HDMI 2.1 Bluetooth Voice Control Remote:realme Smart TV Stick is compatible with all realme Smart TV remotes. Real Quality:realme 4K Smart Google TV Stick \/ 144hours High Temperature Test \/100cm Drop Test \/1000times USB Port Plug Test\/ 50000 times Remote Button Test\" \/>\n\t\t<meta name=\"robots\" content=\"max-image-preview:large\" \/>\n\t\t<link rel=\"canonical\" href=\"https:\/\/www.rucashk.com\/pt\/produto\/realme-tv-stick-4k\/\" \/>\n\t\t<meta name=\"generator\" content=\"All in One SEO Pro (AIOSEO) 4.5.9.2\" \/>\n\t\t<meta property=\"og:locale\" content=\"pt_PT\" \/>\n\t\t<meta property=\"og:site_name\" content=\"Rucas - One-stop AIoT Distribution Worldwide\" \/>\n\t\t<meta property=\"og:type\" content=\"article\" \/>\n\t\t<meta property=\"og:title\" content=\"Realme TV Stick 4K - Rucas - Wholesale and Distribution\" \/>\n\t\t<meta property=\"og:description\" content=\"Mini Body, Monster Inside high picture quality that supports up to 4K output and advanced connectivity Unlimited Entertainment built in the itelligent Google Assistant Chromecast can cast the content from your phone to the TV screen Multiple Connection:Wi-Fi \/ Bluetooth 5.0 \/ HDMI 2.1 Bluetooth Voice Control Remote:realme Smart TV Stick is compatible with all realme Smart TV remotes. Real Quality:realme 4K Smart Google TV Stick \/ 144hours High Temperature Test \/100cm Drop Test \/1000times USB Port Plug Test\/ 50000 times Remote Button Test\" \/>\n\t\t<meta property=\"og:url\" content=\"https:\/\/www.rucashk.com\/pt\/produto\/realme-tv-stick-4k\/\" \/>\n\t\t<meta property=\"og:image\" content=\"https:\/\/www.rucashk.com\/wp-content\/uploads\/replace\/503b8e645f128a97ccde2b6290747646.jpeg\" \/>\n\t\t<meta property=\"og:image:secure_url\" content=\"https:\/\/www.rucashk.com\/wp-content\/uploads\/replace\/503b8e645f128a97ccde2b6290747646.jpeg\" \/>\n\t\t<meta property=\"og:image:width\" content=\"1456\" \/>\n\t\t<meta property=\"og:image:height\" content=\"816\" \/>\n\t\t<meta property=\"article:published_time\" content=\"2024-01-09T16:31:11+00:00\" \/>\n\t\t<meta property=\"article:modified_time\" content=\"2024-03-12T08:11:43+00:00\" \/>\n\t\t<meta name=\"twitter:card\" content=\"summary_large_image\" \/>\n\t\t<meta name=\"twitter:title\" content=\"Realme TV Stick 4K - Rucas - Wholesale and Distribution\" \/>\n\t\t<meta name=\"twitter:description\" content=\"Mini Body, Monster Inside high picture quality that supports up to 4K output and advanced connectivity Unlimited Entertainment built in the itelligent Google Assistant Chromecast can cast the content from your phone to the TV screen Multiple Connection:Wi-Fi \/ Bluetooth 5.0 \/ HDMI 2.1 Bluetooth Voice Control Remote:realme Smart TV Stick is compatible with all realme Smart TV remotes. Real Quality:realme 4K Smart Google TV Stick \/ 144hours High Temperature Test \/100cm Drop Test \/1000times USB Port Plug Test\/ 50000 times Remote Button Test\" \/>\n\t\t<meta name=\"twitter:image\" content=\"https:\/\/www.rucashk.com\/wp-content\/uploads\/replace\/503b8e645f128a97ccde2b6290747646.jpeg\" \/>\n\t\t<script type=\"application\/ld+json\" class=\"aioseo-schema\">\n\t\t\t{\"@context\":\"https:\\\/\\\/schema.org\",\"@graph\":[{\"@type\":\"BreadcrumbList\",\"@id\":\"https:\\\/\\\/www.rucashk.com\\\/pt\\\/produto\\\/realme-tv-stick-4k\\\/#breadcrumblist\",\"itemListElement\":[{\"@type\":\"ListItem\",\"@id\":\"https:\\\/\\\/www.rucashk.com\\\/pt\\\/#listItem\",\"position\":1,\"name\":\"Home\",\"item\":\"https:\\\/\\\/www.rucashk.com\\\/pt\\\/\",\"nextItem\":\"https:\\\/\\\/www.rucashk.com\\\/pt\\\/produto\\\/realme-tv-stick-4k\\\/#listItem\"},{\"@type\":\"ListItem\",\"@id\":\"https:\\\/\\\/www.rucashk.com\\\/pt\\\/produto\\\/realme-tv-stick-4k\\\/#listItem\",\"position\":2,\"name\":\"Realme TV Stick 4K\",\"previousItem\":\"https:\\\/\\\/www.rucashk.com\\\/pt\\\/#listItem\"}]},{\"@type\":\"Organization\",\"@id\":\"https:\\\/\\\/www.rucashk.com\\\/pt\\\/#organization\",\"name\":\"Rucas\",\"url\":\"https:\\\/\\\/www.rucashk.com\\\/pt\\\/\",\"logo\":{\"@type\":\"ImageObject\",\"url\":\"https:\\\/\\\/www.rucashk.com\\\/wp-content\\\/uploads\\\/2023\\\/12\\\/Rucas_campany_logo.png\",\"@id\":\"https:\\\/\\\/www.rucashk.com\\\/pt\\\/produto\\\/realme-tv-stick-4k\\\/#organizationLogo\",\"width\":221,\"height\":65},\"image\":{\"@id\":\"https:\\\/\\\/www.rucashk.com\\\/pt\\\/#organizationLogo\"}},{\"@type\":\"Person\",\"@id\":\"https:\\\/\\\/www.rucashk.com\\\/pt\\\/author\\\/admin\\\/#author\",\"url\":\"https:\\\/\\\/www.rucashk.com\\\/pt\\\/author\\\/admin\\\/\",\"name\":\"admin\",\"image\":{\"@type\":\"ImageObject\",\"@id\":\"https:\\\/\\\/www.rucashk.com\\\/pt\\\/produto\\\/realme-tv-stick-4k\\\/#authorImage\",\"url\":\"https:\\\/\\\/secure.gravatar.com\\\/avatar\\\/b7c8925b09a27e72b30232f8ecaadbd5af0f70a38c78096863fe51b64f031c24?s=96&d=mm&r=g\",\"width\":96,\"height\":96,\"caption\":\"admin\"}},{\"@type\":\"WebPage\",\"@id\":\"https:\\\/\\\/www.rucashk.com\\\/pt\\\/produto\\\/realme-tv-stick-4k\\\/#webpage\",\"url\":\"https:\\\/\\\/www.rucashk.com\\\/pt\\\/produto\\\/realme-tv-stick-4k\\\/\",\"name\":\"Realme TV Stick 4K - Rucas - Wholesale and Distribution\",\"description\":\"Mini Body, Monster Inside high picture quality that supports up to 4K output and advanced connectivity Unlimited Entertainment built in the itelligent Google Assistant Chromecast can cast the content from your phone to the TV screen Multiple Connection:Wi-Fi \\\/ Bluetooth 5.0 \\\/ HDMI 2.1 Bluetooth Voice Control Remote:realme Smart TV Stick is compatible with all realme Smart TV remotes. Real Quality:realme 4K Smart Google TV Stick \\\/ 144hours High Temperature Test \\\/100cm Drop Test \\\/1000times USB Port Plug Test\\\/ 50000 times Remote Button Test\",\"inLanguage\":\"pt-PT\",\"isPartOf\":{\"@id\":\"https:\\\/\\\/www.rucashk.com\\\/pt\\\/#website\"},\"breadcrumb\":{\"@id\":\"https:\\\/\\\/www.rucashk.com\\\/pt\\\/produto\\\/realme-tv-stick-4k\\\/#breadcrumblist\"},\"author\":{\"@id\":\"https:\\\/\\\/www.rucashk.com\\\/pt\\\/author\\\/admin\\\/#author\"},\"creator\":{\"@id\":\"https:\\\/\\\/www.rucashk.com\\\/pt\\\/author\\\/admin\\\/#author\"},\"image\":{\"@type\":\"ImageObject\",\"url\":\"https:\\\/\\\/www.rucashk.com\\\/wp-content\\\/uploads\\\/2024\\\/01\\\/10001-4.jpg\",\"@id\":\"https:\\\/\\\/www.rucashk.com\\\/pt\\\/produto\\\/realme-tv-stick-4k\\\/#mainImage\",\"width\":800,\"height\":800},\"primaryImageOfPage\":{\"@id\":\"https:\\\/\\\/www.rucashk.com\\\/pt\\\/produto\\\/realme-tv-stick-4k\\\/#mainImage\"},\"datePublished\":\"2024-01-09T16:31:11+00:00\",\"dateModified\":\"2024-03-12T08:11:43+00:00\"},{\"@type\":\"WebSite\",\"@id\":\"https:\\\/\\\/www.rucashk.com\\\/pt\\\/#website\",\"url\":\"https:\\\/\\\/www.rucashk.com\\\/pt\\\/\",\"name\":\"Rucas - Wholesale and distribution worldwide\",\"alternateName\":\"Rucas - One-stop AIoT Distribution Worldwide\",\"description\":\"One-stop AIoT Distribution Worldwide\",\"inLanguage\":\"pt-PT\",\"publisher\":{\"@id\":\"https:\\\/\\\/www.rucashk.com\\\/pt\\\/#organization\"}}]}\n\t\t<\/script>\n\t\t<!-- All in One SEO Pro -->\r\n\t\t<title>Realme TV Stick 4K - Rucas - Wholesale and Distribution<\/title>\n\n","aioseo_head_json":{"title":"Realme TV Stick 4K - Rucas - Wholesale and Distribution","description":"Mini Body, Monster Inside high picture quality that supports up to 4K output and advanced connectivity Unlimited Entertainment built in the itelligent Google Assistant Chromecast can cast the content from your phone to the TV screen Multiple Connection:Wi-Fi \/ Bluetooth 5.0 \/ HDMI 2.1 Bluetooth Voice Control Remote:realme Smart TV Stick is compatible with all realme Smart TV remotes. Real Quality:realme 4K Smart Google TV Stick \/ 144hours High Temperature Test \/100cm Drop Test \/1000times USB Port Plug Test\/ 50000 times Remote Button Test","canonical_url":"https:\/\/www.rucashk.com\/pt\/produto\/realme-tv-stick-4k\/","robots":"max-image-preview:large","keywords":"","webmasterTools":{"miscellaneous":""},"og:locale":"pt_PT","og:site_name":"Rucas - One-stop AIoT Distribution Worldwide","og:type":"article","og:title":"Realme TV Stick 4K - Rucas - Wholesale and Distribution","og:description":"Mini Body, Monster Inside high picture quality that supports up to 4K output and advanced connectivity Unlimited Entertainment built in the itelligent Google Assistant Chromecast can cast the content from your phone to the TV screen Multiple Connection:Wi-Fi \/ Bluetooth 5.0 \/ HDMI 2.1 Bluetooth Voice Control Remote:realme Smart TV Stick is compatible with all realme Smart TV remotes. Real Quality:realme 4K Smart Google TV Stick \/ 144hours High Temperature Test \/100cm Drop Test \/1000times USB Port Plug Test\/ 50000 times Remote Button Test","og:url":"https:\/\/www.rucashk.com\/pt\/produto\/realme-tv-stick-4k\/","og:image":"https:\/\/www.rucashk.com\/wp-content\/uploads\/replace\/503b8e645f128a97ccde2b6290747646.jpeg","og:image:secure_url":"https:\/\/www.rucashk.com\/wp-content\/uploads\/replace\/503b8e645f128a97ccde2b6290747646.jpeg","og:image:width":1456,"og:image:height":816,"article:published_time":"2024-01-09T16:31:11+00:00","article:modified_time":"2024-03-12T08:11:43+00:00","twitter:card":"summary_large_image","twitter:title":"Realme TV Stick 4K - Rucas - Wholesale and Distribution","twitter:description":"Mini Body, Monster Inside high picture quality that supports up to 4K output and advanced connectivity Unlimited Entertainment built in the itelligent Google Assistant Chromecast can cast the content from your phone to the TV screen Multiple Connection:Wi-Fi \/ Bluetooth 5.0 \/ HDMI 2.1 Bluetooth Voice Control Remote:realme Smart TV Stick is compatible with all realme Smart TV remotes. Real Quality:realme 4K Smart Google TV Stick \/ 144hours High Temperature Test \/100cm Drop Test \/1000times USB Port Plug Test\/ 50000 times Remote Button Test","twitter:image":"https:\/\/www.rucashk.com\/wp-content\/uploads\/replace\/503b8e645f128a97ccde2b6290747646.jpeg","schema":{"@context":"https:\/\/schema.org","@graph":[{"@type":"BreadcrumbList","@id":"https:\/\/www.rucashk.com\/pt\/produto\/realme-tv-stick-4k\/#breadcrumblist","itemListElement":[{"@type":"ListItem","@id":"https:\/\/www.rucashk.com\/pt\/#listItem","position":1,"name":"Home","item":"https:\/\/www.rucashk.com\/pt\/","nextItem":"https:\/\/www.rucashk.com\/pt\/produto\/realme-tv-stick-4k\/#listItem"},{"@type":"ListItem","@id":"https:\/\/www.rucashk.com\/pt\/produto\/realme-tv-stick-4k\/#listItem","position":2,"name":"Realme TV Stick 4K","previousItem":"https:\/\/www.rucashk.com\/pt\/#listItem"}]},{"@type":"Organization","@id":"https:\/\/www.rucashk.com\/pt\/#organization","name":"Rucas","url":"https:\/\/www.rucashk.com\/pt\/","logo":{"@type":"ImageObject","url":"https:\/\/www.rucashk.com\/wp-content\/uploads\/2023\/12\/Rucas_campany_logo.png","@id":"https:\/\/www.rucashk.com\/pt\/produto\/realme-tv-stick-4k\/#organizationLogo","width":221,"height":65},"image":{"@id":"https:\/\/www.rucashk.com\/pt\/#organizationLogo"}},{"@type":"Person","@id":"https:\/\/www.rucashk.com\/pt\/author\/admin\/#author","url":"https:\/\/www.rucashk.com\/pt\/author\/admin\/","name":"admin","image":{"@type":"ImageObject","@id":"https:\/\/www.rucashk.com\/pt\/produto\/realme-tv-stick-4k\/#authorImage","url":"https:\/\/secure.gravatar.com\/avatar\/b7c8925b09a27e72b30232f8ecaadbd5af0f70a38c78096863fe51b64f031c24?s=96&d=mm&r=g","width":96,"height":96,"caption":"admin"}},{"@type":"WebPage","@id":"https:\/\/www.rucashk.com\/pt\/produto\/realme-tv-stick-4k\/#webpage","url":"https:\/\/www.rucashk.com\/pt\/produto\/realme-tv-stick-4k\/","name":"Realme TV Stick 4K - Rucas - Wholesale and Distribution","description":"Mini Body, Monster Inside high picture quality that supports up to 4K output and advanced connectivity Unlimited Entertainment built in the itelligent Google Assistant Chromecast can cast the content from your phone to the TV screen Multiple Connection:Wi-Fi \/ Bluetooth 5.0 \/ HDMI 2.1 Bluetooth Voice Control Remote:realme Smart TV Stick is compatible with all realme Smart TV remotes. Real Quality:realme 4K Smart Google TV Stick \/ 144hours High Temperature Test \/100cm Drop Test \/1000times USB Port Plug Test\/ 50000 times Remote Button Test","inLanguage":"pt-PT","isPartOf":{"@id":"https:\/\/www.rucashk.com\/pt\/#website"},"breadcrumb":{"@id":"https:\/\/www.rucashk.com\/pt\/produto\/realme-tv-stick-4k\/#breadcrumblist"},"author":{"@id":"https:\/\/www.rucashk.com\/pt\/author\/admin\/#author"},"creator":{"@id":"https:\/\/www.rucashk.com\/pt\/author\/admin\/#author"},"image":{"@type":"ImageObject","url":"https:\/\/www.rucashk.com\/wp-content\/uploads\/2024\/01\/10001-4.jpg","@id":"https:\/\/www.rucashk.com\/pt\/produto\/realme-tv-stick-4k\/#mainImage","width":800,"height":800},"primaryImageOfPage":{"@id":"https:\/\/www.rucashk.com\/pt\/produto\/realme-tv-stick-4k\/#mainImage"},"datePublished":"2024-01-09T16:31:11+00:00","dateModified":"2024-03-12T08:11:43+00:00"},{"@type":"WebSite","@id":"https:\/\/www.rucashk.com\/pt\/#website","url":"https:\/\/www.rucashk.com\/pt\/","name":"Rucas - Wholesale and distribution worldwide","alternateName":"Rucas - One-stop AIoT Distribution Worldwide","description":"One-stop AIoT Distribution Worldwide","inLanguage":"pt-PT","publisher":{"@id":"https:\/\/www.rucashk.com\/pt\/#organization"}}]}},"aioseo_meta_data":{"post_id":"26651","title":null,"description":null,"keywords":null,"keyphrases":null,"primary_term":null,"canonical_url":null,"og_title":null,"og_description":null,"og_object_type":"default","og_image_type":"default","og_image_url":null,"og_image_width":null,"og_image_height":null,"og_image_custom_url":null,"og_image_custom_fields":null,"og_video":null,"og_custom_url":null,"og_article_section":null,"og_article_tags":null,"twitter_use_og":false,"twitter_card":"default","twitter_image_type":"default","twitter_image_url":null,"twitter_image_custom_url":null,"twitter_image_custom_fields":null,"twitter_title":null,"twitter_description":null,"schema":{"blockGraphs":[],"customGraphs":[],"default":{"data":{"Article":[],"Course":[],"Dataset":[],"FAQPage":[],"Movie":[],"Person":[],"Product":[],"Recipe":[],"Service":[],"SoftwareApplication":[],"WebPage":[]},"graphName":"","isEnabled":true},"graphs":[]},"schema_type":"default","schema_type_options":null,"pillar_content":false,"robots_default":true,"robots_noindex":false,"robots_noarchive":false,"robots_nosnippet":false,"robots_nofollow":false,"robots_noimageindex":false,"robots_noodp":false,"robots_notranslate":false,"robots_max_snippet":null,"robots_max_videopreview":null,"robots_max_imagepreview":"large","priority":null,"frequency":null,"local_seo":null,"breadcrumb_settings":null,"limit_modified_date":false,"created":"2024-04-11 01:57:21","updated":"2025-06-22 18:23:55"},"aioseo_breadcrumb":"<div class=\"aioseo-breadcrumbs\"><span class=\"aioseo-breadcrumb\">\n\t<a href=\"https:\/\/www.rucashk.com\/pt\" title=\"Home\">Home<\/a>\n<\/span><span class=\"aioseo-breadcrumb-separator\">&raquo;<\/span><span class=\"aioseo-breadcrumb\">\n\t<a href=\"https:\/\/www.rucashk.com\/pt\/products\/\" title=\"Produtos\">Produtos<\/a>\n<\/span><span class=\"aioseo-breadcrumb-separator\">&raquo;<\/span><span class=\"aioseo-breadcrumb\">\n\t<a href=\"https:\/\/www.rucashk.com\/pt\/categoria-produto\/xiaomi-eco\/\" title=\"Xiaomi Eco\">Xiaomi Eco<\/a>\n<\/span><span class=\"aioseo-breadcrumb-separator\">&raquo;<\/span><span class=\"aioseo-breadcrumb\">\n\t<a href=\"https:\/\/www.rucashk.com\/pt\/categoria-produto\/xiaomi-eco\/tv-accessories\/\" title=\"TV Accessories\">TV Accessories<\/a>\n<\/span><span class=\"aioseo-breadcrumb-separator\">&raquo;<\/span><span class=\"aioseo-breadcrumb\">\n\tRealme TV Stick 4K\n<\/span><\/div>","aioseo_breadcrumb_json":[{"label":"Home","link":"https:\/\/www.rucashk.com\/pt"},{"label":"Produtos","link":"https:\/\/www.rucashk.com\/pt\/products\/"},{"label":"Xiaomi Eco","link":"https:\/\/www.rucashk.com\/pt\/categoria-produto\/xiaomi-eco\/"},{"label":"TV Accessories","link":"https:\/\/www.rucashk.com\/pt\/categoria-produto\/xiaomi-eco\/tv-accessories\/"},{"label":"Realme TV Stick 4K","link":"https:\/\/www.rucashk.com\/pt\/produto\/realme-tv-stick-4k\/"}],"_links":{"self":[{"href":"https:\/\/www.rucashk.com\/pt\/wp-json\/wp\/v2\/product\/26651","targetHints":{"allow":["GET"]}}],"collection":[{"href":"https:\/\/www.rucashk.com\/pt\/wp-json\/wp\/v2\/product"}],"about":[{"href":"https:\/\/www.rucashk.com\/pt\/wp-json\/wp\/v2\/types\/product"}],"wp:featuredmedia":[{"embeddable":true,"href":"https:\/\/www.rucashk.com\/pt\/wp-json\/wp\/v2\/media\/26797"}],"wp:attachment":[{"href":"https:\/\/www.rucashk.com\/pt\/wp-json\/wp\/v2\/media?parent=26651"}],"wp:term":[{"taxonomy":"product_brand","embeddable":true,"href":"https:\/\/www.rucashk.com\/pt\/wp-json\/wp\/v2\/product_brand?post=26651"},{"taxonomy":"product_cat","embeddable":true,"href":"https:\/\/www.rucashk.com\/pt\/wp-json\/wp\/v2\/product_cat?post=26651"},{"taxonomy":"product_tag","embeddable":true,"href":"https:\/\/www.rucashk.com\/pt\/wp-json\/wp\/v2\/product_tag?post=26651"}],"curies":[{"name":"wp","href":"https:\/\/api.w.org\/{rel}","templated":true}]}}