{"id":26643,"date":"2024-01-09T16:31:10","date_gmt":"2024-01-09T16:31:10","guid":{"rendered":"http:\/\/rucashk.com\/?post_type=product&#038;p=26643"},"modified":"2024-01-22T03:29:45","modified_gmt":"2024-01-22T03:29:45","slug":"mibro-o1-sport-earbuds","status":"publish","type":"product","link":"https:\/\/www.rucashk.com\/pt\/produto\/mibro-o1-sport-earbuds\/","title":{"rendered":"Fones de ouvido esportivos Mibro O1"},"content":{"rendered":"<p class=\"detail-desc-decorate-title\">Fones de ouvido abertos Mibro O1 Sport<\/p>\n<div class=\"detailmodule_text-image\">\n<p class=\"detail-desc-decorate-content\">Novas op\u00e7\u00f5es de uso<br \/>\nOuvido aberto | F\u00e1cil de usar<\/p>\n<\/div>\n<p><img decoding=\"async\" alt=\"Mibro O1 Sport Earbuds\" src=\"\/wp-content\/uploads\/replace\/3878b60bbc4d13b05262ce360721b661.jpeg\" \/><\/p>\n<p>Modelo de orelha aberta que libera as orelhas | Sensa\u00e7\u00e3o de beb\u00ea | Chip Bluetooth 5.3 | Bateria de longa dura\u00e7\u00e3o por 35 horas | Cancelamento de ru\u00eddo de chamada ENC | Buzina din\u00e2mica profissional de 15,4 mm | IPX6 \u00e0 prova d&#039;\u00e1gua para exerc\u00edcios mais agrad\u00e1veis | Controle de press\u00e3o f\u00e1cil e elegante<\/p>\n<p><img decoding=\"async\" alt=\"Mibro O1 Sport Earbuds\" src=\"\/wp-content\/uploads\/replace\/81238503c96c63a549c1c0094661dc06.jpeg\" \/><\/p>\n<p>&nbsp;<\/p>\n<p class=\"detail-desc-decorate-title\">Fones de ouvido Bluetooth abertos liberam seus ouvidos<\/p>\n<p class=\"detail-desc-decorate-content\" data-spm-anchor-id=\"a2g0o.detail.1000023.i0.51cfU70yU70yGS\">Mais confort\u00e1vel | Mais seguro | Sem vazamento | Mais est\u00e1vel<\/p>\n<p data-spm-anchor-id=\"a2g0o.detail.1000023.i0.51cfU70yU70yGS\"><img decoding=\"async\" alt=\"Mibro O1 Sport Earbuds\" src=\"\/wp-content\/uploads\/replace\/019714037bc801a34c53a7d99a31300e.jpeg\" \/><\/p>\n<p class=\"detail-desc-decorate-content\" data-spm-anchor-id=\"a2g0o.detail.1000023.i0.51cfU70yU70yGS\">Mais confort\u00e1vel | Mais seguro | Sem vazamento | Mais est\u00e1vel<\/p>\n<p data-spm-anchor-id=\"a2g0o.detail.1000023.i0.51cfU70yU70yGS\"><img decoding=\"async\" alt=\"Mibro O1 Sport Earbuds\" src=\"\/wp-content\/uploads\/replace\/a0d19bff5cf7c82c9c6465d59527fdd6.jpeg\" \/><\/p>\n<p class=\"detail-desc-decorate-title\"><strong>Sinta Modelagem<\/strong><\/p>\n<p class=\"detail-desc-decorate-content\" data-spm-anchor-id=\"a2g0o.detail.1000023.i2.51cfU70yU70yGS\">A t\u00e9cnica Baby Feel faz com que pare\u00e7a suave, mas confort\u00e1vel. O radiano ergonomicamente projetado garante uma for\u00e7a uniforme nas orelhas e permite um uso confort\u00e1vel.<\/p>\n<p class=\"detail-desc-decorate-title\" data-spm-anchor-id=\"a2g0o.detail.1000023.i3.51cfU70yU70yGS\"><strong>Chip Bluetooth 5.3<\/strong><\/p>\n<p class=\"detail-desc-decorate-content\">O Bluetooth 5.3 permite uma transmiss\u00e3o mais r\u00e1pida e melhor estabilidade.<br \/>\nFaixa de conex\u00e3o: At\u00e9 50%<br \/>\nEstabilidade: At\u00e9 75%<br \/>\nVelocidade de transmiss\u00e3o: at\u00e9 125%<br \/>\nEconomia de energia: at\u00e9 55%<\/p>\n<p><img decoding=\"async\" alt=\"Mibro O1 Sport Earbuds\" src=\"\/wp-content\/uploads\/replace\/f8ea0b92757f8629f457307a6023e0f5.jpeg\" \/><\/p>\n<p class=\"detail-desc-decorate-title\"><strong>Bateria de alta capacidade de 800mAh para vida \u00fatil ultralonga<\/strong><\/p>\n<p class=\"detail-desc-decorate-content\" data-spm-anchor-id=\"a2g0o.detail.1000023.i4.51cfU70yU70yGS\">Quando totalmente carregado, reprodu\u00e7\u00e3o cont\u00ednua de m\u00fasica&gt; 7 horas (volume 80%)<\/p>\n<p>7 horas de dura\u00e7\u00e3o de jogo \u00fanico<br \/>\n4 vezes o n\u00famero de ciclos recarreg\u00e1veis<br \/>\n35 horas de vida \u00fatil acumulada da bateria<br \/>\nDura\u00e7\u00e3o cumulativa em espera de 250 horas<\/p>\n<p data-spm-anchor-id=\"a2g0o.detail.1000023.i0.51cfU70yU70yGS\"><img decoding=\"async\" alt=\"Mibro O1 Sport Earbuds\" src=\"\/wp-content\/uploads\/replace\/de12359b39f39586744b37fcbb4bcf6b.jpeg\" \/><\/p>\n<p class=\"detail-desc-decorate-title\"><strong>Qualidade de alto-falante profissional<\/strong><\/p>\n<p class=\"detail-desc-decorate-content\" data-spm-anchor-id=\"a2g0o.detail.1000023.i5.51cfU70yU70yGS\">O alto-falante de membrana de tit\u00e2nio composto com c\u00fapula de 15,4 mm e tecnologia avan\u00e7ada de processamento de \u00e1udio, que permite a transmiss\u00e3o bem-sucedida de informa\u00e7\u00f5es de \u00e1udio, graves fortes e agudos brilhantes, criando uma qualidade de som n\u00edtida, por\u00e9m transparente, com detalhes ricos.<\/p>\n<p class=\"detail-desc-decorate-title\" data-spm-anchor-id=\"a2g0o.detail.1000023.i6.51cfU70yU70yGS\"><strong>Cancelamento de ru\u00eddo de chamada ENC<\/strong><\/p>\n<p class=\"detail-desc-decorate-content\">Nosso algoritmo ENC pode suprimir o ru\u00eddo de fundo 75% e isolar vozes humanas, criando um efeito sonoro ao vivo.<\/p>\n<p data-spm-anchor-id=\"a2g0o.detail.1000023.i5.51cfU70yU70yGS\"><img decoding=\"async\" alt=\"Mibro O1 Sport Earbuds\" src=\"\/wp-content\/uploads\/replace\/118771be6cf6067c00d32b8f62ed0074.jpeg\" \/><\/p>\n<p class=\"detail-desc-decorate-title\"><strong>IPX6 \u00e0 prova d&#039;\u00e1gua<\/strong><\/p>\n<p class=\"detail-desc-decorate-content\" data-spm-anchor-id=\"a2g0o.detail.1000023.i7.51cfU70yU70yGS\">Exerc\u00edcio agrad\u00e1vel \u00e0 prova d&#039;\u00e1gua IPX6 pode resistir eficazmente \u00e0 \u00e1gua no uso di\u00e1rio.<\/p>\n<p data-spm-anchor-id=\"a2g0o.detail.1000023.i5.51cfU70yU70yGS\"><img decoding=\"async\" alt=\"Mibro O1 Sport Earbuds\" src=\"\/wp-content\/uploads\/replace\/84b7bde5403f2fda58229ce9380a2049.jpeg\" \/><\/p>\n<p class=\"detail-desc-decorate-title\"><strong>F\u00e1cil e r\u00e1pido | Pressione Controle<\/strong><\/p>\n<p class=\"detail-desc-decorate-content\" data-spm-anchor-id=\"a2g0o.detail.1000023.i8.51cfU70yU70yGS\">Emparelhamento autom\u00e1tico | Uso independente de ouvido \u00fanico | Intera\u00e7\u00e3o principal<br \/>\nEmparelhamento autom\u00e1tico em uma etapa<br \/>\nDepois de conectar pela primeira vez, voc\u00ea pode emparelhar rapidamente os fones de ouvido com o seu dispositivo sempre que retir\u00e1-lo.<\/p>\n<p data-spm-anchor-id=\"a2g0o.detail.1000023.i8.51cfU70yU70yGS\">\n<p class=\"detail-desc-decorate-title\"><strong>Principal ou Auxiliar, Qual a Diferen\u00e7a? Eles s\u00e3o g\u00eameos<\/strong><\/p>\n<p class=\"detail-desc-decorate-content\" data-spm-anchor-id=\"a2g0o.detail.1000023.i9.51cfU70yU70yGS\">N\u00e3o h\u00e1 necessidade de distinguir entre o fone de ouvido principal e o fone de ouvido auxiliar, \u00e9 f\u00e1cil de usar.<br \/>\nA nova gera\u00e7\u00e3o de chip permite alternar entre os modos de ouvido \u00fanico e de ouvido duplo a qualquer momento.<\/p>\n<p data-spm-anchor-id=\"a2g0o.detail.1000023.i9.51cfU70yU70yGS\">\n<p class=\"detail-desc-decorate-title\"><strong>Pressione para mudar<\/strong><\/p>\n<p class=\"detail-desc-decorate-content\">Reproduzir\/Pausar: Press\u00e3o \u00fanica (fone de ouvido esquerdo\/direito);<br \/>\nAssistente de voz: pressione e segure por dois segundos (fone de ouvido esquerdo\/direito);<br \/>\nM\u00fasica anterior: Press\u00e3o tripla r\u00e1pida (fone de ouvido esquerdo);<br \/>\nPr\u00f3xima m\u00fasica: Press\u00e3o tripla r\u00e1pida (fone de ouvido direito);<br \/>\nReduza o volume: pressione duas vezes (fone de ouvido esquerdo);<br \/>\nAumentar o volume: pressione duas vezes (fone de ouvido direito);<br \/>\nAtender\/Terminar: Pressione duas vezes (fone de ouvido esquerdo\/direito);<br \/>\nRejeitar chamada: pressione e segure por dois segundos (fone de ouvido esquerdo\/direito)<\/p>\n<p data-spm-anchor-id=\"a2g0o.detail.1000023.i0.51cfU70yU70yGS\"><img decoding=\"async\" alt=\"Mibro O1 Sport Earbuds\" src=\"\/wp-content\/uploads\/replace\/0ef2045ea640adad695528fcd45ba18e.jpeg\" \/><\/p>\n<div class=\"title--wrap--wDzGayX\">\n<div class=\"title--text--Lx66GPw\">\n<h1 class=\"title--title--RN9Pt03\">Especifica\u00e7\u00f5es<\/h1>\n<\/div>\n<\/div>\n<ul class=\"specification--list--fiWsSyv\">\n<li class=\"specification--line--iUJOqof\">\n<div class=\"specification--prop--RejitI8\">\n<div class=\"specification--title--UbVeyic\">Material: Pl\u00e1stico<\/div>\n<\/div>\n<div class=\"specification--prop--RejitI8\">\n<div class=\"specification--title--UbVeyic\">Categoria: Fones de ouvido e fones de ouvido<\/div>\n<\/div>\n<\/li>\n<li class=\"specification--line--iUJOqof\">\n<div class=\"specification--prop--RejitI8\">\n<div class=\"specification--title--UbVeyic\">M\u00e9todo de carregamento: estojo de carregamento<\/div>\n<\/div>\n<div class=\"specification--prop--RejitI8\">\n<div class=\"specification--title--UbVeyic\">Faixa de imped\u00e2ncia: at\u00e9 32 \u03a9<\/div>\n<\/div>\n<\/li>\n<li class=\"specification--line--iUJOqof\">\n<div class=\"specification--prop--RejitI8\">\n<div class=\"specification--title--UbVeyic\">Vers\u00e3o Bluetooth: 5.3<\/div>\n<\/div>\n<div class=\"specification--prop--RejitI8\">\n<div class=\"specification--title--UbVeyic\">Codecs: NENHUM<\/div>\n<\/div>\n<\/li>\n<li class=\"specification--line--iUJOqof\">\n<div class=\"specification--prop--RejitI8\">\n<div class=\"specification--title--UbVeyic\">APLICATIVO de suporte: N\u00e3o<\/div>\n<\/div>\n<div class=\"specification--prop--RejitI8\">\n<div class=\"specification--title--UbVeyic\">Cart\u00e3o de mem\u00f3ria de suporte: n\u00e3o<\/div>\n<\/div>\n<\/li>\n<li class=\"specification--line--iUJOqof\">\n<div class=\"specification--prop--RejitI8\">\n<div class=\"specification--title--UbVeyic\">Comprimento da linha: 0m<\/div>\n<\/div>\n<div class=\"specification--prop--RejitI8\">\n<div class=\"specification--title--UbVeyic\">Fun\u00e7\u00e3o: para videogame, fone de ouvido HiFi, esporte<\/div>\n<\/div>\n<\/li>\n<li class=\"specification--line--iUJOqof\">\n<div class=\"specification--prop--RejitI8\">\n<div class=\"specification--title--UbVeyic\">Cancelamento de ru\u00eddo ativo: N\u00e3o<\/div>\n<\/div>\n<div class=\"specification--prop--RejitI8\">\n<div class=\"specification--title--UbVeyic\">Controle de volume: N\u00e3o<\/div>\n<\/div>\n<\/li>\n<li class=\"specification--line--iUJOqof\">\n<div class=\"specification--prop--RejitI8\">\n<div class=\"specification--title--UbVeyic\">Bot\u00e3o de controle: Sim<\/div>\n<\/div>\n<div class=\"specification--prop--RejitI8\">\n<div class=\"specification--title--UbVeyic\">Princ\u00edpio do vocalismo: Din\u00e2mico<\/div>\n<\/div>\n<\/li>\n<li class=\"specification--line--iUJOqof\">\n<div class=\"specification--prop--RejitI8\">\n<div class=\"specification--title--UbVeyic\">Tipo sem fio: Bluetooth<\/div>\n<\/div>\n<div class=\"specification--prop--RejitI8\">\n<div class=\"specification--title--UbVeyic\">Conectores: Nenhum<\/div>\n<\/div>\n<\/li>\n<li class=\"specification--line--iUJOqof\">\n<div class=\"specification--prop--RejitI8\">\n<div class=\"specification--title--UbVeyic\">Comunica\u00e7\u00e3o: Sem fio<\/div>\n<\/div>\n<div class=\"specification--prop--RejitI8\">\n<div class=\"specification--title--UbVeyic\">Estilo: intra-auricular<\/div>\n<\/div>\n<\/li>\n<li class=\"specification--line--iUJOqof\">\n<div class=\"specification--prop--RejitI8\">\n<div class=\"specification--title--UbVeyic\">Certifica\u00e7\u00e3o:NENHUMA<\/div>\n<\/div>\n<div class=\"specification--prop--RejitI8\">\n<div class=\"specification--title--UbVeyic\">Origem:China Continental<\/div>\n<\/div>\n<\/li>\n<li class=\"specification--line--iUJOqof\">\n<div class=\"specification--prop--RejitI8\">\n<div class=\"specification--title--UbVeyic\">Marca:Mibro<\/div>\n<\/div>\n<\/li>\n<\/ul>","protected":false},"excerpt":{"rendered":"<ul>\n<li>IPX6 \u00e0 prova d&#039;\u00e1gua para exerc\u00edcios mais agrad\u00e1veis<\/li>\n<li>Modelo de ouvido aberto que libera os ouvidos<\/li>\n<li>Chip Bluetooth 5.3<\/li>\n<li>Cancelamento de ru\u00eddo de chamada ENC<\/li>\n<li>Buzina din\u00e2mica profissional de 15,4 mm<\/li>\n<li>Bateria de longa dura\u00e7\u00e3o por 35 horas<\/li>\n<li>Controle de press\u00e3o f\u00e1cil e elegante<\/li>\n<\/ul>","protected":false},"featured_media":26752,"template":"","meta":[],"product_brand":[],"product_cat":[1305],"product_tag":[],"class_list":{"0":"post-26643","1":"product","2":"type-product","3":"status-publish","4":"has-post-thumbnail","6":"product_cat-xiaomi-eco","8":"first","9":"instock","10":"shipping-taxable","11":"product-type-simple"},"aioseo_notices":[],"aioseo_head":"\n\t\t<!-- All in One SEO Pro 4.5.9.2 - aioseo.com -->\n\t\t<meta name=\"description\" content=\"IPX6 waterproof for more pleasant exercises Open-ear model that frees ears Bluetooth 5.3 chip ENC call noise cancellation 15.4mm professional dynamic horn Long battery life for 35 hours Easy and elegant press control\" \/>\n\t\t<meta name=\"robots\" content=\"max-image-preview:large\" \/>\n\t\t<link rel=\"canonical\" href=\"https:\/\/www.rucashk.com\/pt\/produto\/mibro-o1-sport-earbuds\/\" \/>\n\t\t<meta name=\"generator\" content=\"All in One SEO Pro (AIOSEO) 4.5.9.2\" \/>\n\t\t<meta property=\"og:locale\" content=\"pt_PT\" \/>\n\t\t<meta property=\"og:site_name\" content=\"Rucas - One-stop AIoT Distribution Worldwide\" \/>\n\t\t<meta property=\"og:type\" content=\"article\" \/>\n\t\t<meta property=\"og:title\" content=\"Mibro O1 Sport Earbuds - Rucas - Wholesale and Distribution\" \/>\n\t\t<meta property=\"og:description\" content=\"IPX6 waterproof for more pleasant exercises Open-ear model that frees ears Bluetooth 5.3 chip ENC call noise cancellation 15.4mm professional dynamic horn Long battery life for 35 hours Easy and elegant press control\" \/>\n\t\t<meta property=\"og:url\" content=\"https:\/\/www.rucashk.com\/pt\/produto\/mibro-o1-sport-earbuds\/\" \/>\n\t\t<meta property=\"og:image\" content=\"https:\/\/www.rucashk.com\/wp-content\/uploads\/replace\/503b8e645f128a97ccde2b6290747646.jpeg\" \/>\n\t\t<meta property=\"og:image:secure_url\" content=\"https:\/\/www.rucashk.com\/wp-content\/uploads\/replace\/503b8e645f128a97ccde2b6290747646.jpeg\" \/>\n\t\t<meta property=\"og:image:width\" content=\"1456\" \/>\n\t\t<meta property=\"og:image:height\" content=\"816\" \/>\n\t\t<meta property=\"article:published_time\" content=\"2024-01-09T16:31:10+00:00\" \/>\n\t\t<meta property=\"article:modified_time\" content=\"2024-01-22T03:29:45+00:00\" \/>\n\t\t<meta name=\"twitter:card\" content=\"summary_large_image\" \/>\n\t\t<meta name=\"twitter:title\" content=\"Mibro O1 Sport Earbuds - Rucas - Wholesale and Distribution\" \/>\n\t\t<meta name=\"twitter:description\" content=\"IPX6 waterproof for more pleasant exercises Open-ear model that frees ears Bluetooth 5.3 chip ENC call noise cancellation 15.4mm professional dynamic horn Long battery life for 35 hours Easy and elegant press control\" \/>\n\t\t<meta name=\"twitter:image\" content=\"https:\/\/www.rucashk.com\/wp-content\/uploads\/replace\/503b8e645f128a97ccde2b6290747646.jpeg\" \/>\n\t\t<script type=\"application\/ld+json\" class=\"aioseo-schema\">\n\t\t\t{\"@context\":\"https:\\\/\\\/schema.org\",\"@graph\":[{\"@type\":\"BreadcrumbList\",\"@id\":\"https:\\\/\\\/www.rucashk.com\\\/pt\\\/produto\\\/mibro-o1-sport-earbuds\\\/#breadcrumblist\",\"itemListElement\":[{\"@type\":\"ListItem\",\"@id\":\"https:\\\/\\\/www.rucashk.com\\\/pt\\\/#listItem\",\"position\":1,\"name\":\"Home\",\"item\":\"https:\\\/\\\/www.rucashk.com\\\/pt\\\/\",\"nextItem\":\"https:\\\/\\\/www.rucashk.com\\\/pt\\\/produto\\\/mibro-o1-sport-earbuds\\\/#listItem\"},{\"@type\":\"ListItem\",\"@id\":\"https:\\\/\\\/www.rucashk.com\\\/pt\\\/produto\\\/mibro-o1-sport-earbuds\\\/#listItem\",\"position\":2,\"name\":\"Mibro O1 Sport Earbuds\",\"previousItem\":\"https:\\\/\\\/www.rucashk.com\\\/pt\\\/#listItem\"}]},{\"@type\":\"Organization\",\"@id\":\"https:\\\/\\\/www.rucashk.com\\\/pt\\\/#organization\",\"name\":\"Rucas\",\"url\":\"https:\\\/\\\/www.rucashk.com\\\/pt\\\/\",\"logo\":{\"@type\":\"ImageObject\",\"url\":\"https:\\\/\\\/www.rucashk.com\\\/wp-content\\\/uploads\\\/2023\\\/12\\\/Rucas_campany_logo.png\",\"@id\":\"https:\\\/\\\/www.rucashk.com\\\/pt\\\/produto\\\/mibro-o1-sport-earbuds\\\/#organizationLogo\",\"width\":221,\"height\":65},\"image\":{\"@id\":\"https:\\\/\\\/www.rucashk.com\\\/pt\\\/#organizationLogo\"}},{\"@type\":\"Person\",\"@id\":\"https:\\\/\\\/www.rucashk.com\\\/pt\\\/author\\\/admin\\\/#author\",\"url\":\"https:\\\/\\\/www.rucashk.com\\\/pt\\\/author\\\/admin\\\/\",\"name\":\"admin\",\"image\":{\"@type\":\"ImageObject\",\"@id\":\"https:\\\/\\\/www.rucashk.com\\\/pt\\\/produto\\\/mibro-o1-sport-earbuds\\\/#authorImage\",\"url\":\"https:\\\/\\\/secure.gravatar.com\\\/avatar\\\/b7c8925b09a27e72b30232f8ecaadbd5af0f70a38c78096863fe51b64f031c24?s=96&d=mm&r=g\",\"width\":96,\"height\":96,\"caption\":\"admin\"}},{\"@type\":\"WebPage\",\"@id\":\"https:\\\/\\\/www.rucashk.com\\\/pt\\\/produto\\\/mibro-o1-sport-earbuds\\\/#webpage\",\"url\":\"https:\\\/\\\/www.rucashk.com\\\/pt\\\/produto\\\/mibro-o1-sport-earbuds\\\/\",\"name\":\"Mibro O1 Sport Earbuds - Rucas - Wholesale and Distribution\",\"description\":\"IPX6 waterproof for more pleasant exercises Open-ear model that frees ears Bluetooth 5.3 chip ENC call noise cancellation 15.4mm professional dynamic horn Long battery life for 35 hours Easy and elegant press control\",\"inLanguage\":\"pt-PT\",\"isPartOf\":{\"@id\":\"https:\\\/\\\/www.rucashk.com\\\/pt\\\/#website\"},\"breadcrumb\":{\"@id\":\"https:\\\/\\\/www.rucashk.com\\\/pt\\\/produto\\\/mibro-o1-sport-earbuds\\\/#breadcrumblist\"},\"author\":{\"@id\":\"https:\\\/\\\/www.rucashk.com\\\/pt\\\/author\\\/admin\\\/#author\"},\"creator\":{\"@id\":\"https:\\\/\\\/www.rucashk.com\\\/pt\\\/author\\\/admin\\\/#author\"},\"image\":{\"@type\":\"ImageObject\",\"url\":\"https:\\\/\\\/www.rucashk.com\\\/wp-content\\\/uploads\\\/2024\\\/01\\\/10001-31.jpg\",\"@id\":\"https:\\\/\\\/www.rucashk.com\\\/pt\\\/produto\\\/mibro-o1-sport-earbuds\\\/#mainImage\",\"width\":800,\"height\":800},\"primaryImageOfPage\":{\"@id\":\"https:\\\/\\\/www.rucashk.com\\\/pt\\\/produto\\\/mibro-o1-sport-earbuds\\\/#mainImage\"},\"datePublished\":\"2024-01-09T16:31:10+00:00\",\"dateModified\":\"2024-01-22T03:29:45+00:00\"},{\"@type\":\"WebSite\",\"@id\":\"https:\\\/\\\/www.rucashk.com\\\/pt\\\/#website\",\"url\":\"https:\\\/\\\/www.rucashk.com\\\/pt\\\/\",\"name\":\"Rucas - Wholesale and distribution worldwide\",\"alternateName\":\"Rucas - One-stop AIoT Distribution Worldwide\",\"description\":\"One-stop AIoT Distribution Worldwide\",\"inLanguage\":\"pt-PT\",\"publisher\":{\"@id\":\"https:\\\/\\\/www.rucashk.com\\\/pt\\\/#organization\"}}]}\n\t\t<\/script>\n\t\t<!-- All in One SEO Pro -->\r\n\t\t<title>Mibro O1 Sport Earbuds - Rucas - Wholesale and Distribution<\/title>\n\n","aioseo_head_json":{"title":"Mibro O1 Sport Earbuds - Rucas - Wholesale and Distribution","description":"IPX6 waterproof for more pleasant exercises Open-ear model that frees ears Bluetooth 5.3 chip ENC call noise cancellation 15.4mm professional dynamic horn Long battery life for 35 hours Easy and elegant press control","canonical_url":"https:\/\/www.rucashk.com\/pt\/produto\/mibro-o1-sport-earbuds\/","robots":"max-image-preview:large","keywords":"","webmasterTools":{"miscellaneous":""},"og:locale":"pt_PT","og:site_name":"Rucas - One-stop AIoT Distribution Worldwide","og:type":"article","og:title":"Mibro O1 Sport Earbuds - Rucas - Wholesale and Distribution","og:description":"IPX6 waterproof for more pleasant exercises Open-ear model that frees ears Bluetooth 5.3 chip ENC call noise cancellation 15.4mm professional dynamic horn Long battery life for 35 hours Easy and elegant press control","og:url":"https:\/\/www.rucashk.com\/pt\/produto\/mibro-o1-sport-earbuds\/","og:image":"https:\/\/www.rucashk.com\/wp-content\/uploads\/replace\/503b8e645f128a97ccde2b6290747646.jpeg","og:image:secure_url":"https:\/\/www.rucashk.com\/wp-content\/uploads\/replace\/503b8e645f128a97ccde2b6290747646.jpeg","og:image:width":1456,"og:image:height":816,"article:published_time":"2024-01-09T16:31:10+00:00","article:modified_time":"2024-01-22T03:29:45+00:00","twitter:card":"summary_large_image","twitter:title":"Mibro O1 Sport Earbuds - Rucas - Wholesale and Distribution","twitter:description":"IPX6 waterproof for more pleasant exercises Open-ear model that frees ears Bluetooth 5.3 chip ENC call noise cancellation 15.4mm professional dynamic horn Long battery life for 35 hours Easy and elegant press control","twitter:image":"https:\/\/www.rucashk.com\/wp-content\/uploads\/replace\/503b8e645f128a97ccde2b6290747646.jpeg","schema":{"@context":"https:\/\/schema.org","@graph":[{"@type":"BreadcrumbList","@id":"https:\/\/www.rucashk.com\/pt\/produto\/mibro-o1-sport-earbuds\/#breadcrumblist","itemListElement":[{"@type":"ListItem","@id":"https:\/\/www.rucashk.com\/pt\/#listItem","position":1,"name":"Home","item":"https:\/\/www.rucashk.com\/pt\/","nextItem":"https:\/\/www.rucashk.com\/pt\/produto\/mibro-o1-sport-earbuds\/#listItem"},{"@type":"ListItem","@id":"https:\/\/www.rucashk.com\/pt\/produto\/mibro-o1-sport-earbuds\/#listItem","position":2,"name":"Mibro O1 Sport Earbuds","previousItem":"https:\/\/www.rucashk.com\/pt\/#listItem"}]},{"@type":"Organization","@id":"https:\/\/www.rucashk.com\/pt\/#organization","name":"Rucas","url":"https:\/\/www.rucashk.com\/pt\/","logo":{"@type":"ImageObject","url":"https:\/\/www.rucashk.com\/wp-content\/uploads\/2023\/12\/Rucas_campany_logo.png","@id":"https:\/\/www.rucashk.com\/pt\/produto\/mibro-o1-sport-earbuds\/#organizationLogo","width":221,"height":65},"image":{"@id":"https:\/\/www.rucashk.com\/pt\/#organizationLogo"}},{"@type":"Person","@id":"https:\/\/www.rucashk.com\/pt\/author\/admin\/#author","url":"https:\/\/www.rucashk.com\/pt\/author\/admin\/","name":"admin","image":{"@type":"ImageObject","@id":"https:\/\/www.rucashk.com\/pt\/produto\/mibro-o1-sport-earbuds\/#authorImage","url":"https:\/\/secure.gravatar.com\/avatar\/b7c8925b09a27e72b30232f8ecaadbd5af0f70a38c78096863fe51b64f031c24?s=96&d=mm&r=g","width":96,"height":96,"caption":"admin"}},{"@type":"WebPage","@id":"https:\/\/www.rucashk.com\/pt\/produto\/mibro-o1-sport-earbuds\/#webpage","url":"https:\/\/www.rucashk.com\/pt\/produto\/mibro-o1-sport-earbuds\/","name":"Mibro O1 Sport Earbuds - Rucas - Wholesale and Distribution","description":"IPX6 waterproof for more pleasant exercises Open-ear model that frees ears Bluetooth 5.3 chip ENC call noise cancellation 15.4mm professional dynamic horn Long battery life for 35 hours Easy and elegant press control","inLanguage":"pt-PT","isPartOf":{"@id":"https:\/\/www.rucashk.com\/pt\/#website"},"breadcrumb":{"@id":"https:\/\/www.rucashk.com\/pt\/produto\/mibro-o1-sport-earbuds\/#breadcrumblist"},"author":{"@id":"https:\/\/www.rucashk.com\/pt\/author\/admin\/#author"},"creator":{"@id":"https:\/\/www.rucashk.com\/pt\/author\/admin\/#author"},"image":{"@type":"ImageObject","url":"https:\/\/www.rucashk.com\/wp-content\/uploads\/2024\/01\/10001-31.jpg","@id":"https:\/\/www.rucashk.com\/pt\/produto\/mibro-o1-sport-earbuds\/#mainImage","width":800,"height":800},"primaryImageOfPage":{"@id":"https:\/\/www.rucashk.com\/pt\/produto\/mibro-o1-sport-earbuds\/#mainImage"},"datePublished":"2024-01-09T16:31:10+00:00","dateModified":"2024-01-22T03:29:45+00:00"},{"@type":"WebSite","@id":"https:\/\/www.rucashk.com\/pt\/#website","url":"https:\/\/www.rucashk.com\/pt\/","name":"Rucas - Wholesale and distribution worldwide","alternateName":"Rucas - One-stop AIoT Distribution Worldwide","description":"One-stop AIoT Distribution Worldwide","inLanguage":"pt-PT","publisher":{"@id":"https:\/\/www.rucashk.com\/pt\/#organization"}}]}},"aioseo_meta_data":{"post_id":"26643","title":null,"description":null,"keywords":null,"keyphrases":null,"primary_term":null,"canonical_url":null,"og_title":null,"og_description":null,"og_object_type":"default","og_image_type":"default","og_image_url":null,"og_image_width":null,"og_image_height":null,"og_image_custom_url":null,"og_image_custom_fields":null,"og_video":null,"og_custom_url":null,"og_article_section":null,"og_article_tags":null,"twitter_use_og":false,"twitter_card":"default","twitter_image_type":"default","twitter_image_url":null,"twitter_image_custom_url":null,"twitter_image_custom_fields":null,"twitter_title":null,"twitter_description":null,"schema":{"blockGraphs":[],"customGraphs":[],"default":{"data":{"Article":[],"Course":[],"Dataset":[],"FAQPage":[],"Movie":[],"Person":[],"Product":[],"Recipe":[],"Service":[],"SoftwareApplication":[],"WebPage":[]},"graphName":"","isEnabled":true},"graphs":[]},"schema_type":"default","schema_type_options":null,"pillar_content":false,"robots_default":true,"robots_noindex":false,"robots_noarchive":false,"robots_nosnippet":false,"robots_nofollow":false,"robots_noimageindex":false,"robots_noodp":false,"robots_notranslate":false,"robots_max_snippet":null,"robots_max_videopreview":null,"robots_max_imagepreview":"large","priority":null,"frequency":null,"local_seo":null,"breadcrumb_settings":null,"limit_modified_date":false,"created":"2024-04-11 01:57:21","updated":"2025-06-22 18:22:56"},"aioseo_breadcrumb":"<div class=\"aioseo-breadcrumbs\"><span class=\"aioseo-breadcrumb\">\n\t<a href=\"https:\/\/www.rucashk.com\/pt\" title=\"Home\">Home<\/a>\n<\/span><span class=\"aioseo-breadcrumb-separator\">&raquo;<\/span><span class=\"aioseo-breadcrumb\">\n\t<a href=\"https:\/\/www.rucashk.com\/pt\/products\/\" title=\"Produtos\">Produtos<\/a>\n<\/span><span class=\"aioseo-breadcrumb-separator\">&raquo;<\/span><span class=\"aioseo-breadcrumb\">\n\t<a href=\"https:\/\/www.rucashk.com\/pt\/categoria-produto\/xiaomi-eco\/\" title=\"Xiaomi Eco\">Xiaomi Eco<\/a>\n<\/span><span class=\"aioseo-breadcrumb-separator\">&raquo;<\/span><span class=\"aioseo-breadcrumb\">\n\tMibro O1 Sport Earbuds\n<\/span><\/div>","aioseo_breadcrumb_json":[{"label":"Home","link":"https:\/\/www.rucashk.com\/pt"},{"label":"Produtos","link":"https:\/\/www.rucashk.com\/pt\/products\/"},{"label":"Xiaomi Eco","link":"https:\/\/www.rucashk.com\/pt\/categoria-produto\/xiaomi-eco\/"},{"label":"Mibro O1 Sport Earbuds","link":"https:\/\/www.rucashk.com\/pt\/produto\/mibro-o1-sport-earbuds\/"}],"_links":{"self":[{"href":"https:\/\/www.rucashk.com\/pt\/wp-json\/wp\/v2\/product\/26643","targetHints":{"allow":["GET"]}}],"collection":[{"href":"https:\/\/www.rucashk.com\/pt\/wp-json\/wp\/v2\/product"}],"about":[{"href":"https:\/\/www.rucashk.com\/pt\/wp-json\/wp\/v2\/types\/product"}],"wp:featuredmedia":[{"embeddable":true,"href":"https:\/\/www.rucashk.com\/pt\/wp-json\/wp\/v2\/media\/26752"}],"wp:attachment":[{"href":"https:\/\/www.rucashk.com\/pt\/wp-json\/wp\/v2\/media?parent=26643"}],"wp:term":[{"taxonomy":"product_brand","embeddable":true,"href":"https:\/\/www.rucashk.com\/pt\/wp-json\/wp\/v2\/product_brand?post=26643"},{"taxonomy":"product_cat","embeddable":true,"href":"https:\/\/www.rucashk.com\/pt\/wp-json\/wp\/v2\/product_cat?post=26643"},{"taxonomy":"product_tag","embeddable":true,"href":"https:\/\/www.rucashk.com\/pt\/wp-json\/wp\/v2\/product_tag?post=26643"}],"curies":[{"name":"wp","href":"https:\/\/api.w.org\/{rel}","templated":true}]}}