{"id":26596,"date":"2024-01-09T16:30:47","date_gmt":"2024-01-09T16:30:47","guid":{"rendered":"http:\/\/rucashk.com\/?post_type=product&#038;p=26596"},"modified":"2024-01-22T03:42:13","modified_gmt":"2024-01-22T03:42:13","slug":"mibro-earbuds4","status":"publish","type":"product","link":"https:\/\/www.rucashk.com\/pt\/produto\/mibro-earbuds4\/","title":{"rendered":"Fones de ouvido Mibro4"},"content":{"rendered":"<p align=\"center\" data-spm-anchor-id=\"a2g0o.detail.1000023.i0.3e54Cpi4Cpi4hn\"><strong>Original mibro earbuds4 bluetooth fones de ouvido sem fio controle toque \u00e0 prova dwaterproof \u00e1gua enc hd cancelamento chamada esportes<\/strong><\/p>\n<p align=\"center\"><img decoding=\"async\" alt=\"Mibro Earbuds4\" src=\"\/wp-content\/uploads\/replace\/23f3a19ac85c1adf46d6e0bdbf6c6e22.jpeg\" \/><img decoding=\"async\" alt=\"Mibro Earbuds4\" src=\"\/wp-content\/uploads\/replace\/31fdec6c3bfc301881bdc56efcfe6000.jpeg\" \/><\/p>\n<p align=\"center\">\u00a0Tom superior e cores exclusivas. Diversas cores combinando com Macaron<br \/>\n\u2013 AIR TWS para um uso mais agrad\u00e1vel. Liberte a sua natureza com os Mibro Earbuds 4. Um \u00fanico fone de ouvido pesando apenas 3g equivale ao bal\u00e3o soprado.<\/p>\n<p align=\"center\"><img decoding=\"async\" alt=\"Mibro Earbuds4\" src=\"\/wp-content\/uploads\/replace\/893b1028ef2212460bc447b368c94aa3.jpeg\" \/><img decoding=\"async\" alt=\"Mibro Earbuds4\" src=\"\/wp-content\/uploads\/replace\/498f5c4e638fb9cea3d134a55b9b495e.jpeg\" \/><\/p>\n<p align=\"center\">Estilos vari\u00e1veis. Chanel luxuoso, macaron fofo e tudo combinado\u00a0<a href=\"http:\/\/vqimedia.com\/jeBgqV\">Fones de ouvido Mibro4<\/a><\/p>\n<p align=\"center\"><img decoding=\"async\" alt=\"Mibro Earbuds4\" src=\"\/wp-content\/uploads\/replace\/3c84c8c1b9e5ef92440bc56c2b4d53ac.jpeg\" \/><\/p>\n<p align=\"center\">\n<p>Chip Bluetooth 5.3. O Bluetooth 5.3 permite atraso zero na transmiss\u00e3o, menor consumo de energia, maior vida \u00fatil da bateria, melhor estabilidade e desempenho anti-interfer\u00eancia superior. Faixa de conex\u00e3o: At\u00e9 50%. Estabilidade: At\u00e9 75%. Velocidade de transmiss\u00e3o: At\u00e9 125%. Economia de energia: At\u00e9 55%.<\/p>\n<p align=\"center\"><img decoding=\"async\" alt=\"Mibro Earbuds4\" src=\"\/wp-content\/uploads\/replace\/e2e724fbc00bd0dfa1d0fee2fdf5fb25.jpeg\" \/><\/p>\n<p align=\"center\">\u00a0Buzina de lat\u00e3o de alta fidelidade. Bobina m\u00f3vel de membrana composta de 13 mm e buzina de lat\u00e3o hi-fi de 32\u03a9 para distinguir claramente os belos sons de v\u00e1rios instrumentos musicais.<\/p>\n<p align=\"center\"><img decoding=\"async\" alt=\"Mibro Earbuds4\" src=\"\/wp-content\/uploads\/replace\/6ecdb0b5c7f6b55ee959a446bf0de84f.jpeg\" \/><\/p>\n<p align=\"center\">\u00a0Bateria de longa dura\u00e7\u00e3o por 30 horas. O estojo de carregamento com bateria de 220mAh carregou totalmente os fones de ouvido 4,4 vezes, com dura\u00e7\u00e3o acumulada da bateria de 30 horas. Sistema de gerenciamento de carga inteligente para prote\u00e7\u00e3o contra sobrecarga, prote\u00e7\u00e3o contra sobrecarga de energia, prote\u00e7\u00e3o contra curto-circuito e prote\u00e7\u00e3o de regula\u00e7\u00e3o de tens\u00e3o. Dura\u00e7\u00e3o de chamada \u00fanica: 3,5 horas. Dura\u00e7\u00e3o da reprodu\u00e7\u00e3o de m\u00fasica \u00fanica: 4 horas.<\/p>\n<p align=\"center\"><img decoding=\"async\" alt=\"Mibro Earbuds4\" src=\"\/wp-content\/uploads\/replace\/4d57f9c61280da0509326243560d8a54.jpeg\" \/><\/p>\n<p align=\"center\">\u00a0IPX4 \u00e0 prova d&#039;\u00e1gua. IPX4 \u00e0 prova d&#039;\u00e1gua pode resistir eficazmente \u00e0 \u00e1gua no uso di\u00e1rio. Nota: O estojo de carregamento n\u00e3o \u00e9 \u00e0 prova d&#039;\u00e1gua.<br \/>\n<img decoding=\"async\" alt=\"Mibro Earbuds4\" src=\"\/wp-content\/uploads\/replace\/f53c93b5695f92848d5e140aa4cddb69.jpeg\" \/><\/p>\n<p align=\"center\">N\u00e3o tenho medo de tremer, n\u00e3o \u00e9 f\u00e1cil cair. Design ergon\u00f4mico para uso mais est\u00e1vel.<\/p>\n<p align=\"center\"><img decoding=\"async\" alt=\"Mibro Earbuds4\" src=\"\/wp-content\/uploads\/replace\/d32f2d70ade85d5a2dd7788337be45e1.jpeg\" \/><\/p>\n<p align=\"center\">\u00a0Emparelhamento autom\u00e1tico. Depois de conectar pela primeira vez, voc\u00ea pode emparelhar rapidamente os fones de ouvido com o seu dispositivo sempre que retir\u00e1-lo.<\/p>\n<p align=\"center\">\n<p align=\"center\"><img decoding=\"async\" alt=\"Mibro Earbuds4\" src=\"\/wp-content\/uploads\/replace\/a724f5a8e7b87e7b6b96f5d65c1e3523.jpeg\" \/><img decoding=\"async\" alt=\"Mibro Earbuds4\" src=\"\/wp-content\/uploads\/replace\/efa7c463fe188c5f2b64fc1351a0461a.jpeg\" \/><img decoding=\"async\" alt=\"Mibro Earbuds4\" src=\"\/wp-content\/uploads\/replace\/1dee82b66c8d6792f2af2d466c67ee6a.jpeg\" \/><img decoding=\"async\" alt=\"Mibro Earbuds4\" src=\"\/wp-content\/uploads\/replace\/f6283430e886ba5a6e3ec9f92e95f668.jpeg\" \/><\/p>\n<p align=\"center\"><img decoding=\"async\" alt=\"Mibro Earbuds4\" src=\"\/wp-content\/uploads\/replace\/6fc41ccb55695cfbd870f2d301b568a2.jpeg\" data-spm-anchor-id=\"a2g0o.detail.1000023.i1.3e54Cpi4Cpi4hn\" \/><\/p>\n<div id=\"nav-specification\" data-pl=\"product-specs\">\n<div class=\"title--wrap--wDzGayX\">\n<div class=\"title--text--Lx66GPw\">\n<h1 class=\"title--title--RN9Pt03\">Especifica\u00e7\u00f5es<\/h1>\n<\/div>\n<\/div>\n<div class=\"specification--prop--RejitI8\">\n<div class=\"specification--title--UbVeyic\">Material: ABS, pl\u00e1stico<\/div>\n<\/div>\n<div class=\"specification--prop--RejitI8\">\n<div class=\"specification--title--UbVeyic\">Tecnologia NFC: n\u00e3o<\/div>\n<\/div>\n<div class=\"specification--prop--RejitI8\">\n<div class=\"specification--title--UbVeyic\">Categoria: Fones de ouvido e fones de ouvido<\/div>\n<\/div>\n<div class=\"specification--prop--RejitI8\">\n<div class=\"specification--title--UbVeyic\">M\u00e9todo de carregamento: estojo de carregamento<\/div>\n<\/div>\n<div class=\"specification--prop--RejitI8\">\n<div class=\"specification--title--UbVeyic\">Faixa de imped\u00e2ncia: at\u00e9 32 \u03a9<\/div>\n<\/div>\n<div class=\"specification--prop--RejitI8\">\n<div class=\"specification--title--UbVeyic\">Vers\u00e3o Bluetooth: 5.3<\/div>\n<\/div>\n<div class=\"specification--prop--RejitI8\">\n<div class=\"specification--title--UbVeyic\">Com microfone: sim<\/div>\n<div class=\"specification--desc--Mz148Bl\" title=\"Sim\">\u00c9 sem fio: Sim<\/div>\n<\/div>\n<div class=\"specification--prop--RejitI8\">\n<div class=\"specification--title--UbVeyic\">APLICATIVO de suporte: N\u00e3o<\/div>\n<\/div>\n<div class=\"specification--prop--RejitI8\">\n<div class=\"specification--title--UbVeyic\">\u00c0 prova d&#039;\u00e1gua: Sim<\/div>\n<\/div>\n<div class=\"specification--prop--RejitI8\">\n<div class=\"specification--title--UbVeyic\">Fun\u00e7\u00e3o: fone de ouvido comum, para celular, fone de ouvido HiFi, esporte<\/div>\n<\/div>\n<div class=\"specification--prop--RejitI8\">\n<div class=\"specification--title--UbVeyic\">Cancelamento de ru\u00eddo ativo: N\u00e3o<\/div>\n<\/div>\n<div class=\"specification--prop--RejitI8\">\n<div class=\"specification--title--UbVeyic\">Controle de volume: Sim<\/div>\n<\/div>\n<div class=\"specification--prop--RejitI8\">\n<div class=\"specification--title--UbVeyic\">Bot\u00e3o de controle: Sim<\/div>\n<\/div>\n<div class=\"specification--prop--RejitI8\">\n<div class=\"specification--title--UbVeyic\">Princ\u00edpio do vocalismo: Din\u00e2mico<\/div>\n<\/div>\n<div class=\"specification--prop--RejitI8\">\n<div class=\"specification--title--UbVeyic\">Tipo sem fio: Bluetooth<\/div>\n<\/div>\n<div class=\"specification--prop--RejitI8\">\n<div class=\"specification--title--UbVeyic\">Comunica\u00e7\u00e3o: Sem fio<\/div>\n<\/div>\n<div class=\"specification--prop--RejitI8\">\n<div class=\"specification--title--UbVeyic\">Estilo: intra-auricular<\/div>\n<\/div>\n<div class=\"specification--prop--RejitI8\">\n<div class=\"specification--title--UbVeyic\">Origem:China Continental<\/div>\n<\/div>\n<div class=\"specification--prop--RejitI8\">\n<div class=\"specification--title--UbVeyic\">Marca:Mibro<\/div>\n<\/div>\n<\/div>","protected":false},"excerpt":{"rendered":"<p>\u2013 AIR TWS For More Enjoyable Wearing.<br \/>\n\u2013 Bluetooth 5.3 Chip.\u00a0 Connection Range: Up 50%. Stability: Up 75%. Transmission Speed: Up 125%. Power Save: Up 55%.<br \/>\n\u2013 Hi-fi Brass Ring Horn.<br \/>\n\u2013 Long Battery Life For 30 Hours.<\/p>\n<p>\u2013 IPX4 Waterproof.<br \/>\n\u2013 Ergonomic design for more stable wearing.<br \/>\n\u2013 Auto Pairing.<\/p>","protected":false},"featured_media":26740,"template":"","meta":[],"product_brand":[],"product_cat":[1305],"product_tag":[],"class_list":{"0":"post-26596","1":"product","2":"type-product","3":"status-publish","4":"has-post-thumbnail","6":"product_cat-xiaomi-eco","8":"first","9":"instock","10":"shipping-taxable","11":"product-type-simple"},"aioseo_notices":[],"aioseo_head":"\n\t\t<!-- All in One SEO Pro 4.5.9.2 - aioseo.com -->\n\t\t<meta name=\"description\" content=\"\u2013 AIR TWS For More Enjoyable Wearing. \u2013 Bluetooth 5.3 Chip. Connection Range: Up 50%. Stability: Up 75%. Transmission Speed: Up 125%. Power Save: Up 55%. \u2013 Hi-fi Brass Ring Horn. \u2013 Long Battery Life For 30 Hours. \u2013 IPX4 Waterproof. \u2013 Ergonomic design for more stable wearing. \u2013 Auto Pairing.\" \/>\n\t\t<meta name=\"robots\" content=\"max-image-preview:large\" \/>\n\t\t<link rel=\"canonical\" href=\"https:\/\/www.rucashk.com\/pt\/produto\/mibro-earbuds4\/\" \/>\n\t\t<meta name=\"generator\" content=\"All in One SEO Pro (AIOSEO) 4.5.9.2\" \/>\n\t\t<meta property=\"og:locale\" content=\"pt_PT\" \/>\n\t\t<meta property=\"og:site_name\" content=\"Rucas - One-stop AIoT Distribution Worldwide\" \/>\n\t\t<meta property=\"og:type\" content=\"article\" \/>\n\t\t<meta property=\"og:title\" content=\"Mibro Earbuds4 - Rucas - Wholesale and Distribution\" \/>\n\t\t<meta property=\"og:description\" content=\"\u2013 AIR TWS For More Enjoyable Wearing. \u2013 Bluetooth 5.3 Chip. Connection Range: Up 50%. Stability: Up 75%. Transmission Speed: Up 125%. Power Save: Up 55%. \u2013 Hi-fi Brass Ring Horn. \u2013 Long Battery Life For 30 Hours. \u2013 IPX4 Waterproof. \u2013 Ergonomic design for more stable wearing. \u2013 Auto Pairing.\" \/>\n\t\t<meta property=\"og:url\" content=\"https:\/\/www.rucashk.com\/pt\/produto\/mibro-earbuds4\/\" \/>\n\t\t<meta property=\"og:image\" content=\"https:\/\/www.rucashk.com\/wp-content\/uploads\/replace\/503b8e645f128a97ccde2b6290747646.jpeg\" \/>\n\t\t<meta property=\"og:image:secure_url\" content=\"https:\/\/www.rucashk.com\/wp-content\/uploads\/replace\/503b8e645f128a97ccde2b6290747646.jpeg\" \/>\n\t\t<meta property=\"og:image:width\" content=\"1456\" \/>\n\t\t<meta property=\"og:image:height\" content=\"816\" \/>\n\t\t<meta property=\"article:published_time\" content=\"2024-01-09T16:30:47+00:00\" \/>\n\t\t<meta property=\"article:modified_time\" content=\"2024-01-22T03:42:13+00:00\" \/>\n\t\t<meta name=\"twitter:card\" content=\"summary_large_image\" \/>\n\t\t<meta name=\"twitter:title\" content=\"Mibro Earbuds4 - Rucas - Wholesale and Distribution\" \/>\n\t\t<meta name=\"twitter:description\" content=\"\u2013 AIR TWS For More Enjoyable Wearing. \u2013 Bluetooth 5.3 Chip. Connection Range: Up 50%. Stability: Up 75%. Transmission Speed: Up 125%. Power Save: Up 55%. \u2013 Hi-fi Brass Ring Horn. \u2013 Long Battery Life For 30 Hours. \u2013 IPX4 Waterproof. \u2013 Ergonomic design for more stable wearing. \u2013 Auto Pairing.\" \/>\n\t\t<meta name=\"twitter:image\" content=\"https:\/\/www.rucashk.com\/wp-content\/uploads\/replace\/503b8e645f128a97ccde2b6290747646.jpeg\" \/>\n\t\t<script type=\"application\/ld+json\" class=\"aioseo-schema\">\n\t\t\t{\"@context\":\"https:\\\/\\\/schema.org\",\"@graph\":[{\"@type\":\"BreadcrumbList\",\"@id\":\"https:\\\/\\\/www.rucashk.com\\\/pt\\\/produto\\\/mibro-earbuds4\\\/#breadcrumblist\",\"itemListElement\":[{\"@type\":\"ListItem\",\"@id\":\"https:\\\/\\\/www.rucashk.com\\\/pt\\\/#listItem\",\"position\":1,\"name\":\"Home\",\"item\":\"https:\\\/\\\/www.rucashk.com\\\/pt\\\/\",\"nextItem\":\"https:\\\/\\\/www.rucashk.com\\\/pt\\\/produto\\\/mibro-earbuds4\\\/#listItem\"},{\"@type\":\"ListItem\",\"@id\":\"https:\\\/\\\/www.rucashk.com\\\/pt\\\/produto\\\/mibro-earbuds4\\\/#listItem\",\"position\":2,\"name\":\"Mibro Earbuds4\",\"previousItem\":\"https:\\\/\\\/www.rucashk.com\\\/pt\\\/#listItem\"}]},{\"@type\":\"Organization\",\"@id\":\"https:\\\/\\\/www.rucashk.com\\\/pt\\\/#organization\",\"name\":\"Rucas\",\"url\":\"https:\\\/\\\/www.rucashk.com\\\/pt\\\/\",\"logo\":{\"@type\":\"ImageObject\",\"url\":\"https:\\\/\\\/www.rucashk.com\\\/wp-content\\\/uploads\\\/2023\\\/12\\\/Rucas_campany_logo.png\",\"@id\":\"https:\\\/\\\/www.rucashk.com\\\/pt\\\/produto\\\/mibro-earbuds4\\\/#organizationLogo\",\"width\":221,\"height\":65},\"image\":{\"@id\":\"https:\\\/\\\/www.rucashk.com\\\/pt\\\/#organizationLogo\"}},{\"@type\":\"Person\",\"@id\":\"https:\\\/\\\/www.rucashk.com\\\/pt\\\/author\\\/admin\\\/#author\",\"url\":\"https:\\\/\\\/www.rucashk.com\\\/pt\\\/author\\\/admin\\\/\",\"name\":\"admin\",\"image\":{\"@type\":\"ImageObject\",\"@id\":\"https:\\\/\\\/www.rucashk.com\\\/pt\\\/produto\\\/mibro-earbuds4\\\/#authorImage\",\"url\":\"https:\\\/\\\/secure.gravatar.com\\\/avatar\\\/b7c8925b09a27e72b30232f8ecaadbd5af0f70a38c78096863fe51b64f031c24?s=96&d=mm&r=g\",\"width\":96,\"height\":96,\"caption\":\"admin\"}},{\"@type\":\"WebPage\",\"@id\":\"https:\\\/\\\/www.rucashk.com\\\/pt\\\/produto\\\/mibro-earbuds4\\\/#webpage\",\"url\":\"https:\\\/\\\/www.rucashk.com\\\/pt\\\/produto\\\/mibro-earbuds4\\\/\",\"name\":\"Mibro Earbuds4 - Rucas - Wholesale and Distribution\",\"description\":\"\\u2013 AIR TWS For More Enjoyable Wearing. \\u2013 Bluetooth 5.3 Chip. Connection Range: Up 50%. Stability: Up 75%. Transmission Speed: Up 125%. Power Save: Up 55%. \\u2013 Hi-fi Brass Ring Horn. \\u2013 Long Battery Life For 30 Hours. \\u2013 IPX4 Waterproof. \\u2013 Ergonomic design for more stable wearing. \\u2013 Auto Pairing.\",\"inLanguage\":\"pt-PT\",\"isPartOf\":{\"@id\":\"https:\\\/\\\/www.rucashk.com\\\/pt\\\/#website\"},\"breadcrumb\":{\"@id\":\"https:\\\/\\\/www.rucashk.com\\\/pt\\\/produto\\\/mibro-earbuds4\\\/#breadcrumblist\"},\"author\":{\"@id\":\"https:\\\/\\\/www.rucashk.com\\\/pt\\\/author\\\/admin\\\/#author\"},\"creator\":{\"@id\":\"https:\\\/\\\/www.rucashk.com\\\/pt\\\/author\\\/admin\\\/#author\"},\"image\":{\"@type\":\"ImageObject\",\"url\":\"https:\\\/\\\/www.rucashk.com\\\/wp-content\\\/uploads\\\/2024\\\/01\\\/10001-30.jpg\",\"@id\":\"https:\\\/\\\/www.rucashk.com\\\/pt\\\/produto\\\/mibro-earbuds4\\\/#mainImage\",\"width\":1000,\"height\":1000},\"primaryImageOfPage\":{\"@id\":\"https:\\\/\\\/www.rucashk.com\\\/pt\\\/produto\\\/mibro-earbuds4\\\/#mainImage\"},\"datePublished\":\"2024-01-09T16:30:47+00:00\",\"dateModified\":\"2024-01-22T03:42:13+00:00\"},{\"@type\":\"WebSite\",\"@id\":\"https:\\\/\\\/www.rucashk.com\\\/pt\\\/#website\",\"url\":\"https:\\\/\\\/www.rucashk.com\\\/pt\\\/\",\"name\":\"Rucas - Wholesale and distribution worldwide\",\"alternateName\":\"Rucas - One-stop AIoT Distribution Worldwide\",\"description\":\"One-stop AIoT Distribution Worldwide\",\"inLanguage\":\"pt-PT\",\"publisher\":{\"@id\":\"https:\\\/\\\/www.rucashk.com\\\/pt\\\/#organization\"}}]}\n\t\t<\/script>\n\t\t<!-- All in One SEO Pro -->\r\n\t\t<title>Mibro Earbuds4 - Rucas - Wholesale and Distribution<\/title>\n\n","aioseo_head_json":{"title":"Mibro Earbuds4 - Rucas - Wholesale and Distribution","description":"\u2013 AIR TWS For More Enjoyable Wearing. \u2013 Bluetooth 5.3 Chip. Connection Range: Up 50%. Stability: Up 75%. Transmission Speed: Up 125%. Power Save: Up 55%. \u2013 Hi-fi Brass Ring Horn. \u2013 Long Battery Life For 30 Hours. \u2013 IPX4 Waterproof. \u2013 Ergonomic design for more stable wearing. \u2013 Auto Pairing.","canonical_url":"https:\/\/www.rucashk.com\/pt\/produto\/mibro-earbuds4\/","robots":"max-image-preview:large","keywords":"","webmasterTools":{"miscellaneous":""},"og:locale":"pt_PT","og:site_name":"Rucas - One-stop AIoT Distribution Worldwide","og:type":"article","og:title":"Mibro Earbuds4 - Rucas - Wholesale and Distribution","og:description":"\u2013 AIR TWS For More Enjoyable Wearing. \u2013 Bluetooth 5.3 Chip. Connection Range: Up 50%. Stability: Up 75%. Transmission Speed: Up 125%. Power Save: Up 55%. \u2013 Hi-fi Brass Ring Horn. \u2013 Long Battery Life For 30 Hours. \u2013 IPX4 Waterproof. \u2013 Ergonomic design for more stable wearing. \u2013 Auto Pairing.","og:url":"https:\/\/www.rucashk.com\/pt\/produto\/mibro-earbuds4\/","og:image":"https:\/\/www.rucashk.com\/wp-content\/uploads\/replace\/503b8e645f128a97ccde2b6290747646.jpeg","og:image:secure_url":"https:\/\/www.rucashk.com\/wp-content\/uploads\/replace\/503b8e645f128a97ccde2b6290747646.jpeg","og:image:width":1456,"og:image:height":816,"article:published_time":"2024-01-09T16:30:47+00:00","article:modified_time":"2024-01-22T03:42:13+00:00","twitter:card":"summary_large_image","twitter:title":"Mibro Earbuds4 - Rucas - Wholesale and Distribution","twitter:description":"\u2013 AIR TWS For More Enjoyable Wearing. \u2013 Bluetooth 5.3 Chip. Connection Range: Up 50%. Stability: Up 75%. Transmission Speed: Up 125%. Power Save: Up 55%. \u2013 Hi-fi Brass Ring Horn. \u2013 Long Battery Life For 30 Hours. \u2013 IPX4 Waterproof. \u2013 Ergonomic design for more stable wearing. \u2013 Auto Pairing.","twitter:image":"https:\/\/www.rucashk.com\/wp-content\/uploads\/replace\/503b8e645f128a97ccde2b6290747646.jpeg","schema":{"@context":"https:\/\/schema.org","@graph":[{"@type":"BreadcrumbList","@id":"https:\/\/www.rucashk.com\/pt\/produto\/mibro-earbuds4\/#breadcrumblist","itemListElement":[{"@type":"ListItem","@id":"https:\/\/www.rucashk.com\/pt\/#listItem","position":1,"name":"Home","item":"https:\/\/www.rucashk.com\/pt\/","nextItem":"https:\/\/www.rucashk.com\/pt\/produto\/mibro-earbuds4\/#listItem"},{"@type":"ListItem","@id":"https:\/\/www.rucashk.com\/pt\/produto\/mibro-earbuds4\/#listItem","position":2,"name":"Mibro Earbuds4","previousItem":"https:\/\/www.rucashk.com\/pt\/#listItem"}]},{"@type":"Organization","@id":"https:\/\/www.rucashk.com\/pt\/#organization","name":"Rucas","url":"https:\/\/www.rucashk.com\/pt\/","logo":{"@type":"ImageObject","url":"https:\/\/www.rucashk.com\/wp-content\/uploads\/2023\/12\/Rucas_campany_logo.png","@id":"https:\/\/www.rucashk.com\/pt\/produto\/mibro-earbuds4\/#organizationLogo","width":221,"height":65},"image":{"@id":"https:\/\/www.rucashk.com\/pt\/#organizationLogo"}},{"@type":"Person","@id":"https:\/\/www.rucashk.com\/pt\/author\/admin\/#author","url":"https:\/\/www.rucashk.com\/pt\/author\/admin\/","name":"admin","image":{"@type":"ImageObject","@id":"https:\/\/www.rucashk.com\/pt\/produto\/mibro-earbuds4\/#authorImage","url":"https:\/\/secure.gravatar.com\/avatar\/b7c8925b09a27e72b30232f8ecaadbd5af0f70a38c78096863fe51b64f031c24?s=96&d=mm&r=g","width":96,"height":96,"caption":"admin"}},{"@type":"WebPage","@id":"https:\/\/www.rucashk.com\/pt\/produto\/mibro-earbuds4\/#webpage","url":"https:\/\/www.rucashk.com\/pt\/produto\/mibro-earbuds4\/","name":"Mibro Earbuds4 - Rucas - Wholesale and Distribution","description":"\u2013 AIR TWS For More Enjoyable Wearing. \u2013 Bluetooth 5.3 Chip. Connection Range: Up 50%. Stability: Up 75%. Transmission Speed: Up 125%. Power Save: Up 55%. \u2013 Hi-fi Brass Ring Horn. \u2013 Long Battery Life For 30 Hours. \u2013 IPX4 Waterproof. \u2013 Ergonomic design for more stable wearing. \u2013 Auto Pairing.","inLanguage":"pt-PT","isPartOf":{"@id":"https:\/\/www.rucashk.com\/pt\/#website"},"breadcrumb":{"@id":"https:\/\/www.rucashk.com\/pt\/produto\/mibro-earbuds4\/#breadcrumblist"},"author":{"@id":"https:\/\/www.rucashk.com\/pt\/author\/admin\/#author"},"creator":{"@id":"https:\/\/www.rucashk.com\/pt\/author\/admin\/#author"},"image":{"@type":"ImageObject","url":"https:\/\/www.rucashk.com\/wp-content\/uploads\/2024\/01\/10001-30.jpg","@id":"https:\/\/www.rucashk.com\/pt\/produto\/mibro-earbuds4\/#mainImage","width":1000,"height":1000},"primaryImageOfPage":{"@id":"https:\/\/www.rucashk.com\/pt\/produto\/mibro-earbuds4\/#mainImage"},"datePublished":"2024-01-09T16:30:47+00:00","dateModified":"2024-01-22T03:42:13+00:00"},{"@type":"WebSite","@id":"https:\/\/www.rucashk.com\/pt\/#website","url":"https:\/\/www.rucashk.com\/pt\/","name":"Rucas - Wholesale and distribution worldwide","alternateName":"Rucas - One-stop AIoT Distribution Worldwide","description":"One-stop AIoT Distribution Worldwide","inLanguage":"pt-PT","publisher":{"@id":"https:\/\/www.rucashk.com\/pt\/#organization"}}]}},"aioseo_meta_data":{"post_id":"26596","title":null,"description":null,"keywords":null,"keyphrases":null,"primary_term":null,"canonical_url":null,"og_title":null,"og_description":null,"og_object_type":"default","og_image_type":"default","og_image_url":null,"og_image_width":null,"og_image_height":null,"og_image_custom_url":null,"og_image_custom_fields":null,"og_video":null,"og_custom_url":null,"og_article_section":null,"og_article_tags":null,"twitter_use_og":false,"twitter_card":"default","twitter_image_type":"default","twitter_image_url":null,"twitter_image_custom_url":null,"twitter_image_custom_fields":null,"twitter_title":null,"twitter_description":null,"schema":{"blockGraphs":[],"customGraphs":[],"default":{"data":{"Article":[],"Course":[],"Dataset":[],"FAQPage":[],"Movie":[],"Person":[],"Product":[],"Recipe":[],"Service":[],"SoftwareApplication":[],"WebPage":[]},"graphName":"","isEnabled":true},"graphs":[]},"schema_type":"default","schema_type_options":null,"pillar_content":false,"robots_default":true,"robots_noindex":false,"robots_noarchive":false,"robots_nosnippet":false,"robots_nofollow":false,"robots_noimageindex":false,"robots_noodp":false,"robots_notranslate":false,"robots_max_snippet":null,"robots_max_videopreview":null,"robots_max_imagepreview":"large","priority":null,"frequency":null,"local_seo":null,"breadcrumb_settings":null,"limit_modified_date":false,"created":"2024-04-11 01:57:21","updated":"2025-06-22 18:22:55"},"aioseo_breadcrumb":"<div class=\"aioseo-breadcrumbs\"><span class=\"aioseo-breadcrumb\">\n\t<a href=\"https:\/\/www.rucashk.com\/pt\" title=\"Home\">Home<\/a>\n<\/span><span class=\"aioseo-breadcrumb-separator\">&raquo;<\/span><span class=\"aioseo-breadcrumb\">\n\t<a href=\"https:\/\/www.rucashk.com\/pt\/products\/\" title=\"Produtos\">Produtos<\/a>\n<\/span><span class=\"aioseo-breadcrumb-separator\">&raquo;<\/span><span class=\"aioseo-breadcrumb\">\n\t<a href=\"https:\/\/www.rucashk.com\/pt\/categoria-produto\/xiaomi-eco\/\" title=\"Xiaomi Eco\">Xiaomi Eco<\/a>\n<\/span><span class=\"aioseo-breadcrumb-separator\">&raquo;<\/span><span class=\"aioseo-breadcrumb\">\n\tMibro Earbuds4\n<\/span><\/div>","aioseo_breadcrumb_json":[{"label":"Home","link":"https:\/\/www.rucashk.com\/pt"},{"label":"Produtos","link":"https:\/\/www.rucashk.com\/pt\/products\/"},{"label":"Xiaomi Eco","link":"https:\/\/www.rucashk.com\/pt\/categoria-produto\/xiaomi-eco\/"},{"label":"Mibro Earbuds4","link":"https:\/\/www.rucashk.com\/pt\/produto\/mibro-earbuds4\/"}],"_links":{"self":[{"href":"https:\/\/www.rucashk.com\/pt\/wp-json\/wp\/v2\/product\/26596","targetHints":{"allow":["GET"]}}],"collection":[{"href":"https:\/\/www.rucashk.com\/pt\/wp-json\/wp\/v2\/product"}],"about":[{"href":"https:\/\/www.rucashk.com\/pt\/wp-json\/wp\/v2\/types\/product"}],"wp:featuredmedia":[{"embeddable":true,"href":"https:\/\/www.rucashk.com\/pt\/wp-json\/wp\/v2\/media\/26740"}],"wp:attachment":[{"href":"https:\/\/www.rucashk.com\/pt\/wp-json\/wp\/v2\/media?parent=26596"}],"wp:term":[{"taxonomy":"product_brand","embeddable":true,"href":"https:\/\/www.rucashk.com\/pt\/wp-json\/wp\/v2\/product_brand?post=26596"},{"taxonomy":"product_cat","embeddable":true,"href":"https:\/\/www.rucashk.com\/pt\/wp-json\/wp\/v2\/product_cat?post=26596"},{"taxonomy":"product_tag","embeddable":true,"href":"https:\/\/www.rucashk.com\/pt\/wp-json\/wp\/v2\/product_tag?post=26596"}],"curies":[{"name":"wp","href":"https:\/\/api.w.org\/{rel}","templated":true}]}}