{"id":26595,"date":"2024-01-09T16:30:47","date_gmt":"2024-01-09T16:30:47","guid":{"rendered":"http:\/\/rucashk.com\/?post_type=product&#038;p=26595"},"modified":"2025-06-22T06:34:19","modified_gmt":"2025-06-22T06:34:19","slug":"qcy-gtc-s1","status":"publish","type":"product","link":"https:\/\/www.rucashk.com\/pt\/produto\/qcy-gtc-s1\/","title":{"rendered":"QCY GTC S1"},"content":{"rendered":"<p>Procurando um novo companheiro de viagem? N\u00e3o procure mais. O Smartwatch QCY GTC \u00e9 um dos rel\u00f3gios mais completos e inteligentes do momento. Esta elegante pe\u00e7a de metal com uma pulseira de silicone intercambi\u00e1vel de 22 mm n\u00e3o apenas informa as horas, mas tamb\u00e9m exibe todas as mensagens recebidas, chamadas e v\u00e1rios dados de sa\u00fade e desempenho em sua tela HD de 1,85 polegadas com resolu\u00e7\u00e3o de 240 x 240p. Voc\u00ea pode rastrear todas essas informa\u00e7\u00f5es no aplicativo QCY dedicado.<\/p>\n<p>Para controlar notifica\u00e7\u00f5es, mensagens, chamadas recebidas e reprodu\u00e7\u00e3o de m\u00fasica, voc\u00ea pode conectar o QCY GTC Smartwatch ao seu celular via Bluetooth. Por outro lado, voc\u00ea pode encontrar seu telefone usando o recurso \u201cencontrar seu telefone\u201d quando ele for perdido ou extraviado.<\/p>\n<h3>70 modos esportivos<\/h3>\n<p>O QCY GTC Smartwatch oferece 70 modalidades esportivas, incluindo corrida, ciclismo, escalada, remo, frisbee, dan\u00e7a e ioga. Ele tamb\u00e9m monitora a frequ\u00eancia card\u00edaca em tempo real, a dura\u00e7\u00e3o do treino, as calorias queimadas e outros dados relevantes. Precisa descansar ap\u00f3s o exerc\u00edcio? O sistema de gerenciamento do sono detecta e analisa todos os est\u00e1gios do sono.<\/p>\n<h3>Dados de sa\u00fade<\/h3>\n<p>Al\u00e9m da variedade de modalidades esportivas, o QCY GTC fornece uma variedade de dados de sa\u00fade, como contador de passos, monitor de frequ\u00eancia card\u00edaca, medidor de queima de calorias e monitor de press\u00e3o arterial. Alguns outros recursos \u00fateis incluem exerc\u00edcios respirat\u00f3rios, previs\u00f5es do tempo, reprodutor de m\u00fasica, alarme, cron\u00f4metro, cron\u00f4metro, localiza\u00e7\u00e3o do telefone, lembretes sedent\u00e1rios e agita\u00e7\u00e3o para tirar fotos.<\/p>\n<h3>IPX8 \u00e0 prova d&#039;\u00e1gua<\/h3>\n<p>Preocupado em se molhar? O QCY GTC \u00e9 \u00e0 prova d&#039;\u00e1gua IPX8 e certificado 3 ATM, permitindo que voc\u00ea se exercite ao ar livre sem se preocupar com chuva ou suor no rel\u00f3gio. Observa\u00e7\u00e3o: \u00c0 prova d\u2019\u00e1gua n\u00e3o significa que seja adequado para nadar, surfar ou mergulhar. N\u00e3o use o rel\u00f3gio nessas atividades.<\/p>\n<h3>A bateria dura at\u00e9 15 dias<\/h3>\n<p>A bateria de 220mAh fornece energia suficiente para 3-5 dias de uso normal. No modo de espera, o rel\u00f3gio pode durar at\u00e9 15 dias. O carregamento \u00e9 f\u00e1cil usando a faixa magn\u00e9tica na parte traseira do modelo.<\/p>\n<ul>\n<li>Tela HD de 1,85 polegadas<\/li>\n<li>Resolu\u00e7\u00e3o: 240x240p<\/li>\n<li>Design fino e leve: 10,5 mm, 34g<\/li>\n<li>Bateria de 220mAh: at\u00e9 15 dias<\/li>\n<li>Chamadas telef\u00f4nicas Bluetooth<\/li>\n<li>Rastreia uma ampla gama de estat\u00edsticas de sa\u00fade: contador de passos, monitor de frequ\u00eancia card\u00edaca, medidor de queima de calorias e<\/li>\n<li>monitor de press\u00e3o sangu\u00ednea<\/li>\n<li>70 modalidades esportivas, incluindo corrida, ciclismo, escalada, remo e vela<\/li>\n<li>Sincroniza com o aplicativo QCY<\/li>\n<\/ul>","protected":false},"excerpt":{"rendered":"<ul>\n<li>Tela HD de 1,85 polegadas<\/li>\n<li>Resolu\u00e7\u00e3o: 240x240p<\/li>\n<li>Design fino e leve: 10,5 mm, 34g<\/li>\n<li>Bateria de 220mAh: at\u00e9 15 dias<\/li>\n<li>Chamadas telef\u00f4nicas Bluetooth<\/li>\n<li>Rastreia uma ampla gama de estat\u00edsticas de sa\u00fade: contador de passos, monitor de frequ\u00eancia card\u00edaca, medidor de queima de calorias e<\/li>\n<li>monitor de press\u00e3o sangu\u00ednea<\/li>\n<li>70 modalidades esportivas, incluindo corrida, ciclismo, escalada, remo e vela<\/li>\n<li>Sincroniza com o aplicativo QCY<\/li>\n<\/ul>","protected":false},"featured_media":26734,"template":"","meta":[],"product_brand":[1417],"product_cat":[1311,1305],"product_tag":[],"class_list":{"0":"post-26595","1":"product","2":"type-product","3":"status-publish","4":"has-post-thumbnail","6":"product_brand-qcy","7":"product_cat-qcy-earphone","8":"product_cat-xiaomi-eco","10":"first","11":"instock","12":"shipping-taxable","13":"product-type-simple"},"aioseo_notices":[],"aioseo_head":"\n\t\t<!-- All in One SEO Pro 4.5.9.2 - aioseo.com -->\n\t\t<meta name=\"description\" content=\"1.85-inch HD display Resolution: 240 x 240p Slim and lightweight design: 10.5mm, 34g 220mAh battery: up to 15 days Bluetooth phone calls Tracks a wide range of health statistics: step counter, heart rate monitor, calorie burn meter, and blood pressure monitor 70 sports modes, including running, cycling, climbing, rowing, and sailing Syncs with QCY app\" \/>\n\t\t<meta name=\"robots\" content=\"max-image-preview:large\" \/>\n\t\t<link rel=\"canonical\" href=\"https:\/\/www.rucashk.com\/pt\/produto\/qcy-gtc-s1\/\" \/>\n\t\t<meta name=\"generator\" content=\"All in One SEO Pro (AIOSEO) 4.5.9.2\" \/>\n\t\t<meta property=\"og:locale\" content=\"pt_PT\" \/>\n\t\t<meta property=\"og:site_name\" content=\"Rucas - One-stop AIoT Distribution Worldwide\" \/>\n\t\t<meta property=\"og:type\" content=\"article\" \/>\n\t\t<meta property=\"og:title\" content=\"QCY GTC S1 - Rucas - Wholesale and Distribution\" \/>\n\t\t<meta property=\"og:description\" content=\"1.85-inch HD display Resolution: 240 x 240p Slim and lightweight design: 10.5mm, 34g 220mAh battery: up to 15 days Bluetooth phone calls Tracks a wide range of health statistics: step counter, heart rate monitor, calorie burn meter, and blood pressure monitor 70 sports modes, including running, cycling, climbing, rowing, and sailing Syncs with QCY app\" \/>\n\t\t<meta property=\"og:url\" content=\"https:\/\/www.rucashk.com\/pt\/produto\/qcy-gtc-s1\/\" \/>\n\t\t<meta property=\"og:image\" content=\"https:\/\/www.rucashk.com\/wp-content\/uploads\/replace\/503b8e645f128a97ccde2b6290747646.jpeg\" \/>\n\t\t<meta property=\"og:image:secure_url\" content=\"https:\/\/www.rucashk.com\/wp-content\/uploads\/replace\/503b8e645f128a97ccde2b6290747646.jpeg\" \/>\n\t\t<meta property=\"og:image:width\" content=\"1456\" \/>\n\t\t<meta property=\"og:image:height\" content=\"816\" \/>\n\t\t<meta property=\"article:published_time\" content=\"2024-01-09T16:30:47+00:00\" \/>\n\t\t<meta property=\"article:modified_time\" content=\"2025-06-22T06:34:19+00:00\" \/>\n\t\t<meta name=\"twitter:card\" content=\"summary_large_image\" \/>\n\t\t<meta name=\"twitter:title\" content=\"QCY GTC S1 - Rucas - Wholesale and Distribution\" \/>\n\t\t<meta name=\"twitter:description\" content=\"1.85-inch HD display Resolution: 240 x 240p Slim and lightweight design: 10.5mm, 34g 220mAh battery: up to 15 days Bluetooth phone calls Tracks a wide range of health statistics: step counter, heart rate monitor, calorie burn meter, and blood pressure monitor 70 sports modes, including running, cycling, climbing, rowing, and sailing Syncs with QCY app\" \/>\n\t\t<meta name=\"twitter:image\" content=\"https:\/\/www.rucashk.com\/wp-content\/uploads\/replace\/503b8e645f128a97ccde2b6290747646.jpeg\" \/>\n\t\t<script type=\"application\/ld+json\" class=\"aioseo-schema\">\n\t\t\t{\"@context\":\"https:\\\/\\\/schema.org\",\"@graph\":[{\"@type\":\"BreadcrumbList\",\"@id\":\"https:\\\/\\\/www.rucashk.com\\\/pt\\\/produto\\\/qcy-gtc-s1\\\/#breadcrumblist\",\"itemListElement\":[{\"@type\":\"ListItem\",\"@id\":\"https:\\\/\\\/www.rucashk.com\\\/pt\\\/#listItem\",\"position\":1,\"name\":\"Home\",\"item\":\"https:\\\/\\\/www.rucashk.com\\\/pt\\\/\",\"nextItem\":\"https:\\\/\\\/www.rucashk.com\\\/pt\\\/produto\\\/qcy-gtc-s1\\\/#listItem\"},{\"@type\":\"ListItem\",\"@id\":\"https:\\\/\\\/www.rucashk.com\\\/pt\\\/produto\\\/qcy-gtc-s1\\\/#listItem\",\"position\":2,\"name\":\"QCY GTC S1\",\"previousItem\":\"https:\\\/\\\/www.rucashk.com\\\/pt\\\/#listItem\"}]},{\"@type\":\"Organization\",\"@id\":\"https:\\\/\\\/www.rucashk.com\\\/pt\\\/#organization\",\"name\":\"Rucas\",\"url\":\"https:\\\/\\\/www.rucashk.com\\\/pt\\\/\",\"logo\":{\"@type\":\"ImageObject\",\"url\":\"https:\\\/\\\/www.rucashk.com\\\/wp-content\\\/uploads\\\/2023\\\/12\\\/Rucas_campany_logo.png\",\"@id\":\"https:\\\/\\\/www.rucashk.com\\\/pt\\\/produto\\\/qcy-gtc-s1\\\/#organizationLogo\",\"width\":221,\"height\":65},\"image\":{\"@id\":\"https:\\\/\\\/www.rucashk.com\\\/pt\\\/#organizationLogo\"}},{\"@type\":\"Person\",\"@id\":\"https:\\\/\\\/www.rucashk.com\\\/pt\\\/author\\\/admin\\\/#author\",\"url\":\"https:\\\/\\\/www.rucashk.com\\\/pt\\\/author\\\/admin\\\/\",\"name\":\"admin\",\"image\":{\"@type\":\"ImageObject\",\"@id\":\"https:\\\/\\\/www.rucashk.com\\\/pt\\\/produto\\\/qcy-gtc-s1\\\/#authorImage\",\"url\":\"https:\\\/\\\/secure.gravatar.com\\\/avatar\\\/b7c8925b09a27e72b30232f8ecaadbd5af0f70a38c78096863fe51b64f031c24?s=96&d=mm&r=g\",\"width\":96,\"height\":96,\"caption\":\"admin\"}},{\"@type\":\"WebPage\",\"@id\":\"https:\\\/\\\/www.rucashk.com\\\/pt\\\/produto\\\/qcy-gtc-s1\\\/#webpage\",\"url\":\"https:\\\/\\\/www.rucashk.com\\\/pt\\\/produto\\\/qcy-gtc-s1\\\/\",\"name\":\"QCY GTC S1 - Rucas - Wholesale and Distribution\",\"description\":\"1.85-inch HD display Resolution: 240 x 240p Slim and lightweight design: 10.5mm, 34g 220mAh battery: up to 15 days Bluetooth phone calls Tracks a wide range of health statistics: step counter, heart rate monitor, calorie burn meter, and blood pressure monitor 70 sports modes, including running, cycling, climbing, rowing, and sailing Syncs with QCY app\",\"inLanguage\":\"pt-PT\",\"isPartOf\":{\"@id\":\"https:\\\/\\\/www.rucashk.com\\\/pt\\\/#website\"},\"breadcrumb\":{\"@id\":\"https:\\\/\\\/www.rucashk.com\\\/pt\\\/produto\\\/qcy-gtc-s1\\\/#breadcrumblist\"},\"author\":{\"@id\":\"https:\\\/\\\/www.rucashk.com\\\/pt\\\/author\\\/admin\\\/#author\"},\"creator\":{\"@id\":\"https:\\\/\\\/www.rucashk.com\\\/pt\\\/author\\\/admin\\\/#author\"},\"image\":{\"@type\":\"ImageObject\",\"url\":\"https:\\\/\\\/www.rucashk.com\\\/wp-content\\\/uploads\\\/2024\\\/01\\\/10001-8.png\",\"@id\":\"https:\\\/\\\/www.rucashk.com\\\/pt\\\/produto\\\/qcy-gtc-s1\\\/#mainImage\",\"width\":660,\"height\":660},\"primaryImageOfPage\":{\"@id\":\"https:\\\/\\\/www.rucashk.com\\\/pt\\\/produto\\\/qcy-gtc-s1\\\/#mainImage\"},\"datePublished\":\"2024-01-09T16:30:47+00:00\",\"dateModified\":\"2025-06-22T06:34:19+00:00\"},{\"@type\":\"WebSite\",\"@id\":\"https:\\\/\\\/www.rucashk.com\\\/pt\\\/#website\",\"url\":\"https:\\\/\\\/www.rucashk.com\\\/pt\\\/\",\"name\":\"Rucas - Wholesale and distribution worldwide\",\"alternateName\":\"Rucas - One-stop AIoT Distribution Worldwide\",\"description\":\"One-stop AIoT Distribution Worldwide\",\"inLanguage\":\"pt-PT\",\"publisher\":{\"@id\":\"https:\\\/\\\/www.rucashk.com\\\/pt\\\/#organization\"}}]}\n\t\t<\/script>\n\t\t<!-- All in One SEO Pro -->\r\n\t\t<title>QCY GTC S1 - Rucas - Wholesale and Distribution<\/title>\n\n","aioseo_head_json":{"title":"QCY GTC S1 - Rucas - Wholesale and Distribution","description":"1.85-inch HD display Resolution: 240 x 240p Slim and lightweight design: 10.5mm, 34g 220mAh battery: up to 15 days Bluetooth phone calls Tracks a wide range of health statistics: step counter, heart rate monitor, calorie burn meter, and blood pressure monitor 70 sports modes, including running, cycling, climbing, rowing, and sailing Syncs with QCY app","canonical_url":"https:\/\/www.rucashk.com\/pt\/produto\/qcy-gtc-s1\/","robots":"max-image-preview:large","keywords":"","webmasterTools":{"miscellaneous":""},"og:locale":"pt_PT","og:site_name":"Rucas - One-stop AIoT Distribution Worldwide","og:type":"article","og:title":"QCY GTC S1 - Rucas - Wholesale and Distribution","og:description":"1.85-inch HD display Resolution: 240 x 240p Slim and lightweight design: 10.5mm, 34g 220mAh battery: up to 15 days Bluetooth phone calls Tracks a wide range of health statistics: step counter, heart rate monitor, calorie burn meter, and blood pressure monitor 70 sports modes, including running, cycling, climbing, rowing, and sailing Syncs with QCY app","og:url":"https:\/\/www.rucashk.com\/pt\/produto\/qcy-gtc-s1\/","og:image":"https:\/\/www.rucashk.com\/wp-content\/uploads\/replace\/503b8e645f128a97ccde2b6290747646.jpeg","og:image:secure_url":"https:\/\/www.rucashk.com\/wp-content\/uploads\/replace\/503b8e645f128a97ccde2b6290747646.jpeg","og:image:width":1456,"og:image:height":816,"article:published_time":"2024-01-09T16:30:47+00:00","article:modified_time":"2025-06-22T06:34:19+00:00","twitter:card":"summary_large_image","twitter:title":"QCY GTC S1 - Rucas - Wholesale and Distribution","twitter:description":"1.85-inch HD display Resolution: 240 x 240p Slim and lightweight design: 10.5mm, 34g 220mAh battery: up to 15 days Bluetooth phone calls Tracks a wide range of health statistics: step counter, heart rate monitor, calorie burn meter, and blood pressure monitor 70 sports modes, including running, cycling, climbing, rowing, and sailing Syncs with QCY app","twitter:image":"https:\/\/www.rucashk.com\/wp-content\/uploads\/replace\/503b8e645f128a97ccde2b6290747646.jpeg","schema":{"@context":"https:\/\/schema.org","@graph":[{"@type":"BreadcrumbList","@id":"https:\/\/www.rucashk.com\/pt\/produto\/qcy-gtc-s1\/#breadcrumblist","itemListElement":[{"@type":"ListItem","@id":"https:\/\/www.rucashk.com\/pt\/#listItem","position":1,"name":"Home","item":"https:\/\/www.rucashk.com\/pt\/","nextItem":"https:\/\/www.rucashk.com\/pt\/produto\/qcy-gtc-s1\/#listItem"},{"@type":"ListItem","@id":"https:\/\/www.rucashk.com\/pt\/produto\/qcy-gtc-s1\/#listItem","position":2,"name":"QCY GTC S1","previousItem":"https:\/\/www.rucashk.com\/pt\/#listItem"}]},{"@type":"Organization","@id":"https:\/\/www.rucashk.com\/pt\/#organization","name":"Rucas","url":"https:\/\/www.rucashk.com\/pt\/","logo":{"@type":"ImageObject","url":"https:\/\/www.rucashk.com\/wp-content\/uploads\/2023\/12\/Rucas_campany_logo.png","@id":"https:\/\/www.rucashk.com\/pt\/produto\/qcy-gtc-s1\/#organizationLogo","width":221,"height":65},"image":{"@id":"https:\/\/www.rucashk.com\/pt\/#organizationLogo"}},{"@type":"Person","@id":"https:\/\/www.rucashk.com\/pt\/author\/admin\/#author","url":"https:\/\/www.rucashk.com\/pt\/author\/admin\/","name":"admin","image":{"@type":"ImageObject","@id":"https:\/\/www.rucashk.com\/pt\/produto\/qcy-gtc-s1\/#authorImage","url":"https:\/\/secure.gravatar.com\/avatar\/b7c8925b09a27e72b30232f8ecaadbd5af0f70a38c78096863fe51b64f031c24?s=96&d=mm&r=g","width":96,"height":96,"caption":"admin"}},{"@type":"WebPage","@id":"https:\/\/www.rucashk.com\/pt\/produto\/qcy-gtc-s1\/#webpage","url":"https:\/\/www.rucashk.com\/pt\/produto\/qcy-gtc-s1\/","name":"QCY GTC S1 - Rucas - Wholesale and Distribution","description":"1.85-inch HD display Resolution: 240 x 240p Slim and lightweight design: 10.5mm, 34g 220mAh battery: up to 15 days Bluetooth phone calls Tracks a wide range of health statistics: step counter, heart rate monitor, calorie burn meter, and blood pressure monitor 70 sports modes, including running, cycling, climbing, rowing, and sailing Syncs with QCY app","inLanguage":"pt-PT","isPartOf":{"@id":"https:\/\/www.rucashk.com\/pt\/#website"},"breadcrumb":{"@id":"https:\/\/www.rucashk.com\/pt\/produto\/qcy-gtc-s1\/#breadcrumblist"},"author":{"@id":"https:\/\/www.rucashk.com\/pt\/author\/admin\/#author"},"creator":{"@id":"https:\/\/www.rucashk.com\/pt\/author\/admin\/#author"},"image":{"@type":"ImageObject","url":"https:\/\/www.rucashk.com\/wp-content\/uploads\/2024\/01\/10001-8.png","@id":"https:\/\/www.rucashk.com\/pt\/produto\/qcy-gtc-s1\/#mainImage","width":660,"height":660},"primaryImageOfPage":{"@id":"https:\/\/www.rucashk.com\/pt\/produto\/qcy-gtc-s1\/#mainImage"},"datePublished":"2024-01-09T16:30:47+00:00","dateModified":"2025-06-22T06:34:19+00:00"},{"@type":"WebSite","@id":"https:\/\/www.rucashk.com\/pt\/#website","url":"https:\/\/www.rucashk.com\/pt\/","name":"Rucas - Wholesale and distribution worldwide","alternateName":"Rucas - One-stop AIoT Distribution Worldwide","description":"One-stop AIoT Distribution Worldwide","inLanguage":"pt-PT","publisher":{"@id":"https:\/\/www.rucashk.com\/pt\/#organization"}}]}},"aioseo_meta_data":{"post_id":"26595","title":null,"description":null,"keywords":null,"keyphrases":null,"primary_term":null,"canonical_url":null,"og_title":null,"og_description":null,"og_object_type":"default","og_image_type":"default","og_image_url":null,"og_image_width":null,"og_image_height":null,"og_image_custom_url":null,"og_image_custom_fields":null,"og_video":null,"og_custom_url":null,"og_article_section":null,"og_article_tags":null,"twitter_use_og":false,"twitter_card":"default","twitter_image_type":"default","twitter_image_url":null,"twitter_image_custom_url":null,"twitter_image_custom_fields":null,"twitter_title":null,"twitter_description":null,"schema":{"blockGraphs":[],"customGraphs":[],"default":{"data":{"Article":[],"Course":[],"Dataset":[],"FAQPage":[],"Movie":[],"Person":[],"Product":[],"Recipe":[],"Service":[],"SoftwareApplication":[],"WebPage":[]},"graphName":"","isEnabled":true},"graphs":[]},"schema_type":"default","schema_type_options":null,"pillar_content":false,"robots_default":true,"robots_noindex":false,"robots_noarchive":false,"robots_nosnippet":false,"robots_nofollow":false,"robots_noimageindex":false,"robots_noodp":false,"robots_notranslate":false,"robots_max_snippet":null,"robots_max_videopreview":null,"robots_max_imagepreview":"large","priority":null,"frequency":null,"local_seo":null,"breadcrumb_settings":null,"limit_modified_date":false,"created":"2024-04-11 01:57:21","updated":"2025-06-22 18:21:56"},"aioseo_breadcrumb":"<div class=\"aioseo-breadcrumbs\"><span class=\"aioseo-breadcrumb\">\n\t<a href=\"https:\/\/www.rucashk.com\/pt\" title=\"Home\">Home<\/a>\n<\/span><span class=\"aioseo-breadcrumb-separator\">&raquo;<\/span><span class=\"aioseo-breadcrumb\">\n\t<a href=\"https:\/\/www.rucashk.com\/pt\/products\/\" title=\"Produtos\">Produtos<\/a>\n<\/span><span class=\"aioseo-breadcrumb-separator\">&raquo;<\/span><span class=\"aioseo-breadcrumb\">\n\t<a href=\"https:\/\/www.rucashk.com\/pt\/marca\/qcy\/\" title=\"QCY\">QCY<\/a>\n<\/span><span class=\"aioseo-breadcrumb-separator\">&raquo;<\/span><span class=\"aioseo-breadcrumb\">\n\tQCY GTC S1\n<\/span><\/div>","aioseo_breadcrumb_json":[{"label":"Home","link":"https:\/\/www.rucashk.com\/pt"},{"label":"Produtos","link":"https:\/\/www.rucashk.com\/pt\/products\/"},{"label":"QCY","link":"https:\/\/www.rucashk.com\/pt\/marca\/qcy\/"},{"label":"QCY GTC S1","link":"https:\/\/www.rucashk.com\/pt\/produto\/qcy-gtc-s1\/"}],"_links":{"self":[{"href":"https:\/\/www.rucashk.com\/pt\/wp-json\/wp\/v2\/product\/26595","targetHints":{"allow":["GET"]}}],"collection":[{"href":"https:\/\/www.rucashk.com\/pt\/wp-json\/wp\/v2\/product"}],"about":[{"href":"https:\/\/www.rucashk.com\/pt\/wp-json\/wp\/v2\/types\/product"}],"wp:featuredmedia":[{"embeddable":true,"href":"https:\/\/www.rucashk.com\/pt\/wp-json\/wp\/v2\/media\/26734"}],"wp:attachment":[{"href":"https:\/\/www.rucashk.com\/pt\/wp-json\/wp\/v2\/media?parent=26595"}],"wp:term":[{"taxonomy":"product_brand","embeddable":true,"href":"https:\/\/www.rucashk.com\/pt\/wp-json\/wp\/v2\/product_brand?post=26595"},{"taxonomy":"product_cat","embeddable":true,"href":"https:\/\/www.rucashk.com\/pt\/wp-json\/wp\/v2\/product_cat?post=26595"},{"taxonomy":"product_tag","embeddable":true,"href":"https:\/\/www.rucashk.com\/pt\/wp-json\/wp\/v2\/product_tag?post=26595"}],"curies":[{"name":"wp","href":"https:\/\/api.w.org\/{rel}","templated":true}]}}