{"id":26536,"date":"2024-01-09T16:30:24","date_gmt":"2024-01-09T16:30:24","guid":{"rendered":"http:\/\/rucashk.com\/?post_type=product&#038;p=26536"},"modified":"2024-01-21T08:05:56","modified_gmt":"2024-01-21T08:05:56","slug":"nest-hub-2nd-generation-smart-display","status":"publish","type":"product","link":"https:\/\/www.rucashk.com\/pt\/produto\/nest-hub-2nd-generation-smart-display\/","title":{"rendered":"Display inteligente de 2\u00aa gera\u00e7\u00e3o do Google Nest Hub"},"content":{"rendered":"<p><img fetchpriority=\"high\" decoding=\"async\" class=\"aligncenter wp-image-32539 size-full\" src=\"https:\/\/www.rucashk.com\/wp-content\/uploads\/2023\/08\/10001-3.webp\" alt=\"Nest Hub 2nd Generation Smart Display\" width=\"1440\" height=\"720\" \/><\/p>\n<h2 style=\"text-align: center\">Conhe\u00e7a o novo Nest Hub, o centro da sua casa \u00fatil.<\/h2>\n<div class=\"mqn2-multicolumn-tldr__tout__title\" role=\"heading\"><strong>Entretenimento facilitado.<\/strong><\/div>\n<div class=\"mqn2-multicolumn-tldr__tout__body\">Acompanhe os programas da Netflix, assista a v\u00eddeos do YouTube, ou\u00e7a m\u00fasica no alto-falante aprimorado e muito mais.<\/div>\n<div>\n<div class=\"mqn2-multicolumn-tldr__tout__title\" role=\"heading\"><strong>Controle sua casa inteligente.<\/strong><\/div>\n<div class=\"mqn2-multicolumn-tldr__tout__body\">Com apenas um toque \u2013 ou a sua voz \u2013 controle milhares de dispositivos inteligentes compat\u00edveis a partir de um ecr\u00e3 central.<\/div>\n<div>\n<div class=\"mqn2-multicolumn-tldr__tout__title\" role=\"heading\"><strong>Mantenha sua fam\u00edlia conectada.<\/strong><\/div>\n<div class=\"mqn2-multicolumn-tldr__tout__body\">O Nest Hub ajuda com sua casa ocupada. Veja seu calend\u00e1rio e crie lembretes e tarefas.<\/div>\n<div>\n<div class=\"mqn2-multicolumn-tldr__tout__title\" role=\"heading\"><strong>Ajuda voc\u00ea a relaxar e acordar.<\/strong><\/div>\n<div class=\"mqn2-multicolumn-tldr__tout__body\">Relaxe com sons suaves na hora de dormir e acorde suavemente com um alarme do nascer do sol.<\/div>\n<\/div>\n<div><\/div>\n<div style=\"text-align: center\">\n<div>\n<h2 class=\"bento-rich-text\">Entretenimento facilitado.<\/h2>\n<\/div>\n<div class=\"bento-rich-text\">Acompanhe os programas da Netflix, assista a v\u00eddeos do YouTube, ou\u00e7a m\u00fasica no alto-falante aprimorado, reviva suas fotos favoritas do Google Fotos e muito mais.<\/div>\n<\/div>\n<\/div>\n<\/div>\n<p>&nbsp;<\/p>\n<p><img decoding=\"async\" class=\"aligncenter wp-image-32540 size-full\" src=\"https:\/\/www.rucashk.com\/wp-content\/uploads\/2023\/08\/10002-21.jpg\" alt=\"Nest Hub 2nd Generation Smart Display\" width=\"512\" height=\"288\" \/><\/p>\n<div class=\"mqn2-template-multicolumn-sidecar__title\" role=\"heading\"><strong>Continue ouvindo, de sala em sala.<\/strong><\/div>\n<div class=\"mqn2-template-multicolumn-sidecar__body\">O alto-falante aprimorado oferece 50% mais graves do que o Nest Hub original.<sup data-footnote=\"enhanced_speaker\" data-footnote-populated=\"\"><a class=\"id-no-nav\" href=\"https:\/\/store.google.com\/#footnote:enhanced_speaker\" aria-describedby=\"footnote:enhanced_speaker\">7<\/a><\/sup>\u00a0Crie grupos com outros alto-falantes e telas Nest para obter um som brilhante em todos os ambientes.<\/div>\n<div>\n<div class=\"mqn2-template-multicolumn-split-sidecar__title\"><strong>Apenas acene com a m\u00e3o.<\/strong><\/div>\n<div class=\"mqn2-template-multicolumn-split-sidecar__body\">Voc\u00ea pode usar gestos r\u00e1pidos para controlar muitos recursos do Nest Hub. Reproduza ou pause uma m\u00fasica ou v\u00eddeo, adie um alarme e pare um cron\u00f4metro. Os gestos r\u00e1pidos usam o Motion Sense para detectar quando sua m\u00e3o se move \u2013 sem uma c\u00e2mera.<\/div>\n<div>\n<div class=\"mqn2-template-multicolumn-split-sidecar__title\"><strong>Ajuda viva-voz em casa.<\/strong><\/div>\n<div class=\"mqn2-template-multicolumn-split-sidecar__body\">Pe\u00e7a ao Google para reproduzir m\u00fasica ou v\u00eddeo, pausar uma m\u00fasica, controlar o volume e muito mais.<\/div>\n<\/div>\n<\/div>\n<p><img decoding=\"async\" class=\"aligncenter wp-image-32541 size-full\" src=\"https:\/\/www.rucashk.com\/wp-content\/uploads\/2023\/08\/10003-21.jpg\" alt=\"Nest Hub 2nd Generation Smart Display\" width=\"410\" height=\"512\" \/><\/p>\n<h2 class=\"mqn2-singlecolumn-buckets-tabs__header__title\" style=\"text-align: center\">Controle sua casa inteligente.<\/h2>\n<div class=\"mqn2-singlecolumn-buckets-tabs__header__body\" style=\"text-align: center\">Com apenas um toque \u2013 ou a sua voz \u2013 controle milhares de dispositivos inteligentes compat\u00edveis a partir de um ecr\u00e3 central.<\/div>\n<p>&nbsp;<\/p>\n<p><img loading=\"lazy\" decoding=\"async\" class=\"aligncenter wp-image-32542 size-full\" src=\"https:\/\/www.rucashk.com\/wp-content\/uploads\/2023\/08\/10004-15.jpg\" alt=\"Nest Hub 2nd Generation Smart Display\" width=\"512\" height=\"256\" \/><\/p>\n<p>&nbsp;<\/p>","protected":false},"excerpt":{"rendered":"<p class=\"bento-rich-text\">Entretenimento facilitado.<\/p>\n<div class=\"mqn2-template-multicolumn-sidecar__title\" role=\"heading\"><strong>Continue ouvindo, de sala em sala.<\/strong><\/div>\n<div class=\"mqn2-template-multicolumn-sidecar__body\">O alto-falante aprimorado oferece 50% mais graves do que o Nest Hub original.<sup data-footnote=\"enhanced_speaker\" data-footnote-populated=\"\"><a class=\"id-no-nav\" href=\"https:\/\/store.google.com\/#footnote:enhanced_speaker\" aria-describedby=\"footnote:enhanced_speaker\">7<\/a><\/sup>\u00a0Crie grupos com outros alto-falantes e telas Nest para obter um som brilhante em todos os ambientes.<\/div>\n<div>\n<div class=\"mqn2-template-multicolumn-split-sidecar__title\"><strong>Apenas acene com a m\u00e3o.<\/strong><\/div>\n<div class=\"mqn2-template-multicolumn-split-sidecar__body\">Voc\u00ea pode usar gestos r\u00e1pidos para controlar muitos recursos do Nest Hub. Reproduza ou pause uma m\u00fasica ou v\u00eddeo, adie um alarme e pare um cron\u00f4metro. Os gestos r\u00e1pidos usam o Motion Sense para detectar quando sua m\u00e3o se move \u2013 sem uma c\u00e2mera.<\/div>\n<div>Pe\u00e7a ao Google para reproduzir m\u00fasica ou v\u00eddeo, pausar uma m\u00fasica, controlar o volume e muito mais.<\/div>\n<div>\n<div class=\"mqn2-template-multicolumn-split-sidecar__title\"><strong>Ajuda viva-voz em casa.<\/strong><\/div>\n<div>\n<p class=\"mqn2-singlecolumn-buckets-tabs__header__title\" style=\"text-align: left\">Controle sua casa inteligente.<\/p>\n<p class=\"mqn2-singlecolumn-buckets-tabs__header__body\" style=\"text-align: left\">Com apenas um toque \u2013 ou a sua voz \u2013 controle milhares de dispositivos inteligentes compat\u00edveis a partir de um ecr\u00e3 central.<\/p>\n<\/div>\n<div class=\"mqn2-template-multicolumn-split-sidecar__body\"><\/div>\n<\/div>\n<\/div>","protected":false},"featured_media":26677,"template":"","meta":[],"product_brand":[],"product_cat":[1315,1305],"product_tag":[],"class_list":{"0":"post-26536","1":"product","2":"type-product","3":"status-publish","4":"has-post-thumbnail","6":"product_cat-tv-accessories","7":"product_cat-xiaomi-eco","9":"first","10":"instock","11":"shipping-taxable","12":"product-type-simple"},"aioseo_notices":[],"aioseo_head":"\n\t\t<!-- All in One SEO Pro 4.5.9.2 - aioseo.com -->\n\t\t<meta name=\"description\" content=\"Entertainment made easy. Keep listening, from room to room. The enhanced speaker delivers 50% more bass than the original Nest Hub.7 Create groups with other Nest speakers and displays for brilliant sound in every room. Just wave your hand. You can use Quick Gestures to control many Nest Hub features. Play or pause a song or video, snooze an alarm, and stop a timer. Quick Gestures use Motion Sense to detect when your hand moves \u2013 without a camera. Ask Google to play music or a video, pause a song, control volume, and more. Hands-free help at home. Control your smart home. With just a tap \u2013 or your voice \u2013 control thousands of compatible smart devices from one central display.\" \/>\n\t\t<meta name=\"robots\" content=\"max-image-preview:large\" \/>\n\t\t<link rel=\"canonical\" href=\"https:\/\/www.rucashk.com\/pt\/produto\/nest-hub-2nd-generation-smart-display\/\" \/>\n\t\t<meta name=\"generator\" content=\"All in One SEO Pro (AIOSEO) 4.5.9.2\" \/>\n\t\t<meta property=\"og:locale\" content=\"pt_PT\" \/>\n\t\t<meta property=\"og:site_name\" content=\"Rucas - One-stop AIoT Distribution Worldwide\" \/>\n\t\t<meta property=\"og:type\" content=\"article\" \/>\n\t\t<meta property=\"og:title\" content=\"Google Nest Hub 2nd Generation Smart Display - Rucas - Wholesale and Distribution\" \/>\n\t\t<meta property=\"og:description\" content=\"Entertainment made easy. Keep listening, from room to room. The enhanced speaker delivers 50% more bass than the original Nest Hub.7 Create groups with other Nest speakers and displays for brilliant sound in every room. Just wave your hand. You can use Quick Gestures to control many Nest Hub features. Play or pause a song or video, snooze an alarm, and stop a timer. Quick Gestures use Motion Sense to detect when your hand moves \u2013 without a camera. Ask Google to play music or a video, pause a song, control volume, and more. Hands-free help at home. Control your smart home. With just a tap \u2013 or your voice \u2013 control thousands of compatible smart devices from one central display.\" \/>\n\t\t<meta property=\"og:url\" content=\"https:\/\/www.rucashk.com\/pt\/produto\/nest-hub-2nd-generation-smart-display\/\" \/>\n\t\t<meta property=\"og:image\" content=\"https:\/\/www.rucashk.com\/wp-content\/uploads\/replace\/503b8e645f128a97ccde2b6290747646.jpeg\" \/>\n\t\t<meta property=\"og:image:secure_url\" content=\"https:\/\/www.rucashk.com\/wp-content\/uploads\/replace\/503b8e645f128a97ccde2b6290747646.jpeg\" \/>\n\t\t<meta property=\"og:image:width\" content=\"1456\" \/>\n\t\t<meta property=\"og:image:height\" content=\"816\" \/>\n\t\t<meta property=\"article:published_time\" content=\"2024-01-09T16:30:24+00:00\" \/>\n\t\t<meta property=\"article:modified_time\" content=\"2024-01-21T08:05:56+00:00\" \/>\n\t\t<meta name=\"twitter:card\" content=\"summary_large_image\" \/>\n\t\t<meta name=\"twitter:title\" content=\"Google Nest Hub 2nd Generation Smart Display - Rucas - Wholesale and Distribution\" \/>\n\t\t<meta name=\"twitter:description\" content=\"Entertainment made easy. Keep listening, from room to room. The enhanced speaker delivers 50% more bass than the original Nest Hub.7 Create groups with other Nest speakers and displays for brilliant sound in every room. Just wave your hand. You can use Quick Gestures to control many Nest Hub features. Play or pause a song or video, snooze an alarm, and stop a timer. Quick Gestures use Motion Sense to detect when your hand moves \u2013 without a camera. Ask Google to play music or a video, pause a song, control volume, and more. Hands-free help at home. Control your smart home. With just a tap \u2013 or your voice \u2013 control thousands of compatible smart devices from one central display.\" \/>\n\t\t<meta name=\"twitter:image\" content=\"https:\/\/www.rucashk.com\/wp-content\/uploads\/replace\/503b8e645f128a97ccde2b6290747646.jpeg\" \/>\n\t\t<script type=\"application\/ld+json\" class=\"aioseo-schema\">\n\t\t\t{\"@context\":\"https:\\\/\\\/schema.org\",\"@graph\":[{\"@type\":\"BreadcrumbList\",\"@id\":\"https:\\\/\\\/www.rucashk.com\\\/pt\\\/produto\\\/nest-hub-2nd-generation-smart-display\\\/#breadcrumblist\",\"itemListElement\":[{\"@type\":\"ListItem\",\"@id\":\"https:\\\/\\\/www.rucashk.com\\\/pt\\\/#listItem\",\"position\":1,\"name\":\"Home\",\"item\":\"https:\\\/\\\/www.rucashk.com\\\/pt\\\/\",\"nextItem\":\"https:\\\/\\\/www.rucashk.com\\\/pt\\\/produto\\\/nest-hub-2nd-generation-smart-display\\\/#listItem\"},{\"@type\":\"ListItem\",\"@id\":\"https:\\\/\\\/www.rucashk.com\\\/pt\\\/produto\\\/nest-hub-2nd-generation-smart-display\\\/#listItem\",\"position\":2,\"name\":\"Google Nest Hub 2nd Generation Smart Display\",\"previousItem\":\"https:\\\/\\\/www.rucashk.com\\\/pt\\\/#listItem\"}]},{\"@type\":\"Organization\",\"@id\":\"https:\\\/\\\/www.rucashk.com\\\/pt\\\/#organization\",\"name\":\"Rucas\",\"url\":\"https:\\\/\\\/www.rucashk.com\\\/pt\\\/\",\"logo\":{\"@type\":\"ImageObject\",\"url\":\"https:\\\/\\\/www.rucashk.com\\\/wp-content\\\/uploads\\\/2023\\\/12\\\/Rucas_campany_logo.png\",\"@id\":\"https:\\\/\\\/www.rucashk.com\\\/pt\\\/produto\\\/nest-hub-2nd-generation-smart-display\\\/#organizationLogo\",\"width\":221,\"height\":65},\"image\":{\"@id\":\"https:\\\/\\\/www.rucashk.com\\\/pt\\\/#organizationLogo\"}},{\"@type\":\"Person\",\"@id\":\"https:\\\/\\\/www.rucashk.com\\\/pt\\\/author\\\/admin\\\/#author\",\"url\":\"https:\\\/\\\/www.rucashk.com\\\/pt\\\/author\\\/admin\\\/\",\"name\":\"admin\",\"image\":{\"@type\":\"ImageObject\",\"@id\":\"https:\\\/\\\/www.rucashk.com\\\/pt\\\/produto\\\/nest-hub-2nd-generation-smart-display\\\/#authorImage\",\"url\":\"https:\\\/\\\/secure.gravatar.com\\\/avatar\\\/b7c8925b09a27e72b30232f8ecaadbd5af0f70a38c78096863fe51b64f031c24?s=96&d=mm&r=g\",\"width\":96,\"height\":96,\"caption\":\"admin\"}},{\"@type\":\"WebPage\",\"@id\":\"https:\\\/\\\/www.rucashk.com\\\/pt\\\/produto\\\/nest-hub-2nd-generation-smart-display\\\/#webpage\",\"url\":\"https:\\\/\\\/www.rucashk.com\\\/pt\\\/produto\\\/nest-hub-2nd-generation-smart-display\\\/\",\"name\":\"Google Nest Hub 2nd Generation Smart Display - Rucas - Wholesale and Distribution\",\"description\":\"Entertainment made easy. Keep listening, from room to room. The enhanced speaker delivers 50% more bass than the original Nest Hub.7 Create groups with other Nest speakers and displays for brilliant sound in every room. Just wave your hand. You can use Quick Gestures to control many Nest Hub features. Play or pause a song or video, snooze an alarm, and stop a timer. Quick Gestures use Motion Sense to detect when your hand moves \\u2013 without a camera. Ask Google to play music or a video, pause a song, control volume, and more. Hands-free help at home. Control your smart home. With just a tap \\u2013 or your voice \\u2013 control thousands of compatible smart devices from one central display.\",\"inLanguage\":\"pt-PT\",\"isPartOf\":{\"@id\":\"https:\\\/\\\/www.rucashk.com\\\/pt\\\/#website\"},\"breadcrumb\":{\"@id\":\"https:\\\/\\\/www.rucashk.com\\\/pt\\\/produto\\\/nest-hub-2nd-generation-smart-display\\\/#breadcrumblist\"},\"author\":{\"@id\":\"https:\\\/\\\/www.rucashk.com\\\/pt\\\/author\\\/admin\\\/#author\"},\"creator\":{\"@id\":\"https:\\\/\\\/www.rucashk.com\\\/pt\\\/author\\\/admin\\\/#author\"},\"image\":{\"@type\":\"ImageObject\",\"url\":\"https:\\\/\\\/www.rucashk.com\\\/wp-content\\\/uploads\\\/2024\\\/01\\\/10009-5.jpg\",\"@id\":\"https:\\\/\\\/www.rucashk.com\\\/pt\\\/produto\\\/nest-hub-2nd-generation-smart-display\\\/#mainImage\",\"width\":512,\"height\":512},\"primaryImageOfPage\":{\"@id\":\"https:\\\/\\\/www.rucashk.com\\\/pt\\\/produto\\\/nest-hub-2nd-generation-smart-display\\\/#mainImage\"},\"datePublished\":\"2024-01-09T16:30:24+00:00\",\"dateModified\":\"2024-01-21T08:05:56+00:00\"},{\"@type\":\"WebSite\",\"@id\":\"https:\\\/\\\/www.rucashk.com\\\/pt\\\/#website\",\"url\":\"https:\\\/\\\/www.rucashk.com\\\/pt\\\/\",\"name\":\"Rucas - Wholesale and distribution worldwide\",\"alternateName\":\"Rucas - One-stop AIoT Distribution Worldwide\",\"description\":\"One-stop AIoT Distribution Worldwide\",\"inLanguage\":\"pt-PT\",\"publisher\":{\"@id\":\"https:\\\/\\\/www.rucashk.com\\\/pt\\\/#organization\"}}]}\n\t\t<\/script>\n\t\t<!-- All in One SEO Pro -->\r\n\t\t<title>Google Nest Hub 2nd Generation Smart Display - Rucas - Wholesale and Distribution<\/title>\n\n","aioseo_head_json":{"title":"Google Nest Hub 2nd Generation Smart Display - Rucas - Wholesale and Distribution","description":"Entertainment made easy. Keep listening, from room to room. The enhanced speaker delivers 50% more bass than the original Nest Hub.7 Create groups with other Nest speakers and displays for brilliant sound in every room. Just wave your hand. You can use Quick Gestures to control many Nest Hub features. Play or pause a song or video, snooze an alarm, and stop a timer. Quick Gestures use Motion Sense to detect when your hand moves \u2013 without a camera. Ask Google to play music or a video, pause a song, control volume, and more. Hands-free help at home. Control your smart home. With just a tap \u2013 or your voice \u2013 control thousands of compatible smart devices from one central display.","canonical_url":"https:\/\/www.rucashk.com\/pt\/produto\/nest-hub-2nd-generation-smart-display\/","robots":"max-image-preview:large","keywords":"","webmasterTools":{"miscellaneous":""},"og:locale":"pt_PT","og:site_name":"Rucas - One-stop AIoT Distribution Worldwide","og:type":"article","og:title":"Google Nest Hub 2nd Generation Smart Display - Rucas - Wholesale and Distribution","og:description":"Entertainment made easy. Keep listening, from room to room. The enhanced speaker delivers 50% more bass than the original Nest Hub.7 Create groups with other Nest speakers and displays for brilliant sound in every room. Just wave your hand. You can use Quick Gestures to control many Nest Hub features. Play or pause a song or video, snooze an alarm, and stop a timer. Quick Gestures use Motion Sense to detect when your hand moves \u2013 without a camera. Ask Google to play music or a video, pause a song, control volume, and more. Hands-free help at home. Control your smart home. With just a tap \u2013 or your voice \u2013 control thousands of compatible smart devices from one central display.","og:url":"https:\/\/www.rucashk.com\/pt\/produto\/nest-hub-2nd-generation-smart-display\/","og:image":"https:\/\/www.rucashk.com\/wp-content\/uploads\/replace\/503b8e645f128a97ccde2b6290747646.jpeg","og:image:secure_url":"https:\/\/www.rucashk.com\/wp-content\/uploads\/replace\/503b8e645f128a97ccde2b6290747646.jpeg","og:image:width":1456,"og:image:height":816,"article:published_time":"2024-01-09T16:30:24+00:00","article:modified_time":"2024-01-21T08:05:56+00:00","twitter:card":"summary_large_image","twitter:title":"Google Nest Hub 2nd Generation Smart Display - Rucas - Wholesale and Distribution","twitter:description":"Entertainment made easy. Keep listening, from room to room. The enhanced speaker delivers 50% more bass than the original Nest Hub.7 Create groups with other Nest speakers and displays for brilliant sound in every room. Just wave your hand. You can use Quick Gestures to control many Nest Hub features. Play or pause a song or video, snooze an alarm, and stop a timer. Quick Gestures use Motion Sense to detect when your hand moves \u2013 without a camera. Ask Google to play music or a video, pause a song, control volume, and more. Hands-free help at home. Control your smart home. With just a tap \u2013 or your voice \u2013 control thousands of compatible smart devices from one central display.","twitter:image":"https:\/\/www.rucashk.com\/wp-content\/uploads\/replace\/503b8e645f128a97ccde2b6290747646.jpeg","schema":{"@context":"https:\/\/schema.org","@graph":[{"@type":"BreadcrumbList","@id":"https:\/\/www.rucashk.com\/pt\/produto\/nest-hub-2nd-generation-smart-display\/#breadcrumblist","itemListElement":[{"@type":"ListItem","@id":"https:\/\/www.rucashk.com\/pt\/#listItem","position":1,"name":"Home","item":"https:\/\/www.rucashk.com\/pt\/","nextItem":"https:\/\/www.rucashk.com\/pt\/produto\/nest-hub-2nd-generation-smart-display\/#listItem"},{"@type":"ListItem","@id":"https:\/\/www.rucashk.com\/pt\/produto\/nest-hub-2nd-generation-smart-display\/#listItem","position":2,"name":"Google Nest Hub 2nd Generation Smart Display","previousItem":"https:\/\/www.rucashk.com\/pt\/#listItem"}]},{"@type":"Organization","@id":"https:\/\/www.rucashk.com\/pt\/#organization","name":"Rucas","url":"https:\/\/www.rucashk.com\/pt\/","logo":{"@type":"ImageObject","url":"https:\/\/www.rucashk.com\/wp-content\/uploads\/2023\/12\/Rucas_campany_logo.png","@id":"https:\/\/www.rucashk.com\/pt\/produto\/nest-hub-2nd-generation-smart-display\/#organizationLogo","width":221,"height":65},"image":{"@id":"https:\/\/www.rucashk.com\/pt\/#organizationLogo"}},{"@type":"Person","@id":"https:\/\/www.rucashk.com\/pt\/author\/admin\/#author","url":"https:\/\/www.rucashk.com\/pt\/author\/admin\/","name":"admin","image":{"@type":"ImageObject","@id":"https:\/\/www.rucashk.com\/pt\/produto\/nest-hub-2nd-generation-smart-display\/#authorImage","url":"https:\/\/secure.gravatar.com\/avatar\/b7c8925b09a27e72b30232f8ecaadbd5af0f70a38c78096863fe51b64f031c24?s=96&d=mm&r=g","width":96,"height":96,"caption":"admin"}},{"@type":"WebPage","@id":"https:\/\/www.rucashk.com\/pt\/produto\/nest-hub-2nd-generation-smart-display\/#webpage","url":"https:\/\/www.rucashk.com\/pt\/produto\/nest-hub-2nd-generation-smart-display\/","name":"Google Nest Hub 2nd Generation Smart Display - Rucas - Wholesale and Distribution","description":"Entertainment made easy. Keep listening, from room to room. The enhanced speaker delivers 50% more bass than the original Nest Hub.7 Create groups with other Nest speakers and displays for brilliant sound in every room. Just wave your hand. You can use Quick Gestures to control many Nest Hub features. Play or pause a song or video, snooze an alarm, and stop a timer. Quick Gestures use Motion Sense to detect when your hand moves \u2013 without a camera. Ask Google to play music or a video, pause a song, control volume, and more. Hands-free help at home. Control your smart home. With just a tap \u2013 or your voice \u2013 control thousands of compatible smart devices from one central display.","inLanguage":"pt-PT","isPartOf":{"@id":"https:\/\/www.rucashk.com\/pt\/#website"},"breadcrumb":{"@id":"https:\/\/www.rucashk.com\/pt\/produto\/nest-hub-2nd-generation-smart-display\/#breadcrumblist"},"author":{"@id":"https:\/\/www.rucashk.com\/pt\/author\/admin\/#author"},"creator":{"@id":"https:\/\/www.rucashk.com\/pt\/author\/admin\/#author"},"image":{"@type":"ImageObject","url":"https:\/\/www.rucashk.com\/wp-content\/uploads\/2024\/01\/10009-5.jpg","@id":"https:\/\/www.rucashk.com\/pt\/produto\/nest-hub-2nd-generation-smart-display\/#mainImage","width":512,"height":512},"primaryImageOfPage":{"@id":"https:\/\/www.rucashk.com\/pt\/produto\/nest-hub-2nd-generation-smart-display\/#mainImage"},"datePublished":"2024-01-09T16:30:24+00:00","dateModified":"2024-01-21T08:05:56+00:00"},{"@type":"WebSite","@id":"https:\/\/www.rucashk.com\/pt\/#website","url":"https:\/\/www.rucashk.com\/pt\/","name":"Rucas - Wholesale and distribution worldwide","alternateName":"Rucas - One-stop AIoT Distribution Worldwide","description":"One-stop AIoT Distribution Worldwide","inLanguage":"pt-PT","publisher":{"@id":"https:\/\/www.rucashk.com\/pt\/#organization"}}]}},"aioseo_meta_data":{"post_id":"26536","title":null,"description":null,"keywords":null,"keyphrases":null,"primary_term":null,"canonical_url":null,"og_title":null,"og_description":null,"og_object_type":"default","og_image_type":"default","og_image_url":null,"og_image_width":null,"og_image_height":null,"og_image_custom_url":null,"og_image_custom_fields":null,"og_video":null,"og_custom_url":null,"og_article_section":null,"og_article_tags":null,"twitter_use_og":false,"twitter_card":"default","twitter_image_type":"default","twitter_image_url":null,"twitter_image_custom_url":null,"twitter_image_custom_fields":null,"twitter_title":null,"twitter_description":null,"schema":{"blockGraphs":[],"customGraphs":[],"default":{"data":{"Article":[],"Course":[],"Dataset":[],"FAQPage":[],"Movie":[],"Person":[],"Product":[],"Recipe":[],"Service":[],"SoftwareApplication":[],"WebPage":[]},"graphName":"","isEnabled":true},"graphs":[]},"schema_type":"default","schema_type_options":null,"pillar_content":false,"robots_default":true,"robots_noindex":false,"robots_noarchive":false,"robots_nosnippet":false,"robots_nofollow":false,"robots_noimageindex":false,"robots_noodp":false,"robots_notranslate":false,"robots_max_snippet":null,"robots_max_videopreview":null,"robots_max_imagepreview":"large","priority":null,"frequency":null,"local_seo":null,"breadcrumb_settings":null,"limit_modified_date":false,"created":"2024-04-11 01:57:21","updated":"2025-06-22 18:21:02"},"aioseo_breadcrumb":"<div class=\"aioseo-breadcrumbs\"><span class=\"aioseo-breadcrumb\">\n\t<a href=\"https:\/\/www.rucashk.com\/pt\" title=\"Home\">Home<\/a>\n<\/span><span class=\"aioseo-breadcrumb-separator\">&raquo;<\/span><span class=\"aioseo-breadcrumb\">\n\t<a href=\"https:\/\/www.rucashk.com\/pt\/products\/\" title=\"Produtos\">Produtos<\/a>\n<\/span><span class=\"aioseo-breadcrumb-separator\">&raquo;<\/span><span class=\"aioseo-breadcrumb\">\n\t<a href=\"https:\/\/www.rucashk.com\/pt\/categoria-produto\/xiaomi-eco\/\" title=\"Xiaomi Eco\">Xiaomi Eco<\/a>\n<\/span><span class=\"aioseo-breadcrumb-separator\">&raquo;<\/span><span class=\"aioseo-breadcrumb\">\n\t<a href=\"https:\/\/www.rucashk.com\/pt\/categoria-produto\/xiaomi-eco\/tv-accessories\/\" title=\"TV Accessories\">TV Accessories<\/a>\n<\/span><span class=\"aioseo-breadcrumb-separator\">&raquo;<\/span><span class=\"aioseo-breadcrumb\">\n\tGoogle Nest Hub 2nd Generation Smart Display\n<\/span><\/div>","aioseo_breadcrumb_json":[{"label":"Home","link":"https:\/\/www.rucashk.com\/pt"},{"label":"Produtos","link":"https:\/\/www.rucashk.com\/pt\/products\/"},{"label":"Xiaomi Eco","link":"https:\/\/www.rucashk.com\/pt\/categoria-produto\/xiaomi-eco\/"},{"label":"TV Accessories","link":"https:\/\/www.rucashk.com\/pt\/categoria-produto\/xiaomi-eco\/tv-accessories\/"},{"label":"Google Nest Hub 2nd Generation Smart Display","link":"https:\/\/www.rucashk.com\/pt\/produto\/nest-hub-2nd-generation-smart-display\/"}],"_links":{"self":[{"href":"https:\/\/www.rucashk.com\/pt\/wp-json\/wp\/v2\/product\/26536","targetHints":{"allow":["GET"]}}],"collection":[{"href":"https:\/\/www.rucashk.com\/pt\/wp-json\/wp\/v2\/product"}],"about":[{"href":"https:\/\/www.rucashk.com\/pt\/wp-json\/wp\/v2\/types\/product"}],"wp:featuredmedia":[{"embeddable":true,"href":"https:\/\/www.rucashk.com\/pt\/wp-json\/wp\/v2\/media\/26677"}],"wp:attachment":[{"href":"https:\/\/www.rucashk.com\/pt\/wp-json\/wp\/v2\/media?parent=26536"}],"wp:term":[{"taxonomy":"product_brand","embeddable":true,"href":"https:\/\/www.rucashk.com\/pt\/wp-json\/wp\/v2\/product_brand?post=26536"},{"taxonomy":"product_cat","embeddable":true,"href":"https:\/\/www.rucashk.com\/pt\/wp-json\/wp\/v2\/product_cat?post=26536"},{"taxonomy":"product_tag","embeddable":true,"href":"https:\/\/www.rucashk.com\/pt\/wp-json\/wp\/v2\/product_tag?post=26536"}],"curies":[{"name":"wp","href":"https:\/\/api.w.org\/{rel}","templated":true}]}}