{"id":26535,"date":"2024-01-09T16:30:24","date_gmt":"2024-01-09T16:30:24","guid":{"rendered":"http:\/\/rucashk.com\/?post_type=product&#038;p=26535"},"modified":"2024-03-12T08:03:24","modified_gmt":"2024-03-12T08:03:24","slug":"nest-mini-2nd-generation-smart-speaker","status":"publish","type":"product","link":"https:\/\/www.rucashk.com\/pt\/produto\/nest-mini-2nd-generation-smart-speaker\/","title":{"rendered":"Alto-falante inteligente Google Nest Mini (2\u00aa gera\u00e7\u00e3o)"},"content":{"rendered":"<div class=\"celwidget aplus-module module-11 aplus-standard\" data-csa-c-id=\"ahe3qn-6ze91-kqi2hu-bxfjcz\" data-cel-widget=\"aplus-module-11\">\n<div class=\"aplus-module-wrapper apm-spacing apm-floatnone apm-fixed-width\">\n<div class=\"apm-sidemodule aplus-module-content\">\n<div class=\"apm-hero-image\"><img decoding=\"async\" class=\"\" src=\"\/wp-content\/uploads\/replace\/c1843621b8e1556c9819d751ad601b88.jpeg\" alt=\"Mount Genie\" data-src=\"\/wp-content\/uploads\/replace\/c1843621b8e1556c9819d751ad601b88.jpeg\" \/><\/div>\n<\/div>\n<\/div>\n<div><\/div>\n<\/div>\n<div class=\"celwidget aplus-module 3p-module-b aplus-standard\" data-csa-c-id=\"cwpcbh-jmu35m-b97eyr-5uzy17\" data-cel-widget=\"aplus-3p-module-b\">\n<div class=\"aplus-module-wrapper aplus-3p-fixed-width\"><img decoding=\"async\" class=\"a-spacing-base\" src=\"\/wp-content\/uploads\/replace\/5756dce7e5ef8c6bb60848c84aa18a0b.png\" alt=\"Nest Mini Backpack Gen 2\" data-src=\"\/wp-content\/uploads\/replace\/5756dce7e5ef8c6bb60848c84aa18a0b.png\" \/><\/div>\n<\/div>\n<div class=\"celwidget aplus-module module-7 aplus-standard\" data-csa-c-id=\"4dz0x0-tnhstd-9zq1kt-i7e1gj\" data-cel-widget=\"aplus-module-7\">\n<div class=\"aplus-module-wrapper apm-fixed-width\">\n<div class=\"apm-spacing apm-wrap\">\n<div class=\"apm-floatleft apm-wrap\">\n<div class=\"apm-leftimage\"><img decoding=\"async\" class=\"a-spacing-mini\" src=\"\/wp-content\/uploads\/replace\/74988b65aeb8177b94f46d36fc5dcd66.jpeg\" alt=\"Dot Genie Google Home Mini\" data-src=\"\/wp-content\/uploads\/replace\/74988b65aeb8177b94f46d36fc5dcd66.jpeg\" \/><\/div>\n<div class=\"apm-rightthirdcol\">\n<div class=\"apm-rightthirdcol-inner\">\n<h4>Simples e f\u00e1cil de usar<\/h4>\n<div class=\"a-section\">\n<ul class=\"a-unordered-list a-vertical\">\n<li><span class=\"a-list-item\"><span class=\"a-size-base\">Instala em cerca de 10 segundos<\/span><\/span><\/li>\n<li><span class=\"a-list-item\"><span class=\"a-size-base\">Design elegante \u2013 fica \u00f3timo em qualquer lugar<\/span><\/span><\/li>\n<li><span class=\"a-list-item\"><span class=\"a-size-base\">Ocupa espa\u00e7o m\u00ednimo<\/span><\/span><\/li>\n<li><span class=\"a-list-item\"><span class=\"a-size-base\">\u00d3timo para qualquer c\u00f4modo da casa<\/span><\/span><\/li>\n<li><span class=\"a-list-item\"><span class=\"a-size-base\">Design port\u00e1til \u2013 f\u00e1cil de transportar para qualquer lugar<\/span><\/span><\/li>\n<\/ul>\n<\/div>\n<\/div>\n<\/div>\n<div class=\"apm-centerthirdcol\">\n<h4 class=\"a-spacing-mini\">A mochila Nest Mini de 2\u00aa gera\u00e7\u00e3o da Dot Genie<\/h4>\n<h5 class=\"a-spacing-mini\">[Deixe sua casa inteligente sem bagun\u00e7a]<\/h5>\n<p class=\"a-spacing-base\">O primeiro suporte de montagem em parede de \u00faltima gera\u00e7\u00e3o para o Nest Mini do Google.<\/p>\n<h5>Por que a mochila Nest Mini de 2\u00aa gera\u00e7\u00e3o \u00e9 a melhor<\/h5>\n<p class=\"a-spacing-base\">\n<ul class=\"a-unordered-list a-vertical\">\n<li><span class=\"a-list-item\">O forte plugue personalizado que se conecta \u00e0 Mini Backpack e se mant\u00e9m firmemente no lugar em todas as configura\u00e7\u00f5es de tomada poss\u00edveis.<\/span><\/li>\n<li><span class=\"a-list-item\">Instala em segundos e n\u00e3o bloqueia o segundo plug<\/span><\/li>\n<li><span class=\"a-list-item\">Reduz a desordem do cabo<\/span><\/li>\n<li><span class=\"a-list-item\">Projetado para manter seu assistente de voz em todas as configura\u00e7\u00f5es<\/span><\/li>\n<\/ul>\n<\/div>\n<\/div>\n<\/div>\n<\/div>\n<\/div>","protected":false},"excerpt":{"rendered":"<ul class=\"a-unordered-list a-vertical a-spacing-mini\">\n<li class=\"a-spacing-mini\"><span class=\"a-list-item\">Esta \u00e9 a atualiza\u00e7\u00e3o da nossa premiada Mini mochila para o NOVO Nest Mini 2\u00aa gera\u00e7\u00e3o (lan\u00e7amento no feriado de 2019). Se voc\u00ea precisar do modelo original do Google Home Mini de 1\u00aa gera\u00e7\u00e3o, consulte o link abaixo.<\/span><\/li>\n<li class=\"a-spacing-mini\"><span class=\"a-list-item\">A visibilidade e o som foram melhorados \u2013 veja e fale com seu assistente de voz de qualquer lugar da sala!<\/span><\/li>\n<li class=\"a-spacing-mini\"><span class=\"a-list-item\">O Mount Genie usa um plugue personalizado patenteado com um \u201caterramento fict\u00edcio\u201d para maior resist\u00eancia, que se conecta \u00e0 mochila Mini e mant\u00e9m seu Nest Mini firmemente no lugar em todas as configura\u00e7\u00f5es de tomada poss\u00edveis com o m\u00ednimo de confus\u00e3o. O melhor suporte de parede! Funciona at\u00e9 em tomadas de teto!<\/span><\/li>\n<li class=\"a-spacing-mini\"><span class=\"a-list-item\">A Mini Mochila da Mount Genie \u00e9 instalada em segundos e funciona com tomadas VERTICAL e HORIZONTAL e n\u00e3o bloqueia o segundo plugue. O design compacto permite f\u00e1cil movimenta\u00e7\u00e3o de sala em sala e \u00e9 \u00f3timo para levar em viagens!<\/span><\/li>\n<li class=\"a-spacing-mini\"><span class=\"a-list-item\">Devido ao plugue personalizado, n\u00e3o \u00e9 necess\u00e1rio enrolar o cabo durante a instala\u00e7\u00e3o. Requer uma tomada de 3 pinos<\/span><\/li>\n<\/ul>","protected":false},"featured_media":26667,"template":"","meta":[],"product_brand":[],"product_cat":[1315,1305],"product_tag":[],"class_list":{"0":"post-26535","1":"product","2":"type-product","3":"status-publish","4":"has-post-thumbnail","6":"product_cat-tv-accessories","7":"product_cat-xiaomi-eco","9":"first","10":"instock","11":"shipping-taxable","12":"product-type-simple"},"aioseo_notices":[],"aioseo_head":"\n\t\t<!-- All in One SEO Pro 4.5.9.2 - aioseo.com -->\n\t\t<meta name=\"description\" content=\"This is the update to our award-winning Mini Backpack for the NEW Nest Mini 2nd Gen (holiday 2019 release). If you need the original Google Home Mini 1st Gen model, see the link below. Visibility and sound is improved \u2013 see and speak to your voice assistant from anywhere in the room! Mount Genie uses a patented custom plug with a \u201cdummy ground\u201d for strength, that attaches to The Mini Backpack and holds your Nest Mini tightly in place in every possible outlet configuration with the least clutter. The best wall mount! Even works on ceiling outlets! The Mini Backpack by Mount Genie installs in seconds and works with VERTICAL and HORIZONTAL outlets and does not block the second plug. The compact design allows for easy movement from room to room and it is great to take on trips! Because of the custom plug, no cord wrapping is required during installation. Requires a 3-prong outlet\" \/>\n\t\t<meta name=\"robots\" content=\"max-image-preview:large\" \/>\n\t\t<link rel=\"canonical\" href=\"https:\/\/www.rucashk.com\/pt\/produto\/nest-mini-2nd-generation-smart-speaker\/\" \/>\n\t\t<meta name=\"generator\" content=\"All in One SEO Pro (AIOSEO) 4.5.9.2\" \/>\n\t\t<meta property=\"og:locale\" content=\"pt_PT\" \/>\n\t\t<meta property=\"og:site_name\" content=\"Rucas - One-stop AIoT Distribution Worldwide\" \/>\n\t\t<meta property=\"og:type\" content=\"article\" \/>\n\t\t<meta property=\"og:title\" content=\"Google Nest Mini (2nd Generation) Smart Speaker - Rucas - Wholesale and Distribution\" \/>\n\t\t<meta property=\"og:description\" content=\"This is the update to our award-winning Mini Backpack for the NEW Nest Mini 2nd Gen (holiday 2019 release). If you need the original Google Home Mini 1st Gen model, see the link below. Visibility and sound is improved \u2013 see and speak to your voice assistant from anywhere in the room! Mount Genie uses a patented custom plug with a \u201cdummy ground\u201d for strength, that attaches to The Mini Backpack and holds your Nest Mini tightly in place in every possible outlet configuration with the least clutter. The best wall mount! Even works on ceiling outlets! The Mini Backpack by Mount Genie installs in seconds and works with VERTICAL and HORIZONTAL outlets and does not block the second plug. The compact design allows for easy movement from room to room and it is great to take on trips! Because of the custom plug, no cord wrapping is required during installation. Requires a 3-prong outlet\" \/>\n\t\t<meta property=\"og:url\" content=\"https:\/\/www.rucashk.com\/pt\/produto\/nest-mini-2nd-generation-smart-speaker\/\" \/>\n\t\t<meta property=\"og:image\" content=\"https:\/\/www.rucashk.com\/wp-content\/uploads\/replace\/503b8e645f128a97ccde2b6290747646.jpeg\" \/>\n\t\t<meta property=\"og:image:secure_url\" content=\"https:\/\/www.rucashk.com\/wp-content\/uploads\/replace\/503b8e645f128a97ccde2b6290747646.jpeg\" \/>\n\t\t<meta property=\"og:image:width\" content=\"1456\" \/>\n\t\t<meta property=\"og:image:height\" content=\"816\" \/>\n\t\t<meta property=\"article:published_time\" content=\"2024-01-09T16:30:24+00:00\" \/>\n\t\t<meta property=\"article:modified_time\" content=\"2024-03-12T08:03:24+00:00\" \/>\n\t\t<meta name=\"twitter:card\" content=\"summary_large_image\" \/>\n\t\t<meta name=\"twitter:title\" content=\"Google Nest Mini (2nd Generation) Smart Speaker - Rucas - Wholesale and Distribution\" \/>\n\t\t<meta name=\"twitter:description\" content=\"This is the update to our award-winning Mini Backpack for the NEW Nest Mini 2nd Gen (holiday 2019 release). If you need the original Google Home Mini 1st Gen model, see the link below. Visibility and sound is improved \u2013 see and speak to your voice assistant from anywhere in the room! Mount Genie uses a patented custom plug with a \u201cdummy ground\u201d for strength, that attaches to The Mini Backpack and holds your Nest Mini tightly in place in every possible outlet configuration with the least clutter. The best wall mount! Even works on ceiling outlets! The Mini Backpack by Mount Genie installs in seconds and works with VERTICAL and HORIZONTAL outlets and does not block the second plug. The compact design allows for easy movement from room to room and it is great to take on trips! Because of the custom plug, no cord wrapping is required during installation. Requires a 3-prong outlet\" \/>\n\t\t<meta name=\"twitter:image\" content=\"https:\/\/www.rucashk.com\/wp-content\/uploads\/replace\/503b8e645f128a97ccde2b6290747646.jpeg\" \/>\n\t\t<script type=\"application\/ld+json\" class=\"aioseo-schema\">\n\t\t\t{\"@context\":\"https:\\\/\\\/schema.org\",\"@graph\":[{\"@type\":\"BreadcrumbList\",\"@id\":\"https:\\\/\\\/www.rucashk.com\\\/pt\\\/produto\\\/nest-mini-2nd-generation-smart-speaker\\\/#breadcrumblist\",\"itemListElement\":[{\"@type\":\"ListItem\",\"@id\":\"https:\\\/\\\/www.rucashk.com\\\/pt\\\/#listItem\",\"position\":1,\"name\":\"Home\",\"item\":\"https:\\\/\\\/www.rucashk.com\\\/pt\\\/\",\"nextItem\":\"https:\\\/\\\/www.rucashk.com\\\/pt\\\/produto\\\/nest-mini-2nd-generation-smart-speaker\\\/#listItem\"},{\"@type\":\"ListItem\",\"@id\":\"https:\\\/\\\/www.rucashk.com\\\/pt\\\/produto\\\/nest-mini-2nd-generation-smart-speaker\\\/#listItem\",\"position\":2,\"name\":\"Google Nest Mini (2nd Generation) Smart Speaker\",\"previousItem\":\"https:\\\/\\\/www.rucashk.com\\\/pt\\\/#listItem\"}]},{\"@type\":\"Organization\",\"@id\":\"https:\\\/\\\/www.rucashk.com\\\/pt\\\/#organization\",\"name\":\"Rucas\",\"url\":\"https:\\\/\\\/www.rucashk.com\\\/pt\\\/\",\"logo\":{\"@type\":\"ImageObject\",\"url\":\"https:\\\/\\\/www.rucashk.com\\\/wp-content\\\/uploads\\\/2023\\\/12\\\/Rucas_campany_logo.png\",\"@id\":\"https:\\\/\\\/www.rucashk.com\\\/pt\\\/produto\\\/nest-mini-2nd-generation-smart-speaker\\\/#organizationLogo\",\"width\":221,\"height\":65},\"image\":{\"@id\":\"https:\\\/\\\/www.rucashk.com\\\/pt\\\/#organizationLogo\"}},{\"@type\":\"Person\",\"@id\":\"https:\\\/\\\/www.rucashk.com\\\/pt\\\/author\\\/admin\\\/#author\",\"url\":\"https:\\\/\\\/www.rucashk.com\\\/pt\\\/author\\\/admin\\\/\",\"name\":\"admin\",\"image\":{\"@type\":\"ImageObject\",\"@id\":\"https:\\\/\\\/www.rucashk.com\\\/pt\\\/produto\\\/nest-mini-2nd-generation-smart-speaker\\\/#authorImage\",\"url\":\"https:\\\/\\\/secure.gravatar.com\\\/avatar\\\/b7c8925b09a27e72b30232f8ecaadbd5af0f70a38c78096863fe51b64f031c24?s=96&d=mm&r=g\",\"width\":96,\"height\":96,\"caption\":\"admin\"}},{\"@type\":\"WebPage\",\"@id\":\"https:\\\/\\\/www.rucashk.com\\\/pt\\\/produto\\\/nest-mini-2nd-generation-smart-speaker\\\/#webpage\",\"url\":\"https:\\\/\\\/www.rucashk.com\\\/pt\\\/produto\\\/nest-mini-2nd-generation-smart-speaker\\\/\",\"name\":\"Google Nest Mini (2nd Generation) Smart Speaker - Rucas - Wholesale and Distribution\",\"description\":\"This is the update to our award-winning Mini Backpack for the NEW Nest Mini 2nd Gen (holiday 2019 release). If you need the original Google Home Mini 1st Gen model, see the link below. Visibility and sound is improved \\u2013 see and speak to your voice assistant from anywhere in the room! Mount Genie uses a patented custom plug with a \\u201cdummy ground\\u201d for strength, that attaches to The Mini Backpack and holds your Nest Mini tightly in place in every possible outlet configuration with the least clutter. The best wall mount! Even works on ceiling outlets! The Mini Backpack by Mount Genie installs in seconds and works with VERTICAL and HORIZONTAL outlets and does not block the second plug. The compact design allows for easy movement from room to room and it is great to take on trips! Because of the custom plug, no cord wrapping is required during installation. Requires a 3-prong outlet\",\"inLanguage\":\"pt-PT\",\"isPartOf\":{\"@id\":\"https:\\\/\\\/www.rucashk.com\\\/pt\\\/#website\"},\"breadcrumb\":{\"@id\":\"https:\\\/\\\/www.rucashk.com\\\/pt\\\/produto\\\/nest-mini-2nd-generation-smart-speaker\\\/#breadcrumblist\"},\"author\":{\"@id\":\"https:\\\/\\\/www.rucashk.com\\\/pt\\\/author\\\/admin\\\/#author\"},\"creator\":{\"@id\":\"https:\\\/\\\/www.rucashk.com\\\/pt\\\/author\\\/admin\\\/#author\"},\"image\":{\"@type\":\"ImageObject\",\"url\":\"https:\\\/\\\/www.rucashk.com\\\/wp-content\\\/uploads\\\/2024\\\/01\\\/74988b65aeb8177b94f46d36fc5dcd66.jpeg\",\"@id\":\"https:\\\/\\\/www.rucashk.com\\\/pt\\\/produto\\\/nest-mini-2nd-generation-smart-speaker\\\/#mainImage\",\"width\":300,\"height\":300},\"primaryImageOfPage\":{\"@id\":\"https:\\\/\\\/www.rucashk.com\\\/pt\\\/produto\\\/nest-mini-2nd-generation-smart-speaker\\\/#mainImage\"},\"datePublished\":\"2024-01-09T16:30:24+00:00\",\"dateModified\":\"2024-03-12T08:03:24+00:00\"},{\"@type\":\"WebSite\",\"@id\":\"https:\\\/\\\/www.rucashk.com\\\/pt\\\/#website\",\"url\":\"https:\\\/\\\/www.rucashk.com\\\/pt\\\/\",\"name\":\"Rucas - Wholesale and distribution worldwide\",\"alternateName\":\"Rucas - One-stop AIoT Distribution Worldwide\",\"description\":\"One-stop AIoT Distribution Worldwide\",\"inLanguage\":\"pt-PT\",\"publisher\":{\"@id\":\"https:\\\/\\\/www.rucashk.com\\\/pt\\\/#organization\"}}]}\n\t\t<\/script>\n\t\t<!-- All in One SEO Pro -->\r\n\t\t<title>Google Nest Mini (2nd Generation) Smart Speaker - Rucas - Wholesale and Distribution<\/title>\n\n","aioseo_head_json":{"title":"Google Nest Mini (2nd Generation) Smart Speaker - Rucas - Wholesale and Distribution","description":"This is the update to our award-winning Mini Backpack for the NEW Nest Mini 2nd Gen (holiday 2019 release). If you need the original Google Home Mini 1st Gen model, see the link below. Visibility and sound is improved \u2013 see and speak to your voice assistant from anywhere in the room! Mount Genie uses a patented custom plug with a \u201cdummy ground\u201d for strength, that attaches to The Mini Backpack and holds your Nest Mini tightly in place in every possible outlet configuration with the least clutter. The best wall mount! Even works on ceiling outlets! The Mini Backpack by Mount Genie installs in seconds and works with VERTICAL and HORIZONTAL outlets and does not block the second plug. The compact design allows for easy movement from room to room and it is great to take on trips! Because of the custom plug, no cord wrapping is required during installation. Requires a 3-prong outlet","canonical_url":"https:\/\/www.rucashk.com\/pt\/produto\/nest-mini-2nd-generation-smart-speaker\/","robots":"max-image-preview:large","keywords":"","webmasterTools":{"miscellaneous":""},"og:locale":"pt_PT","og:site_name":"Rucas - One-stop AIoT Distribution Worldwide","og:type":"article","og:title":"Google Nest Mini (2nd Generation) Smart Speaker - Rucas - Wholesale and Distribution","og:description":"This is the update to our award-winning Mini Backpack for the NEW Nest Mini 2nd Gen (holiday 2019 release). If you need the original Google Home Mini 1st Gen model, see the link below. Visibility and sound is improved \u2013 see and speak to your voice assistant from anywhere in the room! Mount Genie uses a patented custom plug with a \u201cdummy ground\u201d for strength, that attaches to The Mini Backpack and holds your Nest Mini tightly in place in every possible outlet configuration with the least clutter. The best wall mount! Even works on ceiling outlets! The Mini Backpack by Mount Genie installs in seconds and works with VERTICAL and HORIZONTAL outlets and does not block the second plug. The compact design allows for easy movement from room to room and it is great to take on trips! Because of the custom plug, no cord wrapping is required during installation. Requires a 3-prong outlet","og:url":"https:\/\/www.rucashk.com\/pt\/produto\/nest-mini-2nd-generation-smart-speaker\/","og:image":"https:\/\/www.rucashk.com\/wp-content\/uploads\/replace\/503b8e645f128a97ccde2b6290747646.jpeg","og:image:secure_url":"https:\/\/www.rucashk.com\/wp-content\/uploads\/replace\/503b8e645f128a97ccde2b6290747646.jpeg","og:image:width":1456,"og:image:height":816,"article:published_time":"2024-01-09T16:30:24+00:00","article:modified_time":"2024-03-12T08:03:24+00:00","twitter:card":"summary_large_image","twitter:title":"Google Nest Mini (2nd Generation) Smart Speaker - Rucas - Wholesale and Distribution","twitter:description":"This is the update to our award-winning Mini Backpack for the NEW Nest Mini 2nd Gen (holiday 2019 release). If you need the original Google Home Mini 1st Gen model, see the link below. Visibility and sound is improved \u2013 see and speak to your voice assistant from anywhere in the room! Mount Genie uses a patented custom plug with a \u201cdummy ground\u201d for strength, that attaches to The Mini Backpack and holds your Nest Mini tightly in place in every possible outlet configuration with the least clutter. The best wall mount! Even works on ceiling outlets! The Mini Backpack by Mount Genie installs in seconds and works with VERTICAL and HORIZONTAL outlets and does not block the second plug. The compact design allows for easy movement from room to room and it is great to take on trips! Because of the custom plug, no cord wrapping is required during installation. Requires a 3-prong outlet","twitter:image":"https:\/\/www.rucashk.com\/wp-content\/uploads\/replace\/503b8e645f128a97ccde2b6290747646.jpeg","schema":{"@context":"https:\/\/schema.org","@graph":[{"@type":"BreadcrumbList","@id":"https:\/\/www.rucashk.com\/pt\/produto\/nest-mini-2nd-generation-smart-speaker\/#breadcrumblist","itemListElement":[{"@type":"ListItem","@id":"https:\/\/www.rucashk.com\/pt\/#listItem","position":1,"name":"Home","item":"https:\/\/www.rucashk.com\/pt\/","nextItem":"https:\/\/www.rucashk.com\/pt\/produto\/nest-mini-2nd-generation-smart-speaker\/#listItem"},{"@type":"ListItem","@id":"https:\/\/www.rucashk.com\/pt\/produto\/nest-mini-2nd-generation-smart-speaker\/#listItem","position":2,"name":"Google Nest Mini (2nd Generation) Smart Speaker","previousItem":"https:\/\/www.rucashk.com\/pt\/#listItem"}]},{"@type":"Organization","@id":"https:\/\/www.rucashk.com\/pt\/#organization","name":"Rucas","url":"https:\/\/www.rucashk.com\/pt\/","logo":{"@type":"ImageObject","url":"https:\/\/www.rucashk.com\/wp-content\/uploads\/2023\/12\/Rucas_campany_logo.png","@id":"https:\/\/www.rucashk.com\/pt\/produto\/nest-mini-2nd-generation-smart-speaker\/#organizationLogo","width":221,"height":65},"image":{"@id":"https:\/\/www.rucashk.com\/pt\/#organizationLogo"}},{"@type":"Person","@id":"https:\/\/www.rucashk.com\/pt\/author\/admin\/#author","url":"https:\/\/www.rucashk.com\/pt\/author\/admin\/","name":"admin","image":{"@type":"ImageObject","@id":"https:\/\/www.rucashk.com\/pt\/produto\/nest-mini-2nd-generation-smart-speaker\/#authorImage","url":"https:\/\/secure.gravatar.com\/avatar\/b7c8925b09a27e72b30232f8ecaadbd5af0f70a38c78096863fe51b64f031c24?s=96&d=mm&r=g","width":96,"height":96,"caption":"admin"}},{"@type":"WebPage","@id":"https:\/\/www.rucashk.com\/pt\/produto\/nest-mini-2nd-generation-smart-speaker\/#webpage","url":"https:\/\/www.rucashk.com\/pt\/produto\/nest-mini-2nd-generation-smart-speaker\/","name":"Google Nest Mini (2nd Generation) Smart Speaker - Rucas - Wholesale and Distribution","description":"This is the update to our award-winning Mini Backpack for the NEW Nest Mini 2nd Gen (holiday 2019 release). If you need the original Google Home Mini 1st Gen model, see the link below. Visibility and sound is improved \u2013 see and speak to your voice assistant from anywhere in the room! Mount Genie uses a patented custom plug with a \u201cdummy ground\u201d for strength, that attaches to The Mini Backpack and holds your Nest Mini tightly in place in every possible outlet configuration with the least clutter. The best wall mount! Even works on ceiling outlets! The Mini Backpack by Mount Genie installs in seconds and works with VERTICAL and HORIZONTAL outlets and does not block the second plug. The compact design allows for easy movement from room to room and it is great to take on trips! Because of the custom plug, no cord wrapping is required during installation. Requires a 3-prong outlet","inLanguage":"pt-PT","isPartOf":{"@id":"https:\/\/www.rucashk.com\/pt\/#website"},"breadcrumb":{"@id":"https:\/\/www.rucashk.com\/pt\/produto\/nest-mini-2nd-generation-smart-speaker\/#breadcrumblist"},"author":{"@id":"https:\/\/www.rucashk.com\/pt\/author\/admin\/#author"},"creator":{"@id":"https:\/\/www.rucashk.com\/pt\/author\/admin\/#author"},"image":{"@type":"ImageObject","url":"https:\/\/www.rucashk.com\/wp-content\/uploads\/2024\/01\/74988b65aeb8177b94f46d36fc5dcd66.jpeg","@id":"https:\/\/www.rucashk.com\/pt\/produto\/nest-mini-2nd-generation-smart-speaker\/#mainImage","width":300,"height":300},"primaryImageOfPage":{"@id":"https:\/\/www.rucashk.com\/pt\/produto\/nest-mini-2nd-generation-smart-speaker\/#mainImage"},"datePublished":"2024-01-09T16:30:24+00:00","dateModified":"2024-03-12T08:03:24+00:00"},{"@type":"WebSite","@id":"https:\/\/www.rucashk.com\/pt\/#website","url":"https:\/\/www.rucashk.com\/pt\/","name":"Rucas - Wholesale and distribution worldwide","alternateName":"Rucas - One-stop AIoT Distribution Worldwide","description":"One-stop AIoT Distribution Worldwide","inLanguage":"pt-PT","publisher":{"@id":"https:\/\/www.rucashk.com\/pt\/#organization"}}]}},"aioseo_meta_data":{"post_id":"26535","title":null,"description":null,"keywords":null,"keyphrases":null,"primary_term":null,"canonical_url":null,"og_title":null,"og_description":null,"og_object_type":"default","og_image_type":"default","og_image_url":null,"og_image_width":null,"og_image_height":null,"og_image_custom_url":null,"og_image_custom_fields":null,"og_video":null,"og_custom_url":null,"og_article_section":null,"og_article_tags":null,"twitter_use_og":false,"twitter_card":"default","twitter_image_type":"default","twitter_image_url":null,"twitter_image_custom_url":null,"twitter_image_custom_fields":null,"twitter_title":null,"twitter_description":null,"schema":{"blockGraphs":[],"customGraphs":[],"default":{"data":{"Article":[],"Course":[],"Dataset":[],"FAQPage":[],"Movie":[],"Person":[],"Product":[],"Recipe":[],"Service":[],"SoftwareApplication":[],"WebPage":[]},"graphName":"","isEnabled":true},"graphs":[]},"schema_type":"default","schema_type_options":null,"pillar_content":false,"robots_default":true,"robots_noindex":false,"robots_noarchive":false,"robots_nosnippet":false,"robots_nofollow":false,"robots_noimageindex":false,"robots_noodp":false,"robots_notranslate":false,"robots_max_snippet":null,"robots_max_videopreview":null,"robots_max_imagepreview":"large","priority":null,"frequency":null,"local_seo":null,"breadcrumb_settings":null,"limit_modified_date":false,"created":"2024-04-11 01:57:21","updated":"2025-06-22 18:21:02"},"aioseo_breadcrumb":"<div class=\"aioseo-breadcrumbs\"><span class=\"aioseo-breadcrumb\">\n\t<a href=\"https:\/\/www.rucashk.com\/pt\" title=\"Home\">Home<\/a>\n<\/span><span class=\"aioseo-breadcrumb-separator\">&raquo;<\/span><span class=\"aioseo-breadcrumb\">\n\t<a href=\"https:\/\/www.rucashk.com\/pt\/products\/\" title=\"Produtos\">Produtos<\/a>\n<\/span><span class=\"aioseo-breadcrumb-separator\">&raquo;<\/span><span class=\"aioseo-breadcrumb\">\n\t<a href=\"https:\/\/www.rucashk.com\/pt\/categoria-produto\/xiaomi-eco\/\" title=\"Xiaomi Eco\">Xiaomi Eco<\/a>\n<\/span><span class=\"aioseo-breadcrumb-separator\">&raquo;<\/span><span class=\"aioseo-breadcrumb\">\n\t<a href=\"https:\/\/www.rucashk.com\/pt\/categoria-produto\/xiaomi-eco\/tv-accessories\/\" title=\"TV Accessories\">TV Accessories<\/a>\n<\/span><span class=\"aioseo-breadcrumb-separator\">&raquo;<\/span><span class=\"aioseo-breadcrumb\">\n\tGoogle Nest Mini (2nd Generation) Smart Speaker\n<\/span><\/div>","aioseo_breadcrumb_json":[{"label":"Home","link":"https:\/\/www.rucashk.com\/pt"},{"label":"Produtos","link":"https:\/\/www.rucashk.com\/pt\/products\/"},{"label":"Xiaomi Eco","link":"https:\/\/www.rucashk.com\/pt\/categoria-produto\/xiaomi-eco\/"},{"label":"TV Accessories","link":"https:\/\/www.rucashk.com\/pt\/categoria-produto\/xiaomi-eco\/tv-accessories\/"},{"label":"Google Nest Mini (2nd Generation) Smart Speaker","link":"https:\/\/www.rucashk.com\/pt\/produto\/nest-mini-2nd-generation-smart-speaker\/"}],"_links":{"self":[{"href":"https:\/\/www.rucashk.com\/pt\/wp-json\/wp\/v2\/product\/26535","targetHints":{"allow":["GET"]}}],"collection":[{"href":"https:\/\/www.rucashk.com\/pt\/wp-json\/wp\/v2\/product"}],"about":[{"href":"https:\/\/www.rucashk.com\/pt\/wp-json\/wp\/v2\/types\/product"}],"wp:featuredmedia":[{"embeddable":true,"href":"https:\/\/www.rucashk.com\/pt\/wp-json\/wp\/v2\/media\/26667"}],"wp:attachment":[{"href":"https:\/\/www.rucashk.com\/pt\/wp-json\/wp\/v2\/media?parent=26535"}],"wp:term":[{"taxonomy":"product_brand","embeddable":true,"href":"https:\/\/www.rucashk.com\/pt\/wp-json\/wp\/v2\/product_brand?post=26535"},{"taxonomy":"product_cat","embeddable":true,"href":"https:\/\/www.rucashk.com\/pt\/wp-json\/wp\/v2\/product_cat?post=26535"},{"taxonomy":"product_tag","embeddable":true,"href":"https:\/\/www.rucashk.com\/pt\/wp-json\/wp\/v2\/product_tag?post=26535"}],"curies":[{"name":"wp","href":"https:\/\/api.w.org\/{rel}","templated":true}]}}