{"id":26512,"date":"2024-01-09T16:29:58","date_gmt":"2024-01-09T16:29:58","guid":{"rendered":"http:\/\/rucashk.com\/?post_type=product&#038;p=26512"},"modified":"2025-06-22T06:38:38","modified_gmt":"2025-06-22T06:38:38","slug":"xiaomi-instant-photo-printer-1s-set","status":"publish","type":"product","link":"https:\/\/www.rucashk.com\/pt\/produto\/xiaomi-instant-photo-printer-1s-set\/","title":{"rendered":"Conjunto de impressora fotogr\u00e1fica instant\u00e2nea Xiaomi 1S"},"content":{"rendered":"<div id=\"specification\">\n<div>\n<div><img decoding=\"async\" alt=\"Xiaomi Instant Photo Printer 1S Set\" class=\"bg_lazy\" title=\"Xiaomi mijia impressora fotogr\u00e1fica 1s lamina\u00e7\u00e3o autom\u00e1tica port\u00e1til inteligente app remoto impressora de papel fotogr\u00e1fico com papel fotogr\u00e1fico adesivo de 3 polegadas\" src=\"\/wp-content\/uploads\/replace\/35b7072fc582731ca8ab761cbad25353.png\" width=\"1000px\" height=\"auto\" \/><\/div>\n<\/div>\n<\/div>\n<div id=\"imgBox\">\n<p><img decoding=\"async\" alt=\"Xiaomi Instant Photo Printer 1S Set\" class=\"bg_lazy\" title=\"Xiaomi mijia impressora fotogr\u00e1fica 1s lamina\u00e7\u00e3o autom\u00e1tica port\u00e1til inteligente app remoto impressora de papel fotogr\u00e1fico com papel fotogr\u00e1fico adesivo de 3 polegadas\" src=\"\/wp-content\/uploads\/replace\/8377c5a62c8dee3f186d867c09f07302.png\" width=\"1000px\" height=\"auto\" \/><\/p>\n<p><img decoding=\"async\" alt=\"Xiaomi Instant Photo Printer 1S Set\" class=\"bg_lazy\" title=\"Xiaomi mijia impressora fotogr\u00e1fica 1s lamina\u00e7\u00e3o autom\u00e1tica port\u00e1til inteligente app remoto impressora de papel fotogr\u00e1fico com papel fotogr\u00e1fico adesivo de 3 polegadas\" src=\"\/wp-content\/uploads\/replace\/50f0a5a5d75b0e8e78591ca8591d82d6.png\" width=\"1000px\" height=\"auto\" \/><\/p>\n<p><img decoding=\"async\" alt=\"Xiaomi Instant Photo Printer 1S Set\" class=\"bg_lazy\" title=\"Xiaomi mijia impressora fotogr\u00e1fica 1s lamina\u00e7\u00e3o autom\u00e1tica port\u00e1til inteligente app remoto impressora de papel fotogr\u00e1fico com papel fotogr\u00e1fico adesivo de 3 polegadas\" src=\"\/wp-content\/uploads\/replace\/ea71aca07a2a6b0339c8351de9bdf5d7.png\" width=\"1000px\" height=\"auto\" \/><\/p>\n<p><img decoding=\"async\" alt=\"Xiaomi Instant Photo Printer 1S Set\" class=\"bg_lazy\" title=\"Xiaomi mijia impressora fotogr\u00e1fica 1s lamina\u00e7\u00e3o autom\u00e1tica port\u00e1til inteligente app remoto impressora de papel fotogr\u00e1fico com papel fotogr\u00e1fico adesivo de 3 polegadas\" src=\"\/wp-content\/uploads\/replace\/f9ef9e01031498d61f382ac77c509cf8.png\" width=\"1000px\" height=\"auto\" \/><\/p>\n<p><img decoding=\"async\" alt=\"Xiaomi Instant Photo Printer 1S Set\" class=\"bg_lazy\" title=\"Xiaomi mijia impressora fotogr\u00e1fica 1s lamina\u00e7\u00e3o autom\u00e1tica port\u00e1til inteligente app remoto impressora de papel fotogr\u00e1fico com papel fotogr\u00e1fico adesivo de 3 polegadas\" src=\"\/wp-content\/uploads\/replace\/7b4702bdbed08354940ab14f4779fb70.png\" width=\"1000px\" height=\"auto\" \/><\/p>\n<p><img decoding=\"async\" alt=\"Xiaomi Instant Photo Printer 1S Set\" class=\"bg_lazy\" title=\"Xiaomi mijia impressora fotogr\u00e1fica 1s lamina\u00e7\u00e3o autom\u00e1tica port\u00e1til inteligente app remoto impressora de papel fotogr\u00e1fico com papel fotogr\u00e1fico adesivo de 3 polegadas\" src=\"\/wp-content\/uploads\/replace\/9244149743a2be03e7ca1fa56d2f1850.png\" width=\"1000px\" height=\"auto\" \/><\/p>\n<p><img decoding=\"async\" alt=\"Xiaomi Instant Photo Printer 1S Set\" class=\"bg_lazy\" title=\"Xiaomi mijia impressora fotogr\u00e1fica 1s lamina\u00e7\u00e3o autom\u00e1tica port\u00e1til inteligente app remoto impressora de papel fotogr\u00e1fico com papel fotogr\u00e1fico adesivo de 3 polegadas\" src=\"\/wp-content\/uploads\/replace\/22a05f8a15c256e7189f51c51df40a9a.png\" width=\"1000px\" height=\"auto\" \/><\/p>\n<p><img decoding=\"async\" alt=\"Xiaomi Instant Photo Printer 1S Set\" class=\"bg_lazy\" title=\"Xiaomi mijia impressora fotogr\u00e1fica 1s lamina\u00e7\u00e3o autom\u00e1tica port\u00e1til inteligente app remoto impressora de papel fotogr\u00e1fico com papel fotogr\u00e1fico adesivo de 3 polegadas\" src=\"\/wp-content\/uploads\/replace\/31ffd9b0943e2386958e09ebd18bafb2.png\" width=\"1000px\" height=\"auto\" \/><\/p>\n<p><img decoding=\"async\" alt=\"Xiaomi Instant Photo Printer 1S Set\" class=\"bg_lazy\" title=\"Xiaomi mijia impressora fotogr\u00e1fica 1s lamina\u00e7\u00e3o autom\u00e1tica port\u00e1til inteligente app remoto impressora de papel fotogr\u00e1fico com papel fotogr\u00e1fico adesivo de 3 polegadas\" src=\"\/wp-content\/uploads\/replace\/f33eae2ab2ab277eb62104b992bf2196.png\" width=\"1000px\" height=\"auto\" \/><\/p>\n<p><img decoding=\"async\" alt=\"Xiaomi Instant Photo Printer 1S Set\" class=\"bg_lazy\" title=\"Xiaomi mijia impressora fotogr\u00e1fica 1s lamina\u00e7\u00e3o autom\u00e1tica port\u00e1til inteligente app remoto impressora de papel fotogr\u00e1fico com papel fotogr\u00e1fico adesivo de 3 polegadas\" src=\"\/wp-content\/uploads\/replace\/38b51d9437605e2fcf2503aff8353a52.png\" width=\"1000px\" height=\"auto\" \/><\/p>\n<p><img decoding=\"async\" alt=\"Xiaomi Instant Photo Printer 1S Set\" class=\"bg_lazy\" title=\"Xiaomi mijia impressora fotogr\u00e1fica 1s lamina\u00e7\u00e3o autom\u00e1tica port\u00e1til inteligente app remoto impressora de papel fotogr\u00e1fico com papel fotogr\u00e1fico adesivo de 3 polegadas\" src=\"\/wp-content\/uploads\/replace\/ada2c8904edb8649e377d714f5b7fcde.png\" width=\"1000px\" height=\"auto\" \/><img decoding=\"async\" alt=\"Xiaomi Instant Photo Printer 1S Set\" src=\"\/wp-content\/uploads\/replace\/7542a68acebeddc59857c7bc6241610c.jpeg\" data-spm-anchor-id=\"a2g0o.detail.1000023.i1.4b8a8d68UR2M9M\" \/><\/p>\n<p>\u25cf Dois tamanhos de foto, especialista em impress\u00e3o de alta defini\u00e7\u00e3o<\/p>\n<p>\u25cf 1.280 pontos de aquecimento de impress\u00e3o, precis\u00e3o de at\u00e9 8,54 m\u00edcrons<\/p>\n<p>\u25cf A velocidade de impress\u00e3o \u00e9 de 1 foto por minuto com bandeja de entrada para at\u00e9 20 folhas de papel fotogr\u00e1fico.<\/p>\n<p>\u25cf A impressora funciona com resolu\u00e7\u00e3o de 300 x 300 dpi e tamb\u00e9m oferece suporte para 256 n\u00edveis de cores.<\/p>\n<p>\u25cf Inclui 10 folhas de papel fotogr\u00e1fico de 6\u2033, 10 folhas de papel fotogr\u00e1fico de 3\u2033 e uma fita<\/p>\n<p>\u25cf A tecnologia profissional de impress\u00e3o por sublima\u00e7\u00e3o torna a imagem mais delicada<\/p>\n<p>\u25cf Eles s\u00e3o automaticamente cobertos com uma pel\u00edcula protetora transparente e incolor na \u00faltima etapa da impress\u00e3o fotogr\u00e1fica<\/p>\n<p>\u25cf V\u00e1rias maneiras de imprimir do seu telefone, aplicativo Mi Home ou computador<\/p>\n<p>\u25cf Design magn\u00e9tico integrado para f\u00e1cil armazenamento<\/p>\n<\/div>","protected":false},"excerpt":{"rendered":"<p>\u25cf Dois tamanhos de foto, especialista em impress\u00e3o de alta defini\u00e7\u00e3o<\/p>\n<p>\u25cf 1.280 pontos de aquecimento de impress\u00e3o, precis\u00e3o de at\u00e9 8,54 m\u00edcrons<\/p>\n<p>\u25cf A velocidade de impress\u00e3o \u00e9 de 1 foto por minuto com bandeja de entrada para at\u00e9 20 folhas de papel fotogr\u00e1fico.<\/p>\n<p>\u25cf A impressora funciona com resolu\u00e7\u00e3o de 300 x 300 dpi e tamb\u00e9m oferece suporte para 256 n\u00edveis de cores.<\/p>\n<p>\u25cf Inclui 10 folhas de papel fotogr\u00e1fico de 6\u2033, 10 folhas de papel fotogr\u00e1fico de 3\u2033 e uma fita<\/p>\n<p>\u25cf A tecnologia profissional de impress\u00e3o por sublima\u00e7\u00e3o torna a imagem mais delicada<\/p>\n<p>\u25cf Eles s\u00e3o automaticamente cobertos com uma pel\u00edcula protetora transparente e incolor na \u00faltima etapa da impress\u00e3o fotogr\u00e1fica<\/p>\n<p>\u25cf V\u00e1rias maneiras de imprimir do seu telefone, aplicativo Mi Home ou computador<\/p>\n<p>\u25cf Design magn\u00e9tico integrado para f\u00e1cil armazenamento<\/p>","protected":false},"featured_media":26657,"template":"","meta":[],"product_brand":[1363],"product_cat":[1318,1305],"product_tag":[],"class_list":{"0":"post-26512","1":"product","2":"type-product","3":"status-publish","4":"has-post-thumbnail","6":"product_brand-xiaomi","7":"product_cat-gadgets","8":"product_cat-xiaomi-eco","10":"first","11":"instock","12":"shipping-taxable","13":"product-type-simple"},"aioseo_notices":[],"aioseo_head":"\n\t\t<!-- All in One SEO Pro 4.5.9.2 - aioseo.com -->\n\t\t<meta name=\"description\" content=\"\u25cf Two photo sizes, high-definition printing expert \u25cf 1280 print heating spots, Precision up to 8.54 microns \u25cf Print speed is 1 photo per minute with input tray for up to 20 pieces of photo paper. \u25cf The printer works at a resolution of 300 x 300 dpi and there is also support for 256 color levels. \u25cf Includes 10 sheets of 6&quot; photo paper, 10 sheets of 3&quot; photo paper, and a ribbon \u25cf Professional dye-sublimation printing technology makes the picture more delicate \u25cf They are automatically covered with a colorless transparent protective film in the last stage of photo printing \u25cf Multiple Ways to Print from Your Phone, Mi Home App or Computer \u25cf Integrated magnetic design for easy storage\" \/>\n\t\t<meta name=\"robots\" content=\"max-image-preview:large\" \/>\n\t\t<link rel=\"canonical\" href=\"https:\/\/www.rucashk.com\/pt\/produto\/xiaomi-instant-photo-printer-1s-set\/\" \/>\n\t\t<meta name=\"generator\" content=\"All in One SEO Pro (AIOSEO) 4.5.9.2\" \/>\n\t\t<meta property=\"og:locale\" content=\"pt_PT\" \/>\n\t\t<meta property=\"og:site_name\" content=\"Rucas - One-stop AIoT Distribution Worldwide\" \/>\n\t\t<meta property=\"og:type\" content=\"article\" \/>\n\t\t<meta property=\"og:title\" content=\"Xiaomi Instant Photo Printer 1S Set - Rucas - Wholesale and Distribution\" \/>\n\t\t<meta property=\"og:description\" content=\"\u25cf Two photo sizes, high-definition printing expert \u25cf 1280 print heating spots, Precision up to 8.54 microns \u25cf Print speed is 1 photo per minute with input tray for up to 20 pieces of photo paper. \u25cf The printer works at a resolution of 300 x 300 dpi and there is also support for 256 color levels. \u25cf Includes 10 sheets of 6&quot; photo paper, 10 sheets of 3&quot; photo paper, and a ribbon \u25cf Professional dye-sublimation printing technology makes the picture more delicate \u25cf They are automatically covered with a colorless transparent protective film in the last stage of photo printing \u25cf Multiple Ways to Print from Your Phone, Mi Home App or Computer \u25cf Integrated magnetic design for easy storage\" \/>\n\t\t<meta property=\"og:url\" content=\"https:\/\/www.rucashk.com\/pt\/produto\/xiaomi-instant-photo-printer-1s-set\/\" \/>\n\t\t<meta property=\"og:image\" content=\"https:\/\/www.rucashk.com\/wp-content\/uploads\/replace\/503b8e645f128a97ccde2b6290747646.jpeg\" \/>\n\t\t<meta property=\"og:image:secure_url\" content=\"https:\/\/www.rucashk.com\/wp-content\/uploads\/replace\/503b8e645f128a97ccde2b6290747646.jpeg\" \/>\n\t\t<meta property=\"og:image:width\" content=\"1456\" \/>\n\t\t<meta property=\"og:image:height\" content=\"816\" \/>\n\t\t<meta property=\"article:published_time\" content=\"2024-01-09T16:29:58+00:00\" \/>\n\t\t<meta property=\"article:modified_time\" content=\"2025-06-22T06:38:38+00:00\" \/>\n\t\t<meta name=\"twitter:card\" content=\"summary_large_image\" \/>\n\t\t<meta name=\"twitter:title\" content=\"Xiaomi Instant Photo Printer 1S Set - Rucas - Wholesale and Distribution\" \/>\n\t\t<meta name=\"twitter:description\" content=\"\u25cf Two photo sizes, high-definition printing expert \u25cf 1280 print heating spots, Precision up to 8.54 microns \u25cf Print speed is 1 photo per minute with input tray for up to 20 pieces of photo paper. \u25cf The printer works at a resolution of 300 x 300 dpi and there is also support for 256 color levels. \u25cf Includes 10 sheets of 6&quot; photo paper, 10 sheets of 3&quot; photo paper, and a ribbon \u25cf Professional dye-sublimation printing technology makes the picture more delicate \u25cf They are automatically covered with a colorless transparent protective film in the last stage of photo printing \u25cf Multiple Ways to Print from Your Phone, Mi Home App or Computer \u25cf Integrated magnetic design for easy storage\" \/>\n\t\t<meta name=\"twitter:image\" content=\"https:\/\/www.rucashk.com\/wp-content\/uploads\/replace\/503b8e645f128a97ccde2b6290747646.jpeg\" \/>\n\t\t<script type=\"application\/ld+json\" class=\"aioseo-schema\">\n\t\t\t{\"@context\":\"https:\\\/\\\/schema.org\",\"@graph\":[{\"@type\":\"BreadcrumbList\",\"@id\":\"https:\\\/\\\/www.rucashk.com\\\/pt\\\/produto\\\/xiaomi-instant-photo-printer-1s-set\\\/#breadcrumblist\",\"itemListElement\":[{\"@type\":\"ListItem\",\"@id\":\"https:\\\/\\\/www.rucashk.com\\\/pt\\\/#listItem\",\"position\":1,\"name\":\"Home\",\"item\":\"https:\\\/\\\/www.rucashk.com\\\/pt\\\/\",\"nextItem\":\"https:\\\/\\\/www.rucashk.com\\\/pt\\\/produto\\\/xiaomi-instant-photo-printer-1s-set\\\/#listItem\"},{\"@type\":\"ListItem\",\"@id\":\"https:\\\/\\\/www.rucashk.com\\\/pt\\\/produto\\\/xiaomi-instant-photo-printer-1s-set\\\/#listItem\",\"position\":2,\"name\":\"Xiaomi Instant Photo Printer 1S Set\",\"previousItem\":\"https:\\\/\\\/www.rucashk.com\\\/pt\\\/#listItem\"}]},{\"@type\":\"Organization\",\"@id\":\"https:\\\/\\\/www.rucashk.com\\\/pt\\\/#organization\",\"name\":\"Rucas\",\"url\":\"https:\\\/\\\/www.rucashk.com\\\/pt\\\/\",\"logo\":{\"@type\":\"ImageObject\",\"url\":\"https:\\\/\\\/www.rucashk.com\\\/wp-content\\\/uploads\\\/2023\\\/12\\\/Rucas_campany_logo.png\",\"@id\":\"https:\\\/\\\/www.rucashk.com\\\/pt\\\/produto\\\/xiaomi-instant-photo-printer-1s-set\\\/#organizationLogo\",\"width\":221,\"height\":65},\"image\":{\"@id\":\"https:\\\/\\\/www.rucashk.com\\\/pt\\\/#organizationLogo\"}},{\"@type\":\"Person\",\"@id\":\"https:\\\/\\\/www.rucashk.com\\\/pt\\\/author\\\/admin\\\/#author\",\"url\":\"https:\\\/\\\/www.rucashk.com\\\/pt\\\/author\\\/admin\\\/\",\"name\":\"admin\",\"image\":{\"@type\":\"ImageObject\",\"@id\":\"https:\\\/\\\/www.rucashk.com\\\/pt\\\/produto\\\/xiaomi-instant-photo-printer-1s-set\\\/#authorImage\",\"url\":\"https:\\\/\\\/secure.gravatar.com\\\/avatar\\\/b7c8925b09a27e72b30232f8ecaadbd5af0f70a38c78096863fe51b64f031c24?s=96&d=mm&r=g\",\"width\":96,\"height\":96,\"caption\":\"admin\"}},{\"@type\":\"WebPage\",\"@id\":\"https:\\\/\\\/www.rucashk.com\\\/pt\\\/produto\\\/xiaomi-instant-photo-printer-1s-set\\\/#webpage\",\"url\":\"https:\\\/\\\/www.rucashk.com\\\/pt\\\/produto\\\/xiaomi-instant-photo-printer-1s-set\\\/\",\"name\":\"Xiaomi Instant Photo Printer 1S Set - Rucas - Wholesale and Distribution\",\"description\":\"\\u25cf Two photo sizes, high-definition printing expert \\u25cf 1280 print heating spots, Precision up to 8.54 microns \\u25cf Print speed is 1 photo per minute with input tray for up to 20 pieces of photo paper. \\u25cf The printer works at a resolution of 300 x 300 dpi and there is also support for 256 color levels. \\u25cf Includes 10 sheets of 6\\\" photo paper, 10 sheets of 3\\\" photo paper, and a ribbon \\u25cf Professional dye-sublimation printing technology makes the picture more delicate \\u25cf They are automatically covered with a colorless transparent protective film in the last stage of photo printing \\u25cf Multiple Ways to Print from Your Phone, Mi Home App or Computer \\u25cf Integrated magnetic design for easy storage\",\"inLanguage\":\"pt-PT\",\"isPartOf\":{\"@id\":\"https:\\\/\\\/www.rucashk.com\\\/pt\\\/#website\"},\"breadcrumb\":{\"@id\":\"https:\\\/\\\/www.rucashk.com\\\/pt\\\/produto\\\/xiaomi-instant-photo-printer-1s-set\\\/#breadcrumblist\"},\"author\":{\"@id\":\"https:\\\/\\\/www.rucashk.com\\\/pt\\\/author\\\/admin\\\/#author\"},\"creator\":{\"@id\":\"https:\\\/\\\/www.rucashk.com\\\/pt\\\/author\\\/admin\\\/#author\"},\"image\":{\"@type\":\"ImageObject\",\"url\":\"https:\\\/\\\/www.rucashk.com\\\/wp-content\\\/uploads\\\/2024\\\/01\\\/16-1.webp\",\"@id\":\"https:\\\/\\\/www.rucashk.com\\\/pt\\\/produto\\\/xiaomi-instant-photo-printer-1s-set\\\/#mainImage\",\"width\":220,\"height\":220},\"primaryImageOfPage\":{\"@id\":\"https:\\\/\\\/www.rucashk.com\\\/pt\\\/produto\\\/xiaomi-instant-photo-printer-1s-set\\\/#mainImage\"},\"datePublished\":\"2024-01-09T16:29:58+00:00\",\"dateModified\":\"2025-06-22T06:38:38+00:00\"},{\"@type\":\"WebSite\",\"@id\":\"https:\\\/\\\/www.rucashk.com\\\/pt\\\/#website\",\"url\":\"https:\\\/\\\/www.rucashk.com\\\/pt\\\/\",\"name\":\"Rucas - Wholesale and distribution worldwide\",\"alternateName\":\"Rucas - One-stop AIoT Distribution Worldwide\",\"description\":\"One-stop AIoT Distribution Worldwide\",\"inLanguage\":\"pt-PT\",\"publisher\":{\"@id\":\"https:\\\/\\\/www.rucashk.com\\\/pt\\\/#organization\"}}]}\n\t\t<\/script>\n\t\t<!-- All in One SEO Pro -->\r\n\t\t<title>Xiaomi Instant Photo Printer 1S Set - Rucas - Wholesale and Distribution<\/title>\n\n","aioseo_head_json":{"title":"Xiaomi Instant Photo Printer 1S Set - Rucas - Wholesale and Distribution","description":"\u25cf Two photo sizes, high-definition printing expert \u25cf 1280 print heating spots, Precision up to 8.54 microns \u25cf Print speed is 1 photo per minute with input tray for up to 20 pieces of photo paper. \u25cf The printer works at a resolution of 300 x 300 dpi and there is also support for 256 color levels. \u25cf Includes 10 sheets of 6\" photo paper, 10 sheets of 3\" photo paper, and a ribbon \u25cf Professional dye-sublimation printing technology makes the picture more delicate \u25cf They are automatically covered with a colorless transparent protective film in the last stage of photo printing \u25cf Multiple Ways to Print from Your Phone, Mi Home App or Computer \u25cf Integrated magnetic design for easy storage","canonical_url":"https:\/\/www.rucashk.com\/pt\/produto\/xiaomi-instant-photo-printer-1s-set\/","robots":"max-image-preview:large","keywords":"","webmasterTools":{"miscellaneous":""},"og:locale":"pt_PT","og:site_name":"Rucas - One-stop AIoT Distribution Worldwide","og:type":"article","og:title":"Xiaomi Instant Photo Printer 1S Set - Rucas - Wholesale and Distribution","og:description":"\u25cf Two photo sizes, high-definition printing expert \u25cf 1280 print heating spots, Precision up to 8.54 microns \u25cf Print speed is 1 photo per minute with input tray for up to 20 pieces of photo paper. \u25cf The printer works at a resolution of 300 x 300 dpi and there is also support for 256 color levels. \u25cf Includes 10 sheets of 6&quot; photo paper, 10 sheets of 3&quot; photo paper, and a ribbon \u25cf Professional dye-sublimation printing technology makes the picture more delicate \u25cf They are automatically covered with a colorless transparent protective film in the last stage of photo printing \u25cf Multiple Ways to Print from Your Phone, Mi Home App or Computer \u25cf Integrated magnetic design for easy storage","og:url":"https:\/\/www.rucashk.com\/pt\/produto\/xiaomi-instant-photo-printer-1s-set\/","og:image":"https:\/\/www.rucashk.com\/wp-content\/uploads\/replace\/503b8e645f128a97ccde2b6290747646.jpeg","og:image:secure_url":"https:\/\/www.rucashk.com\/wp-content\/uploads\/replace\/503b8e645f128a97ccde2b6290747646.jpeg","og:image:width":1456,"og:image:height":816,"article:published_time":"2024-01-09T16:29:58+00:00","article:modified_time":"2025-06-22T06:38:38+00:00","twitter:card":"summary_large_image","twitter:title":"Xiaomi Instant Photo Printer 1S Set - Rucas - Wholesale and Distribution","twitter:description":"\u25cf Two photo sizes, high-definition printing expert \u25cf 1280 print heating spots, Precision up to 8.54 microns \u25cf Print speed is 1 photo per minute with input tray for up to 20 pieces of photo paper. \u25cf The printer works at a resolution of 300 x 300 dpi and there is also support for 256 color levels. \u25cf Includes 10 sheets of 6&quot; photo paper, 10 sheets of 3&quot; photo paper, and a ribbon \u25cf Professional dye-sublimation printing technology makes the picture more delicate \u25cf They are automatically covered with a colorless transparent protective film in the last stage of photo printing \u25cf Multiple Ways to Print from Your Phone, Mi Home App or Computer \u25cf Integrated magnetic design for easy storage","twitter:image":"https:\/\/www.rucashk.com\/wp-content\/uploads\/replace\/503b8e645f128a97ccde2b6290747646.jpeg","schema":{"@context":"https:\/\/schema.org","@graph":[{"@type":"BreadcrumbList","@id":"https:\/\/www.rucashk.com\/pt\/produto\/xiaomi-instant-photo-printer-1s-set\/#breadcrumblist","itemListElement":[{"@type":"ListItem","@id":"https:\/\/www.rucashk.com\/pt\/#listItem","position":1,"name":"Home","item":"https:\/\/www.rucashk.com\/pt\/","nextItem":"https:\/\/www.rucashk.com\/pt\/produto\/xiaomi-instant-photo-printer-1s-set\/#listItem"},{"@type":"ListItem","@id":"https:\/\/www.rucashk.com\/pt\/produto\/xiaomi-instant-photo-printer-1s-set\/#listItem","position":2,"name":"Xiaomi Instant Photo Printer 1S Set","previousItem":"https:\/\/www.rucashk.com\/pt\/#listItem"}]},{"@type":"Organization","@id":"https:\/\/www.rucashk.com\/pt\/#organization","name":"Rucas","url":"https:\/\/www.rucashk.com\/pt\/","logo":{"@type":"ImageObject","url":"https:\/\/www.rucashk.com\/wp-content\/uploads\/2023\/12\/Rucas_campany_logo.png","@id":"https:\/\/www.rucashk.com\/pt\/produto\/xiaomi-instant-photo-printer-1s-set\/#organizationLogo","width":221,"height":65},"image":{"@id":"https:\/\/www.rucashk.com\/pt\/#organizationLogo"}},{"@type":"Person","@id":"https:\/\/www.rucashk.com\/pt\/author\/admin\/#author","url":"https:\/\/www.rucashk.com\/pt\/author\/admin\/","name":"admin","image":{"@type":"ImageObject","@id":"https:\/\/www.rucashk.com\/pt\/produto\/xiaomi-instant-photo-printer-1s-set\/#authorImage","url":"https:\/\/secure.gravatar.com\/avatar\/b7c8925b09a27e72b30232f8ecaadbd5af0f70a38c78096863fe51b64f031c24?s=96&d=mm&r=g","width":96,"height":96,"caption":"admin"}},{"@type":"WebPage","@id":"https:\/\/www.rucashk.com\/pt\/produto\/xiaomi-instant-photo-printer-1s-set\/#webpage","url":"https:\/\/www.rucashk.com\/pt\/produto\/xiaomi-instant-photo-printer-1s-set\/","name":"Xiaomi Instant Photo Printer 1S Set - Rucas - Wholesale and Distribution","description":"\u25cf Two photo sizes, high-definition printing expert \u25cf 1280 print heating spots, Precision up to 8.54 microns \u25cf Print speed is 1 photo per minute with input tray for up to 20 pieces of photo paper. \u25cf The printer works at a resolution of 300 x 300 dpi and there is also support for 256 color levels. \u25cf Includes 10 sheets of 6\" photo paper, 10 sheets of 3\" photo paper, and a ribbon \u25cf Professional dye-sublimation printing technology makes the picture more delicate \u25cf They are automatically covered with a colorless transparent protective film in the last stage of photo printing \u25cf Multiple Ways to Print from Your Phone, Mi Home App or Computer \u25cf Integrated magnetic design for easy storage","inLanguage":"pt-PT","isPartOf":{"@id":"https:\/\/www.rucashk.com\/pt\/#website"},"breadcrumb":{"@id":"https:\/\/www.rucashk.com\/pt\/produto\/xiaomi-instant-photo-printer-1s-set\/#breadcrumblist"},"author":{"@id":"https:\/\/www.rucashk.com\/pt\/author\/admin\/#author"},"creator":{"@id":"https:\/\/www.rucashk.com\/pt\/author\/admin\/#author"},"image":{"@type":"ImageObject","url":"https:\/\/www.rucashk.com\/wp-content\/uploads\/2024\/01\/16-1.webp","@id":"https:\/\/www.rucashk.com\/pt\/produto\/xiaomi-instant-photo-printer-1s-set\/#mainImage","width":220,"height":220},"primaryImageOfPage":{"@id":"https:\/\/www.rucashk.com\/pt\/produto\/xiaomi-instant-photo-printer-1s-set\/#mainImage"},"datePublished":"2024-01-09T16:29:58+00:00","dateModified":"2025-06-22T06:38:38+00:00"},{"@type":"WebSite","@id":"https:\/\/www.rucashk.com\/pt\/#website","url":"https:\/\/www.rucashk.com\/pt\/","name":"Rucas - Wholesale and distribution worldwide","alternateName":"Rucas - One-stop AIoT Distribution Worldwide","description":"One-stop AIoT Distribution Worldwide","inLanguage":"pt-PT","publisher":{"@id":"https:\/\/www.rucashk.com\/pt\/#organization"}}]}},"aioseo_meta_data":{"post_id":"26512","title":null,"description":null,"keywords":null,"keyphrases":null,"primary_term":null,"canonical_url":null,"og_title":null,"og_description":null,"og_object_type":"default","og_image_type":"default","og_image_url":null,"og_image_width":null,"og_image_height":null,"og_image_custom_url":null,"og_image_custom_fields":null,"og_video":null,"og_custom_url":null,"og_article_section":null,"og_article_tags":null,"twitter_use_og":false,"twitter_card":"default","twitter_image_type":"default","twitter_image_url":null,"twitter_image_custom_url":null,"twitter_image_custom_fields":null,"twitter_title":null,"twitter_description":null,"schema":{"blockGraphs":[],"customGraphs":[],"default":{"data":{"Article":[],"Course":[],"Dataset":[],"FAQPage":[],"Movie":[],"Person":[],"Product":[],"Recipe":[],"Service":[],"SoftwareApplication":[],"WebPage":[]},"graphName":"","isEnabled":true},"graphs":[]},"schema_type":"default","schema_type_options":null,"pillar_content":false,"robots_default":true,"robots_noindex":false,"robots_noarchive":false,"robots_nosnippet":false,"robots_nofollow":false,"robots_noimageindex":false,"robots_noodp":false,"robots_notranslate":false,"robots_max_snippet":null,"robots_max_videopreview":null,"robots_max_imagepreview":"large","priority":null,"frequency":null,"local_seo":null,"breadcrumb_settings":null,"limit_modified_date":false,"created":"2024-04-11 01:57:20","updated":"2025-06-22 18:21:01"},"aioseo_breadcrumb":"<div class=\"aioseo-breadcrumbs\"><span class=\"aioseo-breadcrumb\">\n\t<a href=\"https:\/\/www.rucashk.com\/pt\" title=\"Home\">Home<\/a>\n<\/span><span class=\"aioseo-breadcrumb-separator\">&raquo;<\/span><span class=\"aioseo-breadcrumb\">\n\t<a href=\"https:\/\/www.rucashk.com\/pt\/products\/\" title=\"Produtos\">Produtos<\/a>\n<\/span><span class=\"aioseo-breadcrumb-separator\">&raquo;<\/span><span class=\"aioseo-breadcrumb\">\n\t<a href=\"https:\/\/www.rucashk.com\/pt\/marca\/xiaomi\/\" title=\"Xiaomi\">Xiaomi<\/a>\n<\/span><span class=\"aioseo-breadcrumb-separator\">&raquo;<\/span><span class=\"aioseo-breadcrumb\">\n\tXiaomi Instant Photo Printer 1S Set\n<\/span><\/div>","aioseo_breadcrumb_json":[{"label":"Home","link":"https:\/\/www.rucashk.com\/pt"},{"label":"Produtos","link":"https:\/\/www.rucashk.com\/pt\/products\/"},{"label":"Xiaomi","link":"https:\/\/www.rucashk.com\/pt\/marca\/xiaomi\/"},{"label":"Xiaomi Instant Photo Printer 1S Set","link":"https:\/\/www.rucashk.com\/pt\/produto\/xiaomi-instant-photo-printer-1s-set\/"}],"_links":{"self":[{"href":"https:\/\/www.rucashk.com\/pt\/wp-json\/wp\/v2\/product\/26512","targetHints":{"allow":["GET"]}}],"collection":[{"href":"https:\/\/www.rucashk.com\/pt\/wp-json\/wp\/v2\/product"}],"about":[{"href":"https:\/\/www.rucashk.com\/pt\/wp-json\/wp\/v2\/types\/product"}],"wp:featuredmedia":[{"embeddable":true,"href":"https:\/\/www.rucashk.com\/pt\/wp-json\/wp\/v2\/media\/26657"}],"wp:attachment":[{"href":"https:\/\/www.rucashk.com\/pt\/wp-json\/wp\/v2\/media?parent=26512"}],"wp:term":[{"taxonomy":"product_brand","embeddable":true,"href":"https:\/\/www.rucashk.com\/pt\/wp-json\/wp\/v2\/product_brand?post=26512"},{"taxonomy":"product_cat","embeddable":true,"href":"https:\/\/www.rucashk.com\/pt\/wp-json\/wp\/v2\/product_cat?post=26512"},{"taxonomy":"product_tag","embeddable":true,"href":"https:\/\/www.rucashk.com\/pt\/wp-json\/wp\/v2\/product_tag?post=26512"}],"curies":[{"name":"wp","href":"https:\/\/api.w.org\/{rel}","templated":true}]}}