{"id":26509,"date":"2024-01-09T16:29:58","date_gmt":"2024-01-09T16:29:58","guid":{"rendered":"http:\/\/rucashk.com\/?post_type=product&#038;p=26509"},"modified":"2025-06-22T06:38:38","modified_gmt":"2025-06-22T06:38:38","slug":"mi-band-8-pro","status":"publish","type":"product","link":"https:\/\/www.rucashk.com\/pt\/produto\/mi-band-8-pro\/","title":{"rendered":"Banda MI 8 Pro"},"content":{"rendered":"<div id=\"nav-description\">\n<div>\n<div class=\"extend--content--DlnAngg\">\n<div data-spm-anchor-id=\"a2g0o.detail.0.i6.2bb78FGF8FGF51\">\n<div id=\"product-description\" class=\"description--product-description--nxRv0lW\" data-spm=\"1000023\" data-pl=\"product-description\">\n<div class=\"description--origin-part--SsZJoGC\">\n<div class=\"detailmodule_html\">\n<div class=\"detail-desc-decorate-richtext\">\n<div><img decoding=\"async\" alt=\"MI band 8 Pro\" src=\"\/wp-content\/uploads\/replace\/24aa5c0848809b2dbeba41488df44fee.jpeg\" \/><img decoding=\"async\" alt=\"MI band 8 Pro\" src=\"\/wp-content\/uploads\/replace\/2613ab4c04ac710975c7fc1f5a290aab.jpeg\" \/><img decoding=\"async\" alt=\"MI band 8 Pro\" src=\"\/wp-content\/uploads\/replace\/3094f0a2a681cc5ca7e0444fcfc1c05b.jpeg\" \/><img decoding=\"async\" alt=\"MI band 8 Pro\" src=\"\/wp-content\/uploads\/replace\/003f96f133b285f57fbe50cad5ab7452.jpeg\" \/><img decoding=\"async\" alt=\"MI band 8 Pro\" src=\"\/wp-content\/uploads\/replace\/8d85252effb7b686992762eaccc89291.jpeg\" \/><img decoding=\"async\" alt=\"MI band 8 Pro\" src=\"\/wp-content\/uploads\/replace\/9fb8bff8cb08921e748e0ff627795307.jpeg\" \/><img decoding=\"async\" alt=\"MI band 8 Pro\" src=\"\/wp-content\/uploads\/replace\/e2378fe7c66eee5eed9bcf12b38f4c66.jpeg\" \/><img decoding=\"async\" alt=\"MI band 8 Pro\" src=\"\/wp-content\/uploads\/replace\/89cc922011d10ae79cb34e4fbca97218.jpeg\" \/><img decoding=\"async\" alt=\"MI band 8 Pro\" src=\"\/wp-content\/uploads\/replace\/75c60ba915af945a1347c7b34442bbc2.jpeg\" \/><img decoding=\"async\" alt=\"MI band 8 Pro\" src=\"\/wp-content\/uploads\/replace\/b926369b0a72084c3b17cca61a7b5f2c.jpeg\" \/><img decoding=\"async\" alt=\"MI band 8 Pro\" src=\"\/wp-content\/uploads\/replace\/f43998db2f93385c1d5aa041362fc131.jpeg\" \/><img decoding=\"async\" alt=\"MI band 8 Pro\" src=\"\/wp-content\/uploads\/replace\/9365373d0cf0114df3984e819c286953.jpeg\" \/><img decoding=\"async\" alt=\"MI band 8 Pro\" src=\"\/wp-content\/uploads\/replace\/9d0778c1d3258e97d8f996268a0fc129.jpeg\" \/><img decoding=\"async\" alt=\"MI band 8 Pro\" src=\"\/wp-content\/uploads\/replace\/de008a15a2b363573ec80fd70237d476.jpeg\" \/><img decoding=\"async\" alt=\"MI band 8 Pro\" src=\"\/wp-content\/uploads\/replace\/7b8d731d98a292339bf66848a02a8cf1.jpeg\" \/><img decoding=\"async\" alt=\"MI band 8 Pro\" src=\"\/wp-content\/uploads\/replace\/985f70db3843549593248cee2ae68c7a.jpeg\" \/><img decoding=\"async\" alt=\"MI band 8 Pro\" src=\"\/wp-content\/uploads\/replace\/5ff76e78e91dd0e743c7f5d7c0f8f91f.jpeg\" \/><img decoding=\"async\" alt=\"MI band 8 Pro\" src=\"\/wp-content\/uploads\/replace\/45fe708a4e3806c23be62985f8a8dc86.jpeg\" \/><img decoding=\"async\" alt=\"MI band 8 Pro\" src=\"\/wp-content\/uploads\/replace\/58864fd6b1d72c0372dd1496e1d562d8.jpeg\" \/><img decoding=\"async\" alt=\"MI band 8 Pro\" src=\"\/wp-content\/uploads\/replace\/d5ecf7e1f1e0b40cc993a9c74d3792dd.jpeg\" \/><img decoding=\"async\" alt=\"MI band 8 Pro\" src=\"\/wp-content\/uploads\/replace\/4f50e699d5e9082ddf7422ed0046f0c0.jpeg\" \/><img decoding=\"async\" alt=\"MI band 8 Pro\" src=\"\/wp-content\/uploads\/replace\/588f353c7a6e98f600ba5b83cf25885c.jpeg\" \/><img decoding=\"async\" alt=\"MI band 8 Pro\" src=\"\/wp-content\/uploads\/replace\/0d883af9b93fca081f95bffa02f75388.jpeg\" \/><img decoding=\"async\" alt=\"MI band 8 Pro\" src=\"\/wp-content\/uploads\/replace\/1e1a3796eaddfba90d96a21c3b748c96.jpeg\" \/><img decoding=\"async\" alt=\"MI band 8 Pro\" src=\"\/wp-content\/uploads\/replace\/04902817e11c096b37eedf104c3ccee9.jpeg\" \/><img decoding=\"async\" alt=\"MI band 8 Pro\" src=\"\/wp-content\/uploads\/replace\/79aa0bc990b22fc267df1c58ca84349d.jpeg\" \/><img decoding=\"async\" alt=\"MI band 8 Pro\" src=\"\/wp-content\/uploads\/replace\/dd55f35dd57ffadb3073beb9948b9eff.jpeg\" \/><img decoding=\"async\" alt=\"MI band 8 Pro\" src=\"\/wp-content\/uploads\/replace\/551ac16e21a88aeaae3970bf42519b96.jpeg\" \/><img decoding=\"async\" alt=\"MI band 8 Pro\" src=\"\/wp-content\/uploads\/replace\/a5a557659dc14ffbe86707701c438207.jpeg\" \/><img decoding=\"async\" alt=\"MI band 8 Pro\" src=\"\/wp-content\/uploads\/replace\/b9f8b7fd0aa50a358d6deac80347f553.jpeg\" \/><img decoding=\"async\" alt=\"MI band 8 Pro\" src=\"\/wp-content\/uploads\/replace\/663eb0e2b235cdaa0d5a5a9374b395af.jpeg\" \/><img decoding=\"async\" alt=\"MI band 8 Pro\" src=\"\/wp-content\/uploads\/replace\/d86373bde271aaeefa61bb32c091c1bd.jpeg\" \/><img decoding=\"async\" alt=\"MI band 8 Pro\" src=\"\/wp-content\/uploads\/replace\/92d820068ba47d38f94df12d3a778e78.jpeg\" \/><img decoding=\"async\" alt=\"MI band 8 Pro\" src=\"\/wp-content\/uploads\/replace\/6ac445483693beabf627e934284fddf1.jpeg\" \/><\/div>\n<p>&nbsp;<\/p>\n<\/div>\n<\/div>\n<\/div>\n<\/div>\n<\/div>\n<\/div>\n<\/div>\n<\/div>","protected":false},"excerpt":{"rendered":"<div>1. Tela AMOLED colorida<\/div>\n<div>Tela grande quadrada colorida, com o m\u00e9todo de exibi\u00e7\u00e3o de informa\u00e7\u00f5es mais pr\u00f3ximo da tela do celular, texto e \u00edcones t\u00eam mais espa\u00e7o de exibi\u00e7\u00e3o livre, clicar e deslizar s\u00e3o mais livres e f\u00e1ceis<\/div>\n<div>2. Ajuste inteligente do brilho da tela<\/div>\n<div>O sensor de luz ambiente integrado elimina a necessidade de opera\u00e7\u00e3o manual e cada vez que voc\u00ea levanta o pulso, a luz fica perfeita.<\/div>\n<div>3. Posicionamento de sat\u00e9lite independente, registre a trilha de movimento a qualquer momento<\/div>\n<div>M\u00f3dulo GPS independente integrado, pode ser usado em conjunto com telefones celulares ou de forma independente. Suporta cinco sistemas de sat\u00e9lite Beidou, GPS, GLONASS, Galileo e QZSS. Ele pode registrar cada etapa com precis\u00e3o, e cada etapa vale a pena.<\/div>\n<div>4,5 ATM \u00e0 prova d&#039;\u00e1gua<\/div>\n<div>Suporta 50 metros de resist\u00eancia \u00e0 \u00e1gua, e voc\u00ea pode aproveitar a \u00e1gua sem tirar para nadar na piscina.<\/div>\n<div>5. A velocidade de carregamento foi bastante melhorada<\/div>\n<div>Uma carga de 5 minutos \u00e9 suficiente para 8 horas de monitoramento do sono. Comparado com o Xiaomi Mi Band 6, a velocidade de carregamento \u00e9 aumentada em cerca de 40%.<\/div>","protected":false},"featured_media":26633,"template":"","meta":[],"product_brand":[1363],"product_cat":[1307,1305],"product_tag":[],"class_list":{"0":"post-26509","1":"product","2":"type-product","3":"status-publish","4":"has-post-thumbnail","6":"product_brand-xiaomi","7":"product_cat-mi-band-smartwatch","8":"product_cat-xiaomi-eco","10":"first","11":"instock","12":"shipping-taxable","13":"product-type-simple"},"aioseo_notices":[],"aioseo_head":"\n\t\t<!-- All in One SEO Pro 4.5.9.2 - aioseo.com -->\n\t\t<meta name=\"description\" content=\"1. AMOLED full color screen Full-color square large screen, with the information display method closer to the mobile phone screen, text and icons have more free display space, clicking and sliding are more free and easy 2. Intelligent adjustment of screen brightness The built-in ambient light sensor eliminates the need for manual operation, and every time you lift your wrist, the light is just right. 3. Independent satellite positioning, record the movement track at any time Built-in independent GPS module, it can be used in conjunction with mobile phones or independently. It supports five satellite systems of Beidou, GPS, GLONASS, Galileo, and QZSS. It can accurately record every step, and every step is worth it. 4.5ATM waterproof It supports 50 meters of water resistance, and you can enjoy the water without taking it off for swimming in the pool. 5. The charging speed is greatly improved A 5-minute charge is enough for 8 hours of sleep tracking. Compared with Xiaomi Mi Band 6, the charging speed is increased by about 40%.\" \/>\n\t\t<meta name=\"robots\" content=\"max-image-preview:large\" \/>\n\t\t<link rel=\"canonical\" href=\"https:\/\/www.rucashk.com\/pt\/produto\/mi-band-8-pro\/\" \/>\n\t\t<meta name=\"generator\" content=\"All in One SEO Pro (AIOSEO) 4.5.9.2\" \/>\n\t\t<meta property=\"og:locale\" content=\"pt_PT\" \/>\n\t\t<meta property=\"og:site_name\" content=\"Rucas - One-stop AIoT Distribution Worldwide\" \/>\n\t\t<meta property=\"og:type\" content=\"article\" \/>\n\t\t<meta property=\"og:title\" content=\"MI band 8 Pro - Rucas - Wholesale and Distribution\" \/>\n\t\t<meta property=\"og:description\" content=\"1. AMOLED full color screen Full-color square large screen, with the information display method closer to the mobile phone screen, text and icons have more free display space, clicking and sliding are more free and easy 2. Intelligent adjustment of screen brightness The built-in ambient light sensor eliminates the need for manual operation, and every time you lift your wrist, the light is just right. 3. Independent satellite positioning, record the movement track at any time Built-in independent GPS module, it can be used in conjunction with mobile phones or independently. It supports five satellite systems of Beidou, GPS, GLONASS, Galileo, and QZSS. It can accurately record every step, and every step is worth it. 4.5ATM waterproof It supports 50 meters of water resistance, and you can enjoy the water without taking it off for swimming in the pool. 5. The charging speed is greatly improved A 5-minute charge is enough for 8 hours of sleep tracking. Compared with Xiaomi Mi Band 6, the charging speed is increased by about 40%.\" \/>\n\t\t<meta property=\"og:url\" content=\"https:\/\/www.rucashk.com\/pt\/produto\/mi-band-8-pro\/\" \/>\n\t\t<meta property=\"og:image\" content=\"https:\/\/www.rucashk.com\/wp-content\/uploads\/replace\/503b8e645f128a97ccde2b6290747646.jpeg\" \/>\n\t\t<meta property=\"og:image:secure_url\" content=\"https:\/\/www.rucashk.com\/wp-content\/uploads\/replace\/503b8e645f128a97ccde2b6290747646.jpeg\" \/>\n\t\t<meta property=\"og:image:width\" content=\"1456\" \/>\n\t\t<meta property=\"og:image:height\" content=\"816\" \/>\n\t\t<meta property=\"article:published_time\" content=\"2024-01-09T16:29:58+00:00\" \/>\n\t\t<meta property=\"article:modified_time\" content=\"2025-06-22T06:38:38+00:00\" \/>\n\t\t<meta name=\"twitter:card\" content=\"summary_large_image\" \/>\n\t\t<meta name=\"twitter:title\" content=\"MI band 8 Pro - Rucas - Wholesale and Distribution\" \/>\n\t\t<meta name=\"twitter:description\" content=\"1. AMOLED full color screen Full-color square large screen, with the information display method closer to the mobile phone screen, text and icons have more free display space, clicking and sliding are more free and easy 2. Intelligent adjustment of screen brightness The built-in ambient light sensor eliminates the need for manual operation, and every time you lift your wrist, the light is just right. 3. Independent satellite positioning, record the movement track at any time Built-in independent GPS module, it can be used in conjunction with mobile phones or independently. It supports five satellite systems of Beidou, GPS, GLONASS, Galileo, and QZSS. It can accurately record every step, and every step is worth it. 4.5ATM waterproof It supports 50 meters of water resistance, and you can enjoy the water without taking it off for swimming in the pool. 5. The charging speed is greatly improved A 5-minute charge is enough for 8 hours of sleep tracking. Compared with Xiaomi Mi Band 6, the charging speed is increased by about 40%.\" \/>\n\t\t<meta name=\"twitter:image\" content=\"https:\/\/www.rucashk.com\/wp-content\/uploads\/replace\/503b8e645f128a97ccde2b6290747646.jpeg\" \/>\n\t\t<script type=\"application\/ld+json\" class=\"aioseo-schema\">\n\t\t\t{\"@context\":\"https:\\\/\\\/schema.org\",\"@graph\":[{\"@type\":\"BreadcrumbList\",\"@id\":\"https:\\\/\\\/www.rucashk.com\\\/pt\\\/produto\\\/mi-band-8-pro\\\/#breadcrumblist\",\"itemListElement\":[{\"@type\":\"ListItem\",\"@id\":\"https:\\\/\\\/www.rucashk.com\\\/pt\\\/#listItem\",\"position\":1,\"name\":\"Home\",\"item\":\"https:\\\/\\\/www.rucashk.com\\\/pt\\\/\",\"nextItem\":\"https:\\\/\\\/www.rucashk.com\\\/pt\\\/produto\\\/mi-band-8-pro\\\/#listItem\"},{\"@type\":\"ListItem\",\"@id\":\"https:\\\/\\\/www.rucashk.com\\\/pt\\\/produto\\\/mi-band-8-pro\\\/#listItem\",\"position\":2,\"name\":\"MI band 8 Pro\",\"previousItem\":\"https:\\\/\\\/www.rucashk.com\\\/pt\\\/#listItem\"}]},{\"@type\":\"Organization\",\"@id\":\"https:\\\/\\\/www.rucashk.com\\\/pt\\\/#organization\",\"name\":\"Rucas\",\"url\":\"https:\\\/\\\/www.rucashk.com\\\/pt\\\/\",\"logo\":{\"@type\":\"ImageObject\",\"url\":\"https:\\\/\\\/www.rucashk.com\\\/wp-content\\\/uploads\\\/2023\\\/12\\\/Rucas_campany_logo.png\",\"@id\":\"https:\\\/\\\/www.rucashk.com\\\/pt\\\/produto\\\/mi-band-8-pro\\\/#organizationLogo\",\"width\":221,\"height\":65},\"image\":{\"@id\":\"https:\\\/\\\/www.rucashk.com\\\/pt\\\/#organizationLogo\"}},{\"@type\":\"Person\",\"@id\":\"https:\\\/\\\/www.rucashk.com\\\/pt\\\/author\\\/admin\\\/#author\",\"url\":\"https:\\\/\\\/www.rucashk.com\\\/pt\\\/author\\\/admin\\\/\",\"name\":\"admin\",\"image\":{\"@type\":\"ImageObject\",\"@id\":\"https:\\\/\\\/www.rucashk.com\\\/pt\\\/produto\\\/mi-band-8-pro\\\/#authorImage\",\"url\":\"https:\\\/\\\/secure.gravatar.com\\\/avatar\\\/b7c8925b09a27e72b30232f8ecaadbd5af0f70a38c78096863fe51b64f031c24?s=96&d=mm&r=g\",\"width\":96,\"height\":96,\"caption\":\"admin\"}},{\"@type\":\"WebPage\",\"@id\":\"https:\\\/\\\/www.rucashk.com\\\/pt\\\/produto\\\/mi-band-8-pro\\\/#webpage\",\"url\":\"https:\\\/\\\/www.rucashk.com\\\/pt\\\/produto\\\/mi-band-8-pro\\\/\",\"name\":\"MI band 8 Pro - Rucas - Wholesale and Distribution\",\"description\":\"1. AMOLED full color screen Full-color square large screen, with the information display method closer to the mobile phone screen, text and icons have more free display space, clicking and sliding are more free and easy 2. Intelligent adjustment of screen brightness The built-in ambient light sensor eliminates the need for manual operation, and every time you lift your wrist, the light is just right. 3. Independent satellite positioning, record the movement track at any time Built-in independent GPS module, it can be used in conjunction with mobile phones or independently. It supports five satellite systems of Beidou, GPS, GLONASS, Galileo, and QZSS. It can accurately record every step, and every step is worth it. 4.5ATM waterproof It supports 50 meters of water resistance, and you can enjoy the water without taking it off for swimming in the pool. 5. The charging speed is greatly improved A 5-minute charge is enough for 8 hours of sleep tracking. Compared with Xiaomi Mi Band 6, the charging speed is increased by about 40%.\",\"inLanguage\":\"pt-PT\",\"isPartOf\":{\"@id\":\"https:\\\/\\\/www.rucashk.com\\\/pt\\\/#website\"},\"breadcrumb\":{\"@id\":\"https:\\\/\\\/www.rucashk.com\\\/pt\\\/produto\\\/mi-band-8-pro\\\/#breadcrumblist\"},\"author\":{\"@id\":\"https:\\\/\\\/www.rucashk.com\\\/pt\\\/author\\\/admin\\\/#author\"},\"creator\":{\"@id\":\"https:\\\/\\\/www.rucashk.com\\\/pt\\\/author\\\/admin\\\/#author\"},\"image\":{\"@type\":\"ImageObject\",\"url\":\"https:\\\/\\\/www.rucashk.com\\\/wp-content\\\/uploads\\\/2024\\\/01\\\/13-1-1.webp\",\"@id\":\"https:\\\/\\\/www.rucashk.com\\\/pt\\\/produto\\\/mi-band-8-pro\\\/#mainImage\",\"width\":220,\"height\":220},\"primaryImageOfPage\":{\"@id\":\"https:\\\/\\\/www.rucashk.com\\\/pt\\\/produto\\\/mi-band-8-pro\\\/#mainImage\"},\"datePublished\":\"2024-01-09T16:29:58+00:00\",\"dateModified\":\"2025-06-22T06:38:38+00:00\"},{\"@type\":\"WebSite\",\"@id\":\"https:\\\/\\\/www.rucashk.com\\\/pt\\\/#website\",\"url\":\"https:\\\/\\\/www.rucashk.com\\\/pt\\\/\",\"name\":\"Rucas - Wholesale and distribution worldwide\",\"alternateName\":\"Rucas - One-stop AIoT Distribution Worldwide\",\"description\":\"One-stop AIoT Distribution Worldwide\",\"inLanguage\":\"pt-PT\",\"publisher\":{\"@id\":\"https:\\\/\\\/www.rucashk.com\\\/pt\\\/#organization\"}}]}\n\t\t<\/script>\n\t\t<!-- All in One SEO Pro -->\r\n\t\t<title>MI band 8 Pro - Rucas - Wholesale and Distribution<\/title>\n\n","aioseo_head_json":{"title":"MI band 8 Pro - Rucas - Wholesale and Distribution","description":"1. AMOLED full color screen Full-color square large screen, with the information display method closer to the mobile phone screen, text and icons have more free display space, clicking and sliding are more free and easy 2. Intelligent adjustment of screen brightness The built-in ambient light sensor eliminates the need for manual operation, and every time you lift your wrist, the light is just right. 3. Independent satellite positioning, record the movement track at any time Built-in independent GPS module, it can be used in conjunction with mobile phones or independently. It supports five satellite systems of Beidou, GPS, GLONASS, Galileo, and QZSS. It can accurately record every step, and every step is worth it. 4.5ATM waterproof It supports 50 meters of water resistance, and you can enjoy the water without taking it off for swimming in the pool. 5. The charging speed is greatly improved A 5-minute charge is enough for 8 hours of sleep tracking. Compared with Xiaomi Mi Band 6, the charging speed is increased by about 40%.","canonical_url":"https:\/\/www.rucashk.com\/pt\/produto\/mi-band-8-pro\/","robots":"max-image-preview:large","keywords":"","webmasterTools":{"miscellaneous":""},"og:locale":"pt_PT","og:site_name":"Rucas - One-stop AIoT Distribution Worldwide","og:type":"article","og:title":"MI band 8 Pro - Rucas - Wholesale and Distribution","og:description":"1. AMOLED full color screen Full-color square large screen, with the information display method closer to the mobile phone screen, text and icons have more free display space, clicking and sliding are more free and easy 2. Intelligent adjustment of screen brightness The built-in ambient light sensor eliminates the need for manual operation, and every time you lift your wrist, the light is just right. 3. Independent satellite positioning, record the movement track at any time Built-in independent GPS module, it can be used in conjunction with mobile phones or independently. It supports five satellite systems of Beidou, GPS, GLONASS, Galileo, and QZSS. It can accurately record every step, and every step is worth it. 4.5ATM waterproof It supports 50 meters of water resistance, and you can enjoy the water without taking it off for swimming in the pool. 5. The charging speed is greatly improved A 5-minute charge is enough for 8 hours of sleep tracking. Compared with Xiaomi Mi Band 6, the charging speed is increased by about 40%.","og:url":"https:\/\/www.rucashk.com\/pt\/produto\/mi-band-8-pro\/","og:image":"https:\/\/www.rucashk.com\/wp-content\/uploads\/replace\/503b8e645f128a97ccde2b6290747646.jpeg","og:image:secure_url":"https:\/\/www.rucashk.com\/wp-content\/uploads\/replace\/503b8e645f128a97ccde2b6290747646.jpeg","og:image:width":1456,"og:image:height":816,"article:published_time":"2024-01-09T16:29:58+00:00","article:modified_time":"2025-06-22T06:38:38+00:00","twitter:card":"summary_large_image","twitter:title":"MI band 8 Pro - Rucas - Wholesale and Distribution","twitter:description":"1. AMOLED full color screen Full-color square large screen, with the information display method closer to the mobile phone screen, text and icons have more free display space, clicking and sliding are more free and easy 2. Intelligent adjustment of screen brightness The built-in ambient light sensor eliminates the need for manual operation, and every time you lift your wrist, the light is just right. 3. Independent satellite positioning, record the movement track at any time Built-in independent GPS module, it can be used in conjunction with mobile phones or independently. It supports five satellite systems of Beidou, GPS, GLONASS, Galileo, and QZSS. It can accurately record every step, and every step is worth it. 4.5ATM waterproof It supports 50 meters of water resistance, and you can enjoy the water without taking it off for swimming in the pool. 5. The charging speed is greatly improved A 5-minute charge is enough for 8 hours of sleep tracking. Compared with Xiaomi Mi Band 6, the charging speed is increased by about 40%.","twitter:image":"https:\/\/www.rucashk.com\/wp-content\/uploads\/replace\/503b8e645f128a97ccde2b6290747646.jpeg","schema":{"@context":"https:\/\/schema.org","@graph":[{"@type":"BreadcrumbList","@id":"https:\/\/www.rucashk.com\/pt\/produto\/mi-band-8-pro\/#breadcrumblist","itemListElement":[{"@type":"ListItem","@id":"https:\/\/www.rucashk.com\/pt\/#listItem","position":1,"name":"Home","item":"https:\/\/www.rucashk.com\/pt\/","nextItem":"https:\/\/www.rucashk.com\/pt\/produto\/mi-band-8-pro\/#listItem"},{"@type":"ListItem","@id":"https:\/\/www.rucashk.com\/pt\/produto\/mi-band-8-pro\/#listItem","position":2,"name":"MI band 8 Pro","previousItem":"https:\/\/www.rucashk.com\/pt\/#listItem"}]},{"@type":"Organization","@id":"https:\/\/www.rucashk.com\/pt\/#organization","name":"Rucas","url":"https:\/\/www.rucashk.com\/pt\/","logo":{"@type":"ImageObject","url":"https:\/\/www.rucashk.com\/wp-content\/uploads\/2023\/12\/Rucas_campany_logo.png","@id":"https:\/\/www.rucashk.com\/pt\/produto\/mi-band-8-pro\/#organizationLogo","width":221,"height":65},"image":{"@id":"https:\/\/www.rucashk.com\/pt\/#organizationLogo"}},{"@type":"Person","@id":"https:\/\/www.rucashk.com\/pt\/author\/admin\/#author","url":"https:\/\/www.rucashk.com\/pt\/author\/admin\/","name":"admin","image":{"@type":"ImageObject","@id":"https:\/\/www.rucashk.com\/pt\/produto\/mi-band-8-pro\/#authorImage","url":"https:\/\/secure.gravatar.com\/avatar\/b7c8925b09a27e72b30232f8ecaadbd5af0f70a38c78096863fe51b64f031c24?s=96&d=mm&r=g","width":96,"height":96,"caption":"admin"}},{"@type":"WebPage","@id":"https:\/\/www.rucashk.com\/pt\/produto\/mi-band-8-pro\/#webpage","url":"https:\/\/www.rucashk.com\/pt\/produto\/mi-band-8-pro\/","name":"MI band 8 Pro - Rucas - Wholesale and Distribution","description":"1. AMOLED full color screen Full-color square large screen, with the information display method closer to the mobile phone screen, text and icons have more free display space, clicking and sliding are more free and easy 2. Intelligent adjustment of screen brightness The built-in ambient light sensor eliminates the need for manual operation, and every time you lift your wrist, the light is just right. 3. Independent satellite positioning, record the movement track at any time Built-in independent GPS module, it can be used in conjunction with mobile phones or independently. It supports five satellite systems of Beidou, GPS, GLONASS, Galileo, and QZSS. It can accurately record every step, and every step is worth it. 4.5ATM waterproof It supports 50 meters of water resistance, and you can enjoy the water without taking it off for swimming in the pool. 5. The charging speed is greatly improved A 5-minute charge is enough for 8 hours of sleep tracking. Compared with Xiaomi Mi Band 6, the charging speed is increased by about 40%.","inLanguage":"pt-PT","isPartOf":{"@id":"https:\/\/www.rucashk.com\/pt\/#website"},"breadcrumb":{"@id":"https:\/\/www.rucashk.com\/pt\/produto\/mi-band-8-pro\/#breadcrumblist"},"author":{"@id":"https:\/\/www.rucashk.com\/pt\/author\/admin\/#author"},"creator":{"@id":"https:\/\/www.rucashk.com\/pt\/author\/admin\/#author"},"image":{"@type":"ImageObject","url":"https:\/\/www.rucashk.com\/wp-content\/uploads\/2024\/01\/13-1-1.webp","@id":"https:\/\/www.rucashk.com\/pt\/produto\/mi-band-8-pro\/#mainImage","width":220,"height":220},"primaryImageOfPage":{"@id":"https:\/\/www.rucashk.com\/pt\/produto\/mi-band-8-pro\/#mainImage"},"datePublished":"2024-01-09T16:29:58+00:00","dateModified":"2025-06-22T06:38:38+00:00"},{"@type":"WebSite","@id":"https:\/\/www.rucashk.com\/pt\/#website","url":"https:\/\/www.rucashk.com\/pt\/","name":"Rucas - Wholesale and distribution worldwide","alternateName":"Rucas - One-stop AIoT Distribution Worldwide","description":"One-stop AIoT Distribution Worldwide","inLanguage":"pt-PT","publisher":{"@id":"https:\/\/www.rucashk.com\/pt\/#organization"}}]}},"aioseo_meta_data":{"post_id":"26509","title":null,"description":null,"keywords":null,"keyphrases":null,"primary_term":null,"canonical_url":null,"og_title":null,"og_description":null,"og_object_type":"default","og_image_type":"default","og_image_url":null,"og_image_width":null,"og_image_height":null,"og_image_custom_url":null,"og_image_custom_fields":null,"og_video":null,"og_custom_url":null,"og_article_section":null,"og_article_tags":null,"twitter_use_og":false,"twitter_card":"default","twitter_image_type":"default","twitter_image_url":null,"twitter_image_custom_url":null,"twitter_image_custom_fields":null,"twitter_title":null,"twitter_description":null,"schema":{"blockGraphs":[],"customGraphs":[],"default":{"data":{"Article":[],"Course":[],"Dataset":[],"FAQPage":[],"Movie":[],"Person":[],"Product":[],"Recipe":[],"Service":[],"SoftwareApplication":[],"WebPage":[]},"graphName":"","isEnabled":true},"graphs":[]},"schema_type":"default","schema_type_options":null,"pillar_content":false,"robots_default":true,"robots_noindex":false,"robots_noarchive":false,"robots_nosnippet":false,"robots_nofollow":false,"robots_noimageindex":false,"robots_noodp":false,"robots_notranslate":false,"robots_max_snippet":null,"robots_max_videopreview":null,"robots_max_imagepreview":"large","priority":null,"frequency":null,"local_seo":null,"breadcrumb_settings":null,"limit_modified_date":false,"created":"2024-04-11 01:57:20","updated":"2025-06-22 18:20:57"},"aioseo_breadcrumb":"<div class=\"aioseo-breadcrumbs\"><span class=\"aioseo-breadcrumb\">\n\t<a href=\"https:\/\/www.rucashk.com\/pt\" title=\"Home\">Home<\/a>\n<\/span><span class=\"aioseo-breadcrumb-separator\">&raquo;<\/span><span class=\"aioseo-breadcrumb\">\n\t<a href=\"https:\/\/www.rucashk.com\/pt\/products\/\" title=\"Produtos\">Produtos<\/a>\n<\/span><span class=\"aioseo-breadcrumb-separator\">&raquo;<\/span><span class=\"aioseo-breadcrumb\">\n\t<a href=\"https:\/\/www.rucashk.com\/pt\/marca\/xiaomi\/\" title=\"Xiaomi\">Xiaomi<\/a>\n<\/span><span class=\"aioseo-breadcrumb-separator\">&raquo;<\/span><span class=\"aioseo-breadcrumb\">\n\tMI band 8 Pro\n<\/span><\/div>","aioseo_breadcrumb_json":[{"label":"Home","link":"https:\/\/www.rucashk.com\/pt"},{"label":"Produtos","link":"https:\/\/www.rucashk.com\/pt\/products\/"},{"label":"Xiaomi","link":"https:\/\/www.rucashk.com\/pt\/marca\/xiaomi\/"},{"label":"MI band 8 Pro","link":"https:\/\/www.rucashk.com\/pt\/produto\/mi-band-8-pro\/"}],"_links":{"self":[{"href":"https:\/\/www.rucashk.com\/pt\/wp-json\/wp\/v2\/product\/26509","targetHints":{"allow":["GET"]}}],"collection":[{"href":"https:\/\/www.rucashk.com\/pt\/wp-json\/wp\/v2\/product"}],"about":[{"href":"https:\/\/www.rucashk.com\/pt\/wp-json\/wp\/v2\/types\/product"}],"wp:featuredmedia":[{"embeddable":true,"href":"https:\/\/www.rucashk.com\/pt\/wp-json\/wp\/v2\/media\/26633"}],"wp:attachment":[{"href":"https:\/\/www.rucashk.com\/pt\/wp-json\/wp\/v2\/media?parent=26509"}],"wp:term":[{"taxonomy":"product_brand","embeddable":true,"href":"https:\/\/www.rucashk.com\/pt\/wp-json\/wp\/v2\/product_brand?post=26509"},{"taxonomy":"product_cat","embeddable":true,"href":"https:\/\/www.rucashk.com\/pt\/wp-json\/wp\/v2\/product_cat?post=26509"},{"taxonomy":"product_tag","embeddable":true,"href":"https:\/\/www.rucashk.com\/pt\/wp-json\/wp\/v2\/product_tag?post=26509"}],"curies":[{"name":"wp","href":"https:\/\/api.w.org\/{rel}","templated":true}]}}