{"id":26507,"date":"2024-01-09T16:29:58","date_gmt":"2024-01-09T16:29:58","guid":{"rendered":"http:\/\/rucashk.com\/?post_type=product&#038;p=26507"},"modified":"2024-01-16T09:41:44","modified_gmt":"2024-01-16T09:41:44","slug":"ps5-console","status":"publish","type":"product","link":"https:\/\/www.rucashk.com\/pt\/produto\/ps5-console\/","title":{"rendered":"Consola Sony PlayStation5"},"content":{"rendered":"<p><img decoding=\"async\" alt=\"PS5 Console\" class=\"detail-desc-decorate-image\" src=\"\/wp-content\/uploads\/replace\/464049c12e2ae57b2136a8bcd915df8a.jpeg\" data-spm-anchor-id=\"a2g0o.detail.1000023.i0.3baabxEpbxEpXd\" \/><img decoding=\"async\" alt=\"PS5 Console\" class=\"detail-desc-decorate-image\" src=\"\/wp-content\/uploads\/replace\/bcde62ad5e5556a2de871d897d0239aa.jpeg\" \/><\/p>\n<ul class=\"a-unordered-list a-vertical a-spacing-mini\">\n<li class=\"a-spacing-mini\"><span class=\"a-list-item\">N\u00famero do modelo CFI-1215A01X.PS5 Digital Edition \u00e9 uma vers\u00e3o totalmente digital do console PS5 sem unidade de disco.<\/span><\/li>\n<li class=\"a-spacing-mini\"><span class=\"a-list-item\">Jogos impressionantes \u2013 Maravilhe-se com gr\u00e1ficos incr\u00edveis e experimente os novos recursos do PS5.<\/span><\/li>\n<li class=\"a-spacing-mini\"><span class=\"a-list-item\">Imers\u00e3o de tirar o f\u00f4lego \u2013 Descubra uma experi\u00eancia de jogo mais profunda com suporte para feedback t\u00e1til, gatilhos adaptativos e tecnologia de \u00e1udio 3D.<\/span><\/li>\n<li class=\"a-spacing-mini\"><span class=\"a-list-item\">Velocidade rel\u00e2mpago \u2013 Aproveite o poder de uma CPU, GPU e SSD personalizados com E\/S integrada que reescreve as regras do que um console PlayStation pode fazer.<\/span><\/li>\n<\/ul>","protected":false},"excerpt":{"rendered":"<ul class=\"a-unordered-list a-vertical a-spacing-mini\">\n<li class=\"a-spacing-mini\"><span class=\"a-list-item\">N\u00famero do modelo CFI-1215A01X.PS5 Digital Edition \u00e9 uma vers\u00e3o totalmente digital do console PS5 sem unidade de disco.<\/span><\/li>\n<li class=\"a-spacing-mini\"><span class=\"a-list-item\">Jogos impressionantes \u2013 Maravilhe-se com gr\u00e1ficos incr\u00edveis e experimente os novos recursos do PS5.<\/span><\/li>\n<li class=\"a-spacing-mini\"><span class=\"a-list-item\">Imers\u00e3o de tirar o f\u00f4lego \u2013 Descubra uma experi\u00eancia de jogo mais profunda com suporte para feedback t\u00e1til, gatilhos adaptativos e tecnologia de \u00e1udio 3D.<\/span><\/li>\n<li class=\"a-spacing-mini\"><span class=\"a-list-item\">Velocidade rel\u00e2mpago \u2013 Aproveite o poder de uma CPU, GPU e SSD personalizados com E\/S integrada que reescreve as regras do que um console PlayStation pode fazer.<\/span><\/li>\n<\/ul>","protected":false},"featured_media":26626,"template":"","meta":[],"product_brand":[],"product_cat":[1287],"product_tag":[],"class_list":{"0":"post-26507","1":"product","2":"type-product","3":"status-publish","4":"has-post-thumbnail","6":"product_cat-sony-playstation","8":"first","9":"instock","10":"shipping-taxable","11":"product-type-simple"},"aioseo_notices":[],"aioseo_head":"\n\t\t<!-- All in One SEO Pro 4.5.9.2 - aioseo.com -->\n\t\t<meta name=\"description\" content=\"Model Number CFI-1215A01X.PS5 Digital Edition is an all-digital version of the PS5 console with no disc drive. Stunning Games - Marvel at incredible graphics and experience new PS5 features. Breathtaking Immersion - Discover a deeper gaming experience with support for haptic feedback, adaptive triggers, and 3D Audio technology. Lightning Speed - Harness the power of a custom CPU, GPU, and SSD with Integrated I\/O that rewrite the rules of what a PlayStation console can do.\" \/>\n\t\t<meta name=\"robots\" content=\"max-image-preview:large\" \/>\n\t\t<link rel=\"canonical\" href=\"https:\/\/www.rucashk.com\/pt\/produto\/ps5-console\/\" \/>\n\t\t<meta name=\"generator\" content=\"All in One SEO Pro (AIOSEO) 4.5.9.2\" \/>\n\t\t<meta property=\"og:locale\" content=\"pt_PT\" \/>\n\t\t<meta property=\"og:site_name\" content=\"Rucas - One-stop AIoT Distribution Worldwide\" \/>\n\t\t<meta property=\"og:type\" content=\"article\" \/>\n\t\t<meta property=\"og:title\" content=\"Sony PlayStation5 Console - Rucas - Wholesale and Distribution\" \/>\n\t\t<meta property=\"og:description\" content=\"Model Number CFI-1215A01X.PS5 Digital Edition is an all-digital version of the PS5 console with no disc drive. Stunning Games - Marvel at incredible graphics and experience new PS5 features. Breathtaking Immersion - Discover a deeper gaming experience with support for haptic feedback, adaptive triggers, and 3D Audio technology. Lightning Speed - Harness the power of a custom CPU, GPU, and SSD with Integrated I\/O that rewrite the rules of what a PlayStation console can do.\" \/>\n\t\t<meta property=\"og:url\" content=\"https:\/\/www.rucashk.com\/pt\/produto\/ps5-console\/\" \/>\n\t\t<meta property=\"og:image\" content=\"https:\/\/www.rucashk.com\/wp-content\/uploads\/replace\/503b8e645f128a97ccde2b6290747646.jpeg\" \/>\n\t\t<meta property=\"og:image:secure_url\" content=\"https:\/\/www.rucashk.com\/wp-content\/uploads\/replace\/503b8e645f128a97ccde2b6290747646.jpeg\" \/>\n\t\t<meta property=\"og:image:width\" content=\"1456\" \/>\n\t\t<meta property=\"og:image:height\" content=\"816\" \/>\n\t\t<meta property=\"article:published_time\" content=\"2024-01-09T16:29:58+00:00\" \/>\n\t\t<meta property=\"article:modified_time\" content=\"2024-01-16T09:41:44+00:00\" \/>\n\t\t<meta name=\"twitter:card\" content=\"summary_large_image\" \/>\n\t\t<meta name=\"twitter:title\" content=\"Sony PlayStation5 Console - Rucas - Wholesale and Distribution\" \/>\n\t\t<meta name=\"twitter:description\" content=\"Model Number CFI-1215A01X.PS5 Digital Edition is an all-digital version of the PS5 console with no disc drive. Stunning Games - Marvel at incredible graphics and experience new PS5 features. Breathtaking Immersion - Discover a deeper gaming experience with support for haptic feedback, adaptive triggers, and 3D Audio technology. Lightning Speed - Harness the power of a custom CPU, GPU, and SSD with Integrated I\/O that rewrite the rules of what a PlayStation console can do.\" \/>\n\t\t<meta name=\"twitter:image\" content=\"https:\/\/www.rucashk.com\/wp-content\/uploads\/replace\/503b8e645f128a97ccde2b6290747646.jpeg\" \/>\n\t\t<script type=\"application\/ld+json\" class=\"aioseo-schema\">\n\t\t\t{\"@context\":\"https:\\\/\\\/schema.org\",\"@graph\":[{\"@type\":\"BreadcrumbList\",\"@id\":\"https:\\\/\\\/www.rucashk.com\\\/pt\\\/produto\\\/ps5-console\\\/#breadcrumblist\",\"itemListElement\":[{\"@type\":\"ListItem\",\"@id\":\"https:\\\/\\\/www.rucashk.com\\\/pt\\\/#listItem\",\"position\":1,\"name\":\"Home\",\"item\":\"https:\\\/\\\/www.rucashk.com\\\/pt\\\/\",\"nextItem\":\"https:\\\/\\\/www.rucashk.com\\\/pt\\\/produto\\\/ps5-console\\\/#listItem\"},{\"@type\":\"ListItem\",\"@id\":\"https:\\\/\\\/www.rucashk.com\\\/pt\\\/produto\\\/ps5-console\\\/#listItem\",\"position\":2,\"name\":\"Sony PlayStation5 Console\",\"previousItem\":\"https:\\\/\\\/www.rucashk.com\\\/pt\\\/#listItem\"}]},{\"@type\":\"Organization\",\"@id\":\"https:\\\/\\\/www.rucashk.com\\\/pt\\\/#organization\",\"name\":\"Rucas\",\"url\":\"https:\\\/\\\/www.rucashk.com\\\/pt\\\/\",\"logo\":{\"@type\":\"ImageObject\",\"url\":\"https:\\\/\\\/www.rucashk.com\\\/wp-content\\\/uploads\\\/2023\\\/12\\\/Rucas_campany_logo.png\",\"@id\":\"https:\\\/\\\/www.rucashk.com\\\/pt\\\/produto\\\/ps5-console\\\/#organizationLogo\",\"width\":221,\"height\":65},\"image\":{\"@id\":\"https:\\\/\\\/www.rucashk.com\\\/pt\\\/#organizationLogo\"}},{\"@type\":\"Person\",\"@id\":\"https:\\\/\\\/www.rucashk.com\\\/pt\\\/author\\\/admin\\\/#author\",\"url\":\"https:\\\/\\\/www.rucashk.com\\\/pt\\\/author\\\/admin\\\/\",\"name\":\"admin\",\"image\":{\"@type\":\"ImageObject\",\"@id\":\"https:\\\/\\\/www.rucashk.com\\\/pt\\\/produto\\\/ps5-console\\\/#authorImage\",\"url\":\"https:\\\/\\\/secure.gravatar.com\\\/avatar\\\/b7c8925b09a27e72b30232f8ecaadbd5af0f70a38c78096863fe51b64f031c24?s=96&d=mm&r=g\",\"width\":96,\"height\":96,\"caption\":\"admin\"}},{\"@type\":\"WebPage\",\"@id\":\"https:\\\/\\\/www.rucashk.com\\\/pt\\\/produto\\\/ps5-console\\\/#webpage\",\"url\":\"https:\\\/\\\/www.rucashk.com\\\/pt\\\/produto\\\/ps5-console\\\/\",\"name\":\"Sony PlayStation5 Console - Rucas - Wholesale and Distribution\",\"description\":\"Model Number CFI-1215A01X.PS5 Digital Edition is an all-digital version of the PS5 console with no disc drive. Stunning Games - Marvel at incredible graphics and experience new PS5 features. Breathtaking Immersion - Discover a deeper gaming experience with support for haptic feedback, adaptive triggers, and 3D Audio technology. Lightning Speed - Harness the power of a custom CPU, GPU, and SSD with Integrated I\\\/O that rewrite the rules of what a PlayStation console can do.\",\"inLanguage\":\"pt-PT\",\"isPartOf\":{\"@id\":\"https:\\\/\\\/www.rucashk.com\\\/pt\\\/#website\"},\"breadcrumb\":{\"@id\":\"https:\\\/\\\/www.rucashk.com\\\/pt\\\/produto\\\/ps5-console\\\/#breadcrumblist\"},\"author\":{\"@id\":\"https:\\\/\\\/www.rucashk.com\\\/pt\\\/author\\\/admin\\\/#author\"},\"creator\":{\"@id\":\"https:\\\/\\\/www.rucashk.com\\\/pt\\\/author\\\/admin\\\/#author\"},\"image\":{\"@type\":\"ImageObject\",\"url\":\"https:\\\/\\\/www.rucashk.com\\\/wp-content\\\/uploads\\\/2024\\\/01\\\/10001-20.jpg\",\"@id\":\"https:\\\/\\\/www.rucashk.com\\\/pt\\\/produto\\\/ps5-console\\\/#mainImage\",\"width\":450,\"height\":450},\"primaryImageOfPage\":{\"@id\":\"https:\\\/\\\/www.rucashk.com\\\/pt\\\/produto\\\/ps5-console\\\/#mainImage\"},\"datePublished\":\"2024-01-09T16:29:58+00:00\",\"dateModified\":\"2024-01-16T09:41:44+00:00\"},{\"@type\":\"WebSite\",\"@id\":\"https:\\\/\\\/www.rucashk.com\\\/pt\\\/#website\",\"url\":\"https:\\\/\\\/www.rucashk.com\\\/pt\\\/\",\"name\":\"Rucas - Wholesale and distribution worldwide\",\"alternateName\":\"Rucas - One-stop AIoT Distribution Worldwide\",\"description\":\"One-stop AIoT Distribution Worldwide\",\"inLanguage\":\"pt-PT\",\"publisher\":{\"@id\":\"https:\\\/\\\/www.rucashk.com\\\/pt\\\/#organization\"}}]}\n\t\t<\/script>\n\t\t<!-- All in One SEO Pro -->\r\n\t\t<title>Sony PlayStation5 Console - Rucas - Wholesale and Distribution<\/title>\n\n","aioseo_head_json":{"title":"Sony PlayStation5 Console - Rucas - Wholesale and Distribution","description":"Model Number CFI-1215A01X.PS5 Digital Edition is an all-digital version of the PS5 console with no disc drive. Stunning Games - Marvel at incredible graphics and experience new PS5 features. Breathtaking Immersion - Discover a deeper gaming experience with support for haptic feedback, adaptive triggers, and 3D Audio technology. Lightning Speed - Harness the power of a custom CPU, GPU, and SSD with Integrated I\/O that rewrite the rules of what a PlayStation console can do.","canonical_url":"https:\/\/www.rucashk.com\/pt\/produto\/ps5-console\/","robots":"max-image-preview:large","keywords":"","webmasterTools":{"miscellaneous":""},"og:locale":"pt_PT","og:site_name":"Rucas - One-stop AIoT Distribution Worldwide","og:type":"article","og:title":"Sony PlayStation5 Console - Rucas - Wholesale and Distribution","og:description":"Model Number CFI-1215A01X.PS5 Digital Edition is an all-digital version of the PS5 console with no disc drive. Stunning Games - Marvel at incredible graphics and experience new PS5 features. Breathtaking Immersion - Discover a deeper gaming experience with support for haptic feedback, adaptive triggers, and 3D Audio technology. Lightning Speed - Harness the power of a custom CPU, GPU, and SSD with Integrated I\/O that rewrite the rules of what a PlayStation console can do.","og:url":"https:\/\/www.rucashk.com\/pt\/produto\/ps5-console\/","og:image":"https:\/\/www.rucashk.com\/wp-content\/uploads\/replace\/503b8e645f128a97ccde2b6290747646.jpeg","og:image:secure_url":"https:\/\/www.rucashk.com\/wp-content\/uploads\/replace\/503b8e645f128a97ccde2b6290747646.jpeg","og:image:width":1456,"og:image:height":816,"article:published_time":"2024-01-09T16:29:58+00:00","article:modified_time":"2024-01-16T09:41:44+00:00","twitter:card":"summary_large_image","twitter:title":"Sony PlayStation5 Console - Rucas - Wholesale and Distribution","twitter:description":"Model Number CFI-1215A01X.PS5 Digital Edition is an all-digital version of the PS5 console with no disc drive. Stunning Games - Marvel at incredible graphics and experience new PS5 features. Breathtaking Immersion - Discover a deeper gaming experience with support for haptic feedback, adaptive triggers, and 3D Audio technology. Lightning Speed - Harness the power of a custom CPU, GPU, and SSD with Integrated I\/O that rewrite the rules of what a PlayStation console can do.","twitter:image":"https:\/\/www.rucashk.com\/wp-content\/uploads\/replace\/503b8e645f128a97ccde2b6290747646.jpeg","schema":{"@context":"https:\/\/schema.org","@graph":[{"@type":"BreadcrumbList","@id":"https:\/\/www.rucashk.com\/pt\/produto\/ps5-console\/#breadcrumblist","itemListElement":[{"@type":"ListItem","@id":"https:\/\/www.rucashk.com\/pt\/#listItem","position":1,"name":"Home","item":"https:\/\/www.rucashk.com\/pt\/","nextItem":"https:\/\/www.rucashk.com\/pt\/produto\/ps5-console\/#listItem"},{"@type":"ListItem","@id":"https:\/\/www.rucashk.com\/pt\/produto\/ps5-console\/#listItem","position":2,"name":"Sony PlayStation5 Console","previousItem":"https:\/\/www.rucashk.com\/pt\/#listItem"}]},{"@type":"Organization","@id":"https:\/\/www.rucashk.com\/pt\/#organization","name":"Rucas","url":"https:\/\/www.rucashk.com\/pt\/","logo":{"@type":"ImageObject","url":"https:\/\/www.rucashk.com\/wp-content\/uploads\/2023\/12\/Rucas_campany_logo.png","@id":"https:\/\/www.rucashk.com\/pt\/produto\/ps5-console\/#organizationLogo","width":221,"height":65},"image":{"@id":"https:\/\/www.rucashk.com\/pt\/#organizationLogo"}},{"@type":"Person","@id":"https:\/\/www.rucashk.com\/pt\/author\/admin\/#author","url":"https:\/\/www.rucashk.com\/pt\/author\/admin\/","name":"admin","image":{"@type":"ImageObject","@id":"https:\/\/www.rucashk.com\/pt\/produto\/ps5-console\/#authorImage","url":"https:\/\/secure.gravatar.com\/avatar\/b7c8925b09a27e72b30232f8ecaadbd5af0f70a38c78096863fe51b64f031c24?s=96&d=mm&r=g","width":96,"height":96,"caption":"admin"}},{"@type":"WebPage","@id":"https:\/\/www.rucashk.com\/pt\/produto\/ps5-console\/#webpage","url":"https:\/\/www.rucashk.com\/pt\/produto\/ps5-console\/","name":"Sony PlayStation5 Console - Rucas - Wholesale and Distribution","description":"Model Number CFI-1215A01X.PS5 Digital Edition is an all-digital version of the PS5 console with no disc drive. Stunning Games - Marvel at incredible graphics and experience new PS5 features. Breathtaking Immersion - Discover a deeper gaming experience with support for haptic feedback, adaptive triggers, and 3D Audio technology. Lightning Speed - Harness the power of a custom CPU, GPU, and SSD with Integrated I\/O that rewrite the rules of what a PlayStation console can do.","inLanguage":"pt-PT","isPartOf":{"@id":"https:\/\/www.rucashk.com\/pt\/#website"},"breadcrumb":{"@id":"https:\/\/www.rucashk.com\/pt\/produto\/ps5-console\/#breadcrumblist"},"author":{"@id":"https:\/\/www.rucashk.com\/pt\/author\/admin\/#author"},"creator":{"@id":"https:\/\/www.rucashk.com\/pt\/author\/admin\/#author"},"image":{"@type":"ImageObject","url":"https:\/\/www.rucashk.com\/wp-content\/uploads\/2024\/01\/10001-20.jpg","@id":"https:\/\/www.rucashk.com\/pt\/produto\/ps5-console\/#mainImage","width":450,"height":450},"primaryImageOfPage":{"@id":"https:\/\/www.rucashk.com\/pt\/produto\/ps5-console\/#mainImage"},"datePublished":"2024-01-09T16:29:58+00:00","dateModified":"2024-01-16T09:41:44+00:00"},{"@type":"WebSite","@id":"https:\/\/www.rucashk.com\/pt\/#website","url":"https:\/\/www.rucashk.com\/pt\/","name":"Rucas - Wholesale and distribution worldwide","alternateName":"Rucas - One-stop AIoT Distribution Worldwide","description":"One-stop AIoT Distribution Worldwide","inLanguage":"pt-PT","publisher":{"@id":"https:\/\/www.rucashk.com\/pt\/#organization"}}]}},"aioseo_meta_data":{"post_id":"26507","title":null,"description":null,"keywords":null,"keyphrases":null,"primary_term":null,"canonical_url":null,"og_title":null,"og_description":null,"og_object_type":"default","og_image_type":"default","og_image_url":null,"og_image_width":null,"og_image_height":null,"og_image_custom_url":null,"og_image_custom_fields":null,"og_video":null,"og_custom_url":null,"og_article_section":null,"og_article_tags":null,"twitter_use_og":false,"twitter_card":"default","twitter_image_type":"default","twitter_image_url":null,"twitter_image_custom_url":null,"twitter_image_custom_fields":null,"twitter_title":null,"twitter_description":null,"schema":{"blockGraphs":[],"customGraphs":[],"default":{"data":{"Article":[],"Course":[],"Dataset":[],"FAQPage":[],"Movie":[],"Person":[],"Product":[],"Recipe":[],"Service":[],"SoftwareApplication":[],"WebPage":[]},"graphName":"","isEnabled":true},"graphs":[]},"schema_type":"default","schema_type_options":null,"pillar_content":false,"robots_default":true,"robots_noindex":false,"robots_noarchive":false,"robots_nosnippet":false,"robots_nofollow":false,"robots_noimageindex":false,"robots_noodp":false,"robots_notranslate":false,"robots_max_snippet":null,"robots_max_videopreview":null,"robots_max_imagepreview":"large","priority":null,"frequency":null,"local_seo":null,"breadcrumb_settings":null,"limit_modified_date":false,"created":"2024-04-11 01:57:20","updated":"2025-06-22 18:19:58"},"aioseo_breadcrumb":"<div class=\"aioseo-breadcrumbs\"><span class=\"aioseo-breadcrumb\">\n\t<a href=\"https:\/\/www.rucashk.com\/pt\" title=\"Home\">Home<\/a>\n<\/span><span class=\"aioseo-breadcrumb-separator\">&raquo;<\/span><span class=\"aioseo-breadcrumb\">\n\t<a href=\"https:\/\/www.rucashk.com\/pt\/products\/\" title=\"Produtos\">Produtos<\/a>\n<\/span><span class=\"aioseo-breadcrumb-separator\">&raquo;<\/span><span class=\"aioseo-breadcrumb\">\n\t<a href=\"https:\/\/www.rucashk.com\/pt\/categoria-produto\/sony-playstation\/\" title=\"Sony PlayStation\">Sony PlayStation<\/a>\n<\/span><span class=\"aioseo-breadcrumb-separator\">&raquo;<\/span><span class=\"aioseo-breadcrumb\">\n\tSony PlayStation5 Console\n<\/span><\/div>","aioseo_breadcrumb_json":[{"label":"Home","link":"https:\/\/www.rucashk.com\/pt"},{"label":"Produtos","link":"https:\/\/www.rucashk.com\/pt\/products\/"},{"label":"Sony PlayStation","link":"https:\/\/www.rucashk.com\/pt\/categoria-produto\/sony-playstation\/"},{"label":"Sony PlayStation5 Console","link":"https:\/\/www.rucashk.com\/pt\/produto\/ps5-console\/"}],"_links":{"self":[{"href":"https:\/\/www.rucashk.com\/pt\/wp-json\/wp\/v2\/product\/26507","targetHints":{"allow":["GET"]}}],"collection":[{"href":"https:\/\/www.rucashk.com\/pt\/wp-json\/wp\/v2\/product"}],"about":[{"href":"https:\/\/www.rucashk.com\/pt\/wp-json\/wp\/v2\/types\/product"}],"wp:featuredmedia":[{"embeddable":true,"href":"https:\/\/www.rucashk.com\/pt\/wp-json\/wp\/v2\/media\/26626"}],"wp:attachment":[{"href":"https:\/\/www.rucashk.com\/pt\/wp-json\/wp\/v2\/media?parent=26507"}],"wp:term":[{"taxonomy":"product_brand","embeddable":true,"href":"https:\/\/www.rucashk.com\/pt\/wp-json\/wp\/v2\/product_brand?post=26507"},{"taxonomy":"product_cat","embeddable":true,"href":"https:\/\/www.rucashk.com\/pt\/wp-json\/wp\/v2\/product_cat?post=26507"},{"taxonomy":"product_tag","embeddable":true,"href":"https:\/\/www.rucashk.com\/pt\/wp-json\/wp\/v2\/product_tag?post=26507"}],"curies":[{"name":"wp","href":"https:\/\/api.w.org\/{rel}","templated":true}]}}