{"id":26503,"date":"2024-01-09T16:29:57","date_gmt":"2024-01-09T16:29:57","guid":{"rendered":"http:\/\/rucashk.com\/?post_type=product&#038;p=26503"},"modified":"2024-01-22T03:44:05","modified_gmt":"2024-01-22T03:44:05","slug":"lenovo-lp40","status":"publish","type":"product","link":"https:\/\/www.rucashk.com\/pt\/produto\/lenovo-lp40\/","title":{"rendered":"Lenovo LP40"},"content":{"rendered":"<div>\n<div>\n<div><img decoding=\"async\" alt=\"Lenovo LP40\" class=\"detail-desc-decorate-image\" src=\"\/wp-content\/uploads\/replace\/fbae94308165d29be47c9baf0a649274.jpeg\" \/><img decoding=\"async\" alt=\"Lenovo LP40\" class=\"detail-desc-decorate-image\" src=\"\/wp-content\/uploads\/replace\/d69502a2fecff445c1356364c55d9c41.jpeg\" \/><img decoding=\"async\" alt=\"Lenovo LP40\" class=\"detail-desc-decorate-image\" src=\"\/wp-content\/uploads\/replace\/ea9a6e17ee0d98c40f06f22fec482021.jpeg\" \/><img decoding=\"async\" alt=\"Lenovo LP40\" class=\"detail-desc-decorate-image\" src=\"\/wp-content\/uploads\/replace\/2c32d5eba755b9508aa4cee5266092da.jpeg\" \/><img decoding=\"async\" alt=\"Lenovo LP40\" class=\"detail-desc-decorate-image\" src=\"\/wp-content\/uploads\/replace\/0ca5cd5033062df590b7701626a5906d.jpeg\" \/><img decoding=\"async\" alt=\"Lenovo LP40\" class=\"detail-desc-decorate-image\" src=\"\/wp-content\/uploads\/replace\/07807eaf71cd8138408c38cb94ce4251.jpeg\" \/><img decoding=\"async\" alt=\"Lenovo LP40\" class=\"detail-desc-decorate-image\" src=\"\/wp-content\/uploads\/replace\/107cff094af7e84e741037b3d44f18cb.jpeg\" \/><img decoding=\"async\" alt=\"Lenovo LP40\" class=\"detail-desc-decorate-image\" src=\"\/wp-content\/uploads\/replace\/a0e73267dda10be2e3029f44a5d09d30.jpeg\" \/><img decoding=\"async\" alt=\"Lenovo LP40\" class=\"detail-desc-decorate-image\" src=\"\/wp-content\/uploads\/replace\/e0d543bead215659d151eb82d70ec7b9.jpeg\" \/><\/div>\n<div><img decoding=\"async\" alt=\"Lenovo LP40\" class=\"detail-desc-decorate-image\" src=\"\/wp-content\/uploads\/replace\/a3f401ce637bfd3a53e88b0878a46f06.jpeg\" \/><img decoding=\"async\" alt=\"Lenovo LP40\" class=\"detail-desc-decorate-image\" src=\"\/wp-content\/uploads\/replace\/75f194ece68f8cbf576c7ed7234ccd92.jpeg\" \/><img decoding=\"async\" alt=\"Lenovo LP40\" class=\"detail-desc-decorate-image\" src=\"\/wp-content\/uploads\/replace\/2507f1870fc27edfc2554366d9de7166.jpeg\" \/><img decoding=\"async\" alt=\"Lenovo LP40\" class=\"detail-desc-decorate-image\" src=\"\/wp-content\/uploads\/replace\/4a098184c891c5d6c43d532a4598c2b1.jpeg\" \/><img decoding=\"async\" alt=\"Lenovo LP40\" class=\"detail-desc-decorate-image\" src=\"\/wp-content\/uploads\/replace\/3dfc31fbfa3f09e18f64b350e7ff3347.jpeg\" \/><img decoding=\"async\" alt=\"Lenovo LP40\" class=\"detail-desc-decorate-image\" src=\"\/wp-content\/uploads\/replace\/2c8a2066e4724b0193168e3329522bbf.jpeg\" \/><img decoding=\"async\" alt=\"Lenovo LP40\" class=\"detail-desc-decorate-image\" src=\"\/wp-content\/uploads\/replace\/af8e50de4ec146961dd947ae130220ab.jpeg\" \/><\/div>\n<div>1, Bluetooth V5.0, suporta a maioria dos dispositivos bluetooth e menor consumo de energia<br \/>\nO estojo de carregamento de 2.300mAh pode carregar totalmente 2 fones de ouvido cerca de 5 vezes, oferecer mais 24 horas de tempo de musci<br \/>\n3, com tecnologia \u00e0 prova d&#039;\u00e1gua, n\u00e3o h\u00e1 mais necessidade de se preocupar com \u00e1gua e suor<br \/>\nUnidades de acionamento duplo de 4, 13 mms, desfrute de som de m\u00fasica com graves profundos e fortes 9D<br \/>\n5, fun\u00e7\u00e3o de controle de toque popular, suporte para alternar m\u00fasicas, chamada telef\u00f4nica e assistente de voz de chamada.<\/div>\n<div><\/div>\n<\/div>\n<\/div>\n<div><\/div>","protected":false},"excerpt":{"rendered":"<p>1, Bluetooth V5.0, suporta a maioria dos dispositivos bluetooth e menor consumo de energia<br \/>\nO estojo de carregamento de 2.300mAh pode carregar totalmente 2 fones de ouvido cerca de 5 vezes, oferecer mais 24 horas de tempo de musci<br \/>\n3, com tecnologia \u00e0 prova d&#039;\u00e1gua, n\u00e3o h\u00e1 mais necessidade de se preocupar com \u00e1gua e suor<br \/>\nUnidades de acionamento duplo de 4, 13 mms, desfrute de som de m\u00fasica com graves profundos e fortes 9D<br \/>\n5, fun\u00e7\u00e3o de controle de toque popular, suporte para alternar m\u00fasicas, chamada telef\u00f4nica e assistente de voz de chamada.<\/p>","protected":false},"featured_media":26611,"template":"","meta":[],"product_brand":[],"product_cat":[1338,1322],"product_tag":[],"class_list":{"0":"post-26503","1":"product","2":"type-product","3":"status-publish","4":"has-post-thumbnail","6":"product_cat-lenovo-other-a-brands","7":"product_cat-other-a-brands","9":"first","10":"instock","11":"shipping-taxable","12":"product-type-simple"},"aioseo_notices":[],"aioseo_head":"\n\t\t<!-- All in One SEO Pro 4.5.9.2 - aioseo.com -->\n\t\t<meta name=\"description\" content=\"1, Bluetooth V5.0, support most of bluetooth devices and lower power consumption 2, 300mAh charging case can full charge 2 earphones around 5 times, offer more 24 Hours musci time 3, With waterproof technology, no need to worry about water and sweat anymore 4, 13mms dual drive units, enjoy 9D strong deep bass music sound 5, Popular touch control function, support switch songs, phone call and call voice assiatant.\" \/>\n\t\t<meta name=\"robots\" content=\"max-image-preview:large\" \/>\n\t\t<link rel=\"canonical\" href=\"https:\/\/www.rucashk.com\/pt\/produto\/lenovo-lp40\/\" \/>\n\t\t<meta name=\"generator\" content=\"All in One SEO Pro (AIOSEO) 4.5.9.2\" \/>\n\t\t<meta property=\"og:locale\" content=\"pt_PT\" \/>\n\t\t<meta property=\"og:site_name\" content=\"Rucas - One-stop AIoT Distribution Worldwide\" \/>\n\t\t<meta property=\"og:type\" content=\"article\" \/>\n\t\t<meta property=\"og:title\" content=\"Lenovo LP40 - Rucas - Wholesale and Distribution\" \/>\n\t\t<meta property=\"og:description\" content=\"1, Bluetooth V5.0, support most of bluetooth devices and lower power consumption 2, 300mAh charging case can full charge 2 earphones around 5 times, offer more 24 Hours musci time 3, With waterproof technology, no need to worry about water and sweat anymore 4, 13mms dual drive units, enjoy 9D strong deep bass music sound 5, Popular touch control function, support switch songs, phone call and call voice assiatant.\" \/>\n\t\t<meta property=\"og:url\" content=\"https:\/\/www.rucashk.com\/pt\/produto\/lenovo-lp40\/\" \/>\n\t\t<meta property=\"og:image\" content=\"https:\/\/www.rucashk.com\/wp-content\/uploads\/replace\/503b8e645f128a97ccde2b6290747646.jpeg\" \/>\n\t\t<meta property=\"og:image:secure_url\" content=\"https:\/\/www.rucashk.com\/wp-content\/uploads\/replace\/503b8e645f128a97ccde2b6290747646.jpeg\" \/>\n\t\t<meta property=\"og:image:width\" content=\"1456\" \/>\n\t\t<meta property=\"og:image:height\" content=\"816\" \/>\n\t\t<meta property=\"article:published_time\" content=\"2024-01-09T16:29:57+00:00\" \/>\n\t\t<meta property=\"article:modified_time\" content=\"2024-01-22T03:44:05+00:00\" \/>\n\t\t<meta name=\"twitter:card\" content=\"summary_large_image\" \/>\n\t\t<meta name=\"twitter:title\" content=\"Lenovo LP40 - Rucas - Wholesale and Distribution\" \/>\n\t\t<meta name=\"twitter:description\" content=\"1, Bluetooth V5.0, support most of bluetooth devices and lower power consumption 2, 300mAh charging case can full charge 2 earphones around 5 times, offer more 24 Hours musci time 3, With waterproof technology, no need to worry about water and sweat anymore 4, 13mms dual drive units, enjoy 9D strong deep bass music sound 5, Popular touch control function, support switch songs, phone call and call voice assiatant.\" \/>\n\t\t<meta name=\"twitter:image\" content=\"https:\/\/www.rucashk.com\/wp-content\/uploads\/replace\/503b8e645f128a97ccde2b6290747646.jpeg\" \/>\n\t\t<script type=\"application\/ld+json\" class=\"aioseo-schema\">\n\t\t\t{\"@context\":\"https:\\\/\\\/schema.org\",\"@graph\":[{\"@type\":\"BreadcrumbList\",\"@id\":\"https:\\\/\\\/www.rucashk.com\\\/pt\\\/produto\\\/lenovo-lp40\\\/#breadcrumblist\",\"itemListElement\":[{\"@type\":\"ListItem\",\"@id\":\"https:\\\/\\\/www.rucashk.com\\\/pt\\\/#listItem\",\"position\":1,\"name\":\"Home\",\"item\":\"https:\\\/\\\/www.rucashk.com\\\/pt\\\/\",\"nextItem\":\"https:\\\/\\\/www.rucashk.com\\\/pt\\\/produto\\\/lenovo-lp40\\\/#listItem\"},{\"@type\":\"ListItem\",\"@id\":\"https:\\\/\\\/www.rucashk.com\\\/pt\\\/produto\\\/lenovo-lp40\\\/#listItem\",\"position\":2,\"name\":\"Lenovo LP40\",\"previousItem\":\"https:\\\/\\\/www.rucashk.com\\\/pt\\\/#listItem\"}]},{\"@type\":\"Organization\",\"@id\":\"https:\\\/\\\/www.rucashk.com\\\/pt\\\/#organization\",\"name\":\"Rucas\",\"url\":\"https:\\\/\\\/www.rucashk.com\\\/pt\\\/\",\"logo\":{\"@type\":\"ImageObject\",\"url\":\"https:\\\/\\\/www.rucashk.com\\\/wp-content\\\/uploads\\\/2023\\\/12\\\/Rucas_campany_logo.png\",\"@id\":\"https:\\\/\\\/www.rucashk.com\\\/pt\\\/produto\\\/lenovo-lp40\\\/#organizationLogo\",\"width\":221,\"height\":65},\"image\":{\"@id\":\"https:\\\/\\\/www.rucashk.com\\\/pt\\\/#organizationLogo\"}},{\"@type\":\"Person\",\"@id\":\"https:\\\/\\\/www.rucashk.com\\\/pt\\\/author\\\/admin\\\/#author\",\"url\":\"https:\\\/\\\/www.rucashk.com\\\/pt\\\/author\\\/admin\\\/\",\"name\":\"admin\",\"image\":{\"@type\":\"ImageObject\",\"@id\":\"https:\\\/\\\/www.rucashk.com\\\/pt\\\/produto\\\/lenovo-lp40\\\/#authorImage\",\"url\":\"https:\\\/\\\/secure.gravatar.com\\\/avatar\\\/b7c8925b09a27e72b30232f8ecaadbd5af0f70a38c78096863fe51b64f031c24?s=96&d=mm&r=g\",\"width\":96,\"height\":96,\"caption\":\"admin\"}},{\"@type\":\"WebPage\",\"@id\":\"https:\\\/\\\/www.rucashk.com\\\/pt\\\/produto\\\/lenovo-lp40\\\/#webpage\",\"url\":\"https:\\\/\\\/www.rucashk.com\\\/pt\\\/produto\\\/lenovo-lp40\\\/\",\"name\":\"Lenovo LP40 - Rucas - Wholesale and Distribution\",\"description\":\"1, Bluetooth V5.0, support most of bluetooth devices and lower power consumption 2, 300mAh charging case can full charge 2 earphones around 5 times, offer more 24 Hours musci time 3, With waterproof technology, no need to worry about water and sweat anymore 4, 13mms dual drive units, enjoy 9D strong deep bass music sound 5, Popular touch control function, support switch songs, phone call and call voice assiatant.\",\"inLanguage\":\"pt-PT\",\"isPartOf\":{\"@id\":\"https:\\\/\\\/www.rucashk.com\\\/pt\\\/#website\"},\"breadcrumb\":{\"@id\":\"https:\\\/\\\/www.rucashk.com\\\/pt\\\/produto\\\/lenovo-lp40\\\/#breadcrumblist\"},\"author\":{\"@id\":\"https:\\\/\\\/www.rucashk.com\\\/pt\\\/author\\\/admin\\\/#author\"},\"creator\":{\"@id\":\"https:\\\/\\\/www.rucashk.com\\\/pt\\\/author\\\/admin\\\/#author\"},\"image\":{\"@type\":\"ImageObject\",\"url\":\"https:\\\/\\\/www.rucashk.com\\\/wp-content\\\/uploads\\\/2024\\\/01\\\/10-1-2.webp\",\"@id\":\"https:\\\/\\\/www.rucashk.com\\\/pt\\\/produto\\\/lenovo-lp40\\\/#mainImage\",\"width\":220,\"height\":220},\"primaryImageOfPage\":{\"@id\":\"https:\\\/\\\/www.rucashk.com\\\/pt\\\/produto\\\/lenovo-lp40\\\/#mainImage\"},\"datePublished\":\"2024-01-09T16:29:57+00:00\",\"dateModified\":\"2024-01-22T03:44:05+00:00\"},{\"@type\":\"WebSite\",\"@id\":\"https:\\\/\\\/www.rucashk.com\\\/pt\\\/#website\",\"url\":\"https:\\\/\\\/www.rucashk.com\\\/pt\\\/\",\"name\":\"Rucas - Wholesale and distribution worldwide\",\"alternateName\":\"Rucas - One-stop AIoT Distribution Worldwide\",\"description\":\"One-stop AIoT Distribution Worldwide\",\"inLanguage\":\"pt-PT\",\"publisher\":{\"@id\":\"https:\\\/\\\/www.rucashk.com\\\/pt\\\/#organization\"}}]}\n\t\t<\/script>\n\t\t<!-- All in One SEO Pro -->\r\n\t\t<title>Lenovo LP40 - Rucas - Wholesale and Distribution<\/title>\n\n","aioseo_head_json":{"title":"Lenovo LP40 - Rucas - Wholesale and Distribution","description":"1, Bluetooth V5.0, support most of bluetooth devices and lower power consumption 2, 300mAh charging case can full charge 2 earphones around 5 times, offer more 24 Hours musci time 3, With waterproof technology, no need to worry about water and sweat anymore 4, 13mms dual drive units, enjoy 9D strong deep bass music sound 5, Popular touch control function, support switch songs, phone call and call voice assiatant.","canonical_url":"https:\/\/www.rucashk.com\/pt\/produto\/lenovo-lp40\/","robots":"max-image-preview:large","keywords":"","webmasterTools":{"miscellaneous":""},"og:locale":"pt_PT","og:site_name":"Rucas - One-stop AIoT Distribution Worldwide","og:type":"article","og:title":"Lenovo LP40 - Rucas - Wholesale and Distribution","og:description":"1, Bluetooth V5.0, support most of bluetooth devices and lower power consumption 2, 300mAh charging case can full charge 2 earphones around 5 times, offer more 24 Hours musci time 3, With waterproof technology, no need to worry about water and sweat anymore 4, 13mms dual drive units, enjoy 9D strong deep bass music sound 5, Popular touch control function, support switch songs, phone call and call voice assiatant.","og:url":"https:\/\/www.rucashk.com\/pt\/produto\/lenovo-lp40\/","og:image":"https:\/\/www.rucashk.com\/wp-content\/uploads\/replace\/503b8e645f128a97ccde2b6290747646.jpeg","og:image:secure_url":"https:\/\/www.rucashk.com\/wp-content\/uploads\/replace\/503b8e645f128a97ccde2b6290747646.jpeg","og:image:width":1456,"og:image:height":816,"article:published_time":"2024-01-09T16:29:57+00:00","article:modified_time":"2024-01-22T03:44:05+00:00","twitter:card":"summary_large_image","twitter:title":"Lenovo LP40 - Rucas - Wholesale and Distribution","twitter:description":"1, Bluetooth V5.0, support most of bluetooth devices and lower power consumption 2, 300mAh charging case can full charge 2 earphones around 5 times, offer more 24 Hours musci time 3, With waterproof technology, no need to worry about water and sweat anymore 4, 13mms dual drive units, enjoy 9D strong deep bass music sound 5, Popular touch control function, support switch songs, phone call and call voice assiatant.","twitter:image":"https:\/\/www.rucashk.com\/wp-content\/uploads\/replace\/503b8e645f128a97ccde2b6290747646.jpeg","schema":{"@context":"https:\/\/schema.org","@graph":[{"@type":"BreadcrumbList","@id":"https:\/\/www.rucashk.com\/pt\/produto\/lenovo-lp40\/#breadcrumblist","itemListElement":[{"@type":"ListItem","@id":"https:\/\/www.rucashk.com\/pt\/#listItem","position":1,"name":"Home","item":"https:\/\/www.rucashk.com\/pt\/","nextItem":"https:\/\/www.rucashk.com\/pt\/produto\/lenovo-lp40\/#listItem"},{"@type":"ListItem","@id":"https:\/\/www.rucashk.com\/pt\/produto\/lenovo-lp40\/#listItem","position":2,"name":"Lenovo LP40","previousItem":"https:\/\/www.rucashk.com\/pt\/#listItem"}]},{"@type":"Organization","@id":"https:\/\/www.rucashk.com\/pt\/#organization","name":"Rucas","url":"https:\/\/www.rucashk.com\/pt\/","logo":{"@type":"ImageObject","url":"https:\/\/www.rucashk.com\/wp-content\/uploads\/2023\/12\/Rucas_campany_logo.png","@id":"https:\/\/www.rucashk.com\/pt\/produto\/lenovo-lp40\/#organizationLogo","width":221,"height":65},"image":{"@id":"https:\/\/www.rucashk.com\/pt\/#organizationLogo"}},{"@type":"Person","@id":"https:\/\/www.rucashk.com\/pt\/author\/admin\/#author","url":"https:\/\/www.rucashk.com\/pt\/author\/admin\/","name":"admin","image":{"@type":"ImageObject","@id":"https:\/\/www.rucashk.com\/pt\/produto\/lenovo-lp40\/#authorImage","url":"https:\/\/secure.gravatar.com\/avatar\/b7c8925b09a27e72b30232f8ecaadbd5af0f70a38c78096863fe51b64f031c24?s=96&d=mm&r=g","width":96,"height":96,"caption":"admin"}},{"@type":"WebPage","@id":"https:\/\/www.rucashk.com\/pt\/produto\/lenovo-lp40\/#webpage","url":"https:\/\/www.rucashk.com\/pt\/produto\/lenovo-lp40\/","name":"Lenovo LP40 - Rucas - Wholesale and Distribution","description":"1, Bluetooth V5.0, support most of bluetooth devices and lower power consumption 2, 300mAh charging case can full charge 2 earphones around 5 times, offer more 24 Hours musci time 3, With waterproof technology, no need to worry about water and sweat anymore 4, 13mms dual drive units, enjoy 9D strong deep bass music sound 5, Popular touch control function, support switch songs, phone call and call voice assiatant.","inLanguage":"pt-PT","isPartOf":{"@id":"https:\/\/www.rucashk.com\/pt\/#website"},"breadcrumb":{"@id":"https:\/\/www.rucashk.com\/pt\/produto\/lenovo-lp40\/#breadcrumblist"},"author":{"@id":"https:\/\/www.rucashk.com\/pt\/author\/admin\/#author"},"creator":{"@id":"https:\/\/www.rucashk.com\/pt\/author\/admin\/#author"},"image":{"@type":"ImageObject","url":"https:\/\/www.rucashk.com\/wp-content\/uploads\/2024\/01\/10-1-2.webp","@id":"https:\/\/www.rucashk.com\/pt\/produto\/lenovo-lp40\/#mainImage","width":220,"height":220},"primaryImageOfPage":{"@id":"https:\/\/www.rucashk.com\/pt\/produto\/lenovo-lp40\/#mainImage"},"datePublished":"2024-01-09T16:29:57+00:00","dateModified":"2024-01-22T03:44:05+00:00"},{"@type":"WebSite","@id":"https:\/\/www.rucashk.com\/pt\/#website","url":"https:\/\/www.rucashk.com\/pt\/","name":"Rucas - Wholesale and distribution worldwide","alternateName":"Rucas - One-stop AIoT Distribution Worldwide","description":"One-stop AIoT Distribution Worldwide","inLanguage":"pt-PT","publisher":{"@id":"https:\/\/www.rucashk.com\/pt\/#organization"}}]}},"aioseo_meta_data":{"post_id":"26503","title":null,"description":null,"keywords":null,"keyphrases":null,"primary_term":null,"canonical_url":null,"og_title":null,"og_description":null,"og_object_type":"default","og_image_type":"default","og_image_url":null,"og_image_width":null,"og_image_height":null,"og_image_custom_url":null,"og_image_custom_fields":null,"og_video":null,"og_custom_url":null,"og_article_section":null,"og_article_tags":null,"twitter_use_og":false,"twitter_card":"default","twitter_image_type":"default","twitter_image_url":null,"twitter_image_custom_url":null,"twitter_image_custom_fields":null,"twitter_title":null,"twitter_description":null,"schema":{"blockGraphs":[],"customGraphs":[],"default":{"data":{"Article":[],"Course":[],"Dataset":[],"FAQPage":[],"Movie":[],"Person":[],"Product":[],"Recipe":[],"Service":[],"SoftwareApplication":[],"WebPage":[]},"graphName":"","isEnabled":true},"graphs":[]},"schema_type":"default","schema_type_options":null,"pillar_content":false,"robots_default":true,"robots_noindex":false,"robots_noarchive":false,"robots_nosnippet":false,"robots_nofollow":false,"robots_noimageindex":false,"robots_noodp":false,"robots_notranslate":false,"robots_max_snippet":null,"robots_max_videopreview":null,"robots_max_imagepreview":"large","priority":null,"frequency":null,"local_seo":null,"breadcrumb_settings":null,"limit_modified_date":false,"created":"2024-04-11 01:57:20","updated":"2025-06-22 18:19:56"},"aioseo_breadcrumb":"<div class=\"aioseo-breadcrumbs\"><span class=\"aioseo-breadcrumb\">\n\t<a href=\"https:\/\/www.rucashk.com\/pt\" title=\"Home\">Home<\/a>\n<\/span><span class=\"aioseo-breadcrumb-separator\">&raquo;<\/span><span class=\"aioseo-breadcrumb\">\n\t<a href=\"https:\/\/www.rucashk.com\/pt\/products\/\" title=\"Produtos\">Produtos<\/a>\n<\/span><span class=\"aioseo-breadcrumb-separator\">&raquo;<\/span><span class=\"aioseo-breadcrumb\">\n\t<a href=\"https:\/\/www.rucashk.com\/pt\/categoria-produto\/other-a-brands\/\" title=\"Other A-Brands\">Other A-Brands<\/a>\n<\/span><span class=\"aioseo-breadcrumb-separator\">&raquo;<\/span><span class=\"aioseo-breadcrumb\">\n\t<a href=\"https:\/\/www.rucashk.com\/pt\/categoria-produto\/other-a-brands\/lenovo-other-a-brands\/\" title=\"Lenovo\">Lenovo<\/a>\n<\/span><span class=\"aioseo-breadcrumb-separator\">&raquo;<\/span><span class=\"aioseo-breadcrumb\">\n\tLenovo LP40\n<\/span><\/div>","aioseo_breadcrumb_json":[{"label":"Home","link":"https:\/\/www.rucashk.com\/pt"},{"label":"Produtos","link":"https:\/\/www.rucashk.com\/pt\/products\/"},{"label":"Other A-Brands","link":"https:\/\/www.rucashk.com\/pt\/categoria-produto\/other-a-brands\/"},{"label":"Lenovo","link":"https:\/\/www.rucashk.com\/pt\/categoria-produto\/other-a-brands\/lenovo-other-a-brands\/"},{"label":"Lenovo LP40","link":"https:\/\/www.rucashk.com\/pt\/produto\/lenovo-lp40\/"}],"_links":{"self":[{"href":"https:\/\/www.rucashk.com\/pt\/wp-json\/wp\/v2\/product\/26503","targetHints":{"allow":["GET"]}}],"collection":[{"href":"https:\/\/www.rucashk.com\/pt\/wp-json\/wp\/v2\/product"}],"about":[{"href":"https:\/\/www.rucashk.com\/pt\/wp-json\/wp\/v2\/types\/product"}],"wp:featuredmedia":[{"embeddable":true,"href":"https:\/\/www.rucashk.com\/pt\/wp-json\/wp\/v2\/media\/26611"}],"wp:attachment":[{"href":"https:\/\/www.rucashk.com\/pt\/wp-json\/wp\/v2\/media?parent=26503"}],"wp:term":[{"taxonomy":"product_brand","embeddable":true,"href":"https:\/\/www.rucashk.com\/pt\/wp-json\/wp\/v2\/product_brand?post=26503"},{"taxonomy":"product_cat","embeddable":true,"href":"https:\/\/www.rucashk.com\/pt\/wp-json\/wp\/v2\/product_cat?post=26503"},{"taxonomy":"product_tag","embeddable":true,"href":"https:\/\/www.rucashk.com\/pt\/wp-json\/wp\/v2\/product_tag?post=26503"}],"curies":[{"name":"wp","href":"https:\/\/api.w.org\/{rel}","templated":true}]}}