{"id":26502,"date":"2024-01-09T16:29:57","date_gmt":"2024-01-09T16:29:57","guid":{"rendered":"http:\/\/rucashk.com\/?post_type=product&#038;p=26502"},"modified":"2024-01-22T03:43:43","modified_gmt":"2024-01-22T03:43:43","slug":"lenovo-ht18","status":"publish","type":"product","link":"https:\/\/www.rucashk.com\/pt\/produto\/lenovo-ht18\/","title":{"rendered":"Lenovo HT18"},"content":{"rendered":"<p><img decoding=\"async\" alt=\"Lenovo HT18\" class=\"detail-desc-decorate-image\" src=\"\/wp-content\/uploads\/replace\/3e7279925bf43f1f00135bffb788506e.jpeg\" \/>\u00a0<img decoding=\"async\" alt=\"Lenovo HT18\" class=\"detail-desc-decorate-image\" src=\"\/wp-content\/uploads\/replace\/fbf5a578a0f00ae43a881ea04d085a2d.jpeg\" \/>\u00a0<img decoding=\"async\" alt=\"Lenovo HT18\" class=\"detail-desc-decorate-image\" src=\"\/wp-content\/uploads\/replace\/3f14d6c14c00610a5f0a0654bf026d37.jpeg\" \/>\u00a0<img decoding=\"async\" alt=\"Lenovo HT18\" class=\"detail-desc-decorate-image\" src=\"\/wp-content\/uploads\/replace\/0dcfe6877999b57b739dafbf075479e7.jpeg\" \/>\u00a0<img decoding=\"async\" alt=\"Lenovo HT18\" class=\"detail-desc-decorate-image\" src=\"\/wp-content\/uploads\/replace\/7643f56461e9e4a7ec5070df243eb5f9.jpeg\" \/>\u00a0<img decoding=\"async\" alt=\"Lenovo HT18\" class=\"detail-desc-decorate-image\" src=\"\/wp-content\/uploads\/replace\/622d2a875e95f5b4c602237adbdbbcb3.jpeg\" \/>\u00a0<img decoding=\"async\" alt=\"Lenovo HT18\" class=\"detail-desc-decorate-image\" src=\"\/wp-content\/uploads\/replace\/d468c5faed63d12fbbb288d530403697.jpeg\" \/>\u00a0<img decoding=\"async\" alt=\"Lenovo HT18\" class=\"detail-desc-decorate-image\" src=\"\/wp-content\/uploads\/replace\/943a3e6f5726529e2f815ffc19f46adc.jpeg\" \/><\/p>\n<div><img decoding=\"async\" alt=\"Lenovo HT18\" class=\"detail-desc-decorate-image\" src=\"\/wp-content\/uploads\/replace\/e153cd0462396aeaa41e2a3277498d36.jpeg\" \/>\u00a0<img decoding=\"async\" alt=\"Lenovo HT18\" class=\"detail-desc-decorate-image\" src=\"\/wp-content\/uploads\/replace\/1ce7ecd0a755c2e512a16bde6dbb1570.jpeg\" \/><\/div>\n<div>\n<ul class=\"a-unordered-list a-vertical a-spacing-mini\">\n<li class=\"a-spacing-mini\"><span class=\"a-list-item\">Design ergon\u00f4mico: Apresentando um verdadeiro design de orelha dupla sem fio com controle de toque, agora aproveite o controle de m\u00fasica\/chamada e assist\u00eancia de voz mais confort\u00e1vel sem sentir press\u00e3o em seus ouvidos<\/span><\/li>\n<li class=\"a-spacing-mini\"><span class=\"a-list-item\">Experi\u00eancia imersiva: unidades de driver superiores de 8 mm, microfone integrado de alta defini\u00e7\u00e3o e redu\u00e7\u00e3o de ru\u00eddo inteligente permitem que voc\u00ea experimente um prazer musical cristalino e sem dor<\/span><\/li>\n<li class=\"a-spacing-mini\"><span class=\"a-list-item\">Vida \u00fatil prolongada da bateria: desfrute de at\u00e9 50 horas de m\u00fasica premium com compartimento de carregamento e aproximadamente 120 horas em standby, gra\u00e7as \u00e0 enorme bateria de 1000 mAh<\/span><\/li>\n<li class=\"a-spacing-mini\"><span class=\"a-list-item\">Conectividade extremamente r\u00e1pida: Equipado com tecnologia de ponta, chip Bluetooth 5.0, garante conex\u00e3o incrivelmente est\u00e1vel, sem lat\u00eancia e r\u00e1pida para fones de ouvido<\/span><\/li>\n<\/ul>\n<\/div>","protected":false},"excerpt":{"rendered":"<ul class=\"a-unordered-list a-vertical a-spacing-mini\">\n<li class=\"a-spacing-mini\"><span class=\"a-list-item\">Design ergon\u00f4mico: Apresentando um verdadeiro design de orelha dupla sem fio com controle de toque, agora aproveite o controle de m\u00fasica\/chamada e assist\u00eancia de voz mais confort\u00e1vel sem sentir press\u00e3o em seus ouvidos<\/span><\/li>\n<li class=\"a-spacing-mini\"><span class=\"a-list-item\">Experi\u00eancia imersiva: unidades de driver superiores de 8 mm, microfone integrado de alta defini\u00e7\u00e3o e redu\u00e7\u00e3o de ru\u00eddo inteligente permitem que voc\u00ea experimente um prazer musical cristalino e sem dor<\/span><\/li>\n<li class=\"a-spacing-mini\"><span class=\"a-list-item\">Vida \u00fatil prolongada da bateria: desfrute de at\u00e9 50 horas de m\u00fasica premium com compartimento de carregamento e aproximadamente 120 horas em standby, gra\u00e7as \u00e0 enorme bateria de 1000 mAh<\/span><\/li>\n<li class=\"a-spacing-mini\"><span class=\"a-list-item\">Conectividade extremamente r\u00e1pida: Equipado com tecnologia de ponta, chip Bluetooth 5.0, garante conex\u00e3o incrivelmente est\u00e1vel, sem lat\u00eancia e r\u00e1pida para fones de ouvido<\/span><\/li>\n<\/ul>","protected":false},"featured_media":26607,"template":"","meta":[],"product_brand":[],"product_cat":[1338,1322],"product_tag":[],"class_list":{"0":"post-26502","1":"product","2":"type-product","3":"status-publish","4":"has-post-thumbnail","6":"product_cat-lenovo-other-a-brands","7":"product_cat-other-a-brands","9":"first","10":"instock","11":"shipping-taxable","12":"product-type-simple"},"aioseo_notices":[],"aioseo_head":"\n\t\t<!-- All in One SEO Pro 4.5.9.2 - aioseo.com -->\n\t\t<meta name=\"description\" content=\"Ergonomic Design: Featuring True Wireless Dual-Ear Design with Touch Control, Now enjoy the most comfortable Music\/Call and voice assistance control without experiencing pressure on your ears Immersive Experience: 8mm superior driver units, built-in high-definition microphone and intelligent noise reduction let you to experience crystal clear sore-free music pleasure Prolonged Battery Life: Enjoy up to 50 Hours Premium Music Time with Charging Bin and approximately 120 Hours Standby time, thanks to the massive 1000mAH battery Blazing fast connectivity: Equipped with the cutting-edge technology, Bluetooth 5.0 chip, guarantees incredibly stable, no latency and swift ear bud connection\" \/>\n\t\t<meta name=\"robots\" content=\"max-image-preview:large\" \/>\n\t\t<link rel=\"canonical\" href=\"https:\/\/www.rucashk.com\/pt\/produto\/lenovo-ht18\/\" \/>\n\t\t<meta name=\"generator\" content=\"All in One SEO Pro (AIOSEO) 4.5.9.2\" \/>\n\t\t<meta property=\"og:locale\" content=\"pt_PT\" \/>\n\t\t<meta property=\"og:site_name\" content=\"Rucas - One-stop AIoT Distribution Worldwide\" \/>\n\t\t<meta property=\"og:type\" content=\"article\" \/>\n\t\t<meta property=\"og:title\" content=\"Lenovo HT18 - Rucas - Wholesale and Distribution\" \/>\n\t\t<meta property=\"og:description\" content=\"Ergonomic Design: Featuring True Wireless Dual-Ear Design with Touch Control, Now enjoy the most comfortable Music\/Call and voice assistance control without experiencing pressure on your ears Immersive Experience: 8mm superior driver units, built-in high-definition microphone and intelligent noise reduction let you to experience crystal clear sore-free music pleasure Prolonged Battery Life: Enjoy up to 50 Hours Premium Music Time with Charging Bin and approximately 120 Hours Standby time, thanks to the massive 1000mAH battery Blazing fast connectivity: Equipped with the cutting-edge technology, Bluetooth 5.0 chip, guarantees incredibly stable, no latency and swift ear bud connection\" \/>\n\t\t<meta property=\"og:url\" content=\"https:\/\/www.rucashk.com\/pt\/produto\/lenovo-ht18\/\" \/>\n\t\t<meta property=\"og:image\" content=\"https:\/\/www.rucashk.com\/wp-content\/uploads\/replace\/503b8e645f128a97ccde2b6290747646.jpeg\" \/>\n\t\t<meta property=\"og:image:secure_url\" content=\"https:\/\/www.rucashk.com\/wp-content\/uploads\/replace\/503b8e645f128a97ccde2b6290747646.jpeg\" \/>\n\t\t<meta property=\"og:image:width\" content=\"1456\" \/>\n\t\t<meta property=\"og:image:height\" content=\"816\" \/>\n\t\t<meta property=\"article:published_time\" content=\"2024-01-09T16:29:57+00:00\" \/>\n\t\t<meta property=\"article:modified_time\" content=\"2024-01-22T03:43:43+00:00\" \/>\n\t\t<meta name=\"twitter:card\" content=\"summary_large_image\" \/>\n\t\t<meta name=\"twitter:title\" content=\"Lenovo HT18 - Rucas - Wholesale and Distribution\" \/>\n\t\t<meta name=\"twitter:description\" content=\"Ergonomic Design: Featuring True Wireless Dual-Ear Design with Touch Control, Now enjoy the most comfortable Music\/Call and voice assistance control without experiencing pressure on your ears Immersive Experience: 8mm superior driver units, built-in high-definition microphone and intelligent noise reduction let you to experience crystal clear sore-free music pleasure Prolonged Battery Life: Enjoy up to 50 Hours Premium Music Time with Charging Bin and approximately 120 Hours Standby time, thanks to the massive 1000mAH battery Blazing fast connectivity: Equipped with the cutting-edge technology, Bluetooth 5.0 chip, guarantees incredibly stable, no latency and swift ear bud connection\" \/>\n\t\t<meta name=\"twitter:image\" content=\"https:\/\/www.rucashk.com\/wp-content\/uploads\/replace\/503b8e645f128a97ccde2b6290747646.jpeg\" \/>\n\t\t<script type=\"application\/ld+json\" class=\"aioseo-schema\">\n\t\t\t{\"@context\":\"https:\\\/\\\/schema.org\",\"@graph\":[{\"@type\":\"BreadcrumbList\",\"@id\":\"https:\\\/\\\/www.rucashk.com\\\/pt\\\/produto\\\/lenovo-ht18\\\/#breadcrumblist\",\"itemListElement\":[{\"@type\":\"ListItem\",\"@id\":\"https:\\\/\\\/www.rucashk.com\\\/pt\\\/#listItem\",\"position\":1,\"name\":\"Home\",\"item\":\"https:\\\/\\\/www.rucashk.com\\\/pt\\\/\",\"nextItem\":\"https:\\\/\\\/www.rucashk.com\\\/pt\\\/produto\\\/lenovo-ht18\\\/#listItem\"},{\"@type\":\"ListItem\",\"@id\":\"https:\\\/\\\/www.rucashk.com\\\/pt\\\/produto\\\/lenovo-ht18\\\/#listItem\",\"position\":2,\"name\":\"Lenovo HT18\",\"previousItem\":\"https:\\\/\\\/www.rucashk.com\\\/pt\\\/#listItem\"}]},{\"@type\":\"Organization\",\"@id\":\"https:\\\/\\\/www.rucashk.com\\\/pt\\\/#organization\",\"name\":\"Rucas\",\"url\":\"https:\\\/\\\/www.rucashk.com\\\/pt\\\/\",\"logo\":{\"@type\":\"ImageObject\",\"url\":\"https:\\\/\\\/www.rucashk.com\\\/wp-content\\\/uploads\\\/2023\\\/12\\\/Rucas_campany_logo.png\",\"@id\":\"https:\\\/\\\/www.rucashk.com\\\/pt\\\/produto\\\/lenovo-ht18\\\/#organizationLogo\",\"width\":221,\"height\":65},\"image\":{\"@id\":\"https:\\\/\\\/www.rucashk.com\\\/pt\\\/#organizationLogo\"}},{\"@type\":\"Person\",\"@id\":\"https:\\\/\\\/www.rucashk.com\\\/pt\\\/author\\\/admin\\\/#author\",\"url\":\"https:\\\/\\\/www.rucashk.com\\\/pt\\\/author\\\/admin\\\/\",\"name\":\"admin\",\"image\":{\"@type\":\"ImageObject\",\"@id\":\"https:\\\/\\\/www.rucashk.com\\\/pt\\\/produto\\\/lenovo-ht18\\\/#authorImage\",\"url\":\"https:\\\/\\\/secure.gravatar.com\\\/avatar\\\/b7c8925b09a27e72b30232f8ecaadbd5af0f70a38c78096863fe51b64f031c24?s=96&d=mm&r=g\",\"width\":96,\"height\":96,\"caption\":\"admin\"}},{\"@type\":\"WebPage\",\"@id\":\"https:\\\/\\\/www.rucashk.com\\\/pt\\\/produto\\\/lenovo-ht18\\\/#webpage\",\"url\":\"https:\\\/\\\/www.rucashk.com\\\/pt\\\/produto\\\/lenovo-ht18\\\/\",\"name\":\"Lenovo HT18 - Rucas - Wholesale and Distribution\",\"description\":\"Ergonomic Design: Featuring True Wireless Dual-Ear Design with Touch Control, Now enjoy the most comfortable Music\\\/Call and voice assistance control without experiencing pressure on your ears Immersive Experience: 8mm superior driver units, built-in high-definition microphone and intelligent noise reduction let you to experience crystal clear sore-free music pleasure Prolonged Battery Life: Enjoy up to 50 Hours Premium Music Time with Charging Bin and approximately 120 Hours Standby time, thanks to the massive 1000mAH battery Blazing fast connectivity: Equipped with the cutting-edge technology, Bluetooth 5.0 chip, guarantees incredibly stable, no latency and swift ear bud connection\",\"inLanguage\":\"pt-PT\",\"isPartOf\":{\"@id\":\"https:\\\/\\\/www.rucashk.com\\\/pt\\\/#website\"},\"breadcrumb\":{\"@id\":\"https:\\\/\\\/www.rucashk.com\\\/pt\\\/produto\\\/lenovo-ht18\\\/#breadcrumblist\"},\"author\":{\"@id\":\"https:\\\/\\\/www.rucashk.com\\\/pt\\\/author\\\/admin\\\/#author\"},\"creator\":{\"@id\":\"https:\\\/\\\/www.rucashk.com\\\/pt\\\/author\\\/admin\\\/#author\"},\"image\":{\"@type\":\"ImageObject\",\"url\":\"https:\\\/\\\/www.rucashk.com\\\/wp-content\\\/uploads\\\/2024\\\/01\\\/9-1-2.webp\",\"@id\":\"https:\\\/\\\/www.rucashk.com\\\/pt\\\/produto\\\/lenovo-ht18\\\/#mainImage\",\"width\":220,\"height\":220},\"primaryImageOfPage\":{\"@id\":\"https:\\\/\\\/www.rucashk.com\\\/pt\\\/produto\\\/lenovo-ht18\\\/#mainImage\"},\"datePublished\":\"2024-01-09T16:29:57+00:00\",\"dateModified\":\"2024-01-22T03:43:43+00:00\"},{\"@type\":\"WebSite\",\"@id\":\"https:\\\/\\\/www.rucashk.com\\\/pt\\\/#website\",\"url\":\"https:\\\/\\\/www.rucashk.com\\\/pt\\\/\",\"name\":\"Rucas - Wholesale and distribution worldwide\",\"alternateName\":\"Rucas - One-stop AIoT Distribution Worldwide\",\"description\":\"One-stop AIoT Distribution Worldwide\",\"inLanguage\":\"pt-PT\",\"publisher\":{\"@id\":\"https:\\\/\\\/www.rucashk.com\\\/pt\\\/#organization\"}}]}\n\t\t<\/script>\n\t\t<!-- All in One SEO Pro -->\r\n\t\t<title>Lenovo HT18 - Rucas - Wholesale and Distribution<\/title>\n\n","aioseo_head_json":{"title":"Lenovo HT18 - Rucas - Wholesale and Distribution","description":"Ergonomic Design: Featuring True Wireless Dual-Ear Design with Touch Control, Now enjoy the most comfortable Music\/Call and voice assistance control without experiencing pressure on your ears Immersive Experience: 8mm superior driver units, built-in high-definition microphone and intelligent noise reduction let you to experience crystal clear sore-free music pleasure Prolonged Battery Life: Enjoy up to 50 Hours Premium Music Time with Charging Bin and approximately 120 Hours Standby time, thanks to the massive 1000mAH battery Blazing fast connectivity: Equipped with the cutting-edge technology, Bluetooth 5.0 chip, guarantees incredibly stable, no latency and swift ear bud connection","canonical_url":"https:\/\/www.rucashk.com\/pt\/produto\/lenovo-ht18\/","robots":"max-image-preview:large","keywords":"","webmasterTools":{"miscellaneous":""},"og:locale":"pt_PT","og:site_name":"Rucas - One-stop AIoT Distribution Worldwide","og:type":"article","og:title":"Lenovo HT18 - Rucas - Wholesale and Distribution","og:description":"Ergonomic Design: Featuring True Wireless Dual-Ear Design with Touch Control, Now enjoy the most comfortable Music\/Call and voice assistance control without experiencing pressure on your ears Immersive Experience: 8mm superior driver units, built-in high-definition microphone and intelligent noise reduction let you to experience crystal clear sore-free music pleasure Prolonged Battery Life: Enjoy up to 50 Hours Premium Music Time with Charging Bin and approximately 120 Hours Standby time, thanks to the massive 1000mAH battery Blazing fast connectivity: Equipped with the cutting-edge technology, Bluetooth 5.0 chip, guarantees incredibly stable, no latency and swift ear bud connection","og:url":"https:\/\/www.rucashk.com\/pt\/produto\/lenovo-ht18\/","og:image":"https:\/\/www.rucashk.com\/wp-content\/uploads\/replace\/503b8e645f128a97ccde2b6290747646.jpeg","og:image:secure_url":"https:\/\/www.rucashk.com\/wp-content\/uploads\/replace\/503b8e645f128a97ccde2b6290747646.jpeg","og:image:width":1456,"og:image:height":816,"article:published_time":"2024-01-09T16:29:57+00:00","article:modified_time":"2024-01-22T03:43:43+00:00","twitter:card":"summary_large_image","twitter:title":"Lenovo HT18 - Rucas - Wholesale and Distribution","twitter:description":"Ergonomic Design: Featuring True Wireless Dual-Ear Design with Touch Control, Now enjoy the most comfortable Music\/Call and voice assistance control without experiencing pressure on your ears Immersive Experience: 8mm superior driver units, built-in high-definition microphone and intelligent noise reduction let you to experience crystal clear sore-free music pleasure Prolonged Battery Life: Enjoy up to 50 Hours Premium Music Time with Charging Bin and approximately 120 Hours Standby time, thanks to the massive 1000mAH battery Blazing fast connectivity: Equipped with the cutting-edge technology, Bluetooth 5.0 chip, guarantees incredibly stable, no latency and swift ear bud connection","twitter:image":"https:\/\/www.rucashk.com\/wp-content\/uploads\/replace\/503b8e645f128a97ccde2b6290747646.jpeg","schema":{"@context":"https:\/\/schema.org","@graph":[{"@type":"BreadcrumbList","@id":"https:\/\/www.rucashk.com\/pt\/produto\/lenovo-ht18\/#breadcrumblist","itemListElement":[{"@type":"ListItem","@id":"https:\/\/www.rucashk.com\/pt\/#listItem","position":1,"name":"Home","item":"https:\/\/www.rucashk.com\/pt\/","nextItem":"https:\/\/www.rucashk.com\/pt\/produto\/lenovo-ht18\/#listItem"},{"@type":"ListItem","@id":"https:\/\/www.rucashk.com\/pt\/produto\/lenovo-ht18\/#listItem","position":2,"name":"Lenovo HT18","previousItem":"https:\/\/www.rucashk.com\/pt\/#listItem"}]},{"@type":"Organization","@id":"https:\/\/www.rucashk.com\/pt\/#organization","name":"Rucas","url":"https:\/\/www.rucashk.com\/pt\/","logo":{"@type":"ImageObject","url":"https:\/\/www.rucashk.com\/wp-content\/uploads\/2023\/12\/Rucas_campany_logo.png","@id":"https:\/\/www.rucashk.com\/pt\/produto\/lenovo-ht18\/#organizationLogo","width":221,"height":65},"image":{"@id":"https:\/\/www.rucashk.com\/pt\/#organizationLogo"}},{"@type":"Person","@id":"https:\/\/www.rucashk.com\/pt\/author\/admin\/#author","url":"https:\/\/www.rucashk.com\/pt\/author\/admin\/","name":"admin","image":{"@type":"ImageObject","@id":"https:\/\/www.rucashk.com\/pt\/produto\/lenovo-ht18\/#authorImage","url":"https:\/\/secure.gravatar.com\/avatar\/b7c8925b09a27e72b30232f8ecaadbd5af0f70a38c78096863fe51b64f031c24?s=96&d=mm&r=g","width":96,"height":96,"caption":"admin"}},{"@type":"WebPage","@id":"https:\/\/www.rucashk.com\/pt\/produto\/lenovo-ht18\/#webpage","url":"https:\/\/www.rucashk.com\/pt\/produto\/lenovo-ht18\/","name":"Lenovo HT18 - Rucas - Wholesale and Distribution","description":"Ergonomic Design: Featuring True Wireless Dual-Ear Design with Touch Control, Now enjoy the most comfortable Music\/Call and voice assistance control without experiencing pressure on your ears Immersive Experience: 8mm superior driver units, built-in high-definition microphone and intelligent noise reduction let you to experience crystal clear sore-free music pleasure Prolonged Battery Life: Enjoy up to 50 Hours Premium Music Time with Charging Bin and approximately 120 Hours Standby time, thanks to the massive 1000mAH battery Blazing fast connectivity: Equipped with the cutting-edge technology, Bluetooth 5.0 chip, guarantees incredibly stable, no latency and swift ear bud connection","inLanguage":"pt-PT","isPartOf":{"@id":"https:\/\/www.rucashk.com\/pt\/#website"},"breadcrumb":{"@id":"https:\/\/www.rucashk.com\/pt\/produto\/lenovo-ht18\/#breadcrumblist"},"author":{"@id":"https:\/\/www.rucashk.com\/pt\/author\/admin\/#author"},"creator":{"@id":"https:\/\/www.rucashk.com\/pt\/author\/admin\/#author"},"image":{"@type":"ImageObject","url":"https:\/\/www.rucashk.com\/wp-content\/uploads\/2024\/01\/9-1-2.webp","@id":"https:\/\/www.rucashk.com\/pt\/produto\/lenovo-ht18\/#mainImage","width":220,"height":220},"primaryImageOfPage":{"@id":"https:\/\/www.rucashk.com\/pt\/produto\/lenovo-ht18\/#mainImage"},"datePublished":"2024-01-09T16:29:57+00:00","dateModified":"2024-01-22T03:43:43+00:00"},{"@type":"WebSite","@id":"https:\/\/www.rucashk.com\/pt\/#website","url":"https:\/\/www.rucashk.com\/pt\/","name":"Rucas - Wholesale and distribution worldwide","alternateName":"Rucas - One-stop AIoT Distribution Worldwide","description":"One-stop AIoT Distribution Worldwide","inLanguage":"pt-PT","publisher":{"@id":"https:\/\/www.rucashk.com\/pt\/#organization"}}]}},"aioseo_meta_data":{"post_id":"26502","title":null,"description":null,"keywords":null,"keyphrases":null,"primary_term":null,"canonical_url":null,"og_title":null,"og_description":null,"og_object_type":"default","og_image_type":"default","og_image_url":null,"og_image_width":null,"og_image_height":null,"og_image_custom_url":null,"og_image_custom_fields":null,"og_video":null,"og_custom_url":null,"og_article_section":null,"og_article_tags":null,"twitter_use_og":false,"twitter_card":"default","twitter_image_type":"default","twitter_image_url":null,"twitter_image_custom_url":null,"twitter_image_custom_fields":null,"twitter_title":null,"twitter_description":null,"schema":{"blockGraphs":[],"customGraphs":[],"default":{"data":{"Article":[],"Course":[],"Dataset":[],"FAQPage":[],"Movie":[],"Person":[],"Product":[],"Recipe":[],"Service":[],"SoftwareApplication":[],"WebPage":[]},"graphName":"","isEnabled":true},"graphs":[]},"schema_type":"default","schema_type_options":null,"pillar_content":false,"robots_default":true,"robots_noindex":false,"robots_noarchive":false,"robots_nosnippet":false,"robots_nofollow":false,"robots_noimageindex":false,"robots_noodp":false,"robots_notranslate":false,"robots_max_snippet":null,"robots_max_videopreview":null,"robots_max_imagepreview":"large","priority":null,"frequency":null,"local_seo":null,"breadcrumb_settings":null,"limit_modified_date":false,"created":"2024-04-11 01:57:20","updated":"2025-06-22 18:19:56"},"aioseo_breadcrumb":"<div class=\"aioseo-breadcrumbs\"><span class=\"aioseo-breadcrumb\">\n\t<a href=\"https:\/\/www.rucashk.com\/pt\" title=\"Home\">Home<\/a>\n<\/span><span class=\"aioseo-breadcrumb-separator\">&raquo;<\/span><span class=\"aioseo-breadcrumb\">\n\t<a href=\"https:\/\/www.rucashk.com\/pt\/products\/\" title=\"Produtos\">Produtos<\/a>\n<\/span><span class=\"aioseo-breadcrumb-separator\">&raquo;<\/span><span class=\"aioseo-breadcrumb\">\n\t<a href=\"https:\/\/www.rucashk.com\/pt\/categoria-produto\/other-a-brands\/\" title=\"Other A-Brands\">Other A-Brands<\/a>\n<\/span><span class=\"aioseo-breadcrumb-separator\">&raquo;<\/span><span class=\"aioseo-breadcrumb\">\n\t<a href=\"https:\/\/www.rucashk.com\/pt\/categoria-produto\/other-a-brands\/lenovo-other-a-brands\/\" title=\"Lenovo\">Lenovo<\/a>\n<\/span><span class=\"aioseo-breadcrumb-separator\">&raquo;<\/span><span class=\"aioseo-breadcrumb\">\n\tLenovo HT18\n<\/span><\/div>","aioseo_breadcrumb_json":[{"label":"Home","link":"https:\/\/www.rucashk.com\/pt"},{"label":"Produtos","link":"https:\/\/www.rucashk.com\/pt\/products\/"},{"label":"Other A-Brands","link":"https:\/\/www.rucashk.com\/pt\/categoria-produto\/other-a-brands\/"},{"label":"Lenovo","link":"https:\/\/www.rucashk.com\/pt\/categoria-produto\/other-a-brands\/lenovo-other-a-brands\/"},{"label":"Lenovo HT18","link":"https:\/\/www.rucashk.com\/pt\/produto\/lenovo-ht18\/"}],"_links":{"self":[{"href":"https:\/\/www.rucashk.com\/pt\/wp-json\/wp\/v2\/product\/26502","targetHints":{"allow":["GET"]}}],"collection":[{"href":"https:\/\/www.rucashk.com\/pt\/wp-json\/wp\/v2\/product"}],"about":[{"href":"https:\/\/www.rucashk.com\/pt\/wp-json\/wp\/v2\/types\/product"}],"wp:featuredmedia":[{"embeddable":true,"href":"https:\/\/www.rucashk.com\/pt\/wp-json\/wp\/v2\/media\/26607"}],"wp:attachment":[{"href":"https:\/\/www.rucashk.com\/pt\/wp-json\/wp\/v2\/media?parent=26502"}],"wp:term":[{"taxonomy":"product_brand","embeddable":true,"href":"https:\/\/www.rucashk.com\/pt\/wp-json\/wp\/v2\/product_brand?post=26502"},{"taxonomy":"product_cat","embeddable":true,"href":"https:\/\/www.rucashk.com\/pt\/wp-json\/wp\/v2\/product_cat?post=26502"},{"taxonomy":"product_tag","embeddable":true,"href":"https:\/\/www.rucashk.com\/pt\/wp-json\/wp\/v2\/product_tag?post=26502"}],"curies":[{"name":"wp","href":"https:\/\/api.w.org\/{rel}","templated":true}]}}