{"id":26444,"date":"2024-01-09T16:29:34","date_gmt":"2024-01-09T16:29:34","guid":{"rendered":"http:\/\/rucashk.com\/?post_type=product&#038;p=26444"},"modified":"2024-03-13T14:54:18","modified_gmt":"2024-03-13T14:54:18","slug":"jbl-flip-6-portable-waterproof-speaker","status":"publish","type":"product","link":"https:\/\/www.rucashk.com\/pt\/produto\/jbl-flip-6-portable-waterproof-speaker\/","title":{"rendered":"Alto-falante port\u00e1til \u00e0 prova d&#039;\u00e1gua JBL Flip 6"},"content":{"rendered":"<div class=\"detailmodule_image\">\n<div class=\"expanded-feature -lifestyle not-in-view\">\n<div class=\"imagery\"><img decoding=\"async\" class=\"aligncenter\" src=\"\/wp-content\/uploads\/replace\/c6d71222e2479f6787a9ca2d97b9ad4f.png\" alt=\"Louder, more powerful sound\" data-src=\"\/on\/demandware.static\/-\/Sites-masterCatalog_Harman\/default\/dw66ab7c38\/pdp\/JBL_Flip_6_Lifestyle_01_904x560px.png\" \/><\/div>\n<div class=\"copy\" style=\"text-align: center;\">\n<h3>Som mais alto e poderoso<\/h3>\n<p>A batida continua com o sistema de alto-falantes de 2 vias JBL Flip 6, projetado para fornecer um som alto, n\u00edtido e poderoso. Seu woofer em formato de pista de corrida oferece frequ\u00eancias baixas e m\u00e9dias excepcionais, enquanto um tweeter separado produz altas frequ\u00eancias n\u00edtidas e claras. O Flip 6 tamb\u00e9m possui radiadores passivos duplos otimizados para graves profundos, ajustados com o uso do algoritmo avan\u00e7ado da Harman.<\/p>\n<\/div>\n<\/div>\n<div class=\"expanded-feature -lifestyle in-view\" style=\"text-align: center;\">\n<div class=\"imagery\"><img decoding=\"async\" src=\"\/wp-content\/uploads\/replace\/835b700a1bbec5a24d00c23a8ffbd9cb.png\" alt=\"IP67 waterproof and dustproof\" data-src=\"\/on\/demandware.static\/-\/Sites-masterCatalog_Harman\/default\/dw1f753b87\/pdp\/JBL_Flip_6_Lifestyle_02_904x560px.png\" \/><\/div>\n<div class=\"copy\">\n<h3>IP67 \u00e0 prova d&#039;\u00e1gua e \u00e0 prova de poeira<\/h3>\n<p>Para a piscina. Para o Parque. JBL Flip 6 \u00e9 IP67 \u00e0 prova d&#039;\u00e1gua e poeira, para que voc\u00ea possa levar seu alto-falante para qualquer lugar.<\/p>\n<\/div>\n<\/div>\n<div class=\"expanded-feature -lifestyle in-view\">\n<div class=\"imagery\" style=\"text-align: center;\"><img decoding=\"async\" src=\"\/wp-content\/uploads\/replace\/c07decf7f2df6a481049db4bed38b627.png\" alt=\"12 Hours of Playtime\" data-src=\"\/on\/demandware.static\/-\/Sites-masterCatalog_Harman\/default\/dw5e132068\/pdp\/JBL_Flip_6_Lifestyle_03_904x560px.png\" \/><\/div>\n<div class=\"copy\">\n<h3 style=\"text-align: center;\">12 horas de reprodu\u00e7\u00e3o<\/h3>\n<p style=\"text-align: center;\">N\u00e3o se preocupe com pequenas coisas, como carregar a bateria. JBL Flip 6 oferece at\u00e9 12 horas de reprodu\u00e7\u00e3o com uma \u00fanica carga.<\/p>\n<\/div>\n<\/div>\n<\/div>","protected":false},"excerpt":{"rendered":"<p>Sua aventura. Sua trilha sonora. O ousado JBL Flip 6 oferece o poderoso som JBL Original Pro com clareza excepcional gra\u00e7as ao seu sistema de alto-falantes de 2 vias que consiste em um driver otimizado em formato de pista de corrida, tweeter separado e radiadores de graves duplos. Este alto-falante de grande som, mas f\u00e1cil de transportar, \u00e9 \u00e0 prova d&#039;\u00e1gua e \u00e0 prova de poeira, para que voc\u00ea possa lev\u00e1-lo para qualquer lugar e em qualquer clima. E com 12 horas de dura\u00e7\u00e3o da bateria, voc\u00ea pode festejar at\u00e9 o sol se p\u00f4r \u2014 ou nascer \u2014 onde quer que a m\u00fasica o mova. Use o PartyBoost para vincular v\u00e1rios alto-falantes compat\u00edveis. O Flip 6 vem em uma variedade de cores legais.<\/p>","protected":false},"featured_media":37546,"template":"","meta":[],"product_brand":[1354],"product_cat":[1285],"product_tag":[1357],"class_list":{"0":"post-26444","1":"product","2":"type-product","3":"status-publish","4":"has-post-thumbnail","6":"product_brand-jbl","7":"product_cat-jbl-speaker","8":"product_tag-speaker","10":"first","11":"instock","12":"shipping-taxable","13":"product-type-simple"},"aioseo_notices":[],"aioseo_head":"\n\t\t<!-- All in One SEO Pro 4.5.9.2 - aioseo.com -->\n\t\t<meta name=\"description\" content=\"Your adventure. Your soundtrack. The bold JBL Flip 6 delivers powerful JBL Original Pro Sound with exceptional clarity thanks to its 2-way speaker system consisting of an optimized racetrack-shaped driver, separate tweeter, and dual pumping bass radiators. This big-sounding, yet easy to carry speaker is waterproof and dustproof, so you can take it anywhere in any weather. And with 12 hours of battery life, you can party &#039;til the sun goes down\u2014or comes up\u2014wherever the music moves you. Use PartyBoost to link multiple compatible speakers. The Flip 6 comes in a variety of cool colors.\" \/>\n\t\t<meta name=\"robots\" content=\"max-image-preview:large\" \/>\n\t\t<link rel=\"canonical\" href=\"https:\/\/www.rucashk.com\/pt\/produto\/jbl-flip-6-portable-waterproof-speaker\/\" \/>\n\t\t<meta name=\"generator\" content=\"All in One SEO Pro (AIOSEO) 4.5.9.2\" \/>\n\t\t<meta property=\"og:locale\" content=\"pt_PT\" \/>\n\t\t<meta property=\"og:site_name\" content=\"Rucas - One-stop AIoT Distribution Worldwide\" \/>\n\t\t<meta property=\"og:type\" content=\"article\" \/>\n\t\t<meta property=\"og:title\" content=\"JBL Flip 6 Portable Waterproof Speaker - Rucas - Wholesale and Distribution\" \/>\n\t\t<meta property=\"og:description\" content=\"Your adventure. Your soundtrack. The bold JBL Flip 6 delivers powerful JBL Original Pro Sound with exceptional clarity thanks to its 2-way speaker system consisting of an optimized racetrack-shaped driver, separate tweeter, and dual pumping bass radiators. This big-sounding, yet easy to carry speaker is waterproof and dustproof, so you can take it anywhere in any weather. And with 12 hours of battery life, you can party &#039;til the sun goes down\u2014or comes up\u2014wherever the music moves you. Use PartyBoost to link multiple compatible speakers. The Flip 6 comes in a variety of cool colors.\" \/>\n\t\t<meta property=\"og:url\" content=\"https:\/\/www.rucashk.com\/pt\/produto\/jbl-flip-6-portable-waterproof-speaker\/\" \/>\n\t\t<meta property=\"og:image\" content=\"https:\/\/www.rucashk.com\/wp-content\/uploads\/replace\/503b8e645f128a97ccde2b6290747646.jpeg\" \/>\n\t\t<meta property=\"og:image:secure_url\" content=\"https:\/\/www.rucashk.com\/wp-content\/uploads\/replace\/503b8e645f128a97ccde2b6290747646.jpeg\" \/>\n\t\t<meta property=\"og:image:width\" content=\"1456\" \/>\n\t\t<meta property=\"og:image:height\" content=\"816\" \/>\n\t\t<meta property=\"article:published_time\" content=\"2024-01-09T16:29:34+00:00\" \/>\n\t\t<meta property=\"article:modified_time\" content=\"2024-03-13T14:54:18+00:00\" \/>\n\t\t<meta name=\"twitter:card\" content=\"summary_large_image\" \/>\n\t\t<meta name=\"twitter:title\" content=\"JBL Flip 6 Portable Waterproof Speaker - Rucas - Wholesale and Distribution\" \/>\n\t\t<meta name=\"twitter:description\" content=\"Your adventure. Your soundtrack. The bold JBL Flip 6 delivers powerful JBL Original Pro Sound with exceptional clarity thanks to its 2-way speaker system consisting of an optimized racetrack-shaped driver, separate tweeter, and dual pumping bass radiators. This big-sounding, yet easy to carry speaker is waterproof and dustproof, so you can take it anywhere in any weather. And with 12 hours of battery life, you can party &#039;til the sun goes down\u2014or comes up\u2014wherever the music moves you. Use PartyBoost to link multiple compatible speakers. The Flip 6 comes in a variety of cool colors.\" \/>\n\t\t<meta name=\"twitter:image\" content=\"https:\/\/www.rucashk.com\/wp-content\/uploads\/replace\/503b8e645f128a97ccde2b6290747646.jpeg\" \/>\n\t\t<script type=\"application\/ld+json\" class=\"aioseo-schema\">\n\t\t\t{\"@context\":\"https:\\\/\\\/schema.org\",\"@graph\":[{\"@type\":\"BreadcrumbList\",\"@id\":\"https:\\\/\\\/www.rucashk.com\\\/pt\\\/produto\\\/jbl-flip-6-portable-waterproof-speaker\\\/#breadcrumblist\",\"itemListElement\":[{\"@type\":\"ListItem\",\"@id\":\"https:\\\/\\\/www.rucashk.com\\\/pt\\\/#listItem\",\"position\":1,\"name\":\"Home\",\"item\":\"https:\\\/\\\/www.rucashk.com\\\/pt\\\/\",\"nextItem\":\"https:\\\/\\\/www.rucashk.com\\\/pt\\\/produto\\\/jbl-flip-6-portable-waterproof-speaker\\\/#listItem\"},{\"@type\":\"ListItem\",\"@id\":\"https:\\\/\\\/www.rucashk.com\\\/pt\\\/produto\\\/jbl-flip-6-portable-waterproof-speaker\\\/#listItem\",\"position\":2,\"name\":\"JBL Flip 6 Portable Waterproof Speaker\",\"previousItem\":\"https:\\\/\\\/www.rucashk.com\\\/pt\\\/#listItem\"}]},{\"@type\":\"Organization\",\"@id\":\"https:\\\/\\\/www.rucashk.com\\\/pt\\\/#organization\",\"name\":\"Rucas\",\"url\":\"https:\\\/\\\/www.rucashk.com\\\/pt\\\/\",\"logo\":{\"@type\":\"ImageObject\",\"url\":\"https:\\\/\\\/www.rucashk.com\\\/wp-content\\\/uploads\\\/2023\\\/12\\\/Rucas_campany_logo.png\",\"@id\":\"https:\\\/\\\/www.rucashk.com\\\/pt\\\/produto\\\/jbl-flip-6-portable-waterproof-speaker\\\/#organizationLogo\",\"width\":221,\"height\":65},\"image\":{\"@id\":\"https:\\\/\\\/www.rucashk.com\\\/pt\\\/#organizationLogo\"}},{\"@type\":\"Person\",\"@id\":\"https:\\\/\\\/www.rucashk.com\\\/pt\\\/author\\\/admin\\\/#author\",\"url\":\"https:\\\/\\\/www.rucashk.com\\\/pt\\\/author\\\/admin\\\/\",\"name\":\"admin\",\"image\":{\"@type\":\"ImageObject\",\"@id\":\"https:\\\/\\\/www.rucashk.com\\\/pt\\\/produto\\\/jbl-flip-6-portable-waterproof-speaker\\\/#authorImage\",\"url\":\"https:\\\/\\\/secure.gravatar.com\\\/avatar\\\/b7c8925b09a27e72b30232f8ecaadbd5af0f70a38c78096863fe51b64f031c24?s=96&d=mm&r=g\",\"width\":96,\"height\":96,\"caption\":\"admin\"}},{\"@type\":\"WebPage\",\"@id\":\"https:\\\/\\\/www.rucashk.com\\\/pt\\\/produto\\\/jbl-flip-6-portable-waterproof-speaker\\\/#webpage\",\"url\":\"https:\\\/\\\/www.rucashk.com\\\/pt\\\/produto\\\/jbl-flip-6-portable-waterproof-speaker\\\/\",\"name\":\"JBL Flip 6 Portable Waterproof Speaker - Rucas - Wholesale and Distribution\",\"description\":\"Your adventure. Your soundtrack. The bold JBL Flip 6 delivers powerful JBL Original Pro Sound with exceptional clarity thanks to its 2-way speaker system consisting of an optimized racetrack-shaped driver, separate tweeter, and dual pumping bass radiators. This big-sounding, yet easy to carry speaker is waterproof and dustproof, so you can take it anywhere in any weather. And with 12 hours of battery life, you can party 'til the sun goes down\\u2014or comes up\\u2014wherever the music moves you. Use PartyBoost to link multiple compatible speakers. The Flip 6 comes in a variety of cool colors.\",\"inLanguage\":\"pt-PT\",\"isPartOf\":{\"@id\":\"https:\\\/\\\/www.rucashk.com\\\/pt\\\/#website\"},\"breadcrumb\":{\"@id\":\"https:\\\/\\\/www.rucashk.com\\\/pt\\\/produto\\\/jbl-flip-6-portable-waterproof-speaker\\\/#breadcrumblist\"},\"author\":{\"@id\":\"https:\\\/\\\/www.rucashk.com\\\/pt\\\/author\\\/admin\\\/#author\"},\"creator\":{\"@id\":\"https:\\\/\\\/www.rucashk.com\\\/pt\\\/author\\\/admin\\\/#author\"},\"image\":{\"@type\":\"ImageObject\",\"url\":\"https:\\\/\\\/www.rucashk.com\\\/wp-content\\\/uploads\\\/2024\\\/01\\\/890cca04-3618-4e94-868f-330744fd8f1a.png\",\"@id\":\"https:\\\/\\\/www.rucashk.com\\\/pt\\\/produto\\\/jbl-flip-6-portable-waterproof-speaker\\\/#mainImage\",\"width\":832,\"height\":850},\"primaryImageOfPage\":{\"@id\":\"https:\\\/\\\/www.rucashk.com\\\/pt\\\/produto\\\/jbl-flip-6-portable-waterproof-speaker\\\/#mainImage\"},\"datePublished\":\"2024-01-09T16:29:34+00:00\",\"dateModified\":\"2024-03-13T14:54:18+00:00\"},{\"@type\":\"WebSite\",\"@id\":\"https:\\\/\\\/www.rucashk.com\\\/pt\\\/#website\",\"url\":\"https:\\\/\\\/www.rucashk.com\\\/pt\\\/\",\"name\":\"Rucas - Wholesale and distribution worldwide\",\"alternateName\":\"Rucas - One-stop AIoT Distribution Worldwide\",\"description\":\"One-stop AIoT Distribution Worldwide\",\"inLanguage\":\"pt-PT\",\"publisher\":{\"@id\":\"https:\\\/\\\/www.rucashk.com\\\/pt\\\/#organization\"}}]}\n\t\t<\/script>\n\t\t<!-- All in One SEO Pro -->\r\n\t\t<title>JBL Flip 6 Portable Waterproof Speaker - Rucas - Wholesale and Distribution<\/title>\n\n","aioseo_head_json":{"title":"JBL Flip 6 Portable Waterproof Speaker - Rucas - Wholesale and Distribution","description":"Your adventure. Your soundtrack. The bold JBL Flip 6 delivers powerful JBL Original Pro Sound with exceptional clarity thanks to its 2-way speaker system consisting of an optimized racetrack-shaped driver, separate tweeter, and dual pumping bass radiators. This big-sounding, yet easy to carry speaker is waterproof and dustproof, so you can take it anywhere in any weather. And with 12 hours of battery life, you can party 'til the sun goes down\u2014or comes up\u2014wherever the music moves you. Use PartyBoost to link multiple compatible speakers. The Flip 6 comes in a variety of cool colors.","canonical_url":"https:\/\/www.rucashk.com\/pt\/produto\/jbl-flip-6-portable-waterproof-speaker\/","robots":"max-image-preview:large","keywords":"","webmasterTools":{"miscellaneous":""},"og:locale":"pt_PT","og:site_name":"Rucas - One-stop AIoT Distribution Worldwide","og:type":"article","og:title":"JBL Flip 6 Portable Waterproof Speaker - Rucas - Wholesale and Distribution","og:description":"Your adventure. Your soundtrack. The bold JBL Flip 6 delivers powerful JBL Original Pro Sound with exceptional clarity thanks to its 2-way speaker system consisting of an optimized racetrack-shaped driver, separate tweeter, and dual pumping bass radiators. This big-sounding, yet easy to carry speaker is waterproof and dustproof, so you can take it anywhere in any weather. And with 12 hours of battery life, you can party 'til the sun goes down\u2014or comes up\u2014wherever the music moves you. Use PartyBoost to link multiple compatible speakers. The Flip 6 comes in a variety of cool colors.","og:url":"https:\/\/www.rucashk.com\/pt\/produto\/jbl-flip-6-portable-waterproof-speaker\/","og:image":"https:\/\/www.rucashk.com\/wp-content\/uploads\/replace\/503b8e645f128a97ccde2b6290747646.jpeg","og:image:secure_url":"https:\/\/www.rucashk.com\/wp-content\/uploads\/replace\/503b8e645f128a97ccde2b6290747646.jpeg","og:image:width":1456,"og:image:height":816,"article:published_time":"2024-01-09T16:29:34+00:00","article:modified_time":"2024-03-13T14:54:18+00:00","twitter:card":"summary_large_image","twitter:title":"JBL Flip 6 Portable Waterproof Speaker - Rucas - Wholesale and Distribution","twitter:description":"Your adventure. Your soundtrack. The bold JBL Flip 6 delivers powerful JBL Original Pro Sound with exceptional clarity thanks to its 2-way speaker system consisting of an optimized racetrack-shaped driver, separate tweeter, and dual pumping bass radiators. This big-sounding, yet easy to carry speaker is waterproof and dustproof, so you can take it anywhere in any weather. And with 12 hours of battery life, you can party 'til the sun goes down\u2014or comes up\u2014wherever the music moves you. Use PartyBoost to link multiple compatible speakers. The Flip 6 comes in a variety of cool colors.","twitter:image":"https:\/\/www.rucashk.com\/wp-content\/uploads\/replace\/503b8e645f128a97ccde2b6290747646.jpeg","schema":{"@context":"https:\/\/schema.org","@graph":[{"@type":"BreadcrumbList","@id":"https:\/\/www.rucashk.com\/pt\/produto\/jbl-flip-6-portable-waterproof-speaker\/#breadcrumblist","itemListElement":[{"@type":"ListItem","@id":"https:\/\/www.rucashk.com\/pt\/#listItem","position":1,"name":"Home","item":"https:\/\/www.rucashk.com\/pt\/","nextItem":"https:\/\/www.rucashk.com\/pt\/produto\/jbl-flip-6-portable-waterproof-speaker\/#listItem"},{"@type":"ListItem","@id":"https:\/\/www.rucashk.com\/pt\/produto\/jbl-flip-6-portable-waterproof-speaker\/#listItem","position":2,"name":"JBL Flip 6 Portable Waterproof Speaker","previousItem":"https:\/\/www.rucashk.com\/pt\/#listItem"}]},{"@type":"Organization","@id":"https:\/\/www.rucashk.com\/pt\/#organization","name":"Rucas","url":"https:\/\/www.rucashk.com\/pt\/","logo":{"@type":"ImageObject","url":"https:\/\/www.rucashk.com\/wp-content\/uploads\/2023\/12\/Rucas_campany_logo.png","@id":"https:\/\/www.rucashk.com\/pt\/produto\/jbl-flip-6-portable-waterproof-speaker\/#organizationLogo","width":221,"height":65},"image":{"@id":"https:\/\/www.rucashk.com\/pt\/#organizationLogo"}},{"@type":"Person","@id":"https:\/\/www.rucashk.com\/pt\/author\/admin\/#author","url":"https:\/\/www.rucashk.com\/pt\/author\/admin\/","name":"admin","image":{"@type":"ImageObject","@id":"https:\/\/www.rucashk.com\/pt\/produto\/jbl-flip-6-portable-waterproof-speaker\/#authorImage","url":"https:\/\/secure.gravatar.com\/avatar\/b7c8925b09a27e72b30232f8ecaadbd5af0f70a38c78096863fe51b64f031c24?s=96&d=mm&r=g","width":96,"height":96,"caption":"admin"}},{"@type":"WebPage","@id":"https:\/\/www.rucashk.com\/pt\/produto\/jbl-flip-6-portable-waterproof-speaker\/#webpage","url":"https:\/\/www.rucashk.com\/pt\/produto\/jbl-flip-6-portable-waterproof-speaker\/","name":"JBL Flip 6 Portable Waterproof Speaker - Rucas - Wholesale and Distribution","description":"Your adventure. Your soundtrack. The bold JBL Flip 6 delivers powerful JBL Original Pro Sound with exceptional clarity thanks to its 2-way speaker system consisting of an optimized racetrack-shaped driver, separate tweeter, and dual pumping bass radiators. This big-sounding, yet easy to carry speaker is waterproof and dustproof, so you can take it anywhere in any weather. And with 12 hours of battery life, you can party 'til the sun goes down\u2014or comes up\u2014wherever the music moves you. Use PartyBoost to link multiple compatible speakers. The Flip 6 comes in a variety of cool colors.","inLanguage":"pt-PT","isPartOf":{"@id":"https:\/\/www.rucashk.com\/pt\/#website"},"breadcrumb":{"@id":"https:\/\/www.rucashk.com\/pt\/produto\/jbl-flip-6-portable-waterproof-speaker\/#breadcrumblist"},"author":{"@id":"https:\/\/www.rucashk.com\/pt\/author\/admin\/#author"},"creator":{"@id":"https:\/\/www.rucashk.com\/pt\/author\/admin\/#author"},"image":{"@type":"ImageObject","url":"https:\/\/www.rucashk.com\/wp-content\/uploads\/2024\/01\/890cca04-3618-4e94-868f-330744fd8f1a.png","@id":"https:\/\/www.rucashk.com\/pt\/produto\/jbl-flip-6-portable-waterproof-speaker\/#mainImage","width":832,"height":850},"primaryImageOfPage":{"@id":"https:\/\/www.rucashk.com\/pt\/produto\/jbl-flip-6-portable-waterproof-speaker\/#mainImage"},"datePublished":"2024-01-09T16:29:34+00:00","dateModified":"2024-03-13T14:54:18+00:00"},{"@type":"WebSite","@id":"https:\/\/www.rucashk.com\/pt\/#website","url":"https:\/\/www.rucashk.com\/pt\/","name":"Rucas - Wholesale and distribution worldwide","alternateName":"Rucas - One-stop AIoT Distribution Worldwide","description":"One-stop AIoT Distribution Worldwide","inLanguage":"pt-PT","publisher":{"@id":"https:\/\/www.rucashk.com\/pt\/#organization"}}]}},"aioseo_meta_data":{"post_id":"26444","title":null,"description":null,"keywords":null,"keyphrases":null,"primary_term":null,"canonical_url":null,"og_title":null,"og_description":null,"og_object_type":"default","og_image_type":"default","og_image_url":null,"og_image_width":null,"og_image_height":null,"og_image_custom_url":null,"og_image_custom_fields":null,"og_video":null,"og_custom_url":null,"og_article_section":null,"og_article_tags":null,"twitter_use_og":false,"twitter_card":"default","twitter_image_type":"default","twitter_image_url":null,"twitter_image_custom_url":null,"twitter_image_custom_fields":null,"twitter_title":null,"twitter_description":null,"schema":{"blockGraphs":[],"customGraphs":[],"default":{"data":{"Article":[],"Course":[],"Dataset":[],"FAQPage":[],"Movie":[],"Person":[],"Product":[],"Recipe":[],"Service":[],"SoftwareApplication":[],"WebPage":[]},"graphName":"","isEnabled":true},"graphs":[]},"schema_type":"default","schema_type_options":null,"pillar_content":false,"robots_default":true,"robots_noindex":false,"robots_noarchive":false,"robots_nosnippet":false,"robots_nofollow":false,"robots_noimageindex":false,"robots_noodp":false,"robots_notranslate":false,"robots_max_snippet":null,"robots_max_videopreview":null,"robots_max_imagepreview":"large","priority":null,"frequency":null,"local_seo":null,"breadcrumb_settings":null,"limit_modified_date":false,"created":"2024-04-11 01:57:20","updated":"2025-06-22 18:19:54"},"aioseo_breadcrumb":"<div class=\"aioseo-breadcrumbs\"><span class=\"aioseo-breadcrumb\">\n\t<a href=\"https:\/\/www.rucashk.com\/pt\" title=\"Home\">Home<\/a>\n<\/span><span class=\"aioseo-breadcrumb-separator\">&raquo;<\/span><span class=\"aioseo-breadcrumb\">\n\t<a href=\"https:\/\/www.rucashk.com\/pt\/products\/\" title=\"Produtos\">Produtos<\/a>\n<\/span><span class=\"aioseo-breadcrumb-separator\">&raquo;<\/span><span class=\"aioseo-breadcrumb\">\n\t<a href=\"https:\/\/www.rucashk.com\/pt\/marca\/jbl\/\" title=\"JBL\">JBL<\/a>\n<\/span><span class=\"aioseo-breadcrumb-separator\">&raquo;<\/span><span class=\"aioseo-breadcrumb\">\n\tJBL Flip 6 Portable Waterproof Speaker\n<\/span><\/div>","aioseo_breadcrumb_json":[{"label":"Home","link":"https:\/\/www.rucashk.com\/pt"},{"label":"Produtos","link":"https:\/\/www.rucashk.com\/pt\/products\/"},{"label":"JBL","link":"https:\/\/www.rucashk.com\/pt\/marca\/jbl\/"},{"label":"JBL Flip 6 Portable Waterproof Speaker","link":"https:\/\/www.rucashk.com\/pt\/produto\/jbl-flip-6-portable-waterproof-speaker\/"}],"_links":{"self":[{"href":"https:\/\/www.rucashk.com\/pt\/wp-json\/wp\/v2\/product\/26444","targetHints":{"allow":["GET"]}}],"collection":[{"href":"https:\/\/www.rucashk.com\/pt\/wp-json\/wp\/v2\/product"}],"about":[{"href":"https:\/\/www.rucashk.com\/pt\/wp-json\/wp\/v2\/types\/product"}],"wp:featuredmedia":[{"embeddable":true,"href":"https:\/\/www.rucashk.com\/pt\/wp-json\/wp\/v2\/media\/37546"}],"wp:attachment":[{"href":"https:\/\/www.rucashk.com\/pt\/wp-json\/wp\/v2\/media?parent=26444"}],"wp:term":[{"taxonomy":"product_brand","embeddable":true,"href":"https:\/\/www.rucashk.com\/pt\/wp-json\/wp\/v2\/product_brand?post=26444"},{"taxonomy":"product_cat","embeddable":true,"href":"https:\/\/www.rucashk.com\/pt\/wp-json\/wp\/v2\/product_cat?post=26444"},{"taxonomy":"product_tag","embeddable":true,"href":"https:\/\/www.rucashk.com\/pt\/wp-json\/wp\/v2\/product_tag?post=26444"}],"curies":[{"name":"wp","href":"https:\/\/api.w.org\/{rel}","templated":true}]}}