{"id":26441,"date":"2024-01-09T16:29:33","date_gmt":"2024-01-09T16:29:33","guid":{"rendered":"http:\/\/rucashk.com\/?post_type=product&#038;p=26441"},"modified":"2024-01-22T03:46:19","modified_gmt":"2024-01-22T03:46:19","slug":"jbl-tune-510bt","status":"publish","type":"product","link":"https:\/\/www.rucashk.com\/pt\/produto\/jbl-tune-510bt\/","title":{"rendered":"JBL Tune 510BT"},"content":{"rendered":"<p><img decoding=\"async\" alt=\"JBL Tune 510BT\" src=\"\/wp-content\/uploads\/replace\/699da013e1846e1ab8567c4e48452c77.jpeg\" width=\"944px\" height=\"1639px\" data-spm-anchor-id=\"a2g0o.detail.1000023.i0.147bcX49cX49FJ\" \/><img decoding=\"async\" alt=\"JBL Tune 510BT\" src=\"\/wp-content\/uploads\/replace\/d7374995861668b780dc61c04225bf55.jpeg\" width=\"944px\" height=\"1711px\" \/><img decoding=\"async\" alt=\"JBL Tune 510BT\" src=\"\/wp-content\/uploads\/replace\/0649c8228a6a75b586bacc49dc28abef.jpeg\" width=\"944px\" height=\"2051px\" \/><img decoding=\"async\" alt=\"JBL Tune 510BT\" src=\"\/wp-content\/uploads\/replace\/0fdf9ac43c17ea81b00d50720954a406.jpeg\" width=\"944px\" height=\"1477px\" \/><img decoding=\"async\" alt=\"JBL Tune 510BT\" src=\"\/wp-content\/uploads\/replace\/950ff7fe07524031aec1eb277b6991d8.jpeg\" width=\"944px\" height=\"1857px\" \/><img decoding=\"async\" alt=\"JBL Tune 510BT\" src=\"\/wp-content\/uploads\/replace\/2ddc1e4718b2513a10a0b1191d77a13d.jpeg\" width=\"944px\" height=\"1684px\" \/><img decoding=\"async\" alt=\"JBL Tune 510BT\" src=\"\/wp-content\/uploads\/replace\/764d93c36eab3462ebc566f86caae947.jpeg\" width=\"944px\" height=\"1242px\" \/><img decoding=\"async\" alt=\"JBL Tune 510BT\" src=\"\/wp-content\/uploads\/replace\/6f738f14e1482f14acc22a5053c4b22e.jpeg\" width=\"944px\" height=\"1602px\" \/>\u00a0\u00a0<img decoding=\"async\" alt=\"JBL Tune 510BT\" src=\"\/wp-content\/uploads\/replace\/606a78467248c7d40f94b15782d280bb.jpeg\" \/>\u00a0<img decoding=\"async\" alt=\"JBL Tune 510BT\" src=\"\/wp-content\/uploads\/replace\/8e773f44d3c393ffe25955721fc0ef84.jpeg\" \/>\u00a0<img decoding=\"async\" alt=\"JBL Tune 510BT\" src=\"\/wp-content\/uploads\/replace\/9486d8a2bb0eafd997248b5f10a0a98b.jpeg\" \/>\u00a0<img decoding=\"async\" alt=\"JBL Tune 510BT\" src=\"\/wp-content\/uploads\/replace\/7231e34ed3c6faf280d3fa3e4f38bce1.jpeg\" \/>\u00a0<img decoding=\"async\" alt=\"JBL Tune 510BT\" src=\"\/wp-content\/uploads\/replace\/e404e723a36d4118e4dc56a3585799da.jpeg\" \/><\/p>\n<p data-gtm-vis-has-fired-7462060_677=\"1\" data-gtm-vis-has-fired-7462060_678=\"1\">Os fones de ouvido JBL Tune 510BT permitem transmitir o poderoso som JBL Pure Bass sem nenhum fio preso. F\u00e1ceis de usar, esses fones de ouvido proporcionam at\u00e9 40 horas de puro prazer e 2 horas extras de bateria com apenas 5 minutos de carga com o cabo de carregamento USB-C. E se receber uma chamada enquanto voc\u00ea assiste a um v\u00eddeo em outro dispositivo, o JBL Tune 510BT muda perfeitamente para o seu celular. Habilitados para Bluetooth 5.0 e projetados para serem confort\u00e1veis, os fones de ouvido JBL Tune 510BT tamb\u00e9m permitem que voc\u00ea se conecte ao Siri ou ao Google sem usar seu dispositivo m\u00f3vel. Dispon\u00edvel em v\u00e1rias cores frescas e dobr\u00e1veis para f\u00e1cil portabilidade, os fones de ouvido JBL Tune 510BT s\u00e3o uma solu\u00e7\u00e3o para levar que ajuda voc\u00ea a injetar m\u00fasica em todos os aspectos da sua vida agitada.<\/p>","protected":false},"excerpt":{"rendered":"<p><strong>Conex\u00f5es multiponto<\/strong><br \/>\nAllows you to effortlessly switch fromone Bluetooth device to another. Youcan simply switch from a video on yourtablet to a call on your mobile phoneso that you&#8217;ll never miss a call.<\/p>\n<p><strong>Chamadas em modo m\u00e3os-livres<\/strong><br \/>\nControle facilmente seu som e gerencie suas chamadas a partir de seus fones de ouvido com os bot\u00f5es convenientes no fone de ouvido.<\/p>\n<p><strong>Design leve, confort\u00e1vel e dobr\u00e1vel<\/strong><br \/>\nThe lightweight materials and soft earcushions with a padded headbandmake the headphones comfortable towear for extended periods.Thefoldable design makes it convenientfor you to carry your headphonesanywhere and anytime you want<br \/>\nmusic.<\/p>\n<p><strong>Pergunte \u00e0 Siri ou ao Ok Google<\/strong><br \/>\nSiri ou Hey Google est\u00e3o a apenas um bot\u00e3o de dist\u00e2ncia: ative o assistente de voz do seu dispositivo pressionando o bot\u00e3o multifuncional<\/p>","protected":false},"featured_media":26569,"template":"","meta":[],"product_brand":[],"product_cat":[1284],"product_tag":[],"class_list":{"0":"post-26441","1":"product","2":"type-product","3":"status-publish","4":"has-post-thumbnail","6":"product_cat-jbl-earphone","8":"first","9":"instock","10":"shipping-taxable","11":"product-type-simple"},"aioseo_notices":[],"aioseo_head":"\n\t\t<!-- All in One SEO Pro 4.5.9.2 - aioseo.com -->\n\t\t<meta name=\"description\" content=\"Multi-point connections Allows you to effortlessly switch fromone Bluetooth device to another. Youcan simply switch from a video on yourtablet to a call on your mobile phoneso that you&#039;ll never miss a call. Hands-free calls Easily control your sound and manageyour calls from your headphones withthe convenient buttons on the ear-cup. Lightweightcomfortable andfoldable design The lightweight materials and soft earcushions with a padded headbandmake the headphones comfortable towear for extended periods.Thefoldable design makes it convenientfor you to carry your headphonesanywhere and anytime you want music. Ask Siri or Hey Google Siri or Hey Google is just a buttonaway: activate the voice assistant ofyour device by pushing the multi-function button\" \/>\n\t\t<meta name=\"robots\" content=\"max-image-preview:large\" \/>\n\t\t<link rel=\"canonical\" href=\"https:\/\/www.rucashk.com\/pt\/produto\/jbl-tune-510bt\/\" \/>\n\t\t<meta name=\"generator\" content=\"All in One SEO Pro (AIOSEO) 4.5.9.2\" \/>\n\t\t<meta property=\"og:locale\" content=\"pt_PT\" \/>\n\t\t<meta property=\"og:site_name\" content=\"Rucas - One-stop AIoT Distribution Worldwide\" \/>\n\t\t<meta property=\"og:type\" content=\"article\" \/>\n\t\t<meta property=\"og:title\" content=\"JBL Tune 510BT - Rucas - Wholesale and Distribution\" \/>\n\t\t<meta property=\"og:description\" content=\"Multi-point connections Allows you to effortlessly switch fromone Bluetooth device to another. Youcan simply switch from a video on yourtablet to a call on your mobile phoneso that you&#039;ll never miss a call. Hands-free calls Easily control your sound and manageyour calls from your headphones withthe convenient buttons on the ear-cup. Lightweightcomfortable andfoldable design The lightweight materials and soft earcushions with a padded headbandmake the headphones comfortable towear for extended periods.Thefoldable design makes it convenientfor you to carry your headphonesanywhere and anytime you want music. Ask Siri or Hey Google Siri or Hey Google is just a buttonaway: activate the voice assistant ofyour device by pushing the multi-function button\" \/>\n\t\t<meta property=\"og:url\" content=\"https:\/\/www.rucashk.com\/pt\/produto\/jbl-tune-510bt\/\" \/>\n\t\t<meta property=\"og:image\" content=\"https:\/\/www.rucashk.com\/wp-content\/uploads\/replace\/503b8e645f128a97ccde2b6290747646.jpeg\" \/>\n\t\t<meta property=\"og:image:secure_url\" content=\"https:\/\/www.rucashk.com\/wp-content\/uploads\/replace\/503b8e645f128a97ccde2b6290747646.jpeg\" \/>\n\t\t<meta property=\"og:image:width\" content=\"1456\" \/>\n\t\t<meta property=\"og:image:height\" content=\"816\" \/>\n\t\t<meta property=\"article:published_time\" content=\"2024-01-09T16:29:33+00:00\" \/>\n\t\t<meta property=\"article:modified_time\" content=\"2024-01-22T03:46:19+00:00\" \/>\n\t\t<meta name=\"twitter:card\" content=\"summary_large_image\" \/>\n\t\t<meta name=\"twitter:title\" content=\"JBL Tune 510BT - Rucas - Wholesale and Distribution\" \/>\n\t\t<meta name=\"twitter:description\" content=\"Multi-point connections Allows you to effortlessly switch fromone Bluetooth device to another. Youcan simply switch from a video on yourtablet to a call on your mobile phoneso that you&#039;ll never miss a call. Hands-free calls Easily control your sound and manageyour calls from your headphones withthe convenient buttons on the ear-cup. Lightweightcomfortable andfoldable design The lightweight materials and soft earcushions with a padded headbandmake the headphones comfortable towear for extended periods.Thefoldable design makes it convenientfor you to carry your headphonesanywhere and anytime you want music. Ask Siri or Hey Google Siri or Hey Google is just a buttonaway: activate the voice assistant ofyour device by pushing the multi-function button\" \/>\n\t\t<meta name=\"twitter:image\" content=\"https:\/\/www.rucashk.com\/wp-content\/uploads\/replace\/503b8e645f128a97ccde2b6290747646.jpeg\" \/>\n\t\t<script type=\"application\/ld+json\" class=\"aioseo-schema\">\n\t\t\t{\"@context\":\"https:\\\/\\\/schema.org\",\"@graph\":[{\"@type\":\"BreadcrumbList\",\"@id\":\"https:\\\/\\\/www.rucashk.com\\\/pt\\\/produto\\\/jbl-tune-510bt\\\/#breadcrumblist\",\"itemListElement\":[{\"@type\":\"ListItem\",\"@id\":\"https:\\\/\\\/www.rucashk.com\\\/pt\\\/#listItem\",\"position\":1,\"name\":\"Home\",\"item\":\"https:\\\/\\\/www.rucashk.com\\\/pt\\\/\",\"nextItem\":\"https:\\\/\\\/www.rucashk.com\\\/pt\\\/produto\\\/jbl-tune-510bt\\\/#listItem\"},{\"@type\":\"ListItem\",\"@id\":\"https:\\\/\\\/www.rucashk.com\\\/pt\\\/produto\\\/jbl-tune-510bt\\\/#listItem\",\"position\":2,\"name\":\"JBL Tune 510BT\",\"previousItem\":\"https:\\\/\\\/www.rucashk.com\\\/pt\\\/#listItem\"}]},{\"@type\":\"Organization\",\"@id\":\"https:\\\/\\\/www.rucashk.com\\\/pt\\\/#organization\",\"name\":\"Rucas\",\"url\":\"https:\\\/\\\/www.rucashk.com\\\/pt\\\/\",\"logo\":{\"@type\":\"ImageObject\",\"url\":\"https:\\\/\\\/www.rucashk.com\\\/wp-content\\\/uploads\\\/2023\\\/12\\\/Rucas_campany_logo.png\",\"@id\":\"https:\\\/\\\/www.rucashk.com\\\/pt\\\/produto\\\/jbl-tune-510bt\\\/#organizationLogo\",\"width\":221,\"height\":65},\"image\":{\"@id\":\"https:\\\/\\\/www.rucashk.com\\\/pt\\\/#organizationLogo\"}},{\"@type\":\"Person\",\"@id\":\"https:\\\/\\\/www.rucashk.com\\\/pt\\\/author\\\/admin\\\/#author\",\"url\":\"https:\\\/\\\/www.rucashk.com\\\/pt\\\/author\\\/admin\\\/\",\"name\":\"admin\",\"image\":{\"@type\":\"ImageObject\",\"@id\":\"https:\\\/\\\/www.rucashk.com\\\/pt\\\/produto\\\/jbl-tune-510bt\\\/#authorImage\",\"url\":\"https:\\\/\\\/secure.gravatar.com\\\/avatar\\\/b7c8925b09a27e72b30232f8ecaadbd5af0f70a38c78096863fe51b64f031c24?s=96&d=mm&r=g\",\"width\":96,\"height\":96,\"caption\":\"admin\"}},{\"@type\":\"WebPage\",\"@id\":\"https:\\\/\\\/www.rucashk.com\\\/pt\\\/produto\\\/jbl-tune-510bt\\\/#webpage\",\"url\":\"https:\\\/\\\/www.rucashk.com\\\/pt\\\/produto\\\/jbl-tune-510bt\\\/\",\"name\":\"JBL Tune 510BT - Rucas - Wholesale and Distribution\",\"description\":\"Multi-point connections Allows you to effortlessly switch fromone Bluetooth device to another. Youcan simply switch from a video on yourtablet to a call on your mobile phoneso that you'll never miss a call. Hands-free calls Easily control your sound and manageyour calls from your headphones withthe convenient buttons on the ear-cup. Lightweightcomfortable andfoldable design The lightweight materials and soft earcushions with a padded headbandmake the headphones comfortable towear for extended periods.Thefoldable design makes it convenientfor you to carry your headphonesanywhere and anytime you want music. Ask Siri or Hey Google Siri or Hey Google is just a buttonaway: activate the voice assistant ofyour device by pushing the multi-function button\",\"inLanguage\":\"pt-PT\",\"isPartOf\":{\"@id\":\"https:\\\/\\\/www.rucashk.com\\\/pt\\\/#website\"},\"breadcrumb\":{\"@id\":\"https:\\\/\\\/www.rucashk.com\\\/pt\\\/produto\\\/jbl-tune-510bt\\\/#breadcrumblist\"},\"author\":{\"@id\":\"https:\\\/\\\/www.rucashk.com\\\/pt\\\/author\\\/admin\\\/#author\"},\"creator\":{\"@id\":\"https:\\\/\\\/www.rucashk.com\\\/pt\\\/author\\\/admin\\\/#author\"},\"image\":{\"@type\":\"ImageObject\",\"url\":\"https:\\\/\\\/www.rucashk.com\\\/wp-content\\\/uploads\\\/2024\\\/01\\\/3-1-1.webp\",\"@id\":\"https:\\\/\\\/www.rucashk.com\\\/pt\\\/produto\\\/jbl-tune-510bt\\\/#mainImage\",\"width\":220,\"height\":220},\"primaryImageOfPage\":{\"@id\":\"https:\\\/\\\/www.rucashk.com\\\/pt\\\/produto\\\/jbl-tune-510bt\\\/#mainImage\"},\"datePublished\":\"2024-01-09T16:29:33+00:00\",\"dateModified\":\"2024-01-22T03:46:19+00:00\"},{\"@type\":\"WebSite\",\"@id\":\"https:\\\/\\\/www.rucashk.com\\\/pt\\\/#website\",\"url\":\"https:\\\/\\\/www.rucashk.com\\\/pt\\\/\",\"name\":\"Rucas - Wholesale and distribution worldwide\",\"alternateName\":\"Rucas - One-stop AIoT Distribution Worldwide\",\"description\":\"One-stop AIoT Distribution Worldwide\",\"inLanguage\":\"pt-PT\",\"publisher\":{\"@id\":\"https:\\\/\\\/www.rucashk.com\\\/pt\\\/#organization\"}}]}\n\t\t<\/script>\n\t\t<!-- All in One SEO Pro -->\r\n\t\t<title>JBL Tune 510BT - Rucas - Wholesale and Distribution<\/title>\n\n","aioseo_head_json":{"title":"JBL Tune 510BT - Rucas - Wholesale and Distribution","description":"Multi-point connections Allows you to effortlessly switch fromone Bluetooth device to another. Youcan simply switch from a video on yourtablet to a call on your mobile phoneso that you'll never miss a call. Hands-free calls Easily control your sound and manageyour calls from your headphones withthe convenient buttons on the ear-cup. Lightweightcomfortable andfoldable design The lightweight materials and soft earcushions with a padded headbandmake the headphones comfortable towear for extended periods.Thefoldable design makes it convenientfor you to carry your headphonesanywhere and anytime you want music. Ask Siri or Hey Google Siri or Hey Google is just a buttonaway: activate the voice assistant ofyour device by pushing the multi-function button","canonical_url":"https:\/\/www.rucashk.com\/pt\/produto\/jbl-tune-510bt\/","robots":"max-image-preview:large","keywords":"","webmasterTools":{"miscellaneous":""},"og:locale":"pt_PT","og:site_name":"Rucas - One-stop AIoT Distribution Worldwide","og:type":"article","og:title":"JBL Tune 510BT - Rucas - Wholesale and Distribution","og:description":"Multi-point connections Allows you to effortlessly switch fromone Bluetooth device to another. Youcan simply switch from a video on yourtablet to a call on your mobile phoneso that you'll never miss a call. Hands-free calls Easily control your sound and manageyour calls from your headphones withthe convenient buttons on the ear-cup. Lightweightcomfortable andfoldable design The lightweight materials and soft earcushions with a padded headbandmake the headphones comfortable towear for extended periods.Thefoldable design makes it convenientfor you to carry your headphonesanywhere and anytime you want music. Ask Siri or Hey Google Siri or Hey Google is just a buttonaway: activate the voice assistant ofyour device by pushing the multi-function button","og:url":"https:\/\/www.rucashk.com\/pt\/produto\/jbl-tune-510bt\/","og:image":"https:\/\/www.rucashk.com\/wp-content\/uploads\/replace\/503b8e645f128a97ccde2b6290747646.jpeg","og:image:secure_url":"https:\/\/www.rucashk.com\/wp-content\/uploads\/replace\/503b8e645f128a97ccde2b6290747646.jpeg","og:image:width":1456,"og:image:height":816,"article:published_time":"2024-01-09T16:29:33+00:00","article:modified_time":"2024-01-22T03:46:19+00:00","twitter:card":"summary_large_image","twitter:title":"JBL Tune 510BT - Rucas - Wholesale and Distribution","twitter:description":"Multi-point connections Allows you to effortlessly switch fromone Bluetooth device to another. Youcan simply switch from a video on yourtablet to a call on your mobile phoneso that you'll never miss a call. Hands-free calls Easily control your sound and manageyour calls from your headphones withthe convenient buttons on the ear-cup. Lightweightcomfortable andfoldable design The lightweight materials and soft earcushions with a padded headbandmake the headphones comfortable towear for extended periods.Thefoldable design makes it convenientfor you to carry your headphonesanywhere and anytime you want music. Ask Siri or Hey Google Siri or Hey Google is just a buttonaway: activate the voice assistant ofyour device by pushing the multi-function button","twitter:image":"https:\/\/www.rucashk.com\/wp-content\/uploads\/replace\/503b8e645f128a97ccde2b6290747646.jpeg","schema":{"@context":"https:\/\/schema.org","@graph":[{"@type":"BreadcrumbList","@id":"https:\/\/www.rucashk.com\/pt\/produto\/jbl-tune-510bt\/#breadcrumblist","itemListElement":[{"@type":"ListItem","@id":"https:\/\/www.rucashk.com\/pt\/#listItem","position":1,"name":"Home","item":"https:\/\/www.rucashk.com\/pt\/","nextItem":"https:\/\/www.rucashk.com\/pt\/produto\/jbl-tune-510bt\/#listItem"},{"@type":"ListItem","@id":"https:\/\/www.rucashk.com\/pt\/produto\/jbl-tune-510bt\/#listItem","position":2,"name":"JBL Tune 510BT","previousItem":"https:\/\/www.rucashk.com\/pt\/#listItem"}]},{"@type":"Organization","@id":"https:\/\/www.rucashk.com\/pt\/#organization","name":"Rucas","url":"https:\/\/www.rucashk.com\/pt\/","logo":{"@type":"ImageObject","url":"https:\/\/www.rucashk.com\/wp-content\/uploads\/2023\/12\/Rucas_campany_logo.png","@id":"https:\/\/www.rucashk.com\/pt\/produto\/jbl-tune-510bt\/#organizationLogo","width":221,"height":65},"image":{"@id":"https:\/\/www.rucashk.com\/pt\/#organizationLogo"}},{"@type":"Person","@id":"https:\/\/www.rucashk.com\/pt\/author\/admin\/#author","url":"https:\/\/www.rucashk.com\/pt\/author\/admin\/","name":"admin","image":{"@type":"ImageObject","@id":"https:\/\/www.rucashk.com\/pt\/produto\/jbl-tune-510bt\/#authorImage","url":"https:\/\/secure.gravatar.com\/avatar\/b7c8925b09a27e72b30232f8ecaadbd5af0f70a38c78096863fe51b64f031c24?s=96&d=mm&r=g","width":96,"height":96,"caption":"admin"}},{"@type":"WebPage","@id":"https:\/\/www.rucashk.com\/pt\/produto\/jbl-tune-510bt\/#webpage","url":"https:\/\/www.rucashk.com\/pt\/produto\/jbl-tune-510bt\/","name":"JBL Tune 510BT - Rucas - Wholesale and Distribution","description":"Multi-point connections Allows you to effortlessly switch fromone Bluetooth device to another. Youcan simply switch from a video on yourtablet to a call on your mobile phoneso that you'll never miss a call. Hands-free calls Easily control your sound and manageyour calls from your headphones withthe convenient buttons on the ear-cup. Lightweightcomfortable andfoldable design The lightweight materials and soft earcushions with a padded headbandmake the headphones comfortable towear for extended periods.Thefoldable design makes it convenientfor you to carry your headphonesanywhere and anytime you want music. Ask Siri or Hey Google Siri or Hey Google is just a buttonaway: activate the voice assistant ofyour device by pushing the multi-function button","inLanguage":"pt-PT","isPartOf":{"@id":"https:\/\/www.rucashk.com\/pt\/#website"},"breadcrumb":{"@id":"https:\/\/www.rucashk.com\/pt\/produto\/jbl-tune-510bt\/#breadcrumblist"},"author":{"@id":"https:\/\/www.rucashk.com\/pt\/author\/admin\/#author"},"creator":{"@id":"https:\/\/www.rucashk.com\/pt\/author\/admin\/#author"},"image":{"@type":"ImageObject","url":"https:\/\/www.rucashk.com\/wp-content\/uploads\/2024\/01\/3-1-1.webp","@id":"https:\/\/www.rucashk.com\/pt\/produto\/jbl-tune-510bt\/#mainImage","width":220,"height":220},"primaryImageOfPage":{"@id":"https:\/\/www.rucashk.com\/pt\/produto\/jbl-tune-510bt\/#mainImage"},"datePublished":"2024-01-09T16:29:33+00:00","dateModified":"2024-01-22T03:46:19+00:00"},{"@type":"WebSite","@id":"https:\/\/www.rucashk.com\/pt\/#website","url":"https:\/\/www.rucashk.com\/pt\/","name":"Rucas - Wholesale and distribution worldwide","alternateName":"Rucas - One-stop AIoT Distribution Worldwide","description":"One-stop AIoT Distribution Worldwide","inLanguage":"pt-PT","publisher":{"@id":"https:\/\/www.rucashk.com\/pt\/#organization"}}]}},"aioseo_meta_data":{"post_id":"26441","title":null,"description":null,"keywords":null,"keyphrases":null,"primary_term":null,"canonical_url":null,"og_title":null,"og_description":null,"og_object_type":"default","og_image_type":"default","og_image_url":null,"og_image_width":null,"og_image_height":null,"og_image_custom_url":null,"og_image_custom_fields":null,"og_video":null,"og_custom_url":null,"og_article_section":null,"og_article_tags":null,"twitter_use_og":false,"twitter_card":"default","twitter_image_type":"default","twitter_image_url":null,"twitter_image_custom_url":null,"twitter_image_custom_fields":null,"twitter_title":null,"twitter_description":null,"schema":{"blockGraphs":[],"customGraphs":[],"default":{"data":{"Article":[],"Course":[],"Dataset":[],"FAQPage":[],"Movie":[],"Person":[],"Product":[],"Recipe":[],"Service":[],"SoftwareApplication":[],"WebPage":[]},"graphName":"","isEnabled":true},"graphs":[]},"schema_type":"default","schema_type_options":null,"pillar_content":false,"robots_default":true,"robots_noindex":false,"robots_noarchive":false,"robots_nosnippet":false,"robots_nofollow":false,"robots_noimageindex":false,"robots_noodp":false,"robots_notranslate":false,"robots_max_snippet":null,"robots_max_videopreview":null,"robots_max_imagepreview":"large","priority":null,"frequency":null,"local_seo":null,"breadcrumb_settings":null,"limit_modified_date":false,"created":"2024-04-11 01:57:20","updated":"2025-06-22 18:19:02"},"aioseo_breadcrumb":"<div class=\"aioseo-breadcrumbs\"><span class=\"aioseo-breadcrumb\">\n\t<a href=\"https:\/\/www.rucashk.com\/pt\" title=\"Home\">Home<\/a>\n<\/span><span class=\"aioseo-breadcrumb-separator\">&raquo;<\/span><span class=\"aioseo-breadcrumb\">\n\t<a href=\"https:\/\/www.rucashk.com\/pt\/products\/\" title=\"Produtos\">Produtos<\/a>\n<\/span><span class=\"aioseo-breadcrumb-separator\">&raquo;<\/span><span class=\"aioseo-breadcrumb\">\n\t<a href=\"https:\/\/www.rucashk.com\/pt\/categoria-produto\/jbl-earphone\/\" title=\"JBL Earphone\">JBL Earphone<\/a>\n<\/span><span class=\"aioseo-breadcrumb-separator\">&raquo;<\/span><span class=\"aioseo-breadcrumb\">\n\tJBL Tune 510BT\n<\/span><\/div>","aioseo_breadcrumb_json":[{"label":"Home","link":"https:\/\/www.rucashk.com\/pt"},{"label":"Produtos","link":"https:\/\/www.rucashk.com\/pt\/products\/"},{"label":"JBL Earphone","link":"https:\/\/www.rucashk.com\/pt\/categoria-produto\/jbl-earphone\/"},{"label":"JBL Tune 510BT","link":"https:\/\/www.rucashk.com\/pt\/produto\/jbl-tune-510bt\/"}],"_links":{"self":[{"href":"https:\/\/www.rucashk.com\/pt\/wp-json\/wp\/v2\/product\/26441","targetHints":{"allow":["GET"]}}],"collection":[{"href":"https:\/\/www.rucashk.com\/pt\/wp-json\/wp\/v2\/product"}],"about":[{"href":"https:\/\/www.rucashk.com\/pt\/wp-json\/wp\/v2\/types\/product"}],"wp:featuredmedia":[{"embeddable":true,"href":"https:\/\/www.rucashk.com\/pt\/wp-json\/wp\/v2\/media\/26569"}],"wp:attachment":[{"href":"https:\/\/www.rucashk.com\/pt\/wp-json\/wp\/v2\/media?parent=26441"}],"wp:term":[{"taxonomy":"product_brand","embeddable":true,"href":"https:\/\/www.rucashk.com\/pt\/wp-json\/wp\/v2\/product_brand?post=26441"},{"taxonomy":"product_cat","embeddable":true,"href":"https:\/\/www.rucashk.com\/pt\/wp-json\/wp\/v2\/product_cat?post=26441"},{"taxonomy":"product_tag","embeddable":true,"href":"https:\/\/www.rucashk.com\/pt\/wp-json\/wp\/v2\/product_tag?post=26441"}],"curies":[{"name":"wp","href":"https:\/\/api.w.org\/{rel}","templated":true}]}}