{"id":26440,"date":"2024-01-09T16:29:33","date_gmt":"2024-01-09T16:29:33","guid":{"rendered":"http:\/\/rucashk.com\/?post_type=product&#038;p=26440"},"modified":"2024-01-22T03:45:58","modified_gmt":"2024-01-22T03:45:58","slug":"jbl-tune-720bt","status":"publish","type":"product","link":"https:\/\/www.rucashk.com\/pt\/produto\/jbl-tune-720bt\/","title":{"rendered":"JBL Tune 720BT"},"content":{"rendered":"<p><img decoding=\"async\" alt=\"JBL Tune 720BT\" src=\"\/wp-content\/uploads\/replace\/56458126e8371e194c3a1f29f4360ac0.jpeg\" \/><img fetchpriority=\"high\" decoding=\"async\" alt=\"JBL Tune 720BT\" src=\"\/wp-content\/uploads\/replace\/e12a62ac31c573d2fecc863ad0d93991.jpeg\" width=\"944\" height=\"944\" \/><img decoding=\"async\" alt=\"JBL Tune 720BT\" src=\"\/wp-content\/uploads\/replace\/c8343fb0799fa631a16bf4b8878e0603.jpeg\" width=\"944\" height=\"944\" \/><img decoding=\"async\" alt=\"JBL Tune 720BT\" src=\"\/wp-content\/uploads\/replace\/e514c2cacace503e4f8a91d82a6a99e4.jpeg\" width=\"944\" height=\"944\" \/><img loading=\"lazy\" decoding=\"async\" alt=\"JBL Tune 720BT\" src=\"\/wp-content\/uploads\/replace\/0237e865a37b42e8e461ba08b445fe3f.jpeg\" width=\"944\" height=\"944\" \/><img loading=\"lazy\" decoding=\"async\" alt=\"JBL Tune 720BT\" src=\"\/wp-content\/uploads\/replace\/671d062b0098362c716c0de2c038ecec.jpeg\" width=\"944\" height=\"944\" \/><\/p>\n<p>Os fones de ouvido JBL Tune 720BT transmitem o poderoso som JBL Pure Bass gra\u00e7as \u00e0 mais recente tecnologia 5.3 BT. F\u00e1ceis de usar, esses fones de ouvido proporcionam at\u00e9 76 horas de puro prazer e 3 horas extras de bateria com apenas 5 minutos de carga. Baixe o aplicativo gratuito JBL Headphones e personalize seu som por meio do equalizador, enquanto os comandos de voz orientam voc\u00ea pelos recursos dos fones de ouvido. Gerencie chamadas, som e volume no fone de ouvido, gra\u00e7as aos convenientes controles de bot\u00e3o. Se receber uma chamada enquanto voc\u00ea assiste a um v\u00eddeo em outro dispositivo, o JBL Tune 720BT muda perfeitamente para o seu dispositivo m\u00f3vel, para que voc\u00ea nunca perca uma chamada. Leves e confort\u00e1veis mesmo depois de horas de audi\u00e7\u00e3o, os fones de ouvido JBL Tune 720BT podem ser dobrados em sua mochila para acompanh\u00e1-lo a qualquer lugar.<\/p>","protected":false},"excerpt":{"rendered":"<p>Up to 76H battery lifeand speed charge(5mins = 3H)<\/p>\n<p>Hands-free calls withVoice Aware<\/p>\n<p>Multi-pointconnections<\/p>\n<p>Lightweight,comfortable andfoldable design<\/p>\n<p>Detachable audiocable<\/p>","protected":false},"featured_media":26563,"template":"","meta":[],"product_brand":[],"product_cat":[1284],"product_tag":[],"class_list":{"0":"post-26440","1":"product","2":"type-product","3":"status-publish","4":"has-post-thumbnail","6":"product_cat-jbl-earphone","8":"first","9":"instock","10":"shipping-taxable","11":"product-type-simple"},"aioseo_notices":[],"aioseo_head":"\n\t\t<!-- All in One SEO Pro 4.5.9.2 - aioseo.com -->\n\t\t<meta name=\"description\" content=\"Up to 76H battery lifeand speed charge(5mins = 3H) Hands-free calls withVoice Aware Multi-pointconnections Lightweight,comfortable andfoldable design Detachable audiocable\" \/>\n\t\t<meta name=\"robots\" content=\"max-image-preview:large\" \/>\n\t\t<link rel=\"canonical\" href=\"https:\/\/www.rucashk.com\/pt\/produto\/jbl-tune-720bt\/\" \/>\n\t\t<meta name=\"generator\" content=\"All in One SEO Pro (AIOSEO) 4.5.9.2\" \/>\n\t\t<meta property=\"og:locale\" content=\"pt_PT\" \/>\n\t\t<meta property=\"og:site_name\" content=\"Rucas - One-stop AIoT Distribution Worldwide\" \/>\n\t\t<meta property=\"og:type\" content=\"article\" \/>\n\t\t<meta property=\"og:title\" content=\"JBL Tune 720BT - Rucas - Wholesale and Distribution\" \/>\n\t\t<meta property=\"og:description\" content=\"Up to 76H battery lifeand speed charge(5mins = 3H) Hands-free calls withVoice Aware Multi-pointconnections Lightweight,comfortable andfoldable design Detachable audiocable\" \/>\n\t\t<meta property=\"og:url\" content=\"https:\/\/www.rucashk.com\/pt\/produto\/jbl-tune-720bt\/\" \/>\n\t\t<meta property=\"og:image\" content=\"https:\/\/www.rucashk.com\/wp-content\/uploads\/replace\/503b8e645f128a97ccde2b6290747646.jpeg\" \/>\n\t\t<meta property=\"og:image:secure_url\" content=\"https:\/\/www.rucashk.com\/wp-content\/uploads\/replace\/503b8e645f128a97ccde2b6290747646.jpeg\" \/>\n\t\t<meta property=\"og:image:width\" content=\"1456\" \/>\n\t\t<meta property=\"og:image:height\" content=\"816\" \/>\n\t\t<meta property=\"article:published_time\" content=\"2024-01-09T16:29:33+00:00\" \/>\n\t\t<meta property=\"article:modified_time\" content=\"2024-01-22T03:45:58+00:00\" \/>\n\t\t<meta name=\"twitter:card\" content=\"summary_large_image\" \/>\n\t\t<meta name=\"twitter:title\" content=\"JBL Tune 720BT - Rucas - Wholesale and Distribution\" \/>\n\t\t<meta name=\"twitter:description\" content=\"Up to 76H battery lifeand speed charge(5mins = 3H) Hands-free calls withVoice Aware Multi-pointconnections Lightweight,comfortable andfoldable design Detachable audiocable\" \/>\n\t\t<meta name=\"twitter:image\" content=\"https:\/\/www.rucashk.com\/wp-content\/uploads\/replace\/503b8e645f128a97ccde2b6290747646.jpeg\" \/>\n\t\t<script type=\"application\/ld+json\" class=\"aioseo-schema\">\n\t\t\t{\"@context\":\"https:\\\/\\\/schema.org\",\"@graph\":[{\"@type\":\"BreadcrumbList\",\"@id\":\"https:\\\/\\\/www.rucashk.com\\\/pt\\\/produto\\\/jbl-tune-720bt\\\/#breadcrumblist\",\"itemListElement\":[{\"@type\":\"ListItem\",\"@id\":\"https:\\\/\\\/www.rucashk.com\\\/pt\\\/#listItem\",\"position\":1,\"name\":\"Home\",\"item\":\"https:\\\/\\\/www.rucashk.com\\\/pt\\\/\",\"nextItem\":\"https:\\\/\\\/www.rucashk.com\\\/pt\\\/produto\\\/jbl-tune-720bt\\\/#listItem\"},{\"@type\":\"ListItem\",\"@id\":\"https:\\\/\\\/www.rucashk.com\\\/pt\\\/produto\\\/jbl-tune-720bt\\\/#listItem\",\"position\":2,\"name\":\"JBL Tune 720BT\",\"previousItem\":\"https:\\\/\\\/www.rucashk.com\\\/pt\\\/#listItem\"}]},{\"@type\":\"Organization\",\"@id\":\"https:\\\/\\\/www.rucashk.com\\\/pt\\\/#organization\",\"name\":\"Rucas\",\"url\":\"https:\\\/\\\/www.rucashk.com\\\/pt\\\/\",\"logo\":{\"@type\":\"ImageObject\",\"url\":\"https:\\\/\\\/www.rucashk.com\\\/wp-content\\\/uploads\\\/2023\\\/12\\\/Rucas_campany_logo.png\",\"@id\":\"https:\\\/\\\/www.rucashk.com\\\/pt\\\/produto\\\/jbl-tune-720bt\\\/#organizationLogo\",\"width\":221,\"height\":65},\"image\":{\"@id\":\"https:\\\/\\\/www.rucashk.com\\\/pt\\\/#organizationLogo\"}},{\"@type\":\"Person\",\"@id\":\"https:\\\/\\\/www.rucashk.com\\\/pt\\\/author\\\/admin\\\/#author\",\"url\":\"https:\\\/\\\/www.rucashk.com\\\/pt\\\/author\\\/admin\\\/\",\"name\":\"admin\",\"image\":{\"@type\":\"ImageObject\",\"@id\":\"https:\\\/\\\/www.rucashk.com\\\/pt\\\/produto\\\/jbl-tune-720bt\\\/#authorImage\",\"url\":\"https:\\\/\\\/secure.gravatar.com\\\/avatar\\\/b7c8925b09a27e72b30232f8ecaadbd5af0f70a38c78096863fe51b64f031c24?s=96&d=mm&r=g\",\"width\":96,\"height\":96,\"caption\":\"admin\"}},{\"@type\":\"WebPage\",\"@id\":\"https:\\\/\\\/www.rucashk.com\\\/pt\\\/produto\\\/jbl-tune-720bt\\\/#webpage\",\"url\":\"https:\\\/\\\/www.rucashk.com\\\/pt\\\/produto\\\/jbl-tune-720bt\\\/\",\"name\":\"JBL Tune 720BT - Rucas - Wholesale and Distribution\",\"description\":\"Up to 76H battery lifeand speed charge(5mins = 3H) Hands-free calls withVoice Aware Multi-pointconnections Lightweight,comfortable andfoldable design Detachable audiocable\",\"inLanguage\":\"pt-PT\",\"isPartOf\":{\"@id\":\"https:\\\/\\\/www.rucashk.com\\\/pt\\\/#website\"},\"breadcrumb\":{\"@id\":\"https:\\\/\\\/www.rucashk.com\\\/pt\\\/produto\\\/jbl-tune-720bt\\\/#breadcrumblist\"},\"author\":{\"@id\":\"https:\\\/\\\/www.rucashk.com\\\/pt\\\/author\\\/admin\\\/#author\"},\"creator\":{\"@id\":\"https:\\\/\\\/www.rucashk.com\\\/pt\\\/author\\\/admin\\\/#author\"},\"image\":{\"@type\":\"ImageObject\",\"url\":\"https:\\\/\\\/www.rucashk.com\\\/wp-content\\\/uploads\\\/2024\\\/01\\\/1-1-2.webp\",\"@id\":\"https:\\\/\\\/www.rucashk.com\\\/pt\\\/produto\\\/jbl-tune-720bt\\\/#mainImage\",\"width\":220,\"height\":220},\"primaryImageOfPage\":{\"@id\":\"https:\\\/\\\/www.rucashk.com\\\/pt\\\/produto\\\/jbl-tune-720bt\\\/#mainImage\"},\"datePublished\":\"2024-01-09T16:29:33+00:00\",\"dateModified\":\"2024-01-22T03:45:58+00:00\"},{\"@type\":\"WebSite\",\"@id\":\"https:\\\/\\\/www.rucashk.com\\\/pt\\\/#website\",\"url\":\"https:\\\/\\\/www.rucashk.com\\\/pt\\\/\",\"name\":\"Rucas - Wholesale and distribution worldwide\",\"alternateName\":\"Rucas - One-stop AIoT Distribution Worldwide\",\"description\":\"One-stop AIoT Distribution Worldwide\",\"inLanguage\":\"pt-PT\",\"publisher\":{\"@id\":\"https:\\\/\\\/www.rucashk.com\\\/pt\\\/#organization\"}}]}\n\t\t<\/script>\n\t\t<!-- All in One SEO Pro -->\r\n\t\t<title>JBL Tune 720BT - Rucas - Wholesale and Distribution<\/title>\n\n","aioseo_head_json":{"title":"JBL Tune 720BT - Rucas - Wholesale and Distribution","description":"Up to 76H battery lifeand speed charge(5mins = 3H) Hands-free calls withVoice Aware Multi-pointconnections Lightweight,comfortable andfoldable design Detachable audiocable","canonical_url":"https:\/\/www.rucashk.com\/pt\/produto\/jbl-tune-720bt\/","robots":"max-image-preview:large","keywords":"","webmasterTools":{"miscellaneous":""},"og:locale":"pt_PT","og:site_name":"Rucas - One-stop AIoT Distribution Worldwide","og:type":"article","og:title":"JBL Tune 720BT - Rucas - Wholesale and Distribution","og:description":"Up to 76H battery lifeand speed charge(5mins = 3H) Hands-free calls withVoice Aware Multi-pointconnections Lightweight,comfortable andfoldable design Detachable audiocable","og:url":"https:\/\/www.rucashk.com\/pt\/produto\/jbl-tune-720bt\/","og:image":"https:\/\/www.rucashk.com\/wp-content\/uploads\/replace\/503b8e645f128a97ccde2b6290747646.jpeg","og:image:secure_url":"https:\/\/www.rucashk.com\/wp-content\/uploads\/replace\/503b8e645f128a97ccde2b6290747646.jpeg","og:image:width":1456,"og:image:height":816,"article:published_time":"2024-01-09T16:29:33+00:00","article:modified_time":"2024-01-22T03:45:58+00:00","twitter:card":"summary_large_image","twitter:title":"JBL Tune 720BT - Rucas - Wholesale and Distribution","twitter:description":"Up to 76H battery lifeand speed charge(5mins = 3H) Hands-free calls withVoice Aware Multi-pointconnections Lightweight,comfortable andfoldable design Detachable audiocable","twitter:image":"https:\/\/www.rucashk.com\/wp-content\/uploads\/replace\/503b8e645f128a97ccde2b6290747646.jpeg","schema":{"@context":"https:\/\/schema.org","@graph":[{"@type":"BreadcrumbList","@id":"https:\/\/www.rucashk.com\/pt\/produto\/jbl-tune-720bt\/#breadcrumblist","itemListElement":[{"@type":"ListItem","@id":"https:\/\/www.rucashk.com\/pt\/#listItem","position":1,"name":"Home","item":"https:\/\/www.rucashk.com\/pt\/","nextItem":"https:\/\/www.rucashk.com\/pt\/produto\/jbl-tune-720bt\/#listItem"},{"@type":"ListItem","@id":"https:\/\/www.rucashk.com\/pt\/produto\/jbl-tune-720bt\/#listItem","position":2,"name":"JBL Tune 720BT","previousItem":"https:\/\/www.rucashk.com\/pt\/#listItem"}]},{"@type":"Organization","@id":"https:\/\/www.rucashk.com\/pt\/#organization","name":"Rucas","url":"https:\/\/www.rucashk.com\/pt\/","logo":{"@type":"ImageObject","url":"https:\/\/www.rucashk.com\/wp-content\/uploads\/2023\/12\/Rucas_campany_logo.png","@id":"https:\/\/www.rucashk.com\/pt\/produto\/jbl-tune-720bt\/#organizationLogo","width":221,"height":65},"image":{"@id":"https:\/\/www.rucashk.com\/pt\/#organizationLogo"}},{"@type":"Person","@id":"https:\/\/www.rucashk.com\/pt\/author\/admin\/#author","url":"https:\/\/www.rucashk.com\/pt\/author\/admin\/","name":"admin","image":{"@type":"ImageObject","@id":"https:\/\/www.rucashk.com\/pt\/produto\/jbl-tune-720bt\/#authorImage","url":"https:\/\/secure.gravatar.com\/avatar\/b7c8925b09a27e72b30232f8ecaadbd5af0f70a38c78096863fe51b64f031c24?s=96&d=mm&r=g","width":96,"height":96,"caption":"admin"}},{"@type":"WebPage","@id":"https:\/\/www.rucashk.com\/pt\/produto\/jbl-tune-720bt\/#webpage","url":"https:\/\/www.rucashk.com\/pt\/produto\/jbl-tune-720bt\/","name":"JBL Tune 720BT - Rucas - Wholesale and Distribution","description":"Up to 76H battery lifeand speed charge(5mins = 3H) Hands-free calls withVoice Aware Multi-pointconnections Lightweight,comfortable andfoldable design Detachable audiocable","inLanguage":"pt-PT","isPartOf":{"@id":"https:\/\/www.rucashk.com\/pt\/#website"},"breadcrumb":{"@id":"https:\/\/www.rucashk.com\/pt\/produto\/jbl-tune-720bt\/#breadcrumblist"},"author":{"@id":"https:\/\/www.rucashk.com\/pt\/author\/admin\/#author"},"creator":{"@id":"https:\/\/www.rucashk.com\/pt\/author\/admin\/#author"},"image":{"@type":"ImageObject","url":"https:\/\/www.rucashk.com\/wp-content\/uploads\/2024\/01\/1-1-2.webp","@id":"https:\/\/www.rucashk.com\/pt\/produto\/jbl-tune-720bt\/#mainImage","width":220,"height":220},"primaryImageOfPage":{"@id":"https:\/\/www.rucashk.com\/pt\/produto\/jbl-tune-720bt\/#mainImage"},"datePublished":"2024-01-09T16:29:33+00:00","dateModified":"2024-01-22T03:45:58+00:00"},{"@type":"WebSite","@id":"https:\/\/www.rucashk.com\/pt\/#website","url":"https:\/\/www.rucashk.com\/pt\/","name":"Rucas - Wholesale and distribution worldwide","alternateName":"Rucas - One-stop AIoT Distribution Worldwide","description":"One-stop AIoT Distribution Worldwide","inLanguage":"pt-PT","publisher":{"@id":"https:\/\/www.rucashk.com\/pt\/#organization"}}]}},"aioseo_meta_data":{"post_id":"26440","title":null,"description":null,"keywords":null,"keyphrases":null,"primary_term":null,"canonical_url":null,"og_title":null,"og_description":null,"og_object_type":"default","og_image_type":"default","og_image_url":null,"og_image_width":null,"og_image_height":null,"og_image_custom_url":null,"og_image_custom_fields":null,"og_video":null,"og_custom_url":null,"og_article_section":null,"og_article_tags":null,"twitter_use_og":false,"twitter_card":"default","twitter_image_type":"default","twitter_image_url":null,"twitter_image_custom_url":null,"twitter_image_custom_fields":null,"twitter_title":null,"twitter_description":null,"schema":{"blockGraphs":[],"customGraphs":[],"default":{"data":{"Article":[],"Course":[],"Dataset":[],"FAQPage":[],"Movie":[],"Person":[],"Product":[],"Recipe":[],"Service":[],"SoftwareApplication":[],"WebPage":[]},"graphName":"","isEnabled":true},"graphs":[]},"schema_type":"default","schema_type_options":null,"pillar_content":false,"robots_default":true,"robots_noindex":false,"robots_noarchive":false,"robots_nosnippet":false,"robots_nofollow":false,"robots_noimageindex":false,"robots_noodp":false,"robots_notranslate":false,"robots_max_snippet":null,"robots_max_videopreview":null,"robots_max_imagepreview":"large","priority":null,"frequency":null,"local_seo":null,"breadcrumb_settings":null,"limit_modified_date":false,"created":"2024-04-11 01:57:20","updated":"2025-06-22 18:19:01"},"aioseo_breadcrumb":"<div class=\"aioseo-breadcrumbs\"><span class=\"aioseo-breadcrumb\">\n\t<a href=\"https:\/\/www.rucashk.com\/pt\" title=\"Home\">Home<\/a>\n<\/span><span class=\"aioseo-breadcrumb-separator\">&raquo;<\/span><span class=\"aioseo-breadcrumb\">\n\t<a href=\"https:\/\/www.rucashk.com\/pt\/products\/\" title=\"Produtos\">Produtos<\/a>\n<\/span><span class=\"aioseo-breadcrumb-separator\">&raquo;<\/span><span class=\"aioseo-breadcrumb\">\n\t<a href=\"https:\/\/www.rucashk.com\/pt\/categoria-produto\/jbl-earphone\/\" title=\"JBL Earphone\">JBL Earphone<\/a>\n<\/span><span class=\"aioseo-breadcrumb-separator\">&raquo;<\/span><span class=\"aioseo-breadcrumb\">\n\tJBL Tune 720BT\n<\/span><\/div>","aioseo_breadcrumb_json":[{"label":"Home","link":"https:\/\/www.rucashk.com\/pt"},{"label":"Produtos","link":"https:\/\/www.rucashk.com\/pt\/products\/"},{"label":"JBL Earphone","link":"https:\/\/www.rucashk.com\/pt\/categoria-produto\/jbl-earphone\/"},{"label":"JBL Tune 720BT","link":"https:\/\/www.rucashk.com\/pt\/produto\/jbl-tune-720bt\/"}],"_links":{"self":[{"href":"https:\/\/www.rucashk.com\/pt\/wp-json\/wp\/v2\/product\/26440","targetHints":{"allow":["GET"]}}],"collection":[{"href":"https:\/\/www.rucashk.com\/pt\/wp-json\/wp\/v2\/product"}],"about":[{"href":"https:\/\/www.rucashk.com\/pt\/wp-json\/wp\/v2\/types\/product"}],"wp:featuredmedia":[{"embeddable":true,"href":"https:\/\/www.rucashk.com\/pt\/wp-json\/wp\/v2\/media\/26563"}],"wp:attachment":[{"href":"https:\/\/www.rucashk.com\/pt\/wp-json\/wp\/v2\/media?parent=26440"}],"wp:term":[{"taxonomy":"product_brand","embeddable":true,"href":"https:\/\/www.rucashk.com\/pt\/wp-json\/wp\/v2\/product_brand?post=26440"},{"taxonomy":"product_cat","embeddable":true,"href":"https:\/\/www.rucashk.com\/pt\/wp-json\/wp\/v2\/product_cat?post=26440"},{"taxonomy":"product_tag","embeddable":true,"href":"https:\/\/www.rucashk.com\/pt\/wp-json\/wp\/v2\/product_tag?post=26440"}],"curies":[{"name":"wp","href":"https:\/\/api.w.org\/{rel}","templated":true}]}}