{"id":26439,"date":"2024-01-09T16:29:33","date_gmt":"2024-01-09T16:29:33","guid":{"rendered":"http:\/\/rucashk.com\/?post_type=product&#038;p=26439"},"modified":"2024-03-13T12:55:58","modified_gmt":"2024-03-13T12:55:58","slug":"infinix-smart-6-plus","status":"publish","type":"product","link":"https:\/\/www.rucashk.com\/pt\/produto\/infinix-smart-6-plus\/","title":{"rendered":"Infinix SMART 6 MAIS"},"content":{"rendered":"<div class=\"primary group\" data-v-5bcaea6e=\"\"><strong>Tela de luz solar HD + de 6,82 \u2033<\/strong><\/div>\n<div class=\"secondary group\" data-v-5bcaea6e=\"\"><strong>Traga mais detalhes aos seus olhos<\/strong><\/div>\n<div class=\"text group\" data-v-5bcaea6e=\"\">O Smart 6 PLUS est\u00e1 equipado com uma tela HD + brilhante de 6,82 polegadas. O brilho m\u00e1ximo proporciona uma experi\u00eancia visual agrad\u00e1vel, seja ao ar livre ou em dias ensolarados. Com uma propor\u00e7\u00e3o tela-corpo de 91%\u00a0<sup data-v-5bcaea6e=\"\">1<\/sup>, uma vis\u00e3o cinematogr\u00e1fica encantadora est\u00e1 sempre dispon\u00edvel para voc\u00ea.<\/div>\n<div data-v-5bcaea6e=\"\"><\/div>\n<div data-v-5bcaea6e=\"\"><strong>At\u00e9 6 GB de RAM\u00a0<\/strong><\/div>\n<div data-v-5bcaea6e=\"\">\n<div class=\"primary ga\" data-v-5bcaea6e=\"\"><strong>Armazenamento de 64 GB<\/strong><\/div>\n<div class=\"secondary ga\" data-v-5bcaea6e=\"\">Salve suas mem\u00f3rias<\/div>\n<div class=\"text ga\" data-v-5bcaea6e=\"\">A ROM interna de armazenamento de 64 GB oferece mais espa\u00e7o para aplicativos, m\u00fasicas HiFi e fotos HD, o que significa que voc\u00ea pode guardar o que quiser e coletar momentos mais emocionantes com maior armazenamento.<\/div>\n<\/div>\n<div data-v-5bcaea6e=\"\"><\/div>\n<div data-v-5bcaea6e=\"\">\n<div class=\"primary\" data-v-5bcaea6e=\"\"><strong>Central el\u00e9trica da bateria 5000mAh<\/strong><\/div>\n<div class=\"secondary\" data-v-5bcaea6e=\"\"><strong>Longevidade redefinida<\/strong><\/div>\n<div class=\"text\" data-v-5bcaea6e=\"\">Mais vida. Isso \u00e9 o que voc\u00ea pode esperar desta bateria potente de 5000mAh. Habilitado pela tecnologia Power Marathon, o SMART 6 PLUS \u00e9 sempre constru\u00eddo para durar.<\/div>\n<\/div>\n<div data-v-5bcaea6e=\"\"><\/div>\n<div data-v-5bcaea6e=\"\">\n<div class=\"primary\" data-v-5bcaea6e=\"\"><strong>Motor de pot\u00eancia de v\u00eddeo Power Marathon X<\/strong><\/div>\n<div class=\"secondary\" data-v-5bcaea6e=\"\"><strong>Ligue por at\u00e9 90 minutos com bateria 5%<\/strong><\/div>\n<div class=\"text\" data-v-5bcaea6e=\"\">O Power Marathon oferece 3 estrat\u00e9gias de economia de energia. Quando a bateria estiver reduzida a 5%, ative o modo Ultra Power por meio do Power Marathon Tech, que proporcionar\u00e1 15 horas extras de bateria - at\u00e9 90 minutos de tempo de chamada.<\/div>\n<\/div>\n<div data-v-5bcaea6e=\"\"><\/div>\n<div data-v-5bcaea6e=\"\">\n<div class=\"primary\" data-v-5bcaea6e=\"\"><strong>Flash duplo dianteiro e traseiro<\/strong><\/div>\n<div class=\"secondary\" data-v-5bcaea6e=\"\"><strong>Retrato brilhante e brilhante em todos os sentidos<\/strong><\/div>\n<div class=\"text\" data-v-5bcaea6e=\"\">As c\u00e2meras frontal e traseira est\u00e3o equipadas com Flash Duplo, que o ajudar\u00e1 a capturar detalhes incr\u00edveis e mais n\u00edtidos e a obter melhores imagens com efeito bokeh com o Modo Retrato, mesmo com pouca luz.<\/div>\n<\/div>\n<div data-v-5bcaea6e=\"\"><\/div>\n<div data-v-5bcaea6e=\"\">\n<div class=\"primary\" data-v-5bcaea6e=\"\"><strong>Processador octa-core de 12nm<\/strong><\/div>\n<div class=\"secondary\" data-v-5bcaea6e=\"\"><strong>Potencialize cada movimento seu<\/strong><\/div>\n<div class=\"text pc\" data-v-5bcaea6e=\"\">O SMART 6 PLUS adota uma nova plataforma de 8 n\u00facleos, baseada na nova gera\u00e7\u00e3o de design de arquitetura de n\u00facleo grande e pequeno da DynamIQ. O processo avan\u00e7ado de 12 nm atinge um equil\u00edbrio entre desempenho e consumo de energia.<\/div>\n<\/div>\n<div data-v-5bcaea6e=\"\"><\/div>\n<div data-v-5bcaea6e=\"\">\n<div class=\"primary\" data-v-5bcaea6e=\"\"><strong>Maior desempenho<\/strong><\/div>\n<div class=\"secondary\" data-v-5bcaea6e=\"\"><strong>Menor consumo de energia<\/strong><\/div>\n<div class=\"text\" data-v-5bcaea6e=\"\">O LPDDR4X oferece uma alta velocidade te\u00f3rica de transmiss\u00e3o de dados de entrada\/sa\u00edda. Voc\u00ea pode obter uma experi\u00eancia de carregamento de jogo mais r\u00e1pida com menor consumo de energia.<\/div>\n<\/div>\n<div data-v-5bcaea6e=\"\"><\/div>\n<div data-v-5bcaea6e=\"\">\n<div class=\"primary\" data-v-5bcaea6e=\"\"><strong>Motor de desenho<sup data-v-5bcaea6e=\"\">6<\/sup><\/strong><\/div>\n<div class=\"secondary\" data-v-5bcaea6e=\"\"><strong>Suavize sua experi\u00eancia de jogo<\/strong><\/div>\n<div class=\"temp\" data-v-5bcaea6e=\"\"><strong>Desempenho Acelerado<\/strong><\/div>\n<div class=\"text\" data-v-5bcaea6e=\"\">A importa\u00e7\u00e3o do Darwin Engine elimina a press\u00e3o da RAM e tamb\u00e9m melhora o poder aritm\u00e9tico da CPU. Menor consumo de energia, experi\u00eancia de jogo mais r\u00e1pida.<\/div>\n<div class=\"temp\" data-v-5bcaea6e=\"\"><strong>Anima\u00e7\u00e3o Perfeita<\/strong><\/div>\n<div class=\"text\" data-v-5bcaea6e=\"\">A reconfigura\u00e7\u00e3o do sistema de exibi\u00e7\u00e3o juntamente com taxas de atualiza\u00e7\u00e3o inteligentes permitem a combina\u00e7\u00e3o perfeita de anima\u00e7\u00e3o e atualiza\u00e7\u00e3o de tela. Belo movimento mergulha em um mundo virtual.<\/div>\n<\/div>","protected":false},"excerpt":{"rendered":"<p>\u00b7 Tela cheia de luz solar HD+ de 6,82\u201d<br data-v-5bcaea6e=\"\" \/>\u00b7 64 GB ROM At\u00e9 3+3 GB de RAM Tecnologia de RAM estendida<br data-v-5bcaea6e=\"\" \/>\u00b7 Modo Ultra Power Maratona com Mega Bateria de 5000mAh<br data-v-5bcaea6e=\"\" \/>\u00b7 Flash duplo dianteiro e traseiro<br data-v-5bcaea6e=\"\" \/>\u00b7 Desempenho poderoso do processador Octa-Core de 12 nm<br data-v-5bcaea6e=\"\" \/>\u00b7 Processamento de \u00e1udio DTS com Beez 2.0<\/p>","protected":false},"featured_media":26561,"template":"","meta":[],"product_brand":[],"product_cat":[1302,1295],"product_tag":[],"class_list":{"0":"post-26439","1":"product","2":"type-product","3":"status-publish","4":"has-post-thumbnail","6":"product_cat-infinix-mobile-phone","7":"product_cat-mobile-phone","9":"first","10":"instock","11":"shipping-taxable","12":"product-type-simple"},"aioseo_notices":[],"aioseo_head":"\n\t\t<!-- All in One SEO Pro 4.5.9.2 - aioseo.com -->\n\t\t<meta name=\"description\" content=\"\u00b7 6.82\u201d HD+ Full Screen Sunlight Display\u00b7 64GB ROM Up to 3+3GB RAM Extended RAM Tech\u00b7 5000mAh Mega Battery Power Marathon Ultra Power Mode\u00b7 Dual Flash Front &amp; Rear\u00b7 Octa-Core 12nm Processor Powerful Performance\u00b7 DTS Audio Processing with Beez 2.0\" \/>\n\t\t<meta name=\"robots\" content=\"max-image-preview:large\" \/>\n\t\t<link rel=\"canonical\" href=\"https:\/\/www.rucashk.com\/pt\/produto\/infinix-smart-6-plus\/\" \/>\n\t\t<meta name=\"generator\" content=\"All in One SEO Pro (AIOSEO) 4.5.9.2\" \/>\n\t\t<meta property=\"og:locale\" content=\"pt_PT\" \/>\n\t\t<meta property=\"og:site_name\" content=\"Rucas - One-stop AIoT Distribution Worldwide\" \/>\n\t\t<meta property=\"og:type\" content=\"article\" \/>\n\t\t<meta property=\"og:title\" content=\"Infinix SMART 6 PLUS - Rucas - Wholesale and Distribution\" \/>\n\t\t<meta property=\"og:description\" content=\"\u00b7 6.82\u201d HD+ Full Screen Sunlight Display\u00b7 64GB ROM Up to 3+3GB RAM Extended RAM Tech\u00b7 5000mAh Mega Battery Power Marathon Ultra Power Mode\u00b7 Dual Flash Front &amp; Rear\u00b7 Octa-Core 12nm Processor Powerful Performance\u00b7 DTS Audio Processing with Beez 2.0\" \/>\n\t\t<meta property=\"og:url\" content=\"https:\/\/www.rucashk.com\/pt\/produto\/infinix-smart-6-plus\/\" \/>\n\t\t<meta property=\"og:image\" content=\"https:\/\/www.rucashk.com\/wp-content\/uploads\/replace\/503b8e645f128a97ccde2b6290747646.jpeg\" \/>\n\t\t<meta property=\"og:image:secure_url\" content=\"https:\/\/www.rucashk.com\/wp-content\/uploads\/replace\/503b8e645f128a97ccde2b6290747646.jpeg\" \/>\n\t\t<meta property=\"og:image:width\" content=\"1456\" \/>\n\t\t<meta property=\"og:image:height\" content=\"816\" \/>\n\t\t<meta property=\"article:published_time\" content=\"2024-01-09T16:29:33+00:00\" \/>\n\t\t<meta property=\"article:modified_time\" content=\"2024-03-13T12:55:58+00:00\" \/>\n\t\t<meta name=\"twitter:card\" content=\"summary_large_image\" \/>\n\t\t<meta name=\"twitter:title\" content=\"Infinix SMART 6 PLUS - Rucas - Wholesale and Distribution\" \/>\n\t\t<meta name=\"twitter:description\" content=\"\u00b7 6.82\u201d HD+ Full Screen Sunlight Display\u00b7 64GB ROM Up to 3+3GB RAM Extended RAM Tech\u00b7 5000mAh Mega Battery Power Marathon Ultra Power Mode\u00b7 Dual Flash Front &amp; Rear\u00b7 Octa-Core 12nm Processor Powerful Performance\u00b7 DTS Audio Processing with Beez 2.0\" \/>\n\t\t<meta name=\"twitter:image\" content=\"https:\/\/www.rucashk.com\/wp-content\/uploads\/replace\/503b8e645f128a97ccde2b6290747646.jpeg\" \/>\n\t\t<script type=\"application\/ld+json\" class=\"aioseo-schema\">\n\t\t\t{\"@context\":\"https:\\\/\\\/schema.org\",\"@graph\":[{\"@type\":\"BreadcrumbList\",\"@id\":\"https:\\\/\\\/www.rucashk.com\\\/pt\\\/produto\\\/infinix-smart-6-plus\\\/#breadcrumblist\",\"itemListElement\":[{\"@type\":\"ListItem\",\"@id\":\"https:\\\/\\\/www.rucashk.com\\\/pt\\\/#listItem\",\"position\":1,\"name\":\"Home\",\"item\":\"https:\\\/\\\/www.rucashk.com\\\/pt\\\/\",\"nextItem\":\"https:\\\/\\\/www.rucashk.com\\\/pt\\\/produto\\\/infinix-smart-6-plus\\\/#listItem\"},{\"@type\":\"ListItem\",\"@id\":\"https:\\\/\\\/www.rucashk.com\\\/pt\\\/produto\\\/infinix-smart-6-plus\\\/#listItem\",\"position\":2,\"name\":\"Infinix SMART 6 PLUS\",\"previousItem\":\"https:\\\/\\\/www.rucashk.com\\\/pt\\\/#listItem\"}]},{\"@type\":\"Organization\",\"@id\":\"https:\\\/\\\/www.rucashk.com\\\/pt\\\/#organization\",\"name\":\"Rucas\",\"url\":\"https:\\\/\\\/www.rucashk.com\\\/pt\\\/\",\"logo\":{\"@type\":\"ImageObject\",\"url\":\"https:\\\/\\\/www.rucashk.com\\\/wp-content\\\/uploads\\\/2023\\\/12\\\/Rucas_campany_logo.png\",\"@id\":\"https:\\\/\\\/www.rucashk.com\\\/pt\\\/produto\\\/infinix-smart-6-plus\\\/#organizationLogo\",\"width\":221,\"height\":65},\"image\":{\"@id\":\"https:\\\/\\\/www.rucashk.com\\\/pt\\\/#organizationLogo\"}},{\"@type\":\"Person\",\"@id\":\"https:\\\/\\\/www.rucashk.com\\\/pt\\\/author\\\/admin\\\/#author\",\"url\":\"https:\\\/\\\/www.rucashk.com\\\/pt\\\/author\\\/admin\\\/\",\"name\":\"admin\",\"image\":{\"@type\":\"ImageObject\",\"@id\":\"https:\\\/\\\/www.rucashk.com\\\/pt\\\/produto\\\/infinix-smart-6-plus\\\/#authorImage\",\"url\":\"https:\\\/\\\/secure.gravatar.com\\\/avatar\\\/b7c8925b09a27e72b30232f8ecaadbd5af0f70a38c78096863fe51b64f031c24?s=96&d=mm&r=g\",\"width\":96,\"height\":96,\"caption\":\"admin\"}},{\"@type\":\"WebPage\",\"@id\":\"https:\\\/\\\/www.rucashk.com\\\/pt\\\/produto\\\/infinix-smart-6-plus\\\/#webpage\",\"url\":\"https:\\\/\\\/www.rucashk.com\\\/pt\\\/produto\\\/infinix-smart-6-plus\\\/\",\"name\":\"Infinix SMART 6 PLUS - Rucas - Wholesale and Distribution\",\"description\":\"\\u00b7 6.82\\u201d HD+ Full Screen Sunlight Display\\u00b7 64GB ROM Up to 3+3GB RAM Extended RAM Tech\\u00b7 5000mAh Mega Battery Power Marathon Ultra Power Mode\\u00b7 Dual Flash Front & Rear\\u00b7 Octa-Core 12nm Processor Powerful Performance\\u00b7 DTS Audio Processing with Beez 2.0\",\"inLanguage\":\"pt-PT\",\"isPartOf\":{\"@id\":\"https:\\\/\\\/www.rucashk.com\\\/pt\\\/#website\"},\"breadcrumb\":{\"@id\":\"https:\\\/\\\/www.rucashk.com\\\/pt\\\/produto\\\/infinix-smart-6-plus\\\/#breadcrumblist\"},\"author\":{\"@id\":\"https:\\\/\\\/www.rucashk.com\\\/pt\\\/author\\\/admin\\\/#author\"},\"creator\":{\"@id\":\"https:\\\/\\\/www.rucashk.com\\\/pt\\\/author\\\/admin\\\/#author\"},\"image\":{\"@type\":\"ImageObject\",\"url\":\"https:\\\/\\\/www.rucashk.com\\\/wp-content\\\/uploads\\\/2024\\\/01\\\/24-1.png\",\"@id\":\"https:\\\/\\\/www.rucashk.com\\\/pt\\\/produto\\\/infinix-smart-6-plus\\\/#mainImage\",\"width\":1000,\"height\":1000},\"primaryImageOfPage\":{\"@id\":\"https:\\\/\\\/www.rucashk.com\\\/pt\\\/produto\\\/infinix-smart-6-plus\\\/#mainImage\"},\"datePublished\":\"2024-01-09T16:29:33+00:00\",\"dateModified\":\"2024-03-13T12:55:58+00:00\"},{\"@type\":\"WebSite\",\"@id\":\"https:\\\/\\\/www.rucashk.com\\\/pt\\\/#website\",\"url\":\"https:\\\/\\\/www.rucashk.com\\\/pt\\\/\",\"name\":\"Rucas - Wholesale and distribution worldwide\",\"alternateName\":\"Rucas - One-stop AIoT Distribution Worldwide\",\"description\":\"One-stop AIoT Distribution Worldwide\",\"inLanguage\":\"pt-PT\",\"publisher\":{\"@id\":\"https:\\\/\\\/www.rucashk.com\\\/pt\\\/#organization\"}}]}\n\t\t<\/script>\n\t\t<!-- All in One SEO Pro -->\r\n\t\t<title>Infinix SMART 6 PLUS - Rucas - Wholesale and Distribution<\/title>\n\n","aioseo_head_json":{"title":"Infinix SMART 6 PLUS - Rucas - Wholesale and Distribution","description":"\u00b7 6.82\u201d HD+ Full Screen Sunlight Display\u00b7 64GB ROM Up to 3+3GB RAM Extended RAM Tech\u00b7 5000mAh Mega Battery Power Marathon Ultra Power Mode\u00b7 Dual Flash Front & Rear\u00b7 Octa-Core 12nm Processor Powerful Performance\u00b7 DTS Audio Processing with Beez 2.0","canonical_url":"https:\/\/www.rucashk.com\/pt\/produto\/infinix-smart-6-plus\/","robots":"max-image-preview:large","keywords":"","webmasterTools":{"miscellaneous":""},"og:locale":"pt_PT","og:site_name":"Rucas - One-stop AIoT Distribution Worldwide","og:type":"article","og:title":"Infinix SMART 6 PLUS - Rucas - Wholesale and Distribution","og:description":"\u00b7 6.82\u201d HD+ Full Screen Sunlight Display\u00b7 64GB ROM Up to 3+3GB RAM Extended RAM Tech\u00b7 5000mAh Mega Battery Power Marathon Ultra Power Mode\u00b7 Dual Flash Front &amp; Rear\u00b7 Octa-Core 12nm Processor Powerful Performance\u00b7 DTS Audio Processing with Beez 2.0","og:url":"https:\/\/www.rucashk.com\/pt\/produto\/infinix-smart-6-plus\/","og:image":"https:\/\/www.rucashk.com\/wp-content\/uploads\/replace\/503b8e645f128a97ccde2b6290747646.jpeg","og:image:secure_url":"https:\/\/www.rucashk.com\/wp-content\/uploads\/replace\/503b8e645f128a97ccde2b6290747646.jpeg","og:image:width":1456,"og:image:height":816,"article:published_time":"2024-01-09T16:29:33+00:00","article:modified_time":"2024-03-13T12:55:58+00:00","twitter:card":"summary_large_image","twitter:title":"Infinix SMART 6 PLUS - Rucas - Wholesale and Distribution","twitter:description":"\u00b7 6.82\u201d HD+ Full Screen Sunlight Display\u00b7 64GB ROM Up to 3+3GB RAM Extended RAM Tech\u00b7 5000mAh Mega Battery Power Marathon Ultra Power Mode\u00b7 Dual Flash Front &amp; Rear\u00b7 Octa-Core 12nm Processor Powerful Performance\u00b7 DTS Audio Processing with Beez 2.0","twitter:image":"https:\/\/www.rucashk.com\/wp-content\/uploads\/replace\/503b8e645f128a97ccde2b6290747646.jpeg","schema":{"@context":"https:\/\/schema.org","@graph":[{"@type":"BreadcrumbList","@id":"https:\/\/www.rucashk.com\/pt\/produto\/infinix-smart-6-plus\/#breadcrumblist","itemListElement":[{"@type":"ListItem","@id":"https:\/\/www.rucashk.com\/pt\/#listItem","position":1,"name":"Home","item":"https:\/\/www.rucashk.com\/pt\/","nextItem":"https:\/\/www.rucashk.com\/pt\/produto\/infinix-smart-6-plus\/#listItem"},{"@type":"ListItem","@id":"https:\/\/www.rucashk.com\/pt\/produto\/infinix-smart-6-plus\/#listItem","position":2,"name":"Infinix SMART 6 PLUS","previousItem":"https:\/\/www.rucashk.com\/pt\/#listItem"}]},{"@type":"Organization","@id":"https:\/\/www.rucashk.com\/pt\/#organization","name":"Rucas","url":"https:\/\/www.rucashk.com\/pt\/","logo":{"@type":"ImageObject","url":"https:\/\/www.rucashk.com\/wp-content\/uploads\/2023\/12\/Rucas_campany_logo.png","@id":"https:\/\/www.rucashk.com\/pt\/produto\/infinix-smart-6-plus\/#organizationLogo","width":221,"height":65},"image":{"@id":"https:\/\/www.rucashk.com\/pt\/#organizationLogo"}},{"@type":"Person","@id":"https:\/\/www.rucashk.com\/pt\/author\/admin\/#author","url":"https:\/\/www.rucashk.com\/pt\/author\/admin\/","name":"admin","image":{"@type":"ImageObject","@id":"https:\/\/www.rucashk.com\/pt\/produto\/infinix-smart-6-plus\/#authorImage","url":"https:\/\/secure.gravatar.com\/avatar\/b7c8925b09a27e72b30232f8ecaadbd5af0f70a38c78096863fe51b64f031c24?s=96&d=mm&r=g","width":96,"height":96,"caption":"admin"}},{"@type":"WebPage","@id":"https:\/\/www.rucashk.com\/pt\/produto\/infinix-smart-6-plus\/#webpage","url":"https:\/\/www.rucashk.com\/pt\/produto\/infinix-smart-6-plus\/","name":"Infinix SMART 6 PLUS - Rucas - Wholesale and Distribution","description":"\u00b7 6.82\u201d HD+ Full Screen Sunlight Display\u00b7 64GB ROM Up to 3+3GB RAM Extended RAM Tech\u00b7 5000mAh Mega Battery Power Marathon Ultra Power Mode\u00b7 Dual Flash Front & Rear\u00b7 Octa-Core 12nm Processor Powerful Performance\u00b7 DTS Audio Processing with Beez 2.0","inLanguage":"pt-PT","isPartOf":{"@id":"https:\/\/www.rucashk.com\/pt\/#website"},"breadcrumb":{"@id":"https:\/\/www.rucashk.com\/pt\/produto\/infinix-smart-6-plus\/#breadcrumblist"},"author":{"@id":"https:\/\/www.rucashk.com\/pt\/author\/admin\/#author"},"creator":{"@id":"https:\/\/www.rucashk.com\/pt\/author\/admin\/#author"},"image":{"@type":"ImageObject","url":"https:\/\/www.rucashk.com\/wp-content\/uploads\/2024\/01\/24-1.png","@id":"https:\/\/www.rucashk.com\/pt\/produto\/infinix-smart-6-plus\/#mainImage","width":1000,"height":1000},"primaryImageOfPage":{"@id":"https:\/\/www.rucashk.com\/pt\/produto\/infinix-smart-6-plus\/#mainImage"},"datePublished":"2024-01-09T16:29:33+00:00","dateModified":"2024-03-13T12:55:58+00:00"},{"@type":"WebSite","@id":"https:\/\/www.rucashk.com\/pt\/#website","url":"https:\/\/www.rucashk.com\/pt\/","name":"Rucas - Wholesale and distribution worldwide","alternateName":"Rucas - One-stop AIoT Distribution Worldwide","description":"One-stop AIoT Distribution Worldwide","inLanguage":"pt-PT","publisher":{"@id":"https:\/\/www.rucashk.com\/pt\/#organization"}}]}},"aioseo_meta_data":{"post_id":"26439","title":null,"description":null,"keywords":null,"keyphrases":null,"primary_term":null,"canonical_url":null,"og_title":null,"og_description":null,"og_object_type":"default","og_image_type":"default","og_image_url":null,"og_image_width":null,"og_image_height":null,"og_image_custom_url":null,"og_image_custom_fields":null,"og_video":null,"og_custom_url":null,"og_article_section":null,"og_article_tags":null,"twitter_use_og":false,"twitter_card":"default","twitter_image_type":"default","twitter_image_url":null,"twitter_image_custom_url":null,"twitter_image_custom_fields":null,"twitter_title":null,"twitter_description":null,"schema":{"blockGraphs":[],"customGraphs":[],"default":{"data":{"Article":[],"Course":[],"Dataset":[],"FAQPage":[],"Movie":[],"Person":[],"Product":[],"Recipe":[],"Service":[],"SoftwareApplication":[],"WebPage":[]},"graphName":"","isEnabled":true},"graphs":[]},"schema_type":"default","schema_type_options":null,"pillar_content":false,"robots_default":true,"robots_noindex":false,"robots_noarchive":false,"robots_nosnippet":false,"robots_nofollow":false,"robots_noimageindex":false,"robots_noodp":false,"robots_notranslate":false,"robots_max_snippet":null,"robots_max_videopreview":null,"robots_max_imagepreview":"large","priority":null,"frequency":null,"local_seo":null,"breadcrumb_settings":null,"limit_modified_date":false,"created":"2024-04-11 01:57:20","updated":"2025-06-22 18:19:01"},"aioseo_breadcrumb":"<div class=\"aioseo-breadcrumbs\"><span class=\"aioseo-breadcrumb\">\n\t<a href=\"https:\/\/www.rucashk.com\/pt\" title=\"Home\">Home<\/a>\n<\/span><span class=\"aioseo-breadcrumb-separator\">&raquo;<\/span><span class=\"aioseo-breadcrumb\">\n\t<a href=\"https:\/\/www.rucashk.com\/pt\/products\/\" title=\"Produtos\">Produtos<\/a>\n<\/span><span class=\"aioseo-breadcrumb-separator\">&raquo;<\/span><span class=\"aioseo-breadcrumb\">\n\t<a href=\"https:\/\/www.rucashk.com\/pt\/categoria-produto\/mobile-phone\/\" title=\"Mobile Phone\">Mobile Phone<\/a>\n<\/span><span class=\"aioseo-breadcrumb-separator\">&raquo;<\/span><span class=\"aioseo-breadcrumb\">\n\t<a href=\"https:\/\/www.rucashk.com\/pt\/categoria-produto\/mobile-phone\/infinix-mobile-phone\/\" title=\"Infinix\">Infinix<\/a>\n<\/span><span class=\"aioseo-breadcrumb-separator\">&raquo;<\/span><span class=\"aioseo-breadcrumb\">\n\tInfinix SMART 6 PLUS\n<\/span><\/div>","aioseo_breadcrumb_json":[{"label":"Home","link":"https:\/\/www.rucashk.com\/pt"},{"label":"Produtos","link":"https:\/\/www.rucashk.com\/pt\/products\/"},{"label":"Mobile Phone","link":"https:\/\/www.rucashk.com\/pt\/categoria-produto\/mobile-phone\/"},{"label":"Infinix","link":"https:\/\/www.rucashk.com\/pt\/categoria-produto\/mobile-phone\/infinix-mobile-phone\/"},{"label":"Infinix SMART 6 PLUS","link":"https:\/\/www.rucashk.com\/pt\/produto\/infinix-smart-6-plus\/"}],"_links":{"self":[{"href":"https:\/\/www.rucashk.com\/pt\/wp-json\/wp\/v2\/product\/26439","targetHints":{"allow":["GET"]}}],"collection":[{"href":"https:\/\/www.rucashk.com\/pt\/wp-json\/wp\/v2\/product"}],"about":[{"href":"https:\/\/www.rucashk.com\/pt\/wp-json\/wp\/v2\/types\/product"}],"wp:featuredmedia":[{"embeddable":true,"href":"https:\/\/www.rucashk.com\/pt\/wp-json\/wp\/v2\/media\/26561"}],"wp:attachment":[{"href":"https:\/\/www.rucashk.com\/pt\/wp-json\/wp\/v2\/media?parent=26439"}],"wp:term":[{"taxonomy":"product_brand","embeddable":true,"href":"https:\/\/www.rucashk.com\/pt\/wp-json\/wp\/v2\/product_brand?post=26439"},{"taxonomy":"product_cat","embeddable":true,"href":"https:\/\/www.rucashk.com\/pt\/wp-json\/wp\/v2\/product_cat?post=26439"},{"taxonomy":"product_tag","embeddable":true,"href":"https:\/\/www.rucashk.com\/pt\/wp-json\/wp\/v2\/product_tag?post=26439"}],"curies":[{"name":"wp","href":"https:\/\/api.w.org\/{rel}","templated":true}]}}