{"id":26397,"date":"2024-01-09T16:29:11","date_gmt":"2024-01-09T16:29:11","guid":{"rendered":"http:\/\/rucashk.com\/?post_type=product&#038;p=26397"},"modified":"2024-03-11T10:29:17","modified_gmt":"2024-03-11T10:29:17","slug":"imoo-watch-phone-z1","status":"publish","type":"product","link":"https:\/\/www.rucashk.com\/pt\/produto\/imoo-watch-phone-z1\/","title":{"rendered":"imoo Rel\u00f3gio Telefone Z1"},"content":{"rendered":"<p><img fetchpriority=\"high\" decoding=\"async\" class=\"alignnone wp-image-32098 size-full\" src=\"\/wp-content\/uploads\/replace\/5ecf66da5b7858356375188156470746.jpeg\" alt=\"imoo Watch Phone Z1\" width=\"1920\" height=\"1080\" \/><\/p>\n<p>&nbsp;<\/p>\n<p><img decoding=\"async\" class=\"alignnone wp-image-32099 size-full\" src=\"\/wp-content\/uploads\/replace\/b9c9734ac22dc8f2ff73a86b500c5995.jpeg\" alt=\"imoo Watch Phone Z1\" width=\"1919\" height=\"1348\" \/><\/p>\n<p class=\"p1 f39 wow fadeInDown animated\" style=\"text-align: center\"><strong>Chamada de v\u00eddeo HD<\/strong><\/p>\n<p class=\"p2 f64 wow fadeInDown animated\" style=\"text-align: center\"><strong>Mantenha as crian\u00e7as \u00e0 vista.<\/strong><\/p>\n<p class=\"p3 f20 regular wow fadeInDown animated\" style=\"text-align: center\">Com a videochamada HD, os pais podem ver seus filhos a qualquer momento<br \/>\nincluindo sua localiza\u00e7\u00e3o e arredores.<\/p>\n<p>&nbsp;<\/p>\n<p><img decoding=\"async\" class=\"alignnone wp-image-32100\" src=\"\/wp-content\/uploads\/replace\/ce77ac5155baaf6d4d67a28e014f20fc.jpeg\" alt=\"imoo Watch Phone Z1\" width=\"810\" height=\"457\" \/><\/p>\n<p>&nbsp;<\/p>\n<p class=\"p1 f64 demi wow fadeInDown animated\" style=\"text-align: center\"><strong>Localiza\u00e7\u00e3o precisa<\/strong><\/p>\n<p class=\"p2 f30 fb demi wow fadeInDown animated\" style=\"text-align: center\"><strong>GPS, GLONASS, WI-FI, LBS<\/strong><\/p>\n<p class=\"p3 f20 regular wow fadeInDown animated\" style=\"text-align: center\"><strong><span class=\"demi\">Navegando at\u00e9 o local da crian\u00e7a<\/span><\/strong><br \/>\nQuando a crian\u00e7a desaparecer de vista, n\u00e3o se preocupe!<br \/>\nAbra o APP imoo no seu telefone, encontre a navega\u00e7\u00e3o<br \/>\nfun\u00e7\u00e3o e voc\u00ea pode encontrar seu filho facilmente.<\/p>\n<p class=\"p3 f20 regular wow fadeInDown animated\" style=\"text-align: center\">\n<strong><span class=\"demi\">Monitoramento de status de movimento<\/span><\/strong><br \/>\nVoc\u00ea tamb\u00e9m poder\u00e1 monitorar o seu filho<br \/>\nstatus de movimento atrav\u00e9s do imoo APP quando<br \/>\nseu filho usa um imoo Watch Phone.<\/p>\n<p class=\"p3 f20 regular wow fadeInDown animated\" style=\"text-align: center\">\nNota: Suportado pelo Google Maps.<\/p>\n<p>&nbsp;<\/p>\n<p>&nbsp;<\/p>\n<p><img loading=\"lazy\" decoding=\"async\" class=\"alignnone wp-image-32101 size-full\" src=\"\/wp-content\/uploads\/replace\/d79e8091963b6aa71e438b6b30f3e2d5.jpeg\" alt=\"imoo Watch Phone Z1\" width=\"1920\" height=\"1305\" \/><\/p>\n<p class=\"p1 f64 demi wow fadeInDown animated\" style=\"text-align: center\"><strong>Fa\u00e7a seus filhos se mexerem.<\/strong><\/p>\n<p class=\"p2 f20 fb regular wow fadeInDown animated\" style=\"text-align: center\">Rastreamento inteligente de condicionamento f\u00edsico para registrar a atividade f\u00edsica do seu filho.<\/p>\n<p class=\"p3 f30 demi wow fadeInDown animated\" style=\"text-align: center\"><strong>Contador de passos e classifica\u00e7\u00e3o de passos<\/strong><\/p>\n<p class=\"p2 f20 fb regular wow fadeInDown animated\" style=\"text-align: center\">Mais do que um monitor de fitness, conecte-se com amigos para comparar classifica\u00e7\u00f5es di\u00e1rias de passos<br \/>\npara motivar seu filho a se exercitar mais.<\/p>\n<p><img loading=\"lazy\" decoding=\"async\" class=\"alignnone wp-image-32102 size-full\" src=\"\/wp-content\/uploads\/replace\/52a793a364106fab359e2e87a59d7fa1.jpeg\" alt=\"imoo Watch Phone Z1\" width=\"1920\" height=\"1108\" \/><\/p>\n<p class=\"p2 f52 fb demi wow fadeInDown animated\" style=\"text-align: center\"><strong>IPX8, melhor derramamento e<\/strong><br \/>\n<strong>Resist\u00eancia a respingos<\/strong><\/p>\n<p class=\"p3 f20 regular wow fadeInDown animated\" style=\"text-align: center\">Com materiais resistentes \u00e0 \u00e1gua especialmente selecionados,<br \/>\nimoo Watch Phone Z1 permite que as crian\u00e7as se divirtam brincando com<br \/>\n\u00e1gua.<\/p>\n<p><img loading=\"lazy\" decoding=\"async\" class=\"alignnone wp-image-32103 size-full\" src=\"\/wp-content\/uploads\/replace\/ec4879215bb8e034c7fa9c64159f59d7.jpeg\" alt=\"imoo Watch Phone Z1\" width=\"1920\" height=\"1080\" \/><\/p>\n<p class=\"p2 f52 fb demi wow fadeInDown animated\" style=\"text-align: center\"><strong>Modo de aula para<\/strong><br \/>\n<strong>Aprendizagem imperturbada<\/strong><\/p>\n<p class=\"p3 f20 regular wow fadeInDown animated\" style=\"text-align: center\">Voc\u00ea tem permiss\u00e3o para definir o hor\u00e1rio e a dura\u00e7\u00e3o da aula a partir do imoo<br \/>\nAPP e configurar o Modo Aula durante o hor\u00e1rio escolar. imoo Assistir telefone<br \/>\nse tornar\u00e1 efetivamente uma vigil\u00e2ncia ou apenas chamadas urgentes para o administrador.<\/p>\n<p>Com o Modo Aula, n\u00e3o h\u00e1 necessidade de se preocupar se seu filho usa imoo<br \/>\nAssista ao telefone com frequ\u00eancia e seja incomodado durante as aulas.<\/p>\n<p><img loading=\"lazy\" decoding=\"async\" class=\"alignnone wp-image-32105 size-full\" src=\"\/wp-content\/uploads\/replace\/4c2e17625b616d5382f3c571b6b3c39d.jpeg\" alt=\"imoo Watch Phone Z1\" width=\"1920\" height=\"1080\" \/><\/p>\n<p class=\"p2 f64 fb demi wow fadeInDown animated\" style=\"text-align: center\"><strong>Vida \u00fatil da bateria ultra-longa,<\/strong><br \/>\n<strong>Permane\u00e7a conectado.<\/strong><\/p>\n<p class=\"p3 f20 regular wow fadeInDown animated\" style=\"text-align: center\">\nimoo Watch Phone Z1 est\u00e1 equipado com sil\u00edcio de \u00faltima gera\u00e7\u00e3o<br \/>\nTecnologia de bateria an\u00f3dica.<br \/>\nTem maior dura\u00e7\u00e3o da bateria com o mesmo peso e volume da bateria<br \/>\ncategoria.<\/p>\n<p>Nota: imoo Watch Phone Z1 possui uma bateria de 740mAh.<\/p>\n<p>&nbsp;<\/p>\n<p><img loading=\"lazy\" decoding=\"async\" class=\"alignnone wp-image-32106 size-full\" src=\"\/wp-content\/uploads\/replace\/da39cdf4e4306ae208cca881c4bf1df9.jpeg\" alt=\"imoo Watch Phone Z1\" width=\"1920\" height=\"1299\" \/><\/p>\n<p class=\"p1 f30 fb demi wow fadeInDown animated\" style=\"text-align: center\"><strong>Chamada de v\u00eddeo e chamada de voz bidirecional<\/strong><\/p>\n<p class=\"p2 f64 fb demi wow fadeInDown animated\" style=\"text-align: center\">Em movimento. No saber.<\/p>\n<p class=\"p3 f20 regular wow fadeInDown animated\" style=\"text-align: center\">A rede 4G oferece melhor experi\u00eancia de chamada.<\/p>\n<p>&nbsp;<\/p>\n<p><img loading=\"lazy\" decoding=\"async\" class=\"alignnone wp-image-32107 size-full\" src=\"\/wp-content\/uploads\/replace\/e9762a3890a95bcd5d757e9bccc3fe57.jpeg\" alt=\"imoo Watch Phone Z1\" width=\"1920\" height=\"1076\" \/><\/p>\n<p class=\"p1 f64 fb demi wow fadeInDown animated\" style=\"text-align: center\"><strong>Alto brilho, cores amplas e detalhes realistas.<\/strong><\/p>\n<p class=\"p3 f20 regular wow fadeInDown animated\" style=\"text-align: center\">Mais brilhante ao ar livre, sem cintila\u00e7\u00e3o \u00e0 noite. Excelente experi\u00eancia a qualquer hora e em qualquer lugar.<\/p>\n<p>&nbsp;<\/p>\n<p><img loading=\"lazy\" decoding=\"async\" class=\"alignnone wp-image-32108 size-full\" src=\"\/wp-content\/uploads\/replace\/0da1ad781e1e21927553d3029ed80fe1.jpeg\" alt=\"imoo Watch Phone Z1\" width=\"1920\" height=\"1080\" \/><\/p>\n<p class=\"p2 f64 regular wow fadeInDown animated\" style=\"text-align: center\"><strong>Paring \u00e9 cuidar.<\/strong><\/p>\n<p class=\"p3 f20 regular wow fadeInDown animated\" style=\"text-align: center\">Vincule imoo Watch Phone Z1 a smartphones da fam\u00edlia<br \/>\nmembros, e todos podem manter contato pelo Family<br \/>\nBate-papo, chamada de voz ou videochamada.<br \/>\nDeixe as crian\u00e7as serem independentes e os pais tenham o conforto<br \/>\nde saber que eles est\u00e3o a apenas uma liga\u00e7\u00e3o de dist\u00e2ncia.<\/p>\n<p style=\"text-align: center\">\n<p><img loading=\"lazy\" decoding=\"async\" class=\"alignnone wp-image-32109 size-full\" src=\"\/wp-content\/uploads\/replace\/e890a95a08f98836b477b1b21bb9a78a.jpeg\" alt=\"imoo Watch Phone Z1\" width=\"1920\" height=\"1080\" \/><\/p>\n<p class=\"p1 f30 fb demi wow fadeInDown animated\" style=\"text-align: center\"><strong>Mais de 160 testes de produtos<\/strong><\/p>\n<p class=\"p2 f64 demi wow fadeInDown animated\" style=\"text-align: center\"><strong>Garantia da Qualidade<\/strong><\/p>\n<p class=\"p3 f20 regular wow fadeInDown animated\" style=\"text-align: center\">imoo Watch Phone Z1 passou em mais de 160 testes antes de ser lan\u00e7ado,<br \/>\nincluindo teste de queda, teste de elementos t\u00f3xicos, teste de seguran\u00e7a e muito mais.<br \/>\nA qualidade iReliable oferece aos usu\u00e1rios uma excelente experi\u00eancia.<\/p>\n<p>&nbsp;<\/p>","protected":false},"excerpt":{"rendered":"<ul>\n<li>Mantenha as crian\u00e7as \u00e0 vista<\/li>\n<li class=\"p1 f64 demi wow fadeInDown animated\">Localiza\u00e7\u00e3o precisa<\/li>\n<li>Fa\u00e7a seus filhos se mexerem<\/li>\n<li>IPX8, melhor resist\u00eancia a derramamentos e respingos<\/li>\n<li>Modo de aula para aprendizagem tranquila<\/li>\n<li>Bateria de longa dura\u00e7\u00e3o, mantenha-se conectado<\/li>\n<li>Alto brilho, cores amplas e detalhes realistas<\/li>\n<\/ul>","protected":false},"featured_media":26546,"template":"","meta":[],"product_brand":[],"product_cat":[1334,1322],"product_tag":[],"class_list":{"0":"post-26397","1":"product","2":"type-product","3":"status-publish","4":"has-post-thumbnail","6":"product_cat-imoo","7":"product_cat-other-a-brands","9":"first","10":"instock","11":"shipping-taxable","12":"product-type-simple"},"aioseo_notices":[],"aioseo_head":"\n\t\t<!-- All in One SEO Pro 4.5.9.2 - aioseo.com -->\n\t\t<meta name=\"description\" content=\"Keep Kids in Sight Accurate Locating Make Your Kids Move IPX8, Better Spill And Splash Resistance Class Mode for Undisturbed Learning Ultra-Long Battery Life, Stay Connected High Brightness, Wide Color, and True-to-life Detail\" \/>\n\t\t<meta name=\"robots\" content=\"max-image-preview:large\" \/>\n\t\t<link rel=\"canonical\" href=\"https:\/\/www.rucashk.com\/pt\/produto\/imoo-watch-phone-z1\/\" \/>\n\t\t<meta name=\"generator\" content=\"All in One SEO Pro (AIOSEO) 4.5.9.2\" \/>\n\t\t<meta property=\"og:locale\" content=\"pt_PT\" \/>\n\t\t<meta property=\"og:site_name\" content=\"Rucas - One-stop AIoT Distribution Worldwide\" \/>\n\t\t<meta property=\"og:type\" content=\"article\" \/>\n\t\t<meta property=\"og:title\" content=\"imoo Watch Phone Z1 - Rucas - Wholesale and Distribution\" \/>\n\t\t<meta property=\"og:description\" content=\"Keep Kids in Sight Accurate Locating Make Your Kids Move IPX8, Better Spill And Splash Resistance Class Mode for Undisturbed Learning Ultra-Long Battery Life, Stay Connected High Brightness, Wide Color, and True-to-life Detail\" \/>\n\t\t<meta property=\"og:url\" content=\"https:\/\/www.rucashk.com\/pt\/produto\/imoo-watch-phone-z1\/\" \/>\n\t\t<meta property=\"og:image\" content=\"https:\/\/www.rucashk.com\/wp-content\/uploads\/replace\/503b8e645f128a97ccde2b6290747646.jpeg\" \/>\n\t\t<meta property=\"og:image:secure_url\" content=\"https:\/\/www.rucashk.com\/wp-content\/uploads\/replace\/503b8e645f128a97ccde2b6290747646.jpeg\" \/>\n\t\t<meta property=\"og:image:width\" content=\"1456\" \/>\n\t\t<meta property=\"og:image:height\" content=\"816\" \/>\n\t\t<meta property=\"article:published_time\" content=\"2024-01-09T16:29:11+00:00\" \/>\n\t\t<meta property=\"article:modified_time\" content=\"2024-03-11T10:29:17+00:00\" \/>\n\t\t<meta name=\"twitter:card\" content=\"summary_large_image\" \/>\n\t\t<meta name=\"twitter:title\" content=\"imoo Watch Phone Z1 - Rucas - Wholesale and Distribution\" \/>\n\t\t<meta name=\"twitter:description\" content=\"Keep Kids in Sight Accurate Locating Make Your Kids Move IPX8, Better Spill And Splash Resistance Class Mode for Undisturbed Learning Ultra-Long Battery Life, Stay Connected High Brightness, Wide Color, and True-to-life Detail\" \/>\n\t\t<meta name=\"twitter:image\" content=\"https:\/\/www.rucashk.com\/wp-content\/uploads\/replace\/503b8e645f128a97ccde2b6290747646.jpeg\" \/>\n\t\t<script type=\"application\/ld+json\" class=\"aioseo-schema\">\n\t\t\t{\"@context\":\"https:\\\/\\\/schema.org\",\"@graph\":[{\"@type\":\"BreadcrumbList\",\"@id\":\"https:\\\/\\\/www.rucashk.com\\\/pt\\\/produto\\\/imoo-watch-phone-z1\\\/#breadcrumblist\",\"itemListElement\":[{\"@type\":\"ListItem\",\"@id\":\"https:\\\/\\\/www.rucashk.com\\\/pt\\\/#listItem\",\"position\":1,\"name\":\"Home\",\"item\":\"https:\\\/\\\/www.rucashk.com\\\/pt\\\/\",\"nextItem\":\"https:\\\/\\\/www.rucashk.com\\\/pt\\\/produto\\\/imoo-watch-phone-z1\\\/#listItem\"},{\"@type\":\"ListItem\",\"@id\":\"https:\\\/\\\/www.rucashk.com\\\/pt\\\/produto\\\/imoo-watch-phone-z1\\\/#listItem\",\"position\":2,\"name\":\"imoo Watch Phone Z1\",\"previousItem\":\"https:\\\/\\\/www.rucashk.com\\\/pt\\\/#listItem\"}]},{\"@type\":\"Organization\",\"@id\":\"https:\\\/\\\/www.rucashk.com\\\/pt\\\/#organization\",\"name\":\"Rucas\",\"url\":\"https:\\\/\\\/www.rucashk.com\\\/pt\\\/\",\"logo\":{\"@type\":\"ImageObject\",\"url\":\"https:\\\/\\\/www.rucashk.com\\\/wp-content\\\/uploads\\\/2023\\\/12\\\/Rucas_campany_logo.png\",\"@id\":\"https:\\\/\\\/www.rucashk.com\\\/pt\\\/produto\\\/imoo-watch-phone-z1\\\/#organizationLogo\",\"width\":221,\"height\":65},\"image\":{\"@id\":\"https:\\\/\\\/www.rucashk.com\\\/pt\\\/#organizationLogo\"}},{\"@type\":\"Person\",\"@id\":\"https:\\\/\\\/www.rucashk.com\\\/pt\\\/author\\\/admin\\\/#author\",\"url\":\"https:\\\/\\\/www.rucashk.com\\\/pt\\\/author\\\/admin\\\/\",\"name\":\"admin\",\"image\":{\"@type\":\"ImageObject\",\"@id\":\"https:\\\/\\\/www.rucashk.com\\\/pt\\\/produto\\\/imoo-watch-phone-z1\\\/#authorImage\",\"url\":\"https:\\\/\\\/secure.gravatar.com\\\/avatar\\\/b7c8925b09a27e72b30232f8ecaadbd5af0f70a38c78096863fe51b64f031c24?s=96&d=mm&r=g\",\"width\":96,\"height\":96,\"caption\":\"admin\"}},{\"@type\":\"WebPage\",\"@id\":\"https:\\\/\\\/www.rucashk.com\\\/pt\\\/produto\\\/imoo-watch-phone-z1\\\/#webpage\",\"url\":\"https:\\\/\\\/www.rucashk.com\\\/pt\\\/produto\\\/imoo-watch-phone-z1\\\/\",\"name\":\"imoo Watch Phone Z1 - Rucas - Wholesale and Distribution\",\"description\":\"Keep Kids in Sight Accurate Locating Make Your Kids Move IPX8, Better Spill And Splash Resistance Class Mode for Undisturbed Learning Ultra-Long Battery Life, Stay Connected High Brightness, Wide Color, and True-to-life Detail\",\"inLanguage\":\"pt-PT\",\"isPartOf\":{\"@id\":\"https:\\\/\\\/www.rucashk.com\\\/pt\\\/#website\"},\"breadcrumb\":{\"@id\":\"https:\\\/\\\/www.rucashk.com\\\/pt\\\/produto\\\/imoo-watch-phone-z1\\\/#breadcrumblist\"},\"author\":{\"@id\":\"https:\\\/\\\/www.rucashk.com\\\/pt\\\/author\\\/admin\\\/#author\"},\"creator\":{\"@id\":\"https:\\\/\\\/www.rucashk.com\\\/pt\\\/author\\\/admin\\\/#author\"},\"image\":{\"@type\":\"ImageObject\",\"url\":\"https:\\\/\\\/www.rucashk.com\\\/wp-content\\\/uploads\\\/2024\\\/01\\\/10014.z1.png\",\"@id\":\"https:\\\/\\\/www.rucashk.com\\\/pt\\\/produto\\\/imoo-watch-phone-z1\\\/#mainImage\",\"width\":194,\"height\":210},\"primaryImageOfPage\":{\"@id\":\"https:\\\/\\\/www.rucashk.com\\\/pt\\\/produto\\\/imoo-watch-phone-z1\\\/#mainImage\"},\"datePublished\":\"2024-01-09T16:29:11+00:00\",\"dateModified\":\"2024-03-11T10:29:17+00:00\"},{\"@type\":\"WebSite\",\"@id\":\"https:\\\/\\\/www.rucashk.com\\\/pt\\\/#website\",\"url\":\"https:\\\/\\\/www.rucashk.com\\\/pt\\\/\",\"name\":\"Rucas - Wholesale and distribution worldwide\",\"alternateName\":\"Rucas - One-stop AIoT Distribution Worldwide\",\"description\":\"One-stop AIoT Distribution Worldwide\",\"inLanguage\":\"pt-PT\",\"publisher\":{\"@id\":\"https:\\\/\\\/www.rucashk.com\\\/pt\\\/#organization\"}}]}\n\t\t<\/script>\n\t\t<!-- All in One SEO Pro -->\r\n\t\t<title>imoo Watch Phone Z1 - Rucas - Wholesale and Distribution<\/title>\n\n","aioseo_head_json":{"title":"imoo Watch Phone Z1 - Rucas - Wholesale and Distribution","description":"Keep Kids in Sight Accurate Locating Make Your Kids Move IPX8, Better Spill And Splash Resistance Class Mode for Undisturbed Learning Ultra-Long Battery Life, Stay Connected High Brightness, Wide Color, and True-to-life Detail","canonical_url":"https:\/\/www.rucashk.com\/pt\/produto\/imoo-watch-phone-z1\/","robots":"max-image-preview:large","keywords":"","webmasterTools":{"miscellaneous":""},"og:locale":"pt_PT","og:site_name":"Rucas - One-stop AIoT Distribution Worldwide","og:type":"article","og:title":"imoo Watch Phone Z1 - Rucas - Wholesale and Distribution","og:description":"Keep Kids in Sight Accurate Locating Make Your Kids Move IPX8, Better Spill And Splash Resistance Class Mode for Undisturbed Learning Ultra-Long Battery Life, Stay Connected High Brightness, Wide Color, and True-to-life Detail","og:url":"https:\/\/www.rucashk.com\/pt\/produto\/imoo-watch-phone-z1\/","og:image":"https:\/\/www.rucashk.com\/wp-content\/uploads\/replace\/503b8e645f128a97ccde2b6290747646.jpeg","og:image:secure_url":"https:\/\/www.rucashk.com\/wp-content\/uploads\/replace\/503b8e645f128a97ccde2b6290747646.jpeg","og:image:width":1456,"og:image:height":816,"article:published_time":"2024-01-09T16:29:11+00:00","article:modified_time":"2024-03-11T10:29:17+00:00","twitter:card":"summary_large_image","twitter:title":"imoo Watch Phone Z1 - Rucas - Wholesale and Distribution","twitter:description":"Keep Kids in Sight Accurate Locating Make Your Kids Move IPX8, Better Spill And Splash Resistance Class Mode for Undisturbed Learning Ultra-Long Battery Life, Stay Connected High Brightness, Wide Color, and True-to-life Detail","twitter:image":"https:\/\/www.rucashk.com\/wp-content\/uploads\/replace\/503b8e645f128a97ccde2b6290747646.jpeg","schema":{"@context":"https:\/\/schema.org","@graph":[{"@type":"BreadcrumbList","@id":"https:\/\/www.rucashk.com\/pt\/produto\/imoo-watch-phone-z1\/#breadcrumblist","itemListElement":[{"@type":"ListItem","@id":"https:\/\/www.rucashk.com\/pt\/#listItem","position":1,"name":"Home","item":"https:\/\/www.rucashk.com\/pt\/","nextItem":"https:\/\/www.rucashk.com\/pt\/produto\/imoo-watch-phone-z1\/#listItem"},{"@type":"ListItem","@id":"https:\/\/www.rucashk.com\/pt\/produto\/imoo-watch-phone-z1\/#listItem","position":2,"name":"imoo Watch Phone Z1","previousItem":"https:\/\/www.rucashk.com\/pt\/#listItem"}]},{"@type":"Organization","@id":"https:\/\/www.rucashk.com\/pt\/#organization","name":"Rucas","url":"https:\/\/www.rucashk.com\/pt\/","logo":{"@type":"ImageObject","url":"https:\/\/www.rucashk.com\/wp-content\/uploads\/2023\/12\/Rucas_campany_logo.png","@id":"https:\/\/www.rucashk.com\/pt\/produto\/imoo-watch-phone-z1\/#organizationLogo","width":221,"height":65},"image":{"@id":"https:\/\/www.rucashk.com\/pt\/#organizationLogo"}},{"@type":"Person","@id":"https:\/\/www.rucashk.com\/pt\/author\/admin\/#author","url":"https:\/\/www.rucashk.com\/pt\/author\/admin\/","name":"admin","image":{"@type":"ImageObject","@id":"https:\/\/www.rucashk.com\/pt\/produto\/imoo-watch-phone-z1\/#authorImage","url":"https:\/\/secure.gravatar.com\/avatar\/b7c8925b09a27e72b30232f8ecaadbd5af0f70a38c78096863fe51b64f031c24?s=96&d=mm&r=g","width":96,"height":96,"caption":"admin"}},{"@type":"WebPage","@id":"https:\/\/www.rucashk.com\/pt\/produto\/imoo-watch-phone-z1\/#webpage","url":"https:\/\/www.rucashk.com\/pt\/produto\/imoo-watch-phone-z1\/","name":"imoo Watch Phone Z1 - Rucas - Wholesale and Distribution","description":"Keep Kids in Sight Accurate Locating Make Your Kids Move IPX8, Better Spill And Splash Resistance Class Mode for Undisturbed Learning Ultra-Long Battery Life, Stay Connected High Brightness, Wide Color, and True-to-life Detail","inLanguage":"pt-PT","isPartOf":{"@id":"https:\/\/www.rucashk.com\/pt\/#website"},"breadcrumb":{"@id":"https:\/\/www.rucashk.com\/pt\/produto\/imoo-watch-phone-z1\/#breadcrumblist"},"author":{"@id":"https:\/\/www.rucashk.com\/pt\/author\/admin\/#author"},"creator":{"@id":"https:\/\/www.rucashk.com\/pt\/author\/admin\/#author"},"image":{"@type":"ImageObject","url":"https:\/\/www.rucashk.com\/wp-content\/uploads\/2024\/01\/10014.z1.png","@id":"https:\/\/www.rucashk.com\/pt\/produto\/imoo-watch-phone-z1\/#mainImage","width":194,"height":210},"primaryImageOfPage":{"@id":"https:\/\/www.rucashk.com\/pt\/produto\/imoo-watch-phone-z1\/#mainImage"},"datePublished":"2024-01-09T16:29:11+00:00","dateModified":"2024-03-11T10:29:17+00:00"},{"@type":"WebSite","@id":"https:\/\/www.rucashk.com\/pt\/#website","url":"https:\/\/www.rucashk.com\/pt\/","name":"Rucas - Wholesale and distribution worldwide","alternateName":"Rucas - One-stop AIoT Distribution Worldwide","description":"One-stop AIoT Distribution Worldwide","inLanguage":"pt-PT","publisher":{"@id":"https:\/\/www.rucashk.com\/pt\/#organization"}}]}},"aioseo_meta_data":{"post_id":"26397","title":null,"description":null,"keywords":null,"keyphrases":null,"primary_term":null,"canonical_url":null,"og_title":null,"og_description":null,"og_object_type":"default","og_image_type":"default","og_image_url":null,"og_image_width":null,"og_image_height":null,"og_image_custom_url":null,"og_image_custom_fields":null,"og_video":null,"og_custom_url":null,"og_article_section":null,"og_article_tags":null,"twitter_use_og":false,"twitter_card":"default","twitter_image_type":"default","twitter_image_url":null,"twitter_image_custom_url":null,"twitter_image_custom_fields":null,"twitter_title":null,"twitter_description":null,"schema":{"blockGraphs":[],"customGraphs":[],"default":{"data":{"Article":[],"Course":[],"Dataset":[],"FAQPage":[],"Movie":[],"Person":[],"Product":[],"Recipe":[],"Service":[],"SoftwareApplication":[],"WebPage":[]},"graphName":"","isEnabled":true},"graphs":[]},"schema_type":"default","schema_type_options":null,"pillar_content":false,"robots_default":true,"robots_noindex":false,"robots_noarchive":false,"robots_nosnippet":false,"robots_nofollow":false,"robots_noimageindex":false,"robots_noodp":false,"robots_notranslate":false,"robots_max_snippet":null,"robots_max_videopreview":null,"robots_max_imagepreview":"large","priority":null,"frequency":null,"local_seo":null,"breadcrumb_settings":null,"limit_modified_date":false,"created":"2024-04-11 01:57:20","updated":"2025-06-22 18:18:59"},"aioseo_breadcrumb":"<div class=\"aioseo-breadcrumbs\"><span class=\"aioseo-breadcrumb\">\n\t<a href=\"https:\/\/www.rucashk.com\/pt\" title=\"Home\">Home<\/a>\n<\/span><span class=\"aioseo-breadcrumb-separator\">&raquo;<\/span><span class=\"aioseo-breadcrumb\">\n\t<a href=\"https:\/\/www.rucashk.com\/pt\/products\/\" title=\"Produtos\">Produtos<\/a>\n<\/span><span class=\"aioseo-breadcrumb-separator\">&raquo;<\/span><span class=\"aioseo-breadcrumb\">\n\t<a href=\"https:\/\/www.rucashk.com\/pt\/categoria-produto\/other-a-brands\/\" title=\"Other A-Brands\">Other A-Brands<\/a>\n<\/span><span class=\"aioseo-breadcrumb-separator\">&raquo;<\/span><span class=\"aioseo-breadcrumb\">\n\t<a href=\"https:\/\/www.rucashk.com\/pt\/categoria-produto\/other-a-brands\/imoo\/\" title=\"Imoo\">Imoo<\/a>\n<\/span><span class=\"aioseo-breadcrumb-separator\">&raquo;<\/span><span class=\"aioseo-breadcrumb\">\n\timoo Watch Phone Z1\n<\/span><\/div>","aioseo_breadcrumb_json":[{"label":"Home","link":"https:\/\/www.rucashk.com\/pt"},{"label":"Produtos","link":"https:\/\/www.rucashk.com\/pt\/products\/"},{"label":"Other A-Brands","link":"https:\/\/www.rucashk.com\/pt\/categoria-produto\/other-a-brands\/"},{"label":"Imoo","link":"https:\/\/www.rucashk.com\/pt\/categoria-produto\/other-a-brands\/imoo\/"},{"label":"imoo Watch Phone Z1","link":"https:\/\/www.rucashk.com\/pt\/produto\/imoo-watch-phone-z1\/"}],"_links":{"self":[{"href":"https:\/\/www.rucashk.com\/pt\/wp-json\/wp\/v2\/product\/26397","targetHints":{"allow":["GET"]}}],"collection":[{"href":"https:\/\/www.rucashk.com\/pt\/wp-json\/wp\/v2\/product"}],"about":[{"href":"https:\/\/www.rucashk.com\/pt\/wp-json\/wp\/v2\/types\/product"}],"wp:featuredmedia":[{"embeddable":true,"href":"https:\/\/www.rucashk.com\/pt\/wp-json\/wp\/v2\/media\/26546"}],"wp:attachment":[{"href":"https:\/\/www.rucashk.com\/pt\/wp-json\/wp\/v2\/media?parent=26397"}],"wp:term":[{"taxonomy":"product_brand","embeddable":true,"href":"https:\/\/www.rucashk.com\/pt\/wp-json\/wp\/v2\/product_brand?post=26397"},{"taxonomy":"product_cat","embeddable":true,"href":"https:\/\/www.rucashk.com\/pt\/wp-json\/wp\/v2\/product_cat?post=26397"},{"taxonomy":"product_tag","embeddable":true,"href":"https:\/\/www.rucashk.com\/pt\/wp-json\/wp\/v2\/product_tag?post=26397"}],"curies":[{"name":"wp","href":"https:\/\/api.w.org\/{rel}","templated":true}]}}