{"id":26394,"date":"2024-01-09T16:29:10","date_gmt":"2024-01-09T16:29:10","guid":{"rendered":"http:\/\/rucashk.com\/?post_type=product&#038;p=26394"},"modified":"2024-01-22T03:50:14","modified_gmt":"2024-01-22T03:50:14","slug":"realme-buds-air3-neo","status":"publish","type":"product","link":"https:\/\/www.rucashk.com\/pt\/produto\/realme-buds-air3-neo\/","title":{"rendered":"Realme Buds Air3 NEO"},"content":{"rendered":"<p><img decoding=\"async\" src=\"\/wp-content\/uploads\/replace\/755a22fa179b87b8da161c8f970f5415.jpeg\" alt=\"Realme Buds Air3\" \/><img decoding=\"async\" src=\"\/wp-content\/uploads\/replace\/e53e25076464c30fae7a21536df94ec7.jpeg\" alt=\"Realme Buds Air3\" \/><img decoding=\"async\" src=\"\/wp-content\/uploads\/replace\/db12a8fb04030947a295466ac087edaf.jpeg\" alt=\"Realme Buds Air3\" \/><img decoding=\"async\" src=\"\/wp-content\/uploads\/replace\/1863a35781f5b0612fd43109e1815544.jpeg\" alt=\"Realme Buds Air3\" \/><img decoding=\"async\" src=\"\/wp-content\/uploads\/replace\/28fb9af84c4c4c5895a146216dcb6fbd.jpeg\" alt=\"Realme Buds Air3\" \/><img decoding=\"async\" src=\"\/wp-content\/uploads\/replace\/145d8c6f31b5a74a9fcb3858a09aef91.jpeg\" alt=\"Realme Buds Air3\" \/><img decoding=\"async\" src=\"\/wp-content\/uploads\/replace\/e69d3d470916227f60d1eb664337e378.jpeg\" alt=\"Realme Buds Air3\" \/><img decoding=\"async\" src=\"\/wp-content\/uploads\/replace\/3b5ea4d48113936f61576172a1c90ff7.jpeg\" alt=\"Realme Buds Air3\" \/><img decoding=\"async\" src=\"\/wp-content\/uploads\/replace\/22dc84a47890c86b207844deb8b31ce6.jpeg\" alt=\"Realme Buds Air3\" \/><img decoding=\"async\" src=\"\/wp-content\/uploads\/replace\/746a606d058da4369db3864e15e2da4b.jpeg\" alt=\"Realme Buds Air3\" \/><img decoding=\"async\" src=\"\/wp-content\/uploads\/replace\/2c10baed280c4f3a8605b4721241ff49.jpeg\" alt=\"Realme Buds Air3\" \/><img decoding=\"async\" src=\"\/wp-content\/uploads\/replace\/2cf9fc2f6e286bb61fff81a24f429939.jpeg\" alt=\"Realme Buds Air3\" \/><img decoding=\"async\" src=\"\/wp-content\/uploads\/replace\/4bbc8df1a567445c9115465de40d6d1c.jpeg\" alt=\"Realme Buds Air3\" \/><img decoding=\"async\" src=\"\/wp-content\/uploads\/replace\/6b179a5e9d1b1cb336dcf8621b888b23.jpeg\" alt=\"Realme Buds Air3\" \/><img decoding=\"async\" src=\"\/wp-content\/uploads\/replace\/8156cf49bb8ee00a73d55255f1bcd01b.jpeg\" alt=\"Realme Buds Air3\" \/><img decoding=\"async\" src=\"\/wp-content\/uploads\/replace\/3a6545ee3d5091e349192a454260aef0.jpeg\" alt=\"Realme Buds Air3\" \/><img decoding=\"async\" src=\"\/wp-content\/uploads\/replace\/46d340013a3a0dc33a80eb1f6eb04783.jpeg\" alt=\"Realme Buds Air3\" \/><\/p>\n<ul class=\"a-unordered-list a-vertical a-spacing-mini\">\n<li class=\"a-spacing-mini\"><span class=\"a-list-item\">1 ano de garantia<\/span><\/li>\n<li class=\"a-spacing-mini\"><span class=\"a-list-item\">[Design de bordas curvas] Lance seu pod em um universo de m\u00fasica. Inspirado na emo\u00e7\u00e3o das viagens espaciais, o design do pod de carregamento de borda curva do realme Buds Air 3 Neo cabe na ponta dos dedos.<\/span><\/li>\n<li class=\"a-spacing-mini\"><span class=\"a-list-item\">[Cancelamento de ru\u00eddo ambiental de IA] Nosso algoritmo de IA \u00e9 combinado com um algoritmo de rede neural profunda que suprime o ru\u00eddo de fundo e isola vozes humanas.<\/span><\/li>\n<li class=\"a-spacing-mini\"><span class=\"a-list-item\">[Driver avan\u00e7ado e estrutura de diafragma] Graves surpreendentemente vibrantes. Diafragmas complexos de pol\u00edmero PEEK + TPU de 10 mm para um som que aproveita todo o seu potencial. Desfrute de graves vibrantes.<\/span><\/li>\n<li class=\"a-spacing-mini\"><span class=\"a-list-item\">[Design exclusivo de c\u00e2mara de som] O design de c\u00e2mara de som propriet\u00e1rio da realme libera o potencial do driver din\u00e2mico. A c\u00e2mara de som foi projetada especificamente para evitar o excesso de fluxo de ar, proporcionando uma experi\u00eancia auditiva envolvente em tempo real.<\/span><\/li>\n<\/ul>","protected":false},"excerpt":{"rendered":"<ul class=\"a-unordered-list a-vertical a-spacing-mini\">\n<li class=\"a-spacing-mini\"><span class=\"a-list-item\">1 ano de garantia<\/span><\/li>\n<li class=\"a-spacing-mini\"><span class=\"a-list-item\">[Design de bordas curvas] Lance seu pod em um universo de m\u00fasica. Inspirado na emo\u00e7\u00e3o das viagens espaciais, o design do pod de carregamento de borda curva do realme Buds Air 3 Neo cabe na ponta dos dedos.<\/span><\/li>\n<li class=\"a-spacing-mini\"><span class=\"a-list-item\">[Cancelamento de ru\u00eddo ambiental de IA] Nosso algoritmo de IA \u00e9 combinado com um algoritmo de rede neural profunda que suprime o ru\u00eddo de fundo e isola vozes humanas.<\/span><\/li>\n<li class=\"a-spacing-mini\"><span class=\"a-list-item\">[Driver avan\u00e7ado e estrutura de diafragma] Graves surpreendentemente vibrantes. Diafragmas complexos de pol\u00edmero PEEK + TPU de 10 mm para um som que aproveita todo o seu potencial. Desfrute de graves vibrantes.<\/span><\/li>\n<li class=\"a-spacing-mini\"><span class=\"a-list-item\">[Design exclusivo de c\u00e2mara de som] O design de c\u00e2mara de som propriet\u00e1rio da realme libera o potencial do driver din\u00e2mico. A c\u00e2mara de som foi projetada especificamente para evitar o excesso de fluxo de ar, proporcionando uma experi\u00eancia auditiva envolvente em tempo real.<\/span><\/li>\n<\/ul>","protected":false},"featured_media":26528,"template":"","meta":[],"product_brand":[],"product_cat":[1349,1305],"product_tag":[],"class_list":{"0":"post-26394","1":"product","2":"type-product","3":"status-publish","4":"has-post-thumbnail","6":"product_cat-realme-earphone-xiaomi-eco","7":"product_cat-xiaomi-eco","9":"first","10":"instock","11":"shipping-taxable","12":"product-type-simple"},"aioseo_notices":[],"aioseo_head":"\n\t\t<!-- All in One SEO Pro 4.5.9.2 - aioseo.com -->\n\t\t<meta name=\"description\" content=\"1 year warranty [Curved Edges Design] Launch your pod into a universe of music. Inspired by the thrill of space travel, realme Buds Air 3 Neo&#039;s curved-edge charging pod design fits your fingertips. [AI Environmental Noise Cancellation] Our AI algorithm is combined with a deep neural network algorithm that suppresses background noise and isolates human voices. [Advanced driver and diaphragm structure] Surprisingly vibrant bass. 10 mm and complex PEEK + TPU polymer diaphragms for a sound that uses its full potential. Enjoy vibrant bass. [Unique Sound Chamber Design] realme&#039;s proprietary sound chamber design unleashes the potential of the dynamic driver. The sound chamber is specifically designed to prevent excess airflow, giving you an immersive listening experience in real time.\" \/>\n\t\t<meta name=\"robots\" content=\"max-image-preview:large\" \/>\n\t\t<link rel=\"canonical\" href=\"https:\/\/www.rucashk.com\/pt\/produto\/realme-buds-air3-neo\/\" \/>\n\t\t<meta name=\"generator\" content=\"All in One SEO Pro (AIOSEO) 4.5.9.2\" \/>\n\t\t<meta property=\"og:locale\" content=\"pt_PT\" \/>\n\t\t<meta property=\"og:site_name\" content=\"Rucas - One-stop AIoT Distribution Worldwide\" \/>\n\t\t<meta property=\"og:type\" content=\"article\" \/>\n\t\t<meta property=\"og:title\" content=\"Realme Buds Air3 NEO - Rucas - Wholesale and Distribution\" \/>\n\t\t<meta property=\"og:description\" content=\"1 year warranty [Curved Edges Design] Launch your pod into a universe of music. Inspired by the thrill of space travel, realme Buds Air 3 Neo&#039;s curved-edge charging pod design fits your fingertips. [AI Environmental Noise Cancellation] Our AI algorithm is combined with a deep neural network algorithm that suppresses background noise and isolates human voices. [Advanced driver and diaphragm structure] Surprisingly vibrant bass. 10 mm and complex PEEK + TPU polymer diaphragms for a sound that uses its full potential. Enjoy vibrant bass. [Unique Sound Chamber Design] realme&#039;s proprietary sound chamber design unleashes the potential of the dynamic driver. The sound chamber is specifically designed to prevent excess airflow, giving you an immersive listening experience in real time.\" \/>\n\t\t<meta property=\"og:url\" content=\"https:\/\/www.rucashk.com\/pt\/produto\/realme-buds-air3-neo\/\" \/>\n\t\t<meta property=\"og:image\" content=\"https:\/\/www.rucashk.com\/wp-content\/uploads\/replace\/503b8e645f128a97ccde2b6290747646.jpeg\" \/>\n\t\t<meta property=\"og:image:secure_url\" content=\"https:\/\/www.rucashk.com\/wp-content\/uploads\/replace\/503b8e645f128a97ccde2b6290747646.jpeg\" \/>\n\t\t<meta property=\"og:image:width\" content=\"1456\" \/>\n\t\t<meta property=\"og:image:height\" content=\"816\" \/>\n\t\t<meta property=\"article:published_time\" content=\"2024-01-09T16:29:10+00:00\" \/>\n\t\t<meta property=\"article:modified_time\" content=\"2024-01-22T03:50:14+00:00\" \/>\n\t\t<meta name=\"twitter:card\" content=\"summary_large_image\" \/>\n\t\t<meta name=\"twitter:title\" content=\"Realme Buds Air3 NEO - Rucas - Wholesale and Distribution\" \/>\n\t\t<meta name=\"twitter:description\" content=\"1 year warranty [Curved Edges Design] Launch your pod into a universe of music. Inspired by the thrill of space travel, realme Buds Air 3 Neo&#039;s curved-edge charging pod design fits your fingertips. [AI Environmental Noise Cancellation] Our AI algorithm is combined with a deep neural network algorithm that suppresses background noise and isolates human voices. [Advanced driver and diaphragm structure] Surprisingly vibrant bass. 10 mm and complex PEEK + TPU polymer diaphragms for a sound that uses its full potential. Enjoy vibrant bass. [Unique Sound Chamber Design] realme&#039;s proprietary sound chamber design unleashes the potential of the dynamic driver. The sound chamber is specifically designed to prevent excess airflow, giving you an immersive listening experience in real time.\" \/>\n\t\t<meta name=\"twitter:image\" content=\"https:\/\/www.rucashk.com\/wp-content\/uploads\/replace\/503b8e645f128a97ccde2b6290747646.jpeg\" \/>\n\t\t<script type=\"application\/ld+json\" class=\"aioseo-schema\">\n\t\t\t{\"@context\":\"https:\\\/\\\/schema.org\",\"@graph\":[{\"@type\":\"BreadcrumbList\",\"@id\":\"https:\\\/\\\/www.rucashk.com\\\/pt\\\/produto\\\/realme-buds-air3-neo\\\/#breadcrumblist\",\"itemListElement\":[{\"@type\":\"ListItem\",\"@id\":\"https:\\\/\\\/www.rucashk.com\\\/pt\\\/#listItem\",\"position\":1,\"name\":\"Home\",\"item\":\"https:\\\/\\\/www.rucashk.com\\\/pt\\\/\",\"nextItem\":\"https:\\\/\\\/www.rucashk.com\\\/pt\\\/produto\\\/realme-buds-air3-neo\\\/#listItem\"},{\"@type\":\"ListItem\",\"@id\":\"https:\\\/\\\/www.rucashk.com\\\/pt\\\/produto\\\/realme-buds-air3-neo\\\/#listItem\",\"position\":2,\"name\":\"Realme Buds Air3 NEO\",\"previousItem\":\"https:\\\/\\\/www.rucashk.com\\\/pt\\\/#listItem\"}]},{\"@type\":\"Organization\",\"@id\":\"https:\\\/\\\/www.rucashk.com\\\/pt\\\/#organization\",\"name\":\"Rucas\",\"url\":\"https:\\\/\\\/www.rucashk.com\\\/pt\\\/\",\"logo\":{\"@type\":\"ImageObject\",\"url\":\"https:\\\/\\\/www.rucashk.com\\\/wp-content\\\/uploads\\\/2023\\\/12\\\/Rucas_campany_logo.png\",\"@id\":\"https:\\\/\\\/www.rucashk.com\\\/pt\\\/produto\\\/realme-buds-air3-neo\\\/#organizationLogo\",\"width\":221,\"height\":65},\"image\":{\"@id\":\"https:\\\/\\\/www.rucashk.com\\\/pt\\\/#organizationLogo\"}},{\"@type\":\"Person\",\"@id\":\"https:\\\/\\\/www.rucashk.com\\\/pt\\\/author\\\/admin\\\/#author\",\"url\":\"https:\\\/\\\/www.rucashk.com\\\/pt\\\/author\\\/admin\\\/\",\"name\":\"admin\",\"image\":{\"@type\":\"ImageObject\",\"@id\":\"https:\\\/\\\/www.rucashk.com\\\/pt\\\/produto\\\/realme-buds-air3-neo\\\/#authorImage\",\"url\":\"https:\\\/\\\/secure.gravatar.com\\\/avatar\\\/b7c8925b09a27e72b30232f8ecaadbd5af0f70a38c78096863fe51b64f031c24?s=96&d=mm&r=g\",\"width\":96,\"height\":96,\"caption\":\"admin\"}},{\"@type\":\"WebPage\",\"@id\":\"https:\\\/\\\/www.rucashk.com\\\/pt\\\/produto\\\/realme-buds-air3-neo\\\/#webpage\",\"url\":\"https:\\\/\\\/www.rucashk.com\\\/pt\\\/produto\\\/realme-buds-air3-neo\\\/\",\"name\":\"Realme Buds Air3 NEO - Rucas - Wholesale and Distribution\",\"description\":\"1 year warranty [Curved Edges Design] Launch your pod into a universe of music. Inspired by the thrill of space travel, realme Buds Air 3 Neo's curved-edge charging pod design fits your fingertips. [AI Environmental Noise Cancellation] Our AI algorithm is combined with a deep neural network algorithm that suppresses background noise and isolates human voices. [Advanced driver and diaphragm structure] Surprisingly vibrant bass. 10 mm and complex PEEK + TPU polymer diaphragms for a sound that uses its full potential. Enjoy vibrant bass. [Unique Sound Chamber Design] realme's proprietary sound chamber design unleashes the potential of the dynamic driver. The sound chamber is specifically designed to prevent excess airflow, giving you an immersive listening experience in real time.\",\"inLanguage\":\"pt-PT\",\"isPartOf\":{\"@id\":\"https:\\\/\\\/www.rucashk.com\\\/pt\\\/#website\"},\"breadcrumb\":{\"@id\":\"https:\\\/\\\/www.rucashk.com\\\/pt\\\/produto\\\/realme-buds-air3-neo\\\/#breadcrumblist\"},\"author\":{\"@id\":\"https:\\\/\\\/www.rucashk.com\\\/pt\\\/author\\\/admin\\\/#author\"},\"creator\":{\"@id\":\"https:\\\/\\\/www.rucashk.com\\\/pt\\\/author\\\/admin\\\/#author\"},\"image\":{\"@type\":\"ImageObject\",\"url\":\"https:\\\/\\\/www.rucashk.com\\\/wp-content\\\/uploads\\\/2024\\\/01\\\/10001-16.jpg\",\"@id\":\"https:\\\/\\\/www.rucashk.com\\\/pt\\\/produto\\\/realme-buds-air3-neo\\\/#mainImage\",\"width\":800,\"height\":800},\"primaryImageOfPage\":{\"@id\":\"https:\\\/\\\/www.rucashk.com\\\/pt\\\/produto\\\/realme-buds-air3-neo\\\/#mainImage\"},\"datePublished\":\"2024-01-09T16:29:10+00:00\",\"dateModified\":\"2024-01-22T03:50:14+00:00\"},{\"@type\":\"WebSite\",\"@id\":\"https:\\\/\\\/www.rucashk.com\\\/pt\\\/#website\",\"url\":\"https:\\\/\\\/www.rucashk.com\\\/pt\\\/\",\"name\":\"Rucas - Wholesale and distribution worldwide\",\"alternateName\":\"Rucas - One-stop AIoT Distribution Worldwide\",\"description\":\"One-stop AIoT Distribution Worldwide\",\"inLanguage\":\"pt-PT\",\"publisher\":{\"@id\":\"https:\\\/\\\/www.rucashk.com\\\/pt\\\/#organization\"}}]}\n\t\t<\/script>\n\t\t<!-- All in One SEO Pro -->\r\n\t\t<title>Realme Buds Air3 NEO - Rucas - Wholesale and Distribution<\/title>\n\n","aioseo_head_json":{"title":"Realme Buds Air3 NEO - Rucas - Wholesale and Distribution","description":"1 year warranty [Curved Edges Design] Launch your pod into a universe of music. Inspired by the thrill of space travel, realme Buds Air 3 Neo's curved-edge charging pod design fits your fingertips. [AI Environmental Noise Cancellation] Our AI algorithm is combined with a deep neural network algorithm that suppresses background noise and isolates human voices. [Advanced driver and diaphragm structure] Surprisingly vibrant bass. 10 mm and complex PEEK + TPU polymer diaphragms for a sound that uses its full potential. Enjoy vibrant bass. [Unique Sound Chamber Design] realme's proprietary sound chamber design unleashes the potential of the dynamic driver. The sound chamber is specifically designed to prevent excess airflow, giving you an immersive listening experience in real time.","canonical_url":"https:\/\/www.rucashk.com\/pt\/produto\/realme-buds-air3-neo\/","robots":"max-image-preview:large","keywords":"","webmasterTools":{"miscellaneous":""},"og:locale":"pt_PT","og:site_name":"Rucas - One-stop AIoT Distribution Worldwide","og:type":"article","og:title":"Realme Buds Air3 NEO - Rucas - Wholesale and Distribution","og:description":"1 year warranty [Curved Edges Design] Launch your pod into a universe of music. Inspired by the thrill of space travel, realme Buds Air 3 Neo's curved-edge charging pod design fits your fingertips. [AI Environmental Noise Cancellation] Our AI algorithm is combined with a deep neural network algorithm that suppresses background noise and isolates human voices. [Advanced driver and diaphragm structure] Surprisingly vibrant bass. 10 mm and complex PEEK + TPU polymer diaphragms for a sound that uses its full potential. Enjoy vibrant bass. [Unique Sound Chamber Design] realme's proprietary sound chamber design unleashes the potential of the dynamic driver. The sound chamber is specifically designed to prevent excess airflow, giving you an immersive listening experience in real time.","og:url":"https:\/\/www.rucashk.com\/pt\/produto\/realme-buds-air3-neo\/","og:image":"https:\/\/www.rucashk.com\/wp-content\/uploads\/replace\/503b8e645f128a97ccde2b6290747646.jpeg","og:image:secure_url":"https:\/\/www.rucashk.com\/wp-content\/uploads\/replace\/503b8e645f128a97ccde2b6290747646.jpeg","og:image:width":1456,"og:image:height":816,"article:published_time":"2024-01-09T16:29:10+00:00","article:modified_time":"2024-01-22T03:50:14+00:00","twitter:card":"summary_large_image","twitter:title":"Realme Buds Air3 NEO - Rucas - Wholesale and Distribution","twitter:description":"1 year warranty [Curved Edges Design] Launch your pod into a universe of music. Inspired by the thrill of space travel, realme Buds Air 3 Neo's curved-edge charging pod design fits your fingertips. [AI Environmental Noise Cancellation] Our AI algorithm is combined with a deep neural network algorithm that suppresses background noise and isolates human voices. [Advanced driver and diaphragm structure] Surprisingly vibrant bass. 10 mm and complex PEEK + TPU polymer diaphragms for a sound that uses its full potential. Enjoy vibrant bass. [Unique Sound Chamber Design] realme's proprietary sound chamber design unleashes the potential of the dynamic driver. The sound chamber is specifically designed to prevent excess airflow, giving you an immersive listening experience in real time.","twitter:image":"https:\/\/www.rucashk.com\/wp-content\/uploads\/replace\/503b8e645f128a97ccde2b6290747646.jpeg","schema":{"@context":"https:\/\/schema.org","@graph":[{"@type":"BreadcrumbList","@id":"https:\/\/www.rucashk.com\/pt\/produto\/realme-buds-air3-neo\/#breadcrumblist","itemListElement":[{"@type":"ListItem","@id":"https:\/\/www.rucashk.com\/pt\/#listItem","position":1,"name":"Home","item":"https:\/\/www.rucashk.com\/pt\/","nextItem":"https:\/\/www.rucashk.com\/pt\/produto\/realme-buds-air3-neo\/#listItem"},{"@type":"ListItem","@id":"https:\/\/www.rucashk.com\/pt\/produto\/realme-buds-air3-neo\/#listItem","position":2,"name":"Realme Buds Air3 NEO","previousItem":"https:\/\/www.rucashk.com\/pt\/#listItem"}]},{"@type":"Organization","@id":"https:\/\/www.rucashk.com\/pt\/#organization","name":"Rucas","url":"https:\/\/www.rucashk.com\/pt\/","logo":{"@type":"ImageObject","url":"https:\/\/www.rucashk.com\/wp-content\/uploads\/2023\/12\/Rucas_campany_logo.png","@id":"https:\/\/www.rucashk.com\/pt\/produto\/realme-buds-air3-neo\/#organizationLogo","width":221,"height":65},"image":{"@id":"https:\/\/www.rucashk.com\/pt\/#organizationLogo"}},{"@type":"Person","@id":"https:\/\/www.rucashk.com\/pt\/author\/admin\/#author","url":"https:\/\/www.rucashk.com\/pt\/author\/admin\/","name":"admin","image":{"@type":"ImageObject","@id":"https:\/\/www.rucashk.com\/pt\/produto\/realme-buds-air3-neo\/#authorImage","url":"https:\/\/secure.gravatar.com\/avatar\/b7c8925b09a27e72b30232f8ecaadbd5af0f70a38c78096863fe51b64f031c24?s=96&d=mm&r=g","width":96,"height":96,"caption":"admin"}},{"@type":"WebPage","@id":"https:\/\/www.rucashk.com\/pt\/produto\/realme-buds-air3-neo\/#webpage","url":"https:\/\/www.rucashk.com\/pt\/produto\/realme-buds-air3-neo\/","name":"Realme Buds Air3 NEO - Rucas - Wholesale and Distribution","description":"1 year warranty [Curved Edges Design] Launch your pod into a universe of music. Inspired by the thrill of space travel, realme Buds Air 3 Neo's curved-edge charging pod design fits your fingertips. [AI Environmental Noise Cancellation] Our AI algorithm is combined with a deep neural network algorithm that suppresses background noise and isolates human voices. [Advanced driver and diaphragm structure] Surprisingly vibrant bass. 10 mm and complex PEEK + TPU polymer diaphragms for a sound that uses its full potential. Enjoy vibrant bass. [Unique Sound Chamber Design] realme's proprietary sound chamber design unleashes the potential of the dynamic driver. The sound chamber is specifically designed to prevent excess airflow, giving you an immersive listening experience in real time.","inLanguage":"pt-PT","isPartOf":{"@id":"https:\/\/www.rucashk.com\/pt\/#website"},"breadcrumb":{"@id":"https:\/\/www.rucashk.com\/pt\/produto\/realme-buds-air3-neo\/#breadcrumblist"},"author":{"@id":"https:\/\/www.rucashk.com\/pt\/author\/admin\/#author"},"creator":{"@id":"https:\/\/www.rucashk.com\/pt\/author\/admin\/#author"},"image":{"@type":"ImageObject","url":"https:\/\/www.rucashk.com\/wp-content\/uploads\/2024\/01\/10001-16.jpg","@id":"https:\/\/www.rucashk.com\/pt\/produto\/realme-buds-air3-neo\/#mainImage","width":800,"height":800},"primaryImageOfPage":{"@id":"https:\/\/www.rucashk.com\/pt\/produto\/realme-buds-air3-neo\/#mainImage"},"datePublished":"2024-01-09T16:29:10+00:00","dateModified":"2024-01-22T03:50:14+00:00"},{"@type":"WebSite","@id":"https:\/\/www.rucashk.com\/pt\/#website","url":"https:\/\/www.rucashk.com\/pt\/","name":"Rucas - Wholesale and distribution worldwide","alternateName":"Rucas - One-stop AIoT Distribution Worldwide","description":"One-stop AIoT Distribution Worldwide","inLanguage":"pt-PT","publisher":{"@id":"https:\/\/www.rucashk.com\/pt\/#organization"}}]}},"aioseo_meta_data":{"post_id":"26394","title":null,"description":null,"keywords":null,"keyphrases":null,"primary_term":null,"canonical_url":null,"og_title":null,"og_description":null,"og_object_type":"default","og_image_type":"default","og_image_url":null,"og_image_width":null,"og_image_height":null,"og_image_custom_url":null,"og_image_custom_fields":null,"og_video":null,"og_custom_url":null,"og_article_section":null,"og_article_tags":null,"twitter_use_og":false,"twitter_card":"default","twitter_image_type":"default","twitter_image_url":null,"twitter_image_custom_url":null,"twitter_image_custom_fields":null,"twitter_title":null,"twitter_description":null,"schema":{"blockGraphs":[],"customGraphs":[],"default":{"data":{"Article":[],"Course":[],"Dataset":[],"FAQPage":[],"Movie":[],"Person":[],"Product":[],"Recipe":[],"Service":[],"SoftwareApplication":[],"WebPage":[]},"graphName":"","isEnabled":true},"graphs":[]},"schema_type":"default","schema_type_options":null,"pillar_content":false,"robots_default":true,"robots_noindex":false,"robots_noarchive":false,"robots_nosnippet":false,"robots_nofollow":false,"robots_noimageindex":false,"robots_noodp":false,"robots_notranslate":false,"robots_max_snippet":null,"robots_max_videopreview":null,"robots_max_imagepreview":"large","priority":null,"frequency":null,"local_seo":null,"breadcrumb_settings":null,"limit_modified_date":false,"created":"2024-04-11 01:57:20","updated":"2025-06-22 18:18:56"},"aioseo_breadcrumb":"<div class=\"aioseo-breadcrumbs\"><span class=\"aioseo-breadcrumb\">\n\t<a href=\"https:\/\/www.rucashk.com\/pt\" title=\"Home\">Home<\/a>\n<\/span><span class=\"aioseo-breadcrumb-separator\">&raquo;<\/span><span class=\"aioseo-breadcrumb\">\n\t<a href=\"https:\/\/www.rucashk.com\/pt\/products\/\" title=\"Produtos\">Produtos<\/a>\n<\/span><span class=\"aioseo-breadcrumb-separator\">&raquo;<\/span><span class=\"aioseo-breadcrumb\">\n\t<a href=\"https:\/\/www.rucashk.com\/pt\/categoria-produto\/xiaomi-eco\/\" title=\"Xiaomi Eco\">Xiaomi Eco<\/a>\n<\/span><span class=\"aioseo-breadcrumb-separator\">&raquo;<\/span><span class=\"aioseo-breadcrumb\">\n\t<a href=\"https:\/\/www.rucashk.com\/pt\/categoria-produto\/xiaomi-eco\/realme-earphone-xiaomi-eco\/\" title=\"Realme Earphone\">Realme Earphone<\/a>\n<\/span><span class=\"aioseo-breadcrumb-separator\">&raquo;<\/span><span class=\"aioseo-breadcrumb\">\n\tRealme Buds Air3 NEO\n<\/span><\/div>","aioseo_breadcrumb_json":[{"label":"Home","link":"https:\/\/www.rucashk.com\/pt"},{"label":"Produtos","link":"https:\/\/www.rucashk.com\/pt\/products\/"},{"label":"Xiaomi Eco","link":"https:\/\/www.rucashk.com\/pt\/categoria-produto\/xiaomi-eco\/"},{"label":"Realme Earphone","link":"https:\/\/www.rucashk.com\/pt\/categoria-produto\/xiaomi-eco\/realme-earphone-xiaomi-eco\/"},{"label":"Realme Buds Air3 NEO","link":"https:\/\/www.rucashk.com\/pt\/produto\/realme-buds-air3-neo\/"}],"_links":{"self":[{"href":"https:\/\/www.rucashk.com\/pt\/wp-json\/wp\/v2\/product\/26394","targetHints":{"allow":["GET"]}}],"collection":[{"href":"https:\/\/www.rucashk.com\/pt\/wp-json\/wp\/v2\/product"}],"about":[{"href":"https:\/\/www.rucashk.com\/pt\/wp-json\/wp\/v2\/types\/product"}],"wp:featuredmedia":[{"embeddable":true,"href":"https:\/\/www.rucashk.com\/pt\/wp-json\/wp\/v2\/media\/26528"}],"wp:attachment":[{"href":"https:\/\/www.rucashk.com\/pt\/wp-json\/wp\/v2\/media?parent=26394"}],"wp:term":[{"taxonomy":"product_brand","embeddable":true,"href":"https:\/\/www.rucashk.com\/pt\/wp-json\/wp\/v2\/product_brand?post=26394"},{"taxonomy":"product_cat","embeddable":true,"href":"https:\/\/www.rucashk.com\/pt\/wp-json\/wp\/v2\/product_cat?post=26394"},{"taxonomy":"product_tag","embeddable":true,"href":"https:\/\/www.rucashk.com\/pt\/wp-json\/wp\/v2\/product_tag?post=26394"}],"curies":[{"name":"wp","href":"https:\/\/api.w.org\/{rel}","templated":true}]}}