{"id":26392,"date":"2024-01-09T16:29:10","date_gmt":"2024-01-09T16:29:10","guid":{"rendered":"http:\/\/rucashk.com\/?post_type=product&#038;p=26392"},"modified":"2024-01-22T03:49:27","modified_gmt":"2024-01-22T03:49:27","slug":"realme-buds-q2s","status":"publish","type":"product","link":"https:\/\/www.rucashk.com\/pt\/produto\/realme-buds-q2s\/","title":{"rendered":"Realme Buds Q2S"},"content":{"rendered":"<p align=\"center\" data-spm-anchor-id=\"a2g0o.detail.1000023.i0.154ctuOytuOyCh\">Realme Buds Q2s Groove ativado. O dia inteiro<\/p>\n<div><img decoding=\"async\" alt=\"Realme Buds Q2S\" class=\"detail-desc-decorate-image\" src=\"\/wp-content\/uploads\/replace\/341ba9304a68adca66fd0ee4e04a5d90.jpeg\" \/><\/div>\n<div><\/div>\n<p align=\"center\"><strong>30 horas de reprodu\u00e7\u00e3o total Driver de graves din\u00e2micos de 10 mmAI ENC cancelamento de ru\u00eddo para chamadas<\/strong><\/p>\n<div><img decoding=\"async\" alt=\"Realme Buds Q2S\" class=\"detail-desc-decorate-image\" src=\"\/wp-content\/uploads\/replace\/17cb1af65c695bb481d3e0d029629315.jpeg\" \/>\u00a0<img decoding=\"async\" alt=\"Realme Buds Q2S\" class=\"detail-desc-decorate-image\" src=\"\/wp-content\/uploads\/replace\/9237b56beb185a0a341f7883025a3d0b.jpeg\" \/>\u00a0<img decoding=\"async\" alt=\"Realme Buds Q2S\" class=\"detail-desc-decorate-image\" src=\"\/wp-content\/uploads\/replace\/8f3ff253f29de6e86c3bade85ea01c5c.jpeg\" \/><\/div>\n<div><\/div>\n<p align=\"center\"><strong>10 minutos de carregamento de flash3 horas de reprodu\u00e7\u00e3o de m\u00fasica<\/strong><\/p>\n<p class=\"detail-desc-decorate-content\" align=\"center\">Equipado com a avan\u00e7ada tecnologia de carregamento r\u00e1pido da realme, o estojo de carregamento pode dar aos seus realme Buds Q2s at\u00e9 3 horas de dura\u00e7\u00e3o da bateria com apenas uma carga de 10 minutos. Voc\u00ea pode cobrar menos e ouvir mais, curtindo suas m\u00fasicas favoritas sem parar. *<\/p>\n<div align=\"center\"><img decoding=\"async\" alt=\"Realme Buds Q2S\" class=\"detail-desc-decorate-image\" src=\"\/wp-content\/uploads\/replace\/c9f0502e9e3726a953e3405458af1592.jpeg\" \/><\/div>\n<div><\/div>\n<p align=\"center\">Experi\u00eancia de \u00e1udio envolvente Dolby Atmos de alta qualidade<\/p>\n<p class=\"detail-desc-decorate-content\" align=\"center\">Dolby Atmos oferece som surround vibrante e de alta qualidade que simula um espa\u00e7o de \u00e1udio est\u00e9reo. O som est\u00e9reo multicanal proporciona maior clareza e uma experi\u00eancia auditiva envolvente semelhante \u00e0 do cinema. Voc\u00ea tamb\u00e9m pode escolher efeitos sonoros de ambiente e cena correspondentes de acordo com diferentes cen\u00e1rios de uso.*<img decoding=\"async\" alt=\"Realme Buds Q2S\" class=\"detail-desc-decorate-image\" src=\"\/wp-content\/uploads\/replace\/55939b233e826757480cf9c29caf5c3e.jpeg\" \/><\/p>\n<div><\/div>\n<p class=\"detail-desc-decorate-content\" align=\"center\"><strong>Driver de graves din\u00e2mico de 10 mmSinta os graves potentes<\/strong><\/p>\n<p class=\"detail-desc-decorate-content\" align=\"center\">Os realme Buds 02s apresentam um driver din\u00e2mico grande de 10 mm que aprimora os graves com um diafragma composto de pol\u00edmero PEEK + TPU premium. Juntamente com a avan\u00e7ada solu\u00e7\u00e3o de aprimoramento Bass Boost+, eles oferecem um som superior e uma experi\u00eancia auditiva incr\u00edvel.<\/p>\n<div><img decoding=\"async\" alt=\"Realme Buds Q2S\" class=\"detail-desc-decorate-image\" src=\"\/wp-content\/uploads\/replace\/b5b2a82778408fc96dbe6d875e38566f.jpeg\" \/><\/div>\n<div><\/div>\n<div align=\"center\">Cancelamento de ru\u00eddo AIENC para chamadasAlgoritmo inteligente, clareza aprimorada<\/div>\n<div align=\"center\"><img decoding=\"async\" alt=\"Realme Buds Q2S\" class=\"detail-desc-decorate-image\" src=\"\/wp-content\/uploads\/replace\/e14cf9c8671a49087ad9fe204a768ea2.jpeg\" \/><\/div>\n<div><\/div>\n<p align=\"center\">Lat\u00eancia super baixa de 88 ms \u00c1udio e v\u00eddeo suavemente sincronizados<\/p>\n<div><img decoding=\"async\" alt=\"Realme Buds Q2S\" class=\"detail-desc-decorate-image\" src=\"\/wp-content\/uploads\/replace\/31cba840827d6f76676826d4299dedb3.jpeg\" \/><\/div>\n<div><\/div>\n<p align=\"center\">Design de caixa transparenteFuturista e criador de tend\u00eancias<\/p>\n<div><img decoding=\"async\" alt=\"Realme Buds Q2S\" class=\"detail-desc-decorate-image\" src=\"\/wp-content\/uploads\/replace\/056da7ed0efaf85136f69675647647db.jpeg\" \/><\/div>\n<div><\/div>\n<p align=\"center\">Conex\u00e3o Bluetooth 5.2 r\u00e1pida e suave<\/p>\n<p class=\"detail-desc-decorate-content\" align=\"center\">Realme Buds Q2s suporta Bluetooth 5.2. A dist\u00e2ncia de transmiss\u00e3o de at\u00e9 10 metros permite uma conex\u00e3o r\u00e1pida e est\u00e1vel.<\/p>\n<div align=\"center\"><img decoding=\"async\" alt=\"Realme Buds Q2S\" class=\"detail-desc-decorate-image\" src=\"\/wp-content\/uploads\/replace\/56809377855d7ed94fe0bd50d15771ff.jpeg\" \/><\/div>\n<div><\/div>\n<p align=\"center\">Conex\u00e3o Instant\u00e2neaQuick Play<\/p>\n<p class=\"detail-desc-decorate-content\" align=\"center\">basta abrir o estojo, colocar os fones de ouvido e conectar-se automaticamente ao seu dispositivo de reprodu\u00e7\u00e3o. Suas m\u00fasicas favoritas estar\u00e3o prontas para tocar.<\/p>\n<div align=\"center\"><img decoding=\"async\" alt=\"Realme Buds Q2S\" class=\"detail-desc-decorate-image\" src=\"\/wp-content\/uploads\/replace\/3fc5ca6ee9843f8a4daebb5650e3d592.jpeg\" \/><\/div>\n<div><\/div>\n<p align=\"center\">Controle Smart TouchF\u00e1cil de jogar<\/p>\n<p class=\"detail-desc-decorate-content\" align=\"center\">O design de controle inteligente oferece conveni\u00eancia e facilidade. Voc\u00ea pode controlar facilmente sua experi\u00eancia auditiva com o toque de um dedo.<\/p>\n<div align=\"center\"><img decoding=\"async\" alt=\"Realme Buds Q2S\" class=\"detail-desc-decorate-image\" src=\"\/wp-content\/uploads\/replace\/4cd08802214322d5a0d2e7c49056991a.jpeg\" \/><\/div>\n<div align=\"center\">\n<p align=\"center\" data-spm-anchor-id=\"a2g0o.detail.1000023.i1.154ctuOytuOyCh\">Resist\u00eancia \u00e0 \u00e1gua IPX4<\/p>\n<p align=\"center\">Com resist\u00eancia \u00e0 \u00e1gua IPX4, os Realme Buds Q2s podem suportar com efic\u00e1cia suor e respingos durante seus treinos e na vida cotidiana.<\/p>\n<div><img decoding=\"async\" alt=\"Realme Buds Q2S\" class=\"detail-desc-decorate-image\" src=\"\/wp-content\/uploads\/replace\/ad90f04ba297631684a359b168136de7.jpeg\" \/><\/div>\n<div>\n<ul class=\"a-unordered-list a-vertical a-spacing-mini\">\n<li style=\"text-align: left\"><span class=\"a-list-item\">Driver de graves din\u00e2mico de 10 mm | AI ENC para chamadas<\/span><\/li>\n<li style=\"text-align: left\"><span class=\"a-list-item\">30 horas de tempo total de reprodu\u00e7\u00e3o | Carregamento r\u00e1pido: 3 horas de reprodu\u00e7\u00e3o para 10 minutos de carregamento<\/span><\/li>\n<li style=\"text-align: left\"><span class=\"a-list-item\">IPX4 resistente \u00e0 \u00e1gua | Modo de jogo com lat\u00eancia superbaixa<\/span><\/li>\n<li style=\"text-align: left\"><span class=\"a-list-item\">Controles de toque inteligentes | Conex\u00e3o instant\u00e2nea: Bluetooth 5.2<\/span><\/li>\n<\/ul>\n<\/div>\n<\/div>","protected":false},"excerpt":{"rendered":"<ul class=\"a-unordered-list a-vertical a-spacing-mini\">\n<li style=\"text-align: left\"><span class=\"a-list-item\">Driver de graves din\u00e2mico de 10 mm | AI ENC para chamadas<\/span><\/li>\n<li style=\"text-align: left\"><span class=\"a-list-item\">30 horas de tempo total de reprodu\u00e7\u00e3o | Carregamento r\u00e1pido: 3 horas de reprodu\u00e7\u00e3o para 10 minutos de carregamento<\/span><\/li>\n<li style=\"text-align: left\"><span class=\"a-list-item\">IPX4 resistente \u00e0 \u00e1gua | Modo de jogo com lat\u00eancia superbaixa<\/span><\/li>\n<li style=\"text-align: left\"><span class=\"a-list-item\">Controles de toque inteligentes | Conex\u00e3o instant\u00e2nea: Bluetooth 5.2<\/span><\/li>\n<\/ul>","protected":false},"featured_media":26518,"template":"","meta":[],"product_brand":[],"product_cat":[1349,1305],"product_tag":[],"class_list":{"0":"post-26392","1":"product","2":"type-product","3":"status-publish","4":"has-post-thumbnail","6":"product_cat-realme-earphone-xiaomi-eco","7":"product_cat-xiaomi-eco","9":"first","10":"instock","11":"shipping-taxable","12":"product-type-simple"},"aioseo_notices":[],"aioseo_head":"\n\t\t<!-- All in One SEO Pro 4.5.9.2 - aioseo.com -->\n\t\t<meta name=\"description\" content=\"10mm Dynamic Bass Driver | AI ENC for calls 30hrs Total Playback Time | Fast Charging: 3hrs Playback for 10 min charging IPX4 Water Resistant | Super Low Latency Gaming Mode Intelligent touch controls | Instant connection: Bluetooth 5.2\" \/>\n\t\t<meta name=\"robots\" content=\"max-image-preview:large\" \/>\n\t\t<link rel=\"canonical\" href=\"https:\/\/www.rucashk.com\/pt\/produto\/realme-buds-q2s\/\" \/>\n\t\t<meta name=\"generator\" content=\"All in One SEO Pro (AIOSEO) 4.5.9.2\" \/>\n\t\t<meta property=\"og:locale\" content=\"pt_PT\" \/>\n\t\t<meta property=\"og:site_name\" content=\"Rucas - One-stop AIoT Distribution Worldwide\" \/>\n\t\t<meta property=\"og:type\" content=\"article\" \/>\n\t\t<meta property=\"og:title\" content=\"Realme Buds Q2S - Rucas - Wholesale and Distribution\" \/>\n\t\t<meta property=\"og:description\" content=\"10mm Dynamic Bass Driver | AI ENC for calls 30hrs Total Playback Time | Fast Charging: 3hrs Playback for 10 min charging IPX4 Water Resistant | Super Low Latency Gaming Mode Intelligent touch controls | Instant connection: Bluetooth 5.2\" \/>\n\t\t<meta property=\"og:url\" content=\"https:\/\/www.rucashk.com\/pt\/produto\/realme-buds-q2s\/\" \/>\n\t\t<meta property=\"og:image\" content=\"https:\/\/www.rucashk.com\/wp-content\/uploads\/replace\/503b8e645f128a97ccde2b6290747646.jpeg\" \/>\n\t\t<meta property=\"og:image:secure_url\" content=\"https:\/\/www.rucashk.com\/wp-content\/uploads\/replace\/503b8e645f128a97ccde2b6290747646.jpeg\" \/>\n\t\t<meta property=\"og:image:width\" content=\"1456\" \/>\n\t\t<meta property=\"og:image:height\" content=\"816\" \/>\n\t\t<meta property=\"article:published_time\" content=\"2024-01-09T16:29:10+00:00\" \/>\n\t\t<meta property=\"article:modified_time\" content=\"2024-01-22T03:49:27+00:00\" \/>\n\t\t<meta name=\"twitter:card\" content=\"summary_large_image\" \/>\n\t\t<meta name=\"twitter:title\" content=\"Realme Buds Q2S - Rucas - Wholesale and Distribution\" \/>\n\t\t<meta name=\"twitter:description\" content=\"10mm Dynamic Bass Driver | AI ENC for calls 30hrs Total Playback Time | Fast Charging: 3hrs Playback for 10 min charging IPX4 Water Resistant | Super Low Latency Gaming Mode Intelligent touch controls | Instant connection: Bluetooth 5.2\" \/>\n\t\t<meta name=\"twitter:image\" content=\"https:\/\/www.rucashk.com\/wp-content\/uploads\/replace\/503b8e645f128a97ccde2b6290747646.jpeg\" \/>\n\t\t<script type=\"application\/ld+json\" class=\"aioseo-schema\">\n\t\t\t{\"@context\":\"https:\\\/\\\/schema.org\",\"@graph\":[{\"@type\":\"BreadcrumbList\",\"@id\":\"https:\\\/\\\/www.rucashk.com\\\/pt\\\/produto\\\/realme-buds-q2s\\\/#breadcrumblist\",\"itemListElement\":[{\"@type\":\"ListItem\",\"@id\":\"https:\\\/\\\/www.rucashk.com\\\/pt\\\/#listItem\",\"position\":1,\"name\":\"Home\",\"item\":\"https:\\\/\\\/www.rucashk.com\\\/pt\\\/\",\"nextItem\":\"https:\\\/\\\/www.rucashk.com\\\/pt\\\/produto\\\/realme-buds-q2s\\\/#listItem\"},{\"@type\":\"ListItem\",\"@id\":\"https:\\\/\\\/www.rucashk.com\\\/pt\\\/produto\\\/realme-buds-q2s\\\/#listItem\",\"position\":2,\"name\":\"Realme Buds Q2S\",\"previousItem\":\"https:\\\/\\\/www.rucashk.com\\\/pt\\\/#listItem\"}]},{\"@type\":\"Organization\",\"@id\":\"https:\\\/\\\/www.rucashk.com\\\/pt\\\/#organization\",\"name\":\"Rucas\",\"url\":\"https:\\\/\\\/www.rucashk.com\\\/pt\\\/\",\"logo\":{\"@type\":\"ImageObject\",\"url\":\"https:\\\/\\\/www.rucashk.com\\\/wp-content\\\/uploads\\\/2023\\\/12\\\/Rucas_campany_logo.png\",\"@id\":\"https:\\\/\\\/www.rucashk.com\\\/pt\\\/produto\\\/realme-buds-q2s\\\/#organizationLogo\",\"width\":221,\"height\":65},\"image\":{\"@id\":\"https:\\\/\\\/www.rucashk.com\\\/pt\\\/#organizationLogo\"}},{\"@type\":\"Person\",\"@id\":\"https:\\\/\\\/www.rucashk.com\\\/pt\\\/author\\\/admin\\\/#author\",\"url\":\"https:\\\/\\\/www.rucashk.com\\\/pt\\\/author\\\/admin\\\/\",\"name\":\"admin\",\"image\":{\"@type\":\"ImageObject\",\"@id\":\"https:\\\/\\\/www.rucashk.com\\\/pt\\\/produto\\\/realme-buds-q2s\\\/#authorImage\",\"url\":\"https:\\\/\\\/secure.gravatar.com\\\/avatar\\\/b7c8925b09a27e72b30232f8ecaadbd5af0f70a38c78096863fe51b64f031c24?s=96&d=mm&r=g\",\"width\":96,\"height\":96,\"caption\":\"admin\"}},{\"@type\":\"WebPage\",\"@id\":\"https:\\\/\\\/www.rucashk.com\\\/pt\\\/produto\\\/realme-buds-q2s\\\/#webpage\",\"url\":\"https:\\\/\\\/www.rucashk.com\\\/pt\\\/produto\\\/realme-buds-q2s\\\/\",\"name\":\"Realme Buds Q2S - Rucas - Wholesale and Distribution\",\"description\":\"10mm Dynamic Bass Driver | AI ENC for calls 30hrs Total Playback Time | Fast Charging: 3hrs Playback for 10 min charging IPX4 Water Resistant | Super Low Latency Gaming Mode Intelligent touch controls | Instant connection: Bluetooth 5.2\",\"inLanguage\":\"pt-PT\",\"isPartOf\":{\"@id\":\"https:\\\/\\\/www.rucashk.com\\\/pt\\\/#website\"},\"breadcrumb\":{\"@id\":\"https:\\\/\\\/www.rucashk.com\\\/pt\\\/produto\\\/realme-buds-q2s\\\/#breadcrumblist\"},\"author\":{\"@id\":\"https:\\\/\\\/www.rucashk.com\\\/pt\\\/author\\\/admin\\\/#author\"},\"creator\":{\"@id\":\"https:\\\/\\\/www.rucashk.com\\\/pt\\\/author\\\/admin\\\/#author\"},\"image\":{\"@type\":\"ImageObject\",\"url\":\"https:\\\/\\\/www.rucashk.com\\\/wp-content\\\/uploads\\\/2024\\\/01\\\/20-1.webp\",\"@id\":\"https:\\\/\\\/www.rucashk.com\\\/pt\\\/produto\\\/realme-buds-q2s\\\/#mainImage\",\"width\":220,\"height\":220},\"primaryImageOfPage\":{\"@id\":\"https:\\\/\\\/www.rucashk.com\\\/pt\\\/produto\\\/realme-buds-q2s\\\/#mainImage\"},\"datePublished\":\"2024-01-09T16:29:10+00:00\",\"dateModified\":\"2024-01-22T03:49:27+00:00\"},{\"@type\":\"WebSite\",\"@id\":\"https:\\\/\\\/www.rucashk.com\\\/pt\\\/#website\",\"url\":\"https:\\\/\\\/www.rucashk.com\\\/pt\\\/\",\"name\":\"Rucas - Wholesale and distribution worldwide\",\"alternateName\":\"Rucas - One-stop AIoT Distribution Worldwide\",\"description\":\"One-stop AIoT Distribution Worldwide\",\"inLanguage\":\"pt-PT\",\"publisher\":{\"@id\":\"https:\\\/\\\/www.rucashk.com\\\/pt\\\/#organization\"}}]}\n\t\t<\/script>\n\t\t<!-- All in One SEO Pro -->\r\n\t\t<title>Realme Buds Q2S - Rucas - Wholesale and Distribution<\/title>\n\n","aioseo_head_json":{"title":"Realme Buds Q2S - Rucas - Wholesale and Distribution","description":"10mm Dynamic Bass Driver | AI ENC for calls 30hrs Total Playback Time | Fast Charging: 3hrs Playback for 10 min charging IPX4 Water Resistant | Super Low Latency Gaming Mode Intelligent touch controls | Instant connection: Bluetooth 5.2","canonical_url":"https:\/\/www.rucashk.com\/pt\/produto\/realme-buds-q2s\/","robots":"max-image-preview:large","keywords":"","webmasterTools":{"miscellaneous":""},"og:locale":"pt_PT","og:site_name":"Rucas - One-stop AIoT Distribution Worldwide","og:type":"article","og:title":"Realme Buds Q2S - Rucas - Wholesale and Distribution","og:description":"10mm Dynamic Bass Driver | AI ENC for calls 30hrs Total Playback Time | Fast Charging: 3hrs Playback for 10 min charging IPX4 Water Resistant | Super Low Latency Gaming Mode Intelligent touch controls | Instant connection: Bluetooth 5.2","og:url":"https:\/\/www.rucashk.com\/pt\/produto\/realme-buds-q2s\/","og:image":"https:\/\/www.rucashk.com\/wp-content\/uploads\/replace\/503b8e645f128a97ccde2b6290747646.jpeg","og:image:secure_url":"https:\/\/www.rucashk.com\/wp-content\/uploads\/replace\/503b8e645f128a97ccde2b6290747646.jpeg","og:image:width":1456,"og:image:height":816,"article:published_time":"2024-01-09T16:29:10+00:00","article:modified_time":"2024-01-22T03:49:27+00:00","twitter:card":"summary_large_image","twitter:title":"Realme Buds Q2S - Rucas - Wholesale and Distribution","twitter:description":"10mm Dynamic Bass Driver | AI ENC for calls 30hrs Total Playback Time | Fast Charging: 3hrs Playback for 10 min charging IPX4 Water Resistant | Super Low Latency Gaming Mode Intelligent touch controls | Instant connection: Bluetooth 5.2","twitter:image":"https:\/\/www.rucashk.com\/wp-content\/uploads\/replace\/503b8e645f128a97ccde2b6290747646.jpeg","schema":{"@context":"https:\/\/schema.org","@graph":[{"@type":"BreadcrumbList","@id":"https:\/\/www.rucashk.com\/pt\/produto\/realme-buds-q2s\/#breadcrumblist","itemListElement":[{"@type":"ListItem","@id":"https:\/\/www.rucashk.com\/pt\/#listItem","position":1,"name":"Home","item":"https:\/\/www.rucashk.com\/pt\/","nextItem":"https:\/\/www.rucashk.com\/pt\/produto\/realme-buds-q2s\/#listItem"},{"@type":"ListItem","@id":"https:\/\/www.rucashk.com\/pt\/produto\/realme-buds-q2s\/#listItem","position":2,"name":"Realme Buds Q2S","previousItem":"https:\/\/www.rucashk.com\/pt\/#listItem"}]},{"@type":"Organization","@id":"https:\/\/www.rucashk.com\/pt\/#organization","name":"Rucas","url":"https:\/\/www.rucashk.com\/pt\/","logo":{"@type":"ImageObject","url":"https:\/\/www.rucashk.com\/wp-content\/uploads\/2023\/12\/Rucas_campany_logo.png","@id":"https:\/\/www.rucashk.com\/pt\/produto\/realme-buds-q2s\/#organizationLogo","width":221,"height":65},"image":{"@id":"https:\/\/www.rucashk.com\/pt\/#organizationLogo"}},{"@type":"Person","@id":"https:\/\/www.rucashk.com\/pt\/author\/admin\/#author","url":"https:\/\/www.rucashk.com\/pt\/author\/admin\/","name":"admin","image":{"@type":"ImageObject","@id":"https:\/\/www.rucashk.com\/pt\/produto\/realme-buds-q2s\/#authorImage","url":"https:\/\/secure.gravatar.com\/avatar\/b7c8925b09a27e72b30232f8ecaadbd5af0f70a38c78096863fe51b64f031c24?s=96&d=mm&r=g","width":96,"height":96,"caption":"admin"}},{"@type":"WebPage","@id":"https:\/\/www.rucashk.com\/pt\/produto\/realme-buds-q2s\/#webpage","url":"https:\/\/www.rucashk.com\/pt\/produto\/realme-buds-q2s\/","name":"Realme Buds Q2S - Rucas - Wholesale and Distribution","description":"10mm Dynamic Bass Driver | AI ENC for calls 30hrs Total Playback Time | Fast Charging: 3hrs Playback for 10 min charging IPX4 Water Resistant | Super Low Latency Gaming Mode Intelligent touch controls | Instant connection: Bluetooth 5.2","inLanguage":"pt-PT","isPartOf":{"@id":"https:\/\/www.rucashk.com\/pt\/#website"},"breadcrumb":{"@id":"https:\/\/www.rucashk.com\/pt\/produto\/realme-buds-q2s\/#breadcrumblist"},"author":{"@id":"https:\/\/www.rucashk.com\/pt\/author\/admin\/#author"},"creator":{"@id":"https:\/\/www.rucashk.com\/pt\/author\/admin\/#author"},"image":{"@type":"ImageObject","url":"https:\/\/www.rucashk.com\/wp-content\/uploads\/2024\/01\/20-1.webp","@id":"https:\/\/www.rucashk.com\/pt\/produto\/realme-buds-q2s\/#mainImage","width":220,"height":220},"primaryImageOfPage":{"@id":"https:\/\/www.rucashk.com\/pt\/produto\/realme-buds-q2s\/#mainImage"},"datePublished":"2024-01-09T16:29:10+00:00","dateModified":"2024-01-22T03:49:27+00:00"},{"@type":"WebSite","@id":"https:\/\/www.rucashk.com\/pt\/#website","url":"https:\/\/www.rucashk.com\/pt\/","name":"Rucas - Wholesale and distribution worldwide","alternateName":"Rucas - One-stop AIoT Distribution Worldwide","description":"One-stop AIoT Distribution Worldwide","inLanguage":"pt-PT","publisher":{"@id":"https:\/\/www.rucashk.com\/pt\/#organization"}}]}},"aioseo_meta_data":{"post_id":"26392","title":null,"description":null,"keywords":null,"keyphrases":null,"primary_term":null,"canonical_url":null,"og_title":null,"og_description":null,"og_object_type":"default","og_image_type":"default","og_image_url":null,"og_image_width":null,"og_image_height":null,"og_image_custom_url":null,"og_image_custom_fields":null,"og_video":null,"og_custom_url":null,"og_article_section":null,"og_article_tags":null,"twitter_use_og":false,"twitter_card":"default","twitter_image_type":"default","twitter_image_url":null,"twitter_image_custom_url":null,"twitter_image_custom_fields":null,"twitter_title":null,"twitter_description":null,"schema":{"blockGraphs":[],"customGraphs":[],"default":{"data":{"Article":[],"Course":[],"Dataset":[],"FAQPage":[],"Movie":[],"Person":[],"Product":[],"Recipe":[],"Service":[],"SoftwareApplication":[],"WebPage":[]},"graphName":"","isEnabled":true},"graphs":[]},"schema_type":"default","schema_type_options":null,"pillar_content":false,"robots_default":true,"robots_noindex":false,"robots_noarchive":false,"robots_nosnippet":false,"robots_nofollow":false,"robots_noimageindex":false,"robots_noodp":false,"robots_notranslate":false,"robots_max_snippet":null,"robots_max_videopreview":null,"robots_max_imagepreview":"large","priority":null,"frequency":null,"local_seo":null,"breadcrumb_settings":null,"limit_modified_date":false,"created":"2024-04-11 01:57:20","updated":"2025-06-22 18:17:59"},"aioseo_breadcrumb":"<div class=\"aioseo-breadcrumbs\"><span class=\"aioseo-breadcrumb\">\n\t<a href=\"https:\/\/www.rucashk.com\/pt\" title=\"Home\">Home<\/a>\n<\/span><span class=\"aioseo-breadcrumb-separator\">&raquo;<\/span><span class=\"aioseo-breadcrumb\">\n\t<a href=\"https:\/\/www.rucashk.com\/pt\/products\/\" title=\"Produtos\">Produtos<\/a>\n<\/span><span class=\"aioseo-breadcrumb-separator\">&raquo;<\/span><span class=\"aioseo-breadcrumb\">\n\t<a href=\"https:\/\/www.rucashk.com\/pt\/categoria-produto\/xiaomi-eco\/\" title=\"Xiaomi Eco\">Xiaomi Eco<\/a>\n<\/span><span class=\"aioseo-breadcrumb-separator\">&raquo;<\/span><span class=\"aioseo-breadcrumb\">\n\t<a href=\"https:\/\/www.rucashk.com\/pt\/categoria-produto\/xiaomi-eco\/realme-earphone-xiaomi-eco\/\" title=\"Realme Earphone\">Realme Earphone<\/a>\n<\/span><span class=\"aioseo-breadcrumb-separator\">&raquo;<\/span><span class=\"aioseo-breadcrumb\">\n\tRealme Buds Q2S\n<\/span><\/div>","aioseo_breadcrumb_json":[{"label":"Home","link":"https:\/\/www.rucashk.com\/pt"},{"label":"Produtos","link":"https:\/\/www.rucashk.com\/pt\/products\/"},{"label":"Xiaomi Eco","link":"https:\/\/www.rucashk.com\/pt\/categoria-produto\/xiaomi-eco\/"},{"label":"Realme Earphone","link":"https:\/\/www.rucashk.com\/pt\/categoria-produto\/xiaomi-eco\/realme-earphone-xiaomi-eco\/"},{"label":"Realme Buds Q2S","link":"https:\/\/www.rucashk.com\/pt\/produto\/realme-buds-q2s\/"}],"_links":{"self":[{"href":"https:\/\/www.rucashk.com\/pt\/wp-json\/wp\/v2\/product\/26392","targetHints":{"allow":["GET"]}}],"collection":[{"href":"https:\/\/www.rucashk.com\/pt\/wp-json\/wp\/v2\/product"}],"about":[{"href":"https:\/\/www.rucashk.com\/pt\/wp-json\/wp\/v2\/types\/product"}],"wp:featuredmedia":[{"embeddable":true,"href":"https:\/\/www.rucashk.com\/pt\/wp-json\/wp\/v2\/media\/26518"}],"wp:attachment":[{"href":"https:\/\/www.rucashk.com\/pt\/wp-json\/wp\/v2\/media?parent=26392"}],"wp:term":[{"taxonomy":"product_brand","embeddable":true,"href":"https:\/\/www.rucashk.com\/pt\/wp-json\/wp\/v2\/product_brand?post=26392"},{"taxonomy":"product_cat","embeddable":true,"href":"https:\/\/www.rucashk.com\/pt\/wp-json\/wp\/v2\/product_cat?post=26392"},{"taxonomy":"product_tag","embeddable":true,"href":"https:\/\/www.rucashk.com\/pt\/wp-json\/wp\/v2\/product_tag?post=26392"}],"curies":[{"name":"wp","href":"https:\/\/api.w.org\/{rel}","templated":true}]}}