{"id":26391,"date":"2024-01-09T16:29:10","date_gmt":"2024-01-09T16:29:10","guid":{"rendered":"http:\/\/rucashk.com\/?post_type=product&#038;p=26391"},"modified":"2024-03-11T14:44:38","modified_gmt":"2024-03-11T14:44:38","slug":"mibro-lite","status":"publish","type":"product","link":"https:\/\/www.rucashk.com\/pt\/produto\/mibro-lite\/","title":{"rendered":"Mibro Lite"},"content":{"rendered":"<div class=\"detailmodule_text-image\" data-spm-anchor-id=\"a2g0o.detail.1000023.i0.1bc2B2DMB2DMD5\">\n<p class=\"detail-desc-decorate-title\">Mibro Lite \u2013 Um verdadeiro reflexo da sua for\u00e7a<\/p>\n<p class=\"detail-desc-decorate-content\">Tela AMOLED HD | Monitoramento de frequ\u00eancia card\u00edaca 24 horas por dia, 7 dias por semana | Medi\u00e7\u00e3o de SPO2 | Corpo ultrafino | 15 modos esportivos | Vida \u00fatil da bateria de 10 dias | IP68 \u00e0 prova d&#039;\u00e1gua | Personalizar mostrador do rel\u00f3gio<\/p>\n<div><img decoding=\"async\" alt=\"Mibro Lite\" class=\"detail-desc-decorate-image\" src=\"\/wp-content\/uploads\/replace\/f0eda8a16170701a374b93c876bf7842.jpeg\" \/><\/div>\n<\/div>\n<div class=\"detailmodule_text-image\">\n<p class=\"detail-desc-decorate-title\">Uma tela que traz um mundo de cores<\/p>\n<p class=\"detail-desc-decorate-content\">Tela AMOLED de 1,3 polegadas<br \/>\nCores ricas e claras<br \/>\nAproveite o banquete visual<\/p>\n<p>Fique claro sob luz forte<br \/>\nRecurso anti-impress\u00e3o digital de galvanoplastia<\/p>\n<div><img decoding=\"async\" alt=\"Mibro Lite\" class=\"detail-desc-decorate-image\" src=\"\/wp-content\/uploads\/replace\/e0e860b89003448146e3ec1be637866f.jpeg\" \/><\/div>\n<\/div>\n<div class=\"detailmodule_text-image\">\n<p class=\"detail-desc-decorate-title\">Seu companheiro de esporte no pulso<\/p>\n<p class=\"detail-desc-decorate-content\">48g ultraleve, menos peso que um ovo<br \/>\n9,8 mm ultrafino, t\u00e3o fino quanto um biscoito<br \/>\nUma roupa leve e confort\u00e1vel que combina perfeitamente com voc\u00ea<\/p>\n<p>Vidro Curvo 2.5D: Artesanato sofisticado brilhante e agrad\u00e1vel \u00e0 pele;<br \/>\nUm visual elegante de obsidiana \u00e9 adequado tanto para ocasi\u00f5es de moda quanto de neg\u00f3cios.<\/p>\n<div><img decoding=\"async\" alt=\"Mibro Lite\" class=\"detail-desc-decorate-image\" src=\"\/wp-content\/uploads\/replace\/38a5c094fa46316d7087836d2fbc64c0.jpeg\" \/><\/div>\n<\/div>\n<div class=\"detailmodule_text-image\">\n<p class=\"detail-desc-decorate-title\">Personalize seu pr\u00f3prio mostrador de rel\u00f3gio<\/p>\n<p class=\"detail-desc-decorate-content\">Personalize o mostrador do rel\u00f3gio de acordo com seu humor, estilo ou interesse.<br \/>\nDivirta-se infinitamente com um mostrador de rel\u00f3gio din\u00e2mico.<\/p>\n<div><img decoding=\"async\" alt=\"Mibro Lite\" class=\"detail-desc-decorate-image\" src=\"\/wp-content\/uploads\/replace\/62cbba94688865cad41d537285901e87.jpeg\" \/><\/div>\n<\/div>\n<div class=\"detailmodule_text-image\">\n<p class=\"detail-desc-decorate-title\">15 modos esportivos \u2013 torne o esporte uma experi\u00eancia agrad\u00e1vel<\/p>\n<p class=\"detail-desc-decorate-content\">Leia suas m\u00e9tricas de condicionamento f\u00edsico levantando o pulso. Isso ajuda voc\u00ea a ser o seu melhor.<\/p>\n<div><img decoding=\"async\" alt=\"Mibro Lite\" class=\"detail-desc-decorate-image\" src=\"\/wp-content\/uploads\/replace\/a9743a04ad09901bf1db7a979c57e611.jpeg\" \/><img decoding=\"async\" alt=\"Mibro Lite\" class=\"detail-desc-decorate-image\" src=\"\/wp-content\/uploads\/replace\/72b149ad11be9e16350ee94429155d79.jpeg\" \/><\/div>\n<\/div>\n<div class=\"detailmodule_text-image\">\n<p class=\"detail-desc-decorate-title\">Corpo Pequeno \u2013 Grande Poder! Bateria com dura\u00e7\u00e3o de mais de uma semana<\/p>\n<p class=\"detail-desc-decorate-content\">A longa dura\u00e7\u00e3o da bateria traz maior vitalidade.<br \/>\nModo di\u00e1rio: 10 dias<br \/>\nEspera: mais de 40 dias<\/p>\n<div><img decoding=\"async\" alt=\"Mibro Lite\" class=\"detail-desc-decorate-image\" src=\"\/wp-content\/uploads\/replace\/7e4064396266aa37feb3dbeb6bcab29f.jpeg\" \/><\/div>\n<\/div>\n<div class=\"detailmodule_text-image\">\n<p class=\"detail-desc-decorate-title\">IP68 \u00e0 prova d&#039;\u00e1gua<\/p>\n<p class=\"detail-desc-decorate-content\">N\u00e3o se preocupe mais com suor ou \u00e1gua da chuva.<\/p>\n<p>Aviso: A resist\u00eancia \u00e0 \u00e1gua IP68 \u00e9 baseada em testes Mibro lad. O efeito real pode variar dependendo do produto espec\u00edfico. h\u00e1bitos do usu\u00e1rio e ambiente (como temperatura, umidade e press\u00e3o).<br \/>\nN\u00e3o use o Mibro Lite em mergulho, esqui aqu\u00e1tico, fontes termais ou outras atividades que envolvam \u00e1gua em alta velocidade ou submers\u00e3o profunda. Danos ao produto causados pela entrada de \u00e1gua n\u00e3o s\u00e3o cobertos pela garantia.<\/p>\n<div><img decoding=\"async\" alt=\"Mibro Lite\" class=\"detail-desc-decorate-image\" src=\"\/wp-content\/uploads\/replace\/a8251c832d867656abc85d5f9b04f33f.jpeg\" \/><\/div>\n<\/div>\n<div class=\"detailmodule_text-image\">\n<p class=\"detail-desc-decorate-title\">Uma vida saud\u00e1vel acess\u00edvel aqui mesmo - conhe\u00e7a seu cora\u00e7\u00e3o<\/p>\n<p class=\"detail-desc-decorate-content\">Seja durante os treinos ou durante o sono, sua frequ\u00eancia card\u00edaca ser\u00e1 detectada para fornecer prote\u00e7\u00e3o durante todo o dia.<\/p>\n<p>*As medi\u00e7\u00f5es n\u00e3o se destinam ao uso m\u00e9dico, incluindo autodiagn\u00f3stico de consulta com um m\u00e9dico, e s\u00e3o projetadas apenas para fins gerais de condicionamento f\u00edsico e bem-estar.<\/p>\n<div><img decoding=\"async\" alt=\"Mibro Lite\" class=\"detail-desc-decorate-image\" src=\"\/wp-content\/uploads\/replace\/74607ea677fd20ef453fa11483fe5e0d.jpeg\" \/><\/div>\n<\/div>\n<div class=\"detailmodule_text-image\">\n<p class=\"detail-desc-decorate-title\">Desfrute de uma nova vida saud\u00e1vel com medi\u00e7\u00e3o de SPO2<\/p>\n<p class=\"detail-desc-decorate-content\">Esteja voc\u00ea trabalhando, fazendo exerc\u00edcios ou dormindo, ele protege sua sa\u00fade 24 horas por dia.<\/p>\n<p>*As medi\u00e7\u00f5es n\u00e3o se destinam ao uso m\u00e9dico, incluindo autodiagn\u00f3stico de consulta com um m\u00e9dico, e s\u00e3o projetadas apenas para fins gerais de condicionamento f\u00edsico e bem-estar.<\/p>\n<div><img decoding=\"async\" alt=\"Mibro Lite\" class=\"detail-desc-decorate-image\" src=\"\/wp-content\/uploads\/replace\/b7d8c84c89a2c9166e245b47dd3a16a2.jpeg\" \/><\/div>\n<\/div>\n<div class=\"detailmodule_text-image\">\n<p class=\"detail-desc-decorate-content\">Monitoramento do estresse durante todo o dia e cuidado da sua sa\u00fade 24 horas por dia. Tente treinar a respira\u00e7\u00e3o para liberar o estresse e regular seu humor na hora certa.<\/p>\n<p>*As medi\u00e7\u00f5es n\u00e3o se destinam ao uso m\u00e9dico, incluindo autodiagn\u00f3stico de consulta com um m\u00e9dico, e s\u00e3o projetadas apenas para fins gerais de condicionamento f\u00edsico e bem-estar.<\/p>\n<div><img decoding=\"async\" alt=\"Mibro Lite\" class=\"detail-desc-decorate-image\" src=\"\/wp-content\/uploads\/replace\/6fff3310a921f5233f3716e15e6bce8d.jpeg\" \/><\/div>\n<\/div>\n<div class=\"detailmodule_text-image\">\n<p class=\"detail-desc-decorate-title\">Melhore a qualidade do seu sono<\/p>\n<p class=\"detail-desc-decorate-content\">O Mibro Fit ajuda voc\u00ea a estabelecer uma rotina regular de hora de dormir e monitora suas tend\u00eancias de sono noite ap\u00f3s noite.<\/p>\n<p>*As medi\u00e7\u00f5es n\u00e3o se destinam ao uso m\u00e9dico, incluindo autodiagn\u00f3stico de consulta com um m\u00e9dico, e s\u00e3o projetadas apenas para fins gerais de condicionamento f\u00edsico e bem-estar.<\/p>\n<div><img decoding=\"async\" alt=\"Mibro Lite\" class=\"detail-desc-decorate-image\" src=\"\/wp-content\/uploads\/replace\/37601c2f7e11b2f9c9b95cd6df9211d2.jpeg\" \/><\/div>\n<\/div>\n<div class=\"detailmodule_text-image\">\n<p class=\"detail-desc-decorate-title\">Ele vai memorizar o que voc\u00ea n\u00e3o faz<\/p>\n<p class=\"detail-desc-decorate-content\">O aplicativo \u201cMibro Fit\u201d registra dados sobre seu status e gerenciamento de sa\u00fade em seu pulso.<\/p>\n<p>*Alguns recursos requerem conex\u00e3o com o APP \u201cMibro Fit\u201d<\/p>\n<div><img decoding=\"async\" alt=\"Mibro Lite\" class=\"detail-desc-decorate-image\" src=\"\/wp-content\/uploads\/replace\/152e0b2663891461dc5b3835b30dcf3c.jpeg\" \/><\/div>\n<\/div>\n<div class=\"detailmodule_text-image\">\n<p class=\"detail-desc-decorate-title\">Seu melhor assistente de vida<\/p>\n<p class=\"detail-desc-decorate-content\">Fique conectado, nunca perca nada importante. Tudo que voc\u00ea precisa, onde quer que voc\u00ea v\u00e1.<\/p>\n<div><img decoding=\"async\" alt=\"Mibro Lite\" class=\"detail-desc-decorate-image\" src=\"\/wp-content\/uploads\/replace\/de64ae7e4ce00a5a615aa579924fb1ad.jpeg\" \/><\/div>\n<\/div>\n<div class=\"detailmodule_text-image\"><img decoding=\"async\" alt=\"Mibro Lite\" class=\"detail-desc-decorate-image\" src=\"\/wp-content\/uploads\/replace\/3feaf049a2d24d88f4ed426532351680.jpeg\" \/><img decoding=\"async\" alt=\"Mibro Lite\" class=\"detail-desc-decorate-image\" src=\"\/wp-content\/uploads\/replace\/5ee78f64cd65104b839afdbacfe49c72.jpeg\" \/><img decoding=\"async\" alt=\"Mibro Lite\" class=\"detail-desc-decorate-image\" src=\"\/wp-content\/uploads\/replace\/535d9f53a32102469ad4887b831bac75.jpeg\" \/><\/div>","protected":false},"excerpt":{"rendered":"<p>\u00b7 1.3inch AMOLED HD display<\/p>\n<p>\u00b7 Smooth metal body<\/p>\n<p>\u00b7 Support all-day heart rate &amp; blood oxygen health management<\/p>\n<p>\u00b7 Support 15 workout modes<\/p>\n<p>\u00b7 7-days endurance<\/p>\n<p>\u00b7 IP68 waterproof<\/p>","protected":false},"featured_media":26514,"template":"","meta":[],"product_brand":[],"product_cat":[1308,1305],"product_tag":[],"class_list":{"0":"post-26391","1":"product","2":"type-product","3":"status-publish","4":"has-post-thumbnail","6":"product_cat-mibro-smartwatch","7":"product_cat-xiaomi-eco","9":"first","10":"instock","11":"shipping-taxable","12":"product-type-simple"},"aioseo_notices":[],"aioseo_head":"\n\t\t<!-- All in One SEO Pro 4.5.9.2 - aioseo.com -->\n\t\t<meta name=\"description\" content=\"\u00b7 1.3inch AMOLED HD display \u00b7 Smooth metal body \u00b7 Support all-day heart rate &amp; blood oxygen health management \u00b7 Support 15 workout modes \u00b7 7-days endurance \u00b7 IP68 waterproof\" \/>\n\t\t<meta name=\"robots\" content=\"max-image-preview:large\" \/>\n\t\t<link rel=\"canonical\" href=\"https:\/\/www.rucashk.com\/pt\/produto\/mibro-lite\/\" \/>\n\t\t<meta name=\"generator\" content=\"All in One SEO Pro (AIOSEO) 4.5.9.2\" \/>\n\t\t<meta property=\"og:locale\" content=\"pt_PT\" \/>\n\t\t<meta property=\"og:site_name\" content=\"Rucas - One-stop AIoT Distribution Worldwide\" \/>\n\t\t<meta property=\"og:type\" content=\"article\" \/>\n\t\t<meta property=\"og:title\" content=\"Mibro Lite - Rucas - Wholesale and Distribution\" \/>\n\t\t<meta property=\"og:description\" content=\"\u00b7 1.3inch AMOLED HD display \u00b7 Smooth metal body \u00b7 Support all-day heart rate &amp; blood oxygen health management \u00b7 Support 15 workout modes \u00b7 7-days endurance \u00b7 IP68 waterproof\" \/>\n\t\t<meta property=\"og:url\" content=\"https:\/\/www.rucashk.com\/pt\/produto\/mibro-lite\/\" \/>\n\t\t<meta property=\"og:image\" content=\"https:\/\/www.rucashk.com\/wp-content\/uploads\/replace\/503b8e645f128a97ccde2b6290747646.jpeg\" \/>\n\t\t<meta property=\"og:image:secure_url\" content=\"https:\/\/www.rucashk.com\/wp-content\/uploads\/replace\/503b8e645f128a97ccde2b6290747646.jpeg\" \/>\n\t\t<meta property=\"og:image:width\" content=\"1456\" \/>\n\t\t<meta property=\"og:image:height\" content=\"816\" \/>\n\t\t<meta property=\"article:published_time\" content=\"2024-01-09T16:29:10+00:00\" \/>\n\t\t<meta property=\"article:modified_time\" content=\"2024-03-11T14:44:38+00:00\" \/>\n\t\t<meta name=\"twitter:card\" content=\"summary_large_image\" \/>\n\t\t<meta name=\"twitter:title\" content=\"Mibro Lite - Rucas - Wholesale and Distribution\" \/>\n\t\t<meta name=\"twitter:description\" content=\"\u00b7 1.3inch AMOLED HD display \u00b7 Smooth metal body \u00b7 Support all-day heart rate &amp; blood oxygen health management \u00b7 Support 15 workout modes \u00b7 7-days endurance \u00b7 IP68 waterproof\" \/>\n\t\t<meta name=\"twitter:image\" content=\"https:\/\/www.rucashk.com\/wp-content\/uploads\/replace\/503b8e645f128a97ccde2b6290747646.jpeg\" \/>\n\t\t<script type=\"application\/ld+json\" class=\"aioseo-schema\">\n\t\t\t{\"@context\":\"https:\\\/\\\/schema.org\",\"@graph\":[{\"@type\":\"BreadcrumbList\",\"@id\":\"https:\\\/\\\/www.rucashk.com\\\/pt\\\/produto\\\/mibro-lite\\\/#breadcrumblist\",\"itemListElement\":[{\"@type\":\"ListItem\",\"@id\":\"https:\\\/\\\/www.rucashk.com\\\/pt\\\/#listItem\",\"position\":1,\"name\":\"Home\",\"item\":\"https:\\\/\\\/www.rucashk.com\\\/pt\\\/\",\"nextItem\":\"https:\\\/\\\/www.rucashk.com\\\/pt\\\/produto\\\/mibro-lite\\\/#listItem\"},{\"@type\":\"ListItem\",\"@id\":\"https:\\\/\\\/www.rucashk.com\\\/pt\\\/produto\\\/mibro-lite\\\/#listItem\",\"position\":2,\"name\":\"Mibro Lite\",\"previousItem\":\"https:\\\/\\\/www.rucashk.com\\\/pt\\\/#listItem\"}]},{\"@type\":\"Organization\",\"@id\":\"https:\\\/\\\/www.rucashk.com\\\/pt\\\/#organization\",\"name\":\"Rucas\",\"url\":\"https:\\\/\\\/www.rucashk.com\\\/pt\\\/\",\"logo\":{\"@type\":\"ImageObject\",\"url\":\"https:\\\/\\\/www.rucashk.com\\\/wp-content\\\/uploads\\\/2023\\\/12\\\/Rucas_campany_logo.png\",\"@id\":\"https:\\\/\\\/www.rucashk.com\\\/pt\\\/produto\\\/mibro-lite\\\/#organizationLogo\",\"width\":221,\"height\":65},\"image\":{\"@id\":\"https:\\\/\\\/www.rucashk.com\\\/pt\\\/#organizationLogo\"}},{\"@type\":\"Person\",\"@id\":\"https:\\\/\\\/www.rucashk.com\\\/pt\\\/author\\\/admin\\\/#author\",\"url\":\"https:\\\/\\\/www.rucashk.com\\\/pt\\\/author\\\/admin\\\/\",\"name\":\"admin\",\"image\":{\"@type\":\"ImageObject\",\"@id\":\"https:\\\/\\\/www.rucashk.com\\\/pt\\\/produto\\\/mibro-lite\\\/#authorImage\",\"url\":\"https:\\\/\\\/secure.gravatar.com\\\/avatar\\\/b7c8925b09a27e72b30232f8ecaadbd5af0f70a38c78096863fe51b64f031c24?s=96&d=mm&r=g\",\"width\":96,\"height\":96,\"caption\":\"admin\"}},{\"@type\":\"WebPage\",\"@id\":\"https:\\\/\\\/www.rucashk.com\\\/pt\\\/produto\\\/mibro-lite\\\/#webpage\",\"url\":\"https:\\\/\\\/www.rucashk.com\\\/pt\\\/produto\\\/mibro-lite\\\/\",\"name\":\"Mibro Lite - Rucas - Wholesale and Distribution\",\"description\":\"\\u00b7 1.3inch AMOLED HD display \\u00b7 Smooth metal body \\u00b7 Support all-day heart rate & blood oxygen health management \\u00b7 Support 15 workout modes \\u00b7 7-days endurance \\u00b7 IP68 waterproof\",\"inLanguage\":\"pt-PT\",\"isPartOf\":{\"@id\":\"https:\\\/\\\/www.rucashk.com\\\/pt\\\/#website\"},\"breadcrumb\":{\"@id\":\"https:\\\/\\\/www.rucashk.com\\\/pt\\\/produto\\\/mibro-lite\\\/#breadcrumblist\"},\"author\":{\"@id\":\"https:\\\/\\\/www.rucashk.com\\\/pt\\\/author\\\/admin\\\/#author\"},\"creator\":{\"@id\":\"https:\\\/\\\/www.rucashk.com\\\/pt\\\/author\\\/admin\\\/#author\"},\"image\":{\"@type\":\"ImageObject\",\"url\":\"https:\\\/\\\/www.rucashk.com\\\/wp-content\\\/uploads\\\/2024\\\/01\\\/18-1.jpg\",\"@id\":\"https:\\\/\\\/www.rucashk.com\\\/pt\\\/produto\\\/mibro-lite\\\/#mainImage\",\"width\":800,\"height\":800},\"primaryImageOfPage\":{\"@id\":\"https:\\\/\\\/www.rucashk.com\\\/pt\\\/produto\\\/mibro-lite\\\/#mainImage\"},\"datePublished\":\"2024-01-09T16:29:10+00:00\",\"dateModified\":\"2024-03-11T14:44:38+00:00\"},{\"@type\":\"WebSite\",\"@id\":\"https:\\\/\\\/www.rucashk.com\\\/pt\\\/#website\",\"url\":\"https:\\\/\\\/www.rucashk.com\\\/pt\\\/\",\"name\":\"Rucas - Wholesale and distribution worldwide\",\"alternateName\":\"Rucas - One-stop AIoT Distribution Worldwide\",\"description\":\"One-stop AIoT Distribution Worldwide\",\"inLanguage\":\"pt-PT\",\"publisher\":{\"@id\":\"https:\\\/\\\/www.rucashk.com\\\/pt\\\/#organization\"}}]}\n\t\t<\/script>\n\t\t<!-- All in One SEO Pro -->\r\n\t\t<title>Mibro Lite - Rucas - Wholesale and Distribution<\/title>\n\n","aioseo_head_json":{"title":"Mibro Lite - Rucas - Wholesale and Distribution","description":"\u00b7 1.3inch AMOLED HD display \u00b7 Smooth metal body \u00b7 Support all-day heart rate & blood oxygen health management \u00b7 Support 15 workout modes \u00b7 7-days endurance \u00b7 IP68 waterproof","canonical_url":"https:\/\/www.rucashk.com\/pt\/produto\/mibro-lite\/","robots":"max-image-preview:large","keywords":"","webmasterTools":{"miscellaneous":""},"og:locale":"pt_PT","og:site_name":"Rucas - One-stop AIoT Distribution Worldwide","og:type":"article","og:title":"Mibro Lite - Rucas - Wholesale and Distribution","og:description":"\u00b7 1.3inch AMOLED HD display \u00b7 Smooth metal body \u00b7 Support all-day heart rate &amp; blood oxygen health management \u00b7 Support 15 workout modes \u00b7 7-days endurance \u00b7 IP68 waterproof","og:url":"https:\/\/www.rucashk.com\/pt\/produto\/mibro-lite\/","og:image":"https:\/\/www.rucashk.com\/wp-content\/uploads\/replace\/503b8e645f128a97ccde2b6290747646.jpeg","og:image:secure_url":"https:\/\/www.rucashk.com\/wp-content\/uploads\/replace\/503b8e645f128a97ccde2b6290747646.jpeg","og:image:width":1456,"og:image:height":816,"article:published_time":"2024-01-09T16:29:10+00:00","article:modified_time":"2024-03-11T14:44:38+00:00","twitter:card":"summary_large_image","twitter:title":"Mibro Lite - Rucas - Wholesale and Distribution","twitter:description":"\u00b7 1.3inch AMOLED HD display \u00b7 Smooth metal body \u00b7 Support all-day heart rate &amp; blood oxygen health management \u00b7 Support 15 workout modes \u00b7 7-days endurance \u00b7 IP68 waterproof","twitter:image":"https:\/\/www.rucashk.com\/wp-content\/uploads\/replace\/503b8e645f128a97ccde2b6290747646.jpeg","schema":{"@context":"https:\/\/schema.org","@graph":[{"@type":"BreadcrumbList","@id":"https:\/\/www.rucashk.com\/pt\/produto\/mibro-lite\/#breadcrumblist","itemListElement":[{"@type":"ListItem","@id":"https:\/\/www.rucashk.com\/pt\/#listItem","position":1,"name":"Home","item":"https:\/\/www.rucashk.com\/pt\/","nextItem":"https:\/\/www.rucashk.com\/pt\/produto\/mibro-lite\/#listItem"},{"@type":"ListItem","@id":"https:\/\/www.rucashk.com\/pt\/produto\/mibro-lite\/#listItem","position":2,"name":"Mibro Lite","previousItem":"https:\/\/www.rucashk.com\/pt\/#listItem"}]},{"@type":"Organization","@id":"https:\/\/www.rucashk.com\/pt\/#organization","name":"Rucas","url":"https:\/\/www.rucashk.com\/pt\/","logo":{"@type":"ImageObject","url":"https:\/\/www.rucashk.com\/wp-content\/uploads\/2023\/12\/Rucas_campany_logo.png","@id":"https:\/\/www.rucashk.com\/pt\/produto\/mibro-lite\/#organizationLogo","width":221,"height":65},"image":{"@id":"https:\/\/www.rucashk.com\/pt\/#organizationLogo"}},{"@type":"Person","@id":"https:\/\/www.rucashk.com\/pt\/author\/admin\/#author","url":"https:\/\/www.rucashk.com\/pt\/author\/admin\/","name":"admin","image":{"@type":"ImageObject","@id":"https:\/\/www.rucashk.com\/pt\/produto\/mibro-lite\/#authorImage","url":"https:\/\/secure.gravatar.com\/avatar\/b7c8925b09a27e72b30232f8ecaadbd5af0f70a38c78096863fe51b64f031c24?s=96&d=mm&r=g","width":96,"height":96,"caption":"admin"}},{"@type":"WebPage","@id":"https:\/\/www.rucashk.com\/pt\/produto\/mibro-lite\/#webpage","url":"https:\/\/www.rucashk.com\/pt\/produto\/mibro-lite\/","name":"Mibro Lite - Rucas - Wholesale and Distribution","description":"\u00b7 1.3inch AMOLED HD display \u00b7 Smooth metal body \u00b7 Support all-day heart rate & blood oxygen health management \u00b7 Support 15 workout modes \u00b7 7-days endurance \u00b7 IP68 waterproof","inLanguage":"pt-PT","isPartOf":{"@id":"https:\/\/www.rucashk.com\/pt\/#website"},"breadcrumb":{"@id":"https:\/\/www.rucashk.com\/pt\/produto\/mibro-lite\/#breadcrumblist"},"author":{"@id":"https:\/\/www.rucashk.com\/pt\/author\/admin\/#author"},"creator":{"@id":"https:\/\/www.rucashk.com\/pt\/author\/admin\/#author"},"image":{"@type":"ImageObject","url":"https:\/\/www.rucashk.com\/wp-content\/uploads\/2024\/01\/18-1.jpg","@id":"https:\/\/www.rucashk.com\/pt\/produto\/mibro-lite\/#mainImage","width":800,"height":800},"primaryImageOfPage":{"@id":"https:\/\/www.rucashk.com\/pt\/produto\/mibro-lite\/#mainImage"},"datePublished":"2024-01-09T16:29:10+00:00","dateModified":"2024-03-11T14:44:38+00:00"},{"@type":"WebSite","@id":"https:\/\/www.rucashk.com\/pt\/#website","url":"https:\/\/www.rucashk.com\/pt\/","name":"Rucas - Wholesale and distribution worldwide","alternateName":"Rucas - One-stop AIoT Distribution Worldwide","description":"One-stop AIoT Distribution Worldwide","inLanguage":"pt-PT","publisher":{"@id":"https:\/\/www.rucashk.com\/pt\/#organization"}}]}},"aioseo_meta_data":{"post_id":"26391","title":null,"description":null,"keywords":null,"keyphrases":null,"primary_term":null,"canonical_url":null,"og_title":null,"og_description":null,"og_object_type":"default","og_image_type":"default","og_image_url":null,"og_image_width":null,"og_image_height":null,"og_image_custom_url":null,"og_image_custom_fields":null,"og_video":null,"og_custom_url":null,"og_article_section":null,"og_article_tags":null,"twitter_use_og":false,"twitter_card":"default","twitter_image_type":"default","twitter_image_url":null,"twitter_image_custom_url":null,"twitter_image_custom_fields":null,"twitter_title":null,"twitter_description":null,"schema":{"blockGraphs":[],"customGraphs":[],"default":{"data":{"Article":[],"Course":[],"Dataset":[],"FAQPage":[],"Movie":[],"Person":[],"Product":[],"Recipe":[],"Service":[],"SoftwareApplication":[],"WebPage":[]},"graphName":"","isEnabled":true},"graphs":[]},"schema_type":"default","schema_type_options":null,"pillar_content":false,"robots_default":true,"robots_noindex":false,"robots_noarchive":false,"robots_nosnippet":false,"robots_nofollow":false,"robots_noimageindex":false,"robots_noodp":false,"robots_notranslate":false,"robots_max_snippet":null,"robots_max_videopreview":null,"robots_max_imagepreview":"large","priority":null,"frequency":null,"local_seo":null,"breadcrumb_settings":null,"limit_modified_date":false,"created":"2024-04-11 01:57:20","updated":"2025-06-22 18:17:59"},"aioseo_breadcrumb":"<div class=\"aioseo-breadcrumbs\"><span class=\"aioseo-breadcrumb\">\n\t<a href=\"https:\/\/www.rucashk.com\/pt\" title=\"Home\">Home<\/a>\n<\/span><span class=\"aioseo-breadcrumb-separator\">&raquo;<\/span><span class=\"aioseo-breadcrumb\">\n\t<a href=\"https:\/\/www.rucashk.com\/pt\/products\/\" title=\"Produtos\">Produtos<\/a>\n<\/span><span class=\"aioseo-breadcrumb-separator\">&raquo;<\/span><span class=\"aioseo-breadcrumb\">\n\t<a href=\"https:\/\/www.rucashk.com\/pt\/categoria-produto\/xiaomi-eco\/\" title=\"Xiaomi Eco\">Xiaomi Eco<\/a>\n<\/span><span class=\"aioseo-breadcrumb-separator\">&raquo;<\/span><span class=\"aioseo-breadcrumb\">\n\t<a href=\"https:\/\/www.rucashk.com\/pt\/categoria-produto\/xiaomi-eco\/mibro-smartwatch\/\" title=\"Mibro Smartwatch\">Mibro Smartwatch<\/a>\n<\/span><span class=\"aioseo-breadcrumb-separator\">&raquo;<\/span><span class=\"aioseo-breadcrumb\">\n\tMibro Lite\n<\/span><\/div>","aioseo_breadcrumb_json":[{"label":"Home","link":"https:\/\/www.rucashk.com\/pt"},{"label":"Produtos","link":"https:\/\/www.rucashk.com\/pt\/products\/"},{"label":"Xiaomi Eco","link":"https:\/\/www.rucashk.com\/pt\/categoria-produto\/xiaomi-eco\/"},{"label":"Mibro Smartwatch","link":"https:\/\/www.rucashk.com\/pt\/categoria-produto\/xiaomi-eco\/mibro-smartwatch\/"},{"label":"Mibro Lite","link":"https:\/\/www.rucashk.com\/pt\/produto\/mibro-lite\/"}],"_links":{"self":[{"href":"https:\/\/www.rucashk.com\/pt\/wp-json\/wp\/v2\/product\/26391","targetHints":{"allow":["GET"]}}],"collection":[{"href":"https:\/\/www.rucashk.com\/pt\/wp-json\/wp\/v2\/product"}],"about":[{"href":"https:\/\/www.rucashk.com\/pt\/wp-json\/wp\/v2\/types\/product"}],"wp:featuredmedia":[{"embeddable":true,"href":"https:\/\/www.rucashk.com\/pt\/wp-json\/wp\/v2\/media\/26514"}],"wp:attachment":[{"href":"https:\/\/www.rucashk.com\/pt\/wp-json\/wp\/v2\/media?parent=26391"}],"wp:term":[{"taxonomy":"product_brand","embeddable":true,"href":"https:\/\/www.rucashk.com\/pt\/wp-json\/wp\/v2\/product_brand?post=26391"},{"taxonomy":"product_cat","embeddable":true,"href":"https:\/\/www.rucashk.com\/pt\/wp-json\/wp\/v2\/product_cat?post=26391"},{"taxonomy":"product_tag","embeddable":true,"href":"https:\/\/www.rucashk.com\/pt\/wp-json\/wp\/v2\/product_tag?post=26391"}],"curies":[{"name":"wp","href":"https:\/\/api.w.org\/{rel}","templated":true}]}}