{"id":26353,"date":"2024-01-09T16:28:48","date_gmt":"2024-01-09T16:28:48","guid":{"rendered":"http:\/\/rucashk.com\/?post_type=product&#038;p=26353"},"modified":"2024-03-12T02:42:29","modified_gmt":"2024-03-12T02:42:29","slug":"mibro-watch-x1","status":"publish","type":"product","link":"https:\/\/www.rucashk.com\/pt\/produto\/mibro-watch-x1\/","title":{"rendered":"Rel\u00f3gio Mibro X1"},"content":{"rendered":"<div class=\"detailmodule_text-image\">\n<div><img decoding=\"async\" alt=\"Mibro Watch X1\" class=\"detail-desc-decorate-image\" src=\"\/wp-content\/uploads\/replace\/cd03707b1c6775fc0b36782b562c4203.jpeg\" \/><\/div>\n<\/div>\n<div class=\"detailmodule_text-image\">\n<p class=\"detail-desc-decorate-title\">Tela AMOLED HD de 1,3 polegadas<\/p>\n<p class=\"detail-desc-decorate-content\">Detalhes v\u00edvidos e cores ricas<br \/>\nUma experi\u00eancia visual da vida real<\/p>\n<div><img decoding=\"async\" alt=\"Mibro Watch X1\" class=\"detail-desc-decorate-image\" src=\"\/wp-content\/uploads\/replace\/8ba4ecf3095aae054ad5b87ccef56d64.jpeg\" \/><\/div>\n<\/div>\n<div class=\"detailmodule_text-image\">\n<p class=\"detail-desc-decorate-title\">38 modalidades esportivas incluem exerc\u00edcios internos e externos<\/p>\n<p class=\"detail-desc-decorate-content\">Esportes indoor: ioga, abdominais, pular corda\u2026 queimar calorias;<br \/>\nEsportes ao ar livre: Alpinismo, triatlo, patina\u00e7\u00e3o em patins, escalada, skate, parkour\u2026 Pratique esportes e desafie-se.<br \/>\nUm relat\u00f3rio de exerc\u00edcio exclusivo pode ser gerado para testemunhar cada etapa do seu sucesso.<\/p>\n<div><img decoding=\"async\" alt=\"Mibro Watch X1\" class=\"detail-desc-decorate-image\" src=\"\/wp-content\/uploads\/replace\/8acb224551110cd4126e29df7d7f24f9.jpeg\" \/><\/div>\n<\/div>\n<div class=\"detailmodule_text-image\">\n<p class=\"detail-desc-decorate-title\">Bateria de longa dura\u00e7\u00e3o garante uso de duas semanas ap\u00f3s uma \u00fanica carga<\/p>\n<p class=\"detail-desc-decorate-content\">Modo di\u00e1rio: 14 dias<br \/>\nDepois de totalmente carregado, pode ser utilizado ligando-se \u00e0 APP do telem\u00f3vel com as seguintes funcionalidades: monitoriza\u00e7\u00e3o din\u00e2mica da frequ\u00eancia card\u00edaca 24h, monitoriza\u00e7\u00e3o do sono, grava\u00e7\u00e3o de 60 minutos de exerc\u00edcio desportivo em m\u00e9dia por semana, 100 mensagens e 6 chamadas por dia (m\u00e3o em 5 segundos), verificando a hora acendendo a tela levantando o pulso 60 vezes, despertador 3 vezes ao dia e outras configura\u00e7\u00f5es padr\u00e3o de f\u00e1brica.<br \/>\nModo B\u00e1sico: mais de 60 dias<br \/>\nDepois de totalmente carregado, ele n\u00e3o \u00e9 usado enquanto estiver ligado, sem conectar-se ao APP m\u00f3vel.<\/p>\n<div><img decoding=\"async\" alt=\"Mibro Watch X1\" class=\"detail-desc-decorate-image\" src=\"\/wp-content\/uploads\/replace\/5a6739d2e72597d1e5ee09e31dc15aaa.jpeg\" \/><\/div>\n<\/div>\n<div class=\"detailmodule_text-image\">\n<p class=\"detail-desc-decorate-title\">5ATM \u00e0 prova d&#039;\u00e1gua - uma vida f\u00e1cil com descobertas sem desafios<\/p>\n<p class=\"detail-desc-decorate-content\">N\u00e3o h\u00e1 necessidade de tirar banho ou nadar, um uso sem preocupa\u00e7\u00f5es para voc\u00ea. Danos ao produto causados pela entrada de \u00e1gua n\u00e3o s\u00e3o cobertos pela garantia<\/p>\n<div><img decoding=\"async\" alt=\"Mibro Watch X1\" class=\"detail-desc-decorate-image\" src=\"\/wp-content\/uploads\/replace\/10f4361b34eb87d49be080356fce62f2.jpeg\" \/><\/div>\n<\/div>\n<div class=\"detailmodule_text-image\">\n<p class=\"detail-desc-decorate-title\">Traz a voc\u00ea uma vida saud\u00e1vel com prote\u00e7\u00e3o total<\/p>\n<p class=\"detail-desc-decorate-content\">Monitoramento da frequ\u00eancia card\u00edaca 24 horas para ouvir o que seu cora\u00e7\u00e3o \u201cdiz\u201d<br \/>\nSuporta tr\u00eas modos de alerta precoce de exerc\u00edcio, descanso e sono, com aviso oportuno para qualquer problema potencial.<\/p>\n<div><img decoding=\"async\" alt=\"Mibro Watch X1\" class=\"detail-desc-decorate-image\" src=\"\/wp-content\/uploads\/replace\/5a602032723c785b0fb2df6266794d3e.jpeg\" \/><\/div>\n<\/div>\n<div class=\"detailmodule_text-image\">\n<p class=\"detail-desc-decorate-title\">Conhe\u00e7a melhor sua sa\u00fade com medi\u00e7\u00e3o de SpO2<\/p>\n<p class=\"detail-desc-decorate-content\">Ele continua protegendo sua sa\u00fade o tempo todo.<\/p>\n<div><img decoding=\"async\" alt=\"Mibro Watch X1\" class=\"detail-desc-decorate-image\" src=\"\/wp-content\/uploads\/replace\/57796e1ba4830983c2691b882f094649.jpeg\" \/><\/div>\n<\/div>\n<div class=\"detailmodule_text-image\">\n<p class=\"detail-desc-decorate-title\">Monitoramento completo do sono, com horas de sono registradas<\/p>\n<p class=\"detail-desc-decorate-content\">Ele sabe o qu\u00e3o bem voc\u00ea dorme.<\/p>\n<div><img decoding=\"async\" alt=\"Mibro Watch X1\" class=\"detail-desc-decorate-image\" src=\"\/wp-content\/uploads\/replace\/7cfe001e29d79590796864a49c7f033b.jpeg\" \/><\/div>\n<\/div>\n<div class=\"detailmodule_text-image\">\n<p class=\"detail-desc-decorate-title\">Monitoramento da press\u00e3o corporal para ajud\u00e1-lo a relaxar<\/p>\n<p class=\"detail-desc-decorate-content\">Respirando, relaxando e respirando profundamente, todo o estresse desaparece.<\/p>\n<p>*As medi\u00e7\u00f5es n\u00e3o se destinam ao uso m\u00e9dico, incluindo autodiagn\u00f3stico de consulta com um m\u00e9dico, e s\u00e3o projetadas apenas para fins gerais de condicionamento f\u00edsico e bem-estar.<\/p>\n<div><img decoding=\"async\" alt=\"Mibro Watch X1\" class=\"detail-desc-decorate-image\" src=\"\/wp-content\/uploads\/replace\/3aeb0de4da0269a9ae25411306f23739.jpeg\" \/><\/div>\n<\/div>\n<div class=\"detailmodule_text-image\">\n<p class=\"detail-desc-decorate-title\">O gerenciamento de vida torna sua vida mais f\u00e1cil, a vida nunca foi t\u00e3o f\u00e1cil<\/p>\n<p class=\"detail-desc-decorate-content\">O lembrete oportuno de Wechat, SMS, chamadas recebidas, previs\u00e3o do tempo, despertador e outras informa\u00e7\u00f5es do aplicativo evita que voc\u00ea perca algo importante.<\/p>\n<div><img decoding=\"async\" alt=\"Mibro Watch X1\" class=\"detail-desc-decorate-image\" src=\"\/wp-content\/uploads\/replace\/19a235cc0e93e6f4911e0eb09598ad9e.jpeg\" \/><\/div>\n<\/div>\n<div class=\"detailmodule_text-image\">\n<p class=\"detail-desc-decorate-title\">Personalize seu pr\u00f3prio mostrador de rel\u00f3gio e fa\u00e7a a diferen\u00e7a todos os dias<\/p>\n<p class=\"detail-desc-decorate-content\">Satisfaz gostos diversificados e mostra sua personalidade especial.<\/p>\n<div><img decoding=\"async\" alt=\"Mibro Watch X1\" class=\"detail-desc-decorate-image\" src=\"\/wp-content\/uploads\/replace\/cceda99929541ff998ed883c8f7b36d9.jpeg\" \/><\/div>\n<\/div>\n<div class=\"detailmodule_text-image\">\n<p class=\"detail-desc-decorate-title\">Mibro Fit-It mant\u00e9m voc\u00ea bem informado sobre sua sa\u00fade<\/p>\n<p class=\"detail-desc-decorate-content\">Combina perfeitamente com o aplicativo \u201cMibro Fit\u201d para registrar todos os dados do seu corpo em tempo real.<\/p>\n<p>*Alguns recursos requerem conex\u00e3o com o APP \u201cMibro Fit\u201d<\/p>\n<div><img decoding=\"async\" alt=\"Mibro Watch X1\" class=\"detail-desc-decorate-image\" src=\"\/wp-content\/uploads\/replace\/97329924a57beaf2c050de2e37bdf0dd.jpeg\" \/><\/div>\n<\/div>\n<div class=\"detailmodule_text-image\">\n<p class=\"detail-desc-decorate-title\">Uma ampla gama de recursos f\u00e1ceis de usar cobre todas as suas necessidades<\/p>\n<div><img decoding=\"async\" alt=\"Mibro Watch X1\" class=\"detail-desc-decorate-image\" src=\"\/wp-content\/uploads\/replace\/04926d6c5741c9b59e0148795611191c.jpeg\" \/><img decoding=\"async\" alt=\"Mibro Watch X1\" class=\"detail-desc-decorate-image\" src=\"\/wp-content\/uploads\/replace\/672cff042b002058e98c8fd4fdd2dd50.jpeg\" \/><img decoding=\"async\" alt=\"Mibro Watch X1\" class=\"detail-desc-decorate-image\" src=\"\/wp-content\/uploads\/replace\/6f80daa784b5d532818f54004e436629.jpeg\" \/><\/div>\n<\/div>","protected":false},"excerpt":{"rendered":"<p>\u00b7 1.3inch AMOLED HD display<\/p>\n<p>\u00b7 Sporty style<\/p>\n<p>\u00b7 Support all-day heart rate &amp; blood oxygen health management<\/p>\n<p>\u00b7 Support 38 workout modes<\/p>\n<p>\u00b7 14-days ultra long endurance<\/p>\n<p>\u00b7 5ATM waterproof<\/p>","protected":false},"featured_media":26493,"template":"","meta":[],"product_brand":[],"product_cat":[1308,1305],"product_tag":[],"class_list":{"0":"post-26353","1":"product","2":"type-product","3":"status-publish","4":"has-post-thumbnail","6":"product_cat-mibro-smartwatch","7":"product_cat-xiaomi-eco","9":"first","10":"instock","11":"shipping-taxable","12":"product-type-simple"},"aioseo_notices":[],"aioseo_head":"\n\t\t<!-- All in One SEO Pro 4.5.9.2 - aioseo.com -->\n\t\t<meta name=\"description\" content=\"\u00b7 1.3inch AMOLED HD display \u00b7 Sporty style \u00b7 Support all-day heart rate &amp; blood oxygen health management \u00b7 Support 38 workout modes \u00b7 14-days ultra long endurance \u00b7 5ATM waterproof\" \/>\n\t\t<meta name=\"robots\" content=\"max-image-preview:large\" \/>\n\t\t<link rel=\"canonical\" href=\"https:\/\/www.rucashk.com\/pt\/produto\/mibro-watch-x1\/\" \/>\n\t\t<meta name=\"generator\" content=\"All in One SEO Pro (AIOSEO) 4.5.9.2\" \/>\n\t\t<meta property=\"og:locale\" content=\"pt_PT\" \/>\n\t\t<meta property=\"og:site_name\" content=\"Rucas - One-stop AIoT Distribution Worldwide\" \/>\n\t\t<meta property=\"og:type\" content=\"article\" \/>\n\t\t<meta property=\"og:title\" content=\"Mibro Watch X1 - Rucas - Wholesale and Distribution\" \/>\n\t\t<meta property=\"og:description\" content=\"\u00b7 1.3inch AMOLED HD display \u00b7 Sporty style \u00b7 Support all-day heart rate &amp; blood oxygen health management \u00b7 Support 38 workout modes \u00b7 14-days ultra long endurance \u00b7 5ATM waterproof\" \/>\n\t\t<meta property=\"og:url\" content=\"https:\/\/www.rucashk.com\/pt\/produto\/mibro-watch-x1\/\" \/>\n\t\t<meta property=\"og:image\" content=\"https:\/\/www.rucashk.com\/wp-content\/uploads\/replace\/503b8e645f128a97ccde2b6290747646.jpeg\" \/>\n\t\t<meta property=\"og:image:secure_url\" content=\"https:\/\/www.rucashk.com\/wp-content\/uploads\/replace\/503b8e645f128a97ccde2b6290747646.jpeg\" \/>\n\t\t<meta property=\"og:image:width\" content=\"1456\" \/>\n\t\t<meta property=\"og:image:height\" content=\"816\" \/>\n\t\t<meta property=\"article:published_time\" content=\"2024-01-09T16:28:48+00:00\" \/>\n\t\t<meta property=\"article:modified_time\" content=\"2024-03-12T02:42:29+00:00\" \/>\n\t\t<meta name=\"twitter:card\" content=\"summary_large_image\" \/>\n\t\t<meta name=\"twitter:title\" content=\"Mibro Watch X1 - Rucas - Wholesale and Distribution\" \/>\n\t\t<meta name=\"twitter:description\" content=\"\u00b7 1.3inch AMOLED HD display \u00b7 Sporty style \u00b7 Support all-day heart rate &amp; blood oxygen health management \u00b7 Support 38 workout modes \u00b7 14-days ultra long endurance \u00b7 5ATM waterproof\" \/>\n\t\t<meta name=\"twitter:image\" content=\"https:\/\/www.rucashk.com\/wp-content\/uploads\/replace\/503b8e645f128a97ccde2b6290747646.jpeg\" \/>\n\t\t<script type=\"application\/ld+json\" class=\"aioseo-schema\">\n\t\t\t{\"@context\":\"https:\\\/\\\/schema.org\",\"@graph\":[{\"@type\":\"BreadcrumbList\",\"@id\":\"https:\\\/\\\/www.rucashk.com\\\/pt\\\/produto\\\/mibro-watch-x1\\\/#breadcrumblist\",\"itemListElement\":[{\"@type\":\"ListItem\",\"@id\":\"https:\\\/\\\/www.rucashk.com\\\/pt\\\/#listItem\",\"position\":1,\"name\":\"Home\",\"item\":\"https:\\\/\\\/www.rucashk.com\\\/pt\\\/\",\"nextItem\":\"https:\\\/\\\/www.rucashk.com\\\/pt\\\/produto\\\/mibro-watch-x1\\\/#listItem\"},{\"@type\":\"ListItem\",\"@id\":\"https:\\\/\\\/www.rucashk.com\\\/pt\\\/produto\\\/mibro-watch-x1\\\/#listItem\",\"position\":2,\"name\":\"Mibro Watch X1\",\"previousItem\":\"https:\\\/\\\/www.rucashk.com\\\/pt\\\/#listItem\"}]},{\"@type\":\"Organization\",\"@id\":\"https:\\\/\\\/www.rucashk.com\\\/pt\\\/#organization\",\"name\":\"Rucas\",\"url\":\"https:\\\/\\\/www.rucashk.com\\\/pt\\\/\",\"logo\":{\"@type\":\"ImageObject\",\"url\":\"https:\\\/\\\/www.rucashk.com\\\/wp-content\\\/uploads\\\/2023\\\/12\\\/Rucas_campany_logo.png\",\"@id\":\"https:\\\/\\\/www.rucashk.com\\\/pt\\\/produto\\\/mibro-watch-x1\\\/#organizationLogo\",\"width\":221,\"height\":65},\"image\":{\"@id\":\"https:\\\/\\\/www.rucashk.com\\\/pt\\\/#organizationLogo\"}},{\"@type\":\"Person\",\"@id\":\"https:\\\/\\\/www.rucashk.com\\\/pt\\\/author\\\/admin\\\/#author\",\"url\":\"https:\\\/\\\/www.rucashk.com\\\/pt\\\/author\\\/admin\\\/\",\"name\":\"admin\",\"image\":{\"@type\":\"ImageObject\",\"@id\":\"https:\\\/\\\/www.rucashk.com\\\/pt\\\/produto\\\/mibro-watch-x1\\\/#authorImage\",\"url\":\"https:\\\/\\\/secure.gravatar.com\\\/avatar\\\/b7c8925b09a27e72b30232f8ecaadbd5af0f70a38c78096863fe51b64f031c24?s=96&d=mm&r=g\",\"width\":96,\"height\":96,\"caption\":\"admin\"}},{\"@type\":\"WebPage\",\"@id\":\"https:\\\/\\\/www.rucashk.com\\\/pt\\\/produto\\\/mibro-watch-x1\\\/#webpage\",\"url\":\"https:\\\/\\\/www.rucashk.com\\\/pt\\\/produto\\\/mibro-watch-x1\\\/\",\"name\":\"Mibro Watch X1 - Rucas - Wholesale and Distribution\",\"description\":\"\\u00b7 1.3inch AMOLED HD display \\u00b7 Sporty style \\u00b7 Support all-day heart rate & blood oxygen health management \\u00b7 Support 38 workout modes \\u00b7 14-days ultra long endurance \\u00b7 5ATM waterproof\",\"inLanguage\":\"pt-PT\",\"isPartOf\":{\"@id\":\"https:\\\/\\\/www.rucashk.com\\\/pt\\\/#website\"},\"breadcrumb\":{\"@id\":\"https:\\\/\\\/www.rucashk.com\\\/pt\\\/produto\\\/mibro-watch-x1\\\/#breadcrumblist\"},\"author\":{\"@id\":\"https:\\\/\\\/www.rucashk.com\\\/pt\\\/author\\\/admin\\\/#author\"},\"creator\":{\"@id\":\"https:\\\/\\\/www.rucashk.com\\\/pt\\\/author\\\/admin\\\/#author\"},\"image\":{\"@type\":\"ImageObject\",\"url\":\"https:\\\/\\\/www.rucashk.com\\\/wp-content\\\/uploads\\\/2024\\\/01\\\/16-1.jpg\",\"@id\":\"https:\\\/\\\/www.rucashk.com\\\/pt\\\/produto\\\/mibro-watch-x1\\\/#mainImage\",\"width\":800,\"height\":800},\"primaryImageOfPage\":{\"@id\":\"https:\\\/\\\/www.rucashk.com\\\/pt\\\/produto\\\/mibro-watch-x1\\\/#mainImage\"},\"datePublished\":\"2024-01-09T16:28:48+00:00\",\"dateModified\":\"2024-03-12T02:42:29+00:00\"},{\"@type\":\"WebSite\",\"@id\":\"https:\\\/\\\/www.rucashk.com\\\/pt\\\/#website\",\"url\":\"https:\\\/\\\/www.rucashk.com\\\/pt\\\/\",\"name\":\"Rucas - Wholesale and distribution worldwide\",\"alternateName\":\"Rucas - One-stop AIoT Distribution Worldwide\",\"description\":\"One-stop AIoT Distribution Worldwide\",\"inLanguage\":\"pt-PT\",\"publisher\":{\"@id\":\"https:\\\/\\\/www.rucashk.com\\\/pt\\\/#organization\"}}]}\n\t\t<\/script>\n\t\t<!-- All in One SEO Pro -->\r\n\t\t<title>Mibro Watch X1 - Rucas - Wholesale and Distribution<\/title>\n\n","aioseo_head_json":{"title":"Mibro Watch X1 - Rucas - Wholesale and Distribution","description":"\u00b7 1.3inch AMOLED HD display \u00b7 Sporty style \u00b7 Support all-day heart rate & blood oxygen health management \u00b7 Support 38 workout modes \u00b7 14-days ultra long endurance \u00b7 5ATM waterproof","canonical_url":"https:\/\/www.rucashk.com\/pt\/produto\/mibro-watch-x1\/","robots":"max-image-preview:large","keywords":"","webmasterTools":{"miscellaneous":""},"og:locale":"pt_PT","og:site_name":"Rucas - One-stop AIoT Distribution Worldwide","og:type":"article","og:title":"Mibro Watch X1 - Rucas - Wholesale and Distribution","og:description":"\u00b7 1.3inch AMOLED HD display \u00b7 Sporty style \u00b7 Support all-day heart rate &amp; blood oxygen health management \u00b7 Support 38 workout modes \u00b7 14-days ultra long endurance \u00b7 5ATM waterproof","og:url":"https:\/\/www.rucashk.com\/pt\/produto\/mibro-watch-x1\/","og:image":"https:\/\/www.rucashk.com\/wp-content\/uploads\/replace\/503b8e645f128a97ccde2b6290747646.jpeg","og:image:secure_url":"https:\/\/www.rucashk.com\/wp-content\/uploads\/replace\/503b8e645f128a97ccde2b6290747646.jpeg","og:image:width":1456,"og:image:height":816,"article:published_time":"2024-01-09T16:28:48+00:00","article:modified_time":"2024-03-12T02:42:29+00:00","twitter:card":"summary_large_image","twitter:title":"Mibro Watch X1 - Rucas - Wholesale and Distribution","twitter:description":"\u00b7 1.3inch AMOLED HD display \u00b7 Sporty style \u00b7 Support all-day heart rate &amp; blood oxygen health management \u00b7 Support 38 workout modes \u00b7 14-days ultra long endurance \u00b7 5ATM waterproof","twitter:image":"https:\/\/www.rucashk.com\/wp-content\/uploads\/replace\/503b8e645f128a97ccde2b6290747646.jpeg","schema":{"@context":"https:\/\/schema.org","@graph":[{"@type":"BreadcrumbList","@id":"https:\/\/www.rucashk.com\/pt\/produto\/mibro-watch-x1\/#breadcrumblist","itemListElement":[{"@type":"ListItem","@id":"https:\/\/www.rucashk.com\/pt\/#listItem","position":1,"name":"Home","item":"https:\/\/www.rucashk.com\/pt\/","nextItem":"https:\/\/www.rucashk.com\/pt\/produto\/mibro-watch-x1\/#listItem"},{"@type":"ListItem","@id":"https:\/\/www.rucashk.com\/pt\/produto\/mibro-watch-x1\/#listItem","position":2,"name":"Mibro Watch X1","previousItem":"https:\/\/www.rucashk.com\/pt\/#listItem"}]},{"@type":"Organization","@id":"https:\/\/www.rucashk.com\/pt\/#organization","name":"Rucas","url":"https:\/\/www.rucashk.com\/pt\/","logo":{"@type":"ImageObject","url":"https:\/\/www.rucashk.com\/wp-content\/uploads\/2023\/12\/Rucas_campany_logo.png","@id":"https:\/\/www.rucashk.com\/pt\/produto\/mibro-watch-x1\/#organizationLogo","width":221,"height":65},"image":{"@id":"https:\/\/www.rucashk.com\/pt\/#organizationLogo"}},{"@type":"Person","@id":"https:\/\/www.rucashk.com\/pt\/author\/admin\/#author","url":"https:\/\/www.rucashk.com\/pt\/author\/admin\/","name":"admin","image":{"@type":"ImageObject","@id":"https:\/\/www.rucashk.com\/pt\/produto\/mibro-watch-x1\/#authorImage","url":"https:\/\/secure.gravatar.com\/avatar\/b7c8925b09a27e72b30232f8ecaadbd5af0f70a38c78096863fe51b64f031c24?s=96&d=mm&r=g","width":96,"height":96,"caption":"admin"}},{"@type":"WebPage","@id":"https:\/\/www.rucashk.com\/pt\/produto\/mibro-watch-x1\/#webpage","url":"https:\/\/www.rucashk.com\/pt\/produto\/mibro-watch-x1\/","name":"Mibro Watch X1 - Rucas - Wholesale and Distribution","description":"\u00b7 1.3inch AMOLED HD display \u00b7 Sporty style \u00b7 Support all-day heart rate & blood oxygen health management \u00b7 Support 38 workout modes \u00b7 14-days ultra long endurance \u00b7 5ATM waterproof","inLanguage":"pt-PT","isPartOf":{"@id":"https:\/\/www.rucashk.com\/pt\/#website"},"breadcrumb":{"@id":"https:\/\/www.rucashk.com\/pt\/produto\/mibro-watch-x1\/#breadcrumblist"},"author":{"@id":"https:\/\/www.rucashk.com\/pt\/author\/admin\/#author"},"creator":{"@id":"https:\/\/www.rucashk.com\/pt\/author\/admin\/#author"},"image":{"@type":"ImageObject","url":"https:\/\/www.rucashk.com\/wp-content\/uploads\/2024\/01\/16-1.jpg","@id":"https:\/\/www.rucashk.com\/pt\/produto\/mibro-watch-x1\/#mainImage","width":800,"height":800},"primaryImageOfPage":{"@id":"https:\/\/www.rucashk.com\/pt\/produto\/mibro-watch-x1\/#mainImage"},"datePublished":"2024-01-09T16:28:48+00:00","dateModified":"2024-03-12T02:42:29+00:00"},{"@type":"WebSite","@id":"https:\/\/www.rucashk.com\/pt\/#website","url":"https:\/\/www.rucashk.com\/pt\/","name":"Rucas - Wholesale and distribution worldwide","alternateName":"Rucas - One-stop AIoT Distribution Worldwide","description":"One-stop AIoT Distribution Worldwide","inLanguage":"pt-PT","publisher":{"@id":"https:\/\/www.rucashk.com\/pt\/#organization"}}]}},"aioseo_meta_data":{"post_id":"26353","title":null,"description":null,"keywords":null,"keyphrases":null,"primary_term":null,"canonical_url":null,"og_title":null,"og_description":null,"og_object_type":"default","og_image_type":"default","og_image_url":null,"og_image_width":null,"og_image_height":null,"og_image_custom_url":null,"og_image_custom_fields":null,"og_video":null,"og_custom_url":null,"og_article_section":null,"og_article_tags":null,"twitter_use_og":false,"twitter_card":"default","twitter_image_type":"default","twitter_image_url":null,"twitter_image_custom_url":null,"twitter_image_custom_fields":null,"twitter_title":null,"twitter_description":null,"schema":{"blockGraphs":[],"customGraphs":[],"default":{"data":{"Article":[],"Course":[],"Dataset":[],"FAQPage":[],"Movie":[],"Person":[],"Product":[],"Recipe":[],"Service":[],"SoftwareApplication":[],"WebPage":[]},"graphName":"","isEnabled":true},"graphs":[]},"schema_type":"default","schema_type_options":null,"pillar_content":false,"robots_default":true,"robots_noindex":false,"robots_noarchive":false,"robots_nosnippet":false,"robots_nofollow":false,"robots_noimageindex":false,"robots_noodp":false,"robots_notranslate":false,"robots_max_snippet":null,"robots_max_videopreview":null,"robots_max_imagepreview":"large","priority":null,"frequency":null,"local_seo":null,"breadcrumb_settings":null,"limit_modified_date":false,"created":"2024-04-11 01:57:20","updated":"2025-06-22 18:17:58"},"aioseo_breadcrumb":"<div class=\"aioseo-breadcrumbs\"><span class=\"aioseo-breadcrumb\">\n\t<a href=\"https:\/\/www.rucashk.com\/pt\" title=\"Home\">Home<\/a>\n<\/span><span class=\"aioseo-breadcrumb-separator\">&raquo;<\/span><span class=\"aioseo-breadcrumb\">\n\t<a href=\"https:\/\/www.rucashk.com\/pt\/products\/\" title=\"Produtos\">Produtos<\/a>\n<\/span><span class=\"aioseo-breadcrumb-separator\">&raquo;<\/span><span class=\"aioseo-breadcrumb\">\n\t<a href=\"https:\/\/www.rucashk.com\/pt\/categoria-produto\/xiaomi-eco\/\" title=\"Xiaomi Eco\">Xiaomi Eco<\/a>\n<\/span><span class=\"aioseo-breadcrumb-separator\">&raquo;<\/span><span class=\"aioseo-breadcrumb\">\n\t<a href=\"https:\/\/www.rucashk.com\/pt\/categoria-produto\/xiaomi-eco\/mibro-smartwatch\/\" title=\"Mibro Smartwatch\">Mibro Smartwatch<\/a>\n<\/span><span class=\"aioseo-breadcrumb-separator\">&raquo;<\/span><span class=\"aioseo-breadcrumb\">\n\tMibro Watch X1\n<\/span><\/div>","aioseo_breadcrumb_json":[{"label":"Home","link":"https:\/\/www.rucashk.com\/pt"},{"label":"Produtos","link":"https:\/\/www.rucashk.com\/pt\/products\/"},{"label":"Xiaomi Eco","link":"https:\/\/www.rucashk.com\/pt\/categoria-produto\/xiaomi-eco\/"},{"label":"Mibro Smartwatch","link":"https:\/\/www.rucashk.com\/pt\/categoria-produto\/xiaomi-eco\/mibro-smartwatch\/"},{"label":"Mibro Watch X1","link":"https:\/\/www.rucashk.com\/pt\/produto\/mibro-watch-x1\/"}],"_links":{"self":[{"href":"https:\/\/www.rucashk.com\/pt\/wp-json\/wp\/v2\/product\/26353","targetHints":{"allow":["GET"]}}],"collection":[{"href":"https:\/\/www.rucashk.com\/pt\/wp-json\/wp\/v2\/product"}],"about":[{"href":"https:\/\/www.rucashk.com\/pt\/wp-json\/wp\/v2\/types\/product"}],"wp:featuredmedia":[{"embeddable":true,"href":"https:\/\/www.rucashk.com\/pt\/wp-json\/wp\/v2\/media\/26493"}],"wp:attachment":[{"href":"https:\/\/www.rucashk.com\/pt\/wp-json\/wp\/v2\/media?parent=26353"}],"wp:term":[{"taxonomy":"product_brand","embeddable":true,"href":"https:\/\/www.rucashk.com\/pt\/wp-json\/wp\/v2\/product_brand?post=26353"},{"taxonomy":"product_cat","embeddable":true,"href":"https:\/\/www.rucashk.com\/pt\/wp-json\/wp\/v2\/product_cat?post=26353"},{"taxonomy":"product_tag","embeddable":true,"href":"https:\/\/www.rucashk.com\/pt\/wp-json\/wp\/v2\/product_tag?post=26353"}],"curies":[{"name":"wp","href":"https:\/\/api.w.org\/{rel}","templated":true}]}}