{"id":26352,"date":"2024-01-09T16:28:48","date_gmt":"2024-01-09T16:28:48","guid":{"rendered":"http:\/\/rucashk.com\/?post_type=product&#038;p=26352"},"modified":"2024-03-12T02:42:06","modified_gmt":"2024-03-12T02:42:06","slug":"mibro-watch-t1","status":"publish","type":"product","link":"https:\/\/www.rucashk.com\/pt\/produto\/mibro-watch-t1\/","title":{"rendered":"Rel\u00f3gio Mibro T1"},"content":{"rendered":"<p><img decoding=\"async\" alt=\"Mibro Watch T1\" src=\"\/wp-content\/uploads\/replace\/dbd922c508f11698758b97d5079296d3.jpeg\" \/><\/p>\n<p>&nbsp;<\/p>\n<p>&nbsp;<\/p>\n<p>&nbsp;<\/p>\n<p>Mibro Watch T1-A Novo rel\u00f3gio de chamadas Bluetooth<\/p>\n<div>\n<p>Chamada Bluetooth HD | Monitoramento da frequ\u00eancia card\u00edaca | Medi\u00e7\u00e3o de SpO2 | 20 modos esportivos | Mostradores de rel\u00f3gio vers\u00e1teis | Cabe\u00e7a de rel\u00f3gio digital | Tela colorida AMOLED HD | Bateria com dura\u00e7\u00e3o de 7 dias | 2ATM \u00e0 prova d&#039;\u00e1gua<\/p>\n<div><img decoding=\"async\" alt=\"Mibro Watch T1\" src=\"\/wp-content\/uploads\/replace\/fdad5056b68e9337b0e7bf20df66c9fe.jpeg\" \/><\/div>\n<\/div>\n<p>&nbsp;<\/p>\n<p>Um rel\u00f3gio que torna as chamadas mais convenientes<\/p>\n<div>\n<p>Suporta atender chamadas recebidas no pulso, f\u00e1cil e conveniente.<\/p>\n<div><img decoding=\"async\" alt=\"Mibro Watch T1\" src=\"\/wp-content\/uploads\/replace\/6bcd75f3499af71f15e4d0cc400d9eeb.jpeg\" \/><br \/>\n<img decoding=\"async\" alt=\"Mibro Watch T1\" src=\"\/wp-content\/uploads\/replace\/5c9151e4962b679f9cc1e7215ba09ba6.jpeg\" \/><\/div>\n<\/div>\n<p>&nbsp;<\/p>\n<p>Um assistente rastreando qualquer informa\u00e7\u00e3o<\/p>\n<div>\n<p>O Mibro Watch T1 lembra SMS, previs\u00e3o do tempo, despertador e todas as outras informa\u00e7\u00f5es do WeChat, Facebook, WhatsApp e outros aplicativos sociais.<\/p>\n<div><img decoding=\"async\" alt=\"Mibro Watch T1\" src=\"\/wp-content\/uploads\/replace\/b54ca3685edc4210f3b3fd8b924c3c77.jpeg\" \/><\/div>\n<\/div>\n<p>&nbsp;<\/p>\n<p>Personalize seus recursos personalizados<\/p>\n<div>\n<p>Uma variedade de mostradores de rel\u00f3gio podem ser alterados,<br \/>\nVoc\u00ea tamb\u00e9m pode fazer upload do seu mostrador de rel\u00f3gio favorito via telefone celular.<\/p>\n<div><img decoding=\"async\" alt=\"Mibro Watch T1\" src=\"\/wp-content\/uploads\/replace\/302330fbe9a68d91823e85dedbf3842c.jpeg\" \/><\/div>\n<\/div>\n<p>&nbsp;<\/p>\n<p>Tela AMOLED HD Um mundo de cores para voc\u00ea<\/p>\n<div>\n<p>O display AMOLED HD apresenta 301ppi e um espa\u00e7o de cores mais amplo, proporcionando um banquete visual extraordin\u00e1rio gra\u00e7as \u00e0 melhor qualidade de imagem.<\/p>\n<div>\n<img decoding=\"async\" alt=\"Mibro Watch T1\" src=\"\/wp-content\/uploads\/replace\/4c0d42cb4f1f02d6b1f6d678a06f1770.jpeg\" \/><\/div>\n<\/div>\n<p>&nbsp;<\/p>\n<p>Todos os detalhes tornam-no seu amado, desde a apar\u00eancia at\u00e9 o sentido do tato<\/p>\n<div>\n<p>O corpo de metal de alta qualidade processado por meio de dezenas de processos art\u00edsticos combina bem com a cobertura de vidro micro-curvada brilhante.<\/p>\n<div><img decoding=\"async\" alt=\"Mibro Watch T1\" src=\"\/wp-content\/uploads\/replace\/1aa02452f6d5d8b8d928d01edb8660a9.jpeg\" \/><\/div>\n<\/div>\n<p>&nbsp;<\/p>\n<p>A cabe\u00e7a do rel\u00f3gio digital girat\u00f3ria traz imagina\u00e7\u00e3o infinita<\/p>\n<div>\n<p>Gire ligeiramente a cabe\u00e7a do rel\u00f3gio para mudar rapidamente o mostrador do rel\u00f3gio.<\/p>\n<div><img decoding=\"async\" alt=\"Mibro Watch T1\" src=\"\/wp-content\/uploads\/replace\/f148ba567446bba433ca8515212524a3.jpeg\" \/><\/div>\n<\/div>\n<p>&nbsp;<\/p>\n<p>Cuidando da sua sa\u00fade<\/p>\n<div>\n<p>Monitoramento da frequ\u00eancia card\u00edaca<br \/>\nNovo sensor de frequ\u00eancia card\u00edaca para monitoramento de frequ\u00eancia card\u00edaca 24 horas.<\/p>\n<div><img decoding=\"async\" alt=\"Mibro Watch T1\" src=\"\/wp-content\/uploads\/replace\/ced0b9a2a518a3f3384f1b2e7955d230.jpeg\" \/><\/div>\n<\/div>\n<p>&nbsp;<\/p>\n<p>Medi\u00e7\u00e3o de SpO2<\/p>\n<div>\n<p>Voc\u00ea pode medir a SpO2 a qualquer momento quando sofrer sintomas de hipoxemia, como desaten\u00e7\u00e3o e dor de cabe\u00e7a, protegendo sua sa\u00fade 24 horas por dia.<br \/>\nMonitoramento do sono<br \/>\nUsar o Mibro Watch T1 \u00e0 noite para monitorar seu estado de sono.<br \/>\n*As medi\u00e7\u00f5es n\u00e3o se destinam ao uso m\u00e9dico, incluindo autodiagn\u00f3stico ou consulta com um m\u00e9dico, e s\u00e3o projetadas apenas para fins gerais de condicionamento f\u00edsico e bem-estar.<\/p>\n<div><img decoding=\"async\" alt=\"Mibro Watch T1\" src=\"\/wp-content\/uploads\/replace\/fe4b9ba423748f09b20f3c36558508df.jpeg\" \/><\/div>\n<\/div>\n<p>&nbsp;<\/p>\n<p>20 modos esportivos especializados<\/p>\n<div>\n<p>Cada um dos seus progressos \u00e9 registrado com precis\u00e3o.<br \/>\n(Reconhece automaticamente o estado de execu\u00e7\u00e3o)<\/p>\n<div><img decoding=\"async\" alt=\"Mibro Watch T1\" src=\"\/wp-content\/uploads\/replace\/e9f1f8bdf98ecd656c04e6f4024079bf.jpeg\" \/><br \/>\n<img decoding=\"async\" alt=\"Mibro Watch T1\" src=\"\/wp-content\/uploads\/replace\/70d2972be593cbb85ee828a14f920883.jpeg\" \/><br \/>\n<img decoding=\"async\" alt=\"Mibro Watch T1\" src=\"\/wp-content\/uploads\/replace\/80564e1ae0d59889ab4873b6dd2542b7.jpeg\" \/><\/div>\n<div>Compartilhamento de trilhas de exerc\u00edcios<\/div>\n<\/div>\n<div>\n<p>Um gr\u00e1fico de trajet\u00f3ria \u00e9 gerado para cada um dos seus exerc\u00edcios quando o Mibro Watch T1 est\u00e1 emparelhado com o GPS do telefone.<br \/>\nVenha compartilhar seus dados de exerc\u00edcios com seus amigos.<br \/>\n*Apenas cinco modos de esporte ao ar livre s\u00e3o suportados: corrida ao ar livre, ciclismo ao ar livre, caminhada, escalada de montanha e patina\u00e7\u00e3o em patins.<\/p>\n<div><img decoding=\"async\" alt=\"Mibro Watch T1\" src=\"\/wp-content\/uploads\/replace\/d1483794d607cfc171b1ebefded1f244.jpeg\" \/><\/div>\n<\/div>\n<p>&nbsp;<\/p>\n<p>Maior dura\u00e7\u00e3o da bateria deixa voc\u00ea livre de preocupa\u00e7\u00f5es<\/p>\n<div>\n<p>O chip atualizado de baixo consumo de energia e o algoritmo otimizado tornam a bateria mais dur\u00e1vel \u2013 carregada uma vez para uso por 7 dias.<br \/>\nModo di\u00e1rio 7 dias<br \/>\nModo b\u00e1sico 45 dias<br \/>\nReproduza m\u00fasica continuamente por 5,5 horas<br \/>\nChamada Bluetooth continuamente por 5 horas<\/p>\n<p>* Modo Di\u00e1rio: Depois de totalmente carregado, pode ser usado conectando-se ao APP do celular e com os seguintes recursos: monitoramento da frequ\u00eancia card\u00edaca em tempo integral 24 horas, monitoramento do sono, grava\u00e7\u00e3o de exerc\u00edcios de 60 minutos por semana, reprodu\u00e7\u00e3o de m\u00fasica de 30 minutos por semana, atendimento de chamadas de 30 minutos por semana, 100 mensagens e 6 chamadas por dia (desliga em 5 segundos), verifica\u00e7\u00e3o de tempo acendendo a tela com levantamento do pulso 60 vezes, despertador 3 vezes ao dia e outras f\u00e1bricas configura\u00e7\u00f5es padr\u00e3o.<br \/>\n*Modo B\u00e1sico: Depois de totalmente carregado, n\u00e3o \u00e9 usado enquanto estiver ligado, sem conectar-se ao APP m\u00f3vel.<\/p>\n<div><img decoding=\"async\" alt=\"Mibro Watch T1\" src=\"\/wp-content\/uploads\/replace\/dc751422d4541bd9f3173ad3e4f2c5fd.jpeg\" \/><\/div>\n<\/div>\n<p>&nbsp;<\/p>\n<p>A prova d&#039;\u00e1gua 2ATM o torna adequado para todas as ocasi\u00f5es.<\/p>\n<div>\n<p>A resist\u00eancia \u00e0 \u00e1gua 2ATM \u00e9 baseada em testes de laborat\u00f3rio da Mibro. O efeito real pode variar dependendo do produto espec\u00edfico, dos h\u00e1bitos do usu\u00e1rio e do ambiente (como temperatura, umidade e press\u00e3o). N\u00e3o use o Mibro T1 em mergulho, esqui aqu\u00e1tico, fontes termais ou outras atividades que envolvam \u00e1gua em alta velocidade ou submers\u00e3o profunda.<\/p>\n<div><img decoding=\"async\" alt=\"Mibro Watch T1\" src=\"\/wp-content\/uploads\/replace\/f3ab229044c5d9c45b728d55aa02d13f.jpeg\" \/><\/div>\n<\/div>","protected":false},"excerpt":{"rendered":"<p>\u00b7 1.6inch AMOLED HD display<\/p>\n<p>\u00b7 Support Bluetooth Calling<\/p>\n<p>\u00b7 Support dynamic heart rate &amp; blood oxygen health management<\/p>\n<p>\u00b7 Support 20 workout modes<\/p>\n<p>\u00b7 Support digital crown<\/p>\n<p>\u00b7 7-days calling endurance<\/p>\n<p>\u00b7 2ATM waterproof<\/p>","protected":false},"featured_media":26490,"template":"","meta":[],"product_brand":[],"product_cat":[1308,1305],"product_tag":[],"class_list":{"0":"post-26352","1":"product","2":"type-product","3":"status-publish","4":"has-post-thumbnail","6":"product_cat-mibro-smartwatch","7":"product_cat-xiaomi-eco","9":"first","10":"instock","11":"shipping-taxable","12":"product-type-simple"},"aioseo_notices":[],"aioseo_head":"\n\t\t<!-- All in One SEO Pro 4.5.9.2 - aioseo.com -->\n\t\t<meta name=\"description\" content=\"\u00b7 1.6inch AMOLED HD display \u00b7 Support Bluetooth Calling \u00b7 Support dynamic heart rate &amp; blood oxygen health management \u00b7 Support 20 workout modes \u00b7 Support digital crown \u00b7 7-days calling endurance \u00b7 2ATM waterproof\" \/>\n\t\t<meta name=\"robots\" content=\"max-image-preview:large\" \/>\n\t\t<link rel=\"canonical\" href=\"https:\/\/www.rucashk.com\/pt\/produto\/mibro-watch-t1\/\" \/>\n\t\t<meta name=\"generator\" content=\"All in One SEO Pro (AIOSEO) 4.5.9.2\" \/>\n\t\t<meta property=\"og:locale\" content=\"pt_PT\" \/>\n\t\t<meta property=\"og:site_name\" content=\"Rucas - One-stop AIoT Distribution Worldwide\" \/>\n\t\t<meta property=\"og:type\" content=\"article\" \/>\n\t\t<meta property=\"og:title\" content=\"Mibro Watch T1 - Rucas - Wholesale and Distribution\" \/>\n\t\t<meta property=\"og:description\" content=\"\u00b7 1.6inch AMOLED HD display \u00b7 Support Bluetooth Calling \u00b7 Support dynamic heart rate &amp; blood oxygen health management \u00b7 Support 20 workout modes \u00b7 Support digital crown \u00b7 7-days calling endurance \u00b7 2ATM waterproof\" \/>\n\t\t<meta property=\"og:url\" content=\"https:\/\/www.rucashk.com\/pt\/produto\/mibro-watch-t1\/\" \/>\n\t\t<meta property=\"og:image\" content=\"https:\/\/www.rucashk.com\/wp-content\/uploads\/replace\/503b8e645f128a97ccde2b6290747646.jpeg\" \/>\n\t\t<meta property=\"og:image:secure_url\" content=\"https:\/\/www.rucashk.com\/wp-content\/uploads\/replace\/503b8e645f128a97ccde2b6290747646.jpeg\" \/>\n\t\t<meta property=\"og:image:width\" content=\"1456\" \/>\n\t\t<meta property=\"og:image:height\" content=\"816\" \/>\n\t\t<meta property=\"article:published_time\" content=\"2024-01-09T16:28:48+00:00\" \/>\n\t\t<meta property=\"article:modified_time\" content=\"2024-03-12T02:42:06+00:00\" \/>\n\t\t<meta name=\"twitter:card\" content=\"summary_large_image\" \/>\n\t\t<meta name=\"twitter:title\" content=\"Mibro Watch T1 - Rucas - Wholesale and Distribution\" \/>\n\t\t<meta name=\"twitter:description\" content=\"\u00b7 1.6inch AMOLED HD display \u00b7 Support Bluetooth Calling \u00b7 Support dynamic heart rate &amp; blood oxygen health management \u00b7 Support 20 workout modes \u00b7 Support digital crown \u00b7 7-days calling endurance \u00b7 2ATM waterproof\" \/>\n\t\t<meta name=\"twitter:image\" content=\"https:\/\/www.rucashk.com\/wp-content\/uploads\/replace\/503b8e645f128a97ccde2b6290747646.jpeg\" \/>\n\t\t<script type=\"application\/ld+json\" class=\"aioseo-schema\">\n\t\t\t{\"@context\":\"https:\\\/\\\/schema.org\",\"@graph\":[{\"@type\":\"BreadcrumbList\",\"@id\":\"https:\\\/\\\/www.rucashk.com\\\/pt\\\/produto\\\/mibro-watch-t1\\\/#breadcrumblist\",\"itemListElement\":[{\"@type\":\"ListItem\",\"@id\":\"https:\\\/\\\/www.rucashk.com\\\/pt\\\/#listItem\",\"position\":1,\"name\":\"Home\",\"item\":\"https:\\\/\\\/www.rucashk.com\\\/pt\\\/\",\"nextItem\":\"https:\\\/\\\/www.rucashk.com\\\/pt\\\/produto\\\/mibro-watch-t1\\\/#listItem\"},{\"@type\":\"ListItem\",\"@id\":\"https:\\\/\\\/www.rucashk.com\\\/pt\\\/produto\\\/mibro-watch-t1\\\/#listItem\",\"position\":2,\"name\":\"Mibro Watch T1\",\"previousItem\":\"https:\\\/\\\/www.rucashk.com\\\/pt\\\/#listItem\"}]},{\"@type\":\"Organization\",\"@id\":\"https:\\\/\\\/www.rucashk.com\\\/pt\\\/#organization\",\"name\":\"Rucas\",\"url\":\"https:\\\/\\\/www.rucashk.com\\\/pt\\\/\",\"logo\":{\"@type\":\"ImageObject\",\"url\":\"https:\\\/\\\/www.rucashk.com\\\/wp-content\\\/uploads\\\/2023\\\/12\\\/Rucas_campany_logo.png\",\"@id\":\"https:\\\/\\\/www.rucashk.com\\\/pt\\\/produto\\\/mibro-watch-t1\\\/#organizationLogo\",\"width\":221,\"height\":65},\"image\":{\"@id\":\"https:\\\/\\\/www.rucashk.com\\\/pt\\\/#organizationLogo\"}},{\"@type\":\"Person\",\"@id\":\"https:\\\/\\\/www.rucashk.com\\\/pt\\\/author\\\/admin\\\/#author\",\"url\":\"https:\\\/\\\/www.rucashk.com\\\/pt\\\/author\\\/admin\\\/\",\"name\":\"admin\",\"image\":{\"@type\":\"ImageObject\",\"@id\":\"https:\\\/\\\/www.rucashk.com\\\/pt\\\/produto\\\/mibro-watch-t1\\\/#authorImage\",\"url\":\"https:\\\/\\\/secure.gravatar.com\\\/avatar\\\/b7c8925b09a27e72b30232f8ecaadbd5af0f70a38c78096863fe51b64f031c24?s=96&d=mm&r=g\",\"width\":96,\"height\":96,\"caption\":\"admin\"}},{\"@type\":\"WebPage\",\"@id\":\"https:\\\/\\\/www.rucashk.com\\\/pt\\\/produto\\\/mibro-watch-t1\\\/#webpage\",\"url\":\"https:\\\/\\\/www.rucashk.com\\\/pt\\\/produto\\\/mibro-watch-t1\\\/\",\"name\":\"Mibro Watch T1 - Rucas - Wholesale and Distribution\",\"description\":\"\\u00b7 1.6inch AMOLED HD display \\u00b7 Support Bluetooth Calling \\u00b7 Support dynamic heart rate & blood oxygen health management \\u00b7 Support 20 workout modes \\u00b7 Support digital crown \\u00b7 7-days calling endurance \\u00b7 2ATM waterproof\",\"inLanguage\":\"pt-PT\",\"isPartOf\":{\"@id\":\"https:\\\/\\\/www.rucashk.com\\\/pt\\\/#website\"},\"breadcrumb\":{\"@id\":\"https:\\\/\\\/www.rucashk.com\\\/pt\\\/produto\\\/mibro-watch-t1\\\/#breadcrumblist\"},\"author\":{\"@id\":\"https:\\\/\\\/www.rucashk.com\\\/pt\\\/author\\\/admin\\\/#author\"},\"creator\":{\"@id\":\"https:\\\/\\\/www.rucashk.com\\\/pt\\\/author\\\/admin\\\/#author\"},\"image\":{\"@type\":\"ImageObject\",\"url\":\"https:\\\/\\\/www.rucashk.com\\\/wp-content\\\/uploads\\\/2024\\\/01\\\/15-1.webp\",\"@id\":\"https:\\\/\\\/www.rucashk.com\\\/pt\\\/produto\\\/mibro-watch-t1\\\/#mainImage\",\"width\":220,\"height\":220},\"primaryImageOfPage\":{\"@id\":\"https:\\\/\\\/www.rucashk.com\\\/pt\\\/produto\\\/mibro-watch-t1\\\/#mainImage\"},\"datePublished\":\"2024-01-09T16:28:48+00:00\",\"dateModified\":\"2024-03-12T02:42:06+00:00\"},{\"@type\":\"WebSite\",\"@id\":\"https:\\\/\\\/www.rucashk.com\\\/pt\\\/#website\",\"url\":\"https:\\\/\\\/www.rucashk.com\\\/pt\\\/\",\"name\":\"Rucas - Wholesale and distribution worldwide\",\"alternateName\":\"Rucas - One-stop AIoT Distribution Worldwide\",\"description\":\"One-stop AIoT Distribution Worldwide\",\"inLanguage\":\"pt-PT\",\"publisher\":{\"@id\":\"https:\\\/\\\/www.rucashk.com\\\/pt\\\/#organization\"}}]}\n\t\t<\/script>\n\t\t<!-- All in One SEO Pro -->\r\n\t\t<title>Mibro Watch T1 - Rucas - Wholesale and Distribution<\/title>\n\n","aioseo_head_json":{"title":"Mibro Watch T1 - Rucas - Wholesale and Distribution","description":"\u00b7 1.6inch AMOLED HD display \u00b7 Support Bluetooth Calling \u00b7 Support dynamic heart rate & blood oxygen health management \u00b7 Support 20 workout modes \u00b7 Support digital crown \u00b7 7-days calling endurance \u00b7 2ATM waterproof","canonical_url":"https:\/\/www.rucashk.com\/pt\/produto\/mibro-watch-t1\/","robots":"max-image-preview:large","keywords":"","webmasterTools":{"miscellaneous":""},"og:locale":"pt_PT","og:site_name":"Rucas - One-stop AIoT Distribution Worldwide","og:type":"article","og:title":"Mibro Watch T1 - Rucas - Wholesale and Distribution","og:description":"\u00b7 1.6inch AMOLED HD display \u00b7 Support Bluetooth Calling \u00b7 Support dynamic heart rate &amp; blood oxygen health management \u00b7 Support 20 workout modes \u00b7 Support digital crown \u00b7 7-days calling endurance \u00b7 2ATM waterproof","og:url":"https:\/\/www.rucashk.com\/pt\/produto\/mibro-watch-t1\/","og:image":"https:\/\/www.rucashk.com\/wp-content\/uploads\/replace\/503b8e645f128a97ccde2b6290747646.jpeg","og:image:secure_url":"https:\/\/www.rucashk.com\/wp-content\/uploads\/replace\/503b8e645f128a97ccde2b6290747646.jpeg","og:image:width":1456,"og:image:height":816,"article:published_time":"2024-01-09T16:28:48+00:00","article:modified_time":"2024-03-12T02:42:06+00:00","twitter:card":"summary_large_image","twitter:title":"Mibro Watch T1 - Rucas - Wholesale and Distribution","twitter:description":"\u00b7 1.6inch AMOLED HD display \u00b7 Support Bluetooth Calling \u00b7 Support dynamic heart rate &amp; blood oxygen health management \u00b7 Support 20 workout modes \u00b7 Support digital crown \u00b7 7-days calling endurance \u00b7 2ATM waterproof","twitter:image":"https:\/\/www.rucashk.com\/wp-content\/uploads\/replace\/503b8e645f128a97ccde2b6290747646.jpeg","schema":{"@context":"https:\/\/schema.org","@graph":[{"@type":"BreadcrumbList","@id":"https:\/\/www.rucashk.com\/pt\/produto\/mibro-watch-t1\/#breadcrumblist","itemListElement":[{"@type":"ListItem","@id":"https:\/\/www.rucashk.com\/pt\/#listItem","position":1,"name":"Home","item":"https:\/\/www.rucashk.com\/pt\/","nextItem":"https:\/\/www.rucashk.com\/pt\/produto\/mibro-watch-t1\/#listItem"},{"@type":"ListItem","@id":"https:\/\/www.rucashk.com\/pt\/produto\/mibro-watch-t1\/#listItem","position":2,"name":"Mibro Watch T1","previousItem":"https:\/\/www.rucashk.com\/pt\/#listItem"}]},{"@type":"Organization","@id":"https:\/\/www.rucashk.com\/pt\/#organization","name":"Rucas","url":"https:\/\/www.rucashk.com\/pt\/","logo":{"@type":"ImageObject","url":"https:\/\/www.rucashk.com\/wp-content\/uploads\/2023\/12\/Rucas_campany_logo.png","@id":"https:\/\/www.rucashk.com\/pt\/produto\/mibro-watch-t1\/#organizationLogo","width":221,"height":65},"image":{"@id":"https:\/\/www.rucashk.com\/pt\/#organizationLogo"}},{"@type":"Person","@id":"https:\/\/www.rucashk.com\/pt\/author\/admin\/#author","url":"https:\/\/www.rucashk.com\/pt\/author\/admin\/","name":"admin","image":{"@type":"ImageObject","@id":"https:\/\/www.rucashk.com\/pt\/produto\/mibro-watch-t1\/#authorImage","url":"https:\/\/secure.gravatar.com\/avatar\/b7c8925b09a27e72b30232f8ecaadbd5af0f70a38c78096863fe51b64f031c24?s=96&d=mm&r=g","width":96,"height":96,"caption":"admin"}},{"@type":"WebPage","@id":"https:\/\/www.rucashk.com\/pt\/produto\/mibro-watch-t1\/#webpage","url":"https:\/\/www.rucashk.com\/pt\/produto\/mibro-watch-t1\/","name":"Mibro Watch T1 - Rucas - Wholesale and Distribution","description":"\u00b7 1.6inch AMOLED HD display \u00b7 Support Bluetooth Calling \u00b7 Support dynamic heart rate & blood oxygen health management \u00b7 Support 20 workout modes \u00b7 Support digital crown \u00b7 7-days calling endurance \u00b7 2ATM waterproof","inLanguage":"pt-PT","isPartOf":{"@id":"https:\/\/www.rucashk.com\/pt\/#website"},"breadcrumb":{"@id":"https:\/\/www.rucashk.com\/pt\/produto\/mibro-watch-t1\/#breadcrumblist"},"author":{"@id":"https:\/\/www.rucashk.com\/pt\/author\/admin\/#author"},"creator":{"@id":"https:\/\/www.rucashk.com\/pt\/author\/admin\/#author"},"image":{"@type":"ImageObject","url":"https:\/\/www.rucashk.com\/wp-content\/uploads\/2024\/01\/15-1.webp","@id":"https:\/\/www.rucashk.com\/pt\/produto\/mibro-watch-t1\/#mainImage","width":220,"height":220},"primaryImageOfPage":{"@id":"https:\/\/www.rucashk.com\/pt\/produto\/mibro-watch-t1\/#mainImage"},"datePublished":"2024-01-09T16:28:48+00:00","dateModified":"2024-03-12T02:42:06+00:00"},{"@type":"WebSite","@id":"https:\/\/www.rucashk.com\/pt\/#website","url":"https:\/\/www.rucashk.com\/pt\/","name":"Rucas - Wholesale and distribution worldwide","alternateName":"Rucas - One-stop AIoT Distribution Worldwide","description":"One-stop AIoT Distribution Worldwide","inLanguage":"pt-PT","publisher":{"@id":"https:\/\/www.rucashk.com\/pt\/#organization"}}]}},"aioseo_meta_data":{"post_id":"26352","title":null,"description":null,"keywords":null,"keyphrases":null,"primary_term":null,"canonical_url":null,"og_title":null,"og_description":null,"og_object_type":"default","og_image_type":"default","og_image_url":null,"og_image_width":null,"og_image_height":null,"og_image_custom_url":null,"og_image_custom_fields":null,"og_video":null,"og_custom_url":null,"og_article_section":null,"og_article_tags":null,"twitter_use_og":false,"twitter_card":"default","twitter_image_type":"default","twitter_image_url":null,"twitter_image_custom_url":null,"twitter_image_custom_fields":null,"twitter_title":null,"twitter_description":null,"schema":{"blockGraphs":[],"customGraphs":[],"default":{"data":{"Article":[],"Course":[],"Dataset":[],"FAQPage":[],"Movie":[],"Person":[],"Product":[],"Recipe":[],"Service":[],"SoftwareApplication":[],"WebPage":[]},"graphName":"","isEnabled":true},"graphs":[]},"schema_type":"default","schema_type_options":null,"pillar_content":false,"robots_default":true,"robots_noindex":false,"robots_noarchive":false,"robots_nosnippet":false,"robots_nofollow":false,"robots_noimageindex":false,"robots_noodp":false,"robots_notranslate":false,"robots_max_snippet":null,"robots_max_videopreview":null,"robots_max_imagepreview":"large","priority":null,"frequency":null,"local_seo":null,"breadcrumb_settings":null,"limit_modified_date":false,"created":"2024-04-11 01:57:20","updated":"2025-06-22 18:17:57"},"aioseo_breadcrumb":"<div class=\"aioseo-breadcrumbs\"><span class=\"aioseo-breadcrumb\">\n\t<a href=\"https:\/\/www.rucashk.com\/pt\" title=\"Home\">Home<\/a>\n<\/span><span class=\"aioseo-breadcrumb-separator\">&raquo;<\/span><span class=\"aioseo-breadcrumb\">\n\t<a href=\"https:\/\/www.rucashk.com\/pt\/products\/\" title=\"Produtos\">Produtos<\/a>\n<\/span><span class=\"aioseo-breadcrumb-separator\">&raquo;<\/span><span class=\"aioseo-breadcrumb\">\n\t<a href=\"https:\/\/www.rucashk.com\/pt\/categoria-produto\/xiaomi-eco\/\" title=\"Xiaomi Eco\">Xiaomi Eco<\/a>\n<\/span><span class=\"aioseo-breadcrumb-separator\">&raquo;<\/span><span class=\"aioseo-breadcrumb\">\n\t<a href=\"https:\/\/www.rucashk.com\/pt\/categoria-produto\/xiaomi-eco\/mibro-smartwatch\/\" title=\"Mibro Smartwatch\">Mibro Smartwatch<\/a>\n<\/span><span class=\"aioseo-breadcrumb-separator\">&raquo;<\/span><span class=\"aioseo-breadcrumb\">\n\tMibro Watch T1\n<\/span><\/div>","aioseo_breadcrumb_json":[{"label":"Home","link":"https:\/\/www.rucashk.com\/pt"},{"label":"Produtos","link":"https:\/\/www.rucashk.com\/pt\/products\/"},{"label":"Xiaomi Eco","link":"https:\/\/www.rucashk.com\/pt\/categoria-produto\/xiaomi-eco\/"},{"label":"Mibro Smartwatch","link":"https:\/\/www.rucashk.com\/pt\/categoria-produto\/xiaomi-eco\/mibro-smartwatch\/"},{"label":"Mibro Watch T1","link":"https:\/\/www.rucashk.com\/pt\/produto\/mibro-watch-t1\/"}],"_links":{"self":[{"href":"https:\/\/www.rucashk.com\/pt\/wp-json\/wp\/v2\/product\/26352","targetHints":{"allow":["GET"]}}],"collection":[{"href":"https:\/\/www.rucashk.com\/pt\/wp-json\/wp\/v2\/product"}],"about":[{"href":"https:\/\/www.rucashk.com\/pt\/wp-json\/wp\/v2\/types\/product"}],"wp:featuredmedia":[{"embeddable":true,"href":"https:\/\/www.rucashk.com\/pt\/wp-json\/wp\/v2\/media\/26490"}],"wp:attachment":[{"href":"https:\/\/www.rucashk.com\/pt\/wp-json\/wp\/v2\/media?parent=26352"}],"wp:term":[{"taxonomy":"product_brand","embeddable":true,"href":"https:\/\/www.rucashk.com\/pt\/wp-json\/wp\/v2\/product_brand?post=26352"},{"taxonomy":"product_cat","embeddable":true,"href":"https:\/\/www.rucashk.com\/pt\/wp-json\/wp\/v2\/product_cat?post=26352"},{"taxonomy":"product_tag","embeddable":true,"href":"https:\/\/www.rucashk.com\/pt\/wp-json\/wp\/v2\/product_tag?post=26352"}],"curies":[{"name":"wp","href":"https:\/\/api.w.org\/{rel}","templated":true}]}}