{"id":26351,"date":"2024-01-09T16:28:48","date_gmt":"2024-01-09T16:28:48","guid":{"rendered":"http:\/\/rucashk.com\/?post_type=product&#038;p=26351"},"modified":"2024-03-12T02:41:01","modified_gmt":"2024-03-12T02:41:01","slug":"mibro-watch-gs","status":"publish","type":"product","link":"https:\/\/www.rucashk.com\/pt\/produto\/mibro-watch-gs\/","title":{"rendered":"Rel\u00f3gio Mibro GS"},"content":{"rendered":"<div class=\"detailmodule_text-image\">\n<div><img decoding=\"async\" alt=\"Mibro Watch GS\" class=\"detail-desc-decorate-image\" src=\"\/wp-content\/uploads\/replace\/fe0524e984a5ccf750365b8fc2eeb8ae.jpeg\" \/><\/div>\n<\/div>\n<div class=\"detailmodule_text-image\">\n<p class=\"detail-desc-decorate-content\">Chip principal de n\u00facleo duplo | Posicionamento por sat\u00e9lite GPS<br \/>\nTela AMOLED HD | Bateria ultralonga de 24 dias<br \/>\n70 modos esportivos | Monitoramento Inteligente de Sa\u00fade<br \/>\nTela AOD desligada | 5ATM \u00e0 prova d&#039;\u00e1gua<\/p>\n<div><img decoding=\"async\" alt=\"Mibro Watch GS\" class=\"detail-desc-decorate-image\" src=\"\/wp-content\/uploads\/replace\/a2914813cdc0dd1f062b9b5357749394.jpeg\" \/><\/div>\n<\/div>\n<div class=\"detailmodule_text-image\">\n<p class=\"detail-desc-decorate-title\"><strong>Chip principal dual-core para desempenho superior<\/strong><\/p>\n<p class=\"detail-desc-decorate-content\">Experi\u00eancia suave alimentada por inovador chip de controle principal Bluetooth dual-core, arquitetura dual-core de baixo consumo de energia e unidade de processamento gr\u00e1fico GPU 2.5D integrada.<\/p>\n<p><strong>Frequ\u00eancia da CPU<\/strong>: M\u00e1x. 240 MHz<br \/>\n<strong>Taxa de quadros de atualiza\u00e7\u00e3o:<\/strong> M\u00e1x. 60Hz<\/p>\n<div><img decoding=\"async\" alt=\"Mibro Watch GS\" class=\"detail-desc-decorate-image\" src=\"\/wp-content\/uploads\/replace\/bef940133b636b4f1935b277aff7ed4d.jpeg\" \/><\/div>\n<\/div>\n<div class=\"detailmodule_text-image\">\n<p class=\"detail-desc-decorate-title\"><strong>A tela Super AMOLED apresenta vividamente o mundo colorido<\/strong><\/p>\n<p class=\"detail-desc-decorate-content\">A tela HD AMOLED de 1,43 polegadas e a capacidade de unidade de n\u00edvel de chip (PS RAM integrada) trazem a voc\u00ea cada pequeno detalhe para uma vis\u00e3o mais ampla e clara.<\/p>\n<div><img decoding=\"async\" alt=\"Mibro Watch GS\" class=\"detail-desc-decorate-image\" src=\"\/wp-content\/uploads\/replace\/d0698de7c86c62d0c1342ddadf6a1ae4.jpeg\" \/><\/div>\n<\/div>\n<div class=\"detailmodule_text-image\">\n<p class=\"detail-desc-decorate-title\"><strong>Tela AOD desligada Sempre em exibi\u00e7\u00e3o faz voc\u00ea se sentir mais seguro<\/strong><\/p>\n<p class=\"detail-desc-decorate-content\">Mibro Watch GS suporta exibi\u00e7\u00e3o de rel\u00f3gio com tela desligada AOD (Always on Display) e v\u00e1rias formas de mostradores de rel\u00f3gio com tela desligada.<\/p>\n<p>Nota: A vida \u00fatil da bateria ser\u00e1 reduzida se o modo AOD estiver ativado.<\/p>\n<div><img decoding=\"async\" alt=\"Mibro Watch GS\" class=\"detail-desc-decorate-image\" src=\"\/wp-content\/uploads\/replace\/5701e5958bbbff43b9ee2c5f5c24e704.jpeg\" \/><\/div>\n<\/div>\n<div class=\"detailmodule_text-image\">\n<p class=\"detail-desc-decorate-title\"><strong>O posicionamento preciso por sat\u00e9lite GPS torna a sua viagem ao ar livre mais agrad\u00e1vel<\/strong><\/p>\n<p class=\"detail-desc-decorate-content\">Posicionamento por sat\u00e9lite GPS, Beidou, GLONASS, GZSS e rastreamento de posicionamento de pesquisa r\u00e1pida e registro de trajet\u00f3ria de movimento detalhada.<\/p>\n<div><img decoding=\"async\" alt=\"Mibro Watch GS\" class=\"detail-desc-decorate-image\" src=\"\/wp-content\/uploads\/replace\/cebeaeb76942c41ec276e83551675927.jpeg\" \/><img decoding=\"async\" alt=\"Mibro Watch GS\" class=\"detail-desc-decorate-image\" src=\"\/wp-content\/uploads\/replace\/352fcd2c2892f884eda4fe9b6b731256.jpeg\" \/><\/div>\n<\/div>\n<div class=\"detailmodule_text-image\">\n<p class=\"detail-desc-decorate-title\"><strong>70 modos esportivos Grave todos os momentos desafiadores e ajude voc\u00ea a explorar novos modos<\/strong><\/p>\n<p class=\"detail-desc-decorate-content\">Levante o pulso para ler suas m\u00e9tricas de condicionamento f\u00edsico em tempo real. Isso ajuda voc\u00ea a ser o seu melhor.<br \/>\nAn\u00e1lise e sugest\u00f5es \u00fateis de dados esportivos com base em algoritmos esportivos profissionais e an\u00e1lise de dados.<\/p>\n<div><img decoding=\"async\" alt=\"Mibro Watch GS\" class=\"detail-desc-decorate-image\" src=\"\/wp-content\/uploads\/replace\/e50043a10976c32316bef2387c7ed22a.jpeg\" \/><img decoding=\"async\" alt=\"Mibro Watch GS\" class=\"detail-desc-decorate-image\" src=\"\/wp-content\/uploads\/replace\/a95ce727a67706b864fec386b2f0a275.jpeg\" \/><\/div>\n<\/div>\n<div class=\"detailmodule_text-image\">\n<p class=\"detail-desc-decorate-title\"><strong>Monitoramento em tempo real do seu estado de sa\u00fade<\/strong><\/p>\n<p class=\"detail-desc-decorate-content\">Apresenta dados corporais em tempo real e resultados de an\u00e1lises de sa\u00fade.<br \/>\nAjuda voc\u00ea a saber imediatamente seu estado de sa\u00fade para proteg\u00ea-la 24 horas por dia.<\/p>\n<div><img decoding=\"async\" alt=\"Mibro Watch GS\" class=\"detail-desc-decorate-image\" src=\"\/wp-content\/uploads\/replace\/df2ef4b2f1bd388bdf4f97d2f3c61554.jpeg\" \/><\/div>\n<\/div>\n<div class=\"detailmodule_text-image\">\n<p>Monitoramento de frequ\u00eancia card\u00edaca 24 horas: Novo sensor de frequ\u00eancia card\u00edaca integrado para monitoramento mais preciso da frequ\u00eancia card\u00edaca. Monitore a sa\u00fade do seu cora\u00e7\u00e3o com anteced\u00eancia.<br \/>\nMedi\u00e7\u00e3o de SpO2: Conhe\u00e7a melhor sua sa\u00fade com a medi\u00e7\u00e3o de SpO2. Fa\u00e7a ajuste imediato em caso de hipoxemia.<br \/>\nMonitoramento do sono: Sua sa\u00fade \u00e9 prejudicada por ficar acordado at\u00e9 tarde e por ter um sono de m\u00e1 qualidade. Usar o rel\u00f3gio \u00e0 noite ajuda a monitorar a qualidade do sono para melhorar a sa\u00fade.<br \/>\nTeste de estresse: O monitoramento do estresse durante todo o dia ajuda a ajustar sua respira\u00e7\u00e3o e aliviar sua press\u00e3o, deixando voc\u00ea vitalizado para uma efici\u00eancia duplicada.<br \/>\nObserva\u00e7\u00e3o: as medi\u00e7\u00f5es n\u00e3o se destinam ao uso m\u00e9dico, incluindo autodiagn\u00f3stico ou consulta com um m\u00e9dico, e s\u00e3o projetadas apenas para fins gerais de condicionamento f\u00edsico e bem-estar.<\/p>\n<div><img decoding=\"async\" alt=\"Mibro Watch GS\" class=\"detail-desc-decorate-image\" src=\"\/wp-content\/uploads\/replace\/307624277acef17b7676a3001230a3a7.jpeg\" \/><\/div>\n<\/div>\n<div class=\"detailmodule_text-image\">\n<p class=\"detail-desc-decorate-title\"><strong>Muito ocupado? Clique para responder ajuda voc\u00ea.<\/strong><\/p>\n<p class=\"detail-desc-decorate-content\">No caso de receber uma chamada quando voc\u00ea estiver ocupado, levante o pulso e clique para responder SMS, f\u00e1cil e conveniente.<\/p>\n<p>Nota: Esta fun\u00e7\u00e3o deve ser suportada por celulares com Android 6.0 ou superior;<\/p>\n<div><img decoding=\"async\" alt=\"Mibro Watch GS\" class=\"detail-desc-decorate-image\" src=\"\/wp-content\/uploads\/replace\/ee0b0fd74847661abc9a927422054e1d.jpeg\" \/><\/div>\n<\/div>\n<div class=\"detailmodule_text-image\">\n<p class=\"detail-desc-decorate-title\"><strong>Diversas op\u00e7\u00f5es distintas de mostradores de rel\u00f3gio<\/strong><\/p>\n<p class=\"detail-desc-decorate-content\">Voc\u00ea pode personalizar seu pr\u00f3prio mostrador de rel\u00f3gio. Carregar fotos em seu celular para personalizar seu pr\u00f3prio mostrador de rel\u00f3gio. Voc\u00ea pode clicar para mudar a foto da tela, f\u00e1cil, mas conveniente.<\/p>\n<div><img decoding=\"async\" alt=\"Mibro Watch GS\" class=\"detail-desc-decorate-image\" src=\"\/wp-content\/uploads\/replace\/ed2d46e508a7f5f944a44fda4c8686d5.jpeg\" \/><\/div>\n<\/div>\n<div class=\"detailmodule_text-image\">\n<p class=\"detail-desc-decorate-title\"><strong>Bateria de alta densidade de 460mAh Bateria ultralonga de 24 dias<\/strong><\/p>\n<p class=\"detail-desc-decorate-content\">A arquitetura dual-core de baixo consumo de energia e o sistema inteligente de gerenciamento de fonte de energia proporcionam bateria ultralonga de 24 dias, deixando voc\u00ea livre de preocupa\u00e7\u00f5es.<br \/>\nModo di\u00e1rio: 24 dias<br \/>\nModo b\u00e1sico: 100 dias<br \/>\nModo GPS: 15 horas<\/p>\n<p>*Modo Di\u00e1rio: Depois de totalmente carregado, o rel\u00f3gio pode ser usado conectando-se ao APP do celular e com os seguintes recursos: monitoramento de frequ\u00eancia card\u00edaca de ponto integral 24h, monitoramento de sono, grava\u00e7\u00e3o de 60 minutos de exerc\u00edcios esportivos por semana, 100 mensagens e 6 liga\u00e7\u00f5es por dia (desliga em 5 segundos), verifica\u00e7\u00e3o de tempo acendendo a tela levantando o pulso 60 vezes, despertador 3 vezes ao dia e outras configura\u00e7\u00f5es padr\u00e3o de f\u00e1brica.<br \/>\n*Modo B\u00e1sico: O rel\u00f3gio est\u00e1 totalmente carregado e usado, com o rel\u00f3gio ligado, mas n\u00e3o conectado ao aplicativo do celular;<br \/>\n*Modo GPS: O rel\u00f3gio est\u00e1 totalmente carregado e usado, com o rel\u00f3gio conectado ao APP do celular, modo de esportes ao ar livre ativado, posicionamento GPS ativado e usado continuamente.<\/p>\n<div><img decoding=\"async\" alt=\"Mibro Watch GS\" class=\"detail-desc-decorate-image\" src=\"\/wp-content\/uploads\/replace\/8c28cdf4d91be1779e199045227e4ee1.jpeg\" \/><\/div>\n<\/div>\n<div class=\"detailmodule_text-image\">\n<p class=\"detail-desc-decorate-title\"><strong>5ATM \u00e0 prova d&#039;\u00e1gua<\/strong><\/p>\n<p class=\"detail-desc-decorate-content\">Isso deixa voc\u00ea livre de preocupa\u00e7\u00f5es durante esportes subaqu\u00e1ticos para um melhor desempenho na nata\u00e7\u00e3o.<\/p>\n<p>A resist\u00eancia \u00e0 \u00e1gua 5ATM \u00e9 baseada em testes de laborat\u00f3rio Mibro. O efeito real pode variar dependendo do produto espec\u00edfico, dos h\u00e1bitos do usu\u00e1rio e do ambiente (como temperatura, umidade e press\u00e3o). N\u00e3o use o Mibro Lite em mergulho, esqui aqu\u00e1tico, fontes termais ou outras atividades que envolvam \u00e1gua em alta velocidade ou submers\u00e3o profunda.<\/p>\n<p>Nota: A entrada de \u00e1gua n\u00e3o \u00e9 coberta pela garantia<\/p>\n<div><img decoding=\"async\" alt=\"Mibro Watch GS\" class=\"detail-desc-decorate-image\" src=\"\/wp-content\/uploads\/replace\/eee361d8231d83d0d9e493360776f983.jpeg\" \/><\/div>\n<\/div>","protected":false},"excerpt":{"rendered":"<p>\u00b7 Dual-core main chip<\/p>\n<p>\u00b7 Amoled HD Display<\/p>\n<p>\u00b7 AOD screen off display<\/p>\n<p>\u00b7 GPS satellite positioning<\/p>\n<p>\u00b7 70 sport modes<\/p>\n<p>\u00b7 Intelligent health monitoring<\/p>\n<p>\u00b7 24-day ultra-long battery life<\/p>\n<p>\u00b7 5ATM waterproof<\/p>","protected":false},"featured_media":26486,"template":"","meta":[],"product_brand":[],"product_cat":[1308,1305],"product_tag":[],"class_list":{"0":"post-26351","1":"product","2":"type-product","3":"status-publish","4":"has-post-thumbnail","6":"product_cat-mibro-smartwatch","7":"product_cat-xiaomi-eco","9":"first","10":"instock","11":"shipping-taxable","12":"product-type-simple"},"aioseo_notices":[],"aioseo_head":"\n\t\t<!-- All in One SEO Pro 4.5.9.2 - aioseo.com -->\n\t\t<meta name=\"description\" content=\"\u00b7 Dual-core main chip \u00b7 Amoled HD Display \u00b7 AOD screen off display \u00b7 GPS satellite positioning \u00b7 70 sport modes \u00b7 Intelligent health monitoring \u00b7 24-day ultra-long battery life \u00b7 5ATM waterproof\" \/>\n\t\t<meta name=\"robots\" content=\"max-image-preview:large\" \/>\n\t\t<link rel=\"canonical\" href=\"https:\/\/www.rucashk.com\/pt\/produto\/mibro-watch-gs\/\" \/>\n\t\t<meta name=\"generator\" content=\"All in One SEO Pro (AIOSEO) 4.5.9.2\" \/>\n\t\t<meta property=\"og:locale\" content=\"pt_PT\" \/>\n\t\t<meta property=\"og:site_name\" content=\"Rucas - One-stop AIoT Distribution Worldwide\" \/>\n\t\t<meta property=\"og:type\" content=\"article\" \/>\n\t\t<meta property=\"og:title\" content=\"Mibro Watch GS - Rucas - Wholesale and Distribution\" \/>\n\t\t<meta property=\"og:description\" content=\"\u00b7 Dual-core main chip \u00b7 Amoled HD Display \u00b7 AOD screen off display \u00b7 GPS satellite positioning \u00b7 70 sport modes \u00b7 Intelligent health monitoring \u00b7 24-day ultra-long battery life \u00b7 5ATM waterproof\" \/>\n\t\t<meta property=\"og:url\" content=\"https:\/\/www.rucashk.com\/pt\/produto\/mibro-watch-gs\/\" \/>\n\t\t<meta property=\"og:image\" content=\"https:\/\/www.rucashk.com\/wp-content\/uploads\/replace\/503b8e645f128a97ccde2b6290747646.jpeg\" \/>\n\t\t<meta property=\"og:image:secure_url\" content=\"https:\/\/www.rucashk.com\/wp-content\/uploads\/replace\/503b8e645f128a97ccde2b6290747646.jpeg\" \/>\n\t\t<meta property=\"og:image:width\" content=\"1456\" \/>\n\t\t<meta property=\"og:image:height\" content=\"816\" \/>\n\t\t<meta property=\"article:published_time\" content=\"2024-01-09T16:28:48+00:00\" \/>\n\t\t<meta property=\"article:modified_time\" content=\"2024-03-12T02:41:01+00:00\" \/>\n\t\t<meta name=\"twitter:card\" content=\"summary_large_image\" \/>\n\t\t<meta name=\"twitter:title\" content=\"Mibro Watch GS - Rucas - Wholesale and Distribution\" \/>\n\t\t<meta name=\"twitter:description\" content=\"\u00b7 Dual-core main chip \u00b7 Amoled HD Display \u00b7 AOD screen off display \u00b7 GPS satellite positioning \u00b7 70 sport modes \u00b7 Intelligent health monitoring \u00b7 24-day ultra-long battery life \u00b7 5ATM waterproof\" \/>\n\t\t<meta name=\"twitter:image\" content=\"https:\/\/www.rucashk.com\/wp-content\/uploads\/replace\/503b8e645f128a97ccde2b6290747646.jpeg\" \/>\n\t\t<script type=\"application\/ld+json\" class=\"aioseo-schema\">\n\t\t\t{\"@context\":\"https:\\\/\\\/schema.org\",\"@graph\":[{\"@type\":\"BreadcrumbList\",\"@id\":\"https:\\\/\\\/www.rucashk.com\\\/pt\\\/produto\\\/mibro-watch-gs\\\/#breadcrumblist\",\"itemListElement\":[{\"@type\":\"ListItem\",\"@id\":\"https:\\\/\\\/www.rucashk.com\\\/pt\\\/#listItem\",\"position\":1,\"name\":\"Home\",\"item\":\"https:\\\/\\\/www.rucashk.com\\\/pt\\\/\",\"nextItem\":\"https:\\\/\\\/www.rucashk.com\\\/pt\\\/produto\\\/mibro-watch-gs\\\/#listItem\"},{\"@type\":\"ListItem\",\"@id\":\"https:\\\/\\\/www.rucashk.com\\\/pt\\\/produto\\\/mibro-watch-gs\\\/#listItem\",\"position\":2,\"name\":\"Mibro Watch GS\",\"previousItem\":\"https:\\\/\\\/www.rucashk.com\\\/pt\\\/#listItem\"}]},{\"@type\":\"Organization\",\"@id\":\"https:\\\/\\\/www.rucashk.com\\\/pt\\\/#organization\",\"name\":\"Rucas\",\"url\":\"https:\\\/\\\/www.rucashk.com\\\/pt\\\/\",\"logo\":{\"@type\":\"ImageObject\",\"url\":\"https:\\\/\\\/www.rucashk.com\\\/wp-content\\\/uploads\\\/2023\\\/12\\\/Rucas_campany_logo.png\",\"@id\":\"https:\\\/\\\/www.rucashk.com\\\/pt\\\/produto\\\/mibro-watch-gs\\\/#organizationLogo\",\"width\":221,\"height\":65},\"image\":{\"@id\":\"https:\\\/\\\/www.rucashk.com\\\/pt\\\/#organizationLogo\"}},{\"@type\":\"Person\",\"@id\":\"https:\\\/\\\/www.rucashk.com\\\/pt\\\/author\\\/admin\\\/#author\",\"url\":\"https:\\\/\\\/www.rucashk.com\\\/pt\\\/author\\\/admin\\\/\",\"name\":\"admin\",\"image\":{\"@type\":\"ImageObject\",\"@id\":\"https:\\\/\\\/www.rucashk.com\\\/pt\\\/produto\\\/mibro-watch-gs\\\/#authorImage\",\"url\":\"https:\\\/\\\/secure.gravatar.com\\\/avatar\\\/b7c8925b09a27e72b30232f8ecaadbd5af0f70a38c78096863fe51b64f031c24?s=96&d=mm&r=g\",\"width\":96,\"height\":96,\"caption\":\"admin\"}},{\"@type\":\"WebPage\",\"@id\":\"https:\\\/\\\/www.rucashk.com\\\/pt\\\/produto\\\/mibro-watch-gs\\\/#webpage\",\"url\":\"https:\\\/\\\/www.rucashk.com\\\/pt\\\/produto\\\/mibro-watch-gs\\\/\",\"name\":\"Mibro Watch GS - Rucas - Wholesale and Distribution\",\"description\":\"\\u00b7 Dual-core main chip \\u00b7 Amoled HD Display \\u00b7 AOD screen off display \\u00b7 GPS satellite positioning \\u00b7 70 sport modes \\u00b7 Intelligent health monitoring \\u00b7 24-day ultra-long battery life \\u00b7 5ATM waterproof\",\"inLanguage\":\"pt-PT\",\"isPartOf\":{\"@id\":\"https:\\\/\\\/www.rucashk.com\\\/pt\\\/#website\"},\"breadcrumb\":{\"@id\":\"https:\\\/\\\/www.rucashk.com\\\/pt\\\/produto\\\/mibro-watch-gs\\\/#breadcrumblist\"},\"author\":{\"@id\":\"https:\\\/\\\/www.rucashk.com\\\/pt\\\/author\\\/admin\\\/#author\"},\"creator\":{\"@id\":\"https:\\\/\\\/www.rucashk.com\\\/pt\\\/author\\\/admin\\\/#author\"},\"image\":{\"@type\":\"ImageObject\",\"url\":\"https:\\\/\\\/www.rucashk.com\\\/wp-content\\\/uploads\\\/2024\\\/01\\\/14-1.png\",\"@id\":\"https:\\\/\\\/www.rucashk.com\\\/pt\\\/produto\\\/mibro-watch-gs\\\/#mainImage\",\"width\":800,\"height\":800},\"primaryImageOfPage\":{\"@id\":\"https:\\\/\\\/www.rucashk.com\\\/pt\\\/produto\\\/mibro-watch-gs\\\/#mainImage\"},\"datePublished\":\"2024-01-09T16:28:48+00:00\",\"dateModified\":\"2024-03-12T02:41:01+00:00\"},{\"@type\":\"WebSite\",\"@id\":\"https:\\\/\\\/www.rucashk.com\\\/pt\\\/#website\",\"url\":\"https:\\\/\\\/www.rucashk.com\\\/pt\\\/\",\"name\":\"Rucas - Wholesale and distribution worldwide\",\"alternateName\":\"Rucas - One-stop AIoT Distribution Worldwide\",\"description\":\"One-stop AIoT Distribution Worldwide\",\"inLanguage\":\"pt-PT\",\"publisher\":{\"@id\":\"https:\\\/\\\/www.rucashk.com\\\/pt\\\/#organization\"}}]}\n\t\t<\/script>\n\t\t<!-- All in One SEO Pro -->\r\n\t\t<title>Mibro Watch GS - Rucas - Wholesale and Distribution<\/title>\n\n","aioseo_head_json":{"title":"Mibro Watch GS - Rucas - Wholesale and Distribution","description":"\u00b7 Dual-core main chip \u00b7 Amoled HD Display \u00b7 AOD screen off display \u00b7 GPS satellite positioning \u00b7 70 sport modes \u00b7 Intelligent health monitoring \u00b7 24-day ultra-long battery life \u00b7 5ATM waterproof","canonical_url":"https:\/\/www.rucashk.com\/pt\/produto\/mibro-watch-gs\/","robots":"max-image-preview:large","keywords":"","webmasterTools":{"miscellaneous":""},"og:locale":"pt_PT","og:site_name":"Rucas - One-stop AIoT Distribution Worldwide","og:type":"article","og:title":"Mibro Watch GS - Rucas - Wholesale and Distribution","og:description":"\u00b7 Dual-core main chip \u00b7 Amoled HD Display \u00b7 AOD screen off display \u00b7 GPS satellite positioning \u00b7 70 sport modes \u00b7 Intelligent health monitoring \u00b7 24-day ultra-long battery life \u00b7 5ATM waterproof","og:url":"https:\/\/www.rucashk.com\/pt\/produto\/mibro-watch-gs\/","og:image":"https:\/\/www.rucashk.com\/wp-content\/uploads\/replace\/503b8e645f128a97ccde2b6290747646.jpeg","og:image:secure_url":"https:\/\/www.rucashk.com\/wp-content\/uploads\/replace\/503b8e645f128a97ccde2b6290747646.jpeg","og:image:width":1456,"og:image:height":816,"article:published_time":"2024-01-09T16:28:48+00:00","article:modified_time":"2024-03-12T02:41:01+00:00","twitter:card":"summary_large_image","twitter:title":"Mibro Watch GS - Rucas - Wholesale and Distribution","twitter:description":"\u00b7 Dual-core main chip \u00b7 Amoled HD Display \u00b7 AOD screen off display \u00b7 GPS satellite positioning \u00b7 70 sport modes \u00b7 Intelligent health monitoring \u00b7 24-day ultra-long battery life \u00b7 5ATM waterproof","twitter:image":"https:\/\/www.rucashk.com\/wp-content\/uploads\/replace\/503b8e645f128a97ccde2b6290747646.jpeg","schema":{"@context":"https:\/\/schema.org","@graph":[{"@type":"BreadcrumbList","@id":"https:\/\/www.rucashk.com\/pt\/produto\/mibro-watch-gs\/#breadcrumblist","itemListElement":[{"@type":"ListItem","@id":"https:\/\/www.rucashk.com\/pt\/#listItem","position":1,"name":"Home","item":"https:\/\/www.rucashk.com\/pt\/","nextItem":"https:\/\/www.rucashk.com\/pt\/produto\/mibro-watch-gs\/#listItem"},{"@type":"ListItem","@id":"https:\/\/www.rucashk.com\/pt\/produto\/mibro-watch-gs\/#listItem","position":2,"name":"Mibro Watch GS","previousItem":"https:\/\/www.rucashk.com\/pt\/#listItem"}]},{"@type":"Organization","@id":"https:\/\/www.rucashk.com\/pt\/#organization","name":"Rucas","url":"https:\/\/www.rucashk.com\/pt\/","logo":{"@type":"ImageObject","url":"https:\/\/www.rucashk.com\/wp-content\/uploads\/2023\/12\/Rucas_campany_logo.png","@id":"https:\/\/www.rucashk.com\/pt\/produto\/mibro-watch-gs\/#organizationLogo","width":221,"height":65},"image":{"@id":"https:\/\/www.rucashk.com\/pt\/#organizationLogo"}},{"@type":"Person","@id":"https:\/\/www.rucashk.com\/pt\/author\/admin\/#author","url":"https:\/\/www.rucashk.com\/pt\/author\/admin\/","name":"admin","image":{"@type":"ImageObject","@id":"https:\/\/www.rucashk.com\/pt\/produto\/mibro-watch-gs\/#authorImage","url":"https:\/\/secure.gravatar.com\/avatar\/b7c8925b09a27e72b30232f8ecaadbd5af0f70a38c78096863fe51b64f031c24?s=96&d=mm&r=g","width":96,"height":96,"caption":"admin"}},{"@type":"WebPage","@id":"https:\/\/www.rucashk.com\/pt\/produto\/mibro-watch-gs\/#webpage","url":"https:\/\/www.rucashk.com\/pt\/produto\/mibro-watch-gs\/","name":"Mibro Watch GS - Rucas - Wholesale and Distribution","description":"\u00b7 Dual-core main chip \u00b7 Amoled HD Display \u00b7 AOD screen off display \u00b7 GPS satellite positioning \u00b7 70 sport modes \u00b7 Intelligent health monitoring \u00b7 24-day ultra-long battery life \u00b7 5ATM waterproof","inLanguage":"pt-PT","isPartOf":{"@id":"https:\/\/www.rucashk.com\/pt\/#website"},"breadcrumb":{"@id":"https:\/\/www.rucashk.com\/pt\/produto\/mibro-watch-gs\/#breadcrumblist"},"author":{"@id":"https:\/\/www.rucashk.com\/pt\/author\/admin\/#author"},"creator":{"@id":"https:\/\/www.rucashk.com\/pt\/author\/admin\/#author"},"image":{"@type":"ImageObject","url":"https:\/\/www.rucashk.com\/wp-content\/uploads\/2024\/01\/14-1.png","@id":"https:\/\/www.rucashk.com\/pt\/produto\/mibro-watch-gs\/#mainImage","width":800,"height":800},"primaryImageOfPage":{"@id":"https:\/\/www.rucashk.com\/pt\/produto\/mibro-watch-gs\/#mainImage"},"datePublished":"2024-01-09T16:28:48+00:00","dateModified":"2024-03-12T02:41:01+00:00"},{"@type":"WebSite","@id":"https:\/\/www.rucashk.com\/pt\/#website","url":"https:\/\/www.rucashk.com\/pt\/","name":"Rucas - Wholesale and distribution worldwide","alternateName":"Rucas - One-stop AIoT Distribution Worldwide","description":"One-stop AIoT Distribution Worldwide","inLanguage":"pt-PT","publisher":{"@id":"https:\/\/www.rucashk.com\/pt\/#organization"}}]}},"aioseo_meta_data":{"post_id":"26351","title":null,"description":null,"keywords":null,"keyphrases":null,"primary_term":null,"canonical_url":null,"og_title":null,"og_description":null,"og_object_type":"default","og_image_type":"default","og_image_url":null,"og_image_width":null,"og_image_height":null,"og_image_custom_url":null,"og_image_custom_fields":null,"og_video":null,"og_custom_url":null,"og_article_section":null,"og_article_tags":null,"twitter_use_og":false,"twitter_card":"default","twitter_image_type":"default","twitter_image_url":null,"twitter_image_custom_url":null,"twitter_image_custom_fields":null,"twitter_title":null,"twitter_description":null,"schema":{"blockGraphs":[],"customGraphs":[],"default":{"data":{"Article":[],"Course":[],"Dataset":[],"FAQPage":[],"Movie":[],"Person":[],"Product":[],"Recipe":[],"Service":[],"SoftwareApplication":[],"WebPage":[]},"graphName":"","isEnabled":true},"graphs":[]},"schema_type":"default","schema_type_options":null,"pillar_content":false,"robots_default":true,"robots_noindex":false,"robots_noarchive":false,"robots_nosnippet":false,"robots_nofollow":false,"robots_noimageindex":false,"robots_noodp":false,"robots_notranslate":false,"robots_max_snippet":null,"robots_max_videopreview":null,"robots_max_imagepreview":"large","priority":null,"frequency":null,"local_seo":null,"breadcrumb_settings":null,"limit_modified_date":false,"created":"2024-04-11 01:57:20","updated":"2025-06-22 18:17:57"},"aioseo_breadcrumb":"<div class=\"aioseo-breadcrumbs\"><span class=\"aioseo-breadcrumb\">\n\t<a href=\"https:\/\/www.rucashk.com\/pt\" title=\"Home\">Home<\/a>\n<\/span><span class=\"aioseo-breadcrumb-separator\">&raquo;<\/span><span class=\"aioseo-breadcrumb\">\n\t<a href=\"https:\/\/www.rucashk.com\/pt\/products\/\" title=\"Produtos\">Produtos<\/a>\n<\/span><span class=\"aioseo-breadcrumb-separator\">&raquo;<\/span><span class=\"aioseo-breadcrumb\">\n\t<a href=\"https:\/\/www.rucashk.com\/pt\/categoria-produto\/xiaomi-eco\/\" title=\"Xiaomi Eco\">Xiaomi Eco<\/a>\n<\/span><span class=\"aioseo-breadcrumb-separator\">&raquo;<\/span><span class=\"aioseo-breadcrumb\">\n\t<a href=\"https:\/\/www.rucashk.com\/pt\/categoria-produto\/xiaomi-eco\/mibro-smartwatch\/\" title=\"Mibro Smartwatch\">Mibro Smartwatch<\/a>\n<\/span><span class=\"aioseo-breadcrumb-separator\">&raquo;<\/span><span class=\"aioseo-breadcrumb\">\n\tMibro Watch GS\n<\/span><\/div>","aioseo_breadcrumb_json":[{"label":"Home","link":"https:\/\/www.rucashk.com\/pt"},{"label":"Produtos","link":"https:\/\/www.rucashk.com\/pt\/products\/"},{"label":"Xiaomi Eco","link":"https:\/\/www.rucashk.com\/pt\/categoria-produto\/xiaomi-eco\/"},{"label":"Mibro Smartwatch","link":"https:\/\/www.rucashk.com\/pt\/categoria-produto\/xiaomi-eco\/mibro-smartwatch\/"},{"label":"Mibro Watch GS","link":"https:\/\/www.rucashk.com\/pt\/produto\/mibro-watch-gs\/"}],"_links":{"self":[{"href":"https:\/\/www.rucashk.com\/pt\/wp-json\/wp\/v2\/product\/26351","targetHints":{"allow":["GET"]}}],"collection":[{"href":"https:\/\/www.rucashk.com\/pt\/wp-json\/wp\/v2\/product"}],"about":[{"href":"https:\/\/www.rucashk.com\/pt\/wp-json\/wp\/v2\/types\/product"}],"wp:featuredmedia":[{"embeddable":true,"href":"https:\/\/www.rucashk.com\/pt\/wp-json\/wp\/v2\/media\/26486"}],"wp:attachment":[{"href":"https:\/\/www.rucashk.com\/pt\/wp-json\/wp\/v2\/media?parent=26351"}],"wp:term":[{"taxonomy":"product_brand","embeddable":true,"href":"https:\/\/www.rucashk.com\/pt\/wp-json\/wp\/v2\/product_brand?post=26351"},{"taxonomy":"product_cat","embeddable":true,"href":"https:\/\/www.rucashk.com\/pt\/wp-json\/wp\/v2\/product_cat?post=26351"},{"taxonomy":"product_tag","embeddable":true,"href":"https:\/\/www.rucashk.com\/pt\/wp-json\/wp\/v2\/product_tag?post=26351"}],"curies":[{"name":"wp","href":"https:\/\/api.w.org\/{rel}","templated":true}]}}