{"id":26277,"date":"2024-01-09T16:26:34","date_gmt":"2024-01-09T16:26:34","guid":{"rendered":"http:\/\/rucashk.com\/?post_type=product&#038;p=26277"},"modified":"2024-01-22T03:52:21","modified_gmt":"2024-01-22T03:52:21","slug":"haylou-x1-2023","status":"publish","type":"product","link":"https:\/\/www.rucashk.com\/pt\/produto\/haylou-x1-2023\/","title":{"rendered":"Haylou X1 2023"},"content":{"rendered":"<p><img decoding=\"async\" alt=\"Haylou X1 2023\" src=\"\/wp-content\/uploads\/replace\/545d60f1497188f99ccc0b9b82eef931.jpeg\" data-spm-anchor-id=\"a2g0o.detail.1000023.i1.2fc5lhsRlhsRdj\" \/><img decoding=\"async\" alt=\"Haylou X1 2023\" src=\"\/wp-content\/uploads\/replace\/0fb2ff86d750744e2ce942eb283bc85a.jpeg\" \/><\/p>\n<p style=\"font-weight: 400\" data-spm-anchor-id=\"a2g0o.detail.1000023.i2.2fc5lhsRlhsRdj\"><strong>Caixa de liga de alum\u00ednio<\/strong><\/p>\n<p style=\"font-weight: 400\"><strong>Qualidade de constru\u00e7\u00e3o s\u00f3lida<\/strong><\/p>\n<p style=\"font-weight: 400\">O estojo de carregamento em liga de alum\u00ednio \u00e9 elegante e moderno com design simplificado. E pode reduzir impress\u00f5es digitais e arranh\u00f5es com processo de acabamento fosco.<\/p>\n<p style=\"font-weight: 400\">Cor opcional do produto: Azul, Cinza, Tira<\/p>\n<p><img decoding=\"async\" alt=\"Haylou X1 2023\" src=\"\/wp-content\/uploads\/replace\/a0c6b7cd9a1ca1aaf4086de5b622c78c.jpeg\" \/><\/p>\n<p style=\"font-weight: 400\" data-spm-anchor-id=\"a2g0o.detail.1000023.i3.2fc5lhsRlhsRdj\"><strong>Mais r\u00e1pido e mais est\u00e1vel<\/strong><\/p>\n<p style=\"font-weight: 400\">O chip Bluetooth 5.3 garante chamadas, reprodu\u00e7\u00e3o e jogos suaves com conex\u00e3o mais est\u00e1vel, capacidade anti-interfer\u00eancia aprimorada e menor consumo de energia.<\/p>\n<p><img decoding=\"async\" alt=\"Haylou X1 2023\" src=\"\/wp-content\/uploads\/replace\/2f2b78dcd664fd25b3e82fdbfc1a2eb1.jpeg\" \/><\/p>\n<p style=\"font-weight: 400\" data-spm-anchor-id=\"a2g0o.detail.1000023.i4.2fc5lhsRlhsRdj\"><strong>Driver Din\u00e2mico de 12mm<\/strong><\/p>\n<p style=\"font-weight: 400\"><strong>Experi\u00eancia auditiva envolvente<\/strong><\/p>\n<p style=\"font-weight: 400\"><strong>Driver din\u00e2mico grande de 12 mm<\/strong><\/p>\n<p style=\"font-weight: 400\">Palco sonoro aberto e graves potentes<\/p>\n<p style=\"font-weight: 400\"><strong>Diafragma banhado a tit\u00e2nio<\/strong><\/p>\n<p style=\"font-weight: 400\">Alta sensibilidade e graves, m\u00e9dios e agudos equilibrados<\/p>\n<p style=\"font-weight: 400\"><strong>Codec de \u00e1udio HD<\/strong><\/p>\n<p style=\"font-weight: 400\">Detalhes de som ricos e desempenho suave<\/p>\n<p><img decoding=\"async\" alt=\"Haylou X1 2023\" src=\"\/wp-content\/uploads\/replace\/70939eb35ef3239a231d7eb949291621.jpeg\" \/><\/p>\n<p style=\"font-weight: 400\" data-spm-anchor-id=\"a2g0o.detail.1000023.i5.2fc5lhsRlhsRdj\"><strong>Metade eu<\/strong><strong>n-<\/strong><strong>E<\/strong><strong>ar<\/strong><strong>\u00a0Projeto<\/strong><\/p>\n<p style=\"font-weight: 400\"><strong>Conforto ideal<\/strong><\/p>\n<p style=\"font-weight: 400\">Com design ergon\u00f4mico meio intra-auricular e \u00e2ngulo intra-auricular de 60\u00b0, ele se adapta perfeitamente aos contornos da sua orelha, proporcionando um conforto sem precedentes ao us\u00e1-lo.<\/p>\n<p style=\"font-weight: 400\"><strong>60\u00b0<\/strong><strong>\u00e2ngulo intra-auricular<\/strong><\/p>\n<p style=\"font-weight: 400\"><strong>C<\/strong><strong>confort\u00e1vel<\/strong><\/p>\n<p style=\"font-weight: 400\">Adapte-se ao canal auditivo<\/p>\n<p style=\"font-weight: 400\">Alivie a press\u00e3o para um conforto semelhante ao de uma nuvem<\/p>\n<p style=\"font-weight: 400\"><strong>S<\/strong><strong>mesa<\/strong><\/p>\n<p style=\"font-weight: 400\">Haste mais curta<\/p>\n<p style=\"font-weight: 400\">Gire ligeiramente para um uso mais est\u00e1vel<\/p>\n<p><img decoding=\"async\" alt=\"Haylou X1 2023\" src=\"\/wp-content\/uploads\/replace\/85a3104ed452c6c55c66bde5b3145811.jpeg\" \/><img decoding=\"async\" alt=\"Haylou X1 2023\" src=\"\/wp-content\/uploads\/replace\/f5ae30d1bae7767765c0ede3ff0f09dc.jpeg\" \/><\/p>\n<p style=\"font-weight: 400\" data-spm-anchor-id=\"a2g0o.detail.1000023.i6.2fc5lhsRlhsRdj\"><strong>Bateria de longa dura\u00e7\u00e3o<\/strong><\/p>\n<p style=\"font-weight: 400\"><strong>A m\u00fasica nunca acaba<\/strong><\/p>\n<p style=\"font-weight: 400\">Ou\u00e7a at\u00e9 5,5 horas de m\u00fasica com uma \u00fanica carga ou at\u00e9 24 horas quando usado com o estojo de carregamento. Mergulhe em um mundo de m\u00fasica.<\/p>\n<p style=\"font-weight: 400\"><strong>5.5\u00a0<\/strong>horas<\/p>\n<p style=\"font-weight: 400\">Carga \u00fanica<\/p>\n<p style=\"font-weight: 400\"><strong>24\u00a0<\/strong>horas<\/p>\n<p style=\"font-weight: 400\">Tempo total de jogo<\/p>\n<p style=\"font-weight: 400\">* Os dados v\u00eam do HAYLOU Lab e a vida \u00fatil real da bateria varia dependendo de fatores como volume, fonte de som, interfer\u00eancia ambiental, fun\u00e7\u00f5es do produto e h\u00e1bitos de uso.<\/p>\n<p><img decoding=\"async\" alt=\"Haylou X1 2023\" src=\"\/wp-content\/uploads\/replace\/bce4c29b2c0fba823ad12f7ba05f30be.jpeg\" \/><\/p>\n<p style=\"font-weight: 400\" data-spm-anchor-id=\"a2g0o.detail.1000023.i7.2fc5lhsRlhsRdj\"><strong>Lat\u00eancia ultrabaixa<\/strong><\/p>\n<p style=\"font-weight: 400\"><strong>Jogo suave<\/strong><\/p>\n<p style=\"font-weight: 400\">O algoritmo de baixa lat\u00eancia oferece experi\u00eancia de jogo com sincroniza\u00e7\u00e3o labial com som n\u00edtido de passos, tiros ou efeitos especiais.<\/p>\n<p><img decoding=\"async\" alt=\"Haylou X1 2023\" src=\"\/wp-content\/uploads\/replace\/9d677f224c2ea5908307311182ebb052.jpeg\" \/><\/p>\n<p style=\"font-weight: 400\" data-spm-anchor-id=\"a2g0o.detail.1000023.i8.2fc5lhsRlhsRdj\"><strong>ENC\u00a0<\/strong><strong>para chamadas claras<\/strong><\/p>\n<p style=\"font-weight: 400\">Com microfone altamente sens\u00edvel e algoritmo ENC, ele filtra de forma inteligente o ru\u00eddo ambiente durante as chamadas ou at\u00e9 mesmo enfraquece com precis\u00e3o o barulho repentino na rua.<\/p>\n<p style=\"font-weight: 400\"><strong>\u00d3<\/strong><strong>ne-<\/strong><strong>toque em R<\/strong><strong>eset<\/strong><\/p>\n<p style=\"font-weight: 400\"><strong>F\u00e1cil P<\/strong><strong>arejando<\/strong><\/p>\n<p style=\"font-weight: 400\">Pressione e segure o bot\u00e3o reset para restaurar as configura\u00e7\u00f5es de f\u00e1brica. Conectar-se a um novo dispositivo nunca foi t\u00e3o f\u00e1cil.<\/p>\n<p><img decoding=\"async\" alt=\"Haylou X1 2023\" src=\"\/wp-content\/uploads\/replace\/dae23557325667242fb28079a12211f6.jpeg\" \/><img decoding=\"async\" alt=\"Haylou X1 2023\" src=\"\/wp-content\/uploads\/replace\/a90cfae0f07239b30cb4810c47e73526.jpeg\" \/><\/p>\n<p style=\"font-weight: 400\" data-spm-anchor-id=\"a2g0o.detail.1000023.i9.2fc5lhsRlhsRdj\"><strong>IPX4\u00a0<\/strong><strong>C<\/strong><strong>\u00e0 prova d&#039;\u00e1gua<\/strong><\/p>\n<p style=\"font-weight: 400\"><strong>Prote\u00e7\u00e3o total<\/strong><\/p>\n<p style=\"font-weight: 400\">Os fones de ouvido atingiram a classifica\u00e7\u00e3o \u00e0 prova d\u2019\u00e1gua IPX4. Eles podem lidar facilmente com suor ou chuva, para que voc\u00ea possa curtir m\u00fasica o tempo todo.<\/p>\n<p style=\"font-weight: 400\">*Os fones de ouvido n\u00e3o podem ser usados sob chuva forte e ao tomar banho, mas podem fornecer prote\u00e7\u00e3o total contra respingos. O estojo de carregamento n\u00e3o \u00e9 \u00e0 prova d\u2019\u00e1gua.<\/p>\n<p><img decoding=\"async\" alt=\"Haylou X1 2023\" src=\"\/wp-content\/uploads\/replace\/609977f0bd8fa78759fd60118b282691.jpeg\" \/><\/p>\n<p data-spm-anchor-id=\"a2g0o.detail.1000023.i10.2fc5lhsRlhsRdj\"><strong>Som HAYLOU\u00a0<\/strong><strong>APLICATIVO<\/strong><\/p>\n<p><strong>Ou\u00e7a do seu jeito<\/strong><\/p>\n<p>Personalize o efeito sonoro do EQ atrav\u00e9s do HAYLOU Sound APP para corresponder \u00e0 sua prefer\u00eancia pessoal. Ele tamb\u00e9m suporta a modifica\u00e7\u00e3o do nome do Bluetooth e a verifica\u00e7\u00e3o da pot\u00eancia dos fones de ouvido.<\/p>\n<p><img decoding=\"async\" alt=\"Haylou X1 2023\" src=\"\/wp-content\/uploads\/replace\/1579acce95989c0244f764d147f8efa0.jpeg\" \/><img decoding=\"async\" alt=\"Haylou X1 2023\" src=\"\/wp-content\/uploads\/replace\/b12e3e0b364b3ce5b57dbe86da75a02d.jpeg\" \/><img decoding=\"async\" alt=\"Haylou X1 2023\" src=\"\/wp-content\/uploads\/replace\/d577e993ca9af9a6e3d5738088a7b4c7.jpeg\" \/><img decoding=\"async\" alt=\"Haylou X1 2023\" src=\"\/wp-content\/uploads\/replace\/1af1514bf26877f20966ab4d1934b81b.jpeg\" \/><\/p>\n<p>&nbsp;<\/p>\n<p>&nbsp;<\/p>","protected":false},"excerpt":{"rendered":"<p style=\"font-weight: 400\" data-spm-anchor-id=\"a2g0o.detail.1000023.i2.2fc5lhsRlhsRdj\"><strong>Caixa de liga de alum\u00ednio<\/strong><\/p>\n<p style=\"font-weight: 400\" data-spm-anchor-id=\"a2g0o.detail.1000023.i11.2fc5lhsRlhsRdj\"><strong>Qualidade de constru\u00e7\u00e3o s\u00f3lida<\/strong><\/p>\n<p data-spm-anchor-id=\"a2g0o.detail.1000023.i11.2fc5lhsRlhsRdj\"><strong>Mais r\u00e1pido e mais est\u00e1vel<\/strong><\/p>\n<p data-spm-anchor-id=\"a2g0o.detail.1000023.i11.2fc5lhsRlhsRdj\"><strong>Driver din\u00e2mico grande de 12 mm<\/strong><\/p>\n<p data-spm-anchor-id=\"a2g0o.detail.1000023.i11.2fc5lhsRlhsRdj\"><strong>Diafragma banhado a tit\u00e2nio<\/strong><\/p>\n<p data-spm-anchor-id=\"a2g0o.detail.1000023.i11.2fc5lhsRlhsRdj\"><strong>Codec de \u00e1udio HD<\/strong><\/p>\n<p style=\"font-weight: 400\" data-spm-anchor-id=\"a2g0o.detail.1000023.i5.2fc5lhsRlhsRdj\"><strong>Metade eu<\/strong><strong>n-<\/strong><strong>E<\/strong><strong>ar<\/strong><strong>\u00a0Projeto<\/strong><\/p>\n<p style=\"font-weight: 400\" data-spm-anchor-id=\"a2g0o.detail.1000023.i20.2fc5lhsRlhsRdj\"><strong>Conforto ideal<\/strong><\/p>\n<p style=\"font-weight: 400\" data-spm-anchor-id=\"a2g0o.detail.1000023.i6.2fc5lhsRlhsRdj\"><strong>Bateria de longa dura\u00e7\u00e3o<\/strong><\/p>\n<p>5.5 hoursSingle charge<\/p>\n<p>24 hoursTotal playtime<\/p>\n<p style=\"font-weight: 400\" data-spm-anchor-id=\"a2g0o.detail.1000023.i7.2fc5lhsRlhsRdj\"><strong>Lat\u00eancia ultrabaixa<\/strong><\/p>\n<p style=\"font-weight: 400\" data-spm-anchor-id=\"a2g0o.detail.1000023.i26.2fc5lhsRlhsRdj\"><strong>Jogo suave<\/strong><\/p>\n<p data-spm-anchor-id=\"a2g0o.detail.1000023.i26.2fc5lhsRlhsRdj\"><strong>ENC\u00a0<\/strong><strong>para chamadas claras<\/strong><\/p>\n<p style=\"font-weight: 400\" data-spm-anchor-id=\"a2g0o.detail.1000023.i9.2fc5lhsRlhsRdj\"><strong>IPX4\u00a0<\/strong><strong>C<\/strong><strong>\u00e0 prova d&#039;\u00e1gua<\/strong><\/p>\n<p style=\"font-weight: 400\" data-spm-anchor-id=\"a2g0o.detail.1000023.i27.2fc5lhsRlhsRdj\"><strong>Prote\u00e7\u00e3o total<\/strong><\/p>\n<p style=\"font-weight: 400\" data-spm-anchor-id=\"a2g0o.detail.1000023.i10.2fc5lhsRlhsRdj\"><strong>Som HAYLOU\u00a0<\/strong><strong>APLICATIVO<\/strong><\/p>\n<p style=\"font-weight: 400\" data-spm-anchor-id=\"a2g0o.detail.1000023.i28.2fc5lhsRlhsRdj\"><strong>Ou\u00e7a do seu jeito<\/strong><\/p>","protected":false},"featured_media":26422,"template":"","meta":[],"product_brand":[],"product_cat":[1309,1305],"product_tag":[],"class_list":{"0":"post-26277","1":"product","2":"type-product","3":"status-publish","4":"has-post-thumbnail","6":"product_cat-haylou-earphone","7":"product_cat-xiaomi-eco","9":"first","10":"instock","11":"shipping-taxable","12":"product-type-simple"},"aioseo_notices":[],"aioseo_head":"\n\t\t<!-- All in One SEO Pro 4.5.9.2 - aioseo.com -->\n\t\t<meta name=\"description\" content=\"Aluminum Alloy Case Solid-BuiltQuality Faster and More Stable 12mm large dynamic driver Titanium plated diaphragm HD audio codec Half In-Ear Design Optimal Comfort Long Battery Life 5.5 hoursSingle charge 24 hoursTotal playtime Ultra-Low Latency Smooth Gaming ENC for Clear Calls IPX4 Waterproof All-round Protection HAYLOU Sound APP Listen Your Way\" \/>\n\t\t<meta name=\"robots\" content=\"max-image-preview:large\" \/>\n\t\t<link rel=\"canonical\" href=\"https:\/\/www.rucashk.com\/pt\/produto\/haylou-x1-2023\/\" \/>\n\t\t<meta name=\"generator\" content=\"All in One SEO Pro (AIOSEO) 4.5.9.2\" \/>\n\t\t<meta property=\"og:locale\" content=\"pt_PT\" \/>\n\t\t<meta property=\"og:site_name\" content=\"Rucas - One-stop AIoT Distribution Worldwide\" \/>\n\t\t<meta property=\"og:type\" content=\"article\" \/>\n\t\t<meta property=\"og:title\" content=\"Haylou X1 2023 - Rucas - Wholesale and Distribution\" \/>\n\t\t<meta property=\"og:description\" content=\"Aluminum Alloy Case Solid-BuiltQuality Faster and More Stable 12mm large dynamic driver Titanium plated diaphragm HD audio codec Half In-Ear Design Optimal Comfort Long Battery Life 5.5 hoursSingle charge 24 hoursTotal playtime Ultra-Low Latency Smooth Gaming ENC for Clear Calls IPX4 Waterproof All-round Protection HAYLOU Sound APP Listen Your Way\" \/>\n\t\t<meta property=\"og:url\" content=\"https:\/\/www.rucashk.com\/pt\/produto\/haylou-x1-2023\/\" \/>\n\t\t<meta property=\"og:image\" content=\"https:\/\/www.rucashk.com\/wp-content\/uploads\/replace\/503b8e645f128a97ccde2b6290747646.jpeg\" \/>\n\t\t<meta property=\"og:image:secure_url\" content=\"https:\/\/www.rucashk.com\/wp-content\/uploads\/replace\/503b8e645f128a97ccde2b6290747646.jpeg\" \/>\n\t\t<meta property=\"og:image:width\" content=\"1456\" \/>\n\t\t<meta property=\"og:image:height\" content=\"816\" \/>\n\t\t<meta property=\"article:published_time\" content=\"2024-01-09T16:26:34+00:00\" \/>\n\t\t<meta property=\"article:modified_time\" content=\"2024-01-22T03:52:21+00:00\" \/>\n\t\t<meta name=\"twitter:card\" content=\"summary_large_image\" \/>\n\t\t<meta name=\"twitter:title\" content=\"Haylou X1 2023 - Rucas - Wholesale and Distribution\" \/>\n\t\t<meta name=\"twitter:description\" content=\"Aluminum Alloy Case Solid-BuiltQuality Faster and More Stable 12mm large dynamic driver Titanium plated diaphragm HD audio codec Half In-Ear Design Optimal Comfort Long Battery Life 5.5 hoursSingle charge 24 hoursTotal playtime Ultra-Low Latency Smooth Gaming ENC for Clear Calls IPX4 Waterproof All-round Protection HAYLOU Sound APP Listen Your Way\" \/>\n\t\t<meta name=\"twitter:image\" content=\"https:\/\/www.rucashk.com\/wp-content\/uploads\/replace\/503b8e645f128a97ccde2b6290747646.jpeg\" \/>\n\t\t<script type=\"application\/ld+json\" class=\"aioseo-schema\">\n\t\t\t{\"@context\":\"https:\\\/\\\/schema.org\",\"@graph\":[{\"@type\":\"BreadcrumbList\",\"@id\":\"https:\\\/\\\/www.rucashk.com\\\/pt\\\/produto\\\/haylou-x1-2023\\\/#breadcrumblist\",\"itemListElement\":[{\"@type\":\"ListItem\",\"@id\":\"https:\\\/\\\/www.rucashk.com\\\/pt\\\/#listItem\",\"position\":1,\"name\":\"Home\",\"item\":\"https:\\\/\\\/www.rucashk.com\\\/pt\\\/\",\"nextItem\":\"https:\\\/\\\/www.rucashk.com\\\/pt\\\/produto\\\/haylou-x1-2023\\\/#listItem\"},{\"@type\":\"ListItem\",\"@id\":\"https:\\\/\\\/www.rucashk.com\\\/pt\\\/produto\\\/haylou-x1-2023\\\/#listItem\",\"position\":2,\"name\":\"Haylou X1 2023\",\"previousItem\":\"https:\\\/\\\/www.rucashk.com\\\/pt\\\/#listItem\"}]},{\"@type\":\"Organization\",\"@id\":\"https:\\\/\\\/www.rucashk.com\\\/pt\\\/#organization\",\"name\":\"Rucas\",\"url\":\"https:\\\/\\\/www.rucashk.com\\\/pt\\\/\",\"logo\":{\"@type\":\"ImageObject\",\"url\":\"https:\\\/\\\/www.rucashk.com\\\/wp-content\\\/uploads\\\/2023\\\/12\\\/Rucas_campany_logo.png\",\"@id\":\"https:\\\/\\\/www.rucashk.com\\\/pt\\\/produto\\\/haylou-x1-2023\\\/#organizationLogo\",\"width\":221,\"height\":65},\"image\":{\"@id\":\"https:\\\/\\\/www.rucashk.com\\\/pt\\\/#organizationLogo\"}},{\"@type\":\"Person\",\"@id\":\"https:\\\/\\\/www.rucashk.com\\\/pt\\\/author\\\/admin\\\/#author\",\"url\":\"https:\\\/\\\/www.rucashk.com\\\/pt\\\/author\\\/admin\\\/\",\"name\":\"admin\",\"image\":{\"@type\":\"ImageObject\",\"@id\":\"https:\\\/\\\/www.rucashk.com\\\/pt\\\/produto\\\/haylou-x1-2023\\\/#authorImage\",\"url\":\"https:\\\/\\\/secure.gravatar.com\\\/avatar\\\/b7c8925b09a27e72b30232f8ecaadbd5af0f70a38c78096863fe51b64f031c24?s=96&d=mm&r=g\",\"width\":96,\"height\":96,\"caption\":\"admin\"}},{\"@type\":\"WebPage\",\"@id\":\"https:\\\/\\\/www.rucashk.com\\\/pt\\\/produto\\\/haylou-x1-2023\\\/#webpage\",\"url\":\"https:\\\/\\\/www.rucashk.com\\\/pt\\\/produto\\\/haylou-x1-2023\\\/\",\"name\":\"Haylou X1 2023 - Rucas - Wholesale and Distribution\",\"description\":\"Aluminum Alloy Case Solid-BuiltQuality Faster and More Stable 12mm large dynamic driver Titanium plated diaphragm HD audio codec Half In-Ear Design Optimal Comfort Long Battery Life 5.5 hoursSingle charge 24 hoursTotal playtime Ultra-Low Latency Smooth Gaming ENC for Clear Calls IPX4 Waterproof All-round Protection HAYLOU Sound APP Listen Your Way\",\"inLanguage\":\"pt-PT\",\"isPartOf\":{\"@id\":\"https:\\\/\\\/www.rucashk.com\\\/pt\\\/#website\"},\"breadcrumb\":{\"@id\":\"https:\\\/\\\/www.rucashk.com\\\/pt\\\/produto\\\/haylou-x1-2023\\\/#breadcrumblist\"},\"author\":{\"@id\":\"https:\\\/\\\/www.rucashk.com\\\/pt\\\/author\\\/admin\\\/#author\"},\"creator\":{\"@id\":\"https:\\\/\\\/www.rucashk.com\\\/pt\\\/author\\\/admin\\\/#author\"},\"image\":{\"@type\":\"ImageObject\",\"url\":\"https:\\\/\\\/www.rucashk.com\\\/wp-content\\\/uploads\\\/2024\\\/01\\\/1-4.webp\",\"@id\":\"https:\\\/\\\/www.rucashk.com\\\/pt\\\/produto\\\/haylou-x1-2023\\\/#mainImage\",\"width\":800,\"height\":800},\"primaryImageOfPage\":{\"@id\":\"https:\\\/\\\/www.rucashk.com\\\/pt\\\/produto\\\/haylou-x1-2023\\\/#mainImage\"},\"datePublished\":\"2024-01-09T16:26:34+00:00\",\"dateModified\":\"2024-01-22T03:52:21+00:00\"},{\"@type\":\"WebSite\",\"@id\":\"https:\\\/\\\/www.rucashk.com\\\/pt\\\/#website\",\"url\":\"https:\\\/\\\/www.rucashk.com\\\/pt\\\/\",\"name\":\"Rucas - Wholesale and distribution worldwide\",\"alternateName\":\"Rucas - One-stop AIoT Distribution Worldwide\",\"description\":\"One-stop AIoT Distribution Worldwide\",\"inLanguage\":\"pt-PT\",\"publisher\":{\"@id\":\"https:\\\/\\\/www.rucashk.com\\\/pt\\\/#organization\"}}]}\n\t\t<\/script>\n\t\t<!-- All in One SEO Pro -->\r\n\t\t<title>Haylou X1 2023 - Rucas - Wholesale and Distribution<\/title>\n\n","aioseo_head_json":{"title":"Haylou X1 2023 - Rucas - Wholesale and Distribution","description":"Aluminum Alloy Case Solid-BuiltQuality Faster and More Stable 12mm large dynamic driver Titanium plated diaphragm HD audio codec Half In-Ear Design Optimal Comfort Long Battery Life 5.5 hoursSingle charge 24 hoursTotal playtime Ultra-Low Latency Smooth Gaming ENC for Clear Calls IPX4 Waterproof All-round Protection HAYLOU Sound APP Listen Your Way","canonical_url":"https:\/\/www.rucashk.com\/pt\/produto\/haylou-x1-2023\/","robots":"max-image-preview:large","keywords":"","webmasterTools":{"miscellaneous":""},"og:locale":"pt_PT","og:site_name":"Rucas - One-stop AIoT Distribution Worldwide","og:type":"article","og:title":"Haylou X1 2023 - Rucas - Wholesale and Distribution","og:description":"Aluminum Alloy Case Solid-BuiltQuality Faster and More Stable 12mm large dynamic driver Titanium plated diaphragm HD audio codec Half In-Ear Design Optimal Comfort Long Battery Life 5.5 hoursSingle charge 24 hoursTotal playtime Ultra-Low Latency Smooth Gaming ENC for Clear Calls IPX4 Waterproof All-round Protection HAYLOU Sound APP Listen Your Way","og:url":"https:\/\/www.rucashk.com\/pt\/produto\/haylou-x1-2023\/","og:image":"https:\/\/www.rucashk.com\/wp-content\/uploads\/replace\/503b8e645f128a97ccde2b6290747646.jpeg","og:image:secure_url":"https:\/\/www.rucashk.com\/wp-content\/uploads\/replace\/503b8e645f128a97ccde2b6290747646.jpeg","og:image:width":1456,"og:image:height":816,"article:published_time":"2024-01-09T16:26:34+00:00","article:modified_time":"2024-01-22T03:52:21+00:00","twitter:card":"summary_large_image","twitter:title":"Haylou X1 2023 - Rucas - Wholesale and Distribution","twitter:description":"Aluminum Alloy Case Solid-BuiltQuality Faster and More Stable 12mm large dynamic driver Titanium plated diaphragm HD audio codec Half In-Ear Design Optimal Comfort Long Battery Life 5.5 hoursSingle charge 24 hoursTotal playtime Ultra-Low Latency Smooth Gaming ENC for Clear Calls IPX4 Waterproof All-round Protection HAYLOU Sound APP Listen Your Way","twitter:image":"https:\/\/www.rucashk.com\/wp-content\/uploads\/replace\/503b8e645f128a97ccde2b6290747646.jpeg","schema":{"@context":"https:\/\/schema.org","@graph":[{"@type":"BreadcrumbList","@id":"https:\/\/www.rucashk.com\/pt\/produto\/haylou-x1-2023\/#breadcrumblist","itemListElement":[{"@type":"ListItem","@id":"https:\/\/www.rucashk.com\/pt\/#listItem","position":1,"name":"Home","item":"https:\/\/www.rucashk.com\/pt\/","nextItem":"https:\/\/www.rucashk.com\/pt\/produto\/haylou-x1-2023\/#listItem"},{"@type":"ListItem","@id":"https:\/\/www.rucashk.com\/pt\/produto\/haylou-x1-2023\/#listItem","position":2,"name":"Haylou X1 2023","previousItem":"https:\/\/www.rucashk.com\/pt\/#listItem"}]},{"@type":"Organization","@id":"https:\/\/www.rucashk.com\/pt\/#organization","name":"Rucas","url":"https:\/\/www.rucashk.com\/pt\/","logo":{"@type":"ImageObject","url":"https:\/\/www.rucashk.com\/wp-content\/uploads\/2023\/12\/Rucas_campany_logo.png","@id":"https:\/\/www.rucashk.com\/pt\/produto\/haylou-x1-2023\/#organizationLogo","width":221,"height":65},"image":{"@id":"https:\/\/www.rucashk.com\/pt\/#organizationLogo"}},{"@type":"Person","@id":"https:\/\/www.rucashk.com\/pt\/author\/admin\/#author","url":"https:\/\/www.rucashk.com\/pt\/author\/admin\/","name":"admin","image":{"@type":"ImageObject","@id":"https:\/\/www.rucashk.com\/pt\/produto\/haylou-x1-2023\/#authorImage","url":"https:\/\/secure.gravatar.com\/avatar\/b7c8925b09a27e72b30232f8ecaadbd5af0f70a38c78096863fe51b64f031c24?s=96&d=mm&r=g","width":96,"height":96,"caption":"admin"}},{"@type":"WebPage","@id":"https:\/\/www.rucashk.com\/pt\/produto\/haylou-x1-2023\/#webpage","url":"https:\/\/www.rucashk.com\/pt\/produto\/haylou-x1-2023\/","name":"Haylou X1 2023 - Rucas - Wholesale and Distribution","description":"Aluminum Alloy Case Solid-BuiltQuality Faster and More Stable 12mm large dynamic driver Titanium plated diaphragm HD audio codec Half In-Ear Design Optimal Comfort Long Battery Life 5.5 hoursSingle charge 24 hoursTotal playtime Ultra-Low Latency Smooth Gaming ENC for Clear Calls IPX4 Waterproof All-round Protection HAYLOU Sound APP Listen Your Way","inLanguage":"pt-PT","isPartOf":{"@id":"https:\/\/www.rucashk.com\/pt\/#website"},"breadcrumb":{"@id":"https:\/\/www.rucashk.com\/pt\/produto\/haylou-x1-2023\/#breadcrumblist"},"author":{"@id":"https:\/\/www.rucashk.com\/pt\/author\/admin\/#author"},"creator":{"@id":"https:\/\/www.rucashk.com\/pt\/author\/admin\/#author"},"image":{"@type":"ImageObject","url":"https:\/\/www.rucashk.com\/wp-content\/uploads\/2024\/01\/1-4.webp","@id":"https:\/\/www.rucashk.com\/pt\/produto\/haylou-x1-2023\/#mainImage","width":800,"height":800},"primaryImageOfPage":{"@id":"https:\/\/www.rucashk.com\/pt\/produto\/haylou-x1-2023\/#mainImage"},"datePublished":"2024-01-09T16:26:34+00:00","dateModified":"2024-01-22T03:52:21+00:00"},{"@type":"WebSite","@id":"https:\/\/www.rucashk.com\/pt\/#website","url":"https:\/\/www.rucashk.com\/pt\/","name":"Rucas - Wholesale and distribution worldwide","alternateName":"Rucas - One-stop AIoT Distribution Worldwide","description":"One-stop AIoT Distribution Worldwide","inLanguage":"pt-PT","publisher":{"@id":"https:\/\/www.rucashk.com\/pt\/#organization"}}]}},"aioseo_meta_data":{"post_id":"26277","title":null,"description":null,"keywords":null,"keyphrases":null,"primary_term":null,"canonical_url":null,"og_title":null,"og_description":null,"og_object_type":"default","og_image_type":"default","og_image_url":null,"og_image_width":null,"og_image_height":null,"og_image_custom_url":null,"og_image_custom_fields":null,"og_video":null,"og_custom_url":null,"og_article_section":null,"og_article_tags":null,"twitter_use_og":false,"twitter_card":"default","twitter_image_type":"default","twitter_image_url":null,"twitter_image_custom_url":null,"twitter_image_custom_fields":null,"twitter_title":null,"twitter_description":null,"schema":{"blockGraphs":[],"customGraphs":[],"default":{"data":{"Article":[],"Course":[],"Dataset":[],"FAQPage":[],"Movie":[],"Person":[],"Product":[],"Recipe":[],"Service":[],"SoftwareApplication":[],"WebPage":[]},"graphName":"","isEnabled":true},"graphs":[]},"schema_type":"default","schema_type_options":null,"pillar_content":false,"robots_default":true,"robots_noindex":false,"robots_noarchive":false,"robots_nosnippet":false,"robots_nofollow":false,"robots_noimageindex":false,"robots_noodp":false,"robots_notranslate":false,"robots_max_snippet":null,"robots_max_videopreview":null,"robots_max_imagepreview":"large","priority":null,"frequency":null,"local_seo":null,"breadcrumb_settings":null,"limit_modified_date":false,"created":"2024-04-11 01:57:20","updated":"2025-06-22 18:16:58"},"aioseo_breadcrumb":"<div class=\"aioseo-breadcrumbs\"><span class=\"aioseo-breadcrumb\">\n\t<a href=\"https:\/\/www.rucashk.com\/pt\" title=\"Home\">Home<\/a>\n<\/span><span class=\"aioseo-breadcrumb-separator\">&raquo;<\/span><span class=\"aioseo-breadcrumb\">\n\t<a href=\"https:\/\/www.rucashk.com\/pt\/products\/\" title=\"Produtos\">Produtos<\/a>\n<\/span><span class=\"aioseo-breadcrumb-separator\">&raquo;<\/span><span class=\"aioseo-breadcrumb\">\n\t<a href=\"https:\/\/www.rucashk.com\/pt\/categoria-produto\/xiaomi-eco\/\" title=\"Xiaomi Eco\">Xiaomi Eco<\/a>\n<\/span><span class=\"aioseo-breadcrumb-separator\">&raquo;<\/span><span class=\"aioseo-breadcrumb\">\n\t<a href=\"https:\/\/www.rucashk.com\/pt\/categoria-produto\/xiaomi-eco\/haylou-earphone\/\" title=\"Haylou Earphone\">Haylou Earphone<\/a>\n<\/span><span class=\"aioseo-breadcrumb-separator\">&raquo;<\/span><span class=\"aioseo-breadcrumb\">\n\tHaylou X1 2023\n<\/span><\/div>","aioseo_breadcrumb_json":[{"label":"Home","link":"https:\/\/www.rucashk.com\/pt"},{"label":"Produtos","link":"https:\/\/www.rucashk.com\/pt\/products\/"},{"label":"Xiaomi Eco","link":"https:\/\/www.rucashk.com\/pt\/categoria-produto\/xiaomi-eco\/"},{"label":"Haylou Earphone","link":"https:\/\/www.rucashk.com\/pt\/categoria-produto\/xiaomi-eco\/haylou-earphone\/"},{"label":"Haylou X1 2023","link":"https:\/\/www.rucashk.com\/pt\/produto\/haylou-x1-2023\/"}],"_links":{"self":[{"href":"https:\/\/www.rucashk.com\/pt\/wp-json\/wp\/v2\/product\/26277","targetHints":{"allow":["GET"]}}],"collection":[{"href":"https:\/\/www.rucashk.com\/pt\/wp-json\/wp\/v2\/product"}],"about":[{"href":"https:\/\/www.rucashk.com\/pt\/wp-json\/wp\/v2\/types\/product"}],"wp:featuredmedia":[{"embeddable":true,"href":"https:\/\/www.rucashk.com\/pt\/wp-json\/wp\/v2\/media\/26422"}],"wp:attachment":[{"href":"https:\/\/www.rucashk.com\/pt\/wp-json\/wp\/v2\/media?parent=26277"}],"wp:term":[{"taxonomy":"product_brand","embeddable":true,"href":"https:\/\/www.rucashk.com\/pt\/wp-json\/wp\/v2\/product_brand?post=26277"},{"taxonomy":"product_cat","embeddable":true,"href":"https:\/\/www.rucashk.com\/pt\/wp-json\/wp\/v2\/product_cat?post=26277"},{"taxonomy":"product_tag","embeddable":true,"href":"https:\/\/www.rucashk.com\/pt\/wp-json\/wp\/v2\/product_tag?post=26277"}],"curies":[{"name":"wp","href":"https:\/\/api.w.org\/{rel}","templated":true}]}}