{"id":26230,"date":"2024-01-09T16:25:47","date_gmt":"2024-01-09T16:25:47","guid":{"rendered":"http:\/\/rucashk.com\/?post_type=product&#038;p=26230"},"modified":"2024-01-23T07:49:02","modified_gmt":"2024-01-23T07:49:02","slug":"redmi-k60-ultra","status":"publish","type":"product","link":"https:\/\/www.rucashk.com\/pt\/produto\/redmi-k60-ultra\/","title":{"rendered":"Redmi K60 Ultra"},"content":{"rendered":"<p>Fotos reais<\/p>\n<div><\/div>\n<div><img decoding=\"async\" alt=\"Redmi K60 Ultra\" src=\"\/wp-content\/uploads\/replace\/587f302939637006c8328bbf4e414a95.jpeg\" \/><\/div>\n<div><\/div>\n<div><img decoding=\"async\" alt=\"Redmi K60 Ultra\" src=\"\/wp-content\/uploads\/replace\/a6f094008e93157c0a00cbebd9af3407.jpeg\" \/><\/div>\n<div><\/div>\n<div><img fetchpriority=\"high\" decoding=\"async\" alt=\"Redmi K60 Ultra\" src=\"\/wp-content\/uploads\/replace\/592b0b1515a54b4c36ffb148e096a6c1.jpeg\" width=\"658\" height=\"518\" \/><\/div>\n<div><\/div>\n<div><img decoding=\"async\" alt=\"Redmi K60 Ultra\" src=\"\/wp-content\/uploads\/replace\/8f066a83b4562b66f0c800d8036ee0a9.jpeg\" width=\"658\" height=\"443\" \/><\/div>\n<div><\/div>\n<div><img decoding=\"async\" alt=\"Redmi K60 Ultra\" src=\"\/wp-content\/uploads\/replace\/b630c35bf8f717c0282d0872ddb22d95.jpeg\" width=\"659\" height=\"514\" \/><\/div>\n<div><\/div>\n<div><img loading=\"lazy\" decoding=\"async\" alt=\"Redmi K60 Ultra\" src=\"\/wp-content\/uploads\/replace\/99cd046da25c7c5f08859654af4d84f8.jpeg\" width=\"660\" height=\"501\" \/><\/div>\n<div class=\"detailmodule_html\">\n<div class=\"detail-desc-decorate-richtext\">\n<div class=\"detailmodule_html\">\n<div class=\"detail-desc-decorate-richtext\">\n<div><\/div>\n<div><img loading=\"lazy\" decoding=\"async\" alt=\"Redmi K60 Ultra\" src=\"\/wp-content\/uploads\/replace\/7df2b89104365a0b43432a7221f72fec.jpeg\" width=\"872\" height=\"475\" \/><\/div>\n<div><\/div>\n<div><img loading=\"lazy\" decoding=\"async\" alt=\"Redmi K60 Ultra\" src=\"\/wp-content\/uploads\/replace\/c735367879692edc118c723b7552df6c.jpeg\" width=\"483\" height=\"643\" \/>\u00a0\u00a0<img loading=\"lazy\" decoding=\"async\" alt=\"Redmi K60 Ultra\" src=\"\/wp-content\/uploads\/replace\/84c9a4d98d14ec67e8000ceaabcaf659.jpeg\" width=\"389\" height=\"653\" \/><\/div>\n<div><\/div>\n<div><img loading=\"lazy\" decoding=\"async\" alt=\"Redmi K60 Ultra\" src=\"\/wp-content\/uploads\/replace\/72605f461006953b1143aaccb0e54eb1.jpeg\" width=\"457\" height=\"297\" \/>\u00a0\u00a0<img loading=\"lazy\" decoding=\"async\" alt=\"Redmi K60 Ultra\" src=\"\/wp-content\/uploads\/replace\/80158d18a214458682ed5a3884f247f3.jpeg\" width=\"460\" height=\"297\" \/><\/div>\n<\/div>\n<\/div>\n<div>\n<table border=\"0\" width=\"668\" cellspacing=\"0\" cellpadding=\"0\">\n<colgroup>\n<col width=\"141\" \/>\n<col width=\"527\" \/><\/colgroup>\n<tbody>\n<tr>\n<td class=\"et3\" width=\"141\" height=\"45\">\n<div><\/div>\n<table border=\"0\" width=\"668\" cellspacing=\"0\" cellpadding=\"0\" align=\"start\">\n<colgroup>\n<col width=\"141\" \/>\n<col width=\"527\" \/><\/colgroup>\n<tbody>\n<tr>\n<td width=\"141\" height=\"45\"><strong>Tela<\/strong><\/td>\n<td width=\"527\">Tela de 6,67\u2033; Taxa de atualiza\u00e7\u00e3o de 120 Hz; Resolu\u00e7\u00e3o 3200*1440 (2K)<\/td>\n<\/tr>\n<tr>\n<td height=\"45\"><strong>CPU<\/strong><\/td>\n<td width=\"527\">Snapdragon\u00ae 8+ gera\u00e7\u00e3o 1<span class=\"font7\">,<\/span><span class=\"font6\">N\u00facleo Octa<\/span><span class=\"font7\">,<\/span><span class=\"font6\">At\u00e9 3,0 GHz<\/span><span class=\"font7\">,<\/span><span class=\"font6\">4 nm<\/span><\/td>\n<\/tr>\n<tr>\n<td height=\"45\"><strong>RAM + ROM<\/strong><\/td>\n<td width=\"527\"><strong>8 + 128 GB \/ 8 + 256 GB \/ 12 + 256 GB \/ 12 + 512 GB \/ 16 + 512 GB<\/strong><\/td>\n<\/tr>\n<tr>\n<td height=\"45\"><strong>C\u00e2mera<\/strong><\/td>\n<td width=\"527\">C\u00e2mera traseira tripla de 64 MP + 8 MP + 2 MP<span class=\"font6\">, c\u00e2mera frontal de 16 MP<\/span><\/td>\n<\/tr>\n<tr>\n<td height=\"45\"><strong>Bateria<\/strong><\/td>\n<td width=\"527\">Bateria de 5500mAh (t\u00edpica), suporte para carga r\u00e1pida de 67W<\/td>\n<\/tr>\n<tr>\n<td height=\"45\"><strong>SO<\/strong><\/td>\n<td width=\"527\"><span class=\"font3\"><span class=\"font2\">Vers\u00e3o chinesa, MIUI 14, suporte chin\u00eas e ingl\u00eas<\/span><\/span><\/td>\n<\/tr>\n<tr>\n<td width=\"141\" height=\"56\"><strong>conte\u00fado do pacote<\/strong><\/td>\n<td width=\"527\">Redmi K60 \/ Carregador 67W \/ Cabo USB tipo C \/ Ferramenta de eje\u00e7\u00e3o SIM \/ Capa protetora \/ Cart\u00e3o de garantia<\/td>\n<\/tr>\n<tr>\n<td rowspan=\"4\" height=\"181\"><strong>Rede<\/strong><\/td>\n<td width=\"527\"><strong>5G<\/strong><strong><span class=\"font0\">\uff1a<\/span><\/strong><span class=\"font6\">n1 \/ n3 \/ n5 \/ n8 \/ n28a (Uplink: 703 MHz-733 MHz, Downlink: 758 MHz-788 MHz) \/ n38 \/ n41 \/ n77 \/ n78<\/span><\/td>\n<\/tr>\n<tr>\n<td width=\"527\"><strong>4G<\/strong><strong><span class=\"font0\">\uff1a<\/span><\/strong><span class=\"font6\">FDD-LTE<\/span><span class=\"font7\">\uff1a<\/span><span class=\"font6\">B1\/B3\/B4\/B5\/B8\/B18\/B19\/B26<\/span><span class=\"font7\">\uff1b<\/span><span class=\"font6\">TDD-LTE<\/span><span class=\"font7\">\uff1a<\/span><span class=\"font6\">B34\/B38\/B39\/B40\/B41\/B42<\/span><\/td>\n<\/tr>\n<tr>\n<td width=\"527\"><strong>3G<\/strong><strong><span class=\"font0\">\uff1a<\/span><\/strong><span class=\"font6\">WCDMA<\/span><span class=\"font7\">\uff1a<\/span><span class=\"font6\">B1\/ B4\/ B5\/ B6\/ B8\/ B19<\/span><\/td>\n<\/tr>\n<tr>\n<td width=\"527\"><strong>2G<\/strong><strong><span class=\"font0\">\uff1a<\/span><\/strong><span class=\"font6\">G\/M B3\/B5\/B8<\/span><span class=\"font7\">\uff1b<\/span><span class=\"font6\">CDMA 1X<\/span><span class=\"font7\">\uff1a<\/span><span class=\"font6\">BC0<\/span><\/td>\n<\/tr>\n<\/tbody>\n<\/table>\n<p align=\"start\">\n<p align=\"start\">\n<p align=\"start\"><img decoding=\"async\" alt=\"Redmi K60 Ultra\" src=\"\/wp-content\/uploads\/replace\/51bd7873058376644423aaa15423e58b.jpeg\" data-spm-anchor-id=\"a2g0o.detail.1000023.i1.4cffygLXygLX55\" \/><img decoding=\"async\" alt=\"Redmi K60 Ultra\" src=\"\/wp-content\/uploads\/replace\/86cb631ece6d1a25adbc4798d9266c1d.jpeg\" \/><img decoding=\"async\" alt=\"Redmi K60 Ultra\" src=\"\/wp-content\/uploads\/replace\/04bb9235a8a2b9df7df858800d8ae33b.jpeg\" \/><img decoding=\"async\" alt=\"Redmi K60 Ultra\" src=\"\/wp-content\/uploads\/replace\/c61ac17fd2ab4cc85954550fe6f93fa2.jpeg\" \/><img decoding=\"async\" alt=\"Redmi K60 Ultra\" src=\"\/wp-content\/uploads\/replace\/7576a1e1385a94c0f361005f183a35dc.jpeg\" \/><img decoding=\"async\" alt=\"Redmi K60 Ultra\" src=\"\/wp-content\/uploads\/replace\/57cbaa3196ebc4af6166eb60276728e6.jpeg\" \/><img decoding=\"async\" alt=\"Redmi K60 Ultra\" src=\"\/wp-content\/uploads\/replace\/de50af717bdab412c94b73211a8b2478.jpeg\" \/><img decoding=\"async\" alt=\"Redmi K60 Ultra\" src=\"\/wp-content\/uploads\/replace\/9c7e8fc9df1e2ae13598808cd3cee4be.jpeg\" \/><img decoding=\"async\" alt=\"Redmi K60 Ultra\" src=\"\/wp-content\/uploads\/replace\/503587aed3f0d29d8290e1d3a007dd91.jpeg\" \/><img decoding=\"async\" alt=\"Redmi K60 Ultra\" src=\"\/wp-content\/uploads\/replace\/af291af353754c0ce5d4d694fe5e9fd1.jpeg\" \/><img decoding=\"async\" alt=\"Redmi K60 Ultra\" src=\"\/wp-content\/uploads\/replace\/cfb5e1851b3c957373d17a8384b1295e.jpeg\" \/><img decoding=\"async\" alt=\"Redmi K60 Ultra\" src=\"\/wp-content\/uploads\/replace\/2268a68b6a30d51abc50b7361d15dce3.jpeg\" \/><img decoding=\"async\" alt=\"Redmi K60 Ultra\" src=\"\/wp-content\/uploads\/replace\/b14883ae5276a6a6c816f0d4595792c2.jpeg\" \/><img decoding=\"async\" alt=\"Redmi K60 Ultra\" src=\"\/wp-content\/uploads\/replace\/67f1e65dac22b5ec6ae1015169fe6b21.jpeg\" \/><img decoding=\"async\" alt=\"Redmi K60 Ultra\" src=\"\/wp-content\/uploads\/replace\/e714a62ecb3eb0c9e04a621f6b5d1343.jpeg\" \/><\/p>\n<\/td>\n<\/tr>\n<\/tbody>\n<\/table>\n<\/div>\n<\/div>\n<\/div>","protected":false},"excerpt":{"rendered":"<ul>\n<li>\u00a0Novidade brilhante da MediaTek\u00a0<a class=\"internal-link\" href=\"https:\/\/www.notebookcheck.net\/MediaTek-Dimensity-9200-unveiled-with-marginally-higher-CPU-and-GPU-clocks.716539.0.html\" target=\"_self\" rel=\"noopener\">Dimens\u00e3o 9200+<\/a><\/li>\n<li>\u00a0oferecem 1 TB de armazenamento e 24 TB de mem\u00f3ria f\u00edsica<\/li>\n<li>\u00a0Painel AMOLED de 6,67 polegadas de 1,5K (2.712 x 1.220 pixels) com brilho t\u00edpico de 1.200 nits<\/li>\n<li>144 Hz e brilho m\u00e1ximo de 2.600 nits<\/li>\n<li>\u00a0Bateria de 5.000 mAh com carregamento r\u00e1pido de 120 Watts<\/li>\n<li>\u00a0gravar v\u00eddeo em 8K<\/li>\n<li>\u00a0Sensor de 20 MP lida com selfies e videochamadas<\/li>\n<\/ul>","protected":false},"featured_media":26386,"template":"","meta":[],"product_brand":[],"product_cat":[1295,1297],"product_tag":[],"class_list":{"0":"post-26230","1":"product","2":"type-product","3":"status-publish","4":"has-post-thumbnail","6":"product_cat-mobile-phone","7":"product_cat-redmi-mobile-phone","9":"first","10":"instock","11":"shipping-taxable","12":"product-type-simple"},"aioseo_notices":[],"aioseo_head":"\n\t\t<!-- All in One SEO Pro 4.5.9.2 - aioseo.com -->\n\t\t<meta name=\"description\" content=\"MediaTek&#039;s shiny new Dimensity 9200+ offer 1 TB of storage and 24 TB of physical memory 6.67-inch 1.5K (2,712 x 1,220 pixels) AMOLED panel with a typical brightness of 1,200 nits 144 Hz and has a peak brightness of 2,600 nits 5,000 mAh battery with 120 Watt fast charging record video at 8K 20 MP sensor handles selfies and video calls\" \/>\n\t\t<meta name=\"robots\" content=\"max-image-preview:large\" \/>\n\t\t<link rel=\"canonical\" href=\"https:\/\/www.rucashk.com\/pt\/produto\/redmi-k60-ultra\/\" \/>\n\t\t<meta name=\"generator\" content=\"All in One SEO Pro (AIOSEO) 4.5.9.2\" \/>\n\t\t<meta property=\"og:locale\" content=\"pt_PT\" \/>\n\t\t<meta property=\"og:site_name\" content=\"Rucas - One-stop AIoT Distribution Worldwide\" \/>\n\t\t<meta property=\"og:type\" content=\"article\" \/>\n\t\t<meta property=\"og:title\" content=\"Redmi K60 Ultra - Rucas - Wholesale and Distribution\" \/>\n\t\t<meta property=\"og:description\" content=\"MediaTek&#039;s shiny new Dimensity 9200+ offer 1 TB of storage and 24 TB of physical memory 6.67-inch 1.5K (2,712 x 1,220 pixels) AMOLED panel with a typical brightness of 1,200 nits 144 Hz and has a peak brightness of 2,600 nits 5,000 mAh battery with 120 Watt fast charging record video at 8K 20 MP sensor handles selfies and video calls\" \/>\n\t\t<meta property=\"og:url\" content=\"https:\/\/www.rucashk.com\/pt\/produto\/redmi-k60-ultra\/\" \/>\n\t\t<meta property=\"og:image\" content=\"https:\/\/www.rucashk.com\/wp-content\/uploads\/replace\/503b8e645f128a97ccde2b6290747646.jpeg\" \/>\n\t\t<meta property=\"og:image:secure_url\" content=\"https:\/\/www.rucashk.com\/wp-content\/uploads\/replace\/503b8e645f128a97ccde2b6290747646.jpeg\" \/>\n\t\t<meta property=\"og:image:width\" content=\"1456\" \/>\n\t\t<meta property=\"og:image:height\" content=\"816\" \/>\n\t\t<meta property=\"article:published_time\" content=\"2024-01-09T16:25:47+00:00\" \/>\n\t\t<meta property=\"article:modified_time\" content=\"2024-01-23T07:49:02+00:00\" \/>\n\t\t<meta name=\"twitter:card\" content=\"summary_large_image\" \/>\n\t\t<meta name=\"twitter:title\" content=\"Redmi K60 Ultra - Rucas - Wholesale and Distribution\" \/>\n\t\t<meta name=\"twitter:description\" content=\"MediaTek&#039;s shiny new Dimensity 9200+ offer 1 TB of storage and 24 TB of physical memory 6.67-inch 1.5K (2,712 x 1,220 pixels) AMOLED panel with a typical brightness of 1,200 nits 144 Hz and has a peak brightness of 2,600 nits 5,000 mAh battery with 120 Watt fast charging record video at 8K 20 MP sensor handles selfies and video calls\" \/>\n\t\t<meta name=\"twitter:image\" content=\"https:\/\/www.rucashk.com\/wp-content\/uploads\/replace\/503b8e645f128a97ccde2b6290747646.jpeg\" \/>\n\t\t<script type=\"application\/ld+json\" class=\"aioseo-schema\">\n\t\t\t{\"@context\":\"https:\\\/\\\/schema.org\",\"@graph\":[{\"@type\":\"BreadcrumbList\",\"@id\":\"https:\\\/\\\/www.rucashk.com\\\/pt\\\/produto\\\/redmi-k60-ultra\\\/#breadcrumblist\",\"itemListElement\":[{\"@type\":\"ListItem\",\"@id\":\"https:\\\/\\\/www.rucashk.com\\\/pt\\\/#listItem\",\"position\":1,\"name\":\"Home\",\"item\":\"https:\\\/\\\/www.rucashk.com\\\/pt\\\/\",\"nextItem\":\"https:\\\/\\\/www.rucashk.com\\\/pt\\\/produto\\\/redmi-k60-ultra\\\/#listItem\"},{\"@type\":\"ListItem\",\"@id\":\"https:\\\/\\\/www.rucashk.com\\\/pt\\\/produto\\\/redmi-k60-ultra\\\/#listItem\",\"position\":2,\"name\":\"Redmi K60 Ultra\",\"previousItem\":\"https:\\\/\\\/www.rucashk.com\\\/pt\\\/#listItem\"}]},{\"@type\":\"Organization\",\"@id\":\"https:\\\/\\\/www.rucashk.com\\\/pt\\\/#organization\",\"name\":\"Rucas\",\"url\":\"https:\\\/\\\/www.rucashk.com\\\/pt\\\/\",\"logo\":{\"@type\":\"ImageObject\",\"url\":\"https:\\\/\\\/www.rucashk.com\\\/wp-content\\\/uploads\\\/2023\\\/12\\\/Rucas_campany_logo.png\",\"@id\":\"https:\\\/\\\/www.rucashk.com\\\/pt\\\/produto\\\/redmi-k60-ultra\\\/#organizationLogo\",\"width\":221,\"height\":65},\"image\":{\"@id\":\"https:\\\/\\\/www.rucashk.com\\\/pt\\\/#organizationLogo\"}},{\"@type\":\"Person\",\"@id\":\"https:\\\/\\\/www.rucashk.com\\\/pt\\\/author\\\/admin\\\/#author\",\"url\":\"https:\\\/\\\/www.rucashk.com\\\/pt\\\/author\\\/admin\\\/\",\"name\":\"admin\",\"image\":{\"@type\":\"ImageObject\",\"@id\":\"https:\\\/\\\/www.rucashk.com\\\/pt\\\/produto\\\/redmi-k60-ultra\\\/#authorImage\",\"url\":\"https:\\\/\\\/secure.gravatar.com\\\/avatar\\\/b7c8925b09a27e72b30232f8ecaadbd5af0f70a38c78096863fe51b64f031c24?s=96&d=mm&r=g\",\"width\":96,\"height\":96,\"caption\":\"admin\"}},{\"@type\":\"WebPage\",\"@id\":\"https:\\\/\\\/www.rucashk.com\\\/pt\\\/produto\\\/redmi-k60-ultra\\\/#webpage\",\"url\":\"https:\\\/\\\/www.rucashk.com\\\/pt\\\/produto\\\/redmi-k60-ultra\\\/\",\"name\":\"Redmi K60 Ultra - Rucas - Wholesale and Distribution\",\"description\":\"MediaTek's shiny new Dimensity 9200+ offer 1 TB of storage and 24 TB of physical memory 6.67-inch 1.5K (2,712 x 1,220 pixels) AMOLED panel with a typical brightness of 1,200 nits 144 Hz and has a peak brightness of 2,600 nits 5,000 mAh battery with 120 Watt fast charging record video at 8K 20 MP sensor handles selfies and video calls\",\"inLanguage\":\"pt-PT\",\"isPartOf\":{\"@id\":\"https:\\\/\\\/www.rucashk.com\\\/pt\\\/#website\"},\"breadcrumb\":{\"@id\":\"https:\\\/\\\/www.rucashk.com\\\/pt\\\/produto\\\/redmi-k60-ultra\\\/#breadcrumblist\"},\"author\":{\"@id\":\"https:\\\/\\\/www.rucashk.com\\\/pt\\\/author\\\/admin\\\/#author\"},\"creator\":{\"@id\":\"https:\\\/\\\/www.rucashk.com\\\/pt\\\/author\\\/admin\\\/#author\"},\"image\":{\"@type\":\"ImageObject\",\"url\":\"https:\\\/\\\/www.rucashk.com\\\/wp-content\\\/uploads\\\/2024\\\/01\\\/9-4.webp\",\"@id\":\"https:\\\/\\\/www.rucashk.com\\\/pt\\\/produto\\\/redmi-k60-ultra\\\/#mainImage\",\"width\":71,\"height\":90},\"primaryImageOfPage\":{\"@id\":\"https:\\\/\\\/www.rucashk.com\\\/pt\\\/produto\\\/redmi-k60-ultra\\\/#mainImage\"},\"datePublished\":\"2024-01-09T16:25:47+00:00\",\"dateModified\":\"2024-01-23T07:49:02+00:00\"},{\"@type\":\"WebSite\",\"@id\":\"https:\\\/\\\/www.rucashk.com\\\/pt\\\/#website\",\"url\":\"https:\\\/\\\/www.rucashk.com\\\/pt\\\/\",\"name\":\"Rucas - Wholesale and distribution worldwide\",\"alternateName\":\"Rucas - One-stop AIoT Distribution Worldwide\",\"description\":\"One-stop AIoT Distribution Worldwide\",\"inLanguage\":\"pt-PT\",\"publisher\":{\"@id\":\"https:\\\/\\\/www.rucashk.com\\\/pt\\\/#organization\"}}]}\n\t\t<\/script>\n\t\t<!-- All in One SEO Pro -->\r\n\t\t<title>Redmi K60 Ultra - Rucas - Wholesale and Distribution<\/title>\n\n","aioseo_head_json":{"title":"Redmi K60 Ultra - Rucas - Wholesale and Distribution","description":"MediaTek's shiny new Dimensity 9200+ offer 1 TB of storage and 24 TB of physical memory 6.67-inch 1.5K (2,712 x 1,220 pixels) AMOLED panel with a typical brightness of 1,200 nits 144 Hz and has a peak brightness of 2,600 nits 5,000 mAh battery with 120 Watt fast charging record video at 8K 20 MP sensor handles selfies and video calls","canonical_url":"https:\/\/www.rucashk.com\/pt\/produto\/redmi-k60-ultra\/","robots":"max-image-preview:large","keywords":"","webmasterTools":{"miscellaneous":""},"og:locale":"pt_PT","og:site_name":"Rucas - One-stop AIoT Distribution Worldwide","og:type":"article","og:title":"Redmi K60 Ultra - Rucas - Wholesale and Distribution","og:description":"MediaTek's shiny new Dimensity 9200+ offer 1 TB of storage and 24 TB of physical memory 6.67-inch 1.5K (2,712 x 1,220 pixels) AMOLED panel with a typical brightness of 1,200 nits 144 Hz and has a peak brightness of 2,600 nits 5,000 mAh battery with 120 Watt fast charging record video at 8K 20 MP sensor handles selfies and video calls","og:url":"https:\/\/www.rucashk.com\/pt\/produto\/redmi-k60-ultra\/","og:image":"https:\/\/www.rucashk.com\/wp-content\/uploads\/replace\/503b8e645f128a97ccde2b6290747646.jpeg","og:image:secure_url":"https:\/\/www.rucashk.com\/wp-content\/uploads\/replace\/503b8e645f128a97ccde2b6290747646.jpeg","og:image:width":1456,"og:image:height":816,"article:published_time":"2024-01-09T16:25:47+00:00","article:modified_time":"2024-01-23T07:49:02+00:00","twitter:card":"summary_large_image","twitter:title":"Redmi K60 Ultra - Rucas - Wholesale and Distribution","twitter:description":"MediaTek's shiny new Dimensity 9200+ offer 1 TB of storage and 24 TB of physical memory 6.67-inch 1.5K (2,712 x 1,220 pixels) AMOLED panel with a typical brightness of 1,200 nits 144 Hz and has a peak brightness of 2,600 nits 5,000 mAh battery with 120 Watt fast charging record video at 8K 20 MP sensor handles selfies and video calls","twitter:image":"https:\/\/www.rucashk.com\/wp-content\/uploads\/replace\/503b8e645f128a97ccde2b6290747646.jpeg","schema":{"@context":"https:\/\/schema.org","@graph":[{"@type":"BreadcrumbList","@id":"https:\/\/www.rucashk.com\/pt\/produto\/redmi-k60-ultra\/#breadcrumblist","itemListElement":[{"@type":"ListItem","@id":"https:\/\/www.rucashk.com\/pt\/#listItem","position":1,"name":"Home","item":"https:\/\/www.rucashk.com\/pt\/","nextItem":"https:\/\/www.rucashk.com\/pt\/produto\/redmi-k60-ultra\/#listItem"},{"@type":"ListItem","@id":"https:\/\/www.rucashk.com\/pt\/produto\/redmi-k60-ultra\/#listItem","position":2,"name":"Redmi K60 Ultra","previousItem":"https:\/\/www.rucashk.com\/pt\/#listItem"}]},{"@type":"Organization","@id":"https:\/\/www.rucashk.com\/pt\/#organization","name":"Rucas","url":"https:\/\/www.rucashk.com\/pt\/","logo":{"@type":"ImageObject","url":"https:\/\/www.rucashk.com\/wp-content\/uploads\/2023\/12\/Rucas_campany_logo.png","@id":"https:\/\/www.rucashk.com\/pt\/produto\/redmi-k60-ultra\/#organizationLogo","width":221,"height":65},"image":{"@id":"https:\/\/www.rucashk.com\/pt\/#organizationLogo"}},{"@type":"Person","@id":"https:\/\/www.rucashk.com\/pt\/author\/admin\/#author","url":"https:\/\/www.rucashk.com\/pt\/author\/admin\/","name":"admin","image":{"@type":"ImageObject","@id":"https:\/\/www.rucashk.com\/pt\/produto\/redmi-k60-ultra\/#authorImage","url":"https:\/\/secure.gravatar.com\/avatar\/b7c8925b09a27e72b30232f8ecaadbd5af0f70a38c78096863fe51b64f031c24?s=96&d=mm&r=g","width":96,"height":96,"caption":"admin"}},{"@type":"WebPage","@id":"https:\/\/www.rucashk.com\/pt\/produto\/redmi-k60-ultra\/#webpage","url":"https:\/\/www.rucashk.com\/pt\/produto\/redmi-k60-ultra\/","name":"Redmi K60 Ultra - Rucas - Wholesale and Distribution","description":"MediaTek's shiny new Dimensity 9200+ offer 1 TB of storage and 24 TB of physical memory 6.67-inch 1.5K (2,712 x 1,220 pixels) AMOLED panel with a typical brightness of 1,200 nits 144 Hz and has a peak brightness of 2,600 nits 5,000 mAh battery with 120 Watt fast charging record video at 8K 20 MP sensor handles selfies and video calls","inLanguage":"pt-PT","isPartOf":{"@id":"https:\/\/www.rucashk.com\/pt\/#website"},"breadcrumb":{"@id":"https:\/\/www.rucashk.com\/pt\/produto\/redmi-k60-ultra\/#breadcrumblist"},"author":{"@id":"https:\/\/www.rucashk.com\/pt\/author\/admin\/#author"},"creator":{"@id":"https:\/\/www.rucashk.com\/pt\/author\/admin\/#author"},"image":{"@type":"ImageObject","url":"https:\/\/www.rucashk.com\/wp-content\/uploads\/2024\/01\/9-4.webp","@id":"https:\/\/www.rucashk.com\/pt\/produto\/redmi-k60-ultra\/#mainImage","width":71,"height":90},"primaryImageOfPage":{"@id":"https:\/\/www.rucashk.com\/pt\/produto\/redmi-k60-ultra\/#mainImage"},"datePublished":"2024-01-09T16:25:47+00:00","dateModified":"2024-01-23T07:49:02+00:00"},{"@type":"WebSite","@id":"https:\/\/www.rucashk.com\/pt\/#website","url":"https:\/\/www.rucashk.com\/pt\/","name":"Rucas - Wholesale and distribution worldwide","alternateName":"Rucas - One-stop AIoT Distribution Worldwide","description":"One-stop AIoT Distribution Worldwide","inLanguage":"pt-PT","publisher":{"@id":"https:\/\/www.rucashk.com\/pt\/#organization"}}]}},"aioseo_meta_data":{"post_id":"26230","title":null,"description":null,"keywords":null,"keyphrases":null,"primary_term":null,"canonical_url":null,"og_title":null,"og_description":null,"og_object_type":"default","og_image_type":"default","og_image_url":null,"og_image_width":null,"og_image_height":null,"og_image_custom_url":null,"og_image_custom_fields":null,"og_video":null,"og_custom_url":null,"og_article_section":null,"og_article_tags":null,"twitter_use_og":false,"twitter_card":"default","twitter_image_type":"default","twitter_image_url":null,"twitter_image_custom_url":null,"twitter_image_custom_fields":null,"twitter_title":null,"twitter_description":null,"schema":{"blockGraphs":[],"customGraphs":[],"default":{"data":{"Article":[],"Course":[],"Dataset":[],"FAQPage":[],"Movie":[],"Person":[],"Product":[],"Recipe":[],"Service":[],"SoftwareApplication":[],"WebPage":[]},"graphName":"","isEnabled":true},"graphs":[]},"schema_type":"default","schema_type_options":null,"pillar_content":false,"robots_default":true,"robots_noindex":false,"robots_noarchive":false,"robots_nosnippet":false,"robots_nofollow":false,"robots_noimageindex":false,"robots_noodp":false,"robots_notranslate":false,"robots_max_snippet":null,"robots_max_videopreview":null,"robots_max_imagepreview":"large","priority":null,"frequency":null,"local_seo":null,"breadcrumb_settings":null,"limit_modified_date":false,"created":"2024-04-11 01:57:20","updated":"2025-06-22 18:15:59"},"aioseo_breadcrumb":"<div class=\"aioseo-breadcrumbs\"><span class=\"aioseo-breadcrumb\">\n\t<a href=\"https:\/\/www.rucashk.com\/pt\" title=\"Home\">Home<\/a>\n<\/span><span class=\"aioseo-breadcrumb-separator\">&raquo;<\/span><span class=\"aioseo-breadcrumb\">\n\t<a href=\"https:\/\/www.rucashk.com\/pt\/products\/\" title=\"Produtos\">Produtos<\/a>\n<\/span><span class=\"aioseo-breadcrumb-separator\">&raquo;<\/span><span class=\"aioseo-breadcrumb\">\n\t<a href=\"https:\/\/www.rucashk.com\/pt\/categoria-produto\/mobile-phone\/\" title=\"Mobile Phone\">Mobile Phone<\/a>\n<\/span><span class=\"aioseo-breadcrumb-separator\">&raquo;<\/span><span class=\"aioseo-breadcrumb\">\n\t<a href=\"https:\/\/www.rucashk.com\/pt\/categoria-produto\/mobile-phone\/redmi-mobile-phone\/\" title=\"Redmi\">Redmi<\/a>\n<\/span><span class=\"aioseo-breadcrumb-separator\">&raquo;<\/span><span class=\"aioseo-breadcrumb\">\n\tRedmi K60 Ultra\n<\/span><\/div>","aioseo_breadcrumb_json":[{"label":"Home","link":"https:\/\/www.rucashk.com\/pt"},{"label":"Produtos","link":"https:\/\/www.rucashk.com\/pt\/products\/"},{"label":"Mobile Phone","link":"https:\/\/www.rucashk.com\/pt\/categoria-produto\/mobile-phone\/"},{"label":"Redmi","link":"https:\/\/www.rucashk.com\/pt\/categoria-produto\/mobile-phone\/redmi-mobile-phone\/"},{"label":"Redmi K60 Ultra","link":"https:\/\/www.rucashk.com\/pt\/produto\/redmi-k60-ultra\/"}],"_links":{"self":[{"href":"https:\/\/www.rucashk.com\/pt\/wp-json\/wp\/v2\/product\/26230","targetHints":{"allow":["GET"]}}],"collection":[{"href":"https:\/\/www.rucashk.com\/pt\/wp-json\/wp\/v2\/product"}],"about":[{"href":"https:\/\/www.rucashk.com\/pt\/wp-json\/wp\/v2\/types\/product"}],"wp:featuredmedia":[{"embeddable":true,"href":"https:\/\/www.rucashk.com\/pt\/wp-json\/wp\/v2\/media\/26386"}],"wp:attachment":[{"href":"https:\/\/www.rucashk.com\/pt\/wp-json\/wp\/v2\/media?parent=26230"}],"wp:term":[{"taxonomy":"product_brand","embeddable":true,"href":"https:\/\/www.rucashk.com\/pt\/wp-json\/wp\/v2\/product_brand?post=26230"},{"taxonomy":"product_cat","embeddable":true,"href":"https:\/\/www.rucashk.com\/pt\/wp-json\/wp\/v2\/product_cat?post=26230"},{"taxonomy":"product_tag","embeddable":true,"href":"https:\/\/www.rucashk.com\/pt\/wp-json\/wp\/v2\/product_tag?post=26230"}],"curies":[{"name":"wp","href":"https:\/\/api.w.org\/{rel}","templated":true}]}}