{"id":26167,"date":"2024-01-09T16:24:58","date_gmt":"2024-01-09T16:24:58","guid":{"rendered":"http:\/\/rucashk.com\/?post_type=product&#038;p=26167"},"modified":"2025-06-22T06:39:08","modified_gmt":"2025-06-22T06:39:08","slug":"xiaomi-smart-camera-aw200","status":"publish","type":"product","link":"https:\/\/www.rucashk.com\/pt\/produto\/xiaomi-smart-camera-aw200\/","title":{"rendered":"C\u00e2mera Inteligente Xiaomi AW200"},"content":{"rendered":"<div>\n<p><strong>C\u00e2mera externa xiaomi AW200<\/strong><br \/>\nSeguran\u00e7a externa \u00e0 prova de intemp\u00e9ries, vis\u00e3o noturna colorida de 1080p.<br \/>\nIP65 | Interior\/Exterior | Chamadas de voz bidirecionais | Detec\u00e7\u00e3o de movimento | Funciona com Alexa e Google Home | Base destac\u00e1vel | Fotografia com lapso de tempo |\u00a0<img decoding=\"async\" alt=\"Xiaomi Smart Camera AW200\" src=\"\/wp-content\/uploads\/replace\/d83640a622f4ec980cee0416b7111eec.jpeg\" \/><strong>Vis\u00e3o noturna colorida de alta resolu\u00e7\u00e3o 1080p<br \/>\nAmplia\u00e7\u00e3o diurna sem desfoque, reten\u00e7\u00e3o de cor noturna<\/strong><br \/>\nA Xiaomi Outdoor Camera AW200 possui alta resolu\u00e7\u00e3o 1920x1080p para qualidade de imagem garantida, zoom digital e amplia\u00e7\u00e3o de detalhes. A grande abertura F1.6 tamb\u00e9m ajuda a aumentar a entrada de luz e melhora a transpar\u00eancia da imagem. veja as cores diurnas em condi\u00e7\u00f5es de luz extremamente baixa.<img decoding=\"async\" alt=\"Xiaomi Smart Camera AW200\" src=\"\/wp-content\/uploads\/replace\/9948193676429f50f86473a90e5f7cb8.jpeg\" \/><strong>Vers\u00e3o noturna infravermelha de 940nm<br \/>\nVeja claramente na noite escura sem perturba\u00e7\u00e3o de pontos vermelhos<\/strong><br \/>\nA vis\u00e3o noturna infravermelha aprimorada permite que voc\u00ea veja claramente, mesmo em condi\u00e7\u00f5es de escurid\u00e3o total.<br \/>\nNenhuma ilumina\u00e7\u00e3o de ponto vermelho vis\u00edvel com LEDs de 940 nm e vis\u00e3o noturna ativada. Desempenho aprimorado em compara\u00e7\u00e3o com LEDs de 850nm. Verdadeira vis\u00e3o noturna infravermelha n\u00e3o intrusiva.<img decoding=\"async\" alt=\"Xiaomi Smart Camera AW200\" src=\"\/wp-content\/uploads\/replace\/f3c38b69e45e029f7f4fa02cd2ebb031.jpeg\" \/><strong>Design resistente \u00e0 \u00e1gua e poeira lP65<br \/>\nUse em qualquer lugar para vigil\u00e2ncia interna e externa<\/strong><br \/>\nA Xiaomi Outdoor Camera AW200 \u00e9 IP65 resistente \u00e0 poeira e \u00e0 \u00e1gua e projetada com alto-falante profissional \u00e0 prova d&#039;\u00e1gua, microfone e tomada de energia. Coloque-o onde quiser, sem medo dos elementos. O tamanho compacto tamb\u00e9m permite que seja usado em ambientes internos.<img decoding=\"async\" alt=\"Xiaomi Smart Camera AW200\" src=\"\/wp-content\/uploads\/replace\/50bf7d4fc0c42b8bf1b6c592b168e006.jpeg\" \/><strong>Chamadas de voz bidirecionais com som n\u00edtido<\/strong><br \/>\nFale e interaja como se estivesse cara a cara com comunica\u00e7\u00e3o de \u00e1udio bidirecional de at\u00e9 5 metros.<img decoding=\"async\" alt=\"Xiaomi Smart Camera AW200\" src=\"\/wp-content\/uploads\/replace\/d6018f6ffa729c4529d2b273bfbe201d.jpeg\" \/><strong>Tecnologia de reconhecimento humano<br \/>\nReceba notifica\u00e7\u00f5es do smartphone se for detectado comportamento anormal<\/strong><br \/>\nToda a tecnologia de detec\u00e7\u00e3o humana filtra alarmes indesejados causados por movimentos n\u00e3o humanos. Sempre que uma pessoa \u00e9 detectada, notifica\u00e7\u00f5es s\u00e3o enviadas para um smartphone para garantir a seguran\u00e7a.<img decoding=\"async\" alt=\"Xiaomi Smart Camera AW200\" src=\"\/wp-content\/uploads\/replace\/43746faa41a0446db70590d225d16172.jpeg\" \/><strong>Formato compacto, base remov\u00edvel<br \/>\nF\u00e1cil de instalar, independente, montagem na parede ou no teto<\/strong><br \/>\nO design inteligente e a base flex\u00edvel fazem dela uma verdadeira c\u00e2mera interna e externa<br \/>\nSeja perto da cerca do jardim, acima do port\u00e3o da frente, na lareira ou no teto, voc\u00ea pode coloc\u00e1-lo dentro ou fora de qualquer lugar imagin\u00e1vel.<img decoding=\"async\" alt=\"Xiaomi Smart Camera AW200\" src=\"\/wp-content\/uploads\/replace\/b04164be47e22f569a6bfe011591a5a8.jpeg\" \/><img decoding=\"async\" alt=\"Xiaomi Smart Camera AW200\" src=\"\/wp-content\/uploads\/replace\/f1dca542837cf8029b8a59b2f9b234e9.jpeg\" \/><img decoding=\"async\" alt=\"Xiaomi Smart Camera AW200\" src=\"\/wp-content\/uploads\/replace\/25919842efed66d0dbb6b88fcf20d14d.png\" \/><br \/>\nNome do produto: c\u00e2mera externa xiaomi aw200<br \/>\nModelo do produto: MJSXJ05HL<br \/>\nEntrada nominal: 5V\/1A<br \/>\nAbertura: F1.6<br \/>\nCodifica\u00e7\u00e3o de v\u00eddeo: H.265<br \/>\nTemperatura operacional:-20\u00b0C a 50\u00b0C<br \/>\nResolu\u00e7\u00e3o: 1920\u00d71080<br \/>\n\u00c2ngulo da lente: 120\u00b0<br \/>\nConex\u00e3o sem fio: Wi-Fi IEEE 802.11b\/g\/n 2,4 GHz<br \/>\nModo de armazenamento: cart\u00e3o Micro SD<br \/>\nCabos de extens\u00e3o de energia: Tamanho do fio: 18 20 22 24<br \/>\nComprimento m\u00e1ximo permitido:34m 26m 18m 8m<br \/>\n<img decoding=\"async\" alt=\"Xiaomi Smart Camera AW200\" src=\"\/wp-content\/uploads\/replace\/d08d9e630a822aea70dfaacc2239dbf5.png\" \/><img decoding=\"async\" alt=\"Xiaomi Smart Camera AW200\" src=\"\/wp-content\/uploads\/replace\/0fa4fc41c46e8552ce3f48afc03c6e9d.png\" \/><\/p>\n<\/div>\n<div>\n<div>\n<p><a href=\"https:\/\/www.aliexpress.us\/item\/3256805055478384.html\" target=\"_self\" rel=\"noopener\"><img fetchpriority=\"high\" decoding=\"async\" alt=\"Xiaomi Smart Camera AW200\" src=\"\/wp-content\/uploads\/replace\/67b5c184a74897dd4458e20e3e667d1f.jpeg\" width=\"944\" height=\"510\" \/><\/a><\/p>\n<\/div>\n<\/div>","protected":false},"excerpt":{"rendered":"<div class=\"div16\"><span class=\"xm-text split_text1981\" data-key=\"overview_1\" data-type=\"text\" data-id=\"fcjsu7niey\">Vis\u00e3o noturna colorida de alta resolu\u00e7\u00e3o 1080p<\/span><\/div>\n<div class=\"div17\">\n<div class=\"div35\"><span class=\"xm-text split_text1991\" data-key=\"overview_14\" data-type=\"text\" data-id=\"jz277mjsa2\">Vis\u00e3o noturna infravermelha de 940nm<\/span><\/div>\n<p><span class=\"xm-text split_text1990\" data-key=\"overview_15\" data-type=\"text\" data-id=\"ut4xjvi837\">Veja claramente na noite escura sem perturba\u00e7\u00e3o de pontos vermelhos<\/span><\/p>\n<p><span class=\"xm-text split_text1980\" data-key=\"overview_2\" data-type=\"text\" data-id=\"ywtry2yuft\"><span class=\"xm-text split_text1980\" data-key=\"overview_2\" data-type=\"text\" data-id=\"ywtry2yuft\">Amplia\u00e7\u00e3o diurna sem desfoque, reten\u00e7\u00e3o de cor noturna<\/span><\/span><\/p>\n<div class=\"div49\"><span class=\"xm-text split_text1993\" data-key=\"overview_24\" data-type=\"text\" data-id=\"w4tbhiq2d7\">Design IP65 resistente \u00e0 \u00e1gua e poeira<\/span><\/div>\n<div class=\"div50\"><span class=\"xm-text split_text1994\" data-key=\"overview_25\" data-type=\"text\" data-id=\"9dpprkzdlv\">Use em qualquer lugar para vigil\u00e2ncia interna e externa<\/span><\/div>\n<div class=\"div50\">Chamadas de voz bidirecionais com som n\u00edtido<\/div>\n<\/div>\n<div class=\"div64\"><span class=\"xm-text split_text2001\" data-key=\"overview_30\" data-type=\"text\" data-id=\"9km5ez8tcd\">Tecnologia de reconhecimento humano<\/span><\/div>\n<div class=\"div65\"><span class=\"xm-text split_text2000\" data-key=\"overview_31\" data-type=\"text\" data-id=\"sfc1cxv0rs\">Receba notifica\u00e7\u00f5es do smartphone se for detectado comportamento anormal<\/span><\/div>\n<div>\n<div class=\"div70\"><span class=\"xm-text split_text2005\" data-key=\"overview_34\" data-type=\"text\" data-id=\"7w21qnsrzm\">Formato compacto, base remov\u00edvel<\/span><\/div>\n<div class=\"div71\"><span class=\"xm-text split_text2004\" data-key=\"overview_35\" data-type=\"text\" data-id=\"rr5ex2zavn\">F\u00e1cil de instalar, independente, montagem na parede ou no teto<\/span><\/div>\n<div>Fotografia time-lapse, sons personalizados, ainda mais divers\u00e3o<\/div>\n<div>O armazenamento local + na nuvem \u00e9 mais seguro<\/div>\n<div>Funciona com Alexa e Google Home<\/div>\n<\/div>","protected":false},"featured_media":26330,"template":"","meta":[],"product_brand":[1363],"product_cat":[1316,1305],"product_tag":[],"class_list":{"0":"post-26167","1":"product","2":"type-product","3":"status-publish","4":"has-post-thumbnail","6":"product_brand-xiaomi","7":"product_cat-mi-camera","8":"product_cat-xiaomi-eco","10":"first","11":"instock","12":"shipping-taxable","13":"product-type-simple"},"aioseo_notices":[],"aioseo_head":"\n\t\t<!-- All in One SEO Pro 4.5.9.2 - aioseo.com -->\n\t\t<meta name=\"description\" content=\"High-resolution 1080p colour night vision 940nm infra-red night vision See clearly in the pitch-black night without red dot disturbance Daytime magnification without blurring,night-time colour retention IP65 water and dust resistant design Use anywhere for indoor and outdoor surveillance Two-way voice calls with clear sound Human recognition technology Get smartphone notifications if abnormal behaviour detected Compact form, detachable base Easy to install, freestanding, wall mount or ceiling mount Time-lapse photography, personalised sounds, even more fun Local + cloud storage is more secure Works with Alexa and Google Home\" \/>\n\t\t<meta name=\"robots\" content=\"max-image-preview:large\" \/>\n\t\t<link rel=\"canonical\" href=\"https:\/\/www.rucashk.com\/pt\/produto\/xiaomi-smart-camera-aw200\/\" \/>\n\t\t<meta name=\"generator\" content=\"All in One SEO Pro (AIOSEO) 4.5.9.2\" \/>\n\t\t<meta property=\"og:locale\" content=\"pt_PT\" \/>\n\t\t<meta property=\"og:site_name\" content=\"Rucas - One-stop AIoT Distribution Worldwide\" \/>\n\t\t<meta property=\"og:type\" content=\"article\" \/>\n\t\t<meta property=\"og:title\" content=\"Xiaomi Smart Camera AW200 - Rucas - Wholesale and Distribution\" \/>\n\t\t<meta property=\"og:description\" content=\"High-resolution 1080p colour night vision 940nm infra-red night vision See clearly in the pitch-black night without red dot disturbance Daytime magnification without blurring,night-time colour retention IP65 water and dust resistant design Use anywhere for indoor and outdoor surveillance Two-way voice calls with clear sound Human recognition technology Get smartphone notifications if abnormal behaviour detected Compact form, detachable base Easy to install, freestanding, wall mount or ceiling mount Time-lapse photography, personalised sounds, even more fun Local + cloud storage is more secure Works with Alexa and Google Home\" \/>\n\t\t<meta property=\"og:url\" content=\"https:\/\/www.rucashk.com\/pt\/produto\/xiaomi-smart-camera-aw200\/\" \/>\n\t\t<meta property=\"og:image\" content=\"https:\/\/www.rucashk.com\/wp-content\/uploads\/replace\/503b8e645f128a97ccde2b6290747646.jpeg\" \/>\n\t\t<meta property=\"og:image:secure_url\" content=\"https:\/\/www.rucashk.com\/wp-content\/uploads\/replace\/503b8e645f128a97ccde2b6290747646.jpeg\" \/>\n\t\t<meta property=\"og:image:width\" content=\"1456\" \/>\n\t\t<meta property=\"og:image:height\" content=\"816\" \/>\n\t\t<meta property=\"article:published_time\" content=\"2024-01-09T16:24:58+00:00\" \/>\n\t\t<meta property=\"article:modified_time\" content=\"2025-06-22T06:39:08+00:00\" \/>\n\t\t<meta name=\"twitter:card\" content=\"summary_large_image\" \/>\n\t\t<meta name=\"twitter:title\" content=\"Xiaomi Smart Camera AW200 - Rucas - Wholesale and Distribution\" \/>\n\t\t<meta name=\"twitter:description\" content=\"High-resolution 1080p colour night vision 940nm infra-red night vision See clearly in the pitch-black night without red dot disturbance Daytime magnification without blurring,night-time colour retention IP65 water and dust resistant design Use anywhere for indoor and outdoor surveillance Two-way voice calls with clear sound Human recognition technology Get smartphone notifications if abnormal behaviour detected Compact form, detachable base Easy to install, freestanding, wall mount or ceiling mount Time-lapse photography, personalised sounds, even more fun Local + cloud storage is more secure Works with Alexa and Google Home\" \/>\n\t\t<meta name=\"twitter:image\" content=\"https:\/\/www.rucashk.com\/wp-content\/uploads\/replace\/503b8e645f128a97ccde2b6290747646.jpeg\" \/>\n\t\t<script type=\"application\/ld+json\" class=\"aioseo-schema\">\n\t\t\t{\"@context\":\"https:\\\/\\\/schema.org\",\"@graph\":[{\"@type\":\"BreadcrumbList\",\"@id\":\"https:\\\/\\\/www.rucashk.com\\\/pt\\\/produto\\\/xiaomi-smart-camera-aw200\\\/#breadcrumblist\",\"itemListElement\":[{\"@type\":\"ListItem\",\"@id\":\"https:\\\/\\\/www.rucashk.com\\\/pt\\\/#listItem\",\"position\":1,\"name\":\"Home\",\"item\":\"https:\\\/\\\/www.rucashk.com\\\/pt\\\/\",\"nextItem\":\"https:\\\/\\\/www.rucashk.com\\\/pt\\\/produto\\\/xiaomi-smart-camera-aw200\\\/#listItem\"},{\"@type\":\"ListItem\",\"@id\":\"https:\\\/\\\/www.rucashk.com\\\/pt\\\/produto\\\/xiaomi-smart-camera-aw200\\\/#listItem\",\"position\":2,\"name\":\"Xiaomi Smart Camera AW200\",\"previousItem\":\"https:\\\/\\\/www.rucashk.com\\\/pt\\\/#listItem\"}]},{\"@type\":\"Organization\",\"@id\":\"https:\\\/\\\/www.rucashk.com\\\/pt\\\/#organization\",\"name\":\"Rucas\",\"url\":\"https:\\\/\\\/www.rucashk.com\\\/pt\\\/\",\"logo\":{\"@type\":\"ImageObject\",\"url\":\"https:\\\/\\\/www.rucashk.com\\\/wp-content\\\/uploads\\\/2023\\\/12\\\/Rucas_campany_logo.png\",\"@id\":\"https:\\\/\\\/www.rucashk.com\\\/pt\\\/produto\\\/xiaomi-smart-camera-aw200\\\/#organizationLogo\",\"width\":221,\"height\":65},\"image\":{\"@id\":\"https:\\\/\\\/www.rucashk.com\\\/pt\\\/#organizationLogo\"}},{\"@type\":\"Person\",\"@id\":\"https:\\\/\\\/www.rucashk.com\\\/pt\\\/author\\\/admin\\\/#author\",\"url\":\"https:\\\/\\\/www.rucashk.com\\\/pt\\\/author\\\/admin\\\/\",\"name\":\"admin\",\"image\":{\"@type\":\"ImageObject\",\"@id\":\"https:\\\/\\\/www.rucashk.com\\\/pt\\\/produto\\\/xiaomi-smart-camera-aw200\\\/#authorImage\",\"url\":\"https:\\\/\\\/secure.gravatar.com\\\/avatar\\\/b7c8925b09a27e72b30232f8ecaadbd5af0f70a38c78096863fe51b64f031c24?s=96&d=mm&r=g\",\"width\":96,\"height\":96,\"caption\":\"admin\"}},{\"@type\":\"WebPage\",\"@id\":\"https:\\\/\\\/www.rucashk.com\\\/pt\\\/produto\\\/xiaomi-smart-camera-aw200\\\/#webpage\",\"url\":\"https:\\\/\\\/www.rucashk.com\\\/pt\\\/produto\\\/xiaomi-smart-camera-aw200\\\/\",\"name\":\"Xiaomi Smart Camera AW200 - Rucas - Wholesale and Distribution\",\"description\":\"High-resolution 1080p colour night vision 940nm infra-red night vision See clearly in the pitch-black night without red dot disturbance Daytime magnification without blurring,night-time colour retention IP65 water and dust resistant design Use anywhere for indoor and outdoor surveillance Two-way voice calls with clear sound Human recognition technology Get smartphone notifications if abnormal behaviour detected Compact form, detachable base Easy to install, freestanding, wall mount or ceiling mount Time-lapse photography, personalised sounds, even more fun Local + cloud storage is more secure Works with Alexa and Google Home\",\"inLanguage\":\"pt-PT\",\"isPartOf\":{\"@id\":\"https:\\\/\\\/www.rucashk.com\\\/pt\\\/#website\"},\"breadcrumb\":{\"@id\":\"https:\\\/\\\/www.rucashk.com\\\/pt\\\/produto\\\/xiaomi-smart-camera-aw200\\\/#breadcrumblist\"},\"author\":{\"@id\":\"https:\\\/\\\/www.rucashk.com\\\/pt\\\/author\\\/admin\\\/#author\"},\"creator\":{\"@id\":\"https:\\\/\\\/www.rucashk.com\\\/pt\\\/author\\\/admin\\\/#author\"},\"image\":{\"@type\":\"ImageObject\",\"url\":\"https:\\\/\\\/www.rucashk.com\\\/wp-content\\\/uploads\\\/2024\\\/01\\\/Global-Version-Xiaomi-Outdoor-Camera-AW200-Smart-Alexa-Google-Home-940nm-Night-Vision-IP65-Water-And.jpg_220x220.jpg_-4.webp\",\"@id\":\"https:\\\/\\\/www.rucashk.com\\\/pt\\\/produto\\\/xiaomi-smart-camera-aw200\\\/#mainImage\",\"width\":220,\"height\":220},\"primaryImageOfPage\":{\"@id\":\"https:\\\/\\\/www.rucashk.com\\\/pt\\\/produto\\\/xiaomi-smart-camera-aw200\\\/#mainImage\"},\"datePublished\":\"2024-01-09T16:24:58+00:00\",\"dateModified\":\"2025-06-22T06:39:08+00:00\"},{\"@type\":\"WebSite\",\"@id\":\"https:\\\/\\\/www.rucashk.com\\\/pt\\\/#website\",\"url\":\"https:\\\/\\\/www.rucashk.com\\\/pt\\\/\",\"name\":\"Rucas - Wholesale and distribution worldwide\",\"alternateName\":\"Rucas - One-stop AIoT Distribution Worldwide\",\"description\":\"One-stop AIoT Distribution Worldwide\",\"inLanguage\":\"pt-PT\",\"publisher\":{\"@id\":\"https:\\\/\\\/www.rucashk.com\\\/pt\\\/#organization\"}}]}\n\t\t<\/script>\n\t\t<!-- All in One SEO Pro -->\r\n\t\t<title>Xiaomi Smart Camera AW200 - Rucas - Wholesale and Distribution<\/title>\n\n","aioseo_head_json":{"title":"Xiaomi Smart Camera AW200 - Rucas - Wholesale and Distribution","description":"High-resolution 1080p colour night vision 940nm infra-red night vision See clearly in the pitch-black night without red dot disturbance Daytime magnification without blurring,night-time colour retention IP65 water and dust resistant design Use anywhere for indoor and outdoor surveillance Two-way voice calls with clear sound Human recognition technology Get smartphone notifications if abnormal behaviour detected Compact form, detachable base Easy to install, freestanding, wall mount or ceiling mount Time-lapse photography, personalised sounds, even more fun Local + cloud storage is more secure Works with Alexa and Google Home","canonical_url":"https:\/\/www.rucashk.com\/pt\/produto\/xiaomi-smart-camera-aw200\/","robots":"max-image-preview:large","keywords":"","webmasterTools":{"miscellaneous":""},"og:locale":"pt_PT","og:site_name":"Rucas - One-stop AIoT Distribution Worldwide","og:type":"article","og:title":"Xiaomi Smart Camera AW200 - Rucas - Wholesale and Distribution","og:description":"High-resolution 1080p colour night vision 940nm infra-red night vision See clearly in the pitch-black night without red dot disturbance Daytime magnification without blurring,night-time colour retention IP65 water and dust resistant design Use anywhere for indoor and outdoor surveillance Two-way voice calls with clear sound Human recognition technology Get smartphone notifications if abnormal behaviour detected Compact form, detachable base Easy to install, freestanding, wall mount or ceiling mount Time-lapse photography, personalised sounds, even more fun Local + cloud storage is more secure Works with Alexa and Google Home","og:url":"https:\/\/www.rucashk.com\/pt\/produto\/xiaomi-smart-camera-aw200\/","og:image":"https:\/\/www.rucashk.com\/wp-content\/uploads\/replace\/503b8e645f128a97ccde2b6290747646.jpeg","og:image:secure_url":"https:\/\/www.rucashk.com\/wp-content\/uploads\/replace\/503b8e645f128a97ccde2b6290747646.jpeg","og:image:width":1456,"og:image:height":816,"article:published_time":"2024-01-09T16:24:58+00:00","article:modified_time":"2025-06-22T06:39:08+00:00","twitter:card":"summary_large_image","twitter:title":"Xiaomi Smart Camera AW200 - Rucas - Wholesale and Distribution","twitter:description":"High-resolution 1080p colour night vision 940nm infra-red night vision See clearly in the pitch-black night without red dot disturbance Daytime magnification without blurring,night-time colour retention IP65 water and dust resistant design Use anywhere for indoor and outdoor surveillance Two-way voice calls with clear sound Human recognition technology Get smartphone notifications if abnormal behaviour detected Compact form, detachable base Easy to install, freestanding, wall mount or ceiling mount Time-lapse photography, personalised sounds, even more fun Local + cloud storage is more secure Works with Alexa and Google Home","twitter:image":"https:\/\/www.rucashk.com\/wp-content\/uploads\/replace\/503b8e645f128a97ccde2b6290747646.jpeg","schema":{"@context":"https:\/\/schema.org","@graph":[{"@type":"BreadcrumbList","@id":"https:\/\/www.rucashk.com\/pt\/produto\/xiaomi-smart-camera-aw200\/#breadcrumblist","itemListElement":[{"@type":"ListItem","@id":"https:\/\/www.rucashk.com\/pt\/#listItem","position":1,"name":"Home","item":"https:\/\/www.rucashk.com\/pt\/","nextItem":"https:\/\/www.rucashk.com\/pt\/produto\/xiaomi-smart-camera-aw200\/#listItem"},{"@type":"ListItem","@id":"https:\/\/www.rucashk.com\/pt\/produto\/xiaomi-smart-camera-aw200\/#listItem","position":2,"name":"Xiaomi Smart Camera AW200","previousItem":"https:\/\/www.rucashk.com\/pt\/#listItem"}]},{"@type":"Organization","@id":"https:\/\/www.rucashk.com\/pt\/#organization","name":"Rucas","url":"https:\/\/www.rucashk.com\/pt\/","logo":{"@type":"ImageObject","url":"https:\/\/www.rucashk.com\/wp-content\/uploads\/2023\/12\/Rucas_campany_logo.png","@id":"https:\/\/www.rucashk.com\/pt\/produto\/xiaomi-smart-camera-aw200\/#organizationLogo","width":221,"height":65},"image":{"@id":"https:\/\/www.rucashk.com\/pt\/#organizationLogo"}},{"@type":"Person","@id":"https:\/\/www.rucashk.com\/pt\/author\/admin\/#author","url":"https:\/\/www.rucashk.com\/pt\/author\/admin\/","name":"admin","image":{"@type":"ImageObject","@id":"https:\/\/www.rucashk.com\/pt\/produto\/xiaomi-smart-camera-aw200\/#authorImage","url":"https:\/\/secure.gravatar.com\/avatar\/b7c8925b09a27e72b30232f8ecaadbd5af0f70a38c78096863fe51b64f031c24?s=96&d=mm&r=g","width":96,"height":96,"caption":"admin"}},{"@type":"WebPage","@id":"https:\/\/www.rucashk.com\/pt\/produto\/xiaomi-smart-camera-aw200\/#webpage","url":"https:\/\/www.rucashk.com\/pt\/produto\/xiaomi-smart-camera-aw200\/","name":"Xiaomi Smart Camera AW200 - Rucas - Wholesale and Distribution","description":"High-resolution 1080p colour night vision 940nm infra-red night vision See clearly in the pitch-black night without red dot disturbance Daytime magnification without blurring,night-time colour retention IP65 water and dust resistant design Use anywhere for indoor and outdoor surveillance Two-way voice calls with clear sound Human recognition technology Get smartphone notifications if abnormal behaviour detected Compact form, detachable base Easy to install, freestanding, wall mount or ceiling mount Time-lapse photography, personalised sounds, even more fun Local + cloud storage is more secure Works with Alexa and Google Home","inLanguage":"pt-PT","isPartOf":{"@id":"https:\/\/www.rucashk.com\/pt\/#website"},"breadcrumb":{"@id":"https:\/\/www.rucashk.com\/pt\/produto\/xiaomi-smart-camera-aw200\/#breadcrumblist"},"author":{"@id":"https:\/\/www.rucashk.com\/pt\/author\/admin\/#author"},"creator":{"@id":"https:\/\/www.rucashk.com\/pt\/author\/admin\/#author"},"image":{"@type":"ImageObject","url":"https:\/\/www.rucashk.com\/wp-content\/uploads\/2024\/01\/Global-Version-Xiaomi-Outdoor-Camera-AW200-Smart-Alexa-Google-Home-940nm-Night-Vision-IP65-Water-And.jpg_220x220.jpg_-4.webp","@id":"https:\/\/www.rucashk.com\/pt\/produto\/xiaomi-smart-camera-aw200\/#mainImage","width":220,"height":220},"primaryImageOfPage":{"@id":"https:\/\/www.rucashk.com\/pt\/produto\/xiaomi-smart-camera-aw200\/#mainImage"},"datePublished":"2024-01-09T16:24:58+00:00","dateModified":"2025-06-22T06:39:08+00:00"},{"@type":"WebSite","@id":"https:\/\/www.rucashk.com\/pt\/#website","url":"https:\/\/www.rucashk.com\/pt\/","name":"Rucas - Wholesale and distribution worldwide","alternateName":"Rucas - One-stop AIoT Distribution Worldwide","description":"One-stop AIoT Distribution Worldwide","inLanguage":"pt-PT","publisher":{"@id":"https:\/\/www.rucashk.com\/pt\/#organization"}}]}},"aioseo_meta_data":{"post_id":"26167","title":null,"description":null,"keywords":null,"keyphrases":null,"primary_term":null,"canonical_url":null,"og_title":null,"og_description":null,"og_object_type":"default","og_image_type":"default","og_image_url":null,"og_image_width":null,"og_image_height":null,"og_image_custom_url":null,"og_image_custom_fields":null,"og_video":null,"og_custom_url":null,"og_article_section":null,"og_article_tags":null,"twitter_use_og":false,"twitter_card":"default","twitter_image_type":"default","twitter_image_url":null,"twitter_image_custom_url":null,"twitter_image_custom_fields":null,"twitter_title":null,"twitter_description":null,"schema":{"blockGraphs":[],"customGraphs":[],"default":{"data":{"Article":[],"Course":[],"Dataset":[],"FAQPage":[],"Movie":[],"Person":[],"Product":[],"Recipe":[],"Service":[],"SoftwareApplication":[],"WebPage":[]},"graphName":"","isEnabled":true},"graphs":[]},"schema_type":"default","schema_type_options":null,"pillar_content":false,"robots_default":true,"robots_noindex":false,"robots_noarchive":false,"robots_nosnippet":false,"robots_nofollow":false,"robots_noimageindex":false,"robots_noodp":false,"robots_notranslate":false,"robots_max_snippet":null,"robots_max_videopreview":null,"robots_max_imagepreview":"large","priority":null,"frequency":null,"local_seo":null,"breadcrumb_settings":null,"limit_modified_date":false,"created":"2024-04-11 01:57:20","updated":"2025-06-22 18:14:56"},"aioseo_breadcrumb":"<div class=\"aioseo-breadcrumbs\"><span class=\"aioseo-breadcrumb\">\n\t<a href=\"https:\/\/www.rucashk.com\/pt\" title=\"Home\">Home<\/a>\n<\/span><span class=\"aioseo-breadcrumb-separator\">&raquo;<\/span><span class=\"aioseo-breadcrumb\">\n\t<a href=\"https:\/\/www.rucashk.com\/pt\/products\/\" title=\"Produtos\">Produtos<\/a>\n<\/span><span class=\"aioseo-breadcrumb-separator\">&raquo;<\/span><span class=\"aioseo-breadcrumb\">\n\t<a href=\"https:\/\/www.rucashk.com\/pt\/marca\/xiaomi\/\" title=\"Xiaomi\">Xiaomi<\/a>\n<\/span><span class=\"aioseo-breadcrumb-separator\">&raquo;<\/span><span class=\"aioseo-breadcrumb\">\n\tXiaomi Smart Camera AW200\n<\/span><\/div>","aioseo_breadcrumb_json":[{"label":"Home","link":"https:\/\/www.rucashk.com\/pt"},{"label":"Produtos","link":"https:\/\/www.rucashk.com\/pt\/products\/"},{"label":"Xiaomi","link":"https:\/\/www.rucashk.com\/pt\/marca\/xiaomi\/"},{"label":"Xiaomi Smart Camera AW200","link":"https:\/\/www.rucashk.com\/pt\/produto\/xiaomi-smart-camera-aw200\/"}],"_links":{"self":[{"href":"https:\/\/www.rucashk.com\/pt\/wp-json\/wp\/v2\/product\/26167","targetHints":{"allow":["GET"]}}],"collection":[{"href":"https:\/\/www.rucashk.com\/pt\/wp-json\/wp\/v2\/product"}],"about":[{"href":"https:\/\/www.rucashk.com\/pt\/wp-json\/wp\/v2\/types\/product"}],"wp:featuredmedia":[{"embeddable":true,"href":"https:\/\/www.rucashk.com\/pt\/wp-json\/wp\/v2\/media\/26330"}],"wp:attachment":[{"href":"https:\/\/www.rucashk.com\/pt\/wp-json\/wp\/v2\/media?parent=26167"}],"wp:term":[{"taxonomy":"product_brand","embeddable":true,"href":"https:\/\/www.rucashk.com\/pt\/wp-json\/wp\/v2\/product_brand?post=26167"},{"taxonomy":"product_cat","embeddable":true,"href":"https:\/\/www.rucashk.com\/pt\/wp-json\/wp\/v2\/product_cat?post=26167"},{"taxonomy":"product_tag","embeddable":true,"href":"https:\/\/www.rucashk.com\/pt\/wp-json\/wp\/v2\/product_tag?post=26167"}],"curies":[{"name":"wp","href":"https:\/\/api.w.org\/{rel}","templated":true}]}}