{"id":26122,"date":"2024-01-09T16:24:32","date_gmt":"2024-01-09T16:24:32","guid":{"rendered":"http:\/\/rucashk.com\/?post_type=product&#038;p=26122"},"modified":"2025-06-22T06:39:38","modified_gmt":"2025-06-22T06:39:38","slug":"xiaomi-watch-s1-pro","status":"publish","type":"product","link":"https:\/\/www.rucashk.com\/pt\/produto\/xiaomi-watch-s1-pro\/","title":{"rendered":"Rel\u00f3gio Xiaomi S1 Pro"},"content":{"rendered":"<p><strong>Design cl\u00e1ssico e elegante com coroa girat\u00f3ria<\/strong><br \/>\n<strong>Tela AMOLED de 1,47\u2033, engastes ultrafinos<\/strong><br \/>\n<strong>Novo sistema operacional MIUI Watch<\/strong><br \/>\n<strong>Acompanhamento avan\u00e7ado de sa\u00fade e treino<\/strong><br \/>\n<strong>GPS integrado, mais de 100 modos de condicionamento f\u00edsico<\/strong><br \/>\n<strong>At\u00e9 14 dias de dura\u00e7\u00e3o da bateria<\/strong><\/p>\n<p><img fetchpriority=\"high\" decoding=\"async\" class=\"alignnone size-full wp-image-30829\" src=\"https:\/\/www.rucashk.com\/wp-content\/uploads\/2023\/04\/Xiaomi-watch-S1-Pro-1.jpg\" alt=\"\" width=\"1894\" height=\"928\" \/><\/p>\n<div style=\"width: 640px;\" class=\"wp-video\"><video class=\"wp-video-shortcode\" id=\"video-26122-1\" width=\"640\" height=\"360\" preload=\"metadata\" controls=\"controls\"><source type=\"video\/mp4\" src=\"https:\/\/www.rucashk.com\/wp-content\/uploads\/2023\/04\/Xiaomi-watch-S1-Pro-video-Compressed.mp4?_=1\" \/><a href=\"https:\/\/www.rucashk.com\/wp-content\/uploads\/2023\/04\/Xiaomi-watch-S1-Pro-video-Compressed.mp4\">https:\/\/www.rucashk.com\/wp-content\/uploads\/2023\/04\/Xiaomi-watch-S1-Pro-video-Compressed.mp4<\/a><\/video><\/div>\n<p>Tamanho do rel\u00f3gio com 46 mm de di\u00e2metro<br \/>\nTela grande de 1,47\u2033 com moldura ultrafina<br \/>\nParece e parece certo<\/p>\n<p>&nbsp;<\/p>\n<p>Com vidro de safira<br \/>\nVisivelmente refinado e atraente<\/p>\n<p>O corpo do rel\u00f3gio em a\u00e7o inoxid\u00e1vel<br \/>\nElegante e simplificado<\/p>\n<p>&nbsp;<\/p>\n<p>Vidro safira, revestimento tipo cer\u00e2mica<br \/>\nParece requintado de todos os \u00e2ngulos<\/p>\n<p>Design sem parafusos e monobloco<br \/>\nSimples e Completo<\/p>\n<p>&nbsp;<\/p>\n<p>A coroa inteligente cravejada premium<br \/>\nRota\u00e7\u00e3o suave e proposital<\/p>\n<p>Navegue pelo menu girando suavemente a coroa.<\/p>\n<p>Voc\u00ea pode ajustar o volume girando a coroa para cima ou para baixo.<\/p>\n<p>&nbsp;<\/p>\n<p>Pulseira de couro polida \u00e0 m\u00e3o<br \/>\nConfort\u00e1vel de usar, ajuste macio e confort\u00e1vel<\/p>\n<p>&nbsp;<\/p>\n<p>Para os amantes do esporte, temos mais uma op\u00e7\u00e3o<\/p>\n<p>Mostradores de rel\u00f3gio elegantes<br \/>\nAssuma um estilo totalmente novo a qualquer momento<\/p>\n<p>Chamadas mais claras atrav\u00e9s do seu rel\u00f3gio<\/p>\n<p>Seu consultor pessoal de sa\u00fade e especialista em esportes<\/p>\n<p><img decoding=\"async\" class=\"alignnone size-full wp-image-30831\" src=\"https:\/\/www.rucashk.com\/wp-content\/uploads\/2023\/04\/Xiaomi-watch-S1-Pro-3.jpg\" alt=\"\" width=\"1882\" height=\"1553\" \/> <img decoding=\"async\" class=\"alignnone size-full wp-image-30832\" src=\"https:\/\/www.rucashk.com\/wp-content\/uploads\/2023\/04\/Xiaomi-watch-S1-Pro-4.jpg\" alt=\"\" width=\"1886\" height=\"2044\" \/><img loading=\"lazy\" decoding=\"async\" class=\"alignnone size-full wp-image-30833\" src=\"https:\/\/www.rucashk.com\/wp-content\/uploads\/2023\/04\/Xiaomi-watch-S1-Pro-5.jpg\" alt=\"\" width=\"1882\" height=\"1865\" \/><img loading=\"lazy\" decoding=\"async\" class=\"alignnone size-full wp-image-30834\" src=\"https:\/\/www.rucashk.com\/wp-content\/uploads\/2023\/04\/Xiaomi-watch-S1-Pro-6-scaled.jpg\" alt=\"\" width=\"1680\" height=\"2560\" \/><img loading=\"lazy\" decoding=\"async\" class=\"alignnone size-full wp-image-30835\" src=\"https:\/\/www.rucashk.com\/wp-content\/uploads\/2023\/04\/Xiaomi-watch-S1-Pro-7-scaled.jpg\" alt=\"\" width=\"1756\" height=\"2560\" \/><img loading=\"lazy\" decoding=\"async\" class=\"alignnone size-full wp-image-30836\" src=\"https:\/\/www.rucashk.com\/wp-content\/uploads\/2023\/04\/Xiaomi-watch-S1-Pro-8.jpg\" alt=\"\" width=\"1878\" height=\"1979\" \/><img loading=\"lazy\" decoding=\"async\" class=\"alignnone size-full wp-image-30838\" src=\"https:\/\/www.rucashk.com\/wp-content\/uploads\/2023\/04\/Xiaomi-watch-S1-Pro-10-scaled.jpg\" alt=\"\" width=\"1684\" height=\"2560\" \/><img loading=\"lazy\" decoding=\"async\" class=\"alignnone size-full wp-image-30839\" src=\"https:\/\/www.rucashk.com\/wp-content\/uploads\/2023\/04\/Xiaomi-watch-S1-Pro-11-scaled.jpg\" alt=\"\" width=\"1618\" height=\"2560\" \/><img loading=\"lazy\" decoding=\"async\" class=\"alignnone size-full wp-image-30840\" src=\"https:\/\/www.rucashk.com\/wp-content\/uploads\/2023\/04\/Xiaomi-watch-S1-Pro-12-scaled.jpg\" alt=\"\" width=\"1600\" height=\"2560\" \/><img loading=\"lazy\" decoding=\"async\" class=\"alignnone size-full wp-image-30841\" src=\"https:\/\/www.rucashk.com\/wp-content\/uploads\/2023\/04\/Xiaomi-watch-S1-Pro-13.jpg\" alt=\"\" width=\"1876\" height=\"1901\" \/><img loading=\"lazy\" decoding=\"async\" class=\"alignnone size-full wp-image-30842\" src=\"https:\/\/www.rucashk.com\/wp-content\/uploads\/2023\/04\/Xiaomi-watch-S1-Pro-14-scaled.jpg\" alt=\"\" width=\"1658\" height=\"2560\" \/><img loading=\"lazy\" decoding=\"async\" class=\"alignnone size-full wp-image-30843\" src=\"https:\/\/www.rucashk.com\/wp-content\/uploads\/2023\/04\/Xiaomi-watch-S1-Pro-15-scaled.jpg\" alt=\"\" width=\"1700\" height=\"2560\" \/><img loading=\"lazy\" decoding=\"async\" class=\"alignnone size-full wp-image-30844\" src=\"https:\/\/www.rucashk.com\/wp-content\/uploads\/2023\/04\/Xiaomi-watch-S1-Pro-16.jpg\" alt=\"\" width=\"1868\" height=\"2445\" \/><\/p>\n<p>Cores<br \/>\nCaixa em a\u00e7o inoxid\u00e1vel preto; pulseira de borracha fluorada preta<br \/>\nCaixa em a\u00e7o inoxid\u00e1vel prateado; pulseira de couro marrom<\/p>\n<p>&nbsp;<\/p>\n<p>Dimens\u00f5es<br \/>\n46 mm x 46 mm x 11,28 mm<br \/>\n*As dimens\u00f5es de altura, largura e espessura excluem a cinta e as sali\u00eancias<br \/>\n48,5g (apenas corpo do rel\u00f3gio)<\/p>\n<p>&nbsp;<\/p>\n<p>Al\u00e7a<br \/>\nTamanho ajust\u00e1vel da pulseira TPU: 140-210 mm<br \/>\nTamanho ajust\u00e1vel da pulseira de couro: 135-205mm<\/p>\n<p>&nbsp;<\/p>\n<p>Sensores<br \/>\nSensor de frequ\u00eancia card\u00edaca (com sensor de oxig\u00eanio no sangue), aceler\u00f4metro, girosc\u00f3pio, sensor geomagn\u00e9tico, sensor atmosf\u00e9rico, sensor de luz ambiente, sensor de tampa, sensor de temperatura<\/p>\n<p>&nbsp;<\/p>\n<p>Sistemas de posicionamento por sat\u00e9lite<br \/>\nBeidou\/GPS\/GLONASS\/Galileo\/QZSS<\/p>\n<p>&nbsp;<\/p>\n<p>Material<br \/>\nSafira (cobertura de vidro + janela de frequ\u00eancia card\u00edaca), corpo em a\u00e7o inoxid\u00e1vel<\/p>\n<p>&nbsp;<\/p>\n<p>Bateria<br \/>\nTipo de carregamento: carregamento sem fio<br \/>\nTempo de carregamento: \u226485 minutos<br \/>\nTempo de uso t\u00edpico: 14 dias<br \/>\nCapacidade: 500mAh<\/p>\n<p>&nbsp;<\/p>\n<p>Mostrar<br \/>\nTela sens\u00edvel ao toque AMOLED de 1,47 polegadas<br \/>\nResolu\u00e7\u00e3o: 480 x 480 pixels<br \/>\nBrilho: at\u00e9 500 nits, ajust\u00e1vel<br \/>\nVidro de safira com revestimento anti-impress\u00e3o digital<\/p>\n<p>&nbsp;<\/p>\n<p>Especifica\u00e7\u00f5es<br \/>\nmicrofone<br \/>\nsuportado<br \/>\npalestrante<br \/>\nsuportado<br \/>\nResistente \u00e0 \u00e1gua 5ATM<br \/>\nBluetooth 5.2 + BLE<br \/>\nSistema operacional: Android 6.0 ou superior, iOS 11 ou superior<\/p>\n<p>&nbsp;<\/p>\n<p>Conte\u00fado do pacote<br \/>\nRel\u00f3gio\/base de carregamento sem fio (incluindo cabo de carregamento)\/Manual do usu\u00e1rio (incluindo aviso de garantia)<\/p>","protected":false},"excerpt":{"rendered":"<p><strong>Design cl\u00e1ssico e elegante com coroa girat\u00f3ria<\/strong><br \/>\n<strong>Tela AMOLED de 1,47\u2033, engastes ultrafinos<\/strong><br \/>\n<strong>Novo sistema operacional MIUI Watch<\/strong><br \/>\n<strong>Acompanhamento avan\u00e7ado de sa\u00fade e treino<\/strong><br \/>\n<strong>GPS integrado, mais de 100 modos de condicionamento f\u00edsico<\/strong><br \/>\n<strong>At\u00e9 14 dias de dura\u00e7\u00e3o da bateria<\/strong><\/p>","protected":false},"featured_media":26206,"template":"","meta":[],"product_brand":[1363],"product_cat":[1307,1305],"product_tag":[1240,1241,1242,427,1243,1178,420],"class_list":{"0":"post-26122","1":"product","2":"type-product","3":"status-publish","4":"has-post-thumbnail","6":"product_brand-xiaomi","7":"product_cat-mi-band-smartwatch","8":"product_cat-xiaomi-eco","9":"product_tag-bluetooth-watch","10":"product_tag-calling-watch","11":"product_tag-s1-pro","12":"product_tag-smart-watch","13":"product_tag-spo2","14":"product_tag-watch","15":"product_tag-xiaomi","17":"first","18":"instock","19":"shipping-taxable","20":"product-type-simple"},"aioseo_notices":[],"aioseo_head":"\n\t\t<!-- All in One SEO Pro 4.5.9.2 - aioseo.com -->\n\t\t<meta name=\"description\" content=\"Classic, sleek design with rotatable crown 1.47&quot; AMOLED display, ultra-thin bezels All-new MIUI Watch OS Advanced health and workout tracking Built-in GPS, 100+ fitness modes Up to 14 days of battery life\" \/>\n\t\t<meta name=\"robots\" content=\"max-image-preview:large\" \/>\n\t\t<link rel=\"canonical\" href=\"https:\/\/www.rucashk.com\/pt\/produto\/xiaomi-watch-s1-pro\/\" \/>\n\t\t<meta name=\"generator\" content=\"All in One SEO Pro (AIOSEO) 4.5.9.2\" \/>\n\t\t<meta property=\"og:locale\" content=\"pt_PT\" \/>\n\t\t<meta property=\"og:site_name\" content=\"Rucas - One-stop AIoT Distribution Worldwide\" \/>\n\t\t<meta property=\"og:type\" content=\"article\" \/>\n\t\t<meta property=\"og:title\" content=\"Xiaomi Watch S1 Pro - Rucas - Wholesale and Distribution\" \/>\n\t\t<meta property=\"og:description\" content=\"Classic, sleek design with rotatable crown 1.47&quot; AMOLED display, ultra-thin bezels All-new MIUI Watch OS Advanced health and workout tracking Built-in GPS, 100+ fitness modes Up to 14 days of battery life\" \/>\n\t\t<meta property=\"og:url\" content=\"https:\/\/www.rucashk.com\/pt\/produto\/xiaomi-watch-s1-pro\/\" \/>\n\t\t<meta property=\"og:image\" content=\"https:\/\/www.rucashk.com\/wp-content\/uploads\/replace\/503b8e645f128a97ccde2b6290747646.jpeg\" \/>\n\t\t<meta property=\"og:image:secure_url\" content=\"https:\/\/www.rucashk.com\/wp-content\/uploads\/replace\/503b8e645f128a97ccde2b6290747646.jpeg\" \/>\n\t\t<meta property=\"og:image:width\" content=\"1456\" \/>\n\t\t<meta property=\"og:image:height\" content=\"816\" \/>\n\t\t<meta property=\"article:published_time\" content=\"2024-01-09T16:24:32+00:00\" \/>\n\t\t<meta property=\"article:modified_time\" content=\"2025-06-22T06:39:38+00:00\" \/>\n\t\t<meta name=\"twitter:card\" content=\"summary_large_image\" \/>\n\t\t<meta name=\"twitter:title\" content=\"Xiaomi Watch S1 Pro - Rucas - Wholesale and Distribution\" \/>\n\t\t<meta name=\"twitter:description\" content=\"Classic, sleek design with rotatable crown 1.47&quot; AMOLED display, ultra-thin bezels All-new MIUI Watch OS Advanced health and workout tracking Built-in GPS, 100+ fitness modes Up to 14 days of battery life\" \/>\n\t\t<meta name=\"twitter:image\" content=\"https:\/\/www.rucashk.com\/wp-content\/uploads\/replace\/503b8e645f128a97ccde2b6290747646.jpeg\" \/>\n\t\t<script type=\"application\/ld+json\" class=\"aioseo-schema\">\n\t\t\t{\"@context\":\"https:\\\/\\\/schema.org\",\"@graph\":[{\"@type\":\"BreadcrumbList\",\"@id\":\"https:\\\/\\\/www.rucashk.com\\\/pt\\\/produto\\\/xiaomi-watch-s1-pro\\\/#breadcrumblist\",\"itemListElement\":[{\"@type\":\"ListItem\",\"@id\":\"https:\\\/\\\/www.rucashk.com\\\/pt\\\/#listItem\",\"position\":1,\"name\":\"Home\",\"item\":\"https:\\\/\\\/www.rucashk.com\\\/pt\\\/\",\"nextItem\":\"https:\\\/\\\/www.rucashk.com\\\/pt\\\/produto\\\/xiaomi-watch-s1-pro\\\/#listItem\"},{\"@type\":\"ListItem\",\"@id\":\"https:\\\/\\\/www.rucashk.com\\\/pt\\\/produto\\\/xiaomi-watch-s1-pro\\\/#listItem\",\"position\":2,\"name\":\"Xiaomi Watch S1 Pro\",\"previousItem\":\"https:\\\/\\\/www.rucashk.com\\\/pt\\\/#listItem\"}]},{\"@type\":\"Organization\",\"@id\":\"https:\\\/\\\/www.rucashk.com\\\/pt\\\/#organization\",\"name\":\"Rucas\",\"url\":\"https:\\\/\\\/www.rucashk.com\\\/pt\\\/\",\"logo\":{\"@type\":\"ImageObject\",\"url\":\"https:\\\/\\\/www.rucashk.com\\\/wp-content\\\/uploads\\\/2023\\\/12\\\/Rucas_campany_logo.png\",\"@id\":\"https:\\\/\\\/www.rucashk.com\\\/pt\\\/produto\\\/xiaomi-watch-s1-pro\\\/#organizationLogo\",\"width\":221,\"height\":65},\"image\":{\"@id\":\"https:\\\/\\\/www.rucashk.com\\\/pt\\\/#organizationLogo\"}},{\"@type\":\"Person\",\"@id\":\"https:\\\/\\\/www.rucashk.com\\\/pt\\\/author\\\/admin\\\/#author\",\"url\":\"https:\\\/\\\/www.rucashk.com\\\/pt\\\/author\\\/admin\\\/\",\"name\":\"admin\",\"image\":{\"@type\":\"ImageObject\",\"@id\":\"https:\\\/\\\/www.rucashk.com\\\/pt\\\/produto\\\/xiaomi-watch-s1-pro\\\/#authorImage\",\"url\":\"https:\\\/\\\/secure.gravatar.com\\\/avatar\\\/b7c8925b09a27e72b30232f8ecaadbd5af0f70a38c78096863fe51b64f031c24?s=96&d=mm&r=g\",\"width\":96,\"height\":96,\"caption\":\"admin\"}},{\"@type\":\"WebPage\",\"@id\":\"https:\\\/\\\/www.rucashk.com\\\/pt\\\/produto\\\/xiaomi-watch-s1-pro\\\/#webpage\",\"url\":\"https:\\\/\\\/www.rucashk.com\\\/pt\\\/produto\\\/xiaomi-watch-s1-pro\\\/\",\"name\":\"Xiaomi Watch S1 Pro - Rucas - Wholesale and Distribution\",\"description\":\"Classic, sleek design with rotatable crown 1.47\\\" AMOLED display, ultra-thin bezels All-new MIUI Watch OS Advanced health and workout tracking Built-in GPS, 100+ fitness modes Up to 14 days of battery life\",\"inLanguage\":\"pt-PT\",\"isPartOf\":{\"@id\":\"https:\\\/\\\/www.rucashk.com\\\/pt\\\/#website\"},\"breadcrumb\":{\"@id\":\"https:\\\/\\\/www.rucashk.com\\\/pt\\\/produto\\\/xiaomi-watch-s1-pro\\\/#breadcrumblist\"},\"author\":{\"@id\":\"https:\\\/\\\/www.rucashk.com\\\/pt\\\/author\\\/admin\\\/#author\"},\"creator\":{\"@id\":\"https:\\\/\\\/www.rucashk.com\\\/pt\\\/author\\\/admin\\\/#author\"},\"image\":{\"@type\":\"ImageObject\",\"url\":\"https:\\\/\\\/www.rucashk.com\\\/wp-content\\\/uploads\\\/2024\\\/01\\\/Xiaomi-watch-S1-Pro-1-1.jpg\",\"@id\":\"https:\\\/\\\/www.rucashk.com\\\/pt\\\/produto\\\/xiaomi-watch-s1-pro\\\/#mainImage\",\"width\":913,\"height\":812},\"primaryImageOfPage\":{\"@id\":\"https:\\\/\\\/www.rucashk.com\\\/pt\\\/produto\\\/xiaomi-watch-s1-pro\\\/#mainImage\"},\"datePublished\":\"2024-01-09T16:24:32+00:00\",\"dateModified\":\"2025-06-22T06:39:38+00:00\"},{\"@type\":\"WebSite\",\"@id\":\"https:\\\/\\\/www.rucashk.com\\\/pt\\\/#website\",\"url\":\"https:\\\/\\\/www.rucashk.com\\\/pt\\\/\",\"name\":\"Rucas - Wholesale and distribution worldwide\",\"alternateName\":\"Rucas - One-stop AIoT Distribution Worldwide\",\"description\":\"One-stop AIoT Distribution Worldwide\",\"inLanguage\":\"pt-PT\",\"publisher\":{\"@id\":\"https:\\\/\\\/www.rucashk.com\\\/pt\\\/#organization\"}}]}\n\t\t<\/script>\n\t\t<!-- All in One SEO Pro -->\r\n\t\t<title>Xiaomi Watch S1 Pro - Rucas - Wholesale and Distribution<\/title>\n\n","aioseo_head_json":{"title":"Xiaomi Watch S1 Pro - Rucas - Wholesale and Distribution","description":"Classic, sleek design with rotatable crown 1.47\" AMOLED display, ultra-thin bezels All-new MIUI Watch OS Advanced health and workout tracking Built-in GPS, 100+ fitness modes Up to 14 days of battery life","canonical_url":"https:\/\/www.rucashk.com\/pt\/produto\/xiaomi-watch-s1-pro\/","robots":"max-image-preview:large","keywords":"","webmasterTools":{"miscellaneous":""},"og:locale":"pt_PT","og:site_name":"Rucas - One-stop AIoT Distribution Worldwide","og:type":"article","og:title":"Xiaomi Watch S1 Pro - Rucas - Wholesale and Distribution","og:description":"Classic, sleek design with rotatable crown 1.47&quot; AMOLED display, ultra-thin bezels All-new MIUI Watch OS Advanced health and workout tracking Built-in GPS, 100+ fitness modes Up to 14 days of battery life","og:url":"https:\/\/www.rucashk.com\/pt\/produto\/xiaomi-watch-s1-pro\/","og:image":"https:\/\/www.rucashk.com\/wp-content\/uploads\/replace\/503b8e645f128a97ccde2b6290747646.jpeg","og:image:secure_url":"https:\/\/www.rucashk.com\/wp-content\/uploads\/replace\/503b8e645f128a97ccde2b6290747646.jpeg","og:image:width":1456,"og:image:height":816,"article:published_time":"2024-01-09T16:24:32+00:00","article:modified_time":"2025-06-22T06:39:38+00:00","twitter:card":"summary_large_image","twitter:title":"Xiaomi Watch S1 Pro - Rucas - Wholesale and Distribution","twitter:description":"Classic, sleek design with rotatable crown 1.47&quot; AMOLED display, ultra-thin bezels All-new MIUI Watch OS Advanced health and workout tracking Built-in GPS, 100+ fitness modes Up to 14 days of battery life","twitter:image":"https:\/\/www.rucashk.com\/wp-content\/uploads\/replace\/503b8e645f128a97ccde2b6290747646.jpeg","schema":{"@context":"https:\/\/schema.org","@graph":[{"@type":"BreadcrumbList","@id":"https:\/\/www.rucashk.com\/pt\/produto\/xiaomi-watch-s1-pro\/#breadcrumblist","itemListElement":[{"@type":"ListItem","@id":"https:\/\/www.rucashk.com\/pt\/#listItem","position":1,"name":"Home","item":"https:\/\/www.rucashk.com\/pt\/","nextItem":"https:\/\/www.rucashk.com\/pt\/produto\/xiaomi-watch-s1-pro\/#listItem"},{"@type":"ListItem","@id":"https:\/\/www.rucashk.com\/pt\/produto\/xiaomi-watch-s1-pro\/#listItem","position":2,"name":"Xiaomi Watch S1 Pro","previousItem":"https:\/\/www.rucashk.com\/pt\/#listItem"}]},{"@type":"Organization","@id":"https:\/\/www.rucashk.com\/pt\/#organization","name":"Rucas","url":"https:\/\/www.rucashk.com\/pt\/","logo":{"@type":"ImageObject","url":"https:\/\/www.rucashk.com\/wp-content\/uploads\/2023\/12\/Rucas_campany_logo.png","@id":"https:\/\/www.rucashk.com\/pt\/produto\/xiaomi-watch-s1-pro\/#organizationLogo","width":221,"height":65},"image":{"@id":"https:\/\/www.rucashk.com\/pt\/#organizationLogo"}},{"@type":"Person","@id":"https:\/\/www.rucashk.com\/pt\/author\/admin\/#author","url":"https:\/\/www.rucashk.com\/pt\/author\/admin\/","name":"admin","image":{"@type":"ImageObject","@id":"https:\/\/www.rucashk.com\/pt\/produto\/xiaomi-watch-s1-pro\/#authorImage","url":"https:\/\/secure.gravatar.com\/avatar\/b7c8925b09a27e72b30232f8ecaadbd5af0f70a38c78096863fe51b64f031c24?s=96&d=mm&r=g","width":96,"height":96,"caption":"admin"}},{"@type":"WebPage","@id":"https:\/\/www.rucashk.com\/pt\/produto\/xiaomi-watch-s1-pro\/#webpage","url":"https:\/\/www.rucashk.com\/pt\/produto\/xiaomi-watch-s1-pro\/","name":"Xiaomi Watch S1 Pro - Rucas - Wholesale and Distribution","description":"Classic, sleek design with rotatable crown 1.47\" AMOLED display, ultra-thin bezels All-new MIUI Watch OS Advanced health and workout tracking Built-in GPS, 100+ fitness modes Up to 14 days of battery life","inLanguage":"pt-PT","isPartOf":{"@id":"https:\/\/www.rucashk.com\/pt\/#website"},"breadcrumb":{"@id":"https:\/\/www.rucashk.com\/pt\/produto\/xiaomi-watch-s1-pro\/#breadcrumblist"},"author":{"@id":"https:\/\/www.rucashk.com\/pt\/author\/admin\/#author"},"creator":{"@id":"https:\/\/www.rucashk.com\/pt\/author\/admin\/#author"},"image":{"@type":"ImageObject","url":"https:\/\/www.rucashk.com\/wp-content\/uploads\/2024\/01\/Xiaomi-watch-S1-Pro-1-1.jpg","@id":"https:\/\/www.rucashk.com\/pt\/produto\/xiaomi-watch-s1-pro\/#mainImage","width":913,"height":812},"primaryImageOfPage":{"@id":"https:\/\/www.rucashk.com\/pt\/produto\/xiaomi-watch-s1-pro\/#mainImage"},"datePublished":"2024-01-09T16:24:32+00:00","dateModified":"2025-06-22T06:39:38+00:00"},{"@type":"WebSite","@id":"https:\/\/www.rucashk.com\/pt\/#website","url":"https:\/\/www.rucashk.com\/pt\/","name":"Rucas - Wholesale and distribution worldwide","alternateName":"Rucas - One-stop AIoT Distribution Worldwide","description":"One-stop AIoT Distribution Worldwide","inLanguage":"pt-PT","publisher":{"@id":"https:\/\/www.rucashk.com\/pt\/#organization"}}]}},"aioseo_meta_data":{"post_id":"26122","title":null,"description":null,"keywords":null,"keyphrases":null,"primary_term":null,"canonical_url":null,"og_title":null,"og_description":null,"og_object_type":"default","og_image_type":"default","og_image_url":null,"og_image_width":null,"og_image_height":null,"og_image_custom_url":null,"og_image_custom_fields":null,"og_video":null,"og_custom_url":null,"og_article_section":null,"og_article_tags":null,"twitter_use_og":false,"twitter_card":"default","twitter_image_type":"default","twitter_image_url":null,"twitter_image_custom_url":null,"twitter_image_custom_fields":null,"twitter_title":null,"twitter_description":null,"schema":{"blockGraphs":[],"customGraphs":[],"default":{"data":{"Article":[],"Course":[],"Dataset":[],"FAQPage":[],"Movie":[],"Person":[],"Product":[],"Recipe":[],"Service":[],"SoftwareApplication":[],"WebPage":[]},"graphName":"","isEnabled":true},"graphs":[]},"schema_type":"default","schema_type_options":null,"pillar_content":false,"robots_default":true,"robots_noindex":false,"robots_noarchive":false,"robots_nosnippet":false,"robots_nofollow":false,"robots_noimageindex":false,"robots_noodp":false,"robots_notranslate":false,"robots_max_snippet":null,"robots_max_videopreview":null,"robots_max_imagepreview":"large","priority":null,"frequency":null,"local_seo":null,"breadcrumb_settings":null,"limit_modified_date":false,"created":"2024-04-11 01:57:20","updated":"2025-06-22 18:12:59"},"aioseo_breadcrumb":"<div class=\"aioseo-breadcrumbs\"><span class=\"aioseo-breadcrumb\">\n\t<a href=\"https:\/\/www.rucashk.com\/pt\" title=\"Home\">Home<\/a>\n<\/span><span class=\"aioseo-breadcrumb-separator\">&raquo;<\/span><span class=\"aioseo-breadcrumb\">\n\t<a href=\"https:\/\/www.rucashk.com\/pt\/products\/\" title=\"Produtos\">Produtos<\/a>\n<\/span><span class=\"aioseo-breadcrumb-separator\">&raquo;<\/span><span class=\"aioseo-breadcrumb\">\n\t<a href=\"https:\/\/www.rucashk.com\/pt\/marca\/xiaomi\/\" title=\"Xiaomi\">Xiaomi<\/a>\n<\/span><span class=\"aioseo-breadcrumb-separator\">&raquo;<\/span><span class=\"aioseo-breadcrumb\">\n\tXiaomi Watch S1 Pro\n<\/span><\/div>","aioseo_breadcrumb_json":[{"label":"Home","link":"https:\/\/www.rucashk.com\/pt"},{"label":"Produtos","link":"https:\/\/www.rucashk.com\/pt\/products\/"},{"label":"Xiaomi","link":"https:\/\/www.rucashk.com\/pt\/marca\/xiaomi\/"},{"label":"Xiaomi Watch S1 Pro","link":"https:\/\/www.rucashk.com\/pt\/produto\/xiaomi-watch-s1-pro\/"}],"_links":{"self":[{"href":"https:\/\/www.rucashk.com\/pt\/wp-json\/wp\/v2\/product\/26122","targetHints":{"allow":["GET"]}}],"collection":[{"href":"https:\/\/www.rucashk.com\/pt\/wp-json\/wp\/v2\/product"}],"about":[{"href":"https:\/\/www.rucashk.com\/pt\/wp-json\/wp\/v2\/types\/product"}],"wp:featuredmedia":[{"embeddable":true,"href":"https:\/\/www.rucashk.com\/pt\/wp-json\/wp\/v2\/media\/26206"}],"wp:attachment":[{"href":"https:\/\/www.rucashk.com\/pt\/wp-json\/wp\/v2\/media?parent=26122"}],"wp:term":[{"taxonomy":"product_brand","embeddable":true,"href":"https:\/\/www.rucashk.com\/pt\/wp-json\/wp\/v2\/product_brand?post=26122"},{"taxonomy":"product_cat","embeddable":true,"href":"https:\/\/www.rucashk.com\/pt\/wp-json\/wp\/v2\/product_cat?post=26122"},{"taxonomy":"product_tag","embeddable":true,"href":"https:\/\/www.rucashk.com\/pt\/wp-json\/wp\/v2\/product_tag?post=26122"}],"curies":[{"name":"wp","href":"https:\/\/api.w.org\/{rel}","templated":true}]}}