{"id":26118,"date":"2024-01-09T16:24:32","date_gmt":"2024-01-09T16:24:32","guid":{"rendered":"http:\/\/rucashk.com\/?post_type=product&#038;p=26118"},"modified":"2025-06-22T06:34:20","modified_gmt":"2025-06-22T06:34:20","slug":"qcy-t21-fairybuds-earphone-lady-true-wireless-earbuds","status":"publish","type":"product","link":"https:\/\/www.rucashk.com\/pt\/produto\/qcy-t21-fairybuds-earphone-lady-true-wireless-earbuds\/","title":{"rendered":"Fone de ouvido QCY T21 FairyBuds \u2013 Fones de ouvido Lady True Wireless"},"content":{"rendered":"<p><img fetchpriority=\"high\" decoding=\"async\" class=\"alignnone size-full wp-image-30716\" src=\"https:\/\/www.rucashk.com\/wp-content\/uploads\/2023\/01\/QCY-FairyBuds-T21-1.jpg\" alt=\"\" width=\"1856\" height=\"896\" \/><\/p>\n<p><strong>Nome do produto: QCY FairyBuds <\/strong><br \/>\n<strong>Perfis Bluetooth: HFP\/A2DP\/AVRCP <\/strong><br \/>\n<strong>Modelo certificado: BH22OT21A <\/strong><br \/>\n<strong>Capacidade da bateria (caixa): 290mAh <\/strong><br \/>\n<strong>Nome de emparelhamento: QCY FairyBuds<\/strong><br \/>\n<strong>Sistema dispon\u00edvel: iOS\/Android <\/strong><br \/>\n<strong>Porta de carregamento: Tipo-C <\/strong><br \/>\n<strong>Faixa de opera\u00e7\u00e3o: 10m <\/strong><br \/>\n<strong>Tamanho do fone de ouvido: 31,7 * 16,4 * 18,9 mm <\/strong><br \/>\n<strong>Dura\u00e7\u00e3o da bateria: 3 horas de chamada; 6 horas de reprodu\u00e7\u00e3o <\/strong><br \/>\n<strong>Tamanho da caixa de presente: 53,1*53,1*26,1mm<\/strong><\/p>\n<p><img decoding=\"async\" class=\"alignnone size-full wp-image-30721\" src=\"https:\/\/www.rucashk.com\/wp-content\/uploads\/2023\/01\/QCY-FairyBuds-T21-2-2.jpg\" alt=\"\" width=\"1240\" height=\"775\" \/><\/p>\n<p><img decoding=\"async\" class=\"alignnone size-full wp-image-30722\" src=\"https:\/\/www.rucashk.com\/wp-content\/uploads\/2023\/01\/QCY-FairyBuds-T21-3-2.jpg\" alt=\"\" width=\"1217\" height=\"478\" \/><\/p>\n<p><img loading=\"lazy\" decoding=\"async\" class=\"alignnone size-full wp-image-30723\" src=\"https:\/\/www.rucashk.com\/wp-content\/uploads\/2023\/01\/QCY-FairyBuds-T21-4-2.jpg\" alt=\"\" width=\"1782\" height=\"897\" \/><\/p>\n<p><img loading=\"lazy\" decoding=\"async\" class=\"alignnone size-full wp-image-30724\" src=\"https:\/\/www.rucashk.com\/wp-content\/uploads\/2023\/01\/QCY-FairyBuds-T21-5-2.jpg\" alt=\"\" width=\"1680\" height=\"885\" \/><\/p>\n<p><img loading=\"lazy\" decoding=\"async\" class=\"alignnone size-full wp-image-30725\" src=\"https:\/\/www.rucashk.com\/wp-content\/uploads\/2023\/01\/QCY-FairyBuds-T21-6-1.jpg\" alt=\"\" width=\"1724\" height=\"898\" \/><img loading=\"lazy\" decoding=\"async\" class=\"alignnone size-full wp-image-30726\" src=\"https:\/\/www.rucashk.com\/wp-content\/uploads\/2023\/01\/QCY-FairyBuds-T21-7-1.jpg\" alt=\"\" width=\"1724\" height=\"894\" \/><img loading=\"lazy\" decoding=\"async\" class=\"alignnone size-full wp-image-30727\" src=\"https:\/\/www.rucashk.com\/wp-content\/uploads\/2023\/01\/QCY-FairyBuds-T21-8-1.jpg\" alt=\"\" width=\"1656\" height=\"897\" \/><img loading=\"lazy\" decoding=\"async\" class=\"alignnone size-full wp-image-30728\" src=\"https:\/\/www.rucashk.com\/wp-content\/uploads\/2023\/01\/QCY-FairyBuds-T21-9.jpg\" alt=\"\" width=\"1730\" height=\"913\" \/><img loading=\"lazy\" decoding=\"async\" class=\"alignnone size-full wp-image-30729\" src=\"https:\/\/www.rucashk.com\/wp-content\/uploads\/2023\/01\/QCY-FairyBuds-T21-10.jpg\" alt=\"\" width=\"1454\" height=\"659\" \/><img loading=\"lazy\" decoding=\"async\" class=\"alignnone size-full wp-image-30730\" src=\"https:\/\/www.rucashk.com\/wp-content\/uploads\/2023\/01\/QCY-FairyBuds-T21-11.jpg\" alt=\"\" width=\"1490\" height=\"872\" \/><img loading=\"lazy\" decoding=\"async\" class=\"alignnone size-full wp-image-30731\" src=\"https:\/\/www.rucashk.com\/wp-content\/uploads\/2023\/01\/QCY-FairyBuds-T21-12.jpg\" alt=\"\" width=\"1680\" height=\"869\" \/><img loading=\"lazy\" decoding=\"async\" class=\"alignnone size-full wp-image-30732\" src=\"https:\/\/www.rucashk.com\/wp-content\/uploads\/2023\/01\/QCY-FairyBuds-T21-13.jpg\" alt=\"\" width=\"1631\" height=\"889\" \/><img loading=\"lazy\" decoding=\"async\" class=\"alignnone size-full wp-image-30733\" src=\"https:\/\/www.rucashk.com\/wp-content\/uploads\/2023\/01\/QCY-FairyBuds-T21-14.jpg\" alt=\"\" width=\"1566\" height=\"887\" \/><img loading=\"lazy\" decoding=\"async\" class=\"alignnone size-full wp-image-30734\" src=\"https:\/\/www.rucashk.com\/wp-content\/uploads\/2023\/01\/QCY-FairyBuds-T21-15.jpg\" alt=\"\" width=\"1575\" height=\"867\" \/><img loading=\"lazy\" decoding=\"async\" class=\"alignnone size-full wp-image-30735\" src=\"https:\/\/www.rucashk.com\/wp-content\/uploads\/2023\/01\/QCY-FairyBuds-T21-16.jpg\" alt=\"\" width=\"1622\" height=\"826\" \/><img loading=\"lazy\" decoding=\"async\" class=\"alignnone size-full wp-image-30736\" src=\"https:\/\/www.rucashk.com\/wp-content\/uploads\/2023\/01\/QCY-FairyBuds-T21-17.jpg\" alt=\"\" width=\"1201\" height=\"942\" \/><img loading=\"lazy\" decoding=\"async\" class=\"alignnone size-full wp-image-30737\" src=\"https:\/\/www.rucashk.com\/wp-content\/uploads\/2023\/01\/QCY-FairyBuds-T21-18.jpg\" alt=\"\" width=\"1192\" height=\"838\" \/><img loading=\"lazy\" decoding=\"async\" class=\"alignnone size-full wp-image-30738\" src=\"https:\/\/www.rucashk.com\/wp-content\/uploads\/2023\/01\/QCY-FairyBuds-T21-19.jpg\" alt=\"\" width=\"1310\" height=\"724\" \/><img loading=\"lazy\" decoding=\"async\" class=\"alignnone size-full wp-image-30739\" src=\"https:\/\/www.rucashk.com\/wp-content\/uploads\/2023\/01\/QCY-FairyBuds-T21-20.jpg\" alt=\"\" width=\"1272\" height=\"561\" \/><\/p>","protected":false},"excerpt":{"rendered":"<p>QCY NEW Lady Earphone, with Pink and Purple design. Hot Wholesale now!<\/p>\n<p>Nome do produto: QCY FairyBuds<br \/>\nPerfis Bluetooth: HFP\/A2DP\/AVRCP<br \/>\nModelo certificado: BH22OT21A<br \/>\nCapacidade da bateria (caixa): 290mAh<br \/>\nNome de emparelhamento: QCY FairyBuds<br \/>\nSistema dispon\u00edvel: iOS\/Android<br \/>\nPorta de carregamento: Tipo-C<br \/>\nFaixa de opera\u00e7\u00e3o: 10m<br \/>\nTamanho do fone de ouvido: 31,7 * 16,4 * 18,9 mm<br \/>\nDura\u00e7\u00e3o da bateria: 3 horas de chamada; 6 horas de reprodu\u00e7\u00e3o<br \/>\nTamanho da caixa de presente: 53,1*53,1*26,1mm<\/p>","protected":false},"featured_media":26172,"template":"","meta":[],"product_brand":[1417],"product_cat":[1311,1305],"product_tag":[504,463,1222,1223,464,1224],"class_list":{"0":"post-26118","1":"product","2":"type-product","3":"status-publish","4":"has-post-thumbnail","6":"product_brand-qcy","7":"product_cat-qcy-earphone","8":"product_cat-xiaomi-eco","9":"product_tag-bluetooth-earphone","10":"product_tag-earbuds","11":"product_tag-fairybuds","12":"product_tag-lady","13":"product_tag-qcy","14":"product_tag-t21","16":"first","17":"instock","18":"shipping-taxable","19":"product-type-simple"},"aioseo_notices":[],"aioseo_head":"\n\t\t<!-- All in One SEO Pro 4.5.9.2 - aioseo.com -->\n\t\t<meta name=\"description\" content=\"QCY NEW Lady Earphone, with Pink and Purple design. Hot Wholesale now! Product name: QCY FairyBuds Bluetooth profiles: HFP\/A2DP\/AVRCP Certified model: BH22OT21A Battery capacity(case): 290mAh Pairing name: QCY FairyBuds Available system: iOS\/Android Charging port: Type-C Operation range: 10m Earbud size: 31.7*16.4*18.9mm Battery life: 3hr of calling; 6hr of playback Giftbox size: 53.1*53.1*26.1mm\" \/>\n\t\t<meta name=\"robots\" content=\"max-image-preview:large\" \/>\n\t\t<link rel=\"canonical\" href=\"https:\/\/www.rucashk.com\/pt\/produto\/qcy-t21-fairybuds-earphone-lady-true-wireless-earbuds\/\" \/>\n\t\t<meta name=\"generator\" content=\"All in One SEO Pro (AIOSEO) 4.5.9.2\" \/>\n\t\t<meta property=\"og:locale\" content=\"pt_PT\" \/>\n\t\t<meta property=\"og:site_name\" content=\"Rucas - One-stop AIoT Distribution Worldwide\" \/>\n\t\t<meta property=\"og:type\" content=\"article\" \/>\n\t\t<meta property=\"og:title\" content=\"QCY T21 FairyBuds Earphone \u2013 Lady True Wireless Earbuds - Rucas - Wholesale and Distribution\" \/>\n\t\t<meta property=\"og:description\" content=\"QCY NEW Lady Earphone, with Pink and Purple design. Hot Wholesale now! Product name: QCY FairyBuds Bluetooth profiles: HFP\/A2DP\/AVRCP Certified model: BH22OT21A Battery capacity(case): 290mAh Pairing name: QCY FairyBuds Available system: iOS\/Android Charging port: Type-C Operation range: 10m Earbud size: 31.7*16.4*18.9mm Battery life: 3hr of calling; 6hr of playback Giftbox size: 53.1*53.1*26.1mm\" \/>\n\t\t<meta property=\"og:url\" content=\"https:\/\/www.rucashk.com\/pt\/produto\/qcy-t21-fairybuds-earphone-lady-true-wireless-earbuds\/\" \/>\n\t\t<meta property=\"og:image\" content=\"https:\/\/www.rucashk.com\/wp-content\/uploads\/replace\/503b8e645f128a97ccde2b6290747646.jpeg\" \/>\n\t\t<meta property=\"og:image:secure_url\" content=\"https:\/\/www.rucashk.com\/wp-content\/uploads\/replace\/503b8e645f128a97ccde2b6290747646.jpeg\" \/>\n\t\t<meta property=\"og:image:width\" content=\"1456\" \/>\n\t\t<meta property=\"og:image:height\" content=\"816\" \/>\n\t\t<meta property=\"article:published_time\" content=\"2024-01-09T16:24:32+00:00\" \/>\n\t\t<meta property=\"article:modified_time\" content=\"2025-06-22T06:34:20+00:00\" \/>\n\t\t<meta name=\"twitter:card\" content=\"summary_large_image\" \/>\n\t\t<meta name=\"twitter:title\" content=\"QCY T21 FairyBuds Earphone \u2013 Lady True Wireless Earbuds - Rucas - Wholesale and Distribution\" \/>\n\t\t<meta name=\"twitter:description\" content=\"QCY NEW Lady Earphone, with Pink and Purple design. Hot Wholesale now! Product name: QCY FairyBuds Bluetooth profiles: HFP\/A2DP\/AVRCP Certified model: BH22OT21A Battery capacity(case): 290mAh Pairing name: QCY FairyBuds Available system: iOS\/Android Charging port: Type-C Operation range: 10m Earbud size: 31.7*16.4*18.9mm Battery life: 3hr of calling; 6hr of playback Giftbox size: 53.1*53.1*26.1mm\" \/>\n\t\t<meta name=\"twitter:image\" content=\"https:\/\/www.rucashk.com\/wp-content\/uploads\/replace\/503b8e645f128a97ccde2b6290747646.jpeg\" \/>\n\t\t<script type=\"application\/ld+json\" class=\"aioseo-schema\">\n\t\t\t{\"@context\":\"https:\\\/\\\/schema.org\",\"@graph\":[{\"@type\":\"BreadcrumbList\",\"@id\":\"https:\\\/\\\/www.rucashk.com\\\/pt\\\/produto\\\/qcy-t21-fairybuds-earphone-lady-true-wireless-earbuds\\\/#breadcrumblist\",\"itemListElement\":[{\"@type\":\"ListItem\",\"@id\":\"https:\\\/\\\/www.rucashk.com\\\/pt\\\/#listItem\",\"position\":1,\"name\":\"Home\",\"item\":\"https:\\\/\\\/www.rucashk.com\\\/pt\\\/\",\"nextItem\":\"https:\\\/\\\/www.rucashk.com\\\/pt\\\/produto\\\/qcy-t21-fairybuds-earphone-lady-true-wireless-earbuds\\\/#listItem\"},{\"@type\":\"ListItem\",\"@id\":\"https:\\\/\\\/www.rucashk.com\\\/pt\\\/produto\\\/qcy-t21-fairybuds-earphone-lady-true-wireless-earbuds\\\/#listItem\",\"position\":2,\"name\":\"QCY T21 FairyBuds Earphone - Lady True Wireless Earbuds\",\"previousItem\":\"https:\\\/\\\/www.rucashk.com\\\/pt\\\/#listItem\"}]},{\"@type\":\"Organization\",\"@id\":\"https:\\\/\\\/www.rucashk.com\\\/pt\\\/#organization\",\"name\":\"Rucas\",\"url\":\"https:\\\/\\\/www.rucashk.com\\\/pt\\\/\",\"logo\":{\"@type\":\"ImageObject\",\"url\":\"https:\\\/\\\/www.rucashk.com\\\/wp-content\\\/uploads\\\/2023\\\/12\\\/Rucas_campany_logo.png\",\"@id\":\"https:\\\/\\\/www.rucashk.com\\\/pt\\\/produto\\\/qcy-t21-fairybuds-earphone-lady-true-wireless-earbuds\\\/#organizationLogo\",\"width\":221,\"height\":65},\"image\":{\"@id\":\"https:\\\/\\\/www.rucashk.com\\\/pt\\\/#organizationLogo\"}},{\"@type\":\"Person\",\"@id\":\"https:\\\/\\\/www.rucashk.com\\\/pt\\\/author\\\/admin\\\/#author\",\"url\":\"https:\\\/\\\/www.rucashk.com\\\/pt\\\/author\\\/admin\\\/\",\"name\":\"admin\",\"image\":{\"@type\":\"ImageObject\",\"@id\":\"https:\\\/\\\/www.rucashk.com\\\/pt\\\/produto\\\/qcy-t21-fairybuds-earphone-lady-true-wireless-earbuds\\\/#authorImage\",\"url\":\"https:\\\/\\\/secure.gravatar.com\\\/avatar\\\/b7c8925b09a27e72b30232f8ecaadbd5af0f70a38c78096863fe51b64f031c24?s=96&d=mm&r=g\",\"width\":96,\"height\":96,\"caption\":\"admin\"}},{\"@type\":\"WebPage\",\"@id\":\"https:\\\/\\\/www.rucashk.com\\\/pt\\\/produto\\\/qcy-t21-fairybuds-earphone-lady-true-wireless-earbuds\\\/#webpage\",\"url\":\"https:\\\/\\\/www.rucashk.com\\\/pt\\\/produto\\\/qcy-t21-fairybuds-earphone-lady-true-wireless-earbuds\\\/\",\"name\":\"QCY T21 FairyBuds Earphone \\u2013 Lady True Wireless Earbuds - Rucas - Wholesale and Distribution\",\"description\":\"QCY NEW Lady Earphone, with Pink and Purple design. Hot Wholesale now! Product name: QCY FairyBuds Bluetooth profiles: HFP\\\/A2DP\\\/AVRCP Certified model: BH22OT21A Battery capacity(case): 290mAh Pairing name: QCY FairyBuds Available system: iOS\\\/Android Charging port: Type-C Operation range: 10m Earbud size: 31.7*16.4*18.9mm Battery life: 3hr of calling; 6hr of playback Giftbox size: 53.1*53.1*26.1mm\",\"inLanguage\":\"pt-PT\",\"isPartOf\":{\"@id\":\"https:\\\/\\\/www.rucashk.com\\\/pt\\\/#website\"},\"breadcrumb\":{\"@id\":\"https:\\\/\\\/www.rucashk.com\\\/pt\\\/produto\\\/qcy-t21-fairybuds-earphone-lady-true-wireless-earbuds\\\/#breadcrumblist\"},\"author\":{\"@id\":\"https:\\\/\\\/www.rucashk.com\\\/pt\\\/author\\\/admin\\\/#author\"},\"creator\":{\"@id\":\"https:\\\/\\\/www.rucashk.com\\\/pt\\\/author\\\/admin\\\/#author\"},\"image\":{\"@type\":\"ImageObject\",\"url\":\"https:\\\/\\\/www.rucashk.com\\\/wp-content\\\/uploads\\\/2024\\\/01\\\/QCY-FairyBuds-T21-2.jpg\",\"@id\":\"https:\\\/\\\/www.rucashk.com\\\/pt\\\/produto\\\/qcy-t21-fairybuds-earphone-lady-true-wireless-earbuds\\\/#mainImage\",\"width\":800,\"height\":800},\"primaryImageOfPage\":{\"@id\":\"https:\\\/\\\/www.rucashk.com\\\/pt\\\/produto\\\/qcy-t21-fairybuds-earphone-lady-true-wireless-earbuds\\\/#mainImage\"},\"datePublished\":\"2024-01-09T16:24:32+00:00\",\"dateModified\":\"2025-06-22T06:34:20+00:00\"},{\"@type\":\"WebSite\",\"@id\":\"https:\\\/\\\/www.rucashk.com\\\/pt\\\/#website\",\"url\":\"https:\\\/\\\/www.rucashk.com\\\/pt\\\/\",\"name\":\"Rucas - Wholesale and distribution worldwide\",\"alternateName\":\"Rucas - One-stop AIoT Distribution Worldwide\",\"description\":\"One-stop AIoT Distribution Worldwide\",\"inLanguage\":\"pt-PT\",\"publisher\":{\"@id\":\"https:\\\/\\\/www.rucashk.com\\\/pt\\\/#organization\"}}]}\n\t\t<\/script>\n\t\t<!-- All in One SEO Pro -->\r\n\t\t<title>QCY T21 FairyBuds Earphone \u2013 Lady True Wireless Earbuds - Rucas - Wholesale and Distribution<\/title>\n\n","aioseo_head_json":{"title":"QCY T21 FairyBuds Earphone \u2013 Lady True Wireless Earbuds - Rucas - Wholesale and Distribution","description":"QCY NEW Lady Earphone, with Pink and Purple design. Hot Wholesale now! Product name: QCY FairyBuds Bluetooth profiles: HFP\/A2DP\/AVRCP Certified model: BH22OT21A Battery capacity(case): 290mAh Pairing name: QCY FairyBuds Available system: iOS\/Android Charging port: Type-C Operation range: 10m Earbud size: 31.7*16.4*18.9mm Battery life: 3hr of calling; 6hr of playback Giftbox size: 53.1*53.1*26.1mm","canonical_url":"https:\/\/www.rucashk.com\/pt\/produto\/qcy-t21-fairybuds-earphone-lady-true-wireless-earbuds\/","robots":"max-image-preview:large","keywords":"","webmasterTools":{"miscellaneous":""},"og:locale":"pt_PT","og:site_name":"Rucas - One-stop AIoT Distribution Worldwide","og:type":"article","og:title":"QCY T21 FairyBuds Earphone \u2013 Lady True Wireless Earbuds - Rucas - Wholesale and Distribution","og:description":"QCY NEW Lady Earphone, with Pink and Purple design. Hot Wholesale now! Product name: QCY FairyBuds Bluetooth profiles: HFP\/A2DP\/AVRCP Certified model: BH22OT21A Battery capacity(case): 290mAh Pairing name: QCY FairyBuds Available system: iOS\/Android Charging port: Type-C Operation range: 10m Earbud size: 31.7*16.4*18.9mm Battery life: 3hr of calling; 6hr of playback Giftbox size: 53.1*53.1*26.1mm","og:url":"https:\/\/www.rucashk.com\/pt\/produto\/qcy-t21-fairybuds-earphone-lady-true-wireless-earbuds\/","og:image":"https:\/\/www.rucashk.com\/wp-content\/uploads\/replace\/503b8e645f128a97ccde2b6290747646.jpeg","og:image:secure_url":"https:\/\/www.rucashk.com\/wp-content\/uploads\/replace\/503b8e645f128a97ccde2b6290747646.jpeg","og:image:width":1456,"og:image:height":816,"article:published_time":"2024-01-09T16:24:32+00:00","article:modified_time":"2025-06-22T06:34:20+00:00","twitter:card":"summary_large_image","twitter:title":"QCY T21 FairyBuds Earphone \u2013 Lady True Wireless Earbuds - Rucas - Wholesale and Distribution","twitter:description":"QCY NEW Lady Earphone, with Pink and Purple design. Hot Wholesale now! Product name: QCY FairyBuds Bluetooth profiles: HFP\/A2DP\/AVRCP Certified model: BH22OT21A Battery capacity(case): 290mAh Pairing name: QCY FairyBuds Available system: iOS\/Android Charging port: Type-C Operation range: 10m Earbud size: 31.7*16.4*18.9mm Battery life: 3hr of calling; 6hr of playback Giftbox size: 53.1*53.1*26.1mm","twitter:image":"https:\/\/www.rucashk.com\/wp-content\/uploads\/replace\/503b8e645f128a97ccde2b6290747646.jpeg","schema":{"@context":"https:\/\/schema.org","@graph":[{"@type":"BreadcrumbList","@id":"https:\/\/www.rucashk.com\/pt\/produto\/qcy-t21-fairybuds-earphone-lady-true-wireless-earbuds\/#breadcrumblist","itemListElement":[{"@type":"ListItem","@id":"https:\/\/www.rucashk.com\/pt\/#listItem","position":1,"name":"Home","item":"https:\/\/www.rucashk.com\/pt\/","nextItem":"https:\/\/www.rucashk.com\/pt\/produto\/qcy-t21-fairybuds-earphone-lady-true-wireless-earbuds\/#listItem"},{"@type":"ListItem","@id":"https:\/\/www.rucashk.com\/pt\/produto\/qcy-t21-fairybuds-earphone-lady-true-wireless-earbuds\/#listItem","position":2,"name":"QCY T21 FairyBuds Earphone - Lady True Wireless Earbuds","previousItem":"https:\/\/www.rucashk.com\/pt\/#listItem"}]},{"@type":"Organization","@id":"https:\/\/www.rucashk.com\/pt\/#organization","name":"Rucas","url":"https:\/\/www.rucashk.com\/pt\/","logo":{"@type":"ImageObject","url":"https:\/\/www.rucashk.com\/wp-content\/uploads\/2023\/12\/Rucas_campany_logo.png","@id":"https:\/\/www.rucashk.com\/pt\/produto\/qcy-t21-fairybuds-earphone-lady-true-wireless-earbuds\/#organizationLogo","width":221,"height":65},"image":{"@id":"https:\/\/www.rucashk.com\/pt\/#organizationLogo"}},{"@type":"Person","@id":"https:\/\/www.rucashk.com\/pt\/author\/admin\/#author","url":"https:\/\/www.rucashk.com\/pt\/author\/admin\/","name":"admin","image":{"@type":"ImageObject","@id":"https:\/\/www.rucashk.com\/pt\/produto\/qcy-t21-fairybuds-earphone-lady-true-wireless-earbuds\/#authorImage","url":"https:\/\/secure.gravatar.com\/avatar\/b7c8925b09a27e72b30232f8ecaadbd5af0f70a38c78096863fe51b64f031c24?s=96&d=mm&r=g","width":96,"height":96,"caption":"admin"}},{"@type":"WebPage","@id":"https:\/\/www.rucashk.com\/pt\/produto\/qcy-t21-fairybuds-earphone-lady-true-wireless-earbuds\/#webpage","url":"https:\/\/www.rucashk.com\/pt\/produto\/qcy-t21-fairybuds-earphone-lady-true-wireless-earbuds\/","name":"QCY T21 FairyBuds Earphone \u2013 Lady True Wireless Earbuds - Rucas - Wholesale and Distribution","description":"QCY NEW Lady Earphone, with Pink and Purple design. Hot Wholesale now! Product name: QCY FairyBuds Bluetooth profiles: HFP\/A2DP\/AVRCP Certified model: BH22OT21A Battery capacity(case): 290mAh Pairing name: QCY FairyBuds Available system: iOS\/Android Charging port: Type-C Operation range: 10m Earbud size: 31.7*16.4*18.9mm Battery life: 3hr of calling; 6hr of playback Giftbox size: 53.1*53.1*26.1mm","inLanguage":"pt-PT","isPartOf":{"@id":"https:\/\/www.rucashk.com\/pt\/#website"},"breadcrumb":{"@id":"https:\/\/www.rucashk.com\/pt\/produto\/qcy-t21-fairybuds-earphone-lady-true-wireless-earbuds\/#breadcrumblist"},"author":{"@id":"https:\/\/www.rucashk.com\/pt\/author\/admin\/#author"},"creator":{"@id":"https:\/\/www.rucashk.com\/pt\/author\/admin\/#author"},"image":{"@type":"ImageObject","url":"https:\/\/www.rucashk.com\/wp-content\/uploads\/2024\/01\/QCY-FairyBuds-T21-2.jpg","@id":"https:\/\/www.rucashk.com\/pt\/produto\/qcy-t21-fairybuds-earphone-lady-true-wireless-earbuds\/#mainImage","width":800,"height":800},"primaryImageOfPage":{"@id":"https:\/\/www.rucashk.com\/pt\/produto\/qcy-t21-fairybuds-earphone-lady-true-wireless-earbuds\/#mainImage"},"datePublished":"2024-01-09T16:24:32+00:00","dateModified":"2025-06-22T06:34:20+00:00"},{"@type":"WebSite","@id":"https:\/\/www.rucashk.com\/pt\/#website","url":"https:\/\/www.rucashk.com\/pt\/","name":"Rucas - Wholesale and distribution worldwide","alternateName":"Rucas - One-stop AIoT Distribution Worldwide","description":"One-stop AIoT Distribution Worldwide","inLanguage":"pt-PT","publisher":{"@id":"https:\/\/www.rucashk.com\/pt\/#organization"}}]}},"aioseo_meta_data":{"post_id":"26118","title":null,"description":null,"keywords":null,"keyphrases":null,"primary_term":null,"canonical_url":null,"og_title":null,"og_description":null,"og_object_type":"default","og_image_type":"default","og_image_url":null,"og_image_width":null,"og_image_height":null,"og_image_custom_url":null,"og_image_custom_fields":null,"og_video":null,"og_custom_url":null,"og_article_section":null,"og_article_tags":null,"twitter_use_og":false,"twitter_card":"default","twitter_image_type":"default","twitter_image_url":null,"twitter_image_custom_url":null,"twitter_image_custom_fields":null,"twitter_title":null,"twitter_description":null,"schema":{"blockGraphs":[],"customGraphs":[],"default":{"data":{"Article":[],"Course":[],"Dataset":[],"FAQPage":[],"Movie":[],"Person":[],"Product":[],"Recipe":[],"Service":[],"SoftwareApplication":[],"WebPage":[]},"graphName":"","isEnabled":true},"graphs":[]},"schema_type":"default","schema_type_options":null,"pillar_content":false,"robots_default":true,"robots_noindex":false,"robots_noarchive":false,"robots_nosnippet":false,"robots_nofollow":false,"robots_noimageindex":false,"robots_noodp":false,"robots_notranslate":false,"robots_max_snippet":null,"robots_max_videopreview":null,"robots_max_imagepreview":"large","priority":null,"frequency":null,"local_seo":null,"breadcrumb_settings":null,"limit_modified_date":false,"created":"2024-04-11 01:57:20","updated":"2025-06-22 18:12:13"},"aioseo_breadcrumb":"<div class=\"aioseo-breadcrumbs\"><span class=\"aioseo-breadcrumb\">\n\t<a href=\"https:\/\/www.rucashk.com\/pt\" title=\"Home\">Home<\/a>\n<\/span><span class=\"aioseo-breadcrumb-separator\">&raquo;<\/span><span class=\"aioseo-breadcrumb\">\n\t<a href=\"https:\/\/www.rucashk.com\/pt\/products\/\" title=\"Produtos\">Produtos<\/a>\n<\/span><span class=\"aioseo-breadcrumb-separator\">&raquo;<\/span><span class=\"aioseo-breadcrumb\">\n\t<a href=\"https:\/\/www.rucashk.com\/pt\/marca\/qcy\/\" title=\"QCY\">QCY<\/a>\n<\/span><span class=\"aioseo-breadcrumb-separator\">&raquo;<\/span><span class=\"aioseo-breadcrumb\">\n\tQCY T21 FairyBuds Earphone \u2013 Lady True Wireless Earbuds\n<\/span><\/div>","aioseo_breadcrumb_json":[{"label":"Home","link":"https:\/\/www.rucashk.com\/pt"},{"label":"Produtos","link":"https:\/\/www.rucashk.com\/pt\/products\/"},{"label":"QCY","link":"https:\/\/www.rucashk.com\/pt\/marca\/qcy\/"},{"label":"QCY T21 FairyBuds Earphone &#8211; Lady True Wireless Earbuds","link":"https:\/\/www.rucashk.com\/pt\/produto\/qcy-t21-fairybuds-earphone-lady-true-wireless-earbuds\/"}],"_links":{"self":[{"href":"https:\/\/www.rucashk.com\/pt\/wp-json\/wp\/v2\/product\/26118","targetHints":{"allow":["GET"]}}],"collection":[{"href":"https:\/\/www.rucashk.com\/pt\/wp-json\/wp\/v2\/product"}],"about":[{"href":"https:\/\/www.rucashk.com\/pt\/wp-json\/wp\/v2\/types\/product"}],"wp:featuredmedia":[{"embeddable":true,"href":"https:\/\/www.rucashk.com\/pt\/wp-json\/wp\/v2\/media\/26172"}],"wp:attachment":[{"href":"https:\/\/www.rucashk.com\/pt\/wp-json\/wp\/v2\/media?parent=26118"}],"wp:term":[{"taxonomy":"product_brand","embeddable":true,"href":"https:\/\/www.rucashk.com\/pt\/wp-json\/wp\/v2\/product_brand?post=26118"},{"taxonomy":"product_cat","embeddable":true,"href":"https:\/\/www.rucashk.com\/pt\/wp-json\/wp\/v2\/product_cat?post=26118"},{"taxonomy":"product_tag","embeddable":true,"href":"https:\/\/www.rucashk.com\/pt\/wp-json\/wp\/v2\/product_tag?post=26118"}],"curies":[{"name":"wp","href":"https:\/\/api.w.org\/{rel}","templated":true}]}}