{"id":26115,"date":"2024-01-09T16:24:31","date_gmt":"2024-01-09T16:24:31","guid":{"rendered":"http:\/\/rucashk.com\/?post_type=product&#038;p=26115"},"modified":"2025-06-22T06:39:39","modified_gmt":"2025-06-22T06:39:39","slug":"xiaomi-smart-band-7","status":"publish","type":"product","link":"https:\/\/www.rucashk.com\/pt\/produto\/xiaomi-smart-band-7\/","title":{"rendered":"Banda Inteligente Xiaomi 7"},"content":{"rendered":"<p>Intensifique seu jogo<\/p>\n<p><b>Tela mais ampla, melhor visualiza\u00e7\u00e3o <\/b><\/p>\n<ul>\n<li>Tela AMOLED de 1,62, 24% maior \u00e1rea vis\u00edvel do que mi smart band 6.<\/li>\n<\/ul>\n<ul>\n<li>Novo design UI\/UX, exibe informa\u00e7\u00f5es mais detalhadas em cada p\u00e1gina.<\/li>\n<\/ul>\n<ul>\n<li>Chipset de nova gera\u00e7\u00e3o que suporta efeitos de anima\u00e7\u00e3o mais suaves na banda.<\/li>\n<\/ul>\n<p><b>Mais modos esportivos <\/b><\/p>\n<ul>\n<li>120 modos de treino, incluindo t\u00eanis, passeios de barco ao ar livre e mais modos de treino profissionais para registrar sua frequ\u00eancia card\u00edaca e calorias queimadas.<\/li>\n<\/ul>\n<p><b>An\u00e1lise de treino profissional <\/b><\/p>\n<ul>\n<li>Avalie o VO2 m\u00e1ximo, a carga de treino, a dura\u00e7\u00e3o da recupera\u00e7\u00e3o e o efeito do treino para orient\u00e1-lo em cada exerc\u00edcio.<\/li>\n<\/ul>\n<ul>\n<li>O \u00edndice de sa\u00fade mostrado na banda pode ajudar a ver claramente os seus objetivos de atividade e conquistas todos os dias.<\/li>\n<\/ul>\n<p><b>Monitoramento de sa\u00fade durante todo o dia <\/b><\/p>\n<ul>\n<li>Rastreamento do n\u00edvel de SpO2 durante todo o dia, suporta alerta de n\u00edvel baixo de SpO2.<\/li>\n<\/ul>\n<ul>\n<li>O monitoramento cont\u00ednuo do sono e o monitoramento do rato card\u00edaco 24 horas tamb\u00e9m suportam o monitoramento da respira\u00e7\u00e3o durante o sono.<\/li>\n<\/ul>\n<ul>\n<li>Rastreamento de estresse e monitoramento da sa\u00fade feminina.<\/li>\n<\/ul>\n<p><b>Pulseiras coloridas e mostradores de rel\u00f3gio <\/b><\/p>\n<ul>\n<li>6 tiras coloridas em TPU e 4 tiras de edi\u00e7\u00e3o especial para escolher o seu estilo.<\/li>\n<\/ul>\n<ul>\n<li>Mais de 100 mostradores de rel\u00f3gio e voc\u00ea pode personalizar sua pr\u00f3pria foto para mostrar na banda.<\/li>\n<\/ul>\n<p><b>Resistente \u00e0 \u00e1gua at\u00e9 50m <\/b><\/p>\n<ul>\n<li>N\u00edvel \u00e0 prova de \u00e1gua 5ATM que pode ser usado durante a nata\u00e7\u00e3o.<\/li>\n<\/ul>\n<p><b>Bateria de longa dura\u00e7\u00e3o <\/b><\/p>\n<p>Bateria com dura\u00e7\u00e3o de at\u00e9 14 dias para uso di\u00e1rio normal.<\/p>","protected":false},"excerpt":{"rendered":"<p>Step up your game Wider Screen, better view 1.62 AMOLED screen, 24% larger visible area than mi smart band 6. New UI\/UX design, display more and detailed information on every page. New generation chipset that support more smooth animation effect on band. More sports modes 120 workout modes, including tennis, outdoor boating and more professional [&hellip;]<\/p>","protected":false},"featured_media":26146,"template":"","meta":[],"product_brand":[1363],"product_cat":[1307,1305],"product_tag":[],"class_list":{"0":"post-26115","1":"product","2":"type-product","3":"status-publish","4":"has-post-thumbnail","6":"product_brand-xiaomi","7":"product_cat-mi-band-smartwatch","8":"product_cat-xiaomi-eco","10":"first","11":"instock","12":"shipping-taxable","13":"product-type-simple"},"aioseo_notices":[],"aioseo_head":"\n\t\t<!-- All in One SEO Pro 4.5.9.2 - aioseo.com -->\n\t\t<meta name=\"description\" content=\"Step up your game Wider Screen, better view 1.62 AMOLED screen, 24% larger visible area than mi smart band 6. New UI\/UX design, display more and detailed information on every page. New generation chipset that support more smooth animation effect on band. More sports modes 120 workout modes, including tennis, outdoor boating and more professional\" \/>\n\t\t<meta name=\"robots\" content=\"max-image-preview:large\" \/>\n\t\t<link rel=\"canonical\" href=\"https:\/\/www.rucashk.com\/pt\/produto\/xiaomi-smart-band-7\/\" \/>\n\t\t<meta name=\"generator\" content=\"All in One SEO Pro (AIOSEO) 4.5.9.2\" \/>\n\t\t<meta property=\"og:locale\" content=\"pt_PT\" \/>\n\t\t<meta property=\"og:site_name\" content=\"Rucas - One-stop AIoT Distribution Worldwide\" \/>\n\t\t<meta property=\"og:type\" content=\"article\" \/>\n\t\t<meta property=\"og:title\" content=\"Xiaomi Smart Band 7 - Rucas - Wholesale and Distribution\" \/>\n\t\t<meta property=\"og:description\" content=\"Step up your game Wider Screen, better view 1.62 AMOLED screen, 24% larger visible area than mi smart band 6. New UI\/UX design, display more and detailed information on every page. New generation chipset that support more smooth animation effect on band. More sports modes 120 workout modes, including tennis, outdoor boating and more professional\" \/>\n\t\t<meta property=\"og:url\" content=\"https:\/\/www.rucashk.com\/pt\/produto\/xiaomi-smart-band-7\/\" \/>\n\t\t<meta property=\"og:image\" content=\"https:\/\/www.rucashk.com\/wp-content\/uploads\/replace\/503b8e645f128a97ccde2b6290747646.jpeg\" \/>\n\t\t<meta property=\"og:image:secure_url\" content=\"https:\/\/www.rucashk.com\/wp-content\/uploads\/replace\/503b8e645f128a97ccde2b6290747646.jpeg\" \/>\n\t\t<meta property=\"og:image:width\" content=\"1456\" \/>\n\t\t<meta property=\"og:image:height\" content=\"816\" \/>\n\t\t<meta property=\"article:published_time\" content=\"2024-01-09T16:24:31+00:00\" \/>\n\t\t<meta property=\"article:modified_time\" content=\"2025-06-22T06:39:39+00:00\" \/>\n\t\t<meta name=\"twitter:card\" content=\"summary_large_image\" \/>\n\t\t<meta name=\"twitter:title\" content=\"Xiaomi Smart Band 7 - Rucas - Wholesale and Distribution\" \/>\n\t\t<meta name=\"twitter:description\" content=\"Step up your game Wider Screen, better view 1.62 AMOLED screen, 24% larger visible area than mi smart band 6. New UI\/UX design, display more and detailed information on every page. New generation chipset that support more smooth animation effect on band. More sports modes 120 workout modes, including tennis, outdoor boating and more professional\" \/>\n\t\t<meta name=\"twitter:image\" content=\"https:\/\/www.rucashk.com\/wp-content\/uploads\/replace\/503b8e645f128a97ccde2b6290747646.jpeg\" \/>\n\t\t<script type=\"application\/ld+json\" class=\"aioseo-schema\">\n\t\t\t{\"@context\":\"https:\\\/\\\/schema.org\",\"@graph\":[{\"@type\":\"BreadcrumbList\",\"@id\":\"https:\\\/\\\/www.rucashk.com\\\/pt\\\/produto\\\/xiaomi-smart-band-7\\\/#breadcrumblist\",\"itemListElement\":[{\"@type\":\"ListItem\",\"@id\":\"https:\\\/\\\/www.rucashk.com\\\/pt\\\/#listItem\",\"position\":1,\"name\":\"Home\",\"item\":\"https:\\\/\\\/www.rucashk.com\\\/pt\\\/\",\"nextItem\":\"https:\\\/\\\/www.rucashk.com\\\/pt\\\/produto\\\/xiaomi-smart-band-7\\\/#listItem\"},{\"@type\":\"ListItem\",\"@id\":\"https:\\\/\\\/www.rucashk.com\\\/pt\\\/produto\\\/xiaomi-smart-band-7\\\/#listItem\",\"position\":2,\"name\":\"Xiaomi Smart Band 7\",\"previousItem\":\"https:\\\/\\\/www.rucashk.com\\\/pt\\\/#listItem\"}]},{\"@type\":\"Organization\",\"@id\":\"https:\\\/\\\/www.rucashk.com\\\/pt\\\/#organization\",\"name\":\"Rucas\",\"url\":\"https:\\\/\\\/www.rucashk.com\\\/pt\\\/\",\"logo\":{\"@type\":\"ImageObject\",\"url\":\"https:\\\/\\\/www.rucashk.com\\\/wp-content\\\/uploads\\\/2023\\\/12\\\/Rucas_campany_logo.png\",\"@id\":\"https:\\\/\\\/www.rucashk.com\\\/pt\\\/produto\\\/xiaomi-smart-band-7\\\/#organizationLogo\",\"width\":221,\"height\":65},\"image\":{\"@id\":\"https:\\\/\\\/www.rucashk.com\\\/pt\\\/#organizationLogo\"}},{\"@type\":\"Person\",\"@id\":\"https:\\\/\\\/www.rucashk.com\\\/pt\\\/author\\\/admin\\\/#author\",\"url\":\"https:\\\/\\\/www.rucashk.com\\\/pt\\\/author\\\/admin\\\/\",\"name\":\"admin\",\"image\":{\"@type\":\"ImageObject\",\"@id\":\"https:\\\/\\\/www.rucashk.com\\\/pt\\\/produto\\\/xiaomi-smart-band-7\\\/#authorImage\",\"url\":\"https:\\\/\\\/secure.gravatar.com\\\/avatar\\\/b7c8925b09a27e72b30232f8ecaadbd5af0f70a38c78096863fe51b64f031c24?s=96&d=mm&r=g\",\"width\":96,\"height\":96,\"caption\":\"admin\"}},{\"@type\":\"WebPage\",\"@id\":\"https:\\\/\\\/www.rucashk.com\\\/pt\\\/produto\\\/xiaomi-smart-band-7\\\/#webpage\",\"url\":\"https:\\\/\\\/www.rucashk.com\\\/pt\\\/produto\\\/xiaomi-smart-band-7\\\/\",\"name\":\"Xiaomi Smart Band 7 - Rucas - Wholesale and Distribution\",\"description\":\"Step up your game Wider Screen, better view 1.62 AMOLED screen, 24% larger visible area than mi smart band 6. New UI\\\/UX design, display more and detailed information on every page. New generation chipset that support more smooth animation effect on band. More sports modes 120 workout modes, including tennis, outdoor boating and more professional\",\"inLanguage\":\"pt-PT\",\"isPartOf\":{\"@id\":\"https:\\\/\\\/www.rucashk.com\\\/pt\\\/#website\"},\"breadcrumb\":{\"@id\":\"https:\\\/\\\/www.rucashk.com\\\/pt\\\/produto\\\/xiaomi-smart-band-7\\\/#breadcrumblist\"},\"author\":{\"@id\":\"https:\\\/\\\/www.rucashk.com\\\/pt\\\/author\\\/admin\\\/#author\"},\"creator\":{\"@id\":\"https:\\\/\\\/www.rucashk.com\\\/pt\\\/author\\\/admin\\\/#author\"},\"image\":{\"@type\":\"ImageObject\",\"url\":\"https:\\\/\\\/www.rucashk.com\\\/wp-content\\\/uploads\\\/2024\\\/01\\\/1111111111.png\",\"@id\":\"https:\\\/\\\/www.rucashk.com\\\/pt\\\/produto\\\/xiaomi-smart-band-7\\\/#mainImage\",\"width\":1088,\"height\":503},\"primaryImageOfPage\":{\"@id\":\"https:\\\/\\\/www.rucashk.com\\\/pt\\\/produto\\\/xiaomi-smart-band-7\\\/#mainImage\"},\"datePublished\":\"2024-01-09T16:24:31+00:00\",\"dateModified\":\"2025-06-22T06:39:39+00:00\"},{\"@type\":\"WebSite\",\"@id\":\"https:\\\/\\\/www.rucashk.com\\\/pt\\\/#website\",\"url\":\"https:\\\/\\\/www.rucashk.com\\\/pt\\\/\",\"name\":\"Rucas - Wholesale and distribution worldwide\",\"alternateName\":\"Rucas - One-stop AIoT Distribution Worldwide\",\"description\":\"One-stop AIoT Distribution Worldwide\",\"inLanguage\":\"pt-PT\",\"publisher\":{\"@id\":\"https:\\\/\\\/www.rucashk.com\\\/pt\\\/#organization\"}}]}\n\t\t<\/script>\n\t\t<!-- All in One SEO Pro -->\r\n\t\t<title>Xiaomi Smart Band 7 - Rucas - Wholesale and Distribution<\/title>\n\n","aioseo_head_json":{"title":"Xiaomi Smart Band 7 - Rucas - Wholesale and Distribution","description":"Step up your game Wider Screen, better view 1.62 AMOLED screen, 24% larger visible area than mi smart band 6. New UI\/UX design, display more and detailed information on every page. New generation chipset that support more smooth animation effect on band. More sports modes 120 workout modes, including tennis, outdoor boating and more professional","canonical_url":"https:\/\/www.rucashk.com\/pt\/produto\/xiaomi-smart-band-7\/","robots":"max-image-preview:large","keywords":"","webmasterTools":{"miscellaneous":""},"og:locale":"pt_PT","og:site_name":"Rucas - One-stop AIoT Distribution Worldwide","og:type":"article","og:title":"Xiaomi Smart Band 7 - Rucas - Wholesale and Distribution","og:description":"Step up your game Wider Screen, better view 1.62 AMOLED screen, 24% larger visible area than mi smart band 6. New UI\/UX design, display more and detailed information on every page. New generation chipset that support more smooth animation effect on band. More sports modes 120 workout modes, including tennis, outdoor boating and more professional","og:url":"https:\/\/www.rucashk.com\/pt\/produto\/xiaomi-smart-band-7\/","og:image":"https:\/\/www.rucashk.com\/wp-content\/uploads\/replace\/503b8e645f128a97ccde2b6290747646.jpeg","og:image:secure_url":"https:\/\/www.rucashk.com\/wp-content\/uploads\/replace\/503b8e645f128a97ccde2b6290747646.jpeg","og:image:width":1456,"og:image:height":816,"article:published_time":"2024-01-09T16:24:31+00:00","article:modified_time":"2025-06-22T06:39:39+00:00","twitter:card":"summary_large_image","twitter:title":"Xiaomi Smart Band 7 - Rucas - Wholesale and Distribution","twitter:description":"Step up your game Wider Screen, better view 1.62 AMOLED screen, 24% larger visible area than mi smart band 6. New UI\/UX design, display more and detailed information on every page. New generation chipset that support more smooth animation effect on band. More sports modes 120 workout modes, including tennis, outdoor boating and more professional","twitter:image":"https:\/\/www.rucashk.com\/wp-content\/uploads\/replace\/503b8e645f128a97ccde2b6290747646.jpeg","schema":{"@context":"https:\/\/schema.org","@graph":[{"@type":"BreadcrumbList","@id":"https:\/\/www.rucashk.com\/pt\/produto\/xiaomi-smart-band-7\/#breadcrumblist","itemListElement":[{"@type":"ListItem","@id":"https:\/\/www.rucashk.com\/pt\/#listItem","position":1,"name":"Home","item":"https:\/\/www.rucashk.com\/pt\/","nextItem":"https:\/\/www.rucashk.com\/pt\/produto\/xiaomi-smart-band-7\/#listItem"},{"@type":"ListItem","@id":"https:\/\/www.rucashk.com\/pt\/produto\/xiaomi-smart-band-7\/#listItem","position":2,"name":"Xiaomi Smart Band 7","previousItem":"https:\/\/www.rucashk.com\/pt\/#listItem"}]},{"@type":"Organization","@id":"https:\/\/www.rucashk.com\/pt\/#organization","name":"Rucas","url":"https:\/\/www.rucashk.com\/pt\/","logo":{"@type":"ImageObject","url":"https:\/\/www.rucashk.com\/wp-content\/uploads\/2023\/12\/Rucas_campany_logo.png","@id":"https:\/\/www.rucashk.com\/pt\/produto\/xiaomi-smart-band-7\/#organizationLogo","width":221,"height":65},"image":{"@id":"https:\/\/www.rucashk.com\/pt\/#organizationLogo"}},{"@type":"Person","@id":"https:\/\/www.rucashk.com\/pt\/author\/admin\/#author","url":"https:\/\/www.rucashk.com\/pt\/author\/admin\/","name":"admin","image":{"@type":"ImageObject","@id":"https:\/\/www.rucashk.com\/pt\/produto\/xiaomi-smart-band-7\/#authorImage","url":"https:\/\/secure.gravatar.com\/avatar\/b7c8925b09a27e72b30232f8ecaadbd5af0f70a38c78096863fe51b64f031c24?s=96&d=mm&r=g","width":96,"height":96,"caption":"admin"}},{"@type":"WebPage","@id":"https:\/\/www.rucashk.com\/pt\/produto\/xiaomi-smart-band-7\/#webpage","url":"https:\/\/www.rucashk.com\/pt\/produto\/xiaomi-smart-band-7\/","name":"Xiaomi Smart Band 7 - Rucas - Wholesale and Distribution","description":"Step up your game Wider Screen, better view 1.62 AMOLED screen, 24% larger visible area than mi smart band 6. New UI\/UX design, display more and detailed information on every page. New generation chipset that support more smooth animation effect on band. More sports modes 120 workout modes, including tennis, outdoor boating and more professional","inLanguage":"pt-PT","isPartOf":{"@id":"https:\/\/www.rucashk.com\/pt\/#website"},"breadcrumb":{"@id":"https:\/\/www.rucashk.com\/pt\/produto\/xiaomi-smart-band-7\/#breadcrumblist"},"author":{"@id":"https:\/\/www.rucashk.com\/pt\/author\/admin\/#author"},"creator":{"@id":"https:\/\/www.rucashk.com\/pt\/author\/admin\/#author"},"image":{"@type":"ImageObject","url":"https:\/\/www.rucashk.com\/wp-content\/uploads\/2024\/01\/1111111111.png","@id":"https:\/\/www.rucashk.com\/pt\/produto\/xiaomi-smart-band-7\/#mainImage","width":1088,"height":503},"primaryImageOfPage":{"@id":"https:\/\/www.rucashk.com\/pt\/produto\/xiaomi-smart-band-7\/#mainImage"},"datePublished":"2024-01-09T16:24:31+00:00","dateModified":"2025-06-22T06:39:39+00:00"},{"@type":"WebSite","@id":"https:\/\/www.rucashk.com\/pt\/#website","url":"https:\/\/www.rucashk.com\/pt\/","name":"Rucas - Wholesale and distribution worldwide","alternateName":"Rucas - One-stop AIoT Distribution Worldwide","description":"One-stop AIoT Distribution Worldwide","inLanguage":"pt-PT","publisher":{"@id":"https:\/\/www.rucashk.com\/pt\/#organization"}}]}},"aioseo_meta_data":{"post_id":"26115","title":null,"description":null,"keywords":null,"keyphrases":null,"primary_term":null,"canonical_url":null,"og_title":null,"og_description":null,"og_object_type":"default","og_image_type":"default","og_image_url":null,"og_image_width":null,"og_image_height":null,"og_image_custom_url":null,"og_image_custom_fields":null,"og_video":null,"og_custom_url":null,"og_article_section":null,"og_article_tags":null,"twitter_use_og":false,"twitter_card":"default","twitter_image_type":"default","twitter_image_url":null,"twitter_image_custom_url":null,"twitter_image_custom_fields":null,"twitter_title":null,"twitter_description":null,"schema":{"blockGraphs":[],"customGraphs":[],"default":{"data":{"Article":[],"Course":[],"Dataset":[],"FAQPage":[],"Movie":[],"Person":[],"Product":[],"Recipe":[],"Service":[],"SoftwareApplication":[],"WebPage":[]},"graphName":"","isEnabled":true},"graphs":[]},"schema_type":"default","schema_type_options":null,"pillar_content":false,"robots_default":true,"robots_noindex":false,"robots_noarchive":false,"robots_nosnippet":false,"robots_nofollow":false,"robots_noimageindex":false,"robots_noodp":false,"robots_notranslate":false,"robots_max_snippet":null,"robots_max_videopreview":null,"robots_max_imagepreview":"large","priority":null,"frequency":null,"local_seo":null,"breadcrumb_settings":null,"limit_modified_date":false,"created":"2024-04-11 01:57:20","updated":"2025-06-22 18:12:12"},"aioseo_breadcrumb":"<div class=\"aioseo-breadcrumbs\"><span class=\"aioseo-breadcrumb\">\n\t<a href=\"https:\/\/www.rucashk.com\/pt\" title=\"Home\">Home<\/a>\n<\/span><span class=\"aioseo-breadcrumb-separator\">&raquo;<\/span><span class=\"aioseo-breadcrumb\">\n\t<a href=\"https:\/\/www.rucashk.com\/pt\/products\/\" title=\"Produtos\">Produtos<\/a>\n<\/span><span class=\"aioseo-breadcrumb-separator\">&raquo;<\/span><span class=\"aioseo-breadcrumb\">\n\t<a href=\"https:\/\/www.rucashk.com\/pt\/marca\/xiaomi\/\" title=\"Xiaomi\">Xiaomi<\/a>\n<\/span><span class=\"aioseo-breadcrumb-separator\">&raquo;<\/span><span class=\"aioseo-breadcrumb\">\n\tXiaomi Smart Band 7\n<\/span><\/div>","aioseo_breadcrumb_json":[{"label":"Home","link":"https:\/\/www.rucashk.com\/pt"},{"label":"Produtos","link":"https:\/\/www.rucashk.com\/pt\/products\/"},{"label":"Xiaomi","link":"https:\/\/www.rucashk.com\/pt\/marca\/xiaomi\/"},{"label":"Xiaomi Smart Band 7","link":"https:\/\/www.rucashk.com\/pt\/produto\/xiaomi-smart-band-7\/"}],"_links":{"self":[{"href":"https:\/\/www.rucashk.com\/pt\/wp-json\/wp\/v2\/product\/26115","targetHints":{"allow":["GET"]}}],"collection":[{"href":"https:\/\/www.rucashk.com\/pt\/wp-json\/wp\/v2\/product"}],"about":[{"href":"https:\/\/www.rucashk.com\/pt\/wp-json\/wp\/v2\/types\/product"}],"wp:featuredmedia":[{"embeddable":true,"href":"https:\/\/www.rucashk.com\/pt\/wp-json\/wp\/v2\/media\/26146"}],"wp:attachment":[{"href":"https:\/\/www.rucashk.com\/pt\/wp-json\/wp\/v2\/media?parent=26115"}],"wp:term":[{"taxonomy":"product_brand","embeddable":true,"href":"https:\/\/www.rucashk.com\/pt\/wp-json\/wp\/v2\/product_brand?post=26115"},{"taxonomy":"product_cat","embeddable":true,"href":"https:\/\/www.rucashk.com\/pt\/wp-json\/wp\/v2\/product_cat?post=26115"},{"taxonomy":"product_tag","embeddable":true,"href":"https:\/\/www.rucashk.com\/pt\/wp-json\/wp\/v2\/product_tag?post=26115"}],"curies":[{"name":"wp","href":"https:\/\/api.w.org\/{rel}","templated":true}]}}