{"id":26111,"date":"2024-01-09T16:24:31","date_gmt":"2024-01-09T16:24:31","guid":{"rendered":"http:\/\/rucashk.com\/?post_type=product&#038;p=26111"},"modified":"2024-03-12T07:29:47","modified_gmt":"2024-03-12T07:29:47","slug":"hutt-c6-robot-window-cleaner","status":"publish","type":"product","link":"https:\/\/www.rucashk.com\/pt\/produto\/hutt-c6-robot-window-cleaner\/","title":{"rendered":"Limpador de janelas rob\u00f4 Hutt C6"},"content":{"rendered":"<div class=\"detailmodule_text-image\">\n<div><img decoding=\"async\" alt=\"Hutt C6 Robot Window Cleaner\" class=\"detail-desc-decorate-image\" src=\"\/wp-content\/uploads\/replace\/2617206ae27f882cdb0d444c147b811e.jpeg\" \/><\/div>\n<\/div>\n<div class=\"detailmodule_text-image\">\n<p class=\"detail-desc-decorate-content\">Pode ser usado seco ou molhado sem escorregar.<br \/>\nPlanejamento inteligente autom\u00e1tico.<br \/>\nMotor sem escova do Jap\u00e3o.<\/p>\n<div><img decoding=\"async\" alt=\"Hutt C6 Robot Window Cleaner\" class=\"detail-desc-decorate-image\" src=\"\/wp-content\/uploads\/replace\/d9cc6085bd43ce49c7e52b5e12f6ab7c.jpeg\" \/><\/div>\n<\/div>\n<div class=\"detailmodule_text-image\">\n<p class=\"detail-desc-decorate-content\">8 evolu\u00e7\u00f5es inovadoras<br \/>\nalta qualidade. mais segura. Mais tranquilidade.<br \/>\nQualidade atualizada e componentes cuidadosamente selecionados.<br \/>\nSuc\u00e7\u00e3o de frequ\u00eancia vari\u00e1vel, algoritmo inovador.<br \/>\nVerdadeira tecnologia de limpeza profunda.<br \/>\nObst\u00e1culos de detec\u00e7\u00e3o inteligente de IA.<br \/>\nDesign cuidadoso de redu\u00e7\u00e3o de ru\u00eddo.<br \/>\nPlanejamento de caminho inteligente.<br \/>\nN\u00e3o cair\u00e1 quando a energia estiver desligada.<br \/>\nPano de limpeza nano de fibra de alta densidade.<\/p>\n<div><img decoding=\"async\" alt=\"Hutt C6 Robot Window Cleaner\" class=\"detail-desc-decorate-image\" src=\"\/wp-content\/uploads\/replace\/eca6eea0771e550c30f0e648259c198f.jpeg\" \/><\/div>\n<\/div>\n<div class=\"detailmodule_text-image\">\n<p class=\"detail-desc-decorate-content\">Componentes da marca em destaque<br \/>\nArquitetura ARM.<br \/>\nCPU de hardware inteligente CORTEX M3 core,<br \/>\nSTMicroeletr\u00f4nica.<br \/>\nF\u00e3 japon\u00eas do NIDEC.<br \/>\nSensor de press\u00e3o americano FREESCALE MEMS.<br \/>\nChip de girosc\u00f3pio importado de 6 eixos.<br \/>\nBateria de \u00edon de l\u00edtio de pol\u00edmero de super capacidade de 650mAh da China.<\/p>\n<div><img decoding=\"async\" alt=\"Hutt C6 Robot Window Cleaner\" class=\"detail-desc-decorate-image\" src=\"\/wp-content\/uploads\/replace\/a2de83923e9eba634895102cc1078763.jpeg\" \/><\/div>\n<\/div>\n<div class=\"detailmodule_text-image\">\n<p class=\"detail-desc-decorate-content\">Motor sem escova do Jap\u00e3o.<br \/>\nReduza o ru\u00eddo.<br \/>\nUsando motor sem escova japon\u00eas NIDEC. Duto de ar de v\u00f3rtice de ventilador simplificado.<br \/>\nAlta press\u00e3o est\u00e1tica. Barulho baixo. Vida longa. Ainda \u00f3tima suc\u00e7\u00e3o.<\/p>\n<div><img decoding=\"async\" alt=\"Hutt C6 Robot Window Cleaner\" class=\"detail-desc-decorate-image\" src=\"\/wp-content\/uploads\/replace\/5dd11a04afd3024ad6a0684f383f8c15.jpeg\" \/><\/div>\n<\/div>\n<div class=\"detailmodule_text-image\">\n<p class=\"detail-desc-decorate-content\">Convers\u00e3o de frequ\u00eancia HUTT Inova\u00e7\u00e3o em suc\u00e7\u00e3o<br \/>\nIdentifique diferentes n\u00edveis de sujeira. Ajuste automaticamente a suc\u00e7\u00e3o.<br \/>\nRecuse-se a derrapar. N\u00e3o danifica o vidro.<br \/>\nManchas de chuva 2600PA<br \/>\nAreia 2800PA<br \/>\nPonto de lama 3000PA<br \/>\np\u00e1ssaros do inseto 3200PA<br \/>\nParede 3400PA cinza<\/p>\n<div><img decoding=\"async\" alt=\"Hutt C6 Robot Window Cleaner\" class=\"detail-desc-decorate-image\" src=\"\/wp-content\/uploads\/replace\/bee7801550549e2ec14cd7a827b493b2.jpeg\" \/><\/div>\n<\/div>\n<div class=\"detailmodule_text-image\">\n<p class=\"detail-desc-decorate-content\">Design bi\u00f4nico torcido Gecko<br \/>\nLimpe automaticamente 2 vezes com um bot\u00e3o, limpe uniformemente e com mais cuidado.<\/p>\n<div><img decoding=\"async\" alt=\"Hutt C6 Robot Window Cleaner\" class=\"detail-desc-decorate-image\" src=\"\/wp-content\/uploads\/replace\/a546f9dbb0fec115dc4920a1206bcb3c.jpeg\" \/><\/div>\n<\/div>\n<div class=\"detailmodule_text-image\">\n<p class=\"detail-desc-decorate-content\">Borda de detec\u00e7\u00e3o inteligente AI. Planejamento inteligente de caminhos.<br \/>\nReconhe\u00e7a diferentes graus de sujeira, ajuste automaticamente a suc\u00e7\u00e3o e evite escorregar. N\u00e3o danifica o vidro.<\/p>\n<div><img decoding=\"async\" alt=\"Hutt C6 Robot Window Cleaner\" class=\"detail-desc-decorate-image\" src=\"\/wp-content\/uploads\/replace\/aa80f61dbbe37d33a24764cbe90382a5.jpeg\" \/><\/div>\n<\/div>\n<div class=\"detailmodule_text-image\">\n<p class=\"detail-desc-decorate-content\">Modo de prote\u00e7\u00e3o de 6 vezes. A salvo da queda.<br \/>\nAjuste din\u00e2mico de suc\u00e7\u00e3o de frequ\u00eancia.<br \/>\nA m\u00e1quina ajusta automaticamente a limpeza da janela de convers\u00e3o de frequ\u00eancia de suc\u00e7\u00e3o de acordo com a umidade seca do ar e as diferentes for\u00e7as de atrito na superf\u00edcie do vidro. Capaz de suportar 7KG de gravidade.<br \/>\nAo mesmo tempo, com o sensor de detec\u00e7\u00e3o de borda para detectar a posi\u00e7\u00e3o autom\u00e1tica. me diverti.<br \/>\nEvite quedas. Em caso de falha acidental de energia, a bateria incorporada pode iniciar automaticamente durante 20 minutos. Ao mesmo tempo, a fuselagem est\u00e1 equipada com uma corda de seguran\u00e7a para escalada de 5m, que pode suportar a for\u00e7a de 180KG em caso de queda.<br \/>\nV\u00e1rias medidas de seguran\u00e7a est\u00e3o vinculadas.<br \/>\nPode ser usado com seguran\u00e7a em vidros altos.<\/p>\n<div><img decoding=\"async\" alt=\"Hutt C6 Robot Window Cleaner\" class=\"detail-desc-decorate-image\" src=\"\/wp-content\/uploads\/replace\/52d6349f95b049fc4ade9a8dc7766309.jpeg\" \/><\/div>\n<\/div>\n<div class=\"detailmodule_text-image\">\n<p class=\"detail-desc-decorate-content\">Limpeza de janelas de convers\u00e3o de frequ\u00eancia.<br \/>\nIntelig\u00eancia de IA.<br \/>\nCorda de seguran\u00e7a de 5m.<br \/>\nFor\u00e7a de 180KG.<br \/>\nDura\u00e7\u00e3o da bateria de 20 minutos.<br \/>\nGravidade de 7KG.<\/p>\n<p>O corpo esguio \u00e9 mais inteligente.<br \/>\nMenos de 9cm. O vidro interno e externo da janela de seguran\u00e7a pode ser limpo.<\/p>\n<div><img decoding=\"async\" alt=\"Hutt C6 Robot Window Cleaner\" class=\"detail-desc-decorate-image\" src=\"\/wp-content\/uploads\/replace\/ddc25b1e931e1d8265f5ee0015ebff5f.jpeg\" \/><\/div>\n<\/div>\n<div class=\"detailmodule_text\">\n<p class=\"detail-desc-decorate-content\">Mais do que apenas limpar janelas.<br \/>\nAdequado para mais materiais para limpar, pode ser limpo sem moldura<br \/>\nVidro \/ Azulejo \/ Espelho \/ Porta de Madeira \/ A\u00e7o Inoxid\u00e1vel \/ M\u00e1rmore<\/p>\n<\/div>\n<div class=\"detailmodule_image\"><img decoding=\"async\" alt=\"Hutt C6 Robot Window Cleaner\" class=\"detail-desc-decorate-image\" src=\"\/wp-content\/uploads\/replace\/ddd2e6247bfdcc4a201ea1589d200d52.jpeg\" \/><\/div>\n<div class=\"detailmodule_text-image\">\n<p class=\"detail-desc-decorate-content\">Modo de inicializa\u00e7\u00e3o dupla<br \/>\nN\u00e3o h\u00e1 necessidade de encontrar um controle remoto<br \/>\nO host come\u00e7a com um clique,<br \/>\nAtiva\u00e7\u00e3o por controle remoto com um clique<\/p>\n<div><img decoding=\"async\" alt=\"Hutt C6 Robot Window Cleaner\" class=\"detail-desc-decorate-image\" src=\"\/wp-content\/uploads\/replace\/0f557c3e47a709033ec5328541f5e9e0.jpeg\" \/><\/div>\n<\/div>\n<div class=\"detailmodule_text-image\">\n<p class=\"detail-desc-decorate-content\">Etapas para uso<br \/>\nconectar fonte de alimenta\u00e7\u00e3o<br \/>\nAparafuse a corda de seguran\u00e7a<br \/>\nTor\u00e7a o pano para secar<br \/>\nColoque um pano na m\u00e1quina<br \/>\nPressione o bot\u00e3o liga \/ desliga para ligar<\/p>\n<div><img decoding=\"async\" alt=\"Hutt C6 Robot Window Cleaner\" class=\"detail-desc-decorate-image\" src=\"\/wp-content\/uploads\/replace\/ca4148e9223bf9a36247c6dbd796b8bf.jpeg\" \/><\/div>\n<\/div>\n<div class=\"detailmodule_text\">\n<p class=\"detail-desc-decorate-content\">Descri\u00e7\u00e3o do produto<br \/>\n1.Interruptor de partida<br \/>\n2.Interruptor de alimenta\u00e7\u00e3o<br \/>\n3. Orif\u00edcio de exaust\u00e3o<br \/>\n4.Janela de recep\u00e7\u00e3o remota superior<br \/>\n5. Indicador de carga<br \/>\n6. Luz de falha superior<br \/>\n7. Cabo de alimenta\u00e7\u00e3o<br \/>\n8. Orif\u00edcio de instala\u00e7\u00e3o da corda de seguran\u00e7a<br \/>\n9. Plataforma girat\u00f3ria<br \/>\n10. Janela de recep\u00e7\u00e3o de controle remoto na parte inferior<br \/>\n11.Bot\u00e3o Redefinir<br \/>\n12. Luz de falha inferior (vermelha)<br \/>\n13. Luz de falha inferior (verde)<\/p>\n<\/div>\n<div class=\"detailmodule_image\"><img decoding=\"async\" alt=\"Hutt C6 Robot Window Cleaner\" class=\"detail-desc-decorate-image\" src=\"\/wp-content\/uploads\/replace\/e19d93f71726bb64caed7487f2b21f68.jpeg\" \/><\/div>\n<div class=\"detailmodule_text\">\n<p class=\"detail-desc-decorate-content\">Configura\u00e7\u00e3o do produto<br \/>\nComputador host<br \/>\ncontrole remoto<br \/>\ntoca discos<br \/>\ntrapo<br \/>\nPlugue de carregamento<br \/>\nAdaptador de energia<br \/>\ncorda de seguran\u00e7a<br \/>\nRegador de 100ml<br \/>\nManual<br \/>\nGuia r\u00e1pido<\/p>\n<\/div>\n<div class=\"detailmodule_image\"><img decoding=\"async\" alt=\"Hutt C6 Robot Window Cleaner\" class=\"detail-desc-decorate-image\" src=\"\/wp-content\/uploads\/replace\/c2cfbec7604c764a135ecad31e753813.jpeg\" \/><\/div>","protected":false},"excerpt":{"rendered":"<p>Can be used dry or wet without slipping. Automatic intelligent planning. Japan brushless motor. 8 innovative evolutions high quality. safer. More peace of mind. Upgraded quality and carefully selected components. Variable frequency suction, innovative algorithm. True deep cleaning technology. AI intelligent detection obstacles. Careful noise reduction design. Intelligent path planning. It will not fall when [&hellip;]<\/p>","protected":false},"featured_media":26142,"template":"","meta":[],"product_brand":[],"product_cat":[1341,1305],"product_tag":[],"class_list":{"0":"post-26111","1":"product","2":"type-product","3":"status-publish","4":"has-post-thumbnail","6":"product_cat-others","7":"product_cat-xiaomi-eco","9":"first","10":"instock","11":"shipping-taxable","12":"product-type-simple"},"aioseo_notices":[],"aioseo_head":"\n\t\t<!-- All in One SEO Pro 4.5.9.2 - aioseo.com -->\n\t\t<meta name=\"description\" content=\"Can be used dry or wet without slipping. Automatic intelligent planning. Japan brushless motor. 8 innovative evolutions high quality. safer. More peace of mind. Upgraded quality and carefully selected components. Variable frequency suction, innovative algorithm. True deep cleaning technology. AI intelligent detection obstacles. Careful noise reduction design. Intelligent path planning. It will not fall when\" \/>\n\t\t<meta name=\"robots\" content=\"max-image-preview:large\" \/>\n\t\t<link rel=\"canonical\" href=\"https:\/\/www.rucashk.com\/pt\/produto\/hutt-c6-robot-window-cleaner\/\" \/>\n\t\t<meta name=\"generator\" content=\"All in One SEO Pro (AIOSEO) 4.5.9.2\" \/>\n\t\t<meta property=\"og:locale\" content=\"pt_PT\" \/>\n\t\t<meta property=\"og:site_name\" content=\"Rucas - One-stop AIoT Distribution Worldwide\" \/>\n\t\t<meta property=\"og:type\" content=\"article\" \/>\n\t\t<meta property=\"og:title\" content=\"Hutt C6 Robot Window Cleaner - Rucas - Wholesale and Distribution\" \/>\n\t\t<meta property=\"og:description\" content=\"Can be used dry or wet without slipping. Automatic intelligent planning. Japan brushless motor. 8 innovative evolutions high quality. safer. More peace of mind. Upgraded quality and carefully selected components. Variable frequency suction, innovative algorithm. True deep cleaning technology. AI intelligent detection obstacles. Careful noise reduction design. Intelligent path planning. It will not fall when\" \/>\n\t\t<meta property=\"og:url\" content=\"https:\/\/www.rucashk.com\/pt\/produto\/hutt-c6-robot-window-cleaner\/\" \/>\n\t\t<meta property=\"og:image\" content=\"https:\/\/www.rucashk.com\/wp-content\/uploads\/replace\/503b8e645f128a97ccde2b6290747646.jpeg\" \/>\n\t\t<meta property=\"og:image:secure_url\" content=\"https:\/\/www.rucashk.com\/wp-content\/uploads\/replace\/503b8e645f128a97ccde2b6290747646.jpeg\" \/>\n\t\t<meta property=\"og:image:width\" content=\"1456\" \/>\n\t\t<meta property=\"og:image:height\" content=\"816\" \/>\n\t\t<meta property=\"article:published_time\" content=\"2024-01-09T16:24:31+00:00\" \/>\n\t\t<meta property=\"article:modified_time\" content=\"2024-03-12T07:29:47+00:00\" \/>\n\t\t<meta name=\"twitter:card\" content=\"summary_large_image\" \/>\n\t\t<meta name=\"twitter:title\" content=\"Hutt C6 Robot Window Cleaner - Rucas - Wholesale and Distribution\" \/>\n\t\t<meta name=\"twitter:description\" content=\"Can be used dry or wet without slipping. Automatic intelligent planning. Japan brushless motor. 8 innovative evolutions high quality. safer. More peace of mind. Upgraded quality and carefully selected components. Variable frequency suction, innovative algorithm. True deep cleaning technology. AI intelligent detection obstacles. Careful noise reduction design. Intelligent path planning. It will not fall when\" \/>\n\t\t<meta name=\"twitter:image\" content=\"https:\/\/www.rucashk.com\/wp-content\/uploads\/replace\/503b8e645f128a97ccde2b6290747646.jpeg\" \/>\n\t\t<script type=\"application\/ld+json\" class=\"aioseo-schema\">\n\t\t\t{\"@context\":\"https:\\\/\\\/schema.org\",\"@graph\":[{\"@type\":\"BreadcrumbList\",\"@id\":\"https:\\\/\\\/www.rucashk.com\\\/pt\\\/produto\\\/hutt-c6-robot-window-cleaner\\\/#breadcrumblist\",\"itemListElement\":[{\"@type\":\"ListItem\",\"@id\":\"https:\\\/\\\/www.rucashk.com\\\/pt\\\/#listItem\",\"position\":1,\"name\":\"Home\",\"item\":\"https:\\\/\\\/www.rucashk.com\\\/pt\\\/\",\"nextItem\":\"https:\\\/\\\/www.rucashk.com\\\/pt\\\/produto\\\/hutt-c6-robot-window-cleaner\\\/#listItem\"},{\"@type\":\"ListItem\",\"@id\":\"https:\\\/\\\/www.rucashk.com\\\/pt\\\/produto\\\/hutt-c6-robot-window-cleaner\\\/#listItem\",\"position\":2,\"name\":\"Hutt C6 Robot Window Cleaner\",\"previousItem\":\"https:\\\/\\\/www.rucashk.com\\\/pt\\\/#listItem\"}]},{\"@type\":\"Organization\",\"@id\":\"https:\\\/\\\/www.rucashk.com\\\/pt\\\/#organization\",\"name\":\"Rucas\",\"url\":\"https:\\\/\\\/www.rucashk.com\\\/pt\\\/\",\"logo\":{\"@type\":\"ImageObject\",\"url\":\"https:\\\/\\\/www.rucashk.com\\\/wp-content\\\/uploads\\\/2023\\\/12\\\/Rucas_campany_logo.png\",\"@id\":\"https:\\\/\\\/www.rucashk.com\\\/pt\\\/produto\\\/hutt-c6-robot-window-cleaner\\\/#organizationLogo\",\"width\":221,\"height\":65},\"image\":{\"@id\":\"https:\\\/\\\/www.rucashk.com\\\/pt\\\/#organizationLogo\"}},{\"@type\":\"Person\",\"@id\":\"https:\\\/\\\/www.rucashk.com\\\/pt\\\/author\\\/admin\\\/#author\",\"url\":\"https:\\\/\\\/www.rucashk.com\\\/pt\\\/author\\\/admin\\\/\",\"name\":\"admin\",\"image\":{\"@type\":\"ImageObject\",\"@id\":\"https:\\\/\\\/www.rucashk.com\\\/pt\\\/produto\\\/hutt-c6-robot-window-cleaner\\\/#authorImage\",\"url\":\"https:\\\/\\\/secure.gravatar.com\\\/avatar\\\/b7c8925b09a27e72b30232f8ecaadbd5af0f70a38c78096863fe51b64f031c24?s=96&d=mm&r=g\",\"width\":96,\"height\":96,\"caption\":\"admin\"}},{\"@type\":\"WebPage\",\"@id\":\"https:\\\/\\\/www.rucashk.com\\\/pt\\\/produto\\\/hutt-c6-robot-window-cleaner\\\/#webpage\",\"url\":\"https:\\\/\\\/www.rucashk.com\\\/pt\\\/produto\\\/hutt-c6-robot-window-cleaner\\\/\",\"name\":\"Hutt C6 Robot Window Cleaner - Rucas - Wholesale and Distribution\",\"description\":\"Can be used dry or wet without slipping. Automatic intelligent planning. Japan brushless motor. 8 innovative evolutions high quality. safer. More peace of mind. Upgraded quality and carefully selected components. Variable frequency suction, innovative algorithm. True deep cleaning technology. AI intelligent detection obstacles. Careful noise reduction design. Intelligent path planning. It will not fall when\",\"inLanguage\":\"pt-PT\",\"isPartOf\":{\"@id\":\"https:\\\/\\\/www.rucashk.com\\\/pt\\\/#website\"},\"breadcrumb\":{\"@id\":\"https:\\\/\\\/www.rucashk.com\\\/pt\\\/produto\\\/hutt-c6-robot-window-cleaner\\\/#breadcrumblist\"},\"author\":{\"@id\":\"https:\\\/\\\/www.rucashk.com\\\/pt\\\/author\\\/admin\\\/#author\"},\"creator\":{\"@id\":\"https:\\\/\\\/www.rucashk.com\\\/pt\\\/author\\\/admin\\\/#author\"},\"image\":{\"@type\":\"ImageObject\",\"url\":\"https:\\\/\\\/www.rucashk.com\\\/wp-content\\\/uploads\\\/2024\\\/01\\\/\\u5fae\\u4fe1\\u622a\\u56fe_20220328141629-1.png\",\"@id\":\"https:\\\/\\\/www.rucashk.com\\\/pt\\\/produto\\\/hutt-c6-robot-window-cleaner\\\/#mainImage\",\"width\":943,\"height\":804},\"primaryImageOfPage\":{\"@id\":\"https:\\\/\\\/www.rucashk.com\\\/pt\\\/produto\\\/hutt-c6-robot-window-cleaner\\\/#mainImage\"},\"datePublished\":\"2024-01-09T16:24:31+00:00\",\"dateModified\":\"2024-03-12T07:29:47+00:00\"},{\"@type\":\"WebSite\",\"@id\":\"https:\\\/\\\/www.rucashk.com\\\/pt\\\/#website\",\"url\":\"https:\\\/\\\/www.rucashk.com\\\/pt\\\/\",\"name\":\"Rucas - Wholesale and distribution worldwide\",\"alternateName\":\"Rucas - One-stop AIoT Distribution Worldwide\",\"description\":\"One-stop AIoT Distribution Worldwide\",\"inLanguage\":\"pt-PT\",\"publisher\":{\"@id\":\"https:\\\/\\\/www.rucashk.com\\\/pt\\\/#organization\"}}]}\n\t\t<\/script>\n\t\t<!-- All in One SEO Pro -->\r\n\t\t<title>Hutt C6 Robot Window Cleaner - Rucas - Wholesale and Distribution<\/title>\n\n","aioseo_head_json":{"title":"Hutt C6 Robot Window Cleaner - Rucas - Wholesale and Distribution","description":"Can be used dry or wet without slipping. Automatic intelligent planning. Japan brushless motor. 8 innovative evolutions high quality. safer. More peace of mind. Upgraded quality and carefully selected components. Variable frequency suction, innovative algorithm. True deep cleaning technology. AI intelligent detection obstacles. Careful noise reduction design. Intelligent path planning. It will not fall when","canonical_url":"https:\/\/www.rucashk.com\/pt\/produto\/hutt-c6-robot-window-cleaner\/","robots":"max-image-preview:large","keywords":"","webmasterTools":{"miscellaneous":""},"og:locale":"pt_PT","og:site_name":"Rucas - One-stop AIoT Distribution Worldwide","og:type":"article","og:title":"Hutt C6 Robot Window Cleaner - Rucas - Wholesale and Distribution","og:description":"Can be used dry or wet without slipping. Automatic intelligent planning. Japan brushless motor. 8 innovative evolutions high quality. safer. More peace of mind. Upgraded quality and carefully selected components. Variable frequency suction, innovative algorithm. True deep cleaning technology. AI intelligent detection obstacles. Careful noise reduction design. Intelligent path planning. It will not fall when","og:url":"https:\/\/www.rucashk.com\/pt\/produto\/hutt-c6-robot-window-cleaner\/","og:image":"https:\/\/www.rucashk.com\/wp-content\/uploads\/replace\/503b8e645f128a97ccde2b6290747646.jpeg","og:image:secure_url":"https:\/\/www.rucashk.com\/wp-content\/uploads\/replace\/503b8e645f128a97ccde2b6290747646.jpeg","og:image:width":1456,"og:image:height":816,"article:published_time":"2024-01-09T16:24:31+00:00","article:modified_time":"2024-03-12T07:29:47+00:00","twitter:card":"summary_large_image","twitter:title":"Hutt C6 Robot Window Cleaner - Rucas - Wholesale and Distribution","twitter:description":"Can be used dry or wet without slipping. Automatic intelligent planning. Japan brushless motor. 8 innovative evolutions high quality. safer. More peace of mind. Upgraded quality and carefully selected components. Variable frequency suction, innovative algorithm. True deep cleaning technology. AI intelligent detection obstacles. Careful noise reduction design. Intelligent path planning. It will not fall when","twitter:image":"https:\/\/www.rucashk.com\/wp-content\/uploads\/replace\/503b8e645f128a97ccde2b6290747646.jpeg","schema":{"@context":"https:\/\/schema.org","@graph":[{"@type":"BreadcrumbList","@id":"https:\/\/www.rucashk.com\/pt\/produto\/hutt-c6-robot-window-cleaner\/#breadcrumblist","itemListElement":[{"@type":"ListItem","@id":"https:\/\/www.rucashk.com\/pt\/#listItem","position":1,"name":"Home","item":"https:\/\/www.rucashk.com\/pt\/","nextItem":"https:\/\/www.rucashk.com\/pt\/produto\/hutt-c6-robot-window-cleaner\/#listItem"},{"@type":"ListItem","@id":"https:\/\/www.rucashk.com\/pt\/produto\/hutt-c6-robot-window-cleaner\/#listItem","position":2,"name":"Hutt C6 Robot Window Cleaner","previousItem":"https:\/\/www.rucashk.com\/pt\/#listItem"}]},{"@type":"Organization","@id":"https:\/\/www.rucashk.com\/pt\/#organization","name":"Rucas","url":"https:\/\/www.rucashk.com\/pt\/","logo":{"@type":"ImageObject","url":"https:\/\/www.rucashk.com\/wp-content\/uploads\/2023\/12\/Rucas_campany_logo.png","@id":"https:\/\/www.rucashk.com\/pt\/produto\/hutt-c6-robot-window-cleaner\/#organizationLogo","width":221,"height":65},"image":{"@id":"https:\/\/www.rucashk.com\/pt\/#organizationLogo"}},{"@type":"Person","@id":"https:\/\/www.rucashk.com\/pt\/author\/admin\/#author","url":"https:\/\/www.rucashk.com\/pt\/author\/admin\/","name":"admin","image":{"@type":"ImageObject","@id":"https:\/\/www.rucashk.com\/pt\/produto\/hutt-c6-robot-window-cleaner\/#authorImage","url":"https:\/\/secure.gravatar.com\/avatar\/b7c8925b09a27e72b30232f8ecaadbd5af0f70a38c78096863fe51b64f031c24?s=96&d=mm&r=g","width":96,"height":96,"caption":"admin"}},{"@type":"WebPage","@id":"https:\/\/www.rucashk.com\/pt\/produto\/hutt-c6-robot-window-cleaner\/#webpage","url":"https:\/\/www.rucashk.com\/pt\/produto\/hutt-c6-robot-window-cleaner\/","name":"Hutt C6 Robot Window Cleaner - Rucas - Wholesale and Distribution","description":"Can be used dry or wet without slipping. Automatic intelligent planning. Japan brushless motor. 8 innovative evolutions high quality. safer. More peace of mind. Upgraded quality and carefully selected components. Variable frequency suction, innovative algorithm. True deep cleaning technology. AI intelligent detection obstacles. Careful noise reduction design. Intelligent path planning. It will not fall when","inLanguage":"pt-PT","isPartOf":{"@id":"https:\/\/www.rucashk.com\/pt\/#website"},"breadcrumb":{"@id":"https:\/\/www.rucashk.com\/pt\/produto\/hutt-c6-robot-window-cleaner\/#breadcrumblist"},"author":{"@id":"https:\/\/www.rucashk.com\/pt\/author\/admin\/#author"},"creator":{"@id":"https:\/\/www.rucashk.com\/pt\/author\/admin\/#author"},"image":{"@type":"ImageObject","url":"https:\/\/www.rucashk.com\/wp-content\/uploads\/2024\/01\/\u5fae\u4fe1\u622a\u56fe_20220328141629-1.png","@id":"https:\/\/www.rucashk.com\/pt\/produto\/hutt-c6-robot-window-cleaner\/#mainImage","width":943,"height":804},"primaryImageOfPage":{"@id":"https:\/\/www.rucashk.com\/pt\/produto\/hutt-c6-robot-window-cleaner\/#mainImage"},"datePublished":"2024-01-09T16:24:31+00:00","dateModified":"2024-03-12T07:29:47+00:00"},{"@type":"WebSite","@id":"https:\/\/www.rucashk.com\/pt\/#website","url":"https:\/\/www.rucashk.com\/pt\/","name":"Rucas - Wholesale and distribution worldwide","alternateName":"Rucas - One-stop AIoT Distribution Worldwide","description":"One-stop AIoT Distribution Worldwide","inLanguage":"pt-PT","publisher":{"@id":"https:\/\/www.rucashk.com\/pt\/#organization"}}]}},"aioseo_meta_data":{"post_id":"26111","title":null,"description":null,"keywords":null,"keyphrases":null,"primary_term":null,"canonical_url":null,"og_title":null,"og_description":null,"og_object_type":"default","og_image_type":"default","og_image_url":null,"og_image_width":null,"og_image_height":null,"og_image_custom_url":null,"og_image_custom_fields":null,"og_video":null,"og_custom_url":null,"og_article_section":null,"og_article_tags":null,"twitter_use_og":false,"twitter_card":"default","twitter_image_type":"default","twitter_image_url":null,"twitter_image_custom_url":null,"twitter_image_custom_fields":null,"twitter_title":null,"twitter_description":null,"schema":{"blockGraphs":[],"customGraphs":[],"default":{"data":{"Article":[],"Course":[],"Dataset":[],"FAQPage":[],"Movie":[],"Person":[],"Product":[],"Recipe":[],"Service":[],"SoftwareApplication":[],"WebPage":[]},"graphName":"","isEnabled":true},"graphs":[]},"schema_type":"default","schema_type_options":null,"pillar_content":false,"robots_default":true,"robots_noindex":false,"robots_noarchive":false,"robots_nosnippet":false,"robots_nofollow":false,"robots_noimageindex":false,"robots_noodp":false,"robots_notranslate":false,"robots_max_snippet":null,"robots_max_videopreview":null,"robots_max_imagepreview":"large","priority":null,"frequency":null,"local_seo":null,"breadcrumb_settings":null,"limit_modified_date":false,"created":"2024-04-11 01:57:20","updated":"2025-06-22 18:12:12"},"aioseo_breadcrumb":"<div class=\"aioseo-breadcrumbs\"><span class=\"aioseo-breadcrumb\">\n\t<a href=\"https:\/\/www.rucashk.com\/pt\" title=\"Home\">Home<\/a>\n<\/span><span class=\"aioseo-breadcrumb-separator\">&raquo;<\/span><span class=\"aioseo-breadcrumb\">\n\t<a href=\"https:\/\/www.rucashk.com\/pt\/products\/\" title=\"Produtos\">Produtos<\/a>\n<\/span><span class=\"aioseo-breadcrumb-separator\">&raquo;<\/span><span class=\"aioseo-breadcrumb\">\n\t<a href=\"https:\/\/www.rucashk.com\/pt\/categoria-produto\/xiaomi-eco\/\" title=\"Xiaomi Eco\">Xiaomi Eco<\/a>\n<\/span><span class=\"aioseo-breadcrumb-separator\">&raquo;<\/span><span class=\"aioseo-breadcrumb\">\n\t<a href=\"https:\/\/www.rucashk.com\/pt\/categoria-produto\/xiaomi-eco\/others\/\" title=\"Others\">Others<\/a>\n<\/span><span class=\"aioseo-breadcrumb-separator\">&raquo;<\/span><span class=\"aioseo-breadcrumb\">\n\tHutt C6 Robot Window Cleaner\n<\/span><\/div>","aioseo_breadcrumb_json":[{"label":"Home","link":"https:\/\/www.rucashk.com\/pt"},{"label":"Produtos","link":"https:\/\/www.rucashk.com\/pt\/products\/"},{"label":"Xiaomi Eco","link":"https:\/\/www.rucashk.com\/pt\/categoria-produto\/xiaomi-eco\/"},{"label":"Others","link":"https:\/\/www.rucashk.com\/pt\/categoria-produto\/xiaomi-eco\/others\/"},{"label":"Hutt C6 Robot Window Cleaner","link":"https:\/\/www.rucashk.com\/pt\/produto\/hutt-c6-robot-window-cleaner\/"}],"_links":{"self":[{"href":"https:\/\/www.rucashk.com\/pt\/wp-json\/wp\/v2\/product\/26111","targetHints":{"allow":["GET"]}}],"collection":[{"href":"https:\/\/www.rucashk.com\/pt\/wp-json\/wp\/v2\/product"}],"about":[{"href":"https:\/\/www.rucashk.com\/pt\/wp-json\/wp\/v2\/types\/product"}],"wp:featuredmedia":[{"embeddable":true,"href":"https:\/\/www.rucashk.com\/pt\/wp-json\/wp\/v2\/media\/26142"}],"wp:attachment":[{"href":"https:\/\/www.rucashk.com\/pt\/wp-json\/wp\/v2\/media?parent=26111"}],"wp:term":[{"taxonomy":"product_brand","embeddable":true,"href":"https:\/\/www.rucashk.com\/pt\/wp-json\/wp\/v2\/product_brand?post=26111"},{"taxonomy":"product_cat","embeddable":true,"href":"https:\/\/www.rucashk.com\/pt\/wp-json\/wp\/v2\/product_cat?post=26111"},{"taxonomy":"product_tag","embeddable":true,"href":"https:\/\/www.rucashk.com\/pt\/wp-json\/wp\/v2\/product_tag?post=26111"}],"curies":[{"name":"wp","href":"https:\/\/api.w.org\/{rel}","templated":true}]}}