{"id":26106,"date":"2024-01-09T16:24:30","date_gmt":"2024-01-09T16:24:30","guid":{"rendered":"http:\/\/rucashk.com\/?post_type=product&#038;p=26106"},"modified":"2025-06-22T06:39:39","modified_gmt":"2025-06-22T06:39:39","slug":"xiaomi-buds-3t-pro-2","status":"publish","type":"product","link":"https:\/\/www.rucashk.com\/pt\/produto\/xiaomi-buds-3t-pro-2\/","title":{"rendered":"Xiaomi Buds 3T Pro"},"content":{"rendered":"<p>Xiaomi Buds 3T Pro Black, fones de ouvido sem fio com cancelamento de ru\u00eddo adaptativo e rastreamento din\u00e2mico da cabe\u00e7a<br \/>\nBluetooth 5.2 \u2013 Smart ANC \u2013 3 microfones integrados \u2013 Driver de 10 mm \u2013 Codec LHDC 4.0 \u2013 Rastreamento din\u00e2mico da cabe\u00e7a \u2013 At\u00e9 24 horas de dura\u00e7\u00e3o total da bateria \u2013 Carregamento sem fio Qi \u2013 Design confort\u00e1vel e ergon\u00f4mico \u2013 IP55 resistente \u00e0 \u00e1gua e ao suor<\/p>\n<p>Apresentamos os Buds 3T Pro, os novos auriculares True Wireless da Xiaomi, com um design totalmente sem fios para que possa dar o seu melhor enquanto faz exerc\u00edcio, joga ou v\u00ea v\u00eddeos. Fios ou ru\u00eddos n\u00e3o atrapalhar\u00e3o! Com tecnologia ANC de \u00faltima gera\u00e7\u00e3o que reduz o ru\u00eddo de fundo para que voc\u00ea ou\u00e7a apenas o que realmente deseja ouvir. Fique aqui para saber mais sobre isso! Diremos-lhe porque deve comprar os Xiaomi Buds 3T Pro Preto na Powerplanetonline.<\/p>\n<p>Tecnologia ANC com cancelamento inteligente de ru\u00eddo ambiente<br \/>\nColoque o Xiaomi Buds 3T Pro nos ouvidos e deixe a m\u00fasica fluir. Eles apresentam a tecnologia l\u00edder ANC (Cancelamento Ativo de Ru\u00eddo), que reduz at\u00e9 40 dB do som ambiente. \u00c9 s\u00f3 voc\u00ea e sua m\u00fasica ou filmes, mesmo nos lugares mais barulhentos.<\/p>\n<p>Mas isso n\u00e3o \u00e9 tudo: os Buds 3T Pro possuem 3 modos ANC, e voc\u00ea pode ativ\u00e1-los tanto manual quanto automaticamente, pois eles podem detectar a quantidade e o tipo de ru\u00eddo ao seu redor e escolher o modo mais adequado para o momento. Os fones de ouvido mais inteligentes!<\/p>\n<p>Modo de transpar\u00eancia para conversas claras e compreens\u00edveis<br \/>\nPor\u00e9m, se preferir, voc\u00ea tamb\u00e9m pode selecionar o Modo Transpar\u00eancia. Este modo n\u00e3o s\u00f3 \u00e9 capaz de bloquear ru\u00eddos, mas tamb\u00e9m mant\u00e9m voc\u00ea ciente do que est\u00e1 acontecendo ao seu redor, permitindo que voc\u00ea converse sem ter que remover os fones de ouvido. O Xiaomi Buds 3T Pro capta a voz do seu companheiro ou da pessoa com quem voc\u00ea est\u00e1 conversando e a aprimora para que as frequ\u00eancias permane\u00e7am claras e compreens\u00edveis.<\/p>\n<p>Microfone triplo para chamadas com cancelamento de ru\u00eddo<br \/>\nPor outro lado, seus chamadores tamb\u00e9m ouvir\u00e3o voc\u00ea com muita clareza quando voc\u00ea usar o Buds 3T Pro para atender ou fazer chamadas.<\/p>\n<p>Voc\u00ea quer saber por qu\u00ea? Porque existem tr\u00eas microfones que dependem de um algoritmo para filtrar o ru\u00eddo de fundo para que apenas voc\u00ea possa ser ouvido. Nada mais e nada menos!<\/p>\n<p>Som de alta defini\u00e7\u00e3o com driver de 10 mm e codec LHDC 4.0<br \/>\nProjetado com uma unidade de luxo, o Xiaomi Buds 3T Pro oferece som com qualidade de est\u00fadio. Apresentando um driver din\u00e2mico de \u00edm\u00e3 duplo de 10 mm e revestimento de diafragma DLC, eles fornecem \u00e1udio preciso e balanceado em qualquer n\u00edvel de volume, com graves potentes e altas frequ\u00eancias n\u00edtidas para fazer voc\u00ea cantar, dan\u00e7ar e se mover ao som de sua m\u00fasica favorita como se estivesse ouvindo. pela primeira vez.<\/p>\n<p>Al\u00e9m disso, o codec de \u00e1udio LHDC 4.0 avan\u00e7ado e de baixa lat\u00eancia oferece streaming de \u00e1udio de alta defini\u00e7\u00e3o para um som explosivo e brilhante. \u00c9 incr\u00edvel!<\/p>\n<p>Som surround com rastreamento din\u00e2mico da cabe\u00e7a<br \/>\nSinta o \u00e1udio envolver seus ouvidos com seu efeito surround. Mergulhe em uma experi\u00eancia tridimensional sempre que ouvir m\u00fasica ou assistir a um filme ou programa. Os Buds 3T Pro tamb\u00e9m apresentam uma nova tecnologia que rastreia os movimentos da cabe\u00e7a, semelhante aos AirPods de 3\u00aa gera\u00e7\u00e3o da Apple, para que cada detalhe e efeito sonoro permane\u00e7a onde pertence.<\/p>\n<p>Conecte-os a 2 dispositivos ao mesmo tempo<br \/>\nAl\u00e9m do mais, a nova solu\u00e7\u00e3o que vem com o chip Bluetooth 5.2 \u00e9 que voc\u00ea pode emparelhar seu Xiaomi Buds 3T Pro com 2 dispositivos simultaneamente, para que voc\u00ea possa alternar rapidamente a conex\u00e3o entre um e outro em determinadas situa\u00e7\u00f5es. Por exemplo, quando voc\u00ea est\u00e1 assistindo a um filme no seu tablet e de repente recebe uma chamada no seu telefone. N\u00e3o poderia ser mais f\u00e1cil ou mais conveniente!<\/p>\n<p>At\u00e9 24 horas de dura\u00e7\u00e3o total da bateria*<br \/>\nOs fones de ouvido Bluetooth Xiaomi Buds 3T Pro tamb\u00e9m est\u00e3o prontos para oferecer o melhor de si durante todo o dia.<\/p>\n<p>Eles oferecem uma dura\u00e7\u00e3o total da bateria de at\u00e9 24 horas* gra\u00e7as aos carregamentos extras no case. Por\u00e9m, se voc\u00ea tem uma longa viagem pela frente e n\u00e3o quer ficar muito tempo sem os fones de ouvido, n\u00e3o se preocupe, pois uma \u00fanica carga do Buds 3T Pro oferece 6 horas*. Al\u00e9m disso, em apenas 10 minutos de carregamento, o Xiaomi Buds 3T Pro oferece 3 horas extras de uso e \u00e9 compat\u00edvel com carregadores sem fio Qi.<\/p>\n<p>*A vida \u00fatil da bateria est\u00e1 sujeita \u00e0s condi\u00e7\u00f5es de uso, como tipo de arquivo reproduzido, n\u00edvel de volume, estabilidade da conex\u00e3o, etc.<\/p>\n<p>Novo design curvo e leve \u2013 IP55 resistente \u00e0 \u00e1gua e ao suor<br \/>\nClaro, outra coisa que os Buds 3T Pro oferecem \u00e9 a excelente qualidade de constru\u00e7\u00e3o, com um design curvo e ultraleve para dar o conforto que voc\u00ea precisa ao us\u00e1-los por um longo tempo, al\u00e9m de um ajuste seguro no canal auditivo para eles n\u00e3o se mover\u00e3o ou escapar\u00e3o quando voc\u00ea estiver dando tudo de si. Para fazer isso, n\u00e3o se esque\u00e7a de escolher o tamanho da ponta auricular que melhor funciona para voc\u00ea.<\/p>\n<p>E por \u00faltimo, com uma classifica\u00e7\u00e3o IP55 para resist\u00eancia \u00e0 \u00e1gua e ao p\u00f3, os Xiaomi Buds 3T Pro s\u00e3o perfeitos para fazer exerc\u00edcio enquanto desfruta da sua m\u00fasica. Portanto, fique em forma com os melhores equipamentos onde quer que esteja!<\/p>\n<p>IP55 \u00e9 um padr\u00e3o internacional. De acordo com o IP5, a resist\u00eancia total \u00e0 poeira n\u00e3o \u00e9 garantida, mas uma pequena quantidade de poeira n\u00e3o afetar\u00e1 a capacidade de funcionamento adequado dos fones de ouvido. IPX5 indica prote\u00e7\u00e3o contra jatos de \u00e1gua de baixa press\u00e3o vindos de todas as dire\u00e7\u00f5es. N\u00e3o mergulhe. Seque bem antes de us\u00e1-los novamente.<\/p>\n<p>Especifica\u00e7\u00f5es t\u00e9cnicas Xiaomi Buds 3T Pro Preto:<br \/>\nPar\u00e2metros gerais<br \/>\nMarca: Xiaomi<br \/>\nModelo: Buds 3T Pro (BHR5177GL)<br \/>\nTipo: TWS (verdadeiro sem fio)<br \/>\nDesign: intra-auricular<br \/>\nBluetooth<br \/>\nVers\u00e3o: 5.2<br \/>\nDist\u00e2ncia efetiva: 10 metros<br \/>\nBateria<br \/>\nCapacidade do fone de ouvido: 38 mAh (cada)<br \/>\nCapacidade da caixa: 480mAh<br \/>\nVida \u00fatil da bateria (ANC desligado): 6 horas (depende das condi\u00e7\u00f5es de reprodu\u00e7\u00e3o, como volume ou tipo de arquivo)<br \/>\nVida \u00fatil total da bateria (ANC desligado): 24 horas (depende das condi\u00e7\u00f5es de reprodu\u00e7\u00e3o, como volume ou tipo de arquivo)<br \/>\nTempo de carregamento do fone de ouvido: 70 minutos (com fio)<br \/>\nModo de carregamento: carregamento sem fio USB tipo C \/ Qi<br \/>\nPeso<br \/>\nCada fone de ouvido: 4,9g<br \/>\nFones de ouvido + estojo: 48g<br \/>\nConte\u00fado do pacote<br \/>\n2 x Xiaomi Buds 3T Pro Preto (esquerda + direita)<br \/>\n1 x estojo de carregamento<br \/>\n1 x cabo de carregamento<br \/>\n3 x pares de pontas auriculares<br \/>\n1 x Manual do Usu\u00e1rio<\/p>","protected":false},"excerpt":{"rendered":"<p>Xiaomi Buds 3T Pro Black, wireless earphones with adaptive noise cancellation and dynamic head tracking Bluetooth 5.2 &#8211; Smart ANC &#8211; 3 built-in microphones &#8211; 10mm driver &#8211; LHDC 4.0 codec &#8211; Dynamic head tracking &#8211; Up to 24 hours of total battery life &#8211; Qi wireless charging &#8211; Comfortable and ergonomic design &#8211; IP55 [&hellip;]<\/p>","protected":false},"featured_media":0,"template":"","meta":[],"product_brand":[1363],"product_cat":[1306,1305],"product_tag":[],"class_list":{"0":"post-26106","1":"product","2":"type-product","3":"status-publish","5":"product_brand-xiaomi","6":"product_cat-mi-redmi-earphone","7":"product_cat-xiaomi-eco","9":"first","10":"instock","11":"shipping-taxable","12":"product-type-simple"},"aioseo_notices":[],"aioseo_head":"\n\t\t<!-- All in One SEO Pro 4.5.9.2 - aioseo.com -->\n\t\t<meta name=\"description\" content=\"Xiaomi Buds 3T Pro Black, wireless earphones with adaptive noise cancellation and dynamic head tracking Bluetooth 5.2 - Smart ANC - 3 built-in microphones - 10mm driver - LHDC 4.0 codec - Dynamic head tracking - Up to 24 hours of total battery life - Qi wireless charging - Comfortable and ergonomic design - IP55\" \/>\n\t\t<meta name=\"robots\" content=\"max-image-preview:large\" \/>\n\t\t<link rel=\"canonical\" href=\"https:\/\/www.rucashk.com\/pt\/produto\/xiaomi-buds-3t-pro-2\/\" \/>\n\t\t<meta name=\"generator\" content=\"All in One SEO Pro (AIOSEO) 4.5.9.2\" \/>\n\t\t<meta property=\"og:locale\" content=\"pt_PT\" \/>\n\t\t<meta property=\"og:site_name\" content=\"Rucas - One-stop AIoT Distribution Worldwide\" \/>\n\t\t<meta property=\"og:type\" content=\"article\" \/>\n\t\t<meta property=\"og:title\" content=\"Xiaomi Buds 3T Pro - Rucas - Wholesale and Distribution\" \/>\n\t\t<meta property=\"og:description\" content=\"Xiaomi Buds 3T Pro Black, wireless earphones with adaptive noise cancellation and dynamic head tracking Bluetooth 5.2 - Smart ANC - 3 built-in microphones - 10mm driver - LHDC 4.0 codec - Dynamic head tracking - Up to 24 hours of total battery life - Qi wireless charging - Comfortable and ergonomic design - IP55\" \/>\n\t\t<meta property=\"og:url\" content=\"https:\/\/www.rucashk.com\/pt\/produto\/xiaomi-buds-3t-pro-2\/\" \/>\n\t\t<meta property=\"og:image\" content=\"https:\/\/www.rucashk.com\/wp-content\/uploads\/replace\/503b8e645f128a97ccde2b6290747646.jpeg\" \/>\n\t\t<meta property=\"og:image:secure_url\" content=\"https:\/\/www.rucashk.com\/wp-content\/uploads\/replace\/503b8e645f128a97ccde2b6290747646.jpeg\" \/>\n\t\t<meta property=\"og:image:width\" content=\"1456\" \/>\n\t\t<meta property=\"og:image:height\" content=\"816\" \/>\n\t\t<meta property=\"article:published_time\" content=\"2024-01-09T16:24:30+00:00\" \/>\n\t\t<meta property=\"article:modified_time\" content=\"2025-06-22T06:39:39+00:00\" \/>\n\t\t<meta name=\"twitter:card\" content=\"summary_large_image\" \/>\n\t\t<meta name=\"twitter:title\" content=\"Xiaomi Buds 3T Pro - Rucas - Wholesale and Distribution\" \/>\n\t\t<meta name=\"twitter:description\" content=\"Xiaomi Buds 3T Pro Black, wireless earphones with adaptive noise cancellation and dynamic head tracking Bluetooth 5.2 - Smart ANC - 3 built-in microphones - 10mm driver - LHDC 4.0 codec - Dynamic head tracking - Up to 24 hours of total battery life - Qi wireless charging - Comfortable and ergonomic design - IP55\" \/>\n\t\t<meta name=\"twitter:image\" content=\"https:\/\/www.rucashk.com\/wp-content\/uploads\/replace\/503b8e645f128a97ccde2b6290747646.jpeg\" \/>\n\t\t<script type=\"application\/ld+json\" class=\"aioseo-schema\">\n\t\t\t{\"@context\":\"https:\\\/\\\/schema.org\",\"@graph\":[{\"@type\":\"BreadcrumbList\",\"@id\":\"https:\\\/\\\/www.rucashk.com\\\/pt\\\/produto\\\/xiaomi-buds-3t-pro-2\\\/#breadcrumblist\",\"itemListElement\":[{\"@type\":\"ListItem\",\"@id\":\"https:\\\/\\\/www.rucashk.com\\\/pt\\\/#listItem\",\"position\":1,\"name\":\"Home\",\"item\":\"https:\\\/\\\/www.rucashk.com\\\/pt\\\/\",\"nextItem\":\"https:\\\/\\\/www.rucashk.com\\\/pt\\\/produto\\\/xiaomi-buds-3t-pro-2\\\/#listItem\"},{\"@type\":\"ListItem\",\"@id\":\"https:\\\/\\\/www.rucashk.com\\\/pt\\\/produto\\\/xiaomi-buds-3t-pro-2\\\/#listItem\",\"position\":2,\"name\":\"Xiaomi Buds 3T Pro\",\"previousItem\":\"https:\\\/\\\/www.rucashk.com\\\/pt\\\/#listItem\"}]},{\"@type\":\"Organization\",\"@id\":\"https:\\\/\\\/www.rucashk.com\\\/pt\\\/#organization\",\"name\":\"Rucas\",\"url\":\"https:\\\/\\\/www.rucashk.com\\\/pt\\\/\",\"logo\":{\"@type\":\"ImageObject\",\"url\":\"https:\\\/\\\/www.rucashk.com\\\/wp-content\\\/uploads\\\/2023\\\/12\\\/Rucas_campany_logo.png\",\"@id\":\"https:\\\/\\\/www.rucashk.com\\\/pt\\\/produto\\\/xiaomi-buds-3t-pro-2\\\/#organizationLogo\",\"width\":221,\"height\":65},\"image\":{\"@id\":\"https:\\\/\\\/www.rucashk.com\\\/pt\\\/#organizationLogo\"}},{\"@type\":\"Person\",\"@id\":\"https:\\\/\\\/www.rucashk.com\\\/pt\\\/author\\\/admin\\\/#author\",\"url\":\"https:\\\/\\\/www.rucashk.com\\\/pt\\\/author\\\/admin\\\/\",\"name\":\"admin\",\"image\":{\"@type\":\"ImageObject\",\"@id\":\"https:\\\/\\\/www.rucashk.com\\\/pt\\\/produto\\\/xiaomi-buds-3t-pro-2\\\/#authorImage\",\"url\":\"https:\\\/\\\/secure.gravatar.com\\\/avatar\\\/b7c8925b09a27e72b30232f8ecaadbd5af0f70a38c78096863fe51b64f031c24?s=96&d=mm&r=g\",\"width\":96,\"height\":96,\"caption\":\"admin\"}},{\"@type\":\"WebPage\",\"@id\":\"https:\\\/\\\/www.rucashk.com\\\/pt\\\/produto\\\/xiaomi-buds-3t-pro-2\\\/#webpage\",\"url\":\"https:\\\/\\\/www.rucashk.com\\\/pt\\\/produto\\\/xiaomi-buds-3t-pro-2\\\/\",\"name\":\"Xiaomi Buds 3T Pro - Rucas - Wholesale and Distribution\",\"description\":\"Xiaomi Buds 3T Pro Black, wireless earphones with adaptive noise cancellation and dynamic head tracking Bluetooth 5.2 - Smart ANC - 3 built-in microphones - 10mm driver - LHDC 4.0 codec - Dynamic head tracking - Up to 24 hours of total battery life - Qi wireless charging - Comfortable and ergonomic design - IP55\",\"inLanguage\":\"pt-PT\",\"isPartOf\":{\"@id\":\"https:\\\/\\\/www.rucashk.com\\\/pt\\\/#website\"},\"breadcrumb\":{\"@id\":\"https:\\\/\\\/www.rucashk.com\\\/pt\\\/produto\\\/xiaomi-buds-3t-pro-2\\\/#breadcrumblist\"},\"author\":{\"@id\":\"https:\\\/\\\/www.rucashk.com\\\/pt\\\/author\\\/admin\\\/#author\"},\"creator\":{\"@id\":\"https:\\\/\\\/www.rucashk.com\\\/pt\\\/author\\\/admin\\\/#author\"},\"datePublished\":\"2024-01-09T16:24:30+00:00\",\"dateModified\":\"2025-06-22T06:39:39+00:00\"},{\"@type\":\"WebSite\",\"@id\":\"https:\\\/\\\/www.rucashk.com\\\/pt\\\/#website\",\"url\":\"https:\\\/\\\/www.rucashk.com\\\/pt\\\/\",\"name\":\"Rucas - Wholesale and distribution worldwide\",\"alternateName\":\"Rucas - One-stop AIoT Distribution Worldwide\",\"description\":\"One-stop AIoT Distribution Worldwide\",\"inLanguage\":\"pt-PT\",\"publisher\":{\"@id\":\"https:\\\/\\\/www.rucashk.com\\\/pt\\\/#organization\"}}]}\n\t\t<\/script>\n\t\t<!-- All in One SEO Pro -->\r\n\t\t<title>Xiaomi Buds 3T Pro - Rucas - Wholesale and Distribution<\/title>\n\n","aioseo_head_json":{"title":"Xiaomi Buds 3T Pro - Rucas - Wholesale and Distribution","description":"Xiaomi Buds 3T Pro Black, wireless earphones with adaptive noise cancellation and dynamic head tracking Bluetooth 5.2 - Smart ANC - 3 built-in microphones - 10mm driver - LHDC 4.0 codec - Dynamic head tracking - Up to 24 hours of total battery life - Qi wireless charging - Comfortable and ergonomic design - IP55","canonical_url":"https:\/\/www.rucashk.com\/pt\/produto\/xiaomi-buds-3t-pro-2\/","robots":"max-image-preview:large","keywords":"","webmasterTools":{"miscellaneous":""},"og:locale":"pt_PT","og:site_name":"Rucas - One-stop AIoT Distribution Worldwide","og:type":"article","og:title":"Xiaomi Buds 3T Pro - Rucas - Wholesale and Distribution","og:description":"Xiaomi Buds 3T Pro Black, wireless earphones with adaptive noise cancellation and dynamic head tracking Bluetooth 5.2 - Smart ANC - 3 built-in microphones - 10mm driver - LHDC 4.0 codec - Dynamic head tracking - Up to 24 hours of total battery life - Qi wireless charging - Comfortable and ergonomic design - IP55","og:url":"https:\/\/www.rucashk.com\/pt\/produto\/xiaomi-buds-3t-pro-2\/","og:image":"https:\/\/www.rucashk.com\/wp-content\/uploads\/replace\/503b8e645f128a97ccde2b6290747646.jpeg","og:image:secure_url":"https:\/\/www.rucashk.com\/wp-content\/uploads\/replace\/503b8e645f128a97ccde2b6290747646.jpeg","og:image:width":1456,"og:image:height":816,"article:published_time":"2024-01-09T16:24:30+00:00","article:modified_time":"2025-06-22T06:39:39+00:00","twitter:card":"summary_large_image","twitter:title":"Xiaomi Buds 3T Pro - Rucas - Wholesale and Distribution","twitter:description":"Xiaomi Buds 3T Pro Black, wireless earphones with adaptive noise cancellation and dynamic head tracking Bluetooth 5.2 - Smart ANC - 3 built-in microphones - 10mm driver - LHDC 4.0 codec - Dynamic head tracking - Up to 24 hours of total battery life - Qi wireless charging - Comfortable and ergonomic design - IP55","twitter:image":"https:\/\/www.rucashk.com\/wp-content\/uploads\/replace\/503b8e645f128a97ccde2b6290747646.jpeg","schema":{"@context":"https:\/\/schema.org","@graph":[{"@type":"BreadcrumbList","@id":"https:\/\/www.rucashk.com\/pt\/produto\/xiaomi-buds-3t-pro-2\/#breadcrumblist","itemListElement":[{"@type":"ListItem","@id":"https:\/\/www.rucashk.com\/pt\/#listItem","position":1,"name":"Home","item":"https:\/\/www.rucashk.com\/pt\/","nextItem":"https:\/\/www.rucashk.com\/pt\/produto\/xiaomi-buds-3t-pro-2\/#listItem"},{"@type":"ListItem","@id":"https:\/\/www.rucashk.com\/pt\/produto\/xiaomi-buds-3t-pro-2\/#listItem","position":2,"name":"Xiaomi Buds 3T Pro","previousItem":"https:\/\/www.rucashk.com\/pt\/#listItem"}]},{"@type":"Organization","@id":"https:\/\/www.rucashk.com\/pt\/#organization","name":"Rucas","url":"https:\/\/www.rucashk.com\/pt\/","logo":{"@type":"ImageObject","url":"https:\/\/www.rucashk.com\/wp-content\/uploads\/2023\/12\/Rucas_campany_logo.png","@id":"https:\/\/www.rucashk.com\/pt\/produto\/xiaomi-buds-3t-pro-2\/#organizationLogo","width":221,"height":65},"image":{"@id":"https:\/\/www.rucashk.com\/pt\/#organizationLogo"}},{"@type":"Person","@id":"https:\/\/www.rucashk.com\/pt\/author\/admin\/#author","url":"https:\/\/www.rucashk.com\/pt\/author\/admin\/","name":"admin","image":{"@type":"ImageObject","@id":"https:\/\/www.rucashk.com\/pt\/produto\/xiaomi-buds-3t-pro-2\/#authorImage","url":"https:\/\/secure.gravatar.com\/avatar\/b7c8925b09a27e72b30232f8ecaadbd5af0f70a38c78096863fe51b64f031c24?s=96&d=mm&r=g","width":96,"height":96,"caption":"admin"}},{"@type":"WebPage","@id":"https:\/\/www.rucashk.com\/pt\/produto\/xiaomi-buds-3t-pro-2\/#webpage","url":"https:\/\/www.rucashk.com\/pt\/produto\/xiaomi-buds-3t-pro-2\/","name":"Xiaomi Buds 3T Pro - Rucas - Wholesale and Distribution","description":"Xiaomi Buds 3T Pro Black, wireless earphones with adaptive noise cancellation and dynamic head tracking Bluetooth 5.2 - Smart ANC - 3 built-in microphones - 10mm driver - LHDC 4.0 codec - Dynamic head tracking - Up to 24 hours of total battery life - Qi wireless charging - Comfortable and ergonomic design - IP55","inLanguage":"pt-PT","isPartOf":{"@id":"https:\/\/www.rucashk.com\/pt\/#website"},"breadcrumb":{"@id":"https:\/\/www.rucashk.com\/pt\/produto\/xiaomi-buds-3t-pro-2\/#breadcrumblist"},"author":{"@id":"https:\/\/www.rucashk.com\/pt\/author\/admin\/#author"},"creator":{"@id":"https:\/\/www.rucashk.com\/pt\/author\/admin\/#author"},"datePublished":"2024-01-09T16:24:30+00:00","dateModified":"2025-06-22T06:39:39+00:00"},{"@type":"WebSite","@id":"https:\/\/www.rucashk.com\/pt\/#website","url":"https:\/\/www.rucashk.com\/pt\/","name":"Rucas - Wholesale and distribution worldwide","alternateName":"Rucas - One-stop AIoT Distribution Worldwide","description":"One-stop AIoT Distribution Worldwide","inLanguage":"pt-PT","publisher":{"@id":"https:\/\/www.rucashk.com\/pt\/#organization"}}]}},"aioseo_meta_data":{"post_id":"26106","title":null,"description":null,"keywords":null,"keyphrases":null,"primary_term":null,"canonical_url":null,"og_title":null,"og_description":null,"og_object_type":"default","og_image_type":"default","og_image_url":null,"og_image_width":null,"og_image_height":null,"og_image_custom_url":null,"og_image_custom_fields":null,"og_video":null,"og_custom_url":null,"og_article_section":null,"og_article_tags":null,"twitter_use_og":false,"twitter_card":"default","twitter_image_type":"default","twitter_image_url":null,"twitter_image_custom_url":null,"twitter_image_custom_fields":null,"twitter_title":null,"twitter_description":null,"schema":{"blockGraphs":[],"customGraphs":[],"default":{"data":{"Article":[],"Course":[],"Dataset":[],"FAQPage":[],"Movie":[],"Person":[],"Product":[],"Recipe":[],"Service":[],"SoftwareApplication":[],"WebPage":[]},"graphName":"","isEnabled":true},"graphs":[]},"schema_type":"default","schema_type_options":null,"pillar_content":false,"robots_default":true,"robots_noindex":false,"robots_noarchive":false,"robots_nosnippet":false,"robots_nofollow":false,"robots_noimageindex":false,"robots_noodp":false,"robots_notranslate":false,"robots_max_snippet":null,"robots_max_videopreview":null,"robots_max_imagepreview":"large","priority":null,"frequency":null,"local_seo":null,"breadcrumb_settings":null,"limit_modified_date":false,"created":"2024-04-11 01:57:20","updated":"2025-06-22 18:11:15"},"aioseo_breadcrumb":"<div class=\"aioseo-breadcrumbs\"><span class=\"aioseo-breadcrumb\">\n\t<a href=\"https:\/\/www.rucashk.com\/pt\" title=\"Home\">Home<\/a>\n<\/span><span class=\"aioseo-breadcrumb-separator\">&raquo;<\/span><span class=\"aioseo-breadcrumb\">\n\t<a href=\"https:\/\/www.rucashk.com\/pt\/products\/\" title=\"Produtos\">Produtos<\/a>\n<\/span><span class=\"aioseo-breadcrumb-separator\">&raquo;<\/span><span class=\"aioseo-breadcrumb\">\n\t<a href=\"https:\/\/www.rucashk.com\/pt\/marca\/xiaomi\/\" title=\"Xiaomi\">Xiaomi<\/a>\n<\/span><span class=\"aioseo-breadcrumb-separator\">&raquo;<\/span><span class=\"aioseo-breadcrumb\">\n\tXiaomi Buds 3T Pro\n<\/span><\/div>","aioseo_breadcrumb_json":[{"label":"Home","link":"https:\/\/www.rucashk.com\/pt"},{"label":"Produtos","link":"https:\/\/www.rucashk.com\/pt\/products\/"},{"label":"Xiaomi","link":"https:\/\/www.rucashk.com\/pt\/marca\/xiaomi\/"},{"label":"Xiaomi Buds 3T Pro","link":"https:\/\/www.rucashk.com\/pt\/produto\/xiaomi-buds-3t-pro-2\/"}],"_links":{"self":[{"href":"https:\/\/www.rucashk.com\/pt\/wp-json\/wp\/v2\/product\/26106","targetHints":{"allow":["GET"]}}],"collection":[{"href":"https:\/\/www.rucashk.com\/pt\/wp-json\/wp\/v2\/product"}],"about":[{"href":"https:\/\/www.rucashk.com\/pt\/wp-json\/wp\/v2\/types\/product"}],"wp:attachment":[{"href":"https:\/\/www.rucashk.com\/pt\/wp-json\/wp\/v2\/media?parent=26106"}],"wp:term":[{"taxonomy":"product_brand","embeddable":true,"href":"https:\/\/www.rucashk.com\/pt\/wp-json\/wp\/v2\/product_brand?post=26106"},{"taxonomy":"product_cat","embeddable":true,"href":"https:\/\/www.rucashk.com\/pt\/wp-json\/wp\/v2\/product_cat?post=26106"},{"taxonomy":"product_tag","embeddable":true,"href":"https:\/\/www.rucashk.com\/pt\/wp-json\/wp\/v2\/product_tag?post=26106"}],"curies":[{"name":"wp","href":"https:\/\/api.w.org\/{rel}","templated":true}]}}