{"id":26076,"date":"2024-01-09T16:24:09","date_gmt":"2024-01-09T16:24:09","guid":{"rendered":"http:\/\/rucashk.com\/?post_type=product&#038;p=26076"},"modified":"2025-06-22T06:39:40","modified_gmt":"2025-06-22T06:39:40","slug":"mi-robot-vacuum-mop-2-ultra-eu","status":"publish","type":"product","link":"https:\/\/www.rucashk.com\/pt\/produto\/mi-robot-vacuum-mop-2-ultra-eu\/","title":{"rendered":"Mi Robot Vacuum-Mop 2 Ultra EU"},"content":{"rendered":"<h2>Xiaomi Mi Robot Vacuum Mop 2 Ultra, com navega\u00e7\u00e3o a laser + TOD 3D, 4000 Pa de pot\u00eancia m\u00e1xima e recipiente de p\u00f3 autom\u00e1tico de 4 litros<\/h2>\n<p><strong>Aspirador Robot \u2013 Aspirador independente \u2013 Dep\u00f3sito de p\u00f3 de 550 ml \u2013 Dep\u00f3sito de \u00e1gua eletr\u00f3nico de 200 ml \u2013 Dep\u00f3sito de p\u00f3 de 4 l \u2013 Pot\u00eancia de suc\u00e7\u00e3o de 4000 Pa \u2013 Sistema de navega\u00e7\u00e3o a laser LDS + TOF 3D \u2013 Bateria de 5200 mAh \u2013 Compat\u00edvel com Alexa e Google Assistant<\/strong><\/p>\n<p><strong>Mi Robot V\u00e1cuo Mop 2 Ultra<\/strong>, a nova e mais poderosa vers\u00e3o do implac\u00e1vel aspirador rob\u00f4 da Xiaomi. Voc\u00ea j\u00e1 sabe como \u00e9 conveniente t\u00ea-los esfregando e varrendo para voc\u00ea? Bem, o Mop 2 Ultra far\u00e1 isso perfeitamente gra\u00e7as ao seu forte poder de suc\u00e7\u00e3o de 4000Pa, ao seu sistema de navega\u00e7\u00e3o a laser com tecnologia 3D ToF para evitar obst\u00e1culos e ao seu recipiente de p\u00f3 de alta capacidade. Confie em n\u00f3s\u2026 Voc\u00ea vai se arrepender de n\u00e3o ter feito isso antes. Ficar<strong>\u00a0na Powerplanetonline\u00a0<\/strong>e n\u00f3s lhe daremos todos os motivos para compr\u00e1-lo!<\/p>\n<h3>Navega\u00e7\u00e3o a laser LDS com tecnologia 3D TOF para evitar obst\u00e1culos<\/h3>\n<p>Caso n\u00e3o tenha ficado claro, o Xiaomi Mi Robot Vacuum Mop 2 Pro Ultra \u00e9 um\u00a0<strong>dispositivo inteligente para limpar a casa<\/strong>. Analisa as \u00e1reas a serem limpas,\u00a0<strong>gera mapas precisos\u00a0<\/strong>da casa e localiza obst\u00e1culos para garantir uma varredura altamente eficiente.<\/p>\n<p>Isto \u00e9 conseguido principalmente atrav\u00e9s da\u00a0<strong>Sistema de navega\u00e7\u00e3o a laser LDS<\/strong>\u00a0e<strong>\u00a0Tecnologia TOF 3D<\/strong>. Estes, juntamente com os\u00a0<strong>16 sensores inteligentes<\/strong>, consegue medir dist\u00e2ncias com precis\u00e3o e completar a limpeza sem bater em objetos, desacelerando sempre que encontra algum obst\u00e1culo para evitar colis\u00f5es. Tamb\u00e9m \u00e9 capaz de medir a altura de um m\u00f3vel e calcular se ele pode passar por baixo ou por cima dele (<strong>sobe obst\u00e1culos de at\u00e9 20mm<\/strong>) e, se n\u00e3o, desvie para evitar ficar preso.<\/p>\n<h3>Gerenciamento inteligente de mapas e controle total via Xiaomi Home<\/h3>\n<p>Por outro lado, isso\u00a0<strong>navega\u00e7\u00e3o inteligente<\/strong>\u00a0resulta em<strong>\u00a0melhor desempenho de mapeamento<\/strong>, enquanto a capacidade de medi\u00e7\u00e3o em tempo real do Mi Robot Vacuum-Mop 2 Ultra aumenta o\u00a0<strong>precis\u00e3o do planejamento de rotas\u00a0<\/strong>e gerenciamento de mapas.<\/p>\n<p>Assim, ao reconhecer automaticamente a sua casa, este aspirador rob\u00f4 Xiaomi mapeia, reconhece todos os detalhes e delimita as diferentes divis\u00f5es, permitindo-lhe\u00a0<strong>consulte os mapas e gerencie-os no seu telefone<\/strong>\u00a0e a<strong>\u00a0P\u00e1gina inicial da Xiaomi\u00a0<\/strong>APLICATIVO. Sinta-se \u00e0 vontade para configurar uma ordem de limpeza, selecionar \u00e1reas-chave, criar paredes virtuais, limpar apenas alguns quartos, etc.<\/p>\n<h3>Alto poder de suc\u00e7\u00e3o com 4000 Pa<\/h3>\n<p>Claro, uma das caracter\u00edsticas que nos far\u00e1 escolher o novo\u00a0<strong>Mi Robot V\u00e1cuo Mop 2 Ultra\u00a0<\/strong>\u00e9 o seu incr\u00edvel poder de suc\u00e7\u00e3o, que atinge<strong>\u00a04.000 Pa<\/strong>. Isto, aliado \u00e0 sua\u00a0<strong>escova lateral<\/strong>\u00a0e\u00a0<strong>escova redonda<\/strong>, significa que o novo aspirador da Xiaomi \u00e9 capaz de sugar tudo, desde part\u00edculas microsc\u00f3picas at\u00e9 corpos maiores, como p\u00f3 e sujidade, areia de gato ou p\u00ealos de animais de estima\u00e7\u00e3o, adaptando-se a diferentes n\u00edveis de sujidade.<\/p>\n<h3>Op\u00e7\u00e3o de lavagem com sistema de v\u00e1lvula eletr\u00f4nica<\/h3>\n<p>\u00c9 claro que aspirar n\u00e3o \u00e9 suficiente para eliminar a sujeira seca. Assim, o novo aspirador rob\u00f4 Xiaomi Mop 2 Ultra inclui o\u00a0<strong>op\u00e7\u00e3o de esfregar<\/strong>\u00a0com um\u00a0<strong>Tanque de \u00e1gua de 200 ml<\/strong>\u00a0e\u00a0<strong>sistema de v\u00e1lvula eletr\u00f4nica<\/strong>, que dosa e distribui a \u00e1gua uniformemente pela esfregona, conseguindo um excelente resultado. Voc\u00ea vai esquecer da limpeza!<\/p>\n<h3>Bateria de 5200 mAh e longa autonomia<\/h3>\n<p>Da mesma forma, o aspirador rob\u00f4 Mop 2 Pro Ultra possui um<strong>\u00a0Bateria de 5200mAh<\/strong>, uma grande capacidade que nos d\u00e1 uma\u00a0<strong>dura\u00e7\u00e3o da bateria de cerca de 180 minutos*<\/strong>\u00a0com uma \u00fanica carga. Isto torna o Robot Vacuum Ultra perfeito para casas com cerca de 240 m2.<\/p>\n<p>*A dura\u00e7\u00e3o da bateria est\u00e1 sujeita a determinados par\u00e2metros, como a quantidade de sujidade, o tipo de superf\u00edcie ou a pot\u00eancia de suc\u00e7\u00e3o necess\u00e1ria.<\/p>\n<h3>Esvaziamento inteligente do tanque<\/h3>\n<p>Por fim, o aspirador Xiaomi Mi Robot Vacuum-Mop 2 Ultra tamb\u00e9m conta com tecnologia para\u00a0<strong>esvaziamento autom\u00e1tico do dep\u00f3sito de p\u00f3<\/strong>. Assim, o\u00a0<a title=\"Esta\u00e7\u00e3o de esvaziamento autom\u00e1tico Xiaomi Mi Robot Vacuum Mop 2\" href=\"https:\/\/www.powerplanetonline.com\/en\/auto-emptying-station-vaciado-xiaomi-mi-robot-vacuum-mop-2-ultra\" target=\"_blank\" rel=\"noopener noreferrer\">Esta\u00e7\u00e3o de esvaziamento autom\u00e1tico Xiaomi Mi Robot Vacuum Mop 2<\/a>\u00a0(vendido separadamente) inclui um\u00a0<strong>Recipiente de 4 litros\u00a0<\/strong>para deixar o seu aspirador sempre pronto para uso ap\u00f3s cada carga \u2013 mesmo se voc\u00ea estiver fora de casa por alguns dias!<\/p>\n<h3>Especifica\u00e7\u00f5es t\u00e9cnicas Xiaomi Mi Robot Vacuum Mop 2 Ultra:<\/h3>\n<ul>\n<li><strong>Par\u00e2metros gerais<\/strong>\n<ul>\n<li>Marca: Xiaomi<\/li>\n<li>Modelo: Esfregona 2 Ultra<\/li>\n<li>Cor: Preto<\/li>\n<li>Fun\u00e7\u00f5es: Varrer, Aspirar, Esfregar, Esfregar<\/li>\n<\/ul>\n<\/li>\n<li><strong>Par\u00e2metros t\u00e9cnicos<\/strong>\n<ul>\n<li>Sistema de navega\u00e7\u00e3o: LDS<\/li>\n<li>N\u00edvel m\u00e1ximo de suc\u00e7\u00e3o: 4000 Pa<\/li>\n<li>Capacidade do recipiente de p\u00f3: 550 ml<\/li>\n<li>Capacidade da bateria: 5200mAh<\/li>\n<li>Tens\u00e3o nominal: 14,4V<\/li>\n<li>Pot\u00eancia nominal: 46W<\/li>\n<\/ul>\n<\/li>\n<li><strong>Outros recursos e fun\u00e7\u00f5es<\/strong>\n<ul>\n<li>Subir obst\u00e1culos: Sim, at\u00e9 20mm<\/li>\n<li>Controle via APP: Sim, Xiaomi Home<\/li>\n<li>Compat\u00edvel com Amazon Alexa: Sim<\/li>\n<li>Compat\u00edvel com Google Assistente: Sim<\/li>\n<\/ul>\n<\/li>\n<li><strong>Dimens\u00f5es e peso<\/strong>\n<ul>\n<li>Dimens\u00f5es: 353 \u00d7 350 \u00d7 98,8 mm<\/li>\n<li>Peso: 4,15kg<\/li>\n<\/ul>\n<\/li>\n<li><strong>Conte\u00fado do pacote<\/strong>\n<ul>\n<li>1 x esfreg\u00e3o aspirador rob\u00f4 Xiaomi Mi 2 Ultra<\/li>\n<li>1 x escova redonda central<\/li>\n<li>1 x escova lateral<\/li>\n<li>1 x base de carregamento (CDZ2103)<\/li>\n<li>1 x Manual do Usu\u00e1rio<\/li>\n<\/ul>\n<\/li>\n<\/ul>","protected":false},"excerpt":{"rendered":"<p>Xiaomi Mi Robot Vacuum Mop 2 Ultra, with laser navigation + TOD 3D, 4000 Pa of maximum power and 4-litre automatic dust container Robot Vacuum Cleaner &#8211; Independent vacuum cleaner &#8211; 550 ml dust tank &#8211; 200 ml electronic water tank &#8211; 4 l dust container &#8211; 4000 Pa suction power &#8211; LDS laser navigation [&hellip;]<\/p>","protected":false},"featured_media":26136,"template":"","meta":[],"product_brand":[1363],"product_cat":[1344,1305],"product_tag":[],"class_list":{"0":"post-26076","1":"product","2":"type-product","3":"status-publish","4":"has-post-thumbnail","6":"product_brand-xiaomi","7":"product_cat-mi-vacuum-cleaner","8":"product_cat-xiaomi-eco","10":"first","11":"instock","12":"shipping-taxable","13":"product-type-simple"},"aioseo_notices":[],"aioseo_head":"\n\t\t<!-- All in One SEO Pro 4.5.9.2 - aioseo.com -->\n\t\t<meta name=\"description\" content=\"Xiaomi Mi Robot Vacuum Mop 2 Ultra, with laser navigation + TOD 3D, 4000 Pa of maximum power and 4-litre automatic dust container Robot Vacuum Cleaner - Independent vacuum cleaner - 550 ml dust tank - 200 ml electronic water tank - 4 l dust container - 4000 Pa suction power - LDS laser navigation\" \/>\n\t\t<meta name=\"robots\" content=\"max-image-preview:large\" \/>\n\t\t<link rel=\"canonical\" href=\"https:\/\/www.rucashk.com\/pt\/produto\/mi-robot-vacuum-mop-2-ultra-eu\/\" \/>\n\t\t<meta name=\"generator\" content=\"All in One SEO Pro (AIOSEO) 4.5.9.2\" \/>\n\t\t<meta property=\"og:locale\" content=\"pt_PT\" \/>\n\t\t<meta property=\"og:site_name\" content=\"Rucas - One-stop AIoT Distribution Worldwide\" \/>\n\t\t<meta property=\"og:type\" content=\"article\" \/>\n\t\t<meta property=\"og:title\" content=\"Mi Robot Vacuum-Mop 2 Ultra EU - Rucas - Wholesale and Distribution\" \/>\n\t\t<meta property=\"og:description\" content=\"Xiaomi Mi Robot Vacuum Mop 2 Ultra, with laser navigation + TOD 3D, 4000 Pa of maximum power and 4-litre automatic dust container Robot Vacuum Cleaner - Independent vacuum cleaner - 550 ml dust tank - 200 ml electronic water tank - 4 l dust container - 4000 Pa suction power - LDS laser navigation\" \/>\n\t\t<meta property=\"og:url\" content=\"https:\/\/www.rucashk.com\/pt\/produto\/mi-robot-vacuum-mop-2-ultra-eu\/\" \/>\n\t\t<meta property=\"og:image\" content=\"https:\/\/www.rucashk.com\/wp-content\/uploads\/replace\/503b8e645f128a97ccde2b6290747646.jpeg\" \/>\n\t\t<meta property=\"og:image:secure_url\" content=\"https:\/\/www.rucashk.com\/wp-content\/uploads\/replace\/503b8e645f128a97ccde2b6290747646.jpeg\" \/>\n\t\t<meta property=\"og:image:width\" content=\"1456\" \/>\n\t\t<meta property=\"og:image:height\" content=\"816\" \/>\n\t\t<meta property=\"article:published_time\" content=\"2024-01-09T16:24:09+00:00\" \/>\n\t\t<meta property=\"article:modified_time\" content=\"2025-06-22T06:39:40+00:00\" \/>\n\t\t<meta name=\"twitter:card\" content=\"summary_large_image\" \/>\n\t\t<meta name=\"twitter:title\" content=\"Mi Robot Vacuum-Mop 2 Ultra EU - Rucas - Wholesale and Distribution\" \/>\n\t\t<meta name=\"twitter:description\" content=\"Xiaomi Mi Robot Vacuum Mop 2 Ultra, with laser navigation + TOD 3D, 4000 Pa of maximum power and 4-litre automatic dust container Robot Vacuum Cleaner - Independent vacuum cleaner - 550 ml dust tank - 200 ml electronic water tank - 4 l dust container - 4000 Pa suction power - LDS laser navigation\" \/>\n\t\t<meta name=\"twitter:image\" content=\"https:\/\/www.rucashk.com\/wp-content\/uploads\/replace\/503b8e645f128a97ccde2b6290747646.jpeg\" \/>\n\t\t<script type=\"application\/ld+json\" class=\"aioseo-schema\">\n\t\t\t{\"@context\":\"https:\\\/\\\/schema.org\",\"@graph\":[{\"@type\":\"BreadcrumbList\",\"@id\":\"https:\\\/\\\/www.rucashk.com\\\/pt\\\/produto\\\/mi-robot-vacuum-mop-2-ultra-eu\\\/#breadcrumblist\",\"itemListElement\":[{\"@type\":\"ListItem\",\"@id\":\"https:\\\/\\\/www.rucashk.com\\\/pt\\\/#listItem\",\"position\":1,\"name\":\"Home\",\"item\":\"https:\\\/\\\/www.rucashk.com\\\/pt\\\/\",\"nextItem\":\"https:\\\/\\\/www.rucashk.com\\\/pt\\\/produto\\\/mi-robot-vacuum-mop-2-ultra-eu\\\/#listItem\"},{\"@type\":\"ListItem\",\"@id\":\"https:\\\/\\\/www.rucashk.com\\\/pt\\\/produto\\\/mi-robot-vacuum-mop-2-ultra-eu\\\/#listItem\",\"position\":2,\"name\":\"Mi Robot Vacuum-Mop 2 Ultra EU\",\"previousItem\":\"https:\\\/\\\/www.rucashk.com\\\/pt\\\/#listItem\"}]},{\"@type\":\"Organization\",\"@id\":\"https:\\\/\\\/www.rucashk.com\\\/pt\\\/#organization\",\"name\":\"Rucas\",\"url\":\"https:\\\/\\\/www.rucashk.com\\\/pt\\\/\",\"logo\":{\"@type\":\"ImageObject\",\"url\":\"https:\\\/\\\/www.rucashk.com\\\/wp-content\\\/uploads\\\/2023\\\/12\\\/Rucas_campany_logo.png\",\"@id\":\"https:\\\/\\\/www.rucashk.com\\\/pt\\\/produto\\\/mi-robot-vacuum-mop-2-ultra-eu\\\/#organizationLogo\",\"width\":221,\"height\":65},\"image\":{\"@id\":\"https:\\\/\\\/www.rucashk.com\\\/pt\\\/#organizationLogo\"}},{\"@type\":\"Person\",\"@id\":\"https:\\\/\\\/www.rucashk.com\\\/pt\\\/author\\\/admin\\\/#author\",\"url\":\"https:\\\/\\\/www.rucashk.com\\\/pt\\\/author\\\/admin\\\/\",\"name\":\"admin\",\"image\":{\"@type\":\"ImageObject\",\"@id\":\"https:\\\/\\\/www.rucashk.com\\\/pt\\\/produto\\\/mi-robot-vacuum-mop-2-ultra-eu\\\/#authorImage\",\"url\":\"https:\\\/\\\/secure.gravatar.com\\\/avatar\\\/b7c8925b09a27e72b30232f8ecaadbd5af0f70a38c78096863fe51b64f031c24?s=96&d=mm&r=g\",\"width\":96,\"height\":96,\"caption\":\"admin\"}},{\"@type\":\"WebPage\",\"@id\":\"https:\\\/\\\/www.rucashk.com\\\/pt\\\/produto\\\/mi-robot-vacuum-mop-2-ultra-eu\\\/#webpage\",\"url\":\"https:\\\/\\\/www.rucashk.com\\\/pt\\\/produto\\\/mi-robot-vacuum-mop-2-ultra-eu\\\/\",\"name\":\"Mi Robot Vacuum-Mop 2 Ultra EU - Rucas - Wholesale and Distribution\",\"description\":\"Xiaomi Mi Robot Vacuum Mop 2 Ultra, with laser navigation + TOD 3D, 4000 Pa of maximum power and 4-litre automatic dust container Robot Vacuum Cleaner - Independent vacuum cleaner - 550 ml dust tank - 200 ml electronic water tank - 4 l dust container - 4000 Pa suction power - LDS laser navigation\",\"inLanguage\":\"pt-PT\",\"isPartOf\":{\"@id\":\"https:\\\/\\\/www.rucashk.com\\\/pt\\\/#website\"},\"breadcrumb\":{\"@id\":\"https:\\\/\\\/www.rucashk.com\\\/pt\\\/produto\\\/mi-robot-vacuum-mop-2-ultra-eu\\\/#breadcrumblist\"},\"author\":{\"@id\":\"https:\\\/\\\/www.rucashk.com\\\/pt\\\/author\\\/admin\\\/#author\"},\"creator\":{\"@id\":\"https:\\\/\\\/www.rucashk.com\\\/pt\\\/author\\\/admin\\\/#author\"},\"image\":{\"@type\":\"ImageObject\",\"url\":\"https:\\\/\\\/www.rucashk.com\\\/wp-content\\\/uploads\\\/2024\\\/01\\\/xiaomi_mi_robot_vacuum_mop_2_ultra_aspirador_robot_01_l.jpg\",\"@id\":\"https:\\\/\\\/www.rucashk.com\\\/pt\\\/produto\\\/mi-robot-vacuum-mop-2-ultra-eu\\\/#mainImage\",\"width\":800,\"height\":800},\"primaryImageOfPage\":{\"@id\":\"https:\\\/\\\/www.rucashk.com\\\/pt\\\/produto\\\/mi-robot-vacuum-mop-2-ultra-eu\\\/#mainImage\"},\"datePublished\":\"2024-01-09T16:24:09+00:00\",\"dateModified\":\"2025-06-22T06:39:40+00:00\"},{\"@type\":\"WebSite\",\"@id\":\"https:\\\/\\\/www.rucashk.com\\\/pt\\\/#website\",\"url\":\"https:\\\/\\\/www.rucashk.com\\\/pt\\\/\",\"name\":\"Rucas - Wholesale and distribution worldwide\",\"alternateName\":\"Rucas - One-stop AIoT Distribution Worldwide\",\"description\":\"One-stop AIoT Distribution Worldwide\",\"inLanguage\":\"pt-PT\",\"publisher\":{\"@id\":\"https:\\\/\\\/www.rucashk.com\\\/pt\\\/#organization\"}}]}\n\t\t<\/script>\n\t\t<!-- All in One SEO Pro -->\r\n\t\t<title>Mi Robot Vacuum-Mop 2 Ultra EU - Rucas - Wholesale and Distribution<\/title>\n\n","aioseo_head_json":{"title":"Mi Robot Vacuum-Mop 2 Ultra EU - Rucas - Wholesale and Distribution","description":"Xiaomi Mi Robot Vacuum Mop 2 Ultra, with laser navigation + TOD 3D, 4000 Pa of maximum power and 4-litre automatic dust container Robot Vacuum Cleaner - Independent vacuum cleaner - 550 ml dust tank - 200 ml electronic water tank - 4 l dust container - 4000 Pa suction power - LDS laser navigation","canonical_url":"https:\/\/www.rucashk.com\/pt\/produto\/mi-robot-vacuum-mop-2-ultra-eu\/","robots":"max-image-preview:large","keywords":"","webmasterTools":{"miscellaneous":""},"og:locale":"pt_PT","og:site_name":"Rucas - One-stop AIoT Distribution Worldwide","og:type":"article","og:title":"Mi Robot Vacuum-Mop 2 Ultra EU - Rucas - Wholesale and Distribution","og:description":"Xiaomi Mi Robot Vacuum Mop 2 Ultra, with laser navigation + TOD 3D, 4000 Pa of maximum power and 4-litre automatic dust container Robot Vacuum Cleaner - Independent vacuum cleaner - 550 ml dust tank - 200 ml electronic water tank - 4 l dust container - 4000 Pa suction power - LDS laser navigation","og:url":"https:\/\/www.rucashk.com\/pt\/produto\/mi-robot-vacuum-mop-2-ultra-eu\/","og:image":"https:\/\/www.rucashk.com\/wp-content\/uploads\/replace\/503b8e645f128a97ccde2b6290747646.jpeg","og:image:secure_url":"https:\/\/www.rucashk.com\/wp-content\/uploads\/replace\/503b8e645f128a97ccde2b6290747646.jpeg","og:image:width":1456,"og:image:height":816,"article:published_time":"2024-01-09T16:24:09+00:00","article:modified_time":"2025-06-22T06:39:40+00:00","twitter:card":"summary_large_image","twitter:title":"Mi Robot Vacuum-Mop 2 Ultra EU - Rucas - Wholesale and Distribution","twitter:description":"Xiaomi Mi Robot Vacuum Mop 2 Ultra, with laser navigation + TOD 3D, 4000 Pa of maximum power and 4-litre automatic dust container Robot Vacuum Cleaner - Independent vacuum cleaner - 550 ml dust tank - 200 ml electronic water tank - 4 l dust container - 4000 Pa suction power - LDS laser navigation","twitter:image":"https:\/\/www.rucashk.com\/wp-content\/uploads\/replace\/503b8e645f128a97ccde2b6290747646.jpeg","schema":{"@context":"https:\/\/schema.org","@graph":[{"@type":"BreadcrumbList","@id":"https:\/\/www.rucashk.com\/pt\/produto\/mi-robot-vacuum-mop-2-ultra-eu\/#breadcrumblist","itemListElement":[{"@type":"ListItem","@id":"https:\/\/www.rucashk.com\/pt\/#listItem","position":1,"name":"Home","item":"https:\/\/www.rucashk.com\/pt\/","nextItem":"https:\/\/www.rucashk.com\/pt\/produto\/mi-robot-vacuum-mop-2-ultra-eu\/#listItem"},{"@type":"ListItem","@id":"https:\/\/www.rucashk.com\/pt\/produto\/mi-robot-vacuum-mop-2-ultra-eu\/#listItem","position":2,"name":"Mi Robot Vacuum-Mop 2 Ultra EU","previousItem":"https:\/\/www.rucashk.com\/pt\/#listItem"}]},{"@type":"Organization","@id":"https:\/\/www.rucashk.com\/pt\/#organization","name":"Rucas","url":"https:\/\/www.rucashk.com\/pt\/","logo":{"@type":"ImageObject","url":"https:\/\/www.rucashk.com\/wp-content\/uploads\/2023\/12\/Rucas_campany_logo.png","@id":"https:\/\/www.rucashk.com\/pt\/produto\/mi-robot-vacuum-mop-2-ultra-eu\/#organizationLogo","width":221,"height":65},"image":{"@id":"https:\/\/www.rucashk.com\/pt\/#organizationLogo"}},{"@type":"Person","@id":"https:\/\/www.rucashk.com\/pt\/author\/admin\/#author","url":"https:\/\/www.rucashk.com\/pt\/author\/admin\/","name":"admin","image":{"@type":"ImageObject","@id":"https:\/\/www.rucashk.com\/pt\/produto\/mi-robot-vacuum-mop-2-ultra-eu\/#authorImage","url":"https:\/\/secure.gravatar.com\/avatar\/b7c8925b09a27e72b30232f8ecaadbd5af0f70a38c78096863fe51b64f031c24?s=96&d=mm&r=g","width":96,"height":96,"caption":"admin"}},{"@type":"WebPage","@id":"https:\/\/www.rucashk.com\/pt\/produto\/mi-robot-vacuum-mop-2-ultra-eu\/#webpage","url":"https:\/\/www.rucashk.com\/pt\/produto\/mi-robot-vacuum-mop-2-ultra-eu\/","name":"Mi Robot Vacuum-Mop 2 Ultra EU - Rucas - Wholesale and Distribution","description":"Xiaomi Mi Robot Vacuum Mop 2 Ultra, with laser navigation + TOD 3D, 4000 Pa of maximum power and 4-litre automatic dust container Robot Vacuum Cleaner - Independent vacuum cleaner - 550 ml dust tank - 200 ml electronic water tank - 4 l dust container - 4000 Pa suction power - LDS laser navigation","inLanguage":"pt-PT","isPartOf":{"@id":"https:\/\/www.rucashk.com\/pt\/#website"},"breadcrumb":{"@id":"https:\/\/www.rucashk.com\/pt\/produto\/mi-robot-vacuum-mop-2-ultra-eu\/#breadcrumblist"},"author":{"@id":"https:\/\/www.rucashk.com\/pt\/author\/admin\/#author"},"creator":{"@id":"https:\/\/www.rucashk.com\/pt\/author\/admin\/#author"},"image":{"@type":"ImageObject","url":"https:\/\/www.rucashk.com\/wp-content\/uploads\/2024\/01\/xiaomi_mi_robot_vacuum_mop_2_ultra_aspirador_robot_01_l.jpg","@id":"https:\/\/www.rucashk.com\/pt\/produto\/mi-robot-vacuum-mop-2-ultra-eu\/#mainImage","width":800,"height":800},"primaryImageOfPage":{"@id":"https:\/\/www.rucashk.com\/pt\/produto\/mi-robot-vacuum-mop-2-ultra-eu\/#mainImage"},"datePublished":"2024-01-09T16:24:09+00:00","dateModified":"2025-06-22T06:39:40+00:00"},{"@type":"WebSite","@id":"https:\/\/www.rucashk.com\/pt\/#website","url":"https:\/\/www.rucashk.com\/pt\/","name":"Rucas - Wholesale and distribution worldwide","alternateName":"Rucas - One-stop AIoT Distribution Worldwide","description":"One-stop AIoT Distribution Worldwide","inLanguage":"pt-PT","publisher":{"@id":"https:\/\/www.rucashk.com\/pt\/#organization"}}]}},"aioseo_meta_data":{"post_id":"26076","title":null,"description":null,"keywords":null,"keyphrases":null,"primary_term":null,"canonical_url":null,"og_title":null,"og_description":null,"og_object_type":"default","og_image_type":"default","og_image_url":null,"og_image_width":null,"og_image_height":null,"og_image_custom_url":null,"og_image_custom_fields":null,"og_video":null,"og_custom_url":null,"og_article_section":null,"og_article_tags":null,"twitter_use_og":false,"twitter_card":"default","twitter_image_type":"default","twitter_image_url":null,"twitter_image_custom_url":null,"twitter_image_custom_fields":null,"twitter_title":null,"twitter_description":null,"schema":{"blockGraphs":[],"customGraphs":[],"default":{"data":{"Article":[],"Course":[],"Dataset":[],"FAQPage":[],"Movie":[],"Person":[],"Product":[],"Recipe":[],"Service":[],"SoftwareApplication":[],"WebPage":[]},"graphName":"","isEnabled":true},"graphs":[]},"schema_type":"default","schema_type_options":null,"pillar_content":false,"robots_default":true,"robots_noindex":false,"robots_noarchive":false,"robots_nosnippet":false,"robots_nofollow":false,"robots_noimageindex":false,"robots_noodp":false,"robots_notranslate":false,"robots_max_snippet":null,"robots_max_videopreview":null,"robots_max_imagepreview":"large","priority":null,"frequency":null,"local_seo":null,"breadcrumb_settings":null,"limit_modified_date":false,"created":"2024-04-11 01:57:20","updated":"2025-06-22 18:11:15"},"aioseo_breadcrumb":"<div class=\"aioseo-breadcrumbs\"><span class=\"aioseo-breadcrumb\">\n\t<a href=\"https:\/\/www.rucashk.com\/pt\" title=\"Home\">Home<\/a>\n<\/span><span class=\"aioseo-breadcrumb-separator\">&raquo;<\/span><span class=\"aioseo-breadcrumb\">\n\t<a href=\"https:\/\/www.rucashk.com\/pt\/products\/\" title=\"Produtos\">Produtos<\/a>\n<\/span><span class=\"aioseo-breadcrumb-separator\">&raquo;<\/span><span class=\"aioseo-breadcrumb\">\n\t<a href=\"https:\/\/www.rucashk.com\/pt\/marca\/xiaomi\/\" title=\"Xiaomi\">Xiaomi<\/a>\n<\/span><span class=\"aioseo-breadcrumb-separator\">&raquo;<\/span><span class=\"aioseo-breadcrumb\">\n\tMi Robot Vacuum-Mop 2 Ultra EU\n<\/span><\/div>","aioseo_breadcrumb_json":[{"label":"Home","link":"https:\/\/www.rucashk.com\/pt"},{"label":"Produtos","link":"https:\/\/www.rucashk.com\/pt\/products\/"},{"label":"Xiaomi","link":"https:\/\/www.rucashk.com\/pt\/marca\/xiaomi\/"},{"label":"Mi Robot Vacuum-Mop 2 Ultra EU","link":"https:\/\/www.rucashk.com\/pt\/produto\/mi-robot-vacuum-mop-2-ultra-eu\/"}],"_links":{"self":[{"href":"https:\/\/www.rucashk.com\/pt\/wp-json\/wp\/v2\/product\/26076","targetHints":{"allow":["GET"]}}],"collection":[{"href":"https:\/\/www.rucashk.com\/pt\/wp-json\/wp\/v2\/product"}],"about":[{"href":"https:\/\/www.rucashk.com\/pt\/wp-json\/wp\/v2\/types\/product"}],"wp:featuredmedia":[{"embeddable":true,"href":"https:\/\/www.rucashk.com\/pt\/wp-json\/wp\/v2\/media\/26136"}],"wp:attachment":[{"href":"https:\/\/www.rucashk.com\/pt\/wp-json\/wp\/v2\/media?parent=26076"}],"wp:term":[{"taxonomy":"product_brand","embeddable":true,"href":"https:\/\/www.rucashk.com\/pt\/wp-json\/wp\/v2\/product_brand?post=26076"},{"taxonomy":"product_cat","embeddable":true,"href":"https:\/\/www.rucashk.com\/pt\/wp-json\/wp\/v2\/product_cat?post=26076"},{"taxonomy":"product_tag","embeddable":true,"href":"https:\/\/www.rucashk.com\/pt\/wp-json\/wp\/v2\/product_tag?post=26076"}],"curies":[{"name":"wp","href":"https:\/\/api.w.org\/{rel}","templated":true}]}}