{"id":26074,"date":"2024-01-09T16:24:09","date_gmt":"2024-01-09T16:24:09","guid":{"rendered":"http:\/\/rucashk.com\/?post_type=product&#038;p=26074"},"modified":"2025-06-22T06:39:40","modified_gmt":"2025-06-22T06:39:40","slug":"mi-12-pro-smartwatch","status":"publish","type":"product","link":"https:\/\/www.rucashk.com\/pt\/produto\/mi-12-pro-smartwatch\/","title":{"rendered":"Smartwatch Mi 12 Pro"},"content":{"rendered":"<h3><strong>COISAS PARA SABER<\/strong><\/h3>\n<ol>\n<li>Este telefone \u00e9 uma edi\u00e7\u00e3o chinesa, vem com o Google Mobile Service completo e a Google Play Store instalados e com suporte para atualiza\u00e7\u00e3o OTA.<\/li>\n<li>Este telefone suporta 2 idiomas:\u00a0<strong>Ingl\u00eas, chin\u00eas<\/strong>.<\/li>\n<li>Este telefone suporta estas bandas de rede:<br \/>\n4G:B1\/B2\/B3\/B4\/B5\/B7\/B8\/B12\/B17\/B18\/B19\/B26.<br \/>\n5G: n1\/n3\/n5\/n8\/n28a (Uplink: 703MHz-733MHz, Downlink: 758MHz-788MHz) \/n38\/n40\/n41\/n77\/n78\/n79.<\/li>\n<li>O\u00a0<strong>MIUI13 original<\/strong>, s\u00f3 tem\u00a0<strong>Ingl\u00eas<\/strong>\u00a0e chin\u00eas, mas \u00e9 instalado GMS e Google Play Store antes do envio.<\/li>\n<\/ol>\n<h3>PRINCIPAIS CARACTER\u00cdSTICAS<\/h3>\n<div class=\"feature\">\n<h4>MIUI 13 BASEADO NO SO ANDROID 12<\/h4>\n<p>O Android 12 est\u00e1 pr\u00e9-instalado no telefone e \u00e9 sobreposto ao MIUI 13, que traz suporte para gestos em tela inteira. Oferece uma plataforma nova e r\u00e1pida para ajud\u00e1-lo a permanecer conectado e produtivo enquanto estiver em tr\u00e2nsito.<\/p>\n<h4>IDIOMA SUPORTADO<\/h4>\n<p>Multi Idiomas:\u00a0<strong>Ingl\u00eas<\/strong>,\u00a0<strong>chin\u00eas<\/strong>.<\/p>\n<\/div>\n<div class=\"feature\">\n<h4>COMPAT\u00cdVEL COM BANDAS \u00c1SIA \/ EUROPA \/ AUSTR\u00c1LIA<\/h4>\n<ul>\n<li>5G: n1\/n3\/n5\/n8\/n28a (Uplink: 703MHz-733MHz, Downlink: 758MHz-788MHz) \/n38\/n40\/n41\/n77\/n78\/n79.<\/li>\n<li>4G: FDD-LTE: B1\/B2\/B3\/B4\/B5\/B7\/B8\/B12\/B17\/B18\/B19\/B26.<\/li>\n<li>4G: TDD-LTE: B34\/B38\/B39\/B40\/B41\/B42, LTE B41(2496-2690 194MHz).<\/li>\n<li>3G: WCDMA: B1\/B2\/B4\/B5\/B6\/B8\/B19.<\/li>\n<li>2G: G\/M: B2\/B3\/B5\/B8; CDMA1X: BC0.<\/li>\n<\/ul>\n<\/div>\n<div class=\"feature\">\n<h4>VELOCIDADE 4G\/5G LTE<\/h4>\n<p>Fornece conex\u00e3o r\u00e1pida \u00e0 Web para baixar aplicativos, transmitir conte\u00fado e permanecer conectado \u00e0s m\u00eddias sociais.<\/p>\n<div class=\"feature\">\n<h4>VISOR AMOLED de 6,73\u2033<\/h4>\n<p>Xiaomi 12 Pro est\u00e1 equipado com um AMOLED curvo 2K de 6,73 polegadas com taxa de atualiza\u00e7\u00e3o de 120 Hz e taxa de amostragem de toque de 480 Hz, suporta brilho m\u00e1ximo de 1100nits, cores de 12 bits, HDR10 + e Dolby Vision.<\/p>\n<\/div>\n<\/div>\n<div id=\"features\">\n<div class=\"feature\">\n<h4>PROCESSADOR QUALCOMM SNAPDRAGON 8 GEN 1 OCTA-CORE<\/h4>\n<p>O Xiaomi 12 Pro \u00e9 alimentado por uma plataforma m\u00f3vel Qualcomm Snapdragon 8 Gen 1 5G de 4 nm que inclui um processador octa-core com freq\u00fc\u00eancia de 2,84 GHz. A RAM LPDDR5 de 8 GB\/12 GB oferece excelente desempenho geral para abrir e executar aplicativos, navegar em menus, executar telas iniciais e muito mais.<\/p>\n<div class=\"feature\">\n<h4>ARMAZENAMENTO UFS 3.1 de 128 GB\/256 GB<\/h4>\n<p>A mem\u00f3ria de 128 GB\/256 GB oferece bastante espa\u00e7o de armazenamento para seus contatos, m\u00fasicas, fotos, aplicativos e muito mais.<\/p>\n<\/div>\n<\/div>\n<div class=\"feature\">\n<h4>C\u00c2MERAS TRIPLAS TRASEIRAS DE 50 MP<\/h4>\n<p>O Xiaomi 12 Pro vem com c\u00e2meras traseiras triplas, 50MP + 50MP + 50MP, incluindo uma c\u00e2mera principal de 50MP, uma lente ultra grande angular de 50MP e uma c\u00e2mera Sony IMX707 de 50MP. H\u00e1 uma c\u00e2mera frontal de 32 MP na tela que \u00e9 conveniente para tirar fotos e v\u00eddeos selfie.<\/p>\n<\/div>\n<div class=\"feature\">\n<h4>BATERIA 4600MAH<\/h4>\n<\/div>\n<div class=\"feature\">\n<p>O Xiaomi 12 Pro vem com uma bateria de 4600mAh que suporta carregamento super-r\u00e1pido com fio de 120W, carregamento sem fio r\u00e1pido de 50W e carregamento sem fio reverso de 10W.<\/p>\n<\/div>\n<div class=\"feature\">\n<h4>SCANNER \u00d3PTICO DE IMPRESS\u00d5ES DIGITAIS NO DISPLAY<\/h4>\n<\/div>\n<div class=\"feature\">\n<p>O Xiaomi 12 Pro possui um leitor de impress\u00e3o digital no display que permite aos usu\u00e1rios desbloquear o telefone simplesmente tocando e digitalizando o sensor de impress\u00e3o digital embutido em seu display.<\/p>\n<h4>CONEX\u00c3O WI-FI 6<\/h4>\n<p>O Xiaomi 12 Pro suporta 5G e est\u00e1 equipado com WiFi 6, que \u00e9 o padr\u00e3o Wi-Fi mais recente. A taxa de transfer\u00eancia m\u00e1xima do WiFi 6 \u00e9 2,7 vezes maior que a do WiFi 5. A taxa de transfer\u00eancia m\u00e1xima \u00e9 de 6,9 Gbps.<\/p>\n<\/div>\n<div class=\"feature\">\n<h4>USE SEU SMARTPHONE COMO HOTSPOT M\u00d3VEL<\/h4>\n<p>Compartilhe sua conex\u00e3o de dados 4G\/5G com outros dispositivos sem fio compat\u00edveis.<\/p>\n<\/div>\n<div class=\"feature\">\n<h4>OU\u00c7A SUAS M\u00daSICAS FAVORITAS<\/h4>\n<p>Armazene e reproduza seus arquivos MP3 no seu telefone. O som tamb\u00e9m foi melhorado com o melhor alto-falante linear da ind\u00fastria, que equivale a uma grande caixa de alto-falante de 0,9 cc com graves mais profundos. O Smart PA usa ganho din\u00e2mico para amplificar o som em 100%.<\/p>\n<\/div>\n<div class=\"feature\">\n<h4>SLOT DUPLO NANO-SIM<\/h4>\n<\/div>\n<div class=\"feature\">\n<p>Depende da mem\u00f3ria do dispositivo e da disponibilidade da rede. Podem ser aplicadas taxas adicionais da operadora.<\/p>\n<h4>NFC MULTIFUNCIONAL<\/h4>\n<p>O Xiaomi 12 Pro possui NFC multifuncional, GPS de dupla frequ\u00eancia e um IR blaster, al\u00e9m de HPUE e 4\u00d74 MIMO. Uma antena inteligente garante que voc\u00ea obtenha sempre a melhor recep\u00e7\u00e3o.<\/p>\n<div class=\"feature\">\n<h4>RESFRIAMENTO L\u00cdQUIDO DA C\u00c2MARA DE VAPOR<\/h4>\n<p>O Xiaomi 12 Pro vem com sistema de refrigera\u00e7\u00e3o l\u00edquida Vapor Chamber com m\u00faltiplas camadas de grafite e aprendizado de m\u00e1quina AI para manter a temperatura sob controle.<\/p>\n<h4>O QUE NA CAIXA<\/h4>\n<p>Telefone, cabo USB (tipo c), carregador, manual, capa protetora.<\/p>\n<p>&nbsp;<\/p>\n<h3>Perguntas frequentes:<\/h3>\n<p>&nbsp;<\/p>\n<p><strong>P: Este telefone pode ser enviado para o meu pa\u00eds?<\/strong><\/p>\n<p>R: Sim, podemos enviar para qualquer pa\u00eds do mundo.<\/p>\n<p><strong>P: Este telefone funciona no meu pa\u00eds?<\/strong><\/p>\n<p>R: Este telefone suporta essas bandas LTE, verifique antes de fazer um pedido.<\/p>\n<ul>\n<li>5G: n1\/n3\/n5\/n8\/n28a (Uplink: 703MHz-733MHz, Downlink: 758MHz-788MHz) \/n38\/n40\/n41\/n77\/n78\/n79.<\/li>\n<li>4G: FDD-LTE: B1\/B2\/B3\/B4\/B5\/B7\/B8\/B12\/B17\/B18\/B19\/B26.<\/li>\n<\/ul>\n<p><strong>P: Este telefone suporta atualiza\u00e7\u00e3o da Google Play Store e OTA?<\/strong><\/p>\n<p>R: Sim, ele vem com servi\u00e7o Google Mobile completo, Google Play Store instalado e atualiza\u00e7\u00e3o OTA suportada.<\/p>\n<p><strong>P: preciso pagar taxas alfandeg\u00e1rias?<\/strong><\/p>\n<p>R: Normalmente, declaramos o pacote com um valor menor para ajudar os compradores a evitar taxas alfandeg\u00e1rias, e temos armaz\u00e9ns na China e na Europa, para que os compradores europeus n\u00e3o precisem pagar as taxas alfandeg\u00e1rias.<\/p>\n<\/div>\n<\/div>\n<\/div>","protected":false},"excerpt":{"rendered":"<ul>\n<li>Tela 2K AMOLED QHD de 6,73 polegadas com certifica\u00e7\u00e3o DisplayMate A+.<\/li>\n<li>Processador Qualcomm Snapdragon 8 Gen 1, GPU Adreno 730.<\/li>\n<li>C\u00e2meras triplas traseiras de 50 MP (Sony IMX707), uma c\u00e2mera selfie de 32 MP.<\/li>\n<li>8 GB\/12 GB de RAM LPDDR5, 128 GB\/256 GB de armazenamento UFS 3.1.<\/li>\n<li>Bateria de 4600mAh, carregamento com fio de 120W e carregamento sem fio de 50W.<\/li>\n<li>MIUI 13 baseado no sistema operacional Android 12, atualiza\u00e7\u00e3o OTA suportada<\/li>\n<\/ul>","protected":false},"featured_media":26135,"template":"","meta":[],"product_brand":[1363],"product_cat":[1295,1296],"product_tag":[],"class_list":{"0":"post-26074","1":"product","2":"type-product","3":"status-publish","4":"has-post-thumbnail","6":"product_brand-xiaomi","7":"product_cat-mobile-phone","8":"product_cat-xiaomi-mobile-phone","10":"first","11":"instock","12":"shipping-taxable","13":"product-type-simple"},"aioseo_notices":[],"aioseo_head":"\n\t\t<!-- All in One SEO Pro 4.5.9.2 - aioseo.com -->\n\t\t<meta name=\"description\" content=\"6.73-inch 2K AMOLED QHD display with DisplayMate A+ certification. Qualcomm Snapdragon 8 Gen 1 processor, Adreno 730 GPU. 50MP rear triple-cameras(Sony IMX707), a 32MP selfie camera. 8GB\/12GB LPDDR5 RAM, 128GB\/256GB UFS 3.1 Storage. 4600mAh battery, 120W wired charging, and 50W wireless charging. MIUI 13 based on Android 12 OS, OTA updating supported\" \/>\n\t\t<meta name=\"robots\" content=\"max-image-preview:large\" \/>\n\t\t<link rel=\"canonical\" href=\"https:\/\/www.rucashk.com\/pt\/produto\/mi-12-pro-smartwatch\/\" \/>\n\t\t<meta name=\"generator\" content=\"All in One SEO Pro (AIOSEO) 4.5.9.2\" \/>\n\t\t<meta property=\"og:locale\" content=\"pt_PT\" \/>\n\t\t<meta property=\"og:site_name\" content=\"Rucas - One-stop AIoT Distribution Worldwide\" \/>\n\t\t<meta property=\"og:type\" content=\"article\" \/>\n\t\t<meta property=\"og:title\" content=\"Mi 12 Pro Smartwatch - Rucas - Wholesale and Distribution\" \/>\n\t\t<meta property=\"og:description\" content=\"6.73-inch 2K AMOLED QHD display with DisplayMate A+ certification. Qualcomm Snapdragon 8 Gen 1 processor, Adreno 730 GPU. 50MP rear triple-cameras(Sony IMX707), a 32MP selfie camera. 8GB\/12GB LPDDR5 RAM, 128GB\/256GB UFS 3.1 Storage. 4600mAh battery, 120W wired charging, and 50W wireless charging. MIUI 13 based on Android 12 OS, OTA updating supported\" \/>\n\t\t<meta property=\"og:url\" content=\"https:\/\/www.rucashk.com\/pt\/produto\/mi-12-pro-smartwatch\/\" \/>\n\t\t<meta property=\"og:image\" content=\"https:\/\/www.rucashk.com\/wp-content\/uploads\/replace\/503b8e645f128a97ccde2b6290747646.jpeg\" \/>\n\t\t<meta property=\"og:image:secure_url\" content=\"https:\/\/www.rucashk.com\/wp-content\/uploads\/replace\/503b8e645f128a97ccde2b6290747646.jpeg\" \/>\n\t\t<meta property=\"og:image:width\" content=\"1456\" \/>\n\t\t<meta property=\"og:image:height\" content=\"816\" \/>\n\t\t<meta property=\"article:published_time\" content=\"2024-01-09T16:24:09+00:00\" \/>\n\t\t<meta property=\"article:modified_time\" content=\"2025-06-22T06:39:40+00:00\" \/>\n\t\t<meta name=\"twitter:card\" content=\"summary_large_image\" \/>\n\t\t<meta name=\"twitter:title\" content=\"Mi 12 Pro Smartwatch - Rucas - Wholesale and Distribution\" \/>\n\t\t<meta name=\"twitter:description\" content=\"6.73-inch 2K AMOLED QHD display with DisplayMate A+ certification. Qualcomm Snapdragon 8 Gen 1 processor, Adreno 730 GPU. 50MP rear triple-cameras(Sony IMX707), a 32MP selfie camera. 8GB\/12GB LPDDR5 RAM, 128GB\/256GB UFS 3.1 Storage. 4600mAh battery, 120W wired charging, and 50W wireless charging. MIUI 13 based on Android 12 OS, OTA updating supported\" \/>\n\t\t<meta name=\"twitter:image\" content=\"https:\/\/www.rucashk.com\/wp-content\/uploads\/replace\/503b8e645f128a97ccde2b6290747646.jpeg\" \/>\n\t\t<script type=\"application\/ld+json\" class=\"aioseo-schema\">\n\t\t\t{\"@context\":\"https:\\\/\\\/schema.org\",\"@graph\":[{\"@type\":\"BreadcrumbList\",\"@id\":\"https:\\\/\\\/www.rucashk.com\\\/pt\\\/produto\\\/mi-12-pro-smartwatch\\\/#breadcrumblist\",\"itemListElement\":[{\"@type\":\"ListItem\",\"@id\":\"https:\\\/\\\/www.rucashk.com\\\/pt\\\/#listItem\",\"position\":1,\"name\":\"Home\",\"item\":\"https:\\\/\\\/www.rucashk.com\\\/pt\\\/\",\"nextItem\":\"https:\\\/\\\/www.rucashk.com\\\/pt\\\/produto\\\/mi-12-pro-smartwatch\\\/#listItem\"},{\"@type\":\"ListItem\",\"@id\":\"https:\\\/\\\/www.rucashk.com\\\/pt\\\/produto\\\/mi-12-pro-smartwatch\\\/#listItem\",\"position\":2,\"name\":\"Mi 12 Pro Smartwatch\",\"previousItem\":\"https:\\\/\\\/www.rucashk.com\\\/pt\\\/#listItem\"}]},{\"@type\":\"Organization\",\"@id\":\"https:\\\/\\\/www.rucashk.com\\\/pt\\\/#organization\",\"name\":\"Rucas\",\"url\":\"https:\\\/\\\/www.rucashk.com\\\/pt\\\/\",\"logo\":{\"@type\":\"ImageObject\",\"url\":\"https:\\\/\\\/www.rucashk.com\\\/wp-content\\\/uploads\\\/2023\\\/12\\\/Rucas_campany_logo.png\",\"@id\":\"https:\\\/\\\/www.rucashk.com\\\/pt\\\/produto\\\/mi-12-pro-smartwatch\\\/#organizationLogo\",\"width\":221,\"height\":65},\"image\":{\"@id\":\"https:\\\/\\\/www.rucashk.com\\\/pt\\\/#organizationLogo\"}},{\"@type\":\"Person\",\"@id\":\"https:\\\/\\\/www.rucashk.com\\\/pt\\\/author\\\/admin\\\/#author\",\"url\":\"https:\\\/\\\/www.rucashk.com\\\/pt\\\/author\\\/admin\\\/\",\"name\":\"admin\",\"image\":{\"@type\":\"ImageObject\",\"@id\":\"https:\\\/\\\/www.rucashk.com\\\/pt\\\/produto\\\/mi-12-pro-smartwatch\\\/#authorImage\",\"url\":\"https:\\\/\\\/secure.gravatar.com\\\/avatar\\\/b7c8925b09a27e72b30232f8ecaadbd5af0f70a38c78096863fe51b64f031c24?s=96&d=mm&r=g\",\"width\":96,\"height\":96,\"caption\":\"admin\"}},{\"@type\":\"WebPage\",\"@id\":\"https:\\\/\\\/www.rucashk.com\\\/pt\\\/produto\\\/mi-12-pro-smartwatch\\\/#webpage\",\"url\":\"https:\\\/\\\/www.rucashk.com\\\/pt\\\/produto\\\/mi-12-pro-smartwatch\\\/\",\"name\":\"Mi 12 Pro Smartwatch - Rucas - Wholesale and Distribution\",\"description\":\"6.73-inch 2K AMOLED QHD display with DisplayMate A+ certification. Qualcomm Snapdragon 8 Gen 1 processor, Adreno 730 GPU. 50MP rear triple-cameras(Sony IMX707), a 32MP selfie camera. 8GB\\\/12GB LPDDR5 RAM, 128GB\\\/256GB UFS 3.1 Storage. 4600mAh battery, 120W wired charging, and 50W wireless charging. MIUI 13 based on Android 12 OS, OTA updating supported\",\"inLanguage\":\"pt-PT\",\"isPartOf\":{\"@id\":\"https:\\\/\\\/www.rucashk.com\\\/pt\\\/#website\"},\"breadcrumb\":{\"@id\":\"https:\\\/\\\/www.rucashk.com\\\/pt\\\/produto\\\/mi-12-pro-smartwatch\\\/#breadcrumblist\"},\"author\":{\"@id\":\"https:\\\/\\\/www.rucashk.com\\\/pt\\\/author\\\/admin\\\/#author\"},\"creator\":{\"@id\":\"https:\\\/\\\/www.rucashk.com\\\/pt\\\/author\\\/admin\\\/#author\"},\"image\":{\"@type\":\"ImageObject\",\"url\":\"https:\\\/\\\/www.rucashk.com\\\/wp-content\\\/uploads\\\/2024\\\/01\\\/xiaomi-mi-12-ultra-5g-dual-sim.jpg\",\"@id\":\"https:\\\/\\\/www.rucashk.com\\\/pt\\\/produto\\\/mi-12-pro-smartwatch\\\/#mainImage\",\"width\":500,\"height\":500},\"primaryImageOfPage\":{\"@id\":\"https:\\\/\\\/www.rucashk.com\\\/pt\\\/produto\\\/mi-12-pro-smartwatch\\\/#mainImage\"},\"datePublished\":\"2024-01-09T16:24:09+00:00\",\"dateModified\":\"2025-06-22T06:39:40+00:00\"},{\"@type\":\"WebSite\",\"@id\":\"https:\\\/\\\/www.rucashk.com\\\/pt\\\/#website\",\"url\":\"https:\\\/\\\/www.rucashk.com\\\/pt\\\/\",\"name\":\"Rucas - Wholesale and distribution worldwide\",\"alternateName\":\"Rucas - One-stop AIoT Distribution Worldwide\",\"description\":\"One-stop AIoT Distribution Worldwide\",\"inLanguage\":\"pt-PT\",\"publisher\":{\"@id\":\"https:\\\/\\\/www.rucashk.com\\\/pt\\\/#organization\"}}]}\n\t\t<\/script>\n\t\t<!-- All in One SEO Pro -->\r\n\t\t<title>Mi 12 Pro Smartwatch - Rucas - Wholesale and Distribution<\/title>\n\n","aioseo_head_json":{"title":"Mi 12 Pro Smartwatch - Rucas - Wholesale and Distribution","description":"6.73-inch 2K AMOLED QHD display with DisplayMate A+ certification. Qualcomm Snapdragon 8 Gen 1 processor, Adreno 730 GPU. 50MP rear triple-cameras(Sony IMX707), a 32MP selfie camera. 8GB\/12GB LPDDR5 RAM, 128GB\/256GB UFS 3.1 Storage. 4600mAh battery, 120W wired charging, and 50W wireless charging. MIUI 13 based on Android 12 OS, OTA updating supported","canonical_url":"https:\/\/www.rucashk.com\/pt\/produto\/mi-12-pro-smartwatch\/","robots":"max-image-preview:large","keywords":"","webmasterTools":{"miscellaneous":""},"og:locale":"pt_PT","og:site_name":"Rucas - One-stop AIoT Distribution Worldwide","og:type":"article","og:title":"Mi 12 Pro Smartwatch - Rucas - Wholesale and Distribution","og:description":"6.73-inch 2K AMOLED QHD display with DisplayMate A+ certification. Qualcomm Snapdragon 8 Gen 1 processor, Adreno 730 GPU. 50MP rear triple-cameras(Sony IMX707), a 32MP selfie camera. 8GB\/12GB LPDDR5 RAM, 128GB\/256GB UFS 3.1 Storage. 4600mAh battery, 120W wired charging, and 50W wireless charging. MIUI 13 based on Android 12 OS, OTA updating supported","og:url":"https:\/\/www.rucashk.com\/pt\/produto\/mi-12-pro-smartwatch\/","og:image":"https:\/\/www.rucashk.com\/wp-content\/uploads\/replace\/503b8e645f128a97ccde2b6290747646.jpeg","og:image:secure_url":"https:\/\/www.rucashk.com\/wp-content\/uploads\/replace\/503b8e645f128a97ccde2b6290747646.jpeg","og:image:width":1456,"og:image:height":816,"article:published_time":"2024-01-09T16:24:09+00:00","article:modified_time":"2025-06-22T06:39:40+00:00","twitter:card":"summary_large_image","twitter:title":"Mi 12 Pro Smartwatch - Rucas - Wholesale and Distribution","twitter:description":"6.73-inch 2K AMOLED QHD display with DisplayMate A+ certification. Qualcomm Snapdragon 8 Gen 1 processor, Adreno 730 GPU. 50MP rear triple-cameras(Sony IMX707), a 32MP selfie camera. 8GB\/12GB LPDDR5 RAM, 128GB\/256GB UFS 3.1 Storage. 4600mAh battery, 120W wired charging, and 50W wireless charging. MIUI 13 based on Android 12 OS, OTA updating supported","twitter:image":"https:\/\/www.rucashk.com\/wp-content\/uploads\/replace\/503b8e645f128a97ccde2b6290747646.jpeg","schema":{"@context":"https:\/\/schema.org","@graph":[{"@type":"BreadcrumbList","@id":"https:\/\/www.rucashk.com\/pt\/produto\/mi-12-pro-smartwatch\/#breadcrumblist","itemListElement":[{"@type":"ListItem","@id":"https:\/\/www.rucashk.com\/pt\/#listItem","position":1,"name":"Home","item":"https:\/\/www.rucashk.com\/pt\/","nextItem":"https:\/\/www.rucashk.com\/pt\/produto\/mi-12-pro-smartwatch\/#listItem"},{"@type":"ListItem","@id":"https:\/\/www.rucashk.com\/pt\/produto\/mi-12-pro-smartwatch\/#listItem","position":2,"name":"Mi 12 Pro Smartwatch","previousItem":"https:\/\/www.rucashk.com\/pt\/#listItem"}]},{"@type":"Organization","@id":"https:\/\/www.rucashk.com\/pt\/#organization","name":"Rucas","url":"https:\/\/www.rucashk.com\/pt\/","logo":{"@type":"ImageObject","url":"https:\/\/www.rucashk.com\/wp-content\/uploads\/2023\/12\/Rucas_campany_logo.png","@id":"https:\/\/www.rucashk.com\/pt\/produto\/mi-12-pro-smartwatch\/#organizationLogo","width":221,"height":65},"image":{"@id":"https:\/\/www.rucashk.com\/pt\/#organizationLogo"}},{"@type":"Person","@id":"https:\/\/www.rucashk.com\/pt\/author\/admin\/#author","url":"https:\/\/www.rucashk.com\/pt\/author\/admin\/","name":"admin","image":{"@type":"ImageObject","@id":"https:\/\/www.rucashk.com\/pt\/produto\/mi-12-pro-smartwatch\/#authorImage","url":"https:\/\/secure.gravatar.com\/avatar\/b7c8925b09a27e72b30232f8ecaadbd5af0f70a38c78096863fe51b64f031c24?s=96&d=mm&r=g","width":96,"height":96,"caption":"admin"}},{"@type":"WebPage","@id":"https:\/\/www.rucashk.com\/pt\/produto\/mi-12-pro-smartwatch\/#webpage","url":"https:\/\/www.rucashk.com\/pt\/produto\/mi-12-pro-smartwatch\/","name":"Mi 12 Pro Smartwatch - Rucas - Wholesale and Distribution","description":"6.73-inch 2K AMOLED QHD display with DisplayMate A+ certification. Qualcomm Snapdragon 8 Gen 1 processor, Adreno 730 GPU. 50MP rear triple-cameras(Sony IMX707), a 32MP selfie camera. 8GB\/12GB LPDDR5 RAM, 128GB\/256GB UFS 3.1 Storage. 4600mAh battery, 120W wired charging, and 50W wireless charging. MIUI 13 based on Android 12 OS, OTA updating supported","inLanguage":"pt-PT","isPartOf":{"@id":"https:\/\/www.rucashk.com\/pt\/#website"},"breadcrumb":{"@id":"https:\/\/www.rucashk.com\/pt\/produto\/mi-12-pro-smartwatch\/#breadcrumblist"},"author":{"@id":"https:\/\/www.rucashk.com\/pt\/author\/admin\/#author"},"creator":{"@id":"https:\/\/www.rucashk.com\/pt\/author\/admin\/#author"},"image":{"@type":"ImageObject","url":"https:\/\/www.rucashk.com\/wp-content\/uploads\/2024\/01\/xiaomi-mi-12-ultra-5g-dual-sim.jpg","@id":"https:\/\/www.rucashk.com\/pt\/produto\/mi-12-pro-smartwatch\/#mainImage","width":500,"height":500},"primaryImageOfPage":{"@id":"https:\/\/www.rucashk.com\/pt\/produto\/mi-12-pro-smartwatch\/#mainImage"},"datePublished":"2024-01-09T16:24:09+00:00","dateModified":"2025-06-22T06:39:40+00:00"},{"@type":"WebSite","@id":"https:\/\/www.rucashk.com\/pt\/#website","url":"https:\/\/www.rucashk.com\/pt\/","name":"Rucas - Wholesale and distribution worldwide","alternateName":"Rucas - One-stop AIoT Distribution Worldwide","description":"One-stop AIoT Distribution Worldwide","inLanguage":"pt-PT","publisher":{"@id":"https:\/\/www.rucashk.com\/pt\/#organization"}}]}},"aioseo_meta_data":{"post_id":"26074","title":null,"description":null,"keywords":null,"keyphrases":null,"primary_term":null,"canonical_url":null,"og_title":null,"og_description":null,"og_object_type":"default","og_image_type":"default","og_image_url":null,"og_image_width":null,"og_image_height":null,"og_image_custom_url":null,"og_image_custom_fields":null,"og_video":null,"og_custom_url":null,"og_article_section":null,"og_article_tags":null,"twitter_use_og":false,"twitter_card":"default","twitter_image_type":"default","twitter_image_url":null,"twitter_image_custom_url":null,"twitter_image_custom_fields":null,"twitter_title":null,"twitter_description":null,"schema":{"blockGraphs":[],"customGraphs":[],"default":{"data":{"Article":[],"Course":[],"Dataset":[],"FAQPage":[],"Movie":[],"Person":[],"Product":[],"Recipe":[],"Service":[],"SoftwareApplication":[],"WebPage":[]},"graphName":"","isEnabled":true},"graphs":[]},"schema_type":"default","schema_type_options":null,"pillar_content":false,"robots_default":true,"robots_noindex":false,"robots_noarchive":false,"robots_nosnippet":false,"robots_nofollow":false,"robots_noimageindex":false,"robots_noodp":false,"robots_notranslate":false,"robots_max_snippet":null,"robots_max_videopreview":null,"robots_max_imagepreview":"large","priority":null,"frequency":null,"local_seo":null,"breadcrumb_settings":null,"limit_modified_date":false,"created":"2024-04-11 01:57:20","updated":"2025-06-22 18:11:15"},"aioseo_breadcrumb":"<div class=\"aioseo-breadcrumbs\"><span class=\"aioseo-breadcrumb\">\n\t<a href=\"https:\/\/www.rucashk.com\/pt\" title=\"Home\">Home<\/a>\n<\/span><span class=\"aioseo-breadcrumb-separator\">&raquo;<\/span><span class=\"aioseo-breadcrumb\">\n\t<a href=\"https:\/\/www.rucashk.com\/pt\/products\/\" title=\"Produtos\">Produtos<\/a>\n<\/span><span class=\"aioseo-breadcrumb-separator\">&raquo;<\/span><span class=\"aioseo-breadcrumb\">\n\t<a href=\"https:\/\/www.rucashk.com\/pt\/marca\/xiaomi\/\" title=\"Xiaomi\">Xiaomi<\/a>\n<\/span><span class=\"aioseo-breadcrumb-separator\">&raquo;<\/span><span class=\"aioseo-breadcrumb\">\n\tMi 12 Pro Smartwatch\n<\/span><\/div>","aioseo_breadcrumb_json":[{"label":"Home","link":"https:\/\/www.rucashk.com\/pt"},{"label":"Produtos","link":"https:\/\/www.rucashk.com\/pt\/products\/"},{"label":"Xiaomi","link":"https:\/\/www.rucashk.com\/pt\/marca\/xiaomi\/"},{"label":"Mi 12 Pro Smartwatch","link":"https:\/\/www.rucashk.com\/pt\/produto\/mi-12-pro-smartwatch\/"}],"_links":{"self":[{"href":"https:\/\/www.rucashk.com\/pt\/wp-json\/wp\/v2\/product\/26074","targetHints":{"allow":["GET"]}}],"collection":[{"href":"https:\/\/www.rucashk.com\/pt\/wp-json\/wp\/v2\/product"}],"about":[{"href":"https:\/\/www.rucashk.com\/pt\/wp-json\/wp\/v2\/types\/product"}],"wp:featuredmedia":[{"embeddable":true,"href":"https:\/\/www.rucashk.com\/pt\/wp-json\/wp\/v2\/media\/26135"}],"wp:attachment":[{"href":"https:\/\/www.rucashk.com\/pt\/wp-json\/wp\/v2\/media?parent=26074"}],"wp:term":[{"taxonomy":"product_brand","embeddable":true,"href":"https:\/\/www.rucashk.com\/pt\/wp-json\/wp\/v2\/product_brand?post=26074"},{"taxonomy":"product_cat","embeddable":true,"href":"https:\/\/www.rucashk.com\/pt\/wp-json\/wp\/v2\/product_cat?post=26074"},{"taxonomy":"product_tag","embeddable":true,"href":"https:\/\/www.rucashk.com\/pt\/wp-json\/wp\/v2\/product_tag?post=26074"}],"curies":[{"name":"wp","href":"https:\/\/api.w.org\/{rel}","templated":true}]}}