{"id":26071,"date":"2024-01-09T16:24:09","date_gmt":"2024-01-09T16:24:09","guid":{"rendered":"http:\/\/rucashk.com\/?post_type=product&#038;p=26071"},"modified":"2024-01-23T07:54:07","modified_gmt":"2024-01-23T07:54:07","slug":"redmi-note-11s","status":"publish","type":"product","link":"https:\/\/www.rucashk.com\/pt\/produto\/redmi-note-11s\/","title":{"rendered":"NOTA REDMI 11S"},"content":{"rendered":"<h2><strong>redmi<\/strong>\u00a0Nota 11S<\/h2>\n<p><small>As especifica\u00e7\u00f5es e dados t\u00e9cnicos<\/small><\/p>\n<div class=\"iconos clearfix\">\n<div class=\"item\">Sim duplo<strong>LTE4G<\/strong><\/div>\n<div class=\"item\">8 n\u00facleo<strong>2GHz<\/strong><\/div>\n<div class=\"item\">Mem\u00f3ria<strong>128GB EXP.<\/strong><\/div>\n<div class=\"item\">GPS<strong>SIM<\/strong><\/div>\n<div class=\"item\">Android<strong>11<\/strong><\/div>\n<div class=\"item\">Mostrar<strong>6.43<\/strong><strong>2400&#215;1080<\/strong><\/div>\n<div class=\"item\">Foto<strong>108 Mpx<\/strong><\/div>\n<div class=\"item\">V\u00eddeo<strong>Full HD<\/strong><\/div>\n<\/div>\n<div>\n<div id=\"controles_titles\">\n<div class=\"row_titles\">\n<ul class=\"phone_column_features\">\n<li>Sistema Operacional<\/li>\n<li>Disponibilidade<\/li>\n<li data-large=\"49\">Dimens\u00f5es<\/li>\n<li>Peso<\/li>\n<\/ul>\n<h3><strong>PRE\u00c7OS<\/strong><\/h3>\n<ul class=\"phone_column_features\">\n<li>MELHOR PRE\u00c7O<\/li>\n<li>Pre\u00e7o Submarino<\/li>\n<li>Faixa de Pre\u00e7o<\/li>\n<\/ul>\n<h3><strong>NOTAS<\/strong><\/h3>\n<ul class=\"phone_column_features\">\n<li>Custo-benef\u00edcio<\/li>\n<li>Hardware<\/li>\n<li>\u2013Tela<\/li>\n<li>- C\u00e2mera<\/li>\n<li>\u2013 Desempenho<\/li>\n<\/ul>\n<h3><strong>REDE<\/strong><\/h3>\n<ul class=\"phone_column_features\">\n<li>Cart\u00e3o SIM<\/li>\n<li>Sim duplo<\/li>\n<li data-large=\"48\">GSM<\/li>\n<li>HSPA+<\/li>\n<li>LTE<\/li>\n<li data-large=\"99\">Velocidade m\u00e1xima de download<\/li>\n<li data-large=\"100\">Velocidade m\u00e1xima de upload<\/li>\n<\/ul>\n<h3><strong>DADOS T\u00c9CNICOS<\/strong><\/h3>\n<ul class=\"phone_column_features\">\n<li data-large=\"52\">Processador<\/li>\n<li>Chipset<\/li>\n<li>64 bits<\/li>\n<li>GPU<\/li>\n<li>BATER<\/li>\n<li>Mem\u00f3ria Max<\/li>\n<li>Mem\u00f3ria Expans\u00edvel<\/li>\n<\/ul>\n<h3><strong>TELA<\/strong><\/h3>\n<ul class=\"phone_column_features\">\n<li>Polegadas<\/li>\n<li>Resolu\u00e7\u00e3o<\/li>\n<li>Densidade de pixels<\/li>\n<li>Tipo<\/li>\n<li>FPS<\/li>\n<li>N\u00facleos<\/li>\n<li>Prote\u00e7\u00e3o<\/li>\n<\/ul>\n<h3><strong>C\u00c2MERA<\/strong><\/h3>\n<ul class=\"phone_column_features\">\n<li data-large=\"78\">Megapixels<\/li>\n<li>Resolu\u00e7\u00e3o<\/li>\n<li>Tamanho do Sensor<\/li>\n<li data-large=\"175\">Tamanho da abertura<\/li>\n<li>Estabiliza\u00e7\u00e3o<\/li>\n<li>\u00c2ngulo m\u00e1ximo<\/li>\n<li>Foco autom\u00e1tico<\/li>\n<li>Foco por toque<\/li>\n<li>Clar\u00e3o<\/li>\n<li>HDR<\/li>\n<li>Localiza\u00e7\u00e3o<\/li>\n<li>Detec\u00e7\u00e3o facial<\/li>\n<li>C\u00e2mera Frontal<\/li>\n<\/ul>\n<h3><strong>V\u00cdDEO<\/strong><\/h3>\n<ul class=\"phone_column_features\">\n<li>Resolu\u00e7\u00e3o de grava\u00e7\u00e3o<\/li>\n<li data-large=\"137\">Focagem autom\u00e1tica de v\u00eddeo<\/li>\n<li>FPS da grava\u00e7\u00e3o<\/li>\n<li>Video C\u00e2mera Frontal<\/li>\n<li data-large=\"169\">Op\u00e7\u00f5es da C\u00e2mera Frontal<\/li>\n<\/ul>\n<h3><strong>CONECTIVIDADE<\/strong><\/h3>\n<ul class=\"phone_column_features\">\n<li>Wi-fi<\/li>\n<li>Bluetooth<\/li>\n<li>IRDA<\/li>\n<li>USB<\/li>\n<li>NFC<\/li>\n<li data-large=\"102\">GPS<\/li>\n<\/ul>\n<h3><strong>SENSORES<\/strong><\/h3>\n<ul class=\"phone_column_features\">\n<li>Aceler\u00f4metro<\/li>\n<li>Proximidade<\/li>\n<li>Girosc\u00f3pio<\/li>\n<li>B\u00fassola<\/li>\n<li>Impress\u00e3o digital<\/li>\n<\/ul>\n<h3><strong>FUN\u00c7\u00d5ES<\/strong><\/h3>\n<ul class=\"phone_column_features\">\n<li>Televis\u00e3o<\/li>\n<li>Vibra\u00e7\u00e3o<\/li>\n<li>Viva Voz<\/li>\n<li data-large=\"71\">Outros<\/li>\n<\/ul>\n<h3><strong>BATERIA<\/strong><\/h3>\n<ul class=\"phone_column_features\">\n<li>Tipo<\/li>\n<li>Amp\u00e9re<\/li>\n<\/ul>\n<\/div>\n<\/div>\n<div id=\"phone_columns\">\n<div class=\"phone_column\">\n<ul class=\"phone_column_features\">\n<li>Android 11 MIUI 13<\/li>\n<li>2022\/1<\/li>\n<li data-large=\"49\">159,9x73,9x8,1mm<\/li>\n<li>179 gramas<\/li>\n<\/ul>\n<ul class=\"phone_column_features\">\n<li><a class=\"hoverred\" href=\"https:\/\/www.tudocelular.com\/clickgo\/?id=7579&amp;pid=bp691318164&amp;nid=1122772350&amp;area=14&amp;prz=1999&amp;hash=d9b2fb75ed524c9ebd06ab83b5c78dd3\" target=\"_blank\" rel=\"nofollow noopener noreferrer\"><b>R$ 1.999<\/b><\/a>\u00a0\u00a0\u00a0(<a href=\"https:\/\/www.tudocelular.com\/Redmi\/precos\/n7579\/Redmi-Note-11S.html\">ver todos<\/a>)<\/li>\n<li><a class=\"hoverred\" href=\"https:\/\/www.tudocelular.com\/clickgo\/?id=7579&amp;pid=bp700669585&amp;nid=1741015463&amp;area=14&amp;prz=2199&amp;hash=22452191926529fc701934ee04f5b095\" target=\"_blank\" rel=\"nofollow noopener noreferrer\"><b>R$2.199<\/b><\/a><\/li>\n<li><a class=\"hoverred\" href=\"https:\/\/www.tudocelular.com\/Redmi\/precos\/n7579\/Redmi-Note-11S.html\"><b>R$ 1.999 \u2013 R$ 2.899<\/b><\/a><\/li>\n<\/ul>\n<ul class=\"phone_column_features\">\n<li><b>6.9<\/b>\u00a0<small>\/ 10<\/small><\/li>\n<li><b>7.9<\/b>\u00a0<small>\/ 10<\/small><\/li>\n<li>8.5\u00a0<small>\/ 10<\/small><\/li>\n<li>8.2\u00a0<small>\/ 10<\/small><\/li>\n<li>4.8\u00a0<small>\/ 10<\/small><\/li>\n<\/ul>\n<ul class=\"phone_column_features\">\n<li>Nano<\/li>\n<li><i class=\"ok\"><\/i>Espera dupla<\/li>\n<li data-large=\"48\"><i class=\"ok\"><\/i>Banda Quad (850\/900\/1800\/1900)<\/li>\n<li><\/li>\n<li><\/li>\n<li data-large=\"99\">390Mbps<\/li>\n<li data-large=\"100\">150Mbps<\/li>\n<\/ul>\n<ul class=\"phone_column_features\">\n<li data-large=\"52\">2x Cortex-A76 de 2,05 GHz + 6x Cortex-A55 de 2,0 GHz<\/li>\n<li>Helio G96 MediaTek<\/li>\n<li><\/li>\n<li>Mali-G57 MC2<\/li>\n<li>6GB<\/li>\n<li>128GB<\/li>\n<li><i class=\"ok\"><\/i>MicroSDXC<\/li>\n<\/ul>\n<ul class=\"phone_column_features\">\n<li>6.43<\/li>\n<li>1080 x 2400 pixels<\/li>\n<li>409 ppi<\/li>\n<li>AMOLED<\/li>\n<li>90Hz<\/li>\n<li>16 milh\u00f5es<\/li>\n<li><i class=\"ok\"><\/i>Vidro Gorila 3<\/li>\n<\/ul>\n<ul class=\"phone_column_features\">\n<li data-large=\"78\">108 MP + 8 MP + 2 MP + 2 MP<\/li>\n<li>12.000 x 9.000 pixels<\/li>\n<li>1\/1.52 &#8220;<\/li>\n<li data-large=\"175\">F 1,9 + F 2,2 + F 2,4 + F 2,4<\/li>\n<li><i class=\"ok\"><\/i>Digital<\/li>\n<li>118\u00b0<\/li>\n<li><i class=\"ok\"><\/i>LIDERADO<\/li>\n<li><i class=\"ok\"><\/i>16 MPF 2.4<\/li>\n<\/ul>\n<ul class=\"phone_column_features\">\n<li><i class=\"ok\"><\/i>Full HD<\/li>\n<li data-large=\"137\"><\/li>\n<li>30fps<\/li>\n<li>Full HD, 30 fps<\/li>\n<li data-large=\"169\">Detec\u00e7\u00e3o de rosto<\/li>\n<\/ul>\n<ul class=\"phone_column_features\">\n<li><i class=\"ok\"><\/i>802.11a\/b\/g\/n\/ac<\/li>\n<li><i class=\"ok\"><\/i>5.0 com A2DP\/LE<\/li>\n<li><\/li>\n<li><i class=\"ok\"><\/i>Tipo-C 2.0<\/li>\n<li><\/li>\n<li data-large=\"102\"><i class=\"ok\"><\/i>A-GPS\/GLONASS\/BeiDou\/Galileo<\/li>\n<\/ul>\n<ul class=\"phone_column_features\">\n<li data-large=\"71\">Wi-Fi direto<br \/>\nPonto de acesso Wi-Fi<br \/>\nUSB OTG<\/li>\n<\/ul>\n<ul class=\"phone_column_features\">\n<li>Lipo<\/li>\n<li>5000mAh<\/li>\n<\/ul>\n<\/div>\n<\/div>\n<\/div>","protected":false},"excerpt":{"rendered":"<p>Redmi\u00a0Note 11S As especifica\u00e7\u00f5es e dados t\u00e9cnicos Dual SimLTE 4G 8 Core2 GHZ Mem\u00f3ria128 GB EXP. GpsSIM Android11 Display6.432400&#215;1080 Foto108 Mpx VideoFull HD Sistema Operacional Disponibilidade Dimens\u00f5es Peso PRE\u00c7OS MELHOR PRE\u00c7O Pre\u00e7o Submarino Faixa de Pre\u00e7o NOTAS Custo-benef\u00edcio Hardware &#8211; Tela &#8211; C\u00e2mera &#8211; Desempenho REDE Sim Card Dual Sim Gsm HSPA+ LTE Velocidade m\u00e1xima [&hellip;]<\/p>","protected":false},"featured_media":26132,"template":"","meta":[],"product_brand":[],"product_cat":[1295,1297],"product_tag":[],"class_list":{"0":"post-26071","1":"product","2":"type-product","3":"status-publish","4":"has-post-thumbnail","6":"product_cat-mobile-phone","7":"product_cat-redmi-mobile-phone","9":"first","10":"instock","11":"shipping-taxable","12":"product-type-simple"},"aioseo_notices":[],"aioseo_head":"\n\t\t<!-- All in One SEO Pro 4.5.9.2 - aioseo.com -->\n\t\t<meta name=\"description\" content=\"Redmi Note 11S As especifica\u00e7\u00f5es e dados t\u00e9cnicos Dual SimLTE 4G 8 Core2 GHZ Mem\u00f3ria128 GB EXP. GpsSIM Android11 Display6.432400x1080 Foto108 Mpx VideoFull HD Sistema Operacional Disponibilidade Dimens\u00f5es Peso PRE\u00c7OS MELHOR PRE\u00c7O Pre\u00e7o Submarino Faixa de Pre\u00e7o NOTAS Custo-benef\u00edcio Hardware - Tela - C\u00e2mera - Desempenho REDE Sim Card Dual Sim Gsm HSPA+ LTE Velocidade m\u00e1xima\" \/>\n\t\t<meta name=\"robots\" content=\"max-image-preview:large\" \/>\n\t\t<link rel=\"canonical\" href=\"https:\/\/www.rucashk.com\/pt\/produto\/redmi-note-11s\/\" \/>\n\t\t<meta name=\"generator\" content=\"All in One SEO Pro (AIOSEO) 4.5.9.2\" \/>\n\t\t<meta property=\"og:locale\" content=\"pt_PT\" \/>\n\t\t<meta property=\"og:site_name\" content=\"Rucas - One-stop AIoT Distribution Worldwide\" \/>\n\t\t<meta property=\"og:type\" content=\"article\" \/>\n\t\t<meta property=\"og:title\" content=\"REDMI NOTE 11S - Rucas - Wholesale and Distribution\" \/>\n\t\t<meta property=\"og:description\" content=\"Redmi Note 11S As especifica\u00e7\u00f5es e dados t\u00e9cnicos Dual SimLTE 4G 8 Core2 GHZ Mem\u00f3ria128 GB EXP. GpsSIM Android11 Display6.432400x1080 Foto108 Mpx VideoFull HD Sistema Operacional Disponibilidade Dimens\u00f5es Peso PRE\u00c7OS MELHOR PRE\u00c7O Pre\u00e7o Submarino Faixa de Pre\u00e7o NOTAS Custo-benef\u00edcio Hardware - Tela - C\u00e2mera - Desempenho REDE Sim Card Dual Sim Gsm HSPA+ LTE Velocidade m\u00e1xima\" \/>\n\t\t<meta property=\"og:url\" content=\"https:\/\/www.rucashk.com\/pt\/produto\/redmi-note-11s\/\" \/>\n\t\t<meta property=\"og:image\" content=\"https:\/\/www.rucashk.com\/wp-content\/uploads\/replace\/503b8e645f128a97ccde2b6290747646.jpeg\" \/>\n\t\t<meta property=\"og:image:secure_url\" content=\"https:\/\/www.rucashk.com\/wp-content\/uploads\/replace\/503b8e645f128a97ccde2b6290747646.jpeg\" \/>\n\t\t<meta property=\"og:image:width\" content=\"1456\" \/>\n\t\t<meta property=\"og:image:height\" content=\"816\" \/>\n\t\t<meta property=\"article:published_time\" content=\"2024-01-09T16:24:09+00:00\" \/>\n\t\t<meta property=\"article:modified_time\" content=\"2024-01-23T07:54:07+00:00\" \/>\n\t\t<meta name=\"twitter:card\" content=\"summary_large_image\" \/>\n\t\t<meta name=\"twitter:title\" content=\"REDMI NOTE 11S - Rucas - Wholesale and Distribution\" \/>\n\t\t<meta name=\"twitter:description\" content=\"Redmi Note 11S As especifica\u00e7\u00f5es e dados t\u00e9cnicos Dual SimLTE 4G 8 Core2 GHZ Mem\u00f3ria128 GB EXP. GpsSIM Android11 Display6.432400x1080 Foto108 Mpx VideoFull HD Sistema Operacional Disponibilidade Dimens\u00f5es Peso PRE\u00c7OS MELHOR PRE\u00c7O Pre\u00e7o Submarino Faixa de Pre\u00e7o NOTAS Custo-benef\u00edcio Hardware - Tela - C\u00e2mera - Desempenho REDE Sim Card Dual Sim Gsm HSPA+ LTE Velocidade m\u00e1xima\" \/>\n\t\t<meta name=\"twitter:image\" content=\"https:\/\/www.rucashk.com\/wp-content\/uploads\/replace\/503b8e645f128a97ccde2b6290747646.jpeg\" \/>\n\t\t<script type=\"application\/ld+json\" class=\"aioseo-schema\">\n\t\t\t{\"@context\":\"https:\\\/\\\/schema.org\",\"@graph\":[{\"@type\":\"BreadcrumbList\",\"@id\":\"https:\\\/\\\/www.rucashk.com\\\/pt\\\/produto\\\/redmi-note-11s\\\/#breadcrumblist\",\"itemListElement\":[{\"@type\":\"ListItem\",\"@id\":\"https:\\\/\\\/www.rucashk.com\\\/pt\\\/#listItem\",\"position\":1,\"name\":\"Home\",\"item\":\"https:\\\/\\\/www.rucashk.com\\\/pt\\\/\",\"nextItem\":\"https:\\\/\\\/www.rucashk.com\\\/pt\\\/produto\\\/redmi-note-11s\\\/#listItem\"},{\"@type\":\"ListItem\",\"@id\":\"https:\\\/\\\/www.rucashk.com\\\/pt\\\/produto\\\/redmi-note-11s\\\/#listItem\",\"position\":2,\"name\":\"REDMI NOTE 11S\",\"previousItem\":\"https:\\\/\\\/www.rucashk.com\\\/pt\\\/#listItem\"}]},{\"@type\":\"Organization\",\"@id\":\"https:\\\/\\\/www.rucashk.com\\\/pt\\\/#organization\",\"name\":\"Rucas\",\"url\":\"https:\\\/\\\/www.rucashk.com\\\/pt\\\/\",\"logo\":{\"@type\":\"ImageObject\",\"url\":\"https:\\\/\\\/www.rucashk.com\\\/wp-content\\\/uploads\\\/2023\\\/12\\\/Rucas_campany_logo.png\",\"@id\":\"https:\\\/\\\/www.rucashk.com\\\/pt\\\/produto\\\/redmi-note-11s\\\/#organizationLogo\",\"width\":221,\"height\":65},\"image\":{\"@id\":\"https:\\\/\\\/www.rucashk.com\\\/pt\\\/#organizationLogo\"}},{\"@type\":\"Person\",\"@id\":\"https:\\\/\\\/www.rucashk.com\\\/pt\\\/author\\\/admin\\\/#author\",\"url\":\"https:\\\/\\\/www.rucashk.com\\\/pt\\\/author\\\/admin\\\/\",\"name\":\"admin\",\"image\":{\"@type\":\"ImageObject\",\"@id\":\"https:\\\/\\\/www.rucashk.com\\\/pt\\\/produto\\\/redmi-note-11s\\\/#authorImage\",\"url\":\"https:\\\/\\\/secure.gravatar.com\\\/avatar\\\/b7c8925b09a27e72b30232f8ecaadbd5af0f70a38c78096863fe51b64f031c24?s=96&d=mm&r=g\",\"width\":96,\"height\":96,\"caption\":\"admin\"}},{\"@type\":\"WebPage\",\"@id\":\"https:\\\/\\\/www.rucashk.com\\\/pt\\\/produto\\\/redmi-note-11s\\\/#webpage\",\"url\":\"https:\\\/\\\/www.rucashk.com\\\/pt\\\/produto\\\/redmi-note-11s\\\/\",\"name\":\"REDMI NOTE 11S - Rucas - Wholesale and Distribution\",\"description\":\"Redmi Note 11S As especifica\\u00e7\\u00f5es e dados t\\u00e9cnicos Dual SimLTE 4G 8 Core2 GHZ Mem\\u00f3ria128 GB EXP. GpsSIM Android11 Display6.432400x1080 Foto108 Mpx VideoFull HD Sistema Operacional Disponibilidade Dimens\\u00f5es Peso PRE\\u00c7OS MELHOR PRE\\u00c7O Pre\\u00e7o Submarino Faixa de Pre\\u00e7o NOTAS Custo-benef\\u00edcio Hardware - Tela - C\\u00e2mera - Desempenho REDE Sim Card Dual Sim Gsm HSPA+ LTE Velocidade m\\u00e1xima\",\"inLanguage\":\"pt-PT\",\"isPartOf\":{\"@id\":\"https:\\\/\\\/www.rucashk.com\\\/pt\\\/#website\"},\"breadcrumb\":{\"@id\":\"https:\\\/\\\/www.rucashk.com\\\/pt\\\/produto\\\/redmi-note-11s\\\/#breadcrumblist\"},\"author\":{\"@id\":\"https:\\\/\\\/www.rucashk.com\\\/pt\\\/author\\\/admin\\\/#author\"},\"creator\":{\"@id\":\"https:\\\/\\\/www.rucashk.com\\\/pt\\\/author\\\/admin\\\/#author\"},\"image\":{\"@type\":\"ImageObject\",\"url\":\"https:\\\/\\\/www.rucashk.com\\\/wp-content\\\/uploads\\\/2024\\\/01\\\/608676.jpg\",\"@id\":\"https:\\\/\\\/www.rucashk.com\\\/pt\\\/produto\\\/redmi-note-11s\\\/#mainImage\",\"width\":141,\"height\":304},\"primaryImageOfPage\":{\"@id\":\"https:\\\/\\\/www.rucashk.com\\\/pt\\\/produto\\\/redmi-note-11s\\\/#mainImage\"},\"datePublished\":\"2024-01-09T16:24:09+00:00\",\"dateModified\":\"2024-01-23T07:54:07+00:00\"},{\"@type\":\"WebSite\",\"@id\":\"https:\\\/\\\/www.rucashk.com\\\/pt\\\/#website\",\"url\":\"https:\\\/\\\/www.rucashk.com\\\/pt\\\/\",\"name\":\"Rucas - Wholesale and distribution worldwide\",\"alternateName\":\"Rucas - One-stop AIoT Distribution Worldwide\",\"description\":\"One-stop AIoT Distribution Worldwide\",\"inLanguage\":\"pt-PT\",\"publisher\":{\"@id\":\"https:\\\/\\\/www.rucashk.com\\\/pt\\\/#organization\"}}]}\n\t\t<\/script>\n\t\t<!-- All in One SEO Pro -->\r\n\t\t<title>REDMI NOTE 11S - Rucas - Wholesale and Distribution<\/title>\n\n","aioseo_head_json":{"title":"REDMI NOTE 11S - Rucas - Wholesale and Distribution","description":"Redmi Note 11S As especifica\u00e7\u00f5es e dados t\u00e9cnicos Dual SimLTE 4G 8 Core2 GHZ Mem\u00f3ria128 GB EXP. GpsSIM Android11 Display6.432400x1080 Foto108 Mpx VideoFull HD Sistema Operacional Disponibilidade Dimens\u00f5es Peso PRE\u00c7OS MELHOR PRE\u00c7O Pre\u00e7o Submarino Faixa de Pre\u00e7o NOTAS Custo-benef\u00edcio Hardware - Tela - C\u00e2mera - Desempenho REDE Sim Card Dual Sim Gsm HSPA+ LTE Velocidade m\u00e1xima","canonical_url":"https:\/\/www.rucashk.com\/pt\/produto\/redmi-note-11s\/","robots":"max-image-preview:large","keywords":"","webmasterTools":{"miscellaneous":""},"og:locale":"pt_PT","og:site_name":"Rucas - One-stop AIoT Distribution Worldwide","og:type":"article","og:title":"REDMI NOTE 11S - Rucas - Wholesale and Distribution","og:description":"Redmi Note 11S As especifica\u00e7\u00f5es e dados t\u00e9cnicos Dual SimLTE 4G 8 Core2 GHZ Mem\u00f3ria128 GB EXP. GpsSIM Android11 Display6.432400x1080 Foto108 Mpx VideoFull HD Sistema Operacional Disponibilidade Dimens\u00f5es Peso PRE\u00c7OS MELHOR PRE\u00c7O Pre\u00e7o Submarino Faixa de Pre\u00e7o NOTAS Custo-benef\u00edcio Hardware - Tela - C\u00e2mera - Desempenho REDE Sim Card Dual Sim Gsm HSPA+ LTE Velocidade m\u00e1xima","og:url":"https:\/\/www.rucashk.com\/pt\/produto\/redmi-note-11s\/","og:image":"https:\/\/www.rucashk.com\/wp-content\/uploads\/replace\/503b8e645f128a97ccde2b6290747646.jpeg","og:image:secure_url":"https:\/\/www.rucashk.com\/wp-content\/uploads\/replace\/503b8e645f128a97ccde2b6290747646.jpeg","og:image:width":1456,"og:image:height":816,"article:published_time":"2024-01-09T16:24:09+00:00","article:modified_time":"2024-01-23T07:54:07+00:00","twitter:card":"summary_large_image","twitter:title":"REDMI NOTE 11S - Rucas - Wholesale and Distribution","twitter:description":"Redmi Note 11S As especifica\u00e7\u00f5es e dados t\u00e9cnicos Dual SimLTE 4G 8 Core2 GHZ Mem\u00f3ria128 GB EXP. GpsSIM Android11 Display6.432400x1080 Foto108 Mpx VideoFull HD Sistema Operacional Disponibilidade Dimens\u00f5es Peso PRE\u00c7OS MELHOR PRE\u00c7O Pre\u00e7o Submarino Faixa de Pre\u00e7o NOTAS Custo-benef\u00edcio Hardware - Tela - C\u00e2mera - Desempenho REDE Sim Card Dual Sim Gsm HSPA+ LTE Velocidade m\u00e1xima","twitter:image":"https:\/\/www.rucashk.com\/wp-content\/uploads\/replace\/503b8e645f128a97ccde2b6290747646.jpeg","schema":{"@context":"https:\/\/schema.org","@graph":[{"@type":"BreadcrumbList","@id":"https:\/\/www.rucashk.com\/pt\/produto\/redmi-note-11s\/#breadcrumblist","itemListElement":[{"@type":"ListItem","@id":"https:\/\/www.rucashk.com\/pt\/#listItem","position":1,"name":"Home","item":"https:\/\/www.rucashk.com\/pt\/","nextItem":"https:\/\/www.rucashk.com\/pt\/produto\/redmi-note-11s\/#listItem"},{"@type":"ListItem","@id":"https:\/\/www.rucashk.com\/pt\/produto\/redmi-note-11s\/#listItem","position":2,"name":"REDMI NOTE 11S","previousItem":"https:\/\/www.rucashk.com\/pt\/#listItem"}]},{"@type":"Organization","@id":"https:\/\/www.rucashk.com\/pt\/#organization","name":"Rucas","url":"https:\/\/www.rucashk.com\/pt\/","logo":{"@type":"ImageObject","url":"https:\/\/www.rucashk.com\/wp-content\/uploads\/2023\/12\/Rucas_campany_logo.png","@id":"https:\/\/www.rucashk.com\/pt\/produto\/redmi-note-11s\/#organizationLogo","width":221,"height":65},"image":{"@id":"https:\/\/www.rucashk.com\/pt\/#organizationLogo"}},{"@type":"Person","@id":"https:\/\/www.rucashk.com\/pt\/author\/admin\/#author","url":"https:\/\/www.rucashk.com\/pt\/author\/admin\/","name":"admin","image":{"@type":"ImageObject","@id":"https:\/\/www.rucashk.com\/pt\/produto\/redmi-note-11s\/#authorImage","url":"https:\/\/secure.gravatar.com\/avatar\/b7c8925b09a27e72b30232f8ecaadbd5af0f70a38c78096863fe51b64f031c24?s=96&d=mm&r=g","width":96,"height":96,"caption":"admin"}},{"@type":"WebPage","@id":"https:\/\/www.rucashk.com\/pt\/produto\/redmi-note-11s\/#webpage","url":"https:\/\/www.rucashk.com\/pt\/produto\/redmi-note-11s\/","name":"REDMI NOTE 11S - Rucas - Wholesale and Distribution","description":"Redmi Note 11S As especifica\u00e7\u00f5es e dados t\u00e9cnicos Dual SimLTE 4G 8 Core2 GHZ Mem\u00f3ria128 GB EXP. GpsSIM Android11 Display6.432400x1080 Foto108 Mpx VideoFull HD Sistema Operacional Disponibilidade Dimens\u00f5es Peso PRE\u00c7OS MELHOR PRE\u00c7O Pre\u00e7o Submarino Faixa de Pre\u00e7o NOTAS Custo-benef\u00edcio Hardware - Tela - C\u00e2mera - Desempenho REDE Sim Card Dual Sim Gsm HSPA+ LTE Velocidade m\u00e1xima","inLanguage":"pt-PT","isPartOf":{"@id":"https:\/\/www.rucashk.com\/pt\/#website"},"breadcrumb":{"@id":"https:\/\/www.rucashk.com\/pt\/produto\/redmi-note-11s\/#breadcrumblist"},"author":{"@id":"https:\/\/www.rucashk.com\/pt\/author\/admin\/#author"},"creator":{"@id":"https:\/\/www.rucashk.com\/pt\/author\/admin\/#author"},"image":{"@type":"ImageObject","url":"https:\/\/www.rucashk.com\/wp-content\/uploads\/2024\/01\/608676.jpg","@id":"https:\/\/www.rucashk.com\/pt\/produto\/redmi-note-11s\/#mainImage","width":141,"height":304},"primaryImageOfPage":{"@id":"https:\/\/www.rucashk.com\/pt\/produto\/redmi-note-11s\/#mainImage"},"datePublished":"2024-01-09T16:24:09+00:00","dateModified":"2024-01-23T07:54:07+00:00"},{"@type":"WebSite","@id":"https:\/\/www.rucashk.com\/pt\/#website","url":"https:\/\/www.rucashk.com\/pt\/","name":"Rucas - Wholesale and distribution worldwide","alternateName":"Rucas - One-stop AIoT Distribution Worldwide","description":"One-stop AIoT Distribution Worldwide","inLanguage":"pt-PT","publisher":{"@id":"https:\/\/www.rucashk.com\/pt\/#organization"}}]}},"aioseo_meta_data":{"post_id":"26071","title":null,"description":null,"keywords":null,"keyphrases":null,"primary_term":null,"canonical_url":null,"og_title":null,"og_description":null,"og_object_type":"default","og_image_type":"default","og_image_url":null,"og_image_width":null,"og_image_height":null,"og_image_custom_url":null,"og_image_custom_fields":null,"og_video":null,"og_custom_url":null,"og_article_section":null,"og_article_tags":null,"twitter_use_og":false,"twitter_card":"default","twitter_image_type":"default","twitter_image_url":null,"twitter_image_custom_url":null,"twitter_image_custom_fields":null,"twitter_title":null,"twitter_description":null,"schema":{"blockGraphs":[],"customGraphs":[],"default":{"data":{"Article":[],"Course":[],"Dataset":[],"FAQPage":[],"Movie":[],"Person":[],"Product":[],"Recipe":[],"Service":[],"SoftwareApplication":[],"WebPage":[]},"graphName":"","isEnabled":true},"graphs":[]},"schema_type":"default","schema_type_options":null,"pillar_content":false,"robots_default":true,"robots_noindex":false,"robots_noarchive":false,"robots_nosnippet":false,"robots_nofollow":false,"robots_noimageindex":false,"robots_noodp":false,"robots_notranslate":false,"robots_max_snippet":null,"robots_max_videopreview":null,"robots_max_imagepreview":"large","priority":null,"frequency":null,"local_seo":null,"breadcrumb_settings":null,"limit_modified_date":false,"created":"2024-04-11 01:57:20","updated":"2025-06-22 18:11:14"},"aioseo_breadcrumb":"<div class=\"aioseo-breadcrumbs\"><span class=\"aioseo-breadcrumb\">\n\t<a href=\"https:\/\/www.rucashk.com\/pt\" title=\"Home\">Home<\/a>\n<\/span><span class=\"aioseo-breadcrumb-separator\">&raquo;<\/span><span class=\"aioseo-breadcrumb\">\n\t<a href=\"https:\/\/www.rucashk.com\/pt\/products\/\" title=\"Produtos\">Produtos<\/a>\n<\/span><span class=\"aioseo-breadcrumb-separator\">&raquo;<\/span><span class=\"aioseo-breadcrumb\">\n\t<a href=\"https:\/\/www.rucashk.com\/pt\/categoria-produto\/mobile-phone\/\" title=\"Mobile Phone\">Mobile Phone<\/a>\n<\/span><span class=\"aioseo-breadcrumb-separator\">&raquo;<\/span><span class=\"aioseo-breadcrumb\">\n\t<a href=\"https:\/\/www.rucashk.com\/pt\/categoria-produto\/mobile-phone\/redmi-mobile-phone\/\" title=\"Redmi\">Redmi<\/a>\n<\/span><span class=\"aioseo-breadcrumb-separator\">&raquo;<\/span><span class=\"aioseo-breadcrumb\">\n\tREDMI NOTE 11S\n<\/span><\/div>","aioseo_breadcrumb_json":[{"label":"Home","link":"https:\/\/www.rucashk.com\/pt"},{"label":"Produtos","link":"https:\/\/www.rucashk.com\/pt\/products\/"},{"label":"Mobile Phone","link":"https:\/\/www.rucashk.com\/pt\/categoria-produto\/mobile-phone\/"},{"label":"Redmi","link":"https:\/\/www.rucashk.com\/pt\/categoria-produto\/mobile-phone\/redmi-mobile-phone\/"},{"label":"REDMI NOTE 11S","link":"https:\/\/www.rucashk.com\/pt\/produto\/redmi-note-11s\/"}],"_links":{"self":[{"href":"https:\/\/www.rucashk.com\/pt\/wp-json\/wp\/v2\/product\/26071","targetHints":{"allow":["GET"]}}],"collection":[{"href":"https:\/\/www.rucashk.com\/pt\/wp-json\/wp\/v2\/product"}],"about":[{"href":"https:\/\/www.rucashk.com\/pt\/wp-json\/wp\/v2\/types\/product"}],"wp:featuredmedia":[{"embeddable":true,"href":"https:\/\/www.rucashk.com\/pt\/wp-json\/wp\/v2\/media\/26132"}],"wp:attachment":[{"href":"https:\/\/www.rucashk.com\/pt\/wp-json\/wp\/v2\/media?parent=26071"}],"wp:term":[{"taxonomy":"product_brand","embeddable":true,"href":"https:\/\/www.rucashk.com\/pt\/wp-json\/wp\/v2\/product_brand?post=26071"},{"taxonomy":"product_cat","embeddable":true,"href":"https:\/\/www.rucashk.com\/pt\/wp-json\/wp\/v2\/product_cat?post=26071"},{"taxonomy":"product_tag","embeddable":true,"href":"https:\/\/www.rucashk.com\/pt\/wp-json\/wp\/v2\/product_tag?post=26071"}],"curies":[{"name":"wp","href":"https:\/\/api.w.org\/{rel}","templated":true}]}}