{"id":26069,"date":"2024-01-09T16:24:08","date_gmt":"2024-01-09T16:24:08","guid":{"rendered":"http:\/\/rucashk.com\/?post_type=product&#038;p=26069"},"modified":"2024-01-23T09:23:00","modified_gmt":"2024-01-23T09:23:00","slug":"redmi-note-11","status":"publish","type":"product","link":"https:\/\/www.rucashk.com\/pt\/produto\/redmi-note-11\/","title":{"rendered":"NOTA REDMI 11"},"content":{"rendered":"<p><img fetchpriority=\"high\" decoding=\"async\" class=\"alignnone size-full wp-image-30553\" src=\"https:\/\/www.rucashk.com\/wp-content\/uploads\/2022\/03\/\u5fae\u4fe1\u622a\u56fe_20220326172706.png\" alt=\"REDMI NOTE 11\" width=\"1833\" height=\"746\" \/><\/p>\n<p>&nbsp;<\/p>","protected":false},"excerpt":{"rendered":"<ul class=\"a-unordered-list a-vertical a-spacing-mini\">\n<li><span class=\"a-list-item\">Display: 90Hz FHD+ (1080&#215;2400) AMOLED display; 16.33 centimeters (6.43 inch); 20:9 aspect ratio<\/span><\/li>\n<li><span class=\"a-list-item\">C\u00e2mera: C\u00e2mera traseira qu\u00e1drupla de 50 MP com lentes ultra-grande angular de 8 MP, macro de 2 MP e retrato | C\u00e2mera frontal de 13 MP<\/span><\/li>\n<li><span class=\"a-list-item\">Bateria: Bateria grande de 5000 mAh com carregador r\u00e1pido Pro de 33 W na caixa e conectividade Tipo C<\/span><\/li>\n<li><span class=\"a-list-item\">Processador: Qualcomm Snapdragon 680 Octa-core; Processador de 6nm; Velocidade de clock de at\u00e9 2,4 GHz<\/span><\/li>\n<li><span class=\"a-list-item\">Mem\u00f3ria, armazenamento e SIM: 4 GB de RAM | Armazenamento UFS 2.2 de 64 GB expans\u00edvel at\u00e9 512 GB com slot para cart\u00e3o SD dedicado | Dual SIM (nano + nano) em espera dupla (4G + 4G)<\/span><\/li>\n<li><span class=\"a-list-item\">Compat\u00edvel com Alexa Hands-Free: Baixe o aplicativo Alexa para usar o Alexa com as m\u00e3os livres. Toque m\u00fasica, fa\u00e7a chamadas, ou\u00e7a not\u00edcias, abra aplicativos, navegue e muito mais, tudo isso usando apenas sua voz, em qualquer lugar<\/span><\/li>\n<\/ul>","protected":false},"featured_media":26129,"template":"","meta":[],"product_brand":[],"product_cat":[1295,1297],"product_tag":[],"class_list":{"0":"post-26069","1":"product","2":"type-product","3":"status-publish","4":"has-post-thumbnail","6":"product_cat-mobile-phone","7":"product_cat-redmi-mobile-phone","9":"first","10":"instock","11":"shipping-taxable","12":"product-type-simple"},"aioseo_notices":[],"aioseo_head":"\n\t\t<!-- All in One SEO Pro 4.5.9.2 - aioseo.com -->\n\t\t<meta name=\"description\" content=\"Display: 90Hz FHD+ (1080x2400) AMOLED display; 16.33 centimeters (6.43 inch); 20:9 aspect ratio Camera: 50 MP Quad Rear camera with 8MP Ultra-wide, 2MP Macro and Portrait lens| 13 MP Front camera Battery: 5000 mAh large battery with 33W Pro fast charger in-box and Type-C connectivity Processor: Qualcomm Snapdragon 680 Octa-core; 6nm processor; Up to 2.4GHz clock speed Memory, Storage &amp; SIM: 4GB RAM | 64GB UFS 2.2 storage expandable up to 512GB with dedicated SD card slot | Dual SIM (nano+nano) dual standby (4G+4G) Alexa Hands-Free capable: Download the Alexa app to use Alexa hands-free. Play music, make calls, hear news, open apps, navigate, and more, all using just your voice, while on-the-go\" \/>\n\t\t<meta name=\"robots\" content=\"max-image-preview:large\" \/>\n\t\t<link rel=\"canonical\" href=\"https:\/\/www.rucashk.com\/pt\/produto\/redmi-note-11\/\" \/>\n\t\t<meta name=\"generator\" content=\"All in One SEO Pro (AIOSEO) 4.5.9.2\" \/>\n\t\t<meta property=\"og:locale\" content=\"pt_PT\" \/>\n\t\t<meta property=\"og:site_name\" content=\"Rucas - One-stop AIoT Distribution Worldwide\" \/>\n\t\t<meta property=\"og:type\" content=\"article\" \/>\n\t\t<meta property=\"og:title\" content=\"REDMI NOTE 11 - Rucas - Wholesale and Distribution\" \/>\n\t\t<meta property=\"og:description\" content=\"Display: 90Hz FHD+ (1080x2400) AMOLED display; 16.33 centimeters (6.43 inch); 20:9 aspect ratio Camera: 50 MP Quad Rear camera with 8MP Ultra-wide, 2MP Macro and Portrait lens| 13 MP Front camera Battery: 5000 mAh large battery with 33W Pro fast charger in-box and Type-C connectivity Processor: Qualcomm Snapdragon 680 Octa-core; 6nm processor; Up to 2.4GHz clock speed Memory, Storage &amp; SIM: 4GB RAM | 64GB UFS 2.2 storage expandable up to 512GB with dedicated SD card slot | Dual SIM (nano+nano) dual standby (4G+4G) Alexa Hands-Free capable: Download the Alexa app to use Alexa hands-free. Play music, make calls, hear news, open apps, navigate, and more, all using just your voice, while on-the-go\" \/>\n\t\t<meta property=\"og:url\" content=\"https:\/\/www.rucashk.com\/pt\/produto\/redmi-note-11\/\" \/>\n\t\t<meta property=\"og:image\" content=\"https:\/\/www.rucashk.com\/wp-content\/uploads\/replace\/503b8e645f128a97ccde2b6290747646.jpeg\" \/>\n\t\t<meta property=\"og:image:secure_url\" content=\"https:\/\/www.rucashk.com\/wp-content\/uploads\/replace\/503b8e645f128a97ccde2b6290747646.jpeg\" \/>\n\t\t<meta property=\"og:image:width\" content=\"1456\" \/>\n\t\t<meta property=\"og:image:height\" content=\"816\" \/>\n\t\t<meta property=\"article:published_time\" content=\"2024-01-09T16:24:08+00:00\" \/>\n\t\t<meta property=\"article:modified_time\" content=\"2024-01-23T09:23:00+00:00\" \/>\n\t\t<meta name=\"twitter:card\" content=\"summary_large_image\" \/>\n\t\t<meta name=\"twitter:title\" content=\"REDMI NOTE 11 - Rucas - Wholesale and Distribution\" \/>\n\t\t<meta name=\"twitter:description\" content=\"Display: 90Hz FHD+ (1080x2400) AMOLED display; 16.33 centimeters (6.43 inch); 20:9 aspect ratio Camera: 50 MP Quad Rear camera with 8MP Ultra-wide, 2MP Macro and Portrait lens| 13 MP Front camera Battery: 5000 mAh large battery with 33W Pro fast charger in-box and Type-C connectivity Processor: Qualcomm Snapdragon 680 Octa-core; 6nm processor; Up to 2.4GHz clock speed Memory, Storage &amp; SIM: 4GB RAM | 64GB UFS 2.2 storage expandable up to 512GB with dedicated SD card slot | Dual SIM (nano+nano) dual standby (4G+4G) Alexa Hands-Free capable: Download the Alexa app to use Alexa hands-free. Play music, make calls, hear news, open apps, navigate, and more, all using just your voice, while on-the-go\" \/>\n\t\t<meta name=\"twitter:image\" content=\"https:\/\/www.rucashk.com\/wp-content\/uploads\/replace\/503b8e645f128a97ccde2b6290747646.jpeg\" \/>\n\t\t<script type=\"application\/ld+json\" class=\"aioseo-schema\">\n\t\t\t{\"@context\":\"https:\\\/\\\/schema.org\",\"@graph\":[{\"@type\":\"BreadcrumbList\",\"@id\":\"https:\\\/\\\/www.rucashk.com\\\/pt\\\/produto\\\/redmi-note-11\\\/#breadcrumblist\",\"itemListElement\":[{\"@type\":\"ListItem\",\"@id\":\"https:\\\/\\\/www.rucashk.com\\\/pt\\\/#listItem\",\"position\":1,\"name\":\"Home\",\"item\":\"https:\\\/\\\/www.rucashk.com\\\/pt\\\/\",\"nextItem\":\"https:\\\/\\\/www.rucashk.com\\\/pt\\\/produto\\\/redmi-note-11\\\/#listItem\"},{\"@type\":\"ListItem\",\"@id\":\"https:\\\/\\\/www.rucashk.com\\\/pt\\\/produto\\\/redmi-note-11\\\/#listItem\",\"position\":2,\"name\":\"REDMI NOTE 11\",\"previousItem\":\"https:\\\/\\\/www.rucashk.com\\\/pt\\\/#listItem\"}]},{\"@type\":\"Organization\",\"@id\":\"https:\\\/\\\/www.rucashk.com\\\/pt\\\/#organization\",\"name\":\"Rucas\",\"url\":\"https:\\\/\\\/www.rucashk.com\\\/pt\\\/\",\"logo\":{\"@type\":\"ImageObject\",\"url\":\"https:\\\/\\\/www.rucashk.com\\\/wp-content\\\/uploads\\\/2023\\\/12\\\/Rucas_campany_logo.png\",\"@id\":\"https:\\\/\\\/www.rucashk.com\\\/pt\\\/produto\\\/redmi-note-11\\\/#organizationLogo\",\"width\":221,\"height\":65},\"image\":{\"@id\":\"https:\\\/\\\/www.rucashk.com\\\/pt\\\/#organizationLogo\"}},{\"@type\":\"Person\",\"@id\":\"https:\\\/\\\/www.rucashk.com\\\/pt\\\/author\\\/admin\\\/#author\",\"url\":\"https:\\\/\\\/www.rucashk.com\\\/pt\\\/author\\\/admin\\\/\",\"name\":\"admin\",\"image\":{\"@type\":\"ImageObject\",\"@id\":\"https:\\\/\\\/www.rucashk.com\\\/pt\\\/produto\\\/redmi-note-11\\\/#authorImage\",\"url\":\"https:\\\/\\\/secure.gravatar.com\\\/avatar\\\/b7c8925b09a27e72b30232f8ecaadbd5af0f70a38c78096863fe51b64f031c24?s=96&d=mm&r=g\",\"width\":96,\"height\":96,\"caption\":\"admin\"}},{\"@type\":\"WebPage\",\"@id\":\"https:\\\/\\\/www.rucashk.com\\\/pt\\\/produto\\\/redmi-note-11\\\/#webpage\",\"url\":\"https:\\\/\\\/www.rucashk.com\\\/pt\\\/produto\\\/redmi-note-11\\\/\",\"name\":\"REDMI NOTE 11 - Rucas - Wholesale and Distribution\",\"description\":\"Display: 90Hz FHD+ (1080x2400) AMOLED display; 16.33 centimeters (6.43 inch); 20:9 aspect ratio Camera: 50 MP Quad Rear camera with 8MP Ultra-wide, 2MP Macro and Portrait lens| 13 MP Front camera Battery: 5000 mAh large battery with 33W Pro fast charger in-box and Type-C connectivity Processor: Qualcomm Snapdragon 680 Octa-core; 6nm processor; Up to 2.4GHz clock speed Memory, Storage & SIM: 4GB RAM | 64GB UFS 2.2 storage expandable up to 512GB with dedicated SD card slot | Dual SIM (nano+nano) dual standby (4G+4G) Alexa Hands-Free capable: Download the Alexa app to use Alexa hands-free. Play music, make calls, hear news, open apps, navigate, and more, all using just your voice, while on-the-go\",\"inLanguage\":\"pt-PT\",\"isPartOf\":{\"@id\":\"https:\\\/\\\/www.rucashk.com\\\/pt\\\/#website\"},\"breadcrumb\":{\"@id\":\"https:\\\/\\\/www.rucashk.com\\\/pt\\\/produto\\\/redmi-note-11\\\/#breadcrumblist\"},\"author\":{\"@id\":\"https:\\\/\\\/www.rucashk.com\\\/pt\\\/author\\\/admin\\\/#author\"},\"creator\":{\"@id\":\"https:\\\/\\\/www.rucashk.com\\\/pt\\\/author\\\/admin\\\/#author\"},\"image\":{\"@type\":\"ImageObject\",\"url\":\"https:\\\/\\\/www.rucashk.com\\\/wp-content\\\/uploads\\\/2024\\\/01\\\/81zLNgcvlaL._SX679_.jpg\",\"@id\":\"https:\\\/\\\/www.rucashk.com\\\/pt\\\/produto\\\/redmi-note-11\\\/#mainImage\",\"width\":679,\"height\":679},\"primaryImageOfPage\":{\"@id\":\"https:\\\/\\\/www.rucashk.com\\\/pt\\\/produto\\\/redmi-note-11\\\/#mainImage\"},\"datePublished\":\"2024-01-09T16:24:08+00:00\",\"dateModified\":\"2024-01-23T09:23:00+00:00\"},{\"@type\":\"WebSite\",\"@id\":\"https:\\\/\\\/www.rucashk.com\\\/pt\\\/#website\",\"url\":\"https:\\\/\\\/www.rucashk.com\\\/pt\\\/\",\"name\":\"Rucas - Wholesale and distribution worldwide\",\"alternateName\":\"Rucas - One-stop AIoT Distribution Worldwide\",\"description\":\"One-stop AIoT Distribution Worldwide\",\"inLanguage\":\"pt-PT\",\"publisher\":{\"@id\":\"https:\\\/\\\/www.rucashk.com\\\/pt\\\/#organization\"}}]}\n\t\t<\/script>\n\t\t<!-- All in One SEO Pro -->\r\n\t\t<title>REDMI NOTE 11 - Rucas - Wholesale and Distribution<\/title>\n\n","aioseo_head_json":{"title":"REDMI NOTE 11 - Rucas - Wholesale and Distribution","description":"Display: 90Hz FHD+ (1080x2400) AMOLED display; 16.33 centimeters (6.43 inch); 20:9 aspect ratio Camera: 50 MP Quad Rear camera with 8MP Ultra-wide, 2MP Macro and Portrait lens| 13 MP Front camera Battery: 5000 mAh large battery with 33W Pro fast charger in-box and Type-C connectivity Processor: Qualcomm Snapdragon 680 Octa-core; 6nm processor; Up to 2.4GHz clock speed Memory, Storage & SIM: 4GB RAM | 64GB UFS 2.2 storage expandable up to 512GB with dedicated SD card slot | Dual SIM (nano+nano) dual standby (4G+4G) Alexa Hands-Free capable: Download the Alexa app to use Alexa hands-free. Play music, make calls, hear news, open apps, navigate, and more, all using just your voice, while on-the-go","canonical_url":"https:\/\/www.rucashk.com\/pt\/produto\/redmi-note-11\/","robots":"max-image-preview:large","keywords":"","webmasterTools":{"miscellaneous":""},"og:locale":"pt_PT","og:site_name":"Rucas - One-stop AIoT Distribution Worldwide","og:type":"article","og:title":"REDMI NOTE 11 - Rucas - Wholesale and Distribution","og:description":"Display: 90Hz FHD+ (1080x2400) AMOLED display; 16.33 centimeters (6.43 inch); 20:9 aspect ratio Camera: 50 MP Quad Rear camera with 8MP Ultra-wide, 2MP Macro and Portrait lens| 13 MP Front camera Battery: 5000 mAh large battery with 33W Pro fast charger in-box and Type-C connectivity Processor: Qualcomm Snapdragon 680 Octa-core; 6nm processor; Up to 2.4GHz clock speed Memory, Storage &amp; SIM: 4GB RAM | 64GB UFS 2.2 storage expandable up to 512GB with dedicated SD card slot | Dual SIM (nano+nano) dual standby (4G+4G) Alexa Hands-Free capable: Download the Alexa app to use Alexa hands-free. Play music, make calls, hear news, open apps, navigate, and more, all using just your voice, while on-the-go","og:url":"https:\/\/www.rucashk.com\/pt\/produto\/redmi-note-11\/","og:image":"https:\/\/www.rucashk.com\/wp-content\/uploads\/replace\/503b8e645f128a97ccde2b6290747646.jpeg","og:image:secure_url":"https:\/\/www.rucashk.com\/wp-content\/uploads\/replace\/503b8e645f128a97ccde2b6290747646.jpeg","og:image:width":1456,"og:image:height":816,"article:published_time":"2024-01-09T16:24:08+00:00","article:modified_time":"2024-01-23T09:23:00+00:00","twitter:card":"summary_large_image","twitter:title":"REDMI NOTE 11 - Rucas - Wholesale and Distribution","twitter:description":"Display: 90Hz FHD+ (1080x2400) AMOLED display; 16.33 centimeters (6.43 inch); 20:9 aspect ratio Camera: 50 MP Quad Rear camera with 8MP Ultra-wide, 2MP Macro and Portrait lens| 13 MP Front camera Battery: 5000 mAh large battery with 33W Pro fast charger in-box and Type-C connectivity Processor: Qualcomm Snapdragon 680 Octa-core; 6nm processor; Up to 2.4GHz clock speed Memory, Storage &amp; SIM: 4GB RAM | 64GB UFS 2.2 storage expandable up to 512GB with dedicated SD card slot | Dual SIM (nano+nano) dual standby (4G+4G) Alexa Hands-Free capable: Download the Alexa app to use Alexa hands-free. Play music, make calls, hear news, open apps, navigate, and more, all using just your voice, while on-the-go","twitter:image":"https:\/\/www.rucashk.com\/wp-content\/uploads\/replace\/503b8e645f128a97ccde2b6290747646.jpeg","schema":{"@context":"https:\/\/schema.org","@graph":[{"@type":"BreadcrumbList","@id":"https:\/\/www.rucashk.com\/pt\/produto\/redmi-note-11\/#breadcrumblist","itemListElement":[{"@type":"ListItem","@id":"https:\/\/www.rucashk.com\/pt\/#listItem","position":1,"name":"Home","item":"https:\/\/www.rucashk.com\/pt\/","nextItem":"https:\/\/www.rucashk.com\/pt\/produto\/redmi-note-11\/#listItem"},{"@type":"ListItem","@id":"https:\/\/www.rucashk.com\/pt\/produto\/redmi-note-11\/#listItem","position":2,"name":"REDMI NOTE 11","previousItem":"https:\/\/www.rucashk.com\/pt\/#listItem"}]},{"@type":"Organization","@id":"https:\/\/www.rucashk.com\/pt\/#organization","name":"Rucas","url":"https:\/\/www.rucashk.com\/pt\/","logo":{"@type":"ImageObject","url":"https:\/\/www.rucashk.com\/wp-content\/uploads\/2023\/12\/Rucas_campany_logo.png","@id":"https:\/\/www.rucashk.com\/pt\/produto\/redmi-note-11\/#organizationLogo","width":221,"height":65},"image":{"@id":"https:\/\/www.rucashk.com\/pt\/#organizationLogo"}},{"@type":"Person","@id":"https:\/\/www.rucashk.com\/pt\/author\/admin\/#author","url":"https:\/\/www.rucashk.com\/pt\/author\/admin\/","name":"admin","image":{"@type":"ImageObject","@id":"https:\/\/www.rucashk.com\/pt\/produto\/redmi-note-11\/#authorImage","url":"https:\/\/secure.gravatar.com\/avatar\/b7c8925b09a27e72b30232f8ecaadbd5af0f70a38c78096863fe51b64f031c24?s=96&d=mm&r=g","width":96,"height":96,"caption":"admin"}},{"@type":"WebPage","@id":"https:\/\/www.rucashk.com\/pt\/produto\/redmi-note-11\/#webpage","url":"https:\/\/www.rucashk.com\/pt\/produto\/redmi-note-11\/","name":"REDMI NOTE 11 - Rucas - Wholesale and Distribution","description":"Display: 90Hz FHD+ (1080x2400) AMOLED display; 16.33 centimeters (6.43 inch); 20:9 aspect ratio Camera: 50 MP Quad Rear camera with 8MP Ultra-wide, 2MP Macro and Portrait lens| 13 MP Front camera Battery: 5000 mAh large battery with 33W Pro fast charger in-box and Type-C connectivity Processor: Qualcomm Snapdragon 680 Octa-core; 6nm processor; Up to 2.4GHz clock speed Memory, Storage & SIM: 4GB RAM | 64GB UFS 2.2 storage expandable up to 512GB with dedicated SD card slot | Dual SIM (nano+nano) dual standby (4G+4G) Alexa Hands-Free capable: Download the Alexa app to use Alexa hands-free. Play music, make calls, hear news, open apps, navigate, and more, all using just your voice, while on-the-go","inLanguage":"pt-PT","isPartOf":{"@id":"https:\/\/www.rucashk.com\/pt\/#website"},"breadcrumb":{"@id":"https:\/\/www.rucashk.com\/pt\/produto\/redmi-note-11\/#breadcrumblist"},"author":{"@id":"https:\/\/www.rucashk.com\/pt\/author\/admin\/#author"},"creator":{"@id":"https:\/\/www.rucashk.com\/pt\/author\/admin\/#author"},"image":{"@type":"ImageObject","url":"https:\/\/www.rucashk.com\/wp-content\/uploads\/2024\/01\/81zLNgcvlaL._SX679_.jpg","@id":"https:\/\/www.rucashk.com\/pt\/produto\/redmi-note-11\/#mainImage","width":679,"height":679},"primaryImageOfPage":{"@id":"https:\/\/www.rucashk.com\/pt\/produto\/redmi-note-11\/#mainImage"},"datePublished":"2024-01-09T16:24:08+00:00","dateModified":"2024-01-23T09:23:00+00:00"},{"@type":"WebSite","@id":"https:\/\/www.rucashk.com\/pt\/#website","url":"https:\/\/www.rucashk.com\/pt\/","name":"Rucas - Wholesale and distribution worldwide","alternateName":"Rucas - One-stop AIoT Distribution Worldwide","description":"One-stop AIoT Distribution Worldwide","inLanguage":"pt-PT","publisher":{"@id":"https:\/\/www.rucashk.com\/pt\/#organization"}}]}},"aioseo_meta_data":{"post_id":"26069","title":null,"description":null,"keywords":null,"keyphrases":null,"primary_term":null,"canonical_url":null,"og_title":null,"og_description":null,"og_object_type":"default","og_image_type":"default","og_image_url":null,"og_image_width":null,"og_image_height":null,"og_image_custom_url":null,"og_image_custom_fields":null,"og_video":null,"og_custom_url":null,"og_article_section":null,"og_article_tags":null,"twitter_use_og":false,"twitter_card":"default","twitter_image_type":"default","twitter_image_url":null,"twitter_image_custom_url":null,"twitter_image_custom_fields":null,"twitter_title":null,"twitter_description":null,"schema":{"blockGraphs":[],"customGraphs":[],"default":{"data":{"Article":[],"Course":[],"Dataset":[],"FAQPage":[],"Movie":[],"Person":[],"Product":[],"Recipe":[],"Service":[],"SoftwareApplication":[],"WebPage":[]},"graphName":"","isEnabled":true},"graphs":[]},"schema_type":"default","schema_type_options":null,"pillar_content":false,"robots_default":true,"robots_noindex":false,"robots_noarchive":false,"robots_nosnippet":false,"robots_nofollow":false,"robots_noimageindex":false,"robots_noodp":false,"robots_notranslate":false,"robots_max_snippet":null,"robots_max_videopreview":null,"robots_max_imagepreview":"large","priority":null,"frequency":null,"local_seo":null,"breadcrumb_settings":null,"limit_modified_date":false,"created":"2024-04-11 01:57:20","updated":"2025-06-22 18:09:57"},"aioseo_breadcrumb":"<div class=\"aioseo-breadcrumbs\"><span class=\"aioseo-breadcrumb\">\n\t<a href=\"https:\/\/www.rucashk.com\/pt\" title=\"Home\">Home<\/a>\n<\/span><span class=\"aioseo-breadcrumb-separator\">&raquo;<\/span><span class=\"aioseo-breadcrumb\">\n\t<a href=\"https:\/\/www.rucashk.com\/pt\/products\/\" title=\"Produtos\">Produtos<\/a>\n<\/span><span class=\"aioseo-breadcrumb-separator\">&raquo;<\/span><span class=\"aioseo-breadcrumb\">\n\t<a href=\"https:\/\/www.rucashk.com\/pt\/categoria-produto\/mobile-phone\/\" title=\"Mobile Phone\">Mobile Phone<\/a>\n<\/span><span class=\"aioseo-breadcrumb-separator\">&raquo;<\/span><span class=\"aioseo-breadcrumb\">\n\t<a href=\"https:\/\/www.rucashk.com\/pt\/categoria-produto\/mobile-phone\/redmi-mobile-phone\/\" title=\"Redmi\">Redmi<\/a>\n<\/span><span class=\"aioseo-breadcrumb-separator\">&raquo;<\/span><span class=\"aioseo-breadcrumb\">\n\tREDMI NOTE 11\n<\/span><\/div>","aioseo_breadcrumb_json":[{"label":"Home","link":"https:\/\/www.rucashk.com\/pt"},{"label":"Produtos","link":"https:\/\/www.rucashk.com\/pt\/products\/"},{"label":"Mobile Phone","link":"https:\/\/www.rucashk.com\/pt\/categoria-produto\/mobile-phone\/"},{"label":"Redmi","link":"https:\/\/www.rucashk.com\/pt\/categoria-produto\/mobile-phone\/redmi-mobile-phone\/"},{"label":"REDMI NOTE 11","link":"https:\/\/www.rucashk.com\/pt\/produto\/redmi-note-11\/"}],"_links":{"self":[{"href":"https:\/\/www.rucashk.com\/pt\/wp-json\/wp\/v2\/product\/26069","targetHints":{"allow":["GET"]}}],"collection":[{"href":"https:\/\/www.rucashk.com\/pt\/wp-json\/wp\/v2\/product"}],"about":[{"href":"https:\/\/www.rucashk.com\/pt\/wp-json\/wp\/v2\/types\/product"}],"wp:featuredmedia":[{"embeddable":true,"href":"https:\/\/www.rucashk.com\/pt\/wp-json\/wp\/v2\/media\/26129"}],"wp:attachment":[{"href":"https:\/\/www.rucashk.com\/pt\/wp-json\/wp\/v2\/media?parent=26069"}],"wp:term":[{"taxonomy":"product_brand","embeddable":true,"href":"https:\/\/www.rucashk.com\/pt\/wp-json\/wp\/v2\/product_brand?post=26069"},{"taxonomy":"product_cat","embeddable":true,"href":"https:\/\/www.rucashk.com\/pt\/wp-json\/wp\/v2\/product_cat?post=26069"},{"taxonomy":"product_tag","embeddable":true,"href":"https:\/\/www.rucashk.com\/pt\/wp-json\/wp\/v2\/product_tag?post=26069"}],"curies":[{"name":"wp","href":"https:\/\/api.w.org\/{rel}","templated":true}]}}