{"id":26068,"date":"2024-01-09T16:24:08","date_gmt":"2024-01-09T16:24:08","guid":{"rendered":"http:\/\/rucashk.com\/?post_type=product&#038;p=26068"},"modified":"2024-01-23T09:49:13","modified_gmt":"2024-01-23T09:49:13","slug":"huawei-p50-pro-smartphone","status":"publish","type":"product","link":"https:\/\/www.rucashk.com\/pt\/produto\/huawei-p50-pro-smartphone\/","title":{"rendered":"Smartphone HUAWEI P50 Pro"},"content":{"rendered":"<div class=\"gg-intro-summary\">\n<div class=\"gg-container\">\n<h2>Especifica\u00e7\u00f5es<\/h2>\n<div class=\"col12 all-speces-table\">\n<div class=\"clearfix\"><\/div>\n<div class=\"colspan2 mcolspan12 title p fwb\">\n<table>\n<tbody>\n<tr>\n<td>Local de Fabrica\u00e7\u00e3o<\/td>\n<\/tr>\n<\/tbody>\n<\/table>\n<\/div>\n<div class=\"colspan10 mcolspan12 content p\">\n<p>China<\/p>\n<\/div>\n<div class=\"clearfix\"><\/div>\n<div class=\"colspan2 mcolspan12 title p fwb\">\n<table>\n<tbody>\n<tr>\n<td>*Rede<\/td>\n<\/tr>\n<\/tbody>\n<\/table>\n<\/div>\n<div class=\"colspan10 mcolspan12 content p\">\n<p>SIM duplo 4G+4G<\/p>\n<\/div>\n<div class=\"clearfix\"><\/div>\n<div class=\"colspan2 mcolspan12 title p fwb\">\n<table>\n<tbody>\n<tr>\n<td>Sistema operacional<\/td>\n<\/tr>\n<\/tbody>\n<\/table>\n<\/div>\n<div class=\"colspan10 mcolspan12 content p\">\n<p>EMUI 12 (sem GMS)<\/p>\n<\/div>\n<div class=\"clearfix\"><\/div>\n<div class=\"colspan2 mcolspan12 title p fwb\">\n<table>\n<tbody>\n<tr>\n<td>Processador<\/td>\n<\/tr>\n<\/tbody>\n<\/table>\n<\/div>\n<div class=\"colspan10 mcolspan12 content p\">\n<p>Snapdragon 888 4G<\/p>\n<\/div>\n<div class=\"clearfix\"><\/div>\n<div class=\"colspan2 mcolspan12 title p fwb\">\n<table>\n<tbody>\n<tr>\n<td>Tamanho de exibi\u00e7\u00e3o<\/td>\n<\/tr>\n<\/tbody>\n<\/table>\n<\/div>\n<div class=\"colspan10 mcolspan12 content p\">\n<p>6.6&#8243;<\/p>\n<\/div>\n<div class=\"clearfix\"><\/div>\n<div class=\"colspan2 mcolspan12 title p fwb\">\n<table>\n<tbody>\n<tr>\n<td>Resolu\u00e7\u00e3o de v\u00eddeo<\/td>\n<\/tr>\n<\/tbody>\n<\/table>\n<\/div>\n<div class=\"colspan10 mcolspan12 content p\">\n<p>2700x1228<\/p>\n<\/div>\n<div class=\"clearfix\"><\/div>\n<div class=\"colspan2 mcolspan12 title p fwb\">\n<table>\n<tbody>\n<tr>\n<td>Mem\u00f3ria Interna (RAM)<\/td>\n<\/tr>\n<\/tbody>\n<\/table>\n<\/div>\n<div class=\"colspan10 mcolspan12 content p\">\n<p>8GB<\/p>\n<\/div>\n<div class=\"clearfix\"><\/div>\n<div class=\"colspan2 mcolspan12 title p fwb\">\n<table>\n<tbody>\n<tr>\n<td>Mem\u00f3ria Interna (ROM)<\/td>\n<\/tr>\n<\/tbody>\n<\/table>\n<\/div>\n<div class=\"colspan10 mcolspan12 content p\">\n<p>256 GB<\/p>\n<\/div>\n<div class=\"clearfix\"><\/div>\n<div class=\"colspan2 mcolspan12 title p fwb\">\n<table>\n<tbody>\n<tr>\n<td>*Pixel da c\u00e2mera traseira*<\/td>\n<\/tr>\n<\/tbody>\n<\/table>\n<\/div>\n<div class=\"colspan10 mcolspan12 content p\">\n<p>50 MP + 40 MP + 13 MP + 64 MP<\/p>\n<\/div>\n<div class=\"clearfix\"><\/div>\n<div class=\"colspan2 mcolspan12 title p fwb\">\n<table>\n<tbody>\n<tr>\n<td>Pixel da c\u00e2mera frontal<\/td>\n<\/tr>\n<\/tbody>\n<\/table>\n<\/div>\n<div class=\"colspan10 mcolspan12 content p\">\n<p>13 MP<\/p>\n<\/div>\n<div class=\"clearfix\"><\/div>\n<div class=\"colspan2 mcolspan12 title p fwb\">\n<table>\n<tbody>\n<tr>\n<td>Capacidade de carga<\/td>\n<\/tr>\n<\/tbody>\n<\/table>\n<\/div>\n<div class=\"colspan10 mcolspan12 content p\">\n<p>4360mAh<\/p>\n<\/div>\n<div class=\"clearfix\"><\/div>\n<div class=\"colspan2 mcolspan12 title p fwb\">\n<table>\n<tbody>\n<tr>\n<td>Resist\u00eancia \u00e0 \u00e1gua e poeira<\/td>\n<\/tr>\n<\/tbody>\n<\/table>\n<\/div>\n<div class=\"colspan10 mcolspan12 content p\">\n<p>IP68<\/p>\n<\/div>\n<div class=\"clearfix\"><\/div>\n<div class=\"colspan2 mcolspan12 title p fwb\">\n<table>\n<tbody>\n<tr>\n<td>NFC<\/td>\n<\/tr>\n<\/tbody>\n<\/table>\n<\/div>\n<div class=\"colspan10 mcolspan12 content p\">\n<p>Sim<\/p>\n<\/div>\n<div class=\"clearfix\"><\/div>\n<div class=\"colspan2 mcolspan12 title p fwb\">\n<table>\n<tbody>\n<tr>\n<td>HSPA (baixar\/carregar)<\/td>\n<\/tr>\n<\/tbody>\n<\/table>\n<\/div>\n<div class=\"colspan10 mcolspan12 content p\">\n<p>HSDPA 42 Mbps \/ HSUPA 5,76 Mbps<\/p>\n<\/div>\n<div class=\"clearfix\"><\/div>\n<div class=\"colspan2 mcolspan12 title p fwb\">\n<table>\n<tbody>\n<tr>\n<td>* Suporte para cart\u00e3o de mem\u00f3ria *<\/td>\n<\/tr>\n<\/tbody>\n<\/table>\n<\/div>\n<div class=\"colspan10 mcolspan12 content p\">\n<p>N \/ D<\/p>\n<\/div>\n<div class=\"clearfix\"><\/div>\n<div class=\"colspan2 mcolspan12 title p fwb\">\n<table>\n<tbody>\n<tr>\n<td>*Transfer\u00eancia de Data*<\/td>\n<\/tr>\n<\/tbody>\n<\/table>\n<\/div>\n<div class=\"colspan10 mcolspan12 content p\">\n<p>4G LTE TDD: Banda 34\/38\/39\/40\/41<\/p>\n<\/div>\n<div class=\"clearfix\"><\/div>\n<div class=\"colspan2 mcolspan12 title p fwb\">\n<table>\n<tbody>\n<tr>\n<td>WLAN (WiFi)<\/td>\n<\/tr>\n<\/tbody>\n<\/table>\n<\/div>\n<div class=\"colspan10 mcolspan12 content p\">\n<p>802.11 a\/b\/g\/n\/ac\/ax,2\u00d72 MIMO,HE160,4096 QAM,8 Fluxo espacial<\/p>\n<\/div>\n<div class=\"clearfix\"><\/div>\n<div class=\"colspan2 mcolspan12 title p fwb\">\n<table>\n<tbody>\n<tr>\n<td>GPS<\/td>\n<\/tr>\n<\/tbody>\n<\/table>\n<\/div>\n<div class=\"colspan10 mcolspan12 content p\">\n<p>Sim<\/p>\n<\/div>\n<div class=\"clearfix\"><\/div>\n<div class=\"colspan2 mcolspan12 title p fwb\">\n<table>\n<tbody>\n<tr>\n<td>Sensor de impress\u00e3o digital<\/td>\n<\/tr>\n<\/tbody>\n<\/table>\n<\/div>\n<div class=\"colspan10 mcolspan12 content p\">\n<p>Sim<\/p>\n<\/div>\n<div class=\"clearfix\"><\/div>\n<div class=\"colspan2 mcolspan12 title p fwb\">\n<table>\n<tbody>\n<tr>\n<td>Dual-Sim Dual-Standby<\/td>\n<\/tr>\n<\/tbody>\n<\/table>\n<\/div>\n<div class=\"colspan10 mcolspan12 content p\">\n<p>Sim<\/p>\n<\/div>\n<div class=\"clearfix\"><\/div>\n<div class=\"colspan2 mcolspan12 title p fwb\">\n<table>\n<tbody>\n<tr>\n<td>Tipo de cart\u00e3o SIM<\/td>\n<\/tr>\n<\/tbody>\n<\/table>\n<\/div>\n<div class=\"colspan10 mcolspan12 content p\">\n<p>Nano SIM<\/p>\n<\/div>\n<div class=\"clearfix\"><\/div>\n<div class=\"colspan2 mcolspan12 title p fwb\">\n<table>\n<tbody>\n<tr>\n<td>Peso (com bateria\/g)<\/td>\n<\/tr>\n<\/tbody>\n<\/table>\n<\/div>\n<div class=\"colspan10 mcolspan12 content p\">\n<p>195g<\/p>\n<\/div>\n<div class=\"clearfix\"><\/div>\n<div class=\"colspan2 mcolspan12 title p fwb\">\n<table>\n<tbody>\n<tr>\n<td>Dimens\u00e3o (Lx A x P mm)<\/td>\n<\/tr>\n<\/tbody>\n<\/table>\n<\/div>\n<div class=\"colspan10 mcolspan12 content p\">\n<p>72.8&#215;8.5&#215;158<\/p>\n<\/div>\n<div class=\"clearfix\"><\/div>\n<div class=\"colspan2 mcolspan12 title p fwb\">\n<table>\n<tbody>\n<tr>\n<td>Caracter\u00edstica especial<\/td>\n<\/tr>\n<\/tbody>\n<\/table>\n<\/div>\n<div class=\"colspan10 mcolspan12 content p\">\n<p>HarmonyOS 2 Beta atualiz\u00e1vel<\/p>\n<\/div>\n<div class=\"clearfix\"><\/div>\n<div class=\"colspan2 mcolspan12 title p fwb\">\n<table>\n<tbody>\n<tr>\n<td>Regi\u00e3o de cobertura da garantia<\/td>\n<\/tr>\n<\/tbody>\n<\/table>\n<\/div>\n<div class=\"colspan10 mcolspan12 content p\">\n<p>China\/Hong Kong\/Macau<\/p>\n<\/div>\n<div class=\"clearfix\"><\/div>\n<div class=\"colspan2 mcolspan12 title p fwb\">\n<table>\n<tbody>\n<tr>\n<td>Informa\u00e7\u00f5es de garantia<\/td>\n<\/tr>\n<\/tbody>\n<\/table>\n<\/div>\n<div class=\"colspan10 mcolspan12 content p\">\n<p>Garantia de 1 ano: m\u00e3o de obra + pe\u00e7as<\/p>\n<\/div>\n<\/div>\n<\/div>\n<\/div>","protected":false},"excerpt":{"rendered":"<p>Specifications Place of Manufacture China *Network Dual SIM 4G+4G Operating System EMUI 12 (no GMS) Processor Snapdragon 888 4G Display Size 6.6&#8243; Display Resolution 2700 x 1228 Internal Memory (RAM) 8 GB Internal Memory (ROM) 256 GB *Back Camera Pixel* 50MP + 40MP + 13MP + 64MP Front Camera Pixel 13MP Battery Capacity 4360mAh Water [&hellip;]<\/p>","protected":false},"featured_media":26127,"template":"","meta":[],"product_brand":[],"product_cat":[1295],"product_tag":[],"class_list":{"0":"post-26068","1":"product","2":"type-product","3":"status-publish","4":"has-post-thumbnail","6":"product_cat-mobile-phone","8":"first","9":"instock","10":"shipping-taxable","11":"product-type-simple"},"aioseo_notices":[],"aioseo_head":"\n\t\t<!-- All in One SEO Pro 4.5.9.2 - aioseo.com -->\n\t\t<meta name=\"description\" content=\"Specifications Place of Manufacture China *Network Dual SIM 4G+4G Operating System EMUI 12 (no GMS) Processor Snapdragon 888 4G Display Size 6.6&quot; Display Resolution 2700 x 1228 Internal Memory (RAM) 8 GB Internal Memory (ROM) 256 GB *Back Camera Pixel* 50MP + 40MP + 13MP + 64MP Front Camera Pixel 13MP Battery Capacity 4360mAh Water\" \/>\n\t\t<meta name=\"robots\" content=\"max-image-preview:large\" \/>\n\t\t<link rel=\"canonical\" href=\"https:\/\/www.rucashk.com\/pt\/produto\/huawei-p50-pro-smartphone\/\" \/>\n\t\t<meta name=\"generator\" content=\"All in One SEO Pro (AIOSEO) 4.5.9.2\" \/>\n\t\t<meta property=\"og:locale\" content=\"pt_PT\" \/>\n\t\t<meta property=\"og:site_name\" content=\"Rucas - One-stop AIoT Distribution Worldwide\" \/>\n\t\t<meta property=\"og:type\" content=\"article\" \/>\n\t\t<meta property=\"og:title\" content=\"HUAWEI P50 Pro Smartphone - Rucas - Wholesale and Distribution\" \/>\n\t\t<meta property=\"og:description\" content=\"Specifications Place of Manufacture China *Network Dual SIM 4G+4G Operating System EMUI 12 (no GMS) Processor Snapdragon 888 4G Display Size 6.6&quot; Display Resolution 2700 x 1228 Internal Memory (RAM) 8 GB Internal Memory (ROM) 256 GB *Back Camera Pixel* 50MP + 40MP + 13MP + 64MP Front Camera Pixel 13MP Battery Capacity 4360mAh Water\" \/>\n\t\t<meta property=\"og:url\" content=\"https:\/\/www.rucashk.com\/pt\/produto\/huawei-p50-pro-smartphone\/\" \/>\n\t\t<meta property=\"og:image\" content=\"https:\/\/www.rucashk.com\/wp-content\/uploads\/replace\/503b8e645f128a97ccde2b6290747646.jpeg\" \/>\n\t\t<meta property=\"og:image:secure_url\" content=\"https:\/\/www.rucashk.com\/wp-content\/uploads\/replace\/503b8e645f128a97ccde2b6290747646.jpeg\" \/>\n\t\t<meta property=\"og:image:width\" content=\"1456\" \/>\n\t\t<meta property=\"og:image:height\" content=\"816\" \/>\n\t\t<meta property=\"article:published_time\" content=\"2024-01-09T16:24:08+00:00\" \/>\n\t\t<meta property=\"article:modified_time\" content=\"2024-01-23T09:49:13+00:00\" \/>\n\t\t<meta name=\"twitter:card\" content=\"summary_large_image\" \/>\n\t\t<meta name=\"twitter:title\" content=\"HUAWEI P50 Pro Smartphone - Rucas - Wholesale and Distribution\" \/>\n\t\t<meta name=\"twitter:description\" content=\"Specifications Place of Manufacture China *Network Dual SIM 4G+4G Operating System EMUI 12 (no GMS) Processor Snapdragon 888 4G Display Size 6.6&quot; Display Resolution 2700 x 1228 Internal Memory (RAM) 8 GB Internal Memory (ROM) 256 GB *Back Camera Pixel* 50MP + 40MP + 13MP + 64MP Front Camera Pixel 13MP Battery Capacity 4360mAh Water\" \/>\n\t\t<meta name=\"twitter:image\" content=\"https:\/\/www.rucashk.com\/wp-content\/uploads\/replace\/503b8e645f128a97ccde2b6290747646.jpeg\" \/>\n\t\t<script type=\"application\/ld+json\" class=\"aioseo-schema\">\n\t\t\t{\"@context\":\"https:\\\/\\\/schema.org\",\"@graph\":[{\"@type\":\"BreadcrumbList\",\"@id\":\"https:\\\/\\\/www.rucashk.com\\\/pt\\\/produto\\\/huawei-p50-pro-smartphone\\\/#breadcrumblist\",\"itemListElement\":[{\"@type\":\"ListItem\",\"@id\":\"https:\\\/\\\/www.rucashk.com\\\/pt\\\/#listItem\",\"position\":1,\"name\":\"Home\",\"item\":\"https:\\\/\\\/www.rucashk.com\\\/pt\\\/\",\"nextItem\":\"https:\\\/\\\/www.rucashk.com\\\/pt\\\/produto\\\/huawei-p50-pro-smartphone\\\/#listItem\"},{\"@type\":\"ListItem\",\"@id\":\"https:\\\/\\\/www.rucashk.com\\\/pt\\\/produto\\\/huawei-p50-pro-smartphone\\\/#listItem\",\"position\":2,\"name\":\"HUAWEI P50 Pro Smartphone\",\"previousItem\":\"https:\\\/\\\/www.rucashk.com\\\/pt\\\/#listItem\"}]},{\"@type\":\"Organization\",\"@id\":\"https:\\\/\\\/www.rucashk.com\\\/pt\\\/#organization\",\"name\":\"Rucas\",\"url\":\"https:\\\/\\\/www.rucashk.com\\\/pt\\\/\",\"logo\":{\"@type\":\"ImageObject\",\"url\":\"https:\\\/\\\/www.rucashk.com\\\/wp-content\\\/uploads\\\/2023\\\/12\\\/Rucas_campany_logo.png\",\"@id\":\"https:\\\/\\\/www.rucashk.com\\\/pt\\\/produto\\\/huawei-p50-pro-smartphone\\\/#organizationLogo\",\"width\":221,\"height\":65},\"image\":{\"@id\":\"https:\\\/\\\/www.rucashk.com\\\/pt\\\/#organizationLogo\"}},{\"@type\":\"Person\",\"@id\":\"https:\\\/\\\/www.rucashk.com\\\/pt\\\/author\\\/admin\\\/#author\",\"url\":\"https:\\\/\\\/www.rucashk.com\\\/pt\\\/author\\\/admin\\\/\",\"name\":\"admin\",\"image\":{\"@type\":\"ImageObject\",\"@id\":\"https:\\\/\\\/www.rucashk.com\\\/pt\\\/produto\\\/huawei-p50-pro-smartphone\\\/#authorImage\",\"url\":\"https:\\\/\\\/secure.gravatar.com\\\/avatar\\\/b7c8925b09a27e72b30232f8ecaadbd5af0f70a38c78096863fe51b64f031c24?s=96&d=mm&r=g\",\"width\":96,\"height\":96,\"caption\":\"admin\"}},{\"@type\":\"WebPage\",\"@id\":\"https:\\\/\\\/www.rucashk.com\\\/pt\\\/produto\\\/huawei-p50-pro-smartphone\\\/#webpage\",\"url\":\"https:\\\/\\\/www.rucashk.com\\\/pt\\\/produto\\\/huawei-p50-pro-smartphone\\\/\",\"name\":\"HUAWEI P50 Pro Smartphone - Rucas - Wholesale and Distribution\",\"description\":\"Specifications Place of Manufacture China *Network Dual SIM 4G+4G Operating System EMUI 12 (no GMS) Processor Snapdragon 888 4G Display Size 6.6\\\" Display Resolution 2700 x 1228 Internal Memory (RAM) 8 GB Internal Memory (ROM) 256 GB *Back Camera Pixel* 50MP + 40MP + 13MP + 64MP Front Camera Pixel 13MP Battery Capacity 4360mAh Water\",\"inLanguage\":\"pt-PT\",\"isPartOf\":{\"@id\":\"https:\\\/\\\/www.rucashk.com\\\/pt\\\/#website\"},\"breadcrumb\":{\"@id\":\"https:\\\/\\\/www.rucashk.com\\\/pt\\\/produto\\\/huawei-p50-pro-smartphone\\\/#breadcrumblist\"},\"author\":{\"@id\":\"https:\\\/\\\/www.rucashk.com\\\/pt\\\/author\\\/admin\\\/#author\"},\"creator\":{\"@id\":\"https:\\\/\\\/www.rucashk.com\\\/pt\\\/author\\\/admin\\\/#author\"},\"image\":{\"@type\":\"ImageObject\",\"url\":\"https:\\\/\\\/www.rucashk.com\\\/wp-content\\\/uploads\\\/2024\\\/01\\\/\\u5fae\\u4fe1\\u622a\\u56fe_20220326171955.png\",\"@id\":\"https:\\\/\\\/www.rucashk.com\\\/pt\\\/produto\\\/huawei-p50-pro-smartphone\\\/#mainImage\",\"width\":602,\"height\":688},\"primaryImageOfPage\":{\"@id\":\"https:\\\/\\\/www.rucashk.com\\\/pt\\\/produto\\\/huawei-p50-pro-smartphone\\\/#mainImage\"},\"datePublished\":\"2024-01-09T16:24:08+00:00\",\"dateModified\":\"2024-01-23T09:49:13+00:00\"},{\"@type\":\"WebSite\",\"@id\":\"https:\\\/\\\/www.rucashk.com\\\/pt\\\/#website\",\"url\":\"https:\\\/\\\/www.rucashk.com\\\/pt\\\/\",\"name\":\"Rucas - Wholesale and distribution worldwide\",\"alternateName\":\"Rucas - One-stop AIoT Distribution Worldwide\",\"description\":\"One-stop AIoT Distribution Worldwide\",\"inLanguage\":\"pt-PT\",\"publisher\":{\"@id\":\"https:\\\/\\\/www.rucashk.com\\\/pt\\\/#organization\"}}]}\n\t\t<\/script>\n\t\t<!-- All in One SEO Pro -->\r\n\t\t<title>HUAWEI P50 Pro Smartphone - Rucas - Wholesale and Distribution<\/title>\n\n","aioseo_head_json":{"title":"HUAWEI P50 Pro Smartphone - Rucas - Wholesale and Distribution","description":"Specifications Place of Manufacture China *Network Dual SIM 4G+4G Operating System EMUI 12 (no GMS) Processor Snapdragon 888 4G Display Size 6.6\" Display Resolution 2700 x 1228 Internal Memory (RAM) 8 GB Internal Memory (ROM) 256 GB *Back Camera Pixel* 50MP + 40MP + 13MP + 64MP Front Camera Pixel 13MP Battery Capacity 4360mAh Water","canonical_url":"https:\/\/www.rucashk.com\/pt\/produto\/huawei-p50-pro-smartphone\/","robots":"max-image-preview:large","keywords":"","webmasterTools":{"miscellaneous":""},"og:locale":"pt_PT","og:site_name":"Rucas - One-stop AIoT Distribution Worldwide","og:type":"article","og:title":"HUAWEI P50 Pro Smartphone - Rucas - Wholesale and Distribution","og:description":"Specifications Place of Manufacture China *Network Dual SIM 4G+4G Operating System EMUI 12 (no GMS) Processor Snapdragon 888 4G Display Size 6.6&quot; Display Resolution 2700 x 1228 Internal Memory (RAM) 8 GB Internal Memory (ROM) 256 GB *Back Camera Pixel* 50MP + 40MP + 13MP + 64MP Front Camera Pixel 13MP Battery Capacity 4360mAh Water","og:url":"https:\/\/www.rucashk.com\/pt\/produto\/huawei-p50-pro-smartphone\/","og:image":"https:\/\/www.rucashk.com\/wp-content\/uploads\/replace\/503b8e645f128a97ccde2b6290747646.jpeg","og:image:secure_url":"https:\/\/www.rucashk.com\/wp-content\/uploads\/replace\/503b8e645f128a97ccde2b6290747646.jpeg","og:image:width":1456,"og:image:height":816,"article:published_time":"2024-01-09T16:24:08+00:00","article:modified_time":"2024-01-23T09:49:13+00:00","twitter:card":"summary_large_image","twitter:title":"HUAWEI P50 Pro Smartphone - Rucas - Wholesale and Distribution","twitter:description":"Specifications Place of Manufacture China *Network Dual SIM 4G+4G Operating System EMUI 12 (no GMS) Processor Snapdragon 888 4G Display Size 6.6&quot; Display Resolution 2700 x 1228 Internal Memory (RAM) 8 GB Internal Memory (ROM) 256 GB *Back Camera Pixel* 50MP + 40MP + 13MP + 64MP Front Camera Pixel 13MP Battery Capacity 4360mAh Water","twitter:image":"https:\/\/www.rucashk.com\/wp-content\/uploads\/replace\/503b8e645f128a97ccde2b6290747646.jpeg","schema":{"@context":"https:\/\/schema.org","@graph":[{"@type":"BreadcrumbList","@id":"https:\/\/www.rucashk.com\/pt\/produto\/huawei-p50-pro-smartphone\/#breadcrumblist","itemListElement":[{"@type":"ListItem","@id":"https:\/\/www.rucashk.com\/pt\/#listItem","position":1,"name":"Home","item":"https:\/\/www.rucashk.com\/pt\/","nextItem":"https:\/\/www.rucashk.com\/pt\/produto\/huawei-p50-pro-smartphone\/#listItem"},{"@type":"ListItem","@id":"https:\/\/www.rucashk.com\/pt\/produto\/huawei-p50-pro-smartphone\/#listItem","position":2,"name":"HUAWEI P50 Pro Smartphone","previousItem":"https:\/\/www.rucashk.com\/pt\/#listItem"}]},{"@type":"Organization","@id":"https:\/\/www.rucashk.com\/pt\/#organization","name":"Rucas","url":"https:\/\/www.rucashk.com\/pt\/","logo":{"@type":"ImageObject","url":"https:\/\/www.rucashk.com\/wp-content\/uploads\/2023\/12\/Rucas_campany_logo.png","@id":"https:\/\/www.rucashk.com\/pt\/produto\/huawei-p50-pro-smartphone\/#organizationLogo","width":221,"height":65},"image":{"@id":"https:\/\/www.rucashk.com\/pt\/#organizationLogo"}},{"@type":"Person","@id":"https:\/\/www.rucashk.com\/pt\/author\/admin\/#author","url":"https:\/\/www.rucashk.com\/pt\/author\/admin\/","name":"admin","image":{"@type":"ImageObject","@id":"https:\/\/www.rucashk.com\/pt\/produto\/huawei-p50-pro-smartphone\/#authorImage","url":"https:\/\/secure.gravatar.com\/avatar\/b7c8925b09a27e72b30232f8ecaadbd5af0f70a38c78096863fe51b64f031c24?s=96&d=mm&r=g","width":96,"height":96,"caption":"admin"}},{"@type":"WebPage","@id":"https:\/\/www.rucashk.com\/pt\/produto\/huawei-p50-pro-smartphone\/#webpage","url":"https:\/\/www.rucashk.com\/pt\/produto\/huawei-p50-pro-smartphone\/","name":"HUAWEI P50 Pro Smartphone - Rucas - Wholesale and Distribution","description":"Specifications Place of Manufacture China *Network Dual SIM 4G+4G Operating System EMUI 12 (no GMS) Processor Snapdragon 888 4G Display Size 6.6\" Display Resolution 2700 x 1228 Internal Memory (RAM) 8 GB Internal Memory (ROM) 256 GB *Back Camera Pixel* 50MP + 40MP + 13MP + 64MP Front Camera Pixel 13MP Battery Capacity 4360mAh Water","inLanguage":"pt-PT","isPartOf":{"@id":"https:\/\/www.rucashk.com\/pt\/#website"},"breadcrumb":{"@id":"https:\/\/www.rucashk.com\/pt\/produto\/huawei-p50-pro-smartphone\/#breadcrumblist"},"author":{"@id":"https:\/\/www.rucashk.com\/pt\/author\/admin\/#author"},"creator":{"@id":"https:\/\/www.rucashk.com\/pt\/author\/admin\/#author"},"image":{"@type":"ImageObject","url":"https:\/\/www.rucashk.com\/wp-content\/uploads\/2024\/01\/\u5fae\u4fe1\u622a\u56fe_20220326171955.png","@id":"https:\/\/www.rucashk.com\/pt\/produto\/huawei-p50-pro-smartphone\/#mainImage","width":602,"height":688},"primaryImageOfPage":{"@id":"https:\/\/www.rucashk.com\/pt\/produto\/huawei-p50-pro-smartphone\/#mainImage"},"datePublished":"2024-01-09T16:24:08+00:00","dateModified":"2024-01-23T09:49:13+00:00"},{"@type":"WebSite","@id":"https:\/\/www.rucashk.com\/pt\/#website","url":"https:\/\/www.rucashk.com\/pt\/","name":"Rucas - Wholesale and distribution worldwide","alternateName":"Rucas - One-stop AIoT Distribution Worldwide","description":"One-stop AIoT Distribution Worldwide","inLanguage":"pt-PT","publisher":{"@id":"https:\/\/www.rucashk.com\/pt\/#organization"}}]}},"aioseo_meta_data":{"post_id":"26068","title":null,"description":null,"keywords":null,"keyphrases":null,"primary_term":null,"canonical_url":null,"og_title":null,"og_description":null,"og_object_type":"default","og_image_type":"default","og_image_url":null,"og_image_width":null,"og_image_height":null,"og_image_custom_url":null,"og_image_custom_fields":null,"og_video":null,"og_custom_url":null,"og_article_section":null,"og_article_tags":null,"twitter_use_og":false,"twitter_card":"default","twitter_image_type":"default","twitter_image_url":null,"twitter_image_custom_url":null,"twitter_image_custom_fields":null,"twitter_title":null,"twitter_description":null,"schema":{"blockGraphs":[],"customGraphs":[],"default":{"data":{"Article":[],"Course":[],"Dataset":[],"FAQPage":[],"Movie":[],"Person":[],"Product":[],"Recipe":[],"Service":[],"SoftwareApplication":[],"WebPage":[]},"graphName":"","isEnabled":true},"graphs":[]},"schema_type":"default","schema_type_options":null,"pillar_content":false,"robots_default":true,"robots_noindex":false,"robots_noarchive":false,"robots_nosnippet":false,"robots_nofollow":false,"robots_noimageindex":false,"robots_noodp":false,"robots_notranslate":false,"robots_max_snippet":null,"robots_max_videopreview":null,"robots_max_imagepreview":"large","priority":null,"frequency":null,"local_seo":null,"breadcrumb_settings":null,"limit_modified_date":false,"created":"2024-04-11 01:57:20","updated":"2025-06-22 18:09:57"},"aioseo_breadcrumb":"<div class=\"aioseo-breadcrumbs\"><span class=\"aioseo-breadcrumb\">\n\t<a href=\"https:\/\/www.rucashk.com\/pt\" title=\"Home\">Home<\/a>\n<\/span><span class=\"aioseo-breadcrumb-separator\">&raquo;<\/span><span class=\"aioseo-breadcrumb\">\n\t<a href=\"https:\/\/www.rucashk.com\/pt\/products\/\" title=\"Produtos\">Produtos<\/a>\n<\/span><span class=\"aioseo-breadcrumb-separator\">&raquo;<\/span><span class=\"aioseo-breadcrumb\">\n\t<a href=\"https:\/\/www.rucashk.com\/pt\/categoria-produto\/mobile-phone\/\" title=\"Mobile Phone\">Mobile Phone<\/a>\n<\/span><span class=\"aioseo-breadcrumb-separator\">&raquo;<\/span><span class=\"aioseo-breadcrumb\">\n\tHUAWEI P50 Pro Smartphone\n<\/span><\/div>","aioseo_breadcrumb_json":[{"label":"Home","link":"https:\/\/www.rucashk.com\/pt"},{"label":"Produtos","link":"https:\/\/www.rucashk.com\/pt\/products\/"},{"label":"Mobile Phone","link":"https:\/\/www.rucashk.com\/pt\/categoria-produto\/mobile-phone\/"},{"label":"HUAWEI P50 Pro Smartphone","link":"https:\/\/www.rucashk.com\/pt\/produto\/huawei-p50-pro-smartphone\/"}],"_links":{"self":[{"href":"https:\/\/www.rucashk.com\/pt\/wp-json\/wp\/v2\/product\/26068","targetHints":{"allow":["GET"]}}],"collection":[{"href":"https:\/\/www.rucashk.com\/pt\/wp-json\/wp\/v2\/product"}],"about":[{"href":"https:\/\/www.rucashk.com\/pt\/wp-json\/wp\/v2\/types\/product"}],"wp:featuredmedia":[{"embeddable":true,"href":"https:\/\/www.rucashk.com\/pt\/wp-json\/wp\/v2\/media\/26127"}],"wp:attachment":[{"href":"https:\/\/www.rucashk.com\/pt\/wp-json\/wp\/v2\/media?parent=26068"}],"wp:term":[{"taxonomy":"product_brand","embeddable":true,"href":"https:\/\/www.rucashk.com\/pt\/wp-json\/wp\/v2\/product_brand?post=26068"},{"taxonomy":"product_cat","embeddable":true,"href":"https:\/\/www.rucashk.com\/pt\/wp-json\/wp\/v2\/product_cat?post=26068"},{"taxonomy":"product_tag","embeddable":true,"href":"https:\/\/www.rucashk.com\/pt\/wp-json\/wp\/v2\/product_tag?post=26068"}],"curies":[{"name":"wp","href":"https:\/\/api.w.org\/{rel}","templated":true}]}}