{"id":26060,"date":"2024-01-09T16:24:07","date_gmt":"2024-01-09T16:24:07","guid":{"rendered":"http:\/\/rucashk.com\/?post_type=product&#038;p=26060"},"modified":"2025-06-22T06:34:21","modified_gmt":"2025-06-22T06:34:21","slug":"qcy-t13-touch-control-4-microphones-enc-wireless-earphones","status":"publish","type":"product","link":"https:\/\/www.rucashk.com\/pt\/produto\/qcy-t13-touch-control-4-microphones-enc-wireless-earphones\/","title":{"rendered":"QCY T13 Touch Control 4 microfones fones de ouvido sem fio ENC"},"content":{"rendered":"<p><img decoding=\"async\" src=\"\" alt=\"\" \/><img decoding=\"async\" src=\"\" alt=\"\" \/><img decoding=\"async\" src=\"\" alt=\"\" \/><img decoding=\"async\" src=\"\" alt=\"\" \/><img decoding=\"async\" src=\"\" alt=\"\" \/><img decoding=\"async\" src=\"\" alt=\"\" \/><img decoding=\"async\" src=\"\" alt=\"\" \/><img decoding=\"async\" src=\"\" alt=\"\" \/><img decoding=\"async\" src=\"\" alt=\"\" \/><img decoding=\"async\" src=\"\" alt=\"\" \/><img decoding=\"async\" src=\"\" alt=\"\" \/><img decoding=\"async\" src=\"\" alt=\"\" \/><img decoding=\"async\" src=\"\" alt=\"\" \/><img decoding=\"async\" src=\"\" alt=\"\" \/><\/p>\n<p>Rucas, um distribuidor l\u00edder de marcas chinesas como amazfit, haylou, ninebot, roborock, dreame, imilab, 70mai, deerma, realme, redmi, distribui\u00e7\u00e3o e atacado<\/p>","protected":false},"excerpt":{"rendered":"<ul class=\"a-unordered-list a-vertical a-spacing-mini\">\n<li><span class=\"a-list-item\">Driver: Driver din\u00e2mico de 7,2 mm \/ Chipset: Jieli AD6976D;<\/span><\/li>\n<li><span class=\"a-list-item\">Microfone: 4, redu\u00e7\u00e3o de ru\u00eddo ENC, amplifica\u00e7\u00e3o de microfone e cancelamento de eco;<\/span><\/li>\n<li><span class=\"a-list-item\">Controle de Volume: Sim, atrav\u00e9s do app QCY;<\/span><\/li>\n<li><span class=\"a-list-item\">Codecs: AAC, SBC;<\/span><\/li>\n<li><span class=\"a-list-item\">Peso do fone de ouvido: 6,34g \/ Peso bruto da caixa e dos bot\u00f5es: 48,15g;<\/span><\/li>\n<li><span class=\"a-list-item\">Dimens\u00f5es do fone de ouvido: comprimento da haste de 29 mm, profundidade de 24 mm com bico;<\/span><\/li>\n<li><span class=\"a-list-item\">Dimens\u00f5es da caixa: 54 mm de largura, 54 mm de profundidade, 28 mm de altura;<\/span><\/li>\n<li><span class=\"a-list-item\">Capacidade de carga do case: 380mAh\/Tempo de carga total: 120 minutos;<\/span><\/li>\n<li><span class=\"a-list-item\">Carga r\u00e1pida: Sim\/Carregamento sem fio: N\u00e3o\/Entrada: 5V 400mA;<\/span><\/li>\n<li><span class=\"a-list-item\">Tempo de reprodu\u00e7\u00e3o de uso \u00fanico: at\u00e9 8 horas \/ Tempo de reprodu\u00e7\u00e3o com estojo de carregamento: at\u00e9 40 horas;<\/span><\/li>\n<li><span class=\"a-list-item\">Alcance do Bluetooth: Bluetooth\u00ae 5.1\/10m anunciado\/Protocolos Bluetooth: HFP 1.7\/A2DP 1.3\/ AVRCP 1.5;<\/span><\/li>\n<li><span class=\"a-list-item\">Resist\u00eancia \u00e0 \u00e1gua: IPX5.<\/span><\/li>\n<\/ul>","protected":false},"featured_media":26098,"template":"","meta":[],"product_brand":[1417],"product_cat":[1311,1305],"product_tag":[],"class_list":{"0":"post-26060","1":"product","2":"type-product","3":"status-publish","4":"has-post-thumbnail","6":"product_brand-qcy","7":"product_cat-qcy-earphone","8":"product_cat-xiaomi-eco","10":"first","11":"instock","12":"shipping-taxable","13":"product-type-simple"},"aioseo_notices":[],"aioseo_head":"\n\t\t<!-- All in One SEO Pro 4.5.9.2 - aioseo.com -->\n\t\t<meta name=\"description\" content=\"Driver: 7.2mm Dynamic Driver \/ Chipset: Jieli AD6976D; Mic: 4, ENC noise reduction, mic amplification and echo cancellation; Volume Control: Yes, via the QCY app; Codecs: AAC, SBC; Earbud Weight: 6.34g \/ Gross Case &amp; Buds Weight: 48.15g; Earbud Dimensions: 29mm stem length, 24mm depth with nozzle; Case Dimensions: 54mm width, 54mm depth, 28mm height; Case Charge Capacity: 380mAh\/Full Charge Time: 120 minutes; Quick Charge: Yes\/Wireless Charging: No\/Input: 5V 400mA; Single Use Playtime: Up to 8 hours \/ Playtime with Charge Case: Up to 40 hours; Bluetooth Range: Bluetooth\u00ae 5.1\/10m advertised\/Bluetooth Protocols: HFP 1.7\/A2DP 1.3\/ AVRCP 1.5; Water Resistance: IPX5.\" \/>\n\t\t<meta name=\"robots\" content=\"max-image-preview:large\" \/>\n\t\t<link rel=\"canonical\" href=\"https:\/\/www.rucashk.com\/pt\/produto\/qcy-t13-touch-control-4-microphones-enc-wireless-earphones\/\" \/>\n\t\t<meta name=\"generator\" content=\"All in One SEO Pro (AIOSEO) 4.5.9.2\" \/>\n\t\t<meta property=\"og:locale\" content=\"pt_PT\" \/>\n\t\t<meta property=\"og:site_name\" content=\"Rucas - One-stop AIoT Distribution Worldwide\" \/>\n\t\t<meta property=\"og:type\" content=\"article\" \/>\n\t\t<meta property=\"og:title\" content=\"QCY T13 Touch Control 4 Microphones ENC Wireless Earphones - Rucas - Wholesale and Distribution\" \/>\n\t\t<meta property=\"og:description\" content=\"Driver: 7.2mm Dynamic Driver \/ Chipset: Jieli AD6976D; Mic: 4, ENC noise reduction, mic amplification and echo cancellation; Volume Control: Yes, via the QCY app; Codecs: AAC, SBC; Earbud Weight: 6.34g \/ Gross Case &amp; Buds Weight: 48.15g; Earbud Dimensions: 29mm stem length, 24mm depth with nozzle; Case Dimensions: 54mm width, 54mm depth, 28mm height; Case Charge Capacity: 380mAh\/Full Charge Time: 120 minutes; Quick Charge: Yes\/Wireless Charging: No\/Input: 5V 400mA; Single Use Playtime: Up to 8 hours \/ Playtime with Charge Case: Up to 40 hours; Bluetooth Range: Bluetooth\u00ae 5.1\/10m advertised\/Bluetooth Protocols: HFP 1.7\/A2DP 1.3\/ AVRCP 1.5; Water Resistance: IPX5.\" \/>\n\t\t<meta property=\"og:url\" content=\"https:\/\/www.rucashk.com\/pt\/produto\/qcy-t13-touch-control-4-microphones-enc-wireless-earphones\/\" \/>\n\t\t<meta property=\"og:image\" content=\"https:\/\/www.rucashk.com\/wp-content\/uploads\/replace\/503b8e645f128a97ccde2b6290747646.jpeg\" \/>\n\t\t<meta property=\"og:image:secure_url\" content=\"https:\/\/www.rucashk.com\/wp-content\/uploads\/replace\/503b8e645f128a97ccde2b6290747646.jpeg\" \/>\n\t\t<meta property=\"og:image:width\" content=\"1456\" \/>\n\t\t<meta property=\"og:image:height\" content=\"816\" \/>\n\t\t<meta property=\"article:published_time\" content=\"2024-01-09T16:24:07+00:00\" \/>\n\t\t<meta property=\"article:modified_time\" content=\"2025-06-22T06:34:21+00:00\" \/>\n\t\t<meta name=\"twitter:card\" content=\"summary_large_image\" \/>\n\t\t<meta name=\"twitter:title\" content=\"QCY T13 Touch Control 4 Microphones ENC Wireless Earphones - Rucas - Wholesale and Distribution\" \/>\n\t\t<meta name=\"twitter:description\" content=\"Driver: 7.2mm Dynamic Driver \/ Chipset: Jieli AD6976D; Mic: 4, ENC noise reduction, mic amplification and echo cancellation; Volume Control: Yes, via the QCY app; Codecs: AAC, SBC; Earbud Weight: 6.34g \/ Gross Case &amp; Buds Weight: 48.15g; Earbud Dimensions: 29mm stem length, 24mm depth with nozzle; Case Dimensions: 54mm width, 54mm depth, 28mm height; Case Charge Capacity: 380mAh\/Full Charge Time: 120 minutes; Quick Charge: Yes\/Wireless Charging: No\/Input: 5V 400mA; Single Use Playtime: Up to 8 hours \/ Playtime with Charge Case: Up to 40 hours; Bluetooth Range: Bluetooth\u00ae 5.1\/10m advertised\/Bluetooth Protocols: HFP 1.7\/A2DP 1.3\/ AVRCP 1.5; Water Resistance: IPX5.\" \/>\n\t\t<meta name=\"twitter:image\" content=\"https:\/\/www.rucashk.com\/wp-content\/uploads\/replace\/503b8e645f128a97ccde2b6290747646.jpeg\" \/>\n\t\t<script type=\"application\/ld+json\" class=\"aioseo-schema\">\n\t\t\t{\"@context\":\"https:\\\/\\\/schema.org\",\"@graph\":[{\"@type\":\"BreadcrumbList\",\"@id\":\"https:\\\/\\\/www.rucashk.com\\\/pt\\\/produto\\\/qcy-t13-touch-control-4-microphones-enc-wireless-earphones\\\/#breadcrumblist\",\"itemListElement\":[{\"@type\":\"ListItem\",\"@id\":\"https:\\\/\\\/www.rucashk.com\\\/pt\\\/#listItem\",\"position\":1,\"name\":\"Home\",\"item\":\"https:\\\/\\\/www.rucashk.com\\\/pt\\\/\",\"nextItem\":\"https:\\\/\\\/www.rucashk.com\\\/pt\\\/produto\\\/qcy-t13-touch-control-4-microphones-enc-wireless-earphones\\\/#listItem\"},{\"@type\":\"ListItem\",\"@id\":\"https:\\\/\\\/www.rucashk.com\\\/pt\\\/produto\\\/qcy-t13-touch-control-4-microphones-enc-wireless-earphones\\\/#listItem\",\"position\":2,\"name\":\"QCY T13 Touch Control 4 Microphones ENC Wireless Earphones\",\"previousItem\":\"https:\\\/\\\/www.rucashk.com\\\/pt\\\/#listItem\"}]},{\"@type\":\"Organization\",\"@id\":\"https:\\\/\\\/www.rucashk.com\\\/pt\\\/#organization\",\"name\":\"Rucas\",\"url\":\"https:\\\/\\\/www.rucashk.com\\\/pt\\\/\",\"logo\":{\"@type\":\"ImageObject\",\"url\":\"https:\\\/\\\/www.rucashk.com\\\/wp-content\\\/uploads\\\/2023\\\/12\\\/Rucas_campany_logo.png\",\"@id\":\"https:\\\/\\\/www.rucashk.com\\\/pt\\\/produto\\\/qcy-t13-touch-control-4-microphones-enc-wireless-earphones\\\/#organizationLogo\",\"width\":221,\"height\":65},\"image\":{\"@id\":\"https:\\\/\\\/www.rucashk.com\\\/pt\\\/#organizationLogo\"}},{\"@type\":\"Person\",\"@id\":\"https:\\\/\\\/www.rucashk.com\\\/pt\\\/author\\\/admin\\\/#author\",\"url\":\"https:\\\/\\\/www.rucashk.com\\\/pt\\\/author\\\/admin\\\/\",\"name\":\"admin\",\"image\":{\"@type\":\"ImageObject\",\"@id\":\"https:\\\/\\\/www.rucashk.com\\\/pt\\\/produto\\\/qcy-t13-touch-control-4-microphones-enc-wireless-earphones\\\/#authorImage\",\"url\":\"https:\\\/\\\/secure.gravatar.com\\\/avatar\\\/b7c8925b09a27e72b30232f8ecaadbd5af0f70a38c78096863fe51b64f031c24?s=96&d=mm&r=g\",\"width\":96,\"height\":96,\"caption\":\"admin\"}},{\"@type\":\"WebPage\",\"@id\":\"https:\\\/\\\/www.rucashk.com\\\/pt\\\/produto\\\/qcy-t13-touch-control-4-microphones-enc-wireless-earphones\\\/#webpage\",\"url\":\"https:\\\/\\\/www.rucashk.com\\\/pt\\\/produto\\\/qcy-t13-touch-control-4-microphones-enc-wireless-earphones\\\/\",\"name\":\"QCY T13 Touch Control 4 Microphones ENC Wireless Earphones - Rucas - Wholesale and Distribution\",\"description\":\"Driver: 7.2mm Dynamic Driver \\\/ Chipset: Jieli AD6976D; Mic: 4, ENC noise reduction, mic amplification and echo cancellation; Volume Control: Yes, via the QCY app; Codecs: AAC, SBC; Earbud Weight: 6.34g \\\/ Gross Case & Buds Weight: 48.15g; Earbud Dimensions: 29mm stem length, 24mm depth with nozzle; Case Dimensions: 54mm width, 54mm depth, 28mm height; Case Charge Capacity: 380mAh\\\/Full Charge Time: 120 minutes; Quick Charge: Yes\\\/Wireless Charging: No\\\/Input: 5V 400mA; Single Use Playtime: Up to 8 hours \\\/ Playtime with Charge Case: Up to 40 hours; Bluetooth Range: Bluetooth\\u00ae 5.1\\\/10m advertised\\\/Bluetooth Protocols: HFP 1.7\\\/A2DP 1.3\\\/ AVRCP 1.5; Water Resistance: IPX5.\",\"inLanguage\":\"pt-PT\",\"isPartOf\":{\"@id\":\"https:\\\/\\\/www.rucashk.com\\\/pt\\\/#website\"},\"breadcrumb\":{\"@id\":\"https:\\\/\\\/www.rucashk.com\\\/pt\\\/produto\\\/qcy-t13-touch-control-4-microphones-enc-wireless-earphones\\\/#breadcrumblist\"},\"author\":{\"@id\":\"https:\\\/\\\/www.rucashk.com\\\/pt\\\/author\\\/admin\\\/#author\"},\"creator\":{\"@id\":\"https:\\\/\\\/www.rucashk.com\\\/pt\\\/author\\\/admin\\\/#author\"},\"image\":{\"@type\":\"ImageObject\",\"url\":\"https:\\\/\\\/www.rucashk.com\\\/wp-content\\\/uploads\\\/2024\\\/01\\\/\\u5fae\\u4fe1\\u622a\\u56fe_20220321210540.png\",\"@id\":\"https:\\\/\\\/www.rucashk.com\\\/pt\\\/produto\\\/qcy-t13-touch-control-4-microphones-enc-wireless-earphones\\\/#mainImage\",\"width\":663,\"height\":627},\"primaryImageOfPage\":{\"@id\":\"https:\\\/\\\/www.rucashk.com\\\/pt\\\/produto\\\/qcy-t13-touch-control-4-microphones-enc-wireless-earphones\\\/#mainImage\"},\"datePublished\":\"2024-01-09T16:24:07+00:00\",\"dateModified\":\"2025-06-22T06:34:21+00:00\"},{\"@type\":\"WebSite\",\"@id\":\"https:\\\/\\\/www.rucashk.com\\\/pt\\\/#website\",\"url\":\"https:\\\/\\\/www.rucashk.com\\\/pt\\\/\",\"name\":\"Rucas - Wholesale and distribution worldwide\",\"alternateName\":\"Rucas - One-stop AIoT Distribution Worldwide\",\"description\":\"One-stop AIoT Distribution Worldwide\",\"inLanguage\":\"pt-PT\",\"publisher\":{\"@id\":\"https:\\\/\\\/www.rucashk.com\\\/pt\\\/#organization\"}}]}\n\t\t<\/script>\n\t\t<!-- All in One SEO Pro -->\r\n\t\t<title>QCY T13 Touch Control 4 Microphones ENC Wireless Earphones - Rucas - Wholesale and Distribution<\/title>\n\n","aioseo_head_json":{"title":"QCY T13 Touch Control 4 Microphones ENC Wireless Earphones - Rucas - Wholesale and Distribution","description":"Driver: 7.2mm Dynamic Driver \/ Chipset: Jieli AD6976D; Mic: 4, ENC noise reduction, mic amplification and echo cancellation; Volume Control: Yes, via the QCY app; Codecs: AAC, SBC; Earbud Weight: 6.34g \/ Gross Case & Buds Weight: 48.15g; Earbud Dimensions: 29mm stem length, 24mm depth with nozzle; Case Dimensions: 54mm width, 54mm depth, 28mm height; Case Charge Capacity: 380mAh\/Full Charge Time: 120 minutes; Quick Charge: Yes\/Wireless Charging: No\/Input: 5V 400mA; Single Use Playtime: Up to 8 hours \/ Playtime with Charge Case: Up to 40 hours; Bluetooth Range: Bluetooth\u00ae 5.1\/10m advertised\/Bluetooth Protocols: HFP 1.7\/A2DP 1.3\/ AVRCP 1.5; Water Resistance: IPX5.","canonical_url":"https:\/\/www.rucashk.com\/pt\/produto\/qcy-t13-touch-control-4-microphones-enc-wireless-earphones\/","robots":"max-image-preview:large","keywords":"","webmasterTools":{"miscellaneous":""},"og:locale":"pt_PT","og:site_name":"Rucas - One-stop AIoT Distribution Worldwide","og:type":"article","og:title":"QCY T13 Touch Control 4 Microphones ENC Wireless Earphones - Rucas - Wholesale and Distribution","og:description":"Driver: 7.2mm Dynamic Driver \/ Chipset: Jieli AD6976D; Mic: 4, ENC noise reduction, mic amplification and echo cancellation; Volume Control: Yes, via the QCY app; Codecs: AAC, SBC; Earbud Weight: 6.34g \/ Gross Case &amp; Buds Weight: 48.15g; Earbud Dimensions: 29mm stem length, 24mm depth with nozzle; Case Dimensions: 54mm width, 54mm depth, 28mm height; Case Charge Capacity: 380mAh\/Full Charge Time: 120 minutes; Quick Charge: Yes\/Wireless Charging: No\/Input: 5V 400mA; Single Use Playtime: Up to 8 hours \/ Playtime with Charge Case: Up to 40 hours; Bluetooth Range: Bluetooth\u00ae 5.1\/10m advertised\/Bluetooth Protocols: HFP 1.7\/A2DP 1.3\/ AVRCP 1.5; Water Resistance: IPX5.","og:url":"https:\/\/www.rucashk.com\/pt\/produto\/qcy-t13-touch-control-4-microphones-enc-wireless-earphones\/","og:image":"https:\/\/www.rucashk.com\/wp-content\/uploads\/replace\/503b8e645f128a97ccde2b6290747646.jpeg","og:image:secure_url":"https:\/\/www.rucashk.com\/wp-content\/uploads\/replace\/503b8e645f128a97ccde2b6290747646.jpeg","og:image:width":1456,"og:image:height":816,"article:published_time":"2024-01-09T16:24:07+00:00","article:modified_time":"2025-06-22T06:34:21+00:00","twitter:card":"summary_large_image","twitter:title":"QCY T13 Touch Control 4 Microphones ENC Wireless Earphones - Rucas - Wholesale and Distribution","twitter:description":"Driver: 7.2mm Dynamic Driver \/ Chipset: Jieli AD6976D; Mic: 4, ENC noise reduction, mic amplification and echo cancellation; Volume Control: Yes, via the QCY app; Codecs: AAC, SBC; Earbud Weight: 6.34g \/ Gross Case &amp; Buds Weight: 48.15g; Earbud Dimensions: 29mm stem length, 24mm depth with nozzle; Case Dimensions: 54mm width, 54mm depth, 28mm height; Case Charge Capacity: 380mAh\/Full Charge Time: 120 minutes; Quick Charge: Yes\/Wireless Charging: No\/Input: 5V 400mA; Single Use Playtime: Up to 8 hours \/ Playtime with Charge Case: Up to 40 hours; Bluetooth Range: Bluetooth\u00ae 5.1\/10m advertised\/Bluetooth Protocols: HFP 1.7\/A2DP 1.3\/ AVRCP 1.5; Water Resistance: IPX5.","twitter:image":"https:\/\/www.rucashk.com\/wp-content\/uploads\/replace\/503b8e645f128a97ccde2b6290747646.jpeg","schema":{"@context":"https:\/\/schema.org","@graph":[{"@type":"BreadcrumbList","@id":"https:\/\/www.rucashk.com\/pt\/produto\/qcy-t13-touch-control-4-microphones-enc-wireless-earphones\/#breadcrumblist","itemListElement":[{"@type":"ListItem","@id":"https:\/\/www.rucashk.com\/pt\/#listItem","position":1,"name":"Home","item":"https:\/\/www.rucashk.com\/pt\/","nextItem":"https:\/\/www.rucashk.com\/pt\/produto\/qcy-t13-touch-control-4-microphones-enc-wireless-earphones\/#listItem"},{"@type":"ListItem","@id":"https:\/\/www.rucashk.com\/pt\/produto\/qcy-t13-touch-control-4-microphones-enc-wireless-earphones\/#listItem","position":2,"name":"QCY T13 Touch Control 4 Microphones ENC Wireless Earphones","previousItem":"https:\/\/www.rucashk.com\/pt\/#listItem"}]},{"@type":"Organization","@id":"https:\/\/www.rucashk.com\/pt\/#organization","name":"Rucas","url":"https:\/\/www.rucashk.com\/pt\/","logo":{"@type":"ImageObject","url":"https:\/\/www.rucashk.com\/wp-content\/uploads\/2023\/12\/Rucas_campany_logo.png","@id":"https:\/\/www.rucashk.com\/pt\/produto\/qcy-t13-touch-control-4-microphones-enc-wireless-earphones\/#organizationLogo","width":221,"height":65},"image":{"@id":"https:\/\/www.rucashk.com\/pt\/#organizationLogo"}},{"@type":"Person","@id":"https:\/\/www.rucashk.com\/pt\/author\/admin\/#author","url":"https:\/\/www.rucashk.com\/pt\/author\/admin\/","name":"admin","image":{"@type":"ImageObject","@id":"https:\/\/www.rucashk.com\/pt\/produto\/qcy-t13-touch-control-4-microphones-enc-wireless-earphones\/#authorImage","url":"https:\/\/secure.gravatar.com\/avatar\/b7c8925b09a27e72b30232f8ecaadbd5af0f70a38c78096863fe51b64f031c24?s=96&d=mm&r=g","width":96,"height":96,"caption":"admin"}},{"@type":"WebPage","@id":"https:\/\/www.rucashk.com\/pt\/produto\/qcy-t13-touch-control-4-microphones-enc-wireless-earphones\/#webpage","url":"https:\/\/www.rucashk.com\/pt\/produto\/qcy-t13-touch-control-4-microphones-enc-wireless-earphones\/","name":"QCY T13 Touch Control 4 Microphones ENC Wireless Earphones - Rucas - Wholesale and Distribution","description":"Driver: 7.2mm Dynamic Driver \/ Chipset: Jieli AD6976D; Mic: 4, ENC noise reduction, mic amplification and echo cancellation; Volume Control: Yes, via the QCY app; Codecs: AAC, SBC; Earbud Weight: 6.34g \/ Gross Case & Buds Weight: 48.15g; Earbud Dimensions: 29mm stem length, 24mm depth with nozzle; Case Dimensions: 54mm width, 54mm depth, 28mm height; Case Charge Capacity: 380mAh\/Full Charge Time: 120 minutes; Quick Charge: Yes\/Wireless Charging: No\/Input: 5V 400mA; Single Use Playtime: Up to 8 hours \/ Playtime with Charge Case: Up to 40 hours; Bluetooth Range: Bluetooth\u00ae 5.1\/10m advertised\/Bluetooth Protocols: HFP 1.7\/A2DP 1.3\/ AVRCP 1.5; Water Resistance: IPX5.","inLanguage":"pt-PT","isPartOf":{"@id":"https:\/\/www.rucashk.com\/pt\/#website"},"breadcrumb":{"@id":"https:\/\/www.rucashk.com\/pt\/produto\/qcy-t13-touch-control-4-microphones-enc-wireless-earphones\/#breadcrumblist"},"author":{"@id":"https:\/\/www.rucashk.com\/pt\/author\/admin\/#author"},"creator":{"@id":"https:\/\/www.rucashk.com\/pt\/author\/admin\/#author"},"image":{"@type":"ImageObject","url":"https:\/\/www.rucashk.com\/wp-content\/uploads\/2024\/01\/\u5fae\u4fe1\u622a\u56fe_20220321210540.png","@id":"https:\/\/www.rucashk.com\/pt\/produto\/qcy-t13-touch-control-4-microphones-enc-wireless-earphones\/#mainImage","width":663,"height":627},"primaryImageOfPage":{"@id":"https:\/\/www.rucashk.com\/pt\/produto\/qcy-t13-touch-control-4-microphones-enc-wireless-earphones\/#mainImage"},"datePublished":"2024-01-09T16:24:07+00:00","dateModified":"2025-06-22T06:34:21+00:00"},{"@type":"WebSite","@id":"https:\/\/www.rucashk.com\/pt\/#website","url":"https:\/\/www.rucashk.com\/pt\/","name":"Rucas - Wholesale and distribution worldwide","alternateName":"Rucas - One-stop AIoT Distribution Worldwide","description":"One-stop AIoT Distribution Worldwide","inLanguage":"pt-PT","publisher":{"@id":"https:\/\/www.rucashk.com\/pt\/#organization"}}]}},"aioseo_meta_data":{"post_id":"26060","title":null,"description":null,"keywords":null,"keyphrases":null,"primary_term":null,"canonical_url":null,"og_title":null,"og_description":null,"og_object_type":"default","og_image_type":"default","og_image_url":null,"og_image_width":null,"og_image_height":null,"og_image_custom_url":null,"og_image_custom_fields":null,"og_video":null,"og_custom_url":null,"og_article_section":null,"og_article_tags":null,"twitter_use_og":false,"twitter_card":"default","twitter_image_type":"default","twitter_image_url":null,"twitter_image_custom_url":null,"twitter_image_custom_fields":null,"twitter_title":null,"twitter_description":null,"schema":{"blockGraphs":[],"customGraphs":[],"default":{"data":{"Article":[],"Course":[],"Dataset":[],"FAQPage":[],"Movie":[],"Person":[],"Product":[],"Recipe":[],"Service":[],"SoftwareApplication":[],"WebPage":[]},"graphName":"","isEnabled":true},"graphs":[]},"schema_type":"default","schema_type_options":null,"pillar_content":false,"robots_default":true,"robots_noindex":false,"robots_noarchive":false,"robots_nosnippet":false,"robots_nofollow":false,"robots_noimageindex":false,"robots_noodp":false,"robots_notranslate":false,"robots_max_snippet":null,"robots_max_videopreview":null,"robots_max_imagepreview":"large","priority":null,"frequency":null,"local_seo":null,"breadcrumb_settings":null,"limit_modified_date":false,"created":"2024-04-11 01:57:20","updated":"2025-06-22 18:09:55"},"aioseo_breadcrumb":"<div class=\"aioseo-breadcrumbs\"><span class=\"aioseo-breadcrumb\">\n\t<a href=\"https:\/\/www.rucashk.com\/pt\" title=\"Home\">Home<\/a>\n<\/span><span class=\"aioseo-breadcrumb-separator\">&raquo;<\/span><span class=\"aioseo-breadcrumb\">\n\t<a href=\"https:\/\/www.rucashk.com\/pt\/products\/\" title=\"Produtos\">Produtos<\/a>\n<\/span><span class=\"aioseo-breadcrumb-separator\">&raquo;<\/span><span class=\"aioseo-breadcrumb\">\n\t<a href=\"https:\/\/www.rucashk.com\/pt\/marca\/qcy\/\" title=\"QCY\">QCY<\/a>\n<\/span><span class=\"aioseo-breadcrumb-separator\">&raquo;<\/span><span class=\"aioseo-breadcrumb\">\n\tQCY T13 Touch Control 4 Microphones ENC Wireless Earphones\n<\/span><\/div>","aioseo_breadcrumb_json":[{"label":"Home","link":"https:\/\/www.rucashk.com\/pt"},{"label":"Produtos","link":"https:\/\/www.rucashk.com\/pt\/products\/"},{"label":"QCY","link":"https:\/\/www.rucashk.com\/pt\/marca\/qcy\/"},{"label":"QCY T13 Touch Control 4 Microphones ENC Wireless Earphones","link":"https:\/\/www.rucashk.com\/pt\/produto\/qcy-t13-touch-control-4-microphones-enc-wireless-earphones\/"}],"_links":{"self":[{"href":"https:\/\/www.rucashk.com\/pt\/wp-json\/wp\/v2\/product\/26060","targetHints":{"allow":["GET"]}}],"collection":[{"href":"https:\/\/www.rucashk.com\/pt\/wp-json\/wp\/v2\/product"}],"about":[{"href":"https:\/\/www.rucashk.com\/pt\/wp-json\/wp\/v2\/types\/product"}],"wp:featuredmedia":[{"embeddable":true,"href":"https:\/\/www.rucashk.com\/pt\/wp-json\/wp\/v2\/media\/26098"}],"wp:attachment":[{"href":"https:\/\/www.rucashk.com\/pt\/wp-json\/wp\/v2\/media?parent=26060"}],"wp:term":[{"taxonomy":"product_brand","embeddable":true,"href":"https:\/\/www.rucashk.com\/pt\/wp-json\/wp\/v2\/product_brand?post=26060"},{"taxonomy":"product_cat","embeddable":true,"href":"https:\/\/www.rucashk.com\/pt\/wp-json\/wp\/v2\/product_cat?post=26060"},{"taxonomy":"product_tag","embeddable":true,"href":"https:\/\/www.rucashk.com\/pt\/wp-json\/wp\/v2\/product_tag?post=26060"}],"curies":[{"name":"wp","href":"https:\/\/api.w.org\/{rel}","templated":true}]}}