{"id":25983,"date":"2024-01-09T16:23:21","date_gmt":"2024-01-09T16:23:21","guid":{"rendered":"http:\/\/rucashk.com\/?post_type=product&#038;p=25983"},"modified":"2024-03-13T13:20:37","modified_gmt":"2024-03-13T13:20:37","slug":"garmin-instant-2-smartwatch","status":"publish","type":"product","link":"https:\/\/www.rucashk.com\/pt\/produto\/garmin-instant-2-smartwatch\/","title":{"rendered":"Rel\u00f3gio inteligente Garmin Instant 2"},"content":{"rendered":"<div>\n<div class=\"app__overview__intro\" data-translate=\"\">\n<div class=\"app__layout-container app__layout-container--small app__layout-container--light\">\n<h2>O QUE VOC\u00ca FAZ, \u00c9 DONO<\/h2>\n<div class=\"app__overview__intro__description\">\n<p>Este smartwatch GPS robusto \u00e9 resistente o suficiente para acompanh\u00e1-lo e exclusivo o suficiente para se adequar ao seu estilo. Agora ele vem em dois tamanhos para caber em todos os pulsos.<\/p>\n<\/div>\n<div class=\"app__overview__intro__icons app__column-layout app__column-layout__column--3\">\n<div class=\"app__feature__card\" data-translate=\"\"><img decoding=\"async\" class=\"app__feature__card__image\" src=\"\" alt=\"Garmin Instant 2 Smartwatch\" \/><\/p>\n<h3><\/h3>\n<p class=\"app__feature__card__description\">Este rel\u00f3gio \u00e9 resistente, o que significa que n\u00e3o h\u00e1 como recuar.<\/p>\n<\/div>\n<div class=\"app__feature__card\" data-translate=\"\"><img decoding=\"async\" class=\"app__feature__card__image\" src=\"\" alt=\"Garmin Instant 2 Smartwatch\" \/><\/p>\n<h3><\/h3>\n<p class=\"app__feature__card__description\">Treine do seu jeito com aplicativos esportivos integrados no pulso.<\/p>\n<\/div>\n<div class=\"app__feature__card\" data-translate=\"\"><img decoding=\"async\" class=\"app__feature__card__image\" src=\"\" alt=\"Garmin Instant 2 Smartwatch\" \/><\/p>\n<h3><\/h3>\n<p class=\"app__feature__card__description\">Notifica\u00e7\u00f5es inteligentes<sup>1<\/sup>\u00a0para que voc\u00ea n\u00e3o perca o que importa.<\/p>\n<\/div>\n<div class=\"app__feature__card\" data-translate=\"\"><img decoding=\"async\" class=\"app__feature__card__image\" src=\"\" alt=\"Garmin Instant 2 Smartwatch\" \/><\/p>\n<h3><\/h3>\n<p class=\"app__feature__card__description\">Ultrapasse os limites, mas mantenha-se no caminho certo com acesso a mais sat\u00e9lites.<\/p>\n<\/div>\n<div class=\"app__feature__card\" data-translate=\"\"><img decoding=\"async\" class=\"app__feature__card__image\" src=\"\" alt=\"Garmin Instant 2 Smartwatch\" \/><\/p>\n<h3><\/h3>\n<p class=\"app__feature__card__description\">Entenda melhor o seu corpo com monitoramento de sa\u00fade 24 horas por dia, 7 dias por semana.<\/p>\n<\/div>\n<div class=\"app__feature__card\" data-translate=\"\"><img decoding=\"async\" class=\"app__feature__card__image\" src=\"\" alt=\"Garmin Instant 2 Smartwatch\" \/><\/p>\n<h3><\/h3>\n<p class=\"app__feature__card__description\">N\u00e3o coloque limites em suas experi\u00eancias. Mantenha-os funcionando com at\u00e9 28 dias de dura\u00e7\u00e3o da bateria no modo smartwatch.<\/p>\n<\/div>\n<\/div>\n<\/div>\n<\/div>\n<\/div>\n<div>\n<div class=\"app__life-style app__life-style--dark\" title=\"\" data-translate=\"\">\n<div class=\"app__img-banner app__life-style__img-con\"><img decoding=\"async\" class=\"app__img-banner__img__desktop app__img-banner__img\" src=\"\/wp-content\/uploads\/replace\/6a9d9907ab34e576bc70b4e9c5e09aa1.jpeg\" alt=\"Garmin Instant 2 Smartwatch\" \/><\/div>\n<div class=\"app__life-style__text__con app__life-style__text__con--left app__life-style__text__con__mobile--left app__life-style__text__con__mobile--top\"><\/div>\n<\/div>\n<div class=\"app__layout-container app__layout-container--small app__layout-container--light\">\n<div class=\"app__column-layout app__column-layout__column--3\">\n<div class=\"app__feature__card\" data-translate=\"\">\n<h3>PROJETADO PARA RESIST\u00caNCIA<\/h3>\n<p class=\"app__feature__card__description\">Este rel\u00f3gio robusto \u00e9\u00a0<a href=\"https:\/\/www.garmin.com\/en-US\/legal\/waterrating\">com classifica\u00e7\u00e3o de \u00e1gua at\u00e9 100 metros<\/a>\u00a0e \u00e9 resistente ao calor e ao choque. Al\u00e9m disso, com uma caixa de pol\u00edmero refor\u00e7ada com fibra e Corning quimicamente refor\u00e7ado e resistente a riscos<sup>\u00ae<\/sup>\u00a0Gorila<sup>\u00ae<\/sup>\u00a0Vidro, este dispositivo foi constru\u00eddo para durar.<\/p>\n<\/div>\n<div class=\"app__feature__card\" data-translate=\"\">\n<h3>PROJETADO PARA FAZER VOC\u00ca<\/h3>\n<p class=\"app__feature__card__description\">Cores fortes, telas de alto contraste e op\u00e7\u00f5es de tamanho permitem que voc\u00ea mostre ao mundo que voc\u00ea faz as coisas do seu jeito.<\/p>\n<\/div>\n<\/div>\n<\/div>\n<div class=\"app__life-style app__life-style--dark\" title=\"\" data-translate=\"\">\n<div class=\"app__img-banner app__life-style__img-con\"><img decoding=\"async\" class=\"app__img-banner__img__desktop app__img-banner__img\" src=\"\/wp-content\/uploads\/replace\/98b31b44ded3b692efb6a432ed25347a.png\" alt=\"Garmin Instant 2 Smartwatch\" \/><\/div>\n<div class=\"app__life-style__text__con app__life-style__text__con--left app__life-style__text__con__mobile--left app__life-style__text__con__mobile--top\">\n<h2 class=\"app__life-style__text\">Acompanhe todas as aventuras.<\/h2>\n<\/div>\n<\/div>\n<div class=\"app__layout-container app__layout-container--small app__layout-container--light\">\n<div class=\"app__column-layout app__column-layout__column--3\">\n<div class=\"app__feature__card\" data-translate=\"\"><img decoding=\"async\" class=\"app__feature__card__image\" src=\"\/wp-content\/uploads\/replace\/1faebe380cd7b3d4447d72f18d257875.jpeg\" alt=\"Garmin Instant 2 Smartwatch\" \/><\/p>\n<h3>SUPORTE MULTI-GNSS<\/h3>\n<p class=\"app__feature__card__description\">Quer esteja a fazer caminhadas, ciclismo de montanha, corrida em trilhos ou esqui, ter\u00e1 acesso a v\u00e1rios sistemas globais de navega\u00e7\u00e3o por sat\u00e9lite (GPS, GLONASS e Galileo) para monitorizar em ambientes mais desafiantes do que apenas o GPS.<\/p>\n<\/div>\n<div class=\"app__feature__card\" data-translate=\"\"><img decoding=\"async\" class=\"app__feature__card__image\" src=\"\/wp-content\/uploads\/replace\/8855b4d07d1913ba23c50ef43662ef7e.jpeg\" alt=\"Garmin Instant 2 Smartwatch\" \/><\/p>\n<h3>SENSORES ABC<\/h3>\n<p class=\"app__feature__card__description\">Navegue na sua pr\u00f3xima trilha com sensores ABC, incluindo um alt\u00edmetro para dados de eleva\u00e7\u00e3o, um bar\u00f4metro para monitorar o clima e uma b\u00fassola eletr\u00f4nica de 3 eixos.<\/p>\n<\/div>\n<div class=\"app__feature__card\" data-translate=\"\"><img decoding=\"async\" class=\"app__feature__card__image\" src=\"\/wp-content\/uploads\/replace\/f6003021b696023be5c128b7140d4035.jpeg\" alt=\"Garmin Instant 2 Smartwatch\" \/><\/p>\n<h3>TRACBACK<sup>\u00ae<\/sup>\u00a0ROTEAMENTO<\/h3>\n<p class=\"app__feature__card__description\">Elimine as suposi\u00e7\u00f5es em sua viagem de volta usando esse recurso para navegar pela mesma rota de volta ao ponto de partida.<\/p>\n<\/div>\n<\/div>\n<\/div>\n<div class=\"app__life-style app__life-style--dark\" title=\"\" data-translate=\"\">\n<div class=\"app__img-banner app__life-style__img-con\"><img decoding=\"async\" class=\"app__img-banner__img__desktop app__img-banner__img\" src=\"\/wp-content\/uploads\/replace\/d412c93f247d17656c9d61017b1ff18c.jpeg\" alt=\"Garmin Instant 2 Smartwatch\" \/><\/div>\n<div class=\"app__life-style__text__con app__life-style__text__con--left app__life-style__text__con__mobile--left app__life-style__text__con__mobile--top\">\n<h2 class=\"app__life-style__text\">Viva conectado.<\/h2>\n<\/div>\n<\/div>\n<div class=\"app__layout-container app__layout-container--small app__layout-container--light\">\n<div class=\"app__column-layout app__column-layout__column--3\">\n<div class=\"app__feature__card\" data-translate=\"\"><img decoding=\"async\" class=\"app__feature__card__image\" src=\"\/wp-content\/uploads\/replace\/db27fd4331255cc49b770b992798978e.jpeg\" alt=\"Garmin Instant 2 Smartwatch\" \/><\/p>\n<h3>NOTIFICA\u00c7\u00d5ES INTELIGENTES<\/h3>\n<p class=\"app__feature__card__description\">Receba e-mails, mensagens de texto e alertas diretamente no seu rel\u00f3gio quando emparelhado com o seu\u00a0<a href=\"https:\/\/support.garmin.com\/en-US\/?faq=pvL8aWsaLU2iKyvF8VrpP9\">smartphone compat\u00edvel<\/a>.<\/p>\n<\/div>\n<div class=\"app__feature__card\" data-translate=\"\"><img decoding=\"async\" class=\"app__feature__card__image\" src=\"\/wp-content\/uploads\/replace\/bf9291e28e9b1662e5f7c16e6c931885.jpeg\" alt=\"Garmin Instant 2 Smartwatch\" \/><\/p>\n<h3>CONECTE QI<sup>\u2122<\/sup>\u00a0LOJA<\/h3>\n<p class=\"app__feature__card__description\">Baixe mostradores de rel\u00f3gio personalizados, adicione campos de dados e obtenha aplicativos e widgets do\u00a0<a href=\"https:\/\/buy.garmin.com\/en-US\/US\/p\/616398\">Conecte o aplicativo IQ Store<\/a>\u00a0Nas suas\u00a0<a href=\"https:\/\/support.garmin.com\/en-US\/?faq=pvL8aWsaLU2iKyvF8VrpP9\">smartphone compat\u00edvel<\/a>.<\/p>\n<\/div>\n<div class=\"app__feature__card\" data-translate=\"\"><img decoding=\"async\" class=\"app__feature__card__image\" src=\"\/wp-content\/uploads\/replace\/58f15b748733fdf59ce129156db9c628.jpeg\" alt=\"Garmin Instant 2 Smartwatch\" \/><\/p>\n<h3>RECURSOS DE SEGURAN\u00c7A E RASTREAMENTO<\/h3>\n<p class=\"app__feature__card__description\">Quando o rel\u00f3gio e o telefone est\u00e3o emparelhados, sua localiza\u00e7\u00e3o ao vivo pode ser enviada aos seus contatos manualmente ou \u2013 durante atividades ao ar livre selecionadas \u2013 automaticamente com o recurso integrado\u00a0<a href=\"https:\/\/www.garmin.com\/en-US\/legal\/idtermsofuse\/\">detec\u00e7\u00e3o de incidentes<\/a><sup>2<\/sup>.<\/p>\n<\/div>\n<\/div>\n<\/div>\n<div class=\"app__life-style app__life-style--dark\" title=\"\" data-translate=\"\">\n<div class=\"app__img-banner app__life-style__img-con\"><img decoding=\"async\" class=\"app__img-banner__img__desktop app__img-banner__img\" src=\"\/wp-content\/uploads\/replace\/f45a7c932e390d6ec3b50131a2381615.png\" alt=\"Garmin Instant 2 Smartwatch\" \/><\/div>\n<\/div>\n<\/div>","protected":false},"excerpt":{"rendered":"<p>WHATEVER YOU DO, OWN IT This rugged GPS smartwatch is tough enough to keep up with you and unique enough to fit your style. Now it comes in two sizes to fit every wrist. This watch is tough, which means no holding back. Train your way with built-in sports apps at the wrist. Smart notifications1\u00a0so [&hellip;]<\/p>","protected":false},"featured_media":0,"template":"","meta":[],"product_brand":[],"product_cat":[1346,1322],"product_tag":[],"class_list":{"0":"post-25983","1":"product","2":"type-product","3":"status-publish","5":"product_cat-garmin-other-a-brands","6":"product_cat-other-a-brands","8":"first","9":"instock","10":"shipping-taxable","11":"product-type-simple"},"aioseo_notices":[],"aioseo_head":"\n\t\t<!-- All in One SEO Pro 4.5.9.2 - aioseo.com -->\n\t\t<meta name=\"description\" content=\"WHATEVER YOU DO, OWN IT This rugged GPS smartwatch is tough enough to keep up with you and unique enough to fit your style. Now it comes in two sizes to fit every wrist. This watch is tough, which means no holding back. Train your way with built-in sports apps at the wrist. Smart notifications1 so\" \/>\n\t\t<meta name=\"robots\" content=\"max-image-preview:large\" \/>\n\t\t<link rel=\"canonical\" href=\"https:\/\/www.rucashk.com\/pt\/produto\/garmin-instant-2-smartwatch\/\" \/>\n\t\t<meta name=\"generator\" content=\"All in One SEO Pro (AIOSEO) 4.5.9.2\" \/>\n\t\t<meta property=\"og:locale\" content=\"pt_PT\" \/>\n\t\t<meta property=\"og:site_name\" content=\"Rucas - One-stop AIoT Distribution Worldwide\" \/>\n\t\t<meta property=\"og:type\" content=\"article\" \/>\n\t\t<meta property=\"og:title\" content=\"Garmin Instant 2 Smartwatch - Rucas - Wholesale and Distribution\" \/>\n\t\t<meta property=\"og:description\" content=\"WHATEVER YOU DO, OWN IT This rugged GPS smartwatch is tough enough to keep up with you and unique enough to fit your style. Now it comes in two sizes to fit every wrist. This watch is tough, which means no holding back. Train your way with built-in sports apps at the wrist. Smart notifications1 so\" \/>\n\t\t<meta property=\"og:url\" content=\"https:\/\/www.rucashk.com\/pt\/produto\/garmin-instant-2-smartwatch\/\" \/>\n\t\t<meta property=\"og:image\" content=\"https:\/\/www.rucashk.com\/wp-content\/uploads\/replace\/503b8e645f128a97ccde2b6290747646.jpeg\" \/>\n\t\t<meta property=\"og:image:secure_url\" content=\"https:\/\/www.rucashk.com\/wp-content\/uploads\/replace\/503b8e645f128a97ccde2b6290747646.jpeg\" \/>\n\t\t<meta property=\"og:image:width\" content=\"1456\" \/>\n\t\t<meta property=\"og:image:height\" content=\"816\" \/>\n\t\t<meta property=\"article:published_time\" content=\"2024-01-09T16:23:21+00:00\" \/>\n\t\t<meta property=\"article:modified_time\" content=\"2024-03-13T13:20:37+00:00\" \/>\n\t\t<meta name=\"twitter:card\" content=\"summary_large_image\" \/>\n\t\t<meta name=\"twitter:title\" content=\"Garmin Instant 2 Smartwatch - Rucas - Wholesale and Distribution\" \/>\n\t\t<meta name=\"twitter:description\" content=\"WHATEVER YOU DO, OWN IT This rugged GPS smartwatch is tough enough to keep up with you and unique enough to fit your style. Now it comes in two sizes to fit every wrist. This watch is tough, which means no holding back. Train your way with built-in sports apps at the wrist. Smart notifications1 so\" \/>\n\t\t<meta name=\"twitter:image\" content=\"https:\/\/www.rucashk.com\/wp-content\/uploads\/replace\/503b8e645f128a97ccde2b6290747646.jpeg\" \/>\n\t\t<script type=\"application\/ld+json\" class=\"aioseo-schema\">\n\t\t\t{\"@context\":\"https:\\\/\\\/schema.org\",\"@graph\":[{\"@type\":\"BreadcrumbList\",\"@id\":\"https:\\\/\\\/www.rucashk.com\\\/pt\\\/produto\\\/garmin-instant-2-smartwatch\\\/#breadcrumblist\",\"itemListElement\":[{\"@type\":\"ListItem\",\"@id\":\"https:\\\/\\\/www.rucashk.com\\\/pt\\\/#listItem\",\"position\":1,\"name\":\"Home\",\"item\":\"https:\\\/\\\/www.rucashk.com\\\/pt\\\/\",\"nextItem\":\"https:\\\/\\\/www.rucashk.com\\\/pt\\\/produto\\\/garmin-instant-2-smartwatch\\\/#listItem\"},{\"@type\":\"ListItem\",\"@id\":\"https:\\\/\\\/www.rucashk.com\\\/pt\\\/produto\\\/garmin-instant-2-smartwatch\\\/#listItem\",\"position\":2,\"name\":\"Garmin Instant 2 Smartwatch\",\"previousItem\":\"https:\\\/\\\/www.rucashk.com\\\/pt\\\/#listItem\"}]},{\"@type\":\"Organization\",\"@id\":\"https:\\\/\\\/www.rucashk.com\\\/pt\\\/#organization\",\"name\":\"Rucas\",\"url\":\"https:\\\/\\\/www.rucashk.com\\\/pt\\\/\",\"logo\":{\"@type\":\"ImageObject\",\"url\":\"https:\\\/\\\/www.rucashk.com\\\/wp-content\\\/uploads\\\/2023\\\/12\\\/Rucas_campany_logo.png\",\"@id\":\"https:\\\/\\\/www.rucashk.com\\\/pt\\\/produto\\\/garmin-instant-2-smartwatch\\\/#organizationLogo\",\"width\":221,\"height\":65},\"image\":{\"@id\":\"https:\\\/\\\/www.rucashk.com\\\/pt\\\/#organizationLogo\"}},{\"@type\":\"Person\",\"@id\":\"https:\\\/\\\/www.rucashk.com\\\/pt\\\/author\\\/admin\\\/#author\",\"url\":\"https:\\\/\\\/www.rucashk.com\\\/pt\\\/author\\\/admin\\\/\",\"name\":\"admin\",\"image\":{\"@type\":\"ImageObject\",\"@id\":\"https:\\\/\\\/www.rucashk.com\\\/pt\\\/produto\\\/garmin-instant-2-smartwatch\\\/#authorImage\",\"url\":\"https:\\\/\\\/secure.gravatar.com\\\/avatar\\\/b7c8925b09a27e72b30232f8ecaadbd5af0f70a38c78096863fe51b64f031c24?s=96&d=mm&r=g\",\"width\":96,\"height\":96,\"caption\":\"admin\"}},{\"@type\":\"WebPage\",\"@id\":\"https:\\\/\\\/www.rucashk.com\\\/pt\\\/produto\\\/garmin-instant-2-smartwatch\\\/#webpage\",\"url\":\"https:\\\/\\\/www.rucashk.com\\\/pt\\\/produto\\\/garmin-instant-2-smartwatch\\\/\",\"name\":\"Garmin Instant 2 Smartwatch - Rucas - Wholesale and Distribution\",\"description\":\"WHATEVER YOU DO, OWN IT This rugged GPS smartwatch is tough enough to keep up with you and unique enough to fit your style. Now it comes in two sizes to fit every wrist. This watch is tough, which means no holding back. Train your way with built-in sports apps at the wrist. Smart notifications1 so\",\"inLanguage\":\"pt-PT\",\"isPartOf\":{\"@id\":\"https:\\\/\\\/www.rucashk.com\\\/pt\\\/#website\"},\"breadcrumb\":{\"@id\":\"https:\\\/\\\/www.rucashk.com\\\/pt\\\/produto\\\/garmin-instant-2-smartwatch\\\/#breadcrumblist\"},\"author\":{\"@id\":\"https:\\\/\\\/www.rucashk.com\\\/pt\\\/author\\\/admin\\\/#author\"},\"creator\":{\"@id\":\"https:\\\/\\\/www.rucashk.com\\\/pt\\\/author\\\/admin\\\/#author\"},\"datePublished\":\"2024-01-09T16:23:21+00:00\",\"dateModified\":\"2024-03-13T13:20:37+00:00\"},{\"@type\":\"WebSite\",\"@id\":\"https:\\\/\\\/www.rucashk.com\\\/pt\\\/#website\",\"url\":\"https:\\\/\\\/www.rucashk.com\\\/pt\\\/\",\"name\":\"Rucas - Wholesale and distribution worldwide\",\"alternateName\":\"Rucas - One-stop AIoT Distribution Worldwide\",\"description\":\"One-stop AIoT Distribution Worldwide\",\"inLanguage\":\"pt-PT\",\"publisher\":{\"@id\":\"https:\\\/\\\/www.rucashk.com\\\/pt\\\/#organization\"}}]}\n\t\t<\/script>\n\t\t<!-- All in One SEO Pro -->\r\n\t\t<title>Garmin Instant 2 Smartwatch - Rucas - Wholesale and Distribution<\/title>\n\n","aioseo_head_json":{"title":"Garmin Instant 2 Smartwatch - Rucas - Wholesale and Distribution","description":"WHATEVER YOU DO, OWN IT This rugged GPS smartwatch is tough enough to keep up with you and unique enough to fit your style. Now it comes in two sizes to fit every wrist. This watch is tough, which means no holding back. Train your way with built-in sports apps at the wrist. Smart notifications1 so","canonical_url":"https:\/\/www.rucashk.com\/pt\/produto\/garmin-instant-2-smartwatch\/","robots":"max-image-preview:large","keywords":"","webmasterTools":{"miscellaneous":""},"og:locale":"pt_PT","og:site_name":"Rucas - One-stop AIoT Distribution Worldwide","og:type":"article","og:title":"Garmin Instant 2 Smartwatch - Rucas - Wholesale and Distribution","og:description":"WHATEVER YOU DO, OWN IT This rugged GPS smartwatch is tough enough to keep up with you and unique enough to fit your style. Now it comes in two sizes to fit every wrist. This watch is tough, which means no holding back. Train your way with built-in sports apps at the wrist. Smart notifications1 so","og:url":"https:\/\/www.rucashk.com\/pt\/produto\/garmin-instant-2-smartwatch\/","og:image":"https:\/\/www.rucashk.com\/wp-content\/uploads\/replace\/503b8e645f128a97ccde2b6290747646.jpeg","og:image:secure_url":"https:\/\/www.rucashk.com\/wp-content\/uploads\/replace\/503b8e645f128a97ccde2b6290747646.jpeg","og:image:width":1456,"og:image:height":816,"article:published_time":"2024-01-09T16:23:21+00:00","article:modified_time":"2024-03-13T13:20:37+00:00","twitter:card":"summary_large_image","twitter:title":"Garmin Instant 2 Smartwatch - Rucas - Wholesale and Distribution","twitter:description":"WHATEVER YOU DO, OWN IT This rugged GPS smartwatch is tough enough to keep up with you and unique enough to fit your style. Now it comes in two sizes to fit every wrist. This watch is tough, which means no holding back. Train your way with built-in sports apps at the wrist. Smart notifications1 so","twitter:image":"https:\/\/www.rucashk.com\/wp-content\/uploads\/replace\/503b8e645f128a97ccde2b6290747646.jpeg","schema":{"@context":"https:\/\/schema.org","@graph":[{"@type":"BreadcrumbList","@id":"https:\/\/www.rucashk.com\/pt\/produto\/garmin-instant-2-smartwatch\/#breadcrumblist","itemListElement":[{"@type":"ListItem","@id":"https:\/\/www.rucashk.com\/pt\/#listItem","position":1,"name":"Home","item":"https:\/\/www.rucashk.com\/pt\/","nextItem":"https:\/\/www.rucashk.com\/pt\/produto\/garmin-instant-2-smartwatch\/#listItem"},{"@type":"ListItem","@id":"https:\/\/www.rucashk.com\/pt\/produto\/garmin-instant-2-smartwatch\/#listItem","position":2,"name":"Garmin Instant 2 Smartwatch","previousItem":"https:\/\/www.rucashk.com\/pt\/#listItem"}]},{"@type":"Organization","@id":"https:\/\/www.rucashk.com\/pt\/#organization","name":"Rucas","url":"https:\/\/www.rucashk.com\/pt\/","logo":{"@type":"ImageObject","url":"https:\/\/www.rucashk.com\/wp-content\/uploads\/2023\/12\/Rucas_campany_logo.png","@id":"https:\/\/www.rucashk.com\/pt\/produto\/garmin-instant-2-smartwatch\/#organizationLogo","width":221,"height":65},"image":{"@id":"https:\/\/www.rucashk.com\/pt\/#organizationLogo"}},{"@type":"Person","@id":"https:\/\/www.rucashk.com\/pt\/author\/admin\/#author","url":"https:\/\/www.rucashk.com\/pt\/author\/admin\/","name":"admin","image":{"@type":"ImageObject","@id":"https:\/\/www.rucashk.com\/pt\/produto\/garmin-instant-2-smartwatch\/#authorImage","url":"https:\/\/secure.gravatar.com\/avatar\/b7c8925b09a27e72b30232f8ecaadbd5af0f70a38c78096863fe51b64f031c24?s=96&d=mm&r=g","width":96,"height":96,"caption":"admin"}},{"@type":"WebPage","@id":"https:\/\/www.rucashk.com\/pt\/produto\/garmin-instant-2-smartwatch\/#webpage","url":"https:\/\/www.rucashk.com\/pt\/produto\/garmin-instant-2-smartwatch\/","name":"Garmin Instant 2 Smartwatch - Rucas - Wholesale and Distribution","description":"WHATEVER YOU DO, OWN IT This rugged GPS smartwatch is tough enough to keep up with you and unique enough to fit your style. Now it comes in two sizes to fit every wrist. This watch is tough, which means no holding back. Train your way with built-in sports apps at the wrist. Smart notifications1 so","inLanguage":"pt-PT","isPartOf":{"@id":"https:\/\/www.rucashk.com\/pt\/#website"},"breadcrumb":{"@id":"https:\/\/www.rucashk.com\/pt\/produto\/garmin-instant-2-smartwatch\/#breadcrumblist"},"author":{"@id":"https:\/\/www.rucashk.com\/pt\/author\/admin\/#author"},"creator":{"@id":"https:\/\/www.rucashk.com\/pt\/author\/admin\/#author"},"datePublished":"2024-01-09T16:23:21+00:00","dateModified":"2024-03-13T13:20:37+00:00"},{"@type":"WebSite","@id":"https:\/\/www.rucashk.com\/pt\/#website","url":"https:\/\/www.rucashk.com\/pt\/","name":"Rucas - Wholesale and distribution worldwide","alternateName":"Rucas - One-stop AIoT Distribution Worldwide","description":"One-stop AIoT Distribution Worldwide","inLanguage":"pt-PT","publisher":{"@id":"https:\/\/www.rucashk.com\/pt\/#organization"}}]}},"aioseo_meta_data":{"post_id":"25983","title":null,"description":null,"keywords":null,"keyphrases":null,"primary_term":null,"canonical_url":null,"og_title":null,"og_description":null,"og_object_type":"default","og_image_type":"default","og_image_url":null,"og_image_width":null,"og_image_height":null,"og_image_custom_url":null,"og_image_custom_fields":null,"og_video":null,"og_custom_url":null,"og_article_section":null,"og_article_tags":null,"twitter_use_og":false,"twitter_card":"default","twitter_image_type":"default","twitter_image_url":null,"twitter_image_custom_url":null,"twitter_image_custom_fields":null,"twitter_title":null,"twitter_description":null,"schema":{"blockGraphs":[],"customGraphs":[],"default":{"data":{"Article":[],"Course":[],"Dataset":[],"FAQPage":[],"Movie":[],"Person":[],"Product":[],"Recipe":[],"Service":[],"SoftwareApplication":[],"WebPage":[]},"graphName":"","isEnabled":true},"graphs":[]},"schema_type":"default","schema_type_options":null,"pillar_content":false,"robots_default":true,"robots_noindex":false,"robots_noarchive":false,"robots_nosnippet":false,"robots_nofollow":false,"robots_noimageindex":false,"robots_noodp":false,"robots_notranslate":false,"robots_max_snippet":null,"robots_max_videopreview":null,"robots_max_imagepreview":"large","priority":null,"frequency":null,"local_seo":null,"breadcrumb_settings":null,"limit_modified_date":false,"created":"2024-04-11 01:57:19","updated":"2025-06-22 18:07:07"},"aioseo_breadcrumb":"<div class=\"aioseo-breadcrumbs\"><span class=\"aioseo-breadcrumb\">\n\t<a href=\"https:\/\/www.rucashk.com\/pt\" title=\"Home\">Home<\/a>\n<\/span><span class=\"aioseo-breadcrumb-separator\">&raquo;<\/span><span class=\"aioseo-breadcrumb\">\n\t<a href=\"https:\/\/www.rucashk.com\/pt\/products\/\" title=\"Produtos\">Produtos<\/a>\n<\/span><span class=\"aioseo-breadcrumb-separator\">&raquo;<\/span><span class=\"aioseo-breadcrumb\">\n\t<a href=\"https:\/\/www.rucashk.com\/pt\/categoria-produto\/other-a-brands\/\" title=\"Other A-Brands\">Other A-Brands<\/a>\n<\/span><span class=\"aioseo-breadcrumb-separator\">&raquo;<\/span><span class=\"aioseo-breadcrumb\">\n\t<a href=\"https:\/\/www.rucashk.com\/pt\/categoria-produto\/other-a-brands\/garmin-other-a-brands\/\" title=\"Garmin\">Garmin<\/a>\n<\/span><span class=\"aioseo-breadcrumb-separator\">&raquo;<\/span><span class=\"aioseo-breadcrumb\">\n\tGarmin Instant 2 Smartwatch\n<\/span><\/div>","aioseo_breadcrumb_json":[{"label":"Home","link":"https:\/\/www.rucashk.com\/pt"},{"label":"Produtos","link":"https:\/\/www.rucashk.com\/pt\/products\/"},{"label":"Other A-Brands","link":"https:\/\/www.rucashk.com\/pt\/categoria-produto\/other-a-brands\/"},{"label":"Garmin","link":"https:\/\/www.rucashk.com\/pt\/categoria-produto\/other-a-brands\/garmin-other-a-brands\/"},{"label":"Garmin Instant 2 Smartwatch","link":"https:\/\/www.rucashk.com\/pt\/produto\/garmin-instant-2-smartwatch\/"}],"_links":{"self":[{"href":"https:\/\/www.rucashk.com\/pt\/wp-json\/wp\/v2\/product\/25983","targetHints":{"allow":["GET"]}}],"collection":[{"href":"https:\/\/www.rucashk.com\/pt\/wp-json\/wp\/v2\/product"}],"about":[{"href":"https:\/\/www.rucashk.com\/pt\/wp-json\/wp\/v2\/types\/product"}],"wp:attachment":[{"href":"https:\/\/www.rucashk.com\/pt\/wp-json\/wp\/v2\/media?parent=25983"}],"wp:term":[{"taxonomy":"product_brand","embeddable":true,"href":"https:\/\/www.rucashk.com\/pt\/wp-json\/wp\/v2\/product_brand?post=25983"},{"taxonomy":"product_cat","embeddable":true,"href":"https:\/\/www.rucashk.com\/pt\/wp-json\/wp\/v2\/product_cat?post=25983"},{"taxonomy":"product_tag","embeddable":true,"href":"https:\/\/www.rucashk.com\/pt\/wp-json\/wp\/v2\/product_tag?post=25983"}],"curies":[{"name":"wp","href":"https:\/\/api.w.org\/{rel}","templated":true}]}}