{"id":25981,"date":"2024-01-09T16:23:21","date_gmt":"2024-01-09T16:23:21","guid":{"rendered":"http:\/\/rucashk.com\/?post_type=product&#038;p=25981"},"modified":"2025-06-22T06:39:41","modified_gmt":"2025-06-22T06:39:41","slug":"xiaomi-buds-3t-pro","status":"publish","type":"product","link":"https:\/\/www.rucashk.com\/pt\/produto\/xiaomi-buds-3t-pro\/","title":{"rendered":"Xiaomi Buds 3T Pro"},"content":{"rendered":"<p>Mi True Wireless Earbuds Basic 2S s\u00e3o verdadeiros fones de ouvido sem fio Bluetooth 5.0. Em compara\u00e7\u00e3o com as gera\u00e7\u00f5es anteriores, eles contam com conector USB tipo C, o dobro da capacidade da bateria no estojo de carregamento, bot\u00f5es de sensor e um modo Gaming especial com baixa lat\u00eancia.<\/p>\n<h2>Quais s\u00e3o as principais caracter\u00edsticas?<\/h2>\n<ul>\n<li>Fones de ouvido magn\u00e9ticos sem fio com estojo de carregamento de 600mAh e bateria com at\u00e9 20 horas de dura\u00e7\u00e3o<\/li>\n<li>Modo de jogo especial com menor lat\u00eancia<\/li>\n<li>Conector USB tipo C de \u00faltima gera\u00e7\u00e3o, voc\u00ea s\u00f3 precisa de um cabo para o telefone e os fones de ouvido. Chega de microUSB!<\/li>\n<li>Detec\u00e7\u00e3o inteligente de desgaste \u2013 a reprodu\u00e7\u00e3o \u00e9 interrompida quando voc\u00ea tira os fones de ouvido e \u00e9 retomada quando voc\u00ea os coloca novamente<\/li>\n<li>Cada fone de ouvido pode funcionar de forma totalmente independente, voc\u00ea pode usar apenas um deles e deixar o outro no case<\/li>\n<li>Controles aprimorados do touchpad para facilitar a ativa\u00e7\u00e3o do assistente de voz ou do modo de jogo<\/li>\n<li>Drivers din\u00e2micos de 7,2 mm, proporcionando graves profundos e som est\u00e9reo de alta qualidade<\/li>\n<\/ul>\n<h2>\nBateria de longa dura\u00e7\u00e3o e novo conector<\/h2>\n<p>O Mi True Wireless Earbuds Basic 2S traz o dobro da capacidade da bateria de seus antecessores com um case de carregamento completo de 600mAh que promete durar at\u00e9 20 horas com uma \u00fanica carga dos fones de ouvido. Oito horas a mais que a gera\u00e7\u00e3o anterior. Finalmente, vimos um novo conector USB-C mesmo em fones de ouvido t\u00e3o acess\u00edveis. Voc\u00ea pode finalmente se livrar de seus antigos cabos microUSB e usar seu cabo telef\u00f4nico favorito.<\/p>\n<p>Se voc\u00ea tiver um telefone Xiaomi, ao abrir o estojo de carregamento, um painel de informa\u00e7\u00f5es aparecer\u00e1 no display, mostrando o status atual da bateria dos fones de ouvido e do estojo de carregamento.<\/p>\n<h2>Novo modo de jogo<\/h2>\n<p>A Xiaomi tamb\u00e9m pensou nos jogadores e adicionou um modo Gaming especial. Ele \u00e9 ativado pressionando tr\u00eas vezes os bot\u00f5es do sensor e reduzir\u00e1 significativamente a lat\u00eancia (lat\u00eancia) para tornar sua experi\u00eancia de jogo o mais intensa poss\u00edvel. Claro, esse recurso tamb\u00e9m \u00e9 \u00fatil para assistir filmes, para que voc\u00ea possa ouvir at\u00e9 grandes explos\u00f5es no tempo.<\/p>\n<p>Sim, os bot\u00f5es agora s\u00e3o bot\u00f5es de sensor em vez dos bot\u00f5es de hardware anteriores. Essa geralmente n\u00e3o \u00e9 a melhor mudan\u00e7a, mas \u00e9 uma tend\u00eancia que ajuda com o pressionamento repetido de bot\u00f5es. Por exemplo, invocar o assistente de voz \u00e9 feito tocando duas vezes no sensor, o que geralmente \u00e9 uma op\u00e7\u00e3o mais confi\u00e1vel do que pressionar repetidamente um bot\u00e3o de hardware, menos certo.<\/p>\n<p><img fetchpriority=\"high\" decoding=\"async\" src=\"https:\/\/www.rucashk.com\/wp-content\/uploads\/2022\/03\/01-all2.jpg\" alt=\"\" width=\"906\" height=\"704\" \/><\/p>\n<h2>Detectando quando os fones de ouvido est\u00e3o ligados e desligados<\/h2>\n<p>Em fones de ouvido acess\u00edveis, costumava ser um pouco chato tir\u00e1-los dos ouvidos, mas a m\u00fasica continuava tocando. Ou voc\u00ea os colocou, mas teve que reproduzi-los novamente no seu telefone. Isso est\u00e1 mudando agora e, seguindo o exemplo dos fones de ouvido mais caros, o Smart Wear Detection foi adicionado. Ent\u00e3o voc\u00ea tira um fone de ouvido no caixa da loja, a m\u00fasica para automaticamente, voc\u00ea faz os neg\u00f3cios necess\u00e1rios, coloca os fones de volta nos ouvidos e a m\u00fasica continua automaticamente.<\/p>\n<h2>Recursos de qualidade mantidos<\/h2>\n<p>Musicalmente, o Mi True Wireless Earbuds Basic 2S permanece igual aos seus antecessores. N\u00e3o havia muito o que mudar. Os grandes drivers din\u00e2micos de 7,2 mm com diafragma de tit\u00e2nio proporcionam uma experi\u00eancia musical equilibrada, com agudos e graves decentes. Os microfones integrados permitem fazer chamadas e controlar os assistentes de voz do Google Assistant ou Apple Siri, dependendo do telefone conectado. J\u00e1 se foi o tempo em que um fone de ouvido era o mestre e o outro o escravo. Aqui voc\u00ea pode usar cada um dos fones de ouvido de forma independente. O Bluetooth 5.0 com alcance de at\u00e9 10 m ainda \u00e9 usado para conectar ao seu telefone.<\/p>\n<h2>O que est\u00e1 na caixa<\/h2>\n<ul>\n<li>Fones de ouvido Xiaomi Mi True Wireless Earbuds Basic 2S<\/li>\n<li>Estojo de carregamento<\/li>\n<li>Dicas de fone de ouvido de reposi\u00e7\u00e3o<\/li>\n<li>Instru\u00e7\u00f5es e cart\u00e3o de garantia<\/li>\n<\/ul>\n<p>Observa\u00e7\u00e3o: o cabo de carregamento USB-C n\u00e3o est\u00e1 inclu\u00eddo!<\/p>\n<p>Rucas, um distribuidor l\u00edder de marcas chinesas como amazfit, haylou, ninebot, roborock, dreame, imilab, 70mai, deerma, realme, redmi, distribui\u00e7\u00e3o e atacado<\/p>","protected":false},"excerpt":{"rendered":"<p><b>Xiaomi Buds 3T Pro<\/b>\u00a0-fones de ouvido sem fio de \u00faltima gera\u00e7\u00e3o, cancelamento ativo de ru\u00eddo (ANC) h\u00edbrido de at\u00e9 40dB, modos Light\/Balanced\/Deep selecion\u00e1veis, modo Transpar\u00eancia, transdutores din\u00e2micos de 10 mm com \u00edm\u00e3s duplos, membrana DLC revestida com suporte para codec profissional LHDC 4.0, suporte para 2 dispositivos conectados simultaneamente, carregamento USB-C, at\u00e9 6 horas de dura\u00e7\u00e3o do fone de ouvido e 24 horas com caixa. Controle de toque. Certifica\u00e7\u00e3o IP55 de resist\u00eancia \u00e0 poeira e \u00e1gua.<\/p>","protected":false},"featured_media":26044,"template":"","meta":[],"product_brand":[1363],"product_cat":[1306,1305],"product_tag":[],"class_list":{"0":"post-25981","1":"product","2":"type-product","3":"status-publish","4":"has-post-thumbnail","6":"product_brand-xiaomi","7":"product_cat-mi-redmi-earphone","8":"product_cat-xiaomi-eco","10":"first","11":"instock","12":"shipping-taxable","13":"product-type-simple"},"aioseo_notices":[],"aioseo_head":"\n\t\t<!-- All in One SEO Pro 4.5.9.2 - aioseo.com -->\n\t\t<meta name=\"description\" content=\"Xiaomi Buds 3T Pro -high-end wireless headphones, hybrid Active Noise Cancellation (ANC) up to 40dB, switchable Light\/Balanced\/Deep modes, Transparency mode, 10mm dynamic transducers with dual magnets, DLC membrane coated with support for professional LHDC 4.0 codec, support for 2 simultaneous connected devices, USB-C charging, up to 6 hours headphone life and 24 hours with box. Touch control. IP55 dust and water resistance certification.\" \/>\n\t\t<meta name=\"robots\" content=\"max-image-preview:large\" \/>\n\t\t<link rel=\"canonical\" href=\"https:\/\/www.rucashk.com\/pt\/produto\/xiaomi-buds-3t-pro\/\" \/>\n\t\t<meta name=\"generator\" content=\"All in One SEO Pro (AIOSEO) 4.5.9.2\" \/>\n\t\t<meta property=\"og:locale\" content=\"pt_PT\" \/>\n\t\t<meta property=\"og:site_name\" content=\"Rucas - One-stop AIoT Distribution Worldwide\" \/>\n\t\t<meta property=\"og:type\" content=\"article\" \/>\n\t\t<meta property=\"og:title\" content=\"Xiaomi Buds 3T Pro - Rucas - Wholesale and Distribution\" \/>\n\t\t<meta property=\"og:description\" content=\"Xiaomi Buds 3T Pro -high-end wireless headphones, hybrid Active Noise Cancellation (ANC) up to 40dB, switchable Light\/Balanced\/Deep modes, Transparency mode, 10mm dynamic transducers with dual magnets, DLC membrane coated with support for professional LHDC 4.0 codec, support for 2 simultaneous connected devices, USB-C charging, up to 6 hours headphone life and 24 hours with box. Touch control. IP55 dust and water resistance certification.\" \/>\n\t\t<meta property=\"og:url\" content=\"https:\/\/www.rucashk.com\/pt\/produto\/xiaomi-buds-3t-pro\/\" \/>\n\t\t<meta property=\"og:image\" content=\"https:\/\/www.rucashk.com\/wp-content\/uploads\/replace\/503b8e645f128a97ccde2b6290747646.jpeg\" \/>\n\t\t<meta property=\"og:image:secure_url\" content=\"https:\/\/www.rucashk.com\/wp-content\/uploads\/replace\/503b8e645f128a97ccde2b6290747646.jpeg\" \/>\n\t\t<meta property=\"og:image:width\" content=\"1456\" \/>\n\t\t<meta property=\"og:image:height\" content=\"816\" \/>\n\t\t<meta property=\"article:published_time\" content=\"2024-01-09T16:23:21+00:00\" \/>\n\t\t<meta property=\"article:modified_time\" content=\"2025-06-22T06:39:41+00:00\" \/>\n\t\t<meta name=\"twitter:card\" content=\"summary_large_image\" \/>\n\t\t<meta name=\"twitter:title\" content=\"Xiaomi Buds 3T Pro - Rucas - Wholesale and Distribution\" \/>\n\t\t<meta name=\"twitter:description\" content=\"Xiaomi Buds 3T Pro -high-end wireless headphones, hybrid Active Noise Cancellation (ANC) up to 40dB, switchable Light\/Balanced\/Deep modes, Transparency mode, 10mm dynamic transducers with dual magnets, DLC membrane coated with support for professional LHDC 4.0 codec, support for 2 simultaneous connected devices, USB-C charging, up to 6 hours headphone life and 24 hours with box. Touch control. IP55 dust and water resistance certification.\" \/>\n\t\t<meta name=\"twitter:image\" content=\"https:\/\/www.rucashk.com\/wp-content\/uploads\/replace\/503b8e645f128a97ccde2b6290747646.jpeg\" \/>\n\t\t<script type=\"application\/ld+json\" class=\"aioseo-schema\">\n\t\t\t{\"@context\":\"https:\\\/\\\/schema.org\",\"@graph\":[{\"@type\":\"BreadcrumbList\",\"@id\":\"https:\\\/\\\/www.rucashk.com\\\/pt\\\/produto\\\/xiaomi-buds-3t-pro\\\/#breadcrumblist\",\"itemListElement\":[{\"@type\":\"ListItem\",\"@id\":\"https:\\\/\\\/www.rucashk.com\\\/pt\\\/#listItem\",\"position\":1,\"name\":\"Home\",\"item\":\"https:\\\/\\\/www.rucashk.com\\\/pt\\\/\",\"nextItem\":\"https:\\\/\\\/www.rucashk.com\\\/pt\\\/produto\\\/xiaomi-buds-3t-pro\\\/#listItem\"},{\"@type\":\"ListItem\",\"@id\":\"https:\\\/\\\/www.rucashk.com\\\/pt\\\/produto\\\/xiaomi-buds-3t-pro\\\/#listItem\",\"position\":2,\"name\":\"Xiaomi Buds 3T Pro\",\"previousItem\":\"https:\\\/\\\/www.rucashk.com\\\/pt\\\/#listItem\"}]},{\"@type\":\"Organization\",\"@id\":\"https:\\\/\\\/www.rucashk.com\\\/pt\\\/#organization\",\"name\":\"Rucas\",\"url\":\"https:\\\/\\\/www.rucashk.com\\\/pt\\\/\",\"logo\":{\"@type\":\"ImageObject\",\"url\":\"https:\\\/\\\/www.rucashk.com\\\/wp-content\\\/uploads\\\/2023\\\/12\\\/Rucas_campany_logo.png\",\"@id\":\"https:\\\/\\\/www.rucashk.com\\\/pt\\\/produto\\\/xiaomi-buds-3t-pro\\\/#organizationLogo\",\"width\":221,\"height\":65},\"image\":{\"@id\":\"https:\\\/\\\/www.rucashk.com\\\/pt\\\/#organizationLogo\"}},{\"@type\":\"Person\",\"@id\":\"https:\\\/\\\/www.rucashk.com\\\/pt\\\/author\\\/admin\\\/#author\",\"url\":\"https:\\\/\\\/www.rucashk.com\\\/pt\\\/author\\\/admin\\\/\",\"name\":\"admin\",\"image\":{\"@type\":\"ImageObject\",\"@id\":\"https:\\\/\\\/www.rucashk.com\\\/pt\\\/produto\\\/xiaomi-buds-3t-pro\\\/#authorImage\",\"url\":\"https:\\\/\\\/secure.gravatar.com\\\/avatar\\\/b7c8925b09a27e72b30232f8ecaadbd5af0f70a38c78096863fe51b64f031c24?s=96&d=mm&r=g\",\"width\":96,\"height\":96,\"caption\":\"admin\"}},{\"@type\":\"WebPage\",\"@id\":\"https:\\\/\\\/www.rucashk.com\\\/pt\\\/produto\\\/xiaomi-buds-3t-pro\\\/#webpage\",\"url\":\"https:\\\/\\\/www.rucashk.com\\\/pt\\\/produto\\\/xiaomi-buds-3t-pro\\\/\",\"name\":\"Xiaomi Buds 3T Pro - Rucas - Wholesale and Distribution\",\"description\":\"Xiaomi Buds 3T Pro -high-end wireless headphones, hybrid Active Noise Cancellation (ANC) up to 40dB, switchable Light\\\/Balanced\\\/Deep modes, Transparency mode, 10mm dynamic transducers with dual magnets, DLC membrane coated with support for professional LHDC 4.0 codec, support for 2 simultaneous connected devices, USB-C charging, up to 6 hours headphone life and 24 hours with box. Touch control. IP55 dust and water resistance certification.\",\"inLanguage\":\"pt-PT\",\"isPartOf\":{\"@id\":\"https:\\\/\\\/www.rucashk.com\\\/pt\\\/#website\"},\"breadcrumb\":{\"@id\":\"https:\\\/\\\/www.rucashk.com\\\/pt\\\/produto\\\/xiaomi-buds-3t-pro\\\/#breadcrumblist\"},\"author\":{\"@id\":\"https:\\\/\\\/www.rucashk.com\\\/pt\\\/author\\\/admin\\\/#author\"},\"creator\":{\"@id\":\"https:\\\/\\\/www.rucashk.com\\\/pt\\\/author\\\/admin\\\/#author\"},\"image\":{\"@type\":\"ImageObject\",\"url\":\"https:\\\/\\\/www.rucashk.com\\\/wp-content\\\/uploads\\\/2024\\\/01\\\/xiaomi-buds-3t-pro-gloss-white-1.jpg\",\"@id\":\"https:\\\/\\\/www.rucashk.com\\\/pt\\\/produto\\\/xiaomi-buds-3t-pro\\\/#mainImage\",\"width\":800,\"height\":800},\"primaryImageOfPage\":{\"@id\":\"https:\\\/\\\/www.rucashk.com\\\/pt\\\/produto\\\/xiaomi-buds-3t-pro\\\/#mainImage\"},\"datePublished\":\"2024-01-09T16:23:21+00:00\",\"dateModified\":\"2025-06-22T06:39:41+00:00\"},{\"@type\":\"WebSite\",\"@id\":\"https:\\\/\\\/www.rucashk.com\\\/pt\\\/#website\",\"url\":\"https:\\\/\\\/www.rucashk.com\\\/pt\\\/\",\"name\":\"Rucas - Wholesale and distribution worldwide\",\"alternateName\":\"Rucas - One-stop AIoT Distribution Worldwide\",\"description\":\"One-stop AIoT Distribution Worldwide\",\"inLanguage\":\"pt-PT\",\"publisher\":{\"@id\":\"https:\\\/\\\/www.rucashk.com\\\/pt\\\/#organization\"}}]}\n\t\t<\/script>\n\t\t<!-- All in One SEO Pro -->\r\n\t\t<title>Xiaomi Buds 3T Pro - Rucas - Wholesale and Distribution<\/title>\n\n","aioseo_head_json":{"title":"Xiaomi Buds 3T Pro - Rucas - Wholesale and Distribution","description":"Xiaomi Buds 3T Pro -high-end wireless headphones, hybrid Active Noise Cancellation (ANC) up to 40dB, switchable Light\/Balanced\/Deep modes, Transparency mode, 10mm dynamic transducers with dual magnets, DLC membrane coated with support for professional LHDC 4.0 codec, support for 2 simultaneous connected devices, USB-C charging, up to 6 hours headphone life and 24 hours with box. Touch control. IP55 dust and water resistance certification.","canonical_url":"https:\/\/www.rucashk.com\/pt\/produto\/xiaomi-buds-3t-pro\/","robots":"max-image-preview:large","keywords":"","webmasterTools":{"miscellaneous":""},"og:locale":"pt_PT","og:site_name":"Rucas - One-stop AIoT Distribution Worldwide","og:type":"article","og:title":"Xiaomi Buds 3T Pro - Rucas - Wholesale and Distribution","og:description":"Xiaomi Buds 3T Pro -high-end wireless headphones, hybrid Active Noise Cancellation (ANC) up to 40dB, switchable Light\/Balanced\/Deep modes, Transparency mode, 10mm dynamic transducers with dual magnets, DLC membrane coated with support for professional LHDC 4.0 codec, support for 2 simultaneous connected devices, USB-C charging, up to 6 hours headphone life and 24 hours with box. Touch control. IP55 dust and water resistance certification.","og:url":"https:\/\/www.rucashk.com\/pt\/produto\/xiaomi-buds-3t-pro\/","og:image":"https:\/\/www.rucashk.com\/wp-content\/uploads\/replace\/503b8e645f128a97ccde2b6290747646.jpeg","og:image:secure_url":"https:\/\/www.rucashk.com\/wp-content\/uploads\/replace\/503b8e645f128a97ccde2b6290747646.jpeg","og:image:width":1456,"og:image:height":816,"article:published_time":"2024-01-09T16:23:21+00:00","article:modified_time":"2025-06-22T06:39:41+00:00","twitter:card":"summary_large_image","twitter:title":"Xiaomi Buds 3T Pro - Rucas - Wholesale and Distribution","twitter:description":"Xiaomi Buds 3T Pro -high-end wireless headphones, hybrid Active Noise Cancellation (ANC) up to 40dB, switchable Light\/Balanced\/Deep modes, Transparency mode, 10mm dynamic transducers with dual magnets, DLC membrane coated with support for professional LHDC 4.0 codec, support for 2 simultaneous connected devices, USB-C charging, up to 6 hours headphone life and 24 hours with box. Touch control. IP55 dust and water resistance certification.","twitter:image":"https:\/\/www.rucashk.com\/wp-content\/uploads\/replace\/503b8e645f128a97ccde2b6290747646.jpeg","schema":{"@context":"https:\/\/schema.org","@graph":[{"@type":"BreadcrumbList","@id":"https:\/\/www.rucashk.com\/pt\/produto\/xiaomi-buds-3t-pro\/#breadcrumblist","itemListElement":[{"@type":"ListItem","@id":"https:\/\/www.rucashk.com\/pt\/#listItem","position":1,"name":"Home","item":"https:\/\/www.rucashk.com\/pt\/","nextItem":"https:\/\/www.rucashk.com\/pt\/produto\/xiaomi-buds-3t-pro\/#listItem"},{"@type":"ListItem","@id":"https:\/\/www.rucashk.com\/pt\/produto\/xiaomi-buds-3t-pro\/#listItem","position":2,"name":"Xiaomi Buds 3T Pro","previousItem":"https:\/\/www.rucashk.com\/pt\/#listItem"}]},{"@type":"Organization","@id":"https:\/\/www.rucashk.com\/pt\/#organization","name":"Rucas","url":"https:\/\/www.rucashk.com\/pt\/","logo":{"@type":"ImageObject","url":"https:\/\/www.rucashk.com\/wp-content\/uploads\/2023\/12\/Rucas_campany_logo.png","@id":"https:\/\/www.rucashk.com\/pt\/produto\/xiaomi-buds-3t-pro\/#organizationLogo","width":221,"height":65},"image":{"@id":"https:\/\/www.rucashk.com\/pt\/#organizationLogo"}},{"@type":"Person","@id":"https:\/\/www.rucashk.com\/pt\/author\/admin\/#author","url":"https:\/\/www.rucashk.com\/pt\/author\/admin\/","name":"admin","image":{"@type":"ImageObject","@id":"https:\/\/www.rucashk.com\/pt\/produto\/xiaomi-buds-3t-pro\/#authorImage","url":"https:\/\/secure.gravatar.com\/avatar\/b7c8925b09a27e72b30232f8ecaadbd5af0f70a38c78096863fe51b64f031c24?s=96&d=mm&r=g","width":96,"height":96,"caption":"admin"}},{"@type":"WebPage","@id":"https:\/\/www.rucashk.com\/pt\/produto\/xiaomi-buds-3t-pro\/#webpage","url":"https:\/\/www.rucashk.com\/pt\/produto\/xiaomi-buds-3t-pro\/","name":"Xiaomi Buds 3T Pro - Rucas - Wholesale and Distribution","description":"Xiaomi Buds 3T Pro -high-end wireless headphones, hybrid Active Noise Cancellation (ANC) up to 40dB, switchable Light\/Balanced\/Deep modes, Transparency mode, 10mm dynamic transducers with dual magnets, DLC membrane coated with support for professional LHDC 4.0 codec, support for 2 simultaneous connected devices, USB-C charging, up to 6 hours headphone life and 24 hours with box. Touch control. IP55 dust and water resistance certification.","inLanguage":"pt-PT","isPartOf":{"@id":"https:\/\/www.rucashk.com\/pt\/#website"},"breadcrumb":{"@id":"https:\/\/www.rucashk.com\/pt\/produto\/xiaomi-buds-3t-pro\/#breadcrumblist"},"author":{"@id":"https:\/\/www.rucashk.com\/pt\/author\/admin\/#author"},"creator":{"@id":"https:\/\/www.rucashk.com\/pt\/author\/admin\/#author"},"image":{"@type":"ImageObject","url":"https:\/\/www.rucashk.com\/wp-content\/uploads\/2024\/01\/xiaomi-buds-3t-pro-gloss-white-1.jpg","@id":"https:\/\/www.rucashk.com\/pt\/produto\/xiaomi-buds-3t-pro\/#mainImage","width":800,"height":800},"primaryImageOfPage":{"@id":"https:\/\/www.rucashk.com\/pt\/produto\/xiaomi-buds-3t-pro\/#mainImage"},"datePublished":"2024-01-09T16:23:21+00:00","dateModified":"2025-06-22T06:39:41+00:00"},{"@type":"WebSite","@id":"https:\/\/www.rucashk.com\/pt\/#website","url":"https:\/\/www.rucashk.com\/pt\/","name":"Rucas - Wholesale and distribution worldwide","alternateName":"Rucas - One-stop AIoT Distribution Worldwide","description":"One-stop AIoT Distribution Worldwide","inLanguage":"pt-PT","publisher":{"@id":"https:\/\/www.rucashk.com\/pt\/#organization"}}]}},"aioseo_meta_data":{"post_id":"25981","title":null,"description":null,"keywords":null,"keyphrases":null,"primary_term":null,"canonical_url":null,"og_title":null,"og_description":null,"og_object_type":"default","og_image_type":"default","og_image_url":null,"og_image_width":null,"og_image_height":null,"og_image_custom_url":null,"og_image_custom_fields":null,"og_video":null,"og_custom_url":null,"og_article_section":null,"og_article_tags":null,"twitter_use_og":false,"twitter_card":"default","twitter_image_type":"default","twitter_image_url":null,"twitter_image_custom_url":null,"twitter_image_custom_fields":null,"twitter_title":null,"twitter_description":null,"schema":{"blockGraphs":[],"customGraphs":[],"default":{"data":{"Article":[],"Course":[],"Dataset":[],"FAQPage":[],"Movie":[],"Person":[],"Product":[],"Recipe":[],"Service":[],"SoftwareApplication":[],"WebPage":[]},"graphName":"","isEnabled":true},"graphs":[]},"schema_type":"default","schema_type_options":null,"pillar_content":false,"robots_default":true,"robots_noindex":false,"robots_noarchive":false,"robots_nosnippet":false,"robots_nofollow":false,"robots_noimageindex":false,"robots_noodp":false,"robots_notranslate":false,"robots_max_snippet":null,"robots_max_videopreview":null,"robots_max_imagepreview":"large","priority":null,"frequency":null,"local_seo":null,"breadcrumb_settings":null,"limit_modified_date":false,"created":"2024-04-11 01:57:19","updated":"2025-06-22 18:07:06"},"aioseo_breadcrumb":"<div class=\"aioseo-breadcrumbs\"><span class=\"aioseo-breadcrumb\">\n\t<a href=\"https:\/\/www.rucashk.com\/pt\" title=\"Home\">Home<\/a>\n<\/span><span class=\"aioseo-breadcrumb-separator\">&raquo;<\/span><span class=\"aioseo-breadcrumb\">\n\t<a href=\"https:\/\/www.rucashk.com\/pt\/products\/\" title=\"Produtos\">Produtos<\/a>\n<\/span><span class=\"aioseo-breadcrumb-separator\">&raquo;<\/span><span class=\"aioseo-breadcrumb\">\n\t<a href=\"https:\/\/www.rucashk.com\/pt\/marca\/xiaomi\/\" title=\"Xiaomi\">Xiaomi<\/a>\n<\/span><span class=\"aioseo-breadcrumb-separator\">&raquo;<\/span><span class=\"aioseo-breadcrumb\">\n\tXiaomi Buds 3T Pro\n<\/span><\/div>","aioseo_breadcrumb_json":[{"label":"Home","link":"https:\/\/www.rucashk.com\/pt"},{"label":"Produtos","link":"https:\/\/www.rucashk.com\/pt\/products\/"},{"label":"Xiaomi","link":"https:\/\/www.rucashk.com\/pt\/marca\/xiaomi\/"},{"label":"Xiaomi Buds 3T Pro","link":"https:\/\/www.rucashk.com\/pt\/produto\/xiaomi-buds-3t-pro\/"}],"_links":{"self":[{"href":"https:\/\/www.rucashk.com\/pt\/wp-json\/wp\/v2\/product\/25981","targetHints":{"allow":["GET"]}}],"collection":[{"href":"https:\/\/www.rucashk.com\/pt\/wp-json\/wp\/v2\/product"}],"about":[{"href":"https:\/\/www.rucashk.com\/pt\/wp-json\/wp\/v2\/types\/product"}],"wp:featuredmedia":[{"embeddable":true,"href":"https:\/\/www.rucashk.com\/pt\/wp-json\/wp\/v2\/media\/26044"}],"wp:attachment":[{"href":"https:\/\/www.rucashk.com\/pt\/wp-json\/wp\/v2\/media?parent=25981"}],"wp:term":[{"taxonomy":"product_brand","embeddable":true,"href":"https:\/\/www.rucashk.com\/pt\/wp-json\/wp\/v2\/product_brand?post=25981"},{"taxonomy":"product_cat","embeddable":true,"href":"https:\/\/www.rucashk.com\/pt\/wp-json\/wp\/v2\/product_cat?post=25981"},{"taxonomy":"product_tag","embeddable":true,"href":"https:\/\/www.rucashk.com\/pt\/wp-json\/wp\/v2\/product_tag?post=25981"}],"curies":[{"name":"wp","href":"https:\/\/api.w.org\/{rel}","templated":true}]}}