{"id":25978,"date":"2024-01-09T16:23:20","date_gmt":"2024-01-09T16:23:20","guid":{"rendered":"http:\/\/rucashk.com\/?post_type=product&#038;p=25978"},"modified":"2024-03-13T12:59:05","modified_gmt":"2024-03-13T12:59:05","slug":"samsung-galaxy-watch-4","status":"publish","type":"product","link":"https:\/\/www.rucashk.com\/pt\/produto\/samsung-galaxy-watch-4\/","title":{"rendered":"Rel\u00f3gio Samsung Galaxy 4"},"content":{"rendered":"<h2>Especifica\u00e7\u00f5es<\/h2>\n<div class=\"col12 all-speces-table\">\n<div class=\"clearfix\"><\/div>\n<div class=\"colspan2 mcolspan12 title p fwb\">\n<table>\n<tbody>\n<tr>\n<td>Local de Fabrica\u00e7\u00e3o<\/td>\n<\/tr>\n<\/tbody>\n<\/table>\n<\/div>\n<div class=\"colspan10 mcolspan12 content p\">\n<p>PA\u00cdS DESCONHECIDO<\/p>\n<\/div>\n<div class=\"clearfix\"><\/div>\n<div class=\"colspan2 mcolspan12 title p fwb\">\n<table>\n<tbody>\n<tr>\n<td>Sistema operacional de suporte<\/td>\n<\/tr>\n<\/tbody>\n<\/table>\n<\/div>\n<div class=\"colspan10 mcolspan12 content p\">\n<p>Android<\/p>\n<\/div>\n<div class=\"clearfix\"><\/div>\n<div class=\"colspan2 mcolspan12 title p fwb\">\n<table>\n<tbody>\n<tr>\n<td>Tipo<\/td>\n<\/tr>\n<\/tbody>\n<\/table>\n<\/div>\n<div class=\"colspan10 mcolspan12 content p\">\n<p>Rel\u00f3gio inteligente<\/p>\n<\/div>\n<div class=\"clearfix\"><\/div>\n<div class=\"colspan2 mcolspan12 title p fwb\">\n<table>\n<tbody>\n<tr>\n<td>Mostrar<\/td>\n<\/tr>\n<\/tbody>\n<\/table>\n<\/div>\n<div class=\"colspan10 mcolspan12 content p\">\n<p>Circular<\/p>\n<\/div>\n<div class=\"clearfix\"><\/div>\n<div class=\"colspan2 mcolspan12 title p fwb\">\n<table>\n<tbody>\n<tr>\n<td>Sensor de frequ\u00eancia card\u00edaca integrado<\/td>\n<\/tr>\n<\/tbody>\n<\/table>\n<\/div>\n<div class=\"colspan10 mcolspan12 content p\">\n<p>Sim<\/p>\n<\/div>\n<div class=\"clearfix\"><\/div>\n<div class=\"colspan2 mcolspan12 title p fwb\">\n<table>\n<tbody>\n<tr>\n<td>GPS incorporado<\/td>\n<\/tr>\n<\/tbody>\n<\/table>\n<\/div>\n<div class=\"colspan10 mcolspan12 content p\">\n<p>Sim<\/p>\n<\/div>\n<div class=\"clearfix\"><\/div>\n<div class=\"colspan2 mcolspan12 title p fwb\">\n<table>\n<tbody>\n<tr>\n<td>Tamanho da tela (polegadas)<\/td>\n<\/tr>\n<\/tbody>\n<\/table>\n<\/div>\n<div class=\"colspan10 mcolspan12 content p\">\n<p>1.4&#8243;<\/p>\n<\/div>\n<div class=\"clearfix\"><\/div>\n<div class=\"colspan2 mcolspan12 title p fwb\">\n<table>\n<tbody>\n<tr>\n<td>Vida \u00fatil da bateria at\u00e9<\/td>\n<\/tr>\n<\/tbody>\n<\/table>\n<\/div>\n<div class=\"colspan10 mcolspan12 content p\">\n<p>40 horas<\/p>\n<\/div>\n<div class=\"clearfix\"><\/div>\n<div class=\"colspan2 mcolspan12 title p fwb\">\n<table>\n<tbody>\n<tr>\n<td>Contagem de passos<\/td>\n<\/tr>\n<\/tbody>\n<\/table>\n<\/div>\n<div class=\"colspan10 mcolspan12 content p\">\n<p>Apoiar<\/p>\n<\/div>\n<div class=\"clearfix\"><\/div>\n<div class=\"colspan2 mcolspan12 title p fwb\">\n<table>\n<tbody>\n<tr>\n<td>calorias queimadas Calcular<\/td>\n<\/tr>\n<\/tbody>\n<\/table>\n<\/div>\n<div class=\"colspan10 mcolspan12 content p\">\n<p>Apoiar<\/p>\n<\/div>\n<div class=\"clearfix\"><\/div>\n<div class=\"colspan2 mcolspan12 title p fwb\">\n<table>\n<tbody>\n<tr>\n<td>Contagem de dist\u00e2ncia<\/td>\n<\/tr>\n<\/tbody>\n<\/table>\n<\/div>\n<div class=\"colspan10 mcolspan12 content p\">\n<p>Apoiar<\/p>\n<\/div>\n<div class=\"clearfix\"><\/div>\n<div class=\"colspan2 mcolspan12 title p fwb\">\n<table>\n<tbody>\n<tr>\n<td>Rel\u00f3gio<\/td>\n<\/tr>\n<\/tbody>\n<\/table>\n<\/div>\n<div class=\"colspan10 mcolspan12 content p\">\n<p>Apoiar<\/p>\n<\/div>\n<div class=\"clearfix\"><\/div>\n<div class=\"colspan2 mcolspan12 title p fwb\">\n<table>\n<tbody>\n<tr>\n<td>Rastreamento do sono<\/td>\n<\/tr>\n<\/tbody>\n<\/table>\n<\/div>\n<div class=\"colspan10 mcolspan12 content p\">\n<p>Auto<\/p>\n<\/div>\n<div class=\"clearfix\"><\/div>\n<div class=\"colspan2 mcolspan12 title p fwb\">\n<table>\n<tbody>\n<tr>\n<td>Notifica\u00e7\u00e3o de chamada recebida<\/td>\n<\/tr>\n<\/tbody>\n<\/table>\n<\/div>\n<div class=\"colspan10 mcolspan12 content p\">\n<p>Mostrar<\/p>\n<\/div>\n<div class=\"clearfix\"><\/div>\n<div class=\"colspan2 mcolspan12 title p fwb\">\n<table>\n<tbody>\n<tr>\n<td>Notifica\u00e7\u00e3o de mensagem<\/td>\n<\/tr>\n<\/tbody>\n<\/table>\n<\/div>\n<div class=\"colspan10 mcolspan12 content p\">\n<p>Mostrar e responder<\/p>\n<\/div>\n<div class=\"clearfix\"><\/div>\n<div class=\"colspan2 mcolspan12 title p fwb\">\n<table>\n<tbody>\n<tr>\n<td>Controle de m\u00fasica<\/td>\n<\/tr>\n<\/tbody>\n<\/table>\n<\/div>\n<div class=\"colspan10 mcolspan12 content p\">\n<p>Apoiar<\/p>\n<\/div>\n<div class=\"clearfix\"><\/div>\n<div class=\"colspan2 mcolspan12 title p fwb\">\n<table>\n<tbody>\n<tr>\n<td>N\u00edvel resistente \u00e0 \u00e1gua<\/td>\n<\/tr>\n<\/tbody>\n<\/table>\n<\/div>\n<div class=\"colspan10 mcolspan12 content p\">\n<p>5 ATM + IP68<\/p>\n<\/div>\n<div class=\"clearfix\"><\/div>\n<div class=\"colspan2 mcolspan12 title p fwb\">\n<table>\n<tbody>\n<tr>\n<td>Quantidade\/caixa<\/td>\n<\/tr>\n<\/tbody>\n<\/table>\n<\/div>\n<div class=\"colspan10 mcolspan12 content p\">\n<p>1<\/p>\n<\/div>\n<div class=\"clearfix\"><\/div>\n<div class=\"colspan2 mcolspan12 title p fwb\">\n<table>\n<tbody>\n<tr>\n<td>Peso (kg\/g)<\/td>\n<\/tr>\n<\/tbody>\n<\/table>\n<\/div>\n<div class=\"colspan10 mcolspan12 content p\">\n<p>30<\/p>\n<\/div>\n<div class=\"clearfix\"><\/div>\n<div class=\"colspan2 mcolspan12 title p fwb\">\n<table>\n<tbody>\n<tr>\n<td>Dimens\u00e3o (Lx A x P mm)<\/td>\n<\/tr>\n<\/tbody>\n<\/table>\n<\/div>\n<div class=\"colspan10 mcolspan12 content p\">\n<p>44&#215;9.8&#215;43<\/p>\n<\/div>\n<div class=\"clearfix\"><\/div>\n<div class=\"colspan2 mcolspan12 title p fwb\">\n<table>\n<tbody>\n<tr>\n<td>Regi\u00e3o de cobertura da garantia<\/td>\n<\/tr>\n<\/tbody>\n<\/table>\n<\/div>\n<div class=\"colspan10 mcolspan12 content p\">\n<p>Hong Kong\/Macau\/China<\/p>\n<\/div>\n<div class=\"clearfix\"><\/div>\n<div class=\"colspan2 mcolspan12 title p fwb\">\n<table>\n<tbody>\n<tr>\n<td>Informa\u00e7\u00f5es de garantia<\/td>\n<\/tr>\n<\/tbody>\n<\/table>\n<\/div>\n<div class=\"colspan10 mcolspan12 content p\">\n<p>Garantia de 1 ano: m\u00e3o de obra + pe\u00e7as<\/p>\n<\/div>\n<div class=\"clearfix\"><\/div>\n<div class=\"colspan2 mcolspan12 title p fwb\">\n<table>\n<tbody>\n<tr>\n<td>Informa\u00e7\u00f5es adicionais<\/td>\n<\/tr>\n<\/tbody>\n<\/table>\n<\/div>\n<div class=\"colspan10 mcolspan12 content p\">\n<p>Google Wear OS desenvolvido pela Samsung (smartphones compat\u00edveis e recursos dispon\u00edveis podem variar de acordo com regi\u00e3o, operadora e dispositivo. Consulte o fabricante do seu dispositivo para descobrir se o seu smartphone \u00e9 compat\u00edvel com o smartwatch Galaxy Watch4 Series.) \/ An\u00e1lise de composi\u00e7\u00e3o corporal BIA \/ Sa\u00fade Hol\u00edstica Monitoramento (press\u00e3o arterial, ECG, oxig\u00eanio no sangue durante o sono, sa\u00fade da mulher) \/ Design de corpo requintado e compacto com alum\u00ednio \/ Forma de corrida em tempo real e an\u00e1lise de VO2 m\u00e1ximo<\/p>\n<\/div>\n<\/div>","protected":false},"excerpt":{"rendered":"<p><img decoding=\"async\" class=\"alignnone  wp-image-30106\" src=\"https:\/\/www.rucashk.com\/wp-content\/uploads\/2022\/03\/1645439189618-1.png\" alt=\"\" width=\"115\" height=\"115\" \/><\/p>","protected":false},"featured_media":26038,"template":"","meta":[],"product_brand":[],"product_cat":[1322,1347],"product_tag":[],"class_list":{"0":"post-25978","1":"product","2":"type-product","3":"status-publish","4":"has-post-thumbnail","6":"product_cat-other-a-brands","7":"product_cat-samsung-other-a-brands","9":"first","10":"instock","11":"shipping-taxable","12":"product-type-simple"},"aioseo_notices":[],"aioseo_head":"\n\t\t<!-- All in One SEO Pro 4.5.9.2 - aioseo.com -->\n\t\t<meta name=\"description\" content=\"Specifications Place of Manufacture UNKNOWN COUNTRY Support Operating System Android Type Smart Watch Display Circular Built-in heart rate sensor Yes Built-in GPS Yes Display size (inch) 1.4&quot; Battery Life up to 40 hours Step Count Support calories burned Calculate Support Distance Count Support Clock Support Sleep tracking Auto Incoming Call Notification Show Message Notification Show\" \/>\n\t\t<meta name=\"robots\" content=\"max-image-preview:large\" \/>\n\t\t<link rel=\"canonical\" href=\"https:\/\/www.rucashk.com\/pt\/produto\/samsung-galaxy-watch-4\/\" \/>\n\t\t<meta name=\"generator\" content=\"All in One SEO Pro (AIOSEO) 4.5.9.2\" \/>\n\t\t<meta property=\"og:locale\" content=\"pt_PT\" \/>\n\t\t<meta property=\"og:site_name\" content=\"Rucas - One-stop AIoT Distribution Worldwide\" \/>\n\t\t<meta property=\"og:type\" content=\"article\" \/>\n\t\t<meta property=\"og:title\" content=\"Samsung Galaxy Watch 4 - Rucas - Wholesale and Distribution\" \/>\n\t\t<meta property=\"og:description\" content=\"Specifications Place of Manufacture UNKNOWN COUNTRY Support Operating System Android Type Smart Watch Display Circular Built-in heart rate sensor Yes Built-in GPS Yes Display size (inch) 1.4&quot; Battery Life up to 40 hours Step Count Support calories burned Calculate Support Distance Count Support Clock Support Sleep tracking Auto Incoming Call Notification Show Message Notification Show\" \/>\n\t\t<meta property=\"og:url\" content=\"https:\/\/www.rucashk.com\/pt\/produto\/samsung-galaxy-watch-4\/\" \/>\n\t\t<meta property=\"og:image\" content=\"https:\/\/www.rucashk.com\/wp-content\/uploads\/replace\/503b8e645f128a97ccde2b6290747646.jpeg\" \/>\n\t\t<meta property=\"og:image:secure_url\" content=\"https:\/\/www.rucashk.com\/wp-content\/uploads\/replace\/503b8e645f128a97ccde2b6290747646.jpeg\" \/>\n\t\t<meta property=\"og:image:width\" content=\"1456\" \/>\n\t\t<meta property=\"og:image:height\" content=\"816\" \/>\n\t\t<meta property=\"article:published_time\" content=\"2024-01-09T16:23:20+00:00\" \/>\n\t\t<meta property=\"article:modified_time\" content=\"2024-03-13T12:59:05+00:00\" \/>\n\t\t<meta name=\"twitter:card\" content=\"summary_large_image\" \/>\n\t\t<meta name=\"twitter:title\" content=\"Samsung Galaxy Watch 4 - Rucas - Wholesale and Distribution\" \/>\n\t\t<meta name=\"twitter:description\" content=\"Specifications Place of Manufacture UNKNOWN COUNTRY Support Operating System Android Type Smart Watch Display Circular Built-in heart rate sensor Yes Built-in GPS Yes Display size (inch) 1.4&quot; Battery Life up to 40 hours Step Count Support calories burned Calculate Support Distance Count Support Clock Support Sleep tracking Auto Incoming Call Notification Show Message Notification Show\" \/>\n\t\t<meta name=\"twitter:image\" content=\"https:\/\/www.rucashk.com\/wp-content\/uploads\/replace\/503b8e645f128a97ccde2b6290747646.jpeg\" \/>\n\t\t<script type=\"application\/ld+json\" class=\"aioseo-schema\">\n\t\t\t{\"@context\":\"https:\\\/\\\/schema.org\",\"@graph\":[{\"@type\":\"BreadcrumbList\",\"@id\":\"https:\\\/\\\/www.rucashk.com\\\/pt\\\/produto\\\/samsung-galaxy-watch-4\\\/#breadcrumblist\",\"itemListElement\":[{\"@type\":\"ListItem\",\"@id\":\"https:\\\/\\\/www.rucashk.com\\\/pt\\\/#listItem\",\"position\":1,\"name\":\"Home\",\"item\":\"https:\\\/\\\/www.rucashk.com\\\/pt\\\/\",\"nextItem\":\"https:\\\/\\\/www.rucashk.com\\\/pt\\\/produto\\\/samsung-galaxy-watch-4\\\/#listItem\"},{\"@type\":\"ListItem\",\"@id\":\"https:\\\/\\\/www.rucashk.com\\\/pt\\\/produto\\\/samsung-galaxy-watch-4\\\/#listItem\",\"position\":2,\"name\":\"Samsung Galaxy Watch 4\",\"previousItem\":\"https:\\\/\\\/www.rucashk.com\\\/pt\\\/#listItem\"}]},{\"@type\":\"Organization\",\"@id\":\"https:\\\/\\\/www.rucashk.com\\\/pt\\\/#organization\",\"name\":\"Rucas\",\"url\":\"https:\\\/\\\/www.rucashk.com\\\/pt\\\/\",\"logo\":{\"@type\":\"ImageObject\",\"url\":\"https:\\\/\\\/www.rucashk.com\\\/wp-content\\\/uploads\\\/2023\\\/12\\\/Rucas_campany_logo.png\",\"@id\":\"https:\\\/\\\/www.rucashk.com\\\/pt\\\/produto\\\/samsung-galaxy-watch-4\\\/#organizationLogo\",\"width\":221,\"height\":65},\"image\":{\"@id\":\"https:\\\/\\\/www.rucashk.com\\\/pt\\\/#organizationLogo\"}},{\"@type\":\"Person\",\"@id\":\"https:\\\/\\\/www.rucashk.com\\\/pt\\\/author\\\/admin\\\/#author\",\"url\":\"https:\\\/\\\/www.rucashk.com\\\/pt\\\/author\\\/admin\\\/\",\"name\":\"admin\",\"image\":{\"@type\":\"ImageObject\",\"@id\":\"https:\\\/\\\/www.rucashk.com\\\/pt\\\/produto\\\/samsung-galaxy-watch-4\\\/#authorImage\",\"url\":\"https:\\\/\\\/secure.gravatar.com\\\/avatar\\\/b7c8925b09a27e72b30232f8ecaadbd5af0f70a38c78096863fe51b64f031c24?s=96&d=mm&r=g\",\"width\":96,\"height\":96,\"caption\":\"admin\"}},{\"@type\":\"WebPage\",\"@id\":\"https:\\\/\\\/www.rucashk.com\\\/pt\\\/produto\\\/samsung-galaxy-watch-4\\\/#webpage\",\"url\":\"https:\\\/\\\/www.rucashk.com\\\/pt\\\/produto\\\/samsung-galaxy-watch-4\\\/\",\"name\":\"Samsung Galaxy Watch 4 - Rucas - Wholesale and Distribution\",\"description\":\"Specifications Place of Manufacture UNKNOWN COUNTRY Support Operating System Android Type Smart Watch Display Circular Built-in heart rate sensor Yes Built-in GPS Yes Display size (inch) 1.4\\\" Battery Life up to 40 hours Step Count Support calories burned Calculate Support Distance Count Support Clock Support Sleep tracking Auto Incoming Call Notification Show Message Notification Show\",\"inLanguage\":\"pt-PT\",\"isPartOf\":{\"@id\":\"https:\\\/\\\/www.rucashk.com\\\/pt\\\/#website\"},\"breadcrumb\":{\"@id\":\"https:\\\/\\\/www.rucashk.com\\\/pt\\\/produto\\\/samsung-galaxy-watch-4\\\/#breadcrumblist\"},\"author\":{\"@id\":\"https:\\\/\\\/www.rucashk.com\\\/pt\\\/author\\\/admin\\\/#author\"},\"creator\":{\"@id\":\"https:\\\/\\\/www.rucashk.com\\\/pt\\\/author\\\/admin\\\/#author\"},\"image\":{\"@type\":\"ImageObject\",\"url\":\"https:\\\/\\\/www.rucashk.com\\\/wp-content\\\/uploads\\\/2024\\\/01\\\/1645439185756-1.png\",\"@id\":\"https:\\\/\\\/www.rucashk.com\\\/pt\\\/produto\\\/samsung-galaxy-watch-4\\\/#mainImage\",\"width\":1080,\"height\":1080},\"primaryImageOfPage\":{\"@id\":\"https:\\\/\\\/www.rucashk.com\\\/pt\\\/produto\\\/samsung-galaxy-watch-4\\\/#mainImage\"},\"datePublished\":\"2024-01-09T16:23:20+00:00\",\"dateModified\":\"2024-03-13T12:59:05+00:00\"},{\"@type\":\"WebSite\",\"@id\":\"https:\\\/\\\/www.rucashk.com\\\/pt\\\/#website\",\"url\":\"https:\\\/\\\/www.rucashk.com\\\/pt\\\/\",\"name\":\"Rucas - Wholesale and distribution worldwide\",\"alternateName\":\"Rucas - One-stop AIoT Distribution Worldwide\",\"description\":\"One-stop AIoT Distribution Worldwide\",\"inLanguage\":\"pt-PT\",\"publisher\":{\"@id\":\"https:\\\/\\\/www.rucashk.com\\\/pt\\\/#organization\"}}]}\n\t\t<\/script>\n\t\t<!-- All in One SEO Pro -->\r\n\t\t<title>Samsung Galaxy Watch 4 - Rucas - Wholesale and Distribution<\/title>\n\n","aioseo_head_json":{"title":"Samsung Galaxy Watch 4 - Rucas - Wholesale and Distribution","description":"Specifications Place of Manufacture UNKNOWN COUNTRY Support Operating System Android Type Smart Watch Display Circular Built-in heart rate sensor Yes Built-in GPS Yes Display size (inch) 1.4\" Battery Life up to 40 hours Step Count Support calories burned Calculate Support Distance Count Support Clock Support Sleep tracking Auto Incoming Call Notification Show Message Notification Show","canonical_url":"https:\/\/www.rucashk.com\/pt\/produto\/samsung-galaxy-watch-4\/","robots":"max-image-preview:large","keywords":"","webmasterTools":{"miscellaneous":""},"og:locale":"pt_PT","og:site_name":"Rucas - One-stop AIoT Distribution Worldwide","og:type":"article","og:title":"Samsung Galaxy Watch 4 - Rucas - Wholesale and Distribution","og:description":"Specifications Place of Manufacture UNKNOWN COUNTRY Support Operating System Android Type Smart Watch Display Circular Built-in heart rate sensor Yes Built-in GPS Yes Display size (inch) 1.4&quot; Battery Life up to 40 hours Step Count Support calories burned Calculate Support Distance Count Support Clock Support Sleep tracking Auto Incoming Call Notification Show Message Notification Show","og:url":"https:\/\/www.rucashk.com\/pt\/produto\/samsung-galaxy-watch-4\/","og:image":"https:\/\/www.rucashk.com\/wp-content\/uploads\/replace\/503b8e645f128a97ccde2b6290747646.jpeg","og:image:secure_url":"https:\/\/www.rucashk.com\/wp-content\/uploads\/replace\/503b8e645f128a97ccde2b6290747646.jpeg","og:image:width":1456,"og:image:height":816,"article:published_time":"2024-01-09T16:23:20+00:00","article:modified_time":"2024-03-13T12:59:05+00:00","twitter:card":"summary_large_image","twitter:title":"Samsung Galaxy Watch 4 - Rucas - Wholesale and Distribution","twitter:description":"Specifications Place of Manufacture UNKNOWN COUNTRY Support Operating System Android Type Smart Watch Display Circular Built-in heart rate sensor Yes Built-in GPS Yes Display size (inch) 1.4&quot; Battery Life up to 40 hours Step Count Support calories burned Calculate Support Distance Count Support Clock Support Sleep tracking Auto Incoming Call Notification Show Message Notification Show","twitter:image":"https:\/\/www.rucashk.com\/wp-content\/uploads\/replace\/503b8e645f128a97ccde2b6290747646.jpeg","schema":{"@context":"https:\/\/schema.org","@graph":[{"@type":"BreadcrumbList","@id":"https:\/\/www.rucashk.com\/pt\/produto\/samsung-galaxy-watch-4\/#breadcrumblist","itemListElement":[{"@type":"ListItem","@id":"https:\/\/www.rucashk.com\/pt\/#listItem","position":1,"name":"Home","item":"https:\/\/www.rucashk.com\/pt\/","nextItem":"https:\/\/www.rucashk.com\/pt\/produto\/samsung-galaxy-watch-4\/#listItem"},{"@type":"ListItem","@id":"https:\/\/www.rucashk.com\/pt\/produto\/samsung-galaxy-watch-4\/#listItem","position":2,"name":"Samsung Galaxy Watch 4","previousItem":"https:\/\/www.rucashk.com\/pt\/#listItem"}]},{"@type":"Organization","@id":"https:\/\/www.rucashk.com\/pt\/#organization","name":"Rucas","url":"https:\/\/www.rucashk.com\/pt\/","logo":{"@type":"ImageObject","url":"https:\/\/www.rucashk.com\/wp-content\/uploads\/2023\/12\/Rucas_campany_logo.png","@id":"https:\/\/www.rucashk.com\/pt\/produto\/samsung-galaxy-watch-4\/#organizationLogo","width":221,"height":65},"image":{"@id":"https:\/\/www.rucashk.com\/pt\/#organizationLogo"}},{"@type":"Person","@id":"https:\/\/www.rucashk.com\/pt\/author\/admin\/#author","url":"https:\/\/www.rucashk.com\/pt\/author\/admin\/","name":"admin","image":{"@type":"ImageObject","@id":"https:\/\/www.rucashk.com\/pt\/produto\/samsung-galaxy-watch-4\/#authorImage","url":"https:\/\/secure.gravatar.com\/avatar\/b7c8925b09a27e72b30232f8ecaadbd5af0f70a38c78096863fe51b64f031c24?s=96&d=mm&r=g","width":96,"height":96,"caption":"admin"}},{"@type":"WebPage","@id":"https:\/\/www.rucashk.com\/pt\/produto\/samsung-galaxy-watch-4\/#webpage","url":"https:\/\/www.rucashk.com\/pt\/produto\/samsung-galaxy-watch-4\/","name":"Samsung Galaxy Watch 4 - Rucas - Wholesale and Distribution","description":"Specifications Place of Manufacture UNKNOWN COUNTRY Support Operating System Android Type Smart Watch Display Circular Built-in heart rate sensor Yes Built-in GPS Yes Display size (inch) 1.4\" Battery Life up to 40 hours Step Count Support calories burned Calculate Support Distance Count Support Clock Support Sleep tracking Auto Incoming Call Notification Show Message Notification Show","inLanguage":"pt-PT","isPartOf":{"@id":"https:\/\/www.rucashk.com\/pt\/#website"},"breadcrumb":{"@id":"https:\/\/www.rucashk.com\/pt\/produto\/samsung-galaxy-watch-4\/#breadcrumblist"},"author":{"@id":"https:\/\/www.rucashk.com\/pt\/author\/admin\/#author"},"creator":{"@id":"https:\/\/www.rucashk.com\/pt\/author\/admin\/#author"},"image":{"@type":"ImageObject","url":"https:\/\/www.rucashk.com\/wp-content\/uploads\/2024\/01\/1645439185756-1.png","@id":"https:\/\/www.rucashk.com\/pt\/produto\/samsung-galaxy-watch-4\/#mainImage","width":1080,"height":1080},"primaryImageOfPage":{"@id":"https:\/\/www.rucashk.com\/pt\/produto\/samsung-galaxy-watch-4\/#mainImage"},"datePublished":"2024-01-09T16:23:20+00:00","dateModified":"2024-03-13T12:59:05+00:00"},{"@type":"WebSite","@id":"https:\/\/www.rucashk.com\/pt\/#website","url":"https:\/\/www.rucashk.com\/pt\/","name":"Rucas - Wholesale and distribution worldwide","alternateName":"Rucas - One-stop AIoT Distribution Worldwide","description":"One-stop AIoT Distribution Worldwide","inLanguage":"pt-PT","publisher":{"@id":"https:\/\/www.rucashk.com\/pt\/#organization"}}]}},"aioseo_meta_data":{"post_id":"25978","title":null,"description":null,"keywords":null,"keyphrases":null,"primary_term":null,"canonical_url":null,"og_title":null,"og_description":null,"og_object_type":"default","og_image_type":"default","og_image_url":null,"og_image_width":null,"og_image_height":null,"og_image_custom_url":null,"og_image_custom_fields":null,"og_video":null,"og_custom_url":null,"og_article_section":null,"og_article_tags":null,"twitter_use_og":false,"twitter_card":"default","twitter_image_type":"default","twitter_image_url":null,"twitter_image_custom_url":null,"twitter_image_custom_fields":null,"twitter_title":null,"twitter_description":null,"schema":{"blockGraphs":[],"customGraphs":[],"default":{"data":{"Article":[],"Course":[],"Dataset":[],"FAQPage":[],"Movie":[],"Person":[],"Product":[],"Recipe":[],"Service":[],"SoftwareApplication":[],"WebPage":[]},"graphName":"","isEnabled":true},"graphs":[]},"schema_type":"default","schema_type_options":null,"pillar_content":false,"robots_default":true,"robots_noindex":false,"robots_noarchive":false,"robots_nosnippet":false,"robots_nofollow":false,"robots_noimageindex":false,"robots_noodp":false,"robots_notranslate":false,"robots_max_snippet":null,"robots_max_videopreview":null,"robots_max_imagepreview":"large","priority":null,"frequency":null,"local_seo":null,"breadcrumb_settings":null,"limit_modified_date":false,"created":"2024-04-11 01:57:19","updated":"2025-06-22 18:07:06"},"aioseo_breadcrumb":"<div class=\"aioseo-breadcrumbs\"><span class=\"aioseo-breadcrumb\">\n\t<a href=\"https:\/\/www.rucashk.com\/pt\" title=\"Home\">Home<\/a>\n<\/span><span class=\"aioseo-breadcrumb-separator\">&raquo;<\/span><span class=\"aioseo-breadcrumb\">\n\t<a href=\"https:\/\/www.rucashk.com\/pt\/products\/\" title=\"Produtos\">Produtos<\/a>\n<\/span><span class=\"aioseo-breadcrumb-separator\">&raquo;<\/span><span class=\"aioseo-breadcrumb\">\n\t<a href=\"https:\/\/www.rucashk.com\/pt\/categoria-produto\/other-a-brands\/\" title=\"Other A-Brands\">Other A-Brands<\/a>\n<\/span><span class=\"aioseo-breadcrumb-separator\">&raquo;<\/span><span class=\"aioseo-breadcrumb\">\n\t<a href=\"https:\/\/www.rucashk.com\/pt\/categoria-produto\/other-a-brands\/samsung-other-a-brands\/\" title=\"Samsung\">Samsung<\/a>\n<\/span><span class=\"aioseo-breadcrumb-separator\">&raquo;<\/span><span class=\"aioseo-breadcrumb\">\n\tSamsung Galaxy Watch 4\n<\/span><\/div>","aioseo_breadcrumb_json":[{"label":"Home","link":"https:\/\/www.rucashk.com\/pt"},{"label":"Produtos","link":"https:\/\/www.rucashk.com\/pt\/products\/"},{"label":"Other A-Brands","link":"https:\/\/www.rucashk.com\/pt\/categoria-produto\/other-a-brands\/"},{"label":"Samsung","link":"https:\/\/www.rucashk.com\/pt\/categoria-produto\/other-a-brands\/samsung-other-a-brands\/"},{"label":"Samsung Galaxy Watch 4","link":"https:\/\/www.rucashk.com\/pt\/produto\/samsung-galaxy-watch-4\/"}],"_links":{"self":[{"href":"https:\/\/www.rucashk.com\/pt\/wp-json\/wp\/v2\/product\/25978","targetHints":{"allow":["GET"]}}],"collection":[{"href":"https:\/\/www.rucashk.com\/pt\/wp-json\/wp\/v2\/product"}],"about":[{"href":"https:\/\/www.rucashk.com\/pt\/wp-json\/wp\/v2\/types\/product"}],"wp:featuredmedia":[{"embeddable":true,"href":"https:\/\/www.rucashk.com\/pt\/wp-json\/wp\/v2\/media\/26038"}],"wp:attachment":[{"href":"https:\/\/www.rucashk.com\/pt\/wp-json\/wp\/v2\/media?parent=25978"}],"wp:term":[{"taxonomy":"product_brand","embeddable":true,"href":"https:\/\/www.rucashk.com\/pt\/wp-json\/wp\/v2\/product_brand?post=25978"},{"taxonomy":"product_cat","embeddable":true,"href":"https:\/\/www.rucashk.com\/pt\/wp-json\/wp\/v2\/product_cat?post=25978"},{"taxonomy":"product_tag","embeddable":true,"href":"https:\/\/www.rucashk.com\/pt\/wp-json\/wp\/v2\/product_tag?post=25978"}],"curies":[{"name":"wp","href":"https:\/\/api.w.org\/{rel}","templated":true}]}}