{"id":25947,"date":"2024-01-09T16:22:57","date_gmt":"2024-01-09T16:22:57","guid":{"rendered":"http:\/\/rucashk.com\/?post_type=product&#038;p=25947"},"modified":"2025-06-22T06:39:41","modified_gmt":"2025-06-22T06:39:41","slug":"redmi-smart-band-pro","status":"publish","type":"product","link":"https:\/\/www.rucashk.com\/pt\/produto\/redmi-smart-band-pro\/","title":{"rendered":"Redmi banda inteligente pro"},"content":{"rendered":"<h2>Redmi Smart Band Pro, o novo rastreador de atividade da Xiaomi com tela ampla de 1,47 e mais de 110 modos esportivos<\/h2>\n<p><strong>Tela AMOLED \u2013 Design retangular de 1,47 \u2013 Monitoramento de sa\u00fade 24 horas por dia, 7 dias por semana \u2013 Xiaomi Wear APP \u2013 At\u00e9 14 dias de uso di\u00e1rio t\u00edpico \u2013 +110 modos esportivos \u2013 Resist\u00eancia \u00e0 \u00e1gua de 5 ATM<\/strong><\/p>\n<p>Maior exibi\u00e7\u00e3o = maior motiva\u00e7\u00e3o para o condicionamento f\u00edsico. Isso \u00e9 o que est\u00e1 reservado para voc\u00ea com o<strong>\u00a0Redmi banda inteligente pro<\/strong>! O novo\u00a0<strong>Rastreador de atividade Xiaomi\u00a0<\/strong>apresenta um display AMOLED de 1,47, mais de 100 modos esportivos, resist\u00eancia \u00e0 \u00e1gua de 5 ATM, medi\u00e7\u00e3o de n\u00edvel de SpO2, rastreamento din\u00e2mico de frequ\u00eancia card\u00edaca e at\u00e9 14 dias de dura\u00e7\u00e3o da bateria. Mas h\u00e1 muito mais! Continue lendo para descobrir por que voc\u00ea deveria\u00a0<strong>compre a Xiaomi Redmi Smart Band Pro na Powerplanetonline<\/strong>.<\/p>\n<h3>Grande tela Full AMOLED de 1,47 polegadas<\/h3>\n<p>Para come\u00e7ar, voc\u00ea deve saber que o<strong>\u00a0Tela Full AMOLED de 1,47 polegadas\u00a0<\/strong>do Redmi Smart Band Pro oferece um alto<strong>\u00a0rela\u00e7\u00e3o tela-corpo de 66,7%<\/strong>. Tudo isso se traduz em uma experi\u00eancia visual incr\u00edvel, para que agora voc\u00ea possa ver mais informa\u00e7\u00f5es rapidamente, al\u00e9m de navegar com conforto e facilidade.<\/p>\n<p>Al\u00e9m disso, o\u00a0<strong>100% NTSC\u00a0<\/strong>painel exibe uma ampla gama de cores e possui um\u00a0<strong>brilho m\u00e1ximo de 450 nits<\/strong>, garantindo que voc\u00ea possa ver todas as informa\u00e7\u00f5es claramente, mesmo sob luz solar intensa.<\/p>\n<h3>Com pulseira de silicone e mais de 50 fundos de mostrador<\/h3>\n<p>Projetado para ser leve e confort\u00e1vel de usar, o Xiaomi Smart Band Pro vem com um padr\u00e3o\u00a0<strong>pulseira de silicone<\/strong>, ideal tanto para fazer exerc\u00edcio como para complementar o seu look do dia a dia. \u00c9 respir\u00e1vel para a pele e f\u00e1cil de limpar, para que possa us\u00e1-lo confortavelmente durante todo o dia.<\/p>\n<p>Al\u00e9m disso, voc\u00ea pode escolher entre<strong>\u00a0mais de 50 designs de mostrador<\/strong>\u00a0para combinar o Smart Band Pro com suas roupas do dia a dia. Encontre todos eles no APP!<\/p>\n<h3>Monitoramento de atividades com mais de 110 modos esportivos<\/h3>\n<p>Saia do sof\u00e1! O Redmi Smart Band Pro mede sua atividade esportiva, motiva e ajuda voc\u00ea a alcan\u00e7ar seus objetivos atrav\u00e9s\u00a0<strong>Mais de 110 modos de treinamento<\/strong>, contando seu\u00a0<strong>passos<\/strong>, calculando queimado\u00a0<strong>calorias<\/strong>, medindo seu\u00a0<strong>frequ\u00eancia card\u00edaca\/zona ativa\u00a0<\/strong>em tempo real e muito mais.<\/p>\n<p>Claro, inclui o<strong>\u00a015 esportes mais aclamados<\/strong>: corrida ao ar livre, corrida indoor, caminhada ao ar livre, ciclismo ao ar livre, montanhismo, escalada, corrida em trilha, ciclismo estacion\u00e1rio, el\u00edptico, remo, pular corda, HIIT, ioga, estilo livre e nata\u00e7\u00e3o.<\/p>\n<h3>Nata\u00e7\u00e3o, resist\u00eancia \u00e0 \u00e1gua de 5 ATM e detec\u00e7\u00e3o autom\u00e1tica de atividade<\/h3>\n<p>Sim!\u00a0<strong>Nata\u00e7\u00e3o<\/strong>. N\u00e3o se esque\u00e7a do seu Xiaomi Smart Band Pro quando for nadar, pois, gra\u00e7as ao seu<strong>\u00a0resist\u00eancia \u00e0 \u00e1gua de at\u00e9 50 metros<\/strong>, ele obt\u00e9m informa\u00e7\u00f5es super precisas mesmo quando voc\u00ea pratica esse esporte. Al\u00e9m disso, o Smart Band Pro ser\u00e1 capaz de detectar e iniciar o\u00a0<strong>grava\u00e7\u00e3o autom\u00e1tica<\/strong>\u00a0de atividades de corrida e caminhada ao ar livre e em esteira.<\/p>\n<h3>Monitoramento din\u00e2mico da frequ\u00eancia card\u00edaca<\/h3>\n<p>\u00c9 hora de come\u00e7ar a cuidar cada vez melhor de voc\u00ea! O Xiaomi Redmi Smart Band Pro monitora seu\u00a0<strong>frequ\u00eancia card\u00edaca\u00a0<\/strong>em tempo real<strong>\u00a0ao longo do dia<\/strong>, fornecendo an\u00e1lises superprecisas em gr\u00e1ficos f\u00e1ceis de ler. Al\u00e9m disso, a pulseira ir\u00e1\u00a0<strong>vibrar para alertar\u00a0<\/strong>voc\u00ea quando sua frequ\u00eancia card\u00edaca est\u00e1 muito alta ou muito baixa.<\/p>\n<p>*Destinado apenas para fins gerais de bem-estar e condicionamento f\u00edsico. N\u00e3o se destina ao uso na detec\u00e7\u00e3o, diagn\u00f3stico ou tratamento de qualquer condi\u00e7\u00e3o m\u00e9dica ou doen\u00e7a. As medi\u00e7\u00f5es s\u00e3o apenas para refer\u00eancia pessoal. Consulte um profissional m\u00e9dico para aconselhamento.<\/p>\n<h3>Monitoramento de sono e SpO2<\/h3>\n<p>A satura\u00e7\u00e3o de oxig\u00eanio no sangue (SpO2) \u00e9 outro indicador importante do estado de sa\u00fade de uma pessoa. \u00c9 por isso que o Redmi Smart Band Pro oferece a tranquilidade que voc\u00ea precisa, medindo seu n\u00edvel de SpO2 durante o sono e manualmente sempre que precisar.<\/p>\n<p>E por falar em sono\u2026 A Xiaomi Redmi Smart Band Pro tamb\u00e9m<strong>\u00a0rastreia seu sono<\/strong>, detectando e analisando de forma abrangente as fases e a dura\u00e7\u00e3o do sono. Siga os conselhos personalizados para melhorar a sua qualidade.<\/p>\n<p>*Destinado apenas para fins gerais de bem-estar e condicionamento f\u00edsico. N\u00e3o se destina ao uso na detec\u00e7\u00e3o, diagn\u00f3stico ou tratamento de qualquer condi\u00e7\u00e3o m\u00e9dica ou doen\u00e7a. As medi\u00e7\u00f5es s\u00e3o apenas para refer\u00eancia pessoal. Consulte um profissional m\u00e9dico para aconselhamento.<\/p>\n<h3>Monitore seus n\u00edveis de estresse e ciclo menstrual<\/h3>\n<p>Mas n\u00e3o para por a\u00ed. O novo rastreador de atividades Xiaomi tamb\u00e9m inclui outros recursos importantes de sa\u00fade, como\u00a0<strong>n\u00edvel de estresse\u00a0<\/strong>medi\u00e7\u00e3o. Quando o valor estiver muito alto, fique \u00e0 vontade para respirar e fazer o guiado\u00a0<strong>exerc\u00edcios de respira\u00e7\u00e3o<\/strong>, o que o ajudar\u00e1 a se acalmar.<\/p>\n<p>O Redmi Smart Band Pro tamb\u00e9m permite acompanhar detalhadamente o seu<strong>\u00a0ciclo menstrual e ovula\u00e7\u00e3o<\/strong>e envia alertas para lembr\u00e1-la dos dias at\u00e9 o vencimento da menstrua\u00e7\u00e3o. Voc\u00ea estar\u00e1 sempre preparado!<\/p>\n<h3>Conectividade Bluetooth e estat\u00edsticas autom\u00e1ticas com o APP<\/h3>\n<p>Conhe\u00e7a o seu corpo melhor do que nunca gra\u00e7as ao<strong>\u00a0Desgaste Xiaomi<\/strong>\u00a0aplicativo. Veja e compare todos os seus registros de treinamento e sa\u00fade emparelhando o Xiaomi Redmi Smart Band Pro com o seu telefone. Sincronizar dados com<strong>\u00a0Strava<\/strong>\u00a0e compartilhe suas conquistas com amigos e familiares.<\/p>\n<h3>Bateria de 200 mAh e at\u00e9 14 dias de uso di\u00e1rio t\u00edpico<\/h3>\n<p>Finalmente, com a sua\u00a0<strong>Bateria de 200mAh<\/strong>, o Redmi Smart Band Pro estar\u00e1 sempre pronto para acompanh\u00e1-lo em suas viagens e acompanhar seu progresso sem ter que carregar o carregador para onde quer que voc\u00ea v\u00e1. Para ser mais preciso, o Xiaomi Smart Band Pro oferece uma bateria com dura\u00e7\u00e3o de\u00a0<strong>at\u00e9 14 dias*<\/strong>\u00a0com uso di\u00e1rio t\u00edpico, e<strong>\u00a0at\u00e9 20 dias*\u00a0<\/strong>com uso b\u00e1sico.<\/p>\n<p>*Os dados da bateria e do carregamento foram obtidos em laborat\u00f3rios internos. Os resultados reais podem variar com base nas diferen\u00e7as na vers\u00e3o do software, no ambiente e nas condi\u00e7\u00f5es de uso, e podem n\u00e3o refletir o produto real.<\/p>\n<h3>Especifica\u00e7\u00f5es t\u00e9cnicas da Xiaomi Redmi Smart Band Pro:<\/h3>\n<ul>\n<li><strong>Par\u00e2metros gerais<\/strong>\n<ul>\n<li>Marca: Xiaomi<\/li>\n<li>Produto: rastreador de atividades<\/li>\n<li>Nome: Xiaomi Redmi Banda Inteligente Pro<\/li>\n<\/ul>\n<\/li>\n<li><strong>Tela<\/strong>\n<ul>\n<li>Tamanho: 1,47\u201d (retangular)<\/li>\n<li>Tipo: AMOLED<\/li>\n<li>Resolu\u00e7\u00e3o: 194x368p<\/li>\n<li>Densidade: 282 ppi<\/li>\n<li>Gama de cores: 100% NTSC<\/li>\n<li>Profundidade de cor: 8 bits<\/li>\n<li>Brilho: 450 nits (m\u00e1x.), ajust\u00e1vel<\/li>\n<\/ul>\n<\/li>\n<li><strong>Par\u00e2metros t\u00e9cnicos<\/strong>\n<ul>\n<li>Processador: Apolo 3.5<\/li>\n<li>Conex\u00e3o: Bluetooth 5.0 BLE<\/li>\n<li>Dispositivos compat\u00edveis: Android 6.0 ou superior, iOS 10.0 ou superior<\/li>\n<li>Aplica\u00e7\u00e3o: Xiaomi Desgaste<\/li>\n<\/ul>\n<\/li>\n<li><strong>Sensores<\/strong>\n<ul>\n<li>Sensor \u00f3ptico PPG<\/li>\n<li>Sensor de luz<\/li>\n<li>Aceler\u00f4metro de 3 eixos<\/li>\n<li>Girosc\u00f3pio de 3 eixos<\/li>\n<\/ul>\n<\/li>\n<li><strong>Fun\u00e7\u00f5es adicionais<\/strong>\n<ul>\n<li>Alertas de chamadas recebidas e notifica\u00e7\u00f5es (via Bluetooth)<\/li>\n<li>Controle remoto de m\u00fasica (via Bluetooth)<\/li>\n<li>Monitoramento de sa\u00fade (sensor de frequ\u00eancia card\u00edaca 24 horas por dia, 7 dias por semana, n\u00edvel de SpO2, an\u00e1lise do sono, n\u00edvel de estresse, controle do ciclo menstrual)<\/li>\n<li>Acompanhamento de atividades di\u00e1rias com +110 modos esportivos (contadores de calorias, passos, dist\u00e2ncia, etc.)<\/li>\n<li>Previs\u00e3o do tempo<\/li>\n<li>Despertar \/ Alarme<\/li>\n<li>Cron\u00f4metro<\/li>\n<li>Encontrar telefone<\/li>\n<li>Exerc\u00edcios de respira\u00e7\u00e3o<\/li>\n<\/ul>\n<\/li>\n<li><strong>Bateria<\/strong>\n<ul>\n<li>Capacidade: 200mAh<\/li>\n<li>Vida \u00fatil da bateria (uso di\u00e1rio t\u00edpico): at\u00e9 14 dias<\/li>\n<li>Vida \u00fatil da bateria (uso b\u00e1sico): at\u00e9 20 dias<\/li>\n<li>M\u00e9todo de carregamento: Magn\u00e9tico<\/li>\n<\/ul>\n<\/li>\n<li><strong>Par\u00e2metros f\u00edsicos<\/strong>\n<ul>\n<li>Material de exibi\u00e7\u00e3o: vidro temperado 2,5D<\/li>\n<li>Material do corpo: Policaprolactona (PCL) + Fibra de vidro refor\u00e7ada<\/li>\n<li>Material da pulseira: Silicone \u2013 Ajust\u00e1vel para pulsos de 130 a 220 mm<\/li>\n<li>Grau de impermeabilidade: 5 ATM<\/li>\n<li>Dimens\u00f5es (sem al\u00e7a): 42,05 x 24,45 x 10,15 mm<\/li>\n<li>Peso (sem al\u00e7a): 15 g<\/li>\n<\/ul>\n<\/li>\n<li><strong>Conte\u00fado do pacote<\/strong>\n<ul>\n<li>1 x Xiaomi Redmi Banda Inteligente Pro<\/li>\n<li>1 x cabo de carregamento<\/li>\n<li>1 x Manual do Usu\u00e1rio<\/li>\n<\/ul>\n<\/li>\n<\/ul>","protected":false},"excerpt":{"rendered":"<ul>\n<li><strong>Par\u00e2metros f\u00edsicos<\/strong>\n<ul>\n<li>Material de exibi\u00e7\u00e3o: vidro temperado 2,5D<\/li>\n<li>Material do corpo: Policaprolactona (PCL) + Fibra de vidro refor\u00e7ada<\/li>\n<li>Material da pulseira: Silicone \u2013 Ajust\u00e1vel para pulsos de 130 a 220 mm<\/li>\n<li>Grau de impermeabilidade: 5 ATM<\/li>\n<li>Dimens\u00f5es (sem al\u00e7a): 42,05 x 24,45 x 10,15 mm<\/li>\n<li>Peso (sem al\u00e7a): 15 g<\/li>\n<\/ul>\n<\/li>\n<\/ul>","protected":false},"featured_media":26034,"template":"","meta":[],"product_brand":[1363],"product_cat":[1307,1305],"product_tag":[],"class_list":{"0":"post-25947","1":"product","2":"type-product","3":"status-publish","4":"has-post-thumbnail","6":"product_brand-xiaomi","7":"product_cat-mi-band-smartwatch","8":"product_cat-xiaomi-eco","10":"first","11":"instock","12":"shipping-taxable","13":"product-type-simple"},"aioseo_notices":[],"aioseo_head":"\n\t\t<!-- All in One SEO Pro 4.5.9.2 - aioseo.com -->\n\t\t<meta name=\"description\" content=\"Physical parameters Display material: 2.5D tempered glass Body material: Polycaprolactone (PCL) + Reinforced fiberglass Strap material: Silicone - Adjustable to wrists from 130 to 220 mm Degree of waterproofness: 5 ATM Dimensions (without strap): 42.05 x 24.45 x 10.15 mm Weight (without strap): 15 g\" \/>\n\t\t<meta name=\"robots\" content=\"max-image-preview:large\" \/>\n\t\t<link rel=\"canonical\" href=\"https:\/\/www.rucashk.com\/pt\/produto\/redmi-smart-band-pro\/\" \/>\n\t\t<meta name=\"generator\" content=\"All in One SEO Pro (AIOSEO) 4.5.9.2\" \/>\n\t\t<meta property=\"og:locale\" content=\"pt_PT\" \/>\n\t\t<meta property=\"og:site_name\" content=\"Rucas - One-stop AIoT Distribution Worldwide\" \/>\n\t\t<meta property=\"og:type\" content=\"article\" \/>\n\t\t<meta property=\"og:title\" content=\"Redmi Smart Band Pro - Rucas - Wholesale and Distribution\" \/>\n\t\t<meta property=\"og:description\" content=\"Physical parameters Display material: 2.5D tempered glass Body material: Polycaprolactone (PCL) + Reinforced fiberglass Strap material: Silicone - Adjustable to wrists from 130 to 220 mm Degree of waterproofness: 5 ATM Dimensions (without strap): 42.05 x 24.45 x 10.15 mm Weight (without strap): 15 g\" \/>\n\t\t<meta property=\"og:url\" content=\"https:\/\/www.rucashk.com\/pt\/produto\/redmi-smart-band-pro\/\" \/>\n\t\t<meta property=\"og:image\" content=\"https:\/\/www.rucashk.com\/wp-content\/uploads\/replace\/503b8e645f128a97ccde2b6290747646.jpeg\" \/>\n\t\t<meta property=\"og:image:secure_url\" content=\"https:\/\/www.rucashk.com\/wp-content\/uploads\/replace\/503b8e645f128a97ccde2b6290747646.jpeg\" \/>\n\t\t<meta property=\"og:image:width\" content=\"1456\" \/>\n\t\t<meta property=\"og:image:height\" content=\"816\" \/>\n\t\t<meta property=\"article:published_time\" content=\"2024-01-09T16:22:57+00:00\" \/>\n\t\t<meta property=\"article:modified_time\" content=\"2025-06-22T06:39:41+00:00\" \/>\n\t\t<meta name=\"twitter:card\" content=\"summary_large_image\" \/>\n\t\t<meta name=\"twitter:title\" content=\"Redmi Smart Band Pro - Rucas - Wholesale and Distribution\" \/>\n\t\t<meta name=\"twitter:description\" content=\"Physical parameters Display material: 2.5D tempered glass Body material: Polycaprolactone (PCL) + Reinforced fiberglass Strap material: Silicone - Adjustable to wrists from 130 to 220 mm Degree of waterproofness: 5 ATM Dimensions (without strap): 42.05 x 24.45 x 10.15 mm Weight (without strap): 15 g\" \/>\n\t\t<meta name=\"twitter:image\" content=\"https:\/\/www.rucashk.com\/wp-content\/uploads\/replace\/503b8e645f128a97ccde2b6290747646.jpeg\" \/>\n\t\t<script type=\"application\/ld+json\" class=\"aioseo-schema\">\n\t\t\t{\"@context\":\"https:\\\/\\\/schema.org\",\"@graph\":[{\"@type\":\"BreadcrumbList\",\"@id\":\"https:\\\/\\\/www.rucashk.com\\\/pt\\\/produto\\\/redmi-smart-band-pro\\\/#breadcrumblist\",\"itemListElement\":[{\"@type\":\"ListItem\",\"@id\":\"https:\\\/\\\/www.rucashk.com\\\/pt\\\/#listItem\",\"position\":1,\"name\":\"Home\",\"item\":\"https:\\\/\\\/www.rucashk.com\\\/pt\\\/\",\"nextItem\":\"https:\\\/\\\/www.rucashk.com\\\/pt\\\/produto\\\/redmi-smart-band-pro\\\/#listItem\"},{\"@type\":\"ListItem\",\"@id\":\"https:\\\/\\\/www.rucashk.com\\\/pt\\\/produto\\\/redmi-smart-band-pro\\\/#listItem\",\"position\":2,\"name\":\"Redmi Smart Band Pro\",\"previousItem\":\"https:\\\/\\\/www.rucashk.com\\\/pt\\\/#listItem\"}]},{\"@type\":\"Organization\",\"@id\":\"https:\\\/\\\/www.rucashk.com\\\/pt\\\/#organization\",\"name\":\"Rucas\",\"url\":\"https:\\\/\\\/www.rucashk.com\\\/pt\\\/\",\"logo\":{\"@type\":\"ImageObject\",\"url\":\"https:\\\/\\\/www.rucashk.com\\\/wp-content\\\/uploads\\\/2023\\\/12\\\/Rucas_campany_logo.png\",\"@id\":\"https:\\\/\\\/www.rucashk.com\\\/pt\\\/produto\\\/redmi-smart-band-pro\\\/#organizationLogo\",\"width\":221,\"height\":65},\"image\":{\"@id\":\"https:\\\/\\\/www.rucashk.com\\\/pt\\\/#organizationLogo\"}},{\"@type\":\"Person\",\"@id\":\"https:\\\/\\\/www.rucashk.com\\\/pt\\\/author\\\/admin\\\/#author\",\"url\":\"https:\\\/\\\/www.rucashk.com\\\/pt\\\/author\\\/admin\\\/\",\"name\":\"admin\",\"image\":{\"@type\":\"ImageObject\",\"@id\":\"https:\\\/\\\/www.rucashk.com\\\/pt\\\/produto\\\/redmi-smart-band-pro\\\/#authorImage\",\"url\":\"https:\\\/\\\/secure.gravatar.com\\\/avatar\\\/b7c8925b09a27e72b30232f8ecaadbd5af0f70a38c78096863fe51b64f031c24?s=96&d=mm&r=g\",\"width\":96,\"height\":96,\"caption\":\"admin\"}},{\"@type\":\"WebPage\",\"@id\":\"https:\\\/\\\/www.rucashk.com\\\/pt\\\/produto\\\/redmi-smart-band-pro\\\/#webpage\",\"url\":\"https:\\\/\\\/www.rucashk.com\\\/pt\\\/produto\\\/redmi-smart-band-pro\\\/\",\"name\":\"Redmi Smart Band Pro - Rucas - Wholesale and Distribution\",\"description\":\"Physical parameters Display material: 2.5D tempered glass Body material: Polycaprolactone (PCL) + Reinforced fiberglass Strap material: Silicone - Adjustable to wrists from 130 to 220 mm Degree of waterproofness: 5 ATM Dimensions (without strap): 42.05 x 24.45 x 10.15 mm Weight (without strap): 15 g\",\"inLanguage\":\"pt-PT\",\"isPartOf\":{\"@id\":\"https:\\\/\\\/www.rucashk.com\\\/pt\\\/#website\"},\"breadcrumb\":{\"@id\":\"https:\\\/\\\/www.rucashk.com\\\/pt\\\/produto\\\/redmi-smart-band-pro\\\/#breadcrumblist\"},\"author\":{\"@id\":\"https:\\\/\\\/www.rucashk.com\\\/pt\\\/author\\\/admin\\\/#author\"},\"creator\":{\"@id\":\"https:\\\/\\\/www.rucashk.com\\\/pt\\\/author\\\/admin\\\/#author\"},\"image\":{\"@type\":\"ImageObject\",\"url\":\"https:\\\/\\\/www.rucashk.com\\\/wp-content\\\/uploads\\\/2024\\\/01\\\/xiaomi_redmi_smart_band_pro_01_l.jpg\",\"@id\":\"https:\\\/\\\/www.rucashk.com\\\/pt\\\/produto\\\/redmi-smart-band-pro\\\/#mainImage\",\"width\":800,\"height\":800},\"primaryImageOfPage\":{\"@id\":\"https:\\\/\\\/www.rucashk.com\\\/pt\\\/produto\\\/redmi-smart-band-pro\\\/#mainImage\"},\"datePublished\":\"2024-01-09T16:22:57+00:00\",\"dateModified\":\"2025-06-22T06:39:41+00:00\"},{\"@type\":\"WebSite\",\"@id\":\"https:\\\/\\\/www.rucashk.com\\\/pt\\\/#website\",\"url\":\"https:\\\/\\\/www.rucashk.com\\\/pt\\\/\",\"name\":\"Rucas - Wholesale and distribution worldwide\",\"alternateName\":\"Rucas - One-stop AIoT Distribution Worldwide\",\"description\":\"One-stop AIoT Distribution Worldwide\",\"inLanguage\":\"pt-PT\",\"publisher\":{\"@id\":\"https:\\\/\\\/www.rucashk.com\\\/pt\\\/#organization\"}}]}\n\t\t<\/script>\n\t\t<!-- All in One SEO Pro -->\r\n\t\t<title>Redmi Smart Band Pro - Rucas - Wholesale and Distribution<\/title>\n\n","aioseo_head_json":{"title":"Redmi Smart Band Pro - Rucas - Wholesale and Distribution","description":"Physical parameters Display material: 2.5D tempered glass Body material: Polycaprolactone (PCL) + Reinforced fiberglass Strap material: Silicone - Adjustable to wrists from 130 to 220 mm Degree of waterproofness: 5 ATM Dimensions (without strap): 42.05 x 24.45 x 10.15 mm Weight (without strap): 15 g","canonical_url":"https:\/\/www.rucashk.com\/pt\/produto\/redmi-smart-band-pro\/","robots":"max-image-preview:large","keywords":"","webmasterTools":{"miscellaneous":""},"og:locale":"pt_PT","og:site_name":"Rucas - One-stop AIoT Distribution Worldwide","og:type":"article","og:title":"Redmi Smart Band Pro - Rucas - Wholesale and Distribution","og:description":"Physical parameters Display material: 2.5D tempered glass Body material: Polycaprolactone (PCL) + Reinforced fiberglass Strap material: Silicone - Adjustable to wrists from 130 to 220 mm Degree of waterproofness: 5 ATM Dimensions (without strap): 42.05 x 24.45 x 10.15 mm Weight (without strap): 15 g","og:url":"https:\/\/www.rucashk.com\/pt\/produto\/redmi-smart-band-pro\/","og:image":"https:\/\/www.rucashk.com\/wp-content\/uploads\/replace\/503b8e645f128a97ccde2b6290747646.jpeg","og:image:secure_url":"https:\/\/www.rucashk.com\/wp-content\/uploads\/replace\/503b8e645f128a97ccde2b6290747646.jpeg","og:image:width":1456,"og:image:height":816,"article:published_time":"2024-01-09T16:22:57+00:00","article:modified_time":"2025-06-22T06:39:41+00:00","twitter:card":"summary_large_image","twitter:title":"Redmi Smart Band Pro - Rucas - Wholesale and Distribution","twitter:description":"Physical parameters Display material: 2.5D tempered glass Body material: Polycaprolactone (PCL) + Reinforced fiberglass Strap material: Silicone - Adjustable to wrists from 130 to 220 mm Degree of waterproofness: 5 ATM Dimensions (without strap): 42.05 x 24.45 x 10.15 mm Weight (without strap): 15 g","twitter:image":"https:\/\/www.rucashk.com\/wp-content\/uploads\/replace\/503b8e645f128a97ccde2b6290747646.jpeg","schema":{"@context":"https:\/\/schema.org","@graph":[{"@type":"BreadcrumbList","@id":"https:\/\/www.rucashk.com\/pt\/produto\/redmi-smart-band-pro\/#breadcrumblist","itemListElement":[{"@type":"ListItem","@id":"https:\/\/www.rucashk.com\/pt\/#listItem","position":1,"name":"Home","item":"https:\/\/www.rucashk.com\/pt\/","nextItem":"https:\/\/www.rucashk.com\/pt\/produto\/redmi-smart-band-pro\/#listItem"},{"@type":"ListItem","@id":"https:\/\/www.rucashk.com\/pt\/produto\/redmi-smart-band-pro\/#listItem","position":2,"name":"Redmi Smart Band Pro","previousItem":"https:\/\/www.rucashk.com\/pt\/#listItem"}]},{"@type":"Organization","@id":"https:\/\/www.rucashk.com\/pt\/#organization","name":"Rucas","url":"https:\/\/www.rucashk.com\/pt\/","logo":{"@type":"ImageObject","url":"https:\/\/www.rucashk.com\/wp-content\/uploads\/2023\/12\/Rucas_campany_logo.png","@id":"https:\/\/www.rucashk.com\/pt\/produto\/redmi-smart-band-pro\/#organizationLogo","width":221,"height":65},"image":{"@id":"https:\/\/www.rucashk.com\/pt\/#organizationLogo"}},{"@type":"Person","@id":"https:\/\/www.rucashk.com\/pt\/author\/admin\/#author","url":"https:\/\/www.rucashk.com\/pt\/author\/admin\/","name":"admin","image":{"@type":"ImageObject","@id":"https:\/\/www.rucashk.com\/pt\/produto\/redmi-smart-band-pro\/#authorImage","url":"https:\/\/secure.gravatar.com\/avatar\/b7c8925b09a27e72b30232f8ecaadbd5af0f70a38c78096863fe51b64f031c24?s=96&d=mm&r=g","width":96,"height":96,"caption":"admin"}},{"@type":"WebPage","@id":"https:\/\/www.rucashk.com\/pt\/produto\/redmi-smart-band-pro\/#webpage","url":"https:\/\/www.rucashk.com\/pt\/produto\/redmi-smart-band-pro\/","name":"Redmi Smart Band Pro - Rucas - Wholesale and Distribution","description":"Physical parameters Display material: 2.5D tempered glass Body material: Polycaprolactone (PCL) + Reinforced fiberglass Strap material: Silicone - Adjustable to wrists from 130 to 220 mm Degree of waterproofness: 5 ATM Dimensions (without strap): 42.05 x 24.45 x 10.15 mm Weight (without strap): 15 g","inLanguage":"pt-PT","isPartOf":{"@id":"https:\/\/www.rucashk.com\/pt\/#website"},"breadcrumb":{"@id":"https:\/\/www.rucashk.com\/pt\/produto\/redmi-smart-band-pro\/#breadcrumblist"},"author":{"@id":"https:\/\/www.rucashk.com\/pt\/author\/admin\/#author"},"creator":{"@id":"https:\/\/www.rucashk.com\/pt\/author\/admin\/#author"},"image":{"@type":"ImageObject","url":"https:\/\/www.rucashk.com\/wp-content\/uploads\/2024\/01\/xiaomi_redmi_smart_band_pro_01_l.jpg","@id":"https:\/\/www.rucashk.com\/pt\/produto\/redmi-smart-band-pro\/#mainImage","width":800,"height":800},"primaryImageOfPage":{"@id":"https:\/\/www.rucashk.com\/pt\/produto\/redmi-smart-band-pro\/#mainImage"},"datePublished":"2024-01-09T16:22:57+00:00","dateModified":"2025-06-22T06:39:41+00:00"},{"@type":"WebSite","@id":"https:\/\/www.rucashk.com\/pt\/#website","url":"https:\/\/www.rucashk.com\/pt\/","name":"Rucas - Wholesale and distribution worldwide","alternateName":"Rucas - One-stop AIoT Distribution Worldwide","description":"One-stop AIoT Distribution Worldwide","inLanguage":"pt-PT","publisher":{"@id":"https:\/\/www.rucashk.com\/pt\/#organization"}}]}},"aioseo_meta_data":{"post_id":"25947","title":null,"description":null,"keywords":null,"keyphrases":null,"primary_term":null,"canonical_url":null,"og_title":null,"og_description":null,"og_object_type":"default","og_image_type":"default","og_image_url":null,"og_image_width":null,"og_image_height":null,"og_image_custom_url":null,"og_image_custom_fields":null,"og_video":null,"og_custom_url":null,"og_article_section":null,"og_article_tags":null,"twitter_use_og":false,"twitter_card":"default","twitter_image_type":"default","twitter_image_url":null,"twitter_image_custom_url":null,"twitter_image_custom_fields":null,"twitter_title":null,"twitter_description":null,"schema":{"blockGraphs":[],"customGraphs":[],"default":{"data":{"Article":[],"Course":[],"Dataset":[],"FAQPage":[],"Movie":[],"Person":[],"Product":[],"Recipe":[],"Service":[],"SoftwareApplication":[],"WebPage":[]},"graphName":"","isEnabled":true},"graphs":[]},"schema_type":"default","schema_type_options":null,"pillar_content":false,"robots_default":true,"robots_noindex":false,"robots_noarchive":false,"robots_nosnippet":false,"robots_nofollow":false,"robots_noimageindex":false,"robots_noodp":false,"robots_notranslate":false,"robots_max_snippet":null,"robots_max_videopreview":null,"robots_max_imagepreview":"large","priority":null,"frequency":null,"local_seo":null,"breadcrumb_settings":null,"limit_modified_date":false,"created":"2024-04-11 01:57:19","updated":"2025-06-22 18:07:06"},"aioseo_breadcrumb":"<div class=\"aioseo-breadcrumbs\"><span class=\"aioseo-breadcrumb\">\n\t<a href=\"https:\/\/www.rucashk.com\/pt\" title=\"Home\">Home<\/a>\n<\/span><span class=\"aioseo-breadcrumb-separator\">&raquo;<\/span><span class=\"aioseo-breadcrumb\">\n\t<a href=\"https:\/\/www.rucashk.com\/pt\/products\/\" title=\"Produtos\">Produtos<\/a>\n<\/span><span class=\"aioseo-breadcrumb-separator\">&raquo;<\/span><span class=\"aioseo-breadcrumb\">\n\t<a href=\"https:\/\/www.rucashk.com\/pt\/marca\/xiaomi\/\" title=\"Xiaomi\">Xiaomi<\/a>\n<\/span><span class=\"aioseo-breadcrumb-separator\">&raquo;<\/span><span class=\"aioseo-breadcrumb\">\n\tRedmi Smart Band Pro\n<\/span><\/div>","aioseo_breadcrumb_json":[{"label":"Home","link":"https:\/\/www.rucashk.com\/pt"},{"label":"Produtos","link":"https:\/\/www.rucashk.com\/pt\/products\/"},{"label":"Xiaomi","link":"https:\/\/www.rucashk.com\/pt\/marca\/xiaomi\/"},{"label":"Redmi Smart Band Pro","link":"https:\/\/www.rucashk.com\/pt\/produto\/redmi-smart-band-pro\/"}],"_links":{"self":[{"href":"https:\/\/www.rucashk.com\/pt\/wp-json\/wp\/v2\/product\/25947","targetHints":{"allow":["GET"]}}],"collection":[{"href":"https:\/\/www.rucashk.com\/pt\/wp-json\/wp\/v2\/product"}],"about":[{"href":"https:\/\/www.rucashk.com\/pt\/wp-json\/wp\/v2\/types\/product"}],"wp:featuredmedia":[{"embeddable":true,"href":"https:\/\/www.rucashk.com\/pt\/wp-json\/wp\/v2\/media\/26034"}],"wp:attachment":[{"href":"https:\/\/www.rucashk.com\/pt\/wp-json\/wp\/v2\/media?parent=25947"}],"wp:term":[{"taxonomy":"product_brand","embeddable":true,"href":"https:\/\/www.rucashk.com\/pt\/wp-json\/wp\/v2\/product_brand?post=25947"},{"taxonomy":"product_cat","embeddable":true,"href":"https:\/\/www.rucashk.com\/pt\/wp-json\/wp\/v2\/product_cat?post=25947"},{"taxonomy":"product_tag","embeddable":true,"href":"https:\/\/www.rucashk.com\/pt\/wp-json\/wp\/v2\/product_tag?post=25947"}],"curies":[{"name":"wp","href":"https:\/\/api.w.org\/{rel}","templated":true}]}}