{"id":25946,"date":"2024-01-09T16:22:57","date_gmt":"2024-01-09T16:22:57","guid":{"rendered":"http:\/\/rucashk.com\/?post_type=product&#038;p=25946"},"modified":"2024-03-13T12:59:27","modified_gmt":"2024-03-13T12:59:27","slug":"dizo-watch-pro-smartwatch","status":"publish","type":"product","link":"https:\/\/www.rucashk.com\/pt\/produto\/dizo-watch-pro-smartwatch\/","title":{"rendered":"Rel\u00f3gio inteligente DIZO Watch Pro"},"content":{"rendered":"<div class=\"_5pFuey\">Especifica\u00e7\u00f5es<\/div>\n<div>\n<div class=\"_1UhVsV\">\n<div class=\"_3k-BhJ\">\n<div class=\"flxcaE\">Em geral<\/div>\n<table class=\"_14cfVK\">\n<tbody>\n<tr class=\"_1s_Smc row\">\n<td class=\"_1hKmbr col col-3-12\">Pacote de vendas<\/td>\n<td class=\"URwL2w col col-9-12\">\n<ul>\n<li class=\"_21lJbe\">DIZO Watch Pro, cabo de carregamento, guia de in\u00edcio r\u00e1pido, cart\u00e3o de garantia<\/li>\n<\/ul>\n<\/td>\n<\/tr>\n<tr class=\"_1s_Smc row\">\n<td class=\"_1hKmbr col col-3-12\">N\u00famero do modelo<\/td>\n<td class=\"URwL2w col col-9-12\">\n<ul>\n<li class=\"_21lJbe\">DW2112<\/li>\n<\/ul>\n<\/td>\n<\/tr>\n<tr class=\"_1s_Smc row\">\n<td class=\"_1hKmbr col col-3-12\">Nome do modelo<\/td>\n<td class=\"URwL2w col col-9-12\">\n<ul>\n<li class=\"_21lJbe\">Assistir profissional<\/li>\n<\/ul>\n<\/td>\n<\/tr>\n<tr class=\"_1s_Smc row\">\n<td class=\"_1hKmbr col col-3-12\">Cor de discagem<\/td>\n<td class=\"URwL2w col col-9-12\">\n<ul>\n<li class=\"_21lJbe\">Preto<\/li>\n<\/ul>\n<\/td>\n<\/tr>\n<tr class=\"_1s_Smc row\">\n<td class=\"_1hKmbr col col-3-12\">Formato do mostrador<\/td>\n<td class=\"URwL2w col col-9-12\">\n<ul>\n<li class=\"_21lJbe\">Quadrado<\/li>\n<\/ul>\n<\/td>\n<\/tr>\n<tr class=\"_1s_Smc row\">\n<td class=\"_1hKmbr col col-3-12\">Cor da pulseira<\/td>\n<td class=\"URwL2w col col-9-12\">\n<ul>\n<li class=\"_21lJbe\">Preto<\/li>\n<\/ul>\n<\/td>\n<\/tr>\n<tr class=\"_1s_Smc row\">\n<td class=\"_1hKmbr col col-3-12\">Material da pulseira<\/td>\n<td class=\"URwL2w col col-9-12\">\n<ul>\n<li class=\"_21lJbe\">Silicone<\/li>\n<\/ul>\n<\/td>\n<\/tr>\n<tr class=\"_1s_Smc row\">\n<td class=\"_1hKmbr col col-3-12\">Tamanho<\/td>\n<td class=\"URwL2w col col-9-12\">\n<ul>\n<li class=\"_21lJbe\">Tamanho Livre<\/li>\n<\/ul>\n<\/td>\n<\/tr>\n<tr class=\"_1s_Smc row\">\n<td class=\"_1hKmbr col col-3-12\">Tela sens\u00edvel ao toque<\/td>\n<td class=\"URwL2w col col-9-12\">\n<ul>\n<li class=\"_21lJbe\">Sim<\/li>\n<\/ul>\n<\/td>\n<\/tr>\n<tr class=\"_1s_Smc row\">\n<td class=\"_1hKmbr col col-3-12\">Resistente \u00e0 \u00e1gua<\/td>\n<td class=\"URwL2w col col-9-12\">\n<ul>\n<li class=\"_21lJbe\">Sim<\/li>\n<\/ul>\n<\/td>\n<\/tr>\n<tr class=\"_1s_Smc row\">\n<td class=\"_1hKmbr col col-3-12\">Profundidade de resist\u00eancia \u00e0 \u00e1gua<\/td>\n<td class=\"URwL2w col col-9-12\">\n<ul>\n<li class=\"_21lJbe\">1,5m<\/li>\n<\/ul>\n<\/td>\n<\/tr>\n<tr class=\"_1s_Smc row\">\n<td class=\"_1hKmbr col col-3-12\">Uso<\/td>\n<td class=\"URwL2w col col-9-12\">\n<ul>\n<li class=\"_21lJbe\">Fitness e atividades ao ar livre<\/li>\n<\/ul>\n<\/td>\n<\/tr>\n<tr class=\"_1s_Smc row\">\n<td class=\"_1hKmbr col col-3-12\">Material de discagem<\/td>\n<td class=\"URwL2w col col-9-12\">\n<ul>\n<li class=\"_21lJbe\">Policarbonato<\/li>\n<\/ul>\n<\/td>\n<\/tr>\n<tr class=\"_1s_Smc row\">\n<td class=\"_1hKmbr col col-3-12\">Ideal para<\/td>\n<td class=\"URwL2w col col-9-12\">\n<ul>\n<li class=\"_21lJbe\">Homens e Mulheres<\/li>\n<\/ul>\n<\/td>\n<\/tr>\n<\/tbody>\n<\/table>\n<\/div>\n<div class=\"_3k-BhJ\">\n<div class=\"flxcaE\">Detalhes do produto<\/div>\n<table class=\"_14cfVK\">\n<tbody>\n<tr class=\"_1s_Smc row\">\n<td class=\"_1hKmbr col col-3-12\">Fecho<\/td>\n<td class=\"URwL2w col col-9-12\">\n<ul>\n<li class=\"_21lJbe\">Fivela de al\u00e7a<\/li>\n<\/ul>\n<\/td>\n<\/tr>\n<tr class=\"_1s_Smc row\">\n<td class=\"_1hKmbr col col-3-12\">Sensor<\/td>\n<td class=\"URwL2w col col-9-12\">\n<ul>\n<li class=\"_21lJbe\">Aceler\u00f4metro de 3 eixos, sensor \u00f3ptico de frequ\u00eancia card\u00edaca, SpO2 (n\u00edvel de satura\u00e7\u00e3o de oxig\u00eanio no sangue)<\/li>\n<\/ul>\n<\/td>\n<\/tr>\n<tr class=\"_1s_Smc row\">\n<td class=\"_1hKmbr col col-3-12\">Dispositivo compat\u00edvel<\/td>\n<td class=\"URwL2w col col-9-12\">\n<ul>\n<li class=\"_21lJbe\">Android e iOS<\/li>\n<\/ul>\n<\/td>\n<\/tr>\n<tr class=\"_1s_Smc row\">\n<td class=\"_1hKmbr col col-3-12\">Notifica\u00e7\u00e3o<\/td>\n<td class=\"URwL2w col col-9-12\">\n<ul>\n<li class=\"_21lJbe\">Notifica\u00e7\u00f5es de aplicativos, notifica\u00e7\u00f5es de chamadas, alarme, lembrete de sedentarismo<\/li>\n<\/ul>\n<\/td>\n<\/tr>\n<tr class=\"_1s_Smc row\">\n<td class=\"_1hKmbr col col-3-12\">Tipo de notifica\u00e7\u00e3o<\/td>\n<td class=\"URwL2w col col-9-12\">\n<ul>\n<li class=\"_21lJbe\">Vibra\u00e7\u00e3o<\/li>\n<\/ul>\n<\/td>\n<\/tr>\n<tr class=\"_1s_Smc row\">\n<td class=\"_1hKmbr col col-3-12\">Tipo de Bateria<\/td>\n<td class=\"URwL2w col col-9-12\">\n<ul>\n<li class=\"_21lJbe\">\u00cdon de l\u00edtio<\/li>\n<\/ul>\n<\/td>\n<\/tr>\n<tr class=\"_1s_Smc row\">\n<td class=\"_1hKmbr col col-3-12\">Hora de carregar<\/td>\n<td class=\"URwL2w col col-9-12\">\n<ul>\n<li class=\"_21lJbe\">120 minutos<\/li>\n<\/ul>\n<\/td>\n<\/tr>\n<tr class=\"_1s_Smc row\">\n<td class=\"_1hKmbr col col-3-12\">Vida \u00fatil da bateria<\/td>\n<td class=\"URwL2w col col-9-12\">\n<ul>\n<li class=\"_21lJbe\">At\u00e9 14 dias (com base no uso)<\/li>\n<\/ul>\n<\/td>\n<\/tr>\n<tr class=\"_1s_Smc row\">\n<td class=\"_1hKmbr col col-3-12\">Bateria recarreg\u00e1vel<\/td>\n<td class=\"URwL2w col col-9-12\">\n<ul>\n<li class=\"_21lJbe\">Sim<\/li>\n<\/ul>\n<\/td>\n<\/tr>\n<tr class=\"_1s_Smc row\">\n<td class=\"_1hKmbr col col-3-12\">Tipo de carregador<\/td>\n<td class=\"URwL2w col col-9-12\">\n<ul>\n<li class=\"_21lJbe\">Carregamento por suc\u00e7\u00e3o magn\u00e9tica<\/li>\n<\/ul>\n<\/td>\n<\/tr>\n<tr class=\"_1s_Smc row\">\n<td class=\"_1hKmbr col col-3-12\">Tempo de espera<\/td>\n<td class=\"URwL2w col col-9-12\">\n<ul>\n<li class=\"_21lJbe\">30 horas<\/li>\n<\/ul>\n<\/td>\n<\/tr>\n<tr class=\"_1s_Smc row\">\n<td class=\"_1hKmbr col col-3-12\">Outras caracter\u00edsticas<\/td>\n<td class=\"URwL2w col col-9-12\">\n<ul>\n<li class=\"_21lJbe\">Mais de 90 modos esportivos, controle inteligente de IoT<\/li>\n<\/ul>\n<\/td>\n<\/tr>\n<\/tbody>\n<\/table>\n<\/div>\n<div class=\"_3k-BhJ\">\n<div class=\"flxcaE\">Recursos de conectividade<\/div>\n<table class=\"_14cfVK\">\n<tbody>\n<tr class=\"_1s_Smc row\">\n<td class=\"_1hKmbr col col-3-12\">Fun\u00e7\u00e3o de chamada<\/td>\n<td class=\"URwL2w col col-9-12\">\n<ul>\n<li class=\"_21lJbe\">N\u00e3o<\/li>\n<\/ul>\n<\/td>\n<\/tr>\n<tr class=\"_1s_Smc row\">\n<td class=\"_1hKmbr col col-3-12\">Bluetooth<\/td>\n<td class=\"URwL2w col col-9-12\">\n<ul>\n<li class=\"_21lJbe\">Sim<\/li>\n<\/ul>\n<\/td>\n<\/tr>\n<tr class=\"_1s_Smc row\">\n<td class=\"_1hKmbr col col-3-12\">Wi-fi<\/td>\n<td class=\"URwL2w col col-9-12\">\n<ul>\n<li class=\"_21lJbe\">N\u00e3o<\/li>\n<\/ul>\n<\/td>\n<\/tr>\n<tr class=\"_1s_Smc row\">\n<td class=\"_1hKmbr col col-3-12\">GPS<\/td>\n<td class=\"URwL2w col col-9-12\">\n<ul>\n<li class=\"_21lJbe\">Sim<\/li>\n<\/ul>\n<\/td>\n<\/tr>\n<tr class=\"_1s_Smc row\">\n<td class=\"_1hKmbr col col-3-12\">Suporte de mensagens<\/td>\n<td class=\"URwL2w col col-9-12\">\n<ul>\n<li class=\"_21lJbe\">Sim<\/li>\n<\/ul>\n<\/td>\n<\/tr>\n<tr class=\"_1s_Smc row\">\n<td class=\"_1hKmbr col col-3-12\">Vers\u00e3o Bluetooth<\/td>\n<td class=\"URwL2w col col-9-12\">\n<ul>\n<li class=\"_21lJbe\">v5.0<\/li>\n<\/ul>\n<\/td>\n<\/tr>\n<tr class=\"_1s_Smc row\">\n<td class=\"_1hKmbr col col-3-12\">Suporte por e-mail<\/td>\n<td class=\"URwL2w col col-9-12\">\n<ul>\n<li class=\"_21lJbe\">N\u00e3o<\/li>\n<\/ul>\n<\/td>\n<\/tr>\n<tr class=\"_1s_Smc row\">\n<td class=\"_1hKmbr col col-3-12\">Faixa de opera\u00e7\u00e3o<\/td>\n<td class=\"URwL2w col col-9-12\">\n<ul>\n<li class=\"_21lJbe\">10 metros<\/li>\n<\/ul>\n<\/td>\n<\/tr>\n<tr class=\"_1s_Smc row\">\n<td class=\"_1hKmbr col col-3-12\">Recursos de chamada<\/td>\n<td class=\"URwL2w col col-9-12\">\n<ul>\n<li class=\"_21lJbe\">Silenciar e rejeitar chamadas<\/li>\n<\/ul>\n<\/td>\n<\/tr>\n<\/tbody>\n<\/table>\n<\/div>\n<\/div>\n<\/div>","protected":false},"excerpt":{"rendered":"<p><strong>Especifica\u00e7\u00f5es do DIZO Watch Pro:<\/strong><\/p>\n<p>As especifica\u00e7\u00f5es do DIZO Watch Pro incluem uma tela sens\u00edvel ao toque colorida de 1,75 polegadas e classifica\u00e7\u00e3o de resist\u00eancia \u00e0 \u00e1gua IP68. Os recursos do DIZO Watch Pro incluem rastreamento de frequ\u00eancia card\u00edaca 24 horas por dia, 7 dias por semana, monitor de SpO2, GPS integrado, 90 modos esportivos e bateria com dura\u00e7\u00e3o estimada de 14 dias com uma unidade de 315mAh.<\/p>","protected":false},"featured_media":26033,"template":"","meta":[],"product_brand":[],"product_cat":[1341,1305],"product_tag":[],"class_list":{"0":"post-25946","1":"product","2":"type-product","3":"status-publish","4":"has-post-thumbnail","6":"product_cat-others","7":"product_cat-xiaomi-eco","9":"first","10":"instock","11":"shipping-taxable","12":"product-type-simple"},"aioseo_notices":[],"aioseo_head":"\n\t\t<!-- All in One SEO Pro 4.5.9.2 - aioseo.com -->\n\t\t<meta name=\"description\" content=\"DIZO Watch Pro Specifications: DIZO Watch Pro specs include a 1.75-inch colour touch screen, and IP68 water resistance rating. DIZO Watch Pro features include 24\/7 heart-rate tracking, SpO2 monitor, in-built GPS, 90 sports modes and a claimed 14-day battery life with a 315mAh unit.\" \/>\n\t\t<meta name=\"robots\" content=\"max-image-preview:large\" \/>\n\t\t<link rel=\"canonical\" href=\"https:\/\/www.rucashk.com\/pt\/produto\/dizo-watch-pro-smartwatch\/\" \/>\n\t\t<meta name=\"generator\" content=\"All in One SEO Pro (AIOSEO) 4.5.9.2\" \/>\n\t\t<meta property=\"og:locale\" content=\"pt_PT\" \/>\n\t\t<meta property=\"og:site_name\" content=\"Rucas - One-stop AIoT Distribution Worldwide\" \/>\n\t\t<meta property=\"og:type\" content=\"article\" \/>\n\t\t<meta property=\"og:title\" content=\"DIZO Watch Pro smartwatch - Rucas - Wholesale and Distribution\" \/>\n\t\t<meta property=\"og:description\" content=\"DIZO Watch Pro Specifications: DIZO Watch Pro specs include a 1.75-inch colour touch screen, and IP68 water resistance rating. DIZO Watch Pro features include 24\/7 heart-rate tracking, SpO2 monitor, in-built GPS, 90 sports modes and a claimed 14-day battery life with a 315mAh unit.\" \/>\n\t\t<meta property=\"og:url\" content=\"https:\/\/www.rucashk.com\/pt\/produto\/dizo-watch-pro-smartwatch\/\" \/>\n\t\t<meta property=\"og:image\" content=\"https:\/\/www.rucashk.com\/wp-content\/uploads\/replace\/503b8e645f128a97ccde2b6290747646.jpeg\" \/>\n\t\t<meta property=\"og:image:secure_url\" content=\"https:\/\/www.rucashk.com\/wp-content\/uploads\/replace\/503b8e645f128a97ccde2b6290747646.jpeg\" \/>\n\t\t<meta property=\"og:image:width\" content=\"1456\" \/>\n\t\t<meta property=\"og:image:height\" content=\"816\" \/>\n\t\t<meta property=\"article:published_time\" content=\"2024-01-09T16:22:57+00:00\" \/>\n\t\t<meta property=\"article:modified_time\" content=\"2024-03-13T12:59:27+00:00\" \/>\n\t\t<meta name=\"twitter:card\" content=\"summary_large_image\" \/>\n\t\t<meta name=\"twitter:title\" content=\"DIZO Watch Pro smartwatch - Rucas - Wholesale and Distribution\" \/>\n\t\t<meta name=\"twitter:description\" content=\"DIZO Watch Pro Specifications: DIZO Watch Pro specs include a 1.75-inch colour touch screen, and IP68 water resistance rating. DIZO Watch Pro features include 24\/7 heart-rate tracking, SpO2 monitor, in-built GPS, 90 sports modes and a claimed 14-day battery life with a 315mAh unit.\" \/>\n\t\t<meta name=\"twitter:image\" content=\"https:\/\/www.rucashk.com\/wp-content\/uploads\/replace\/503b8e645f128a97ccde2b6290747646.jpeg\" \/>\n\t\t<script type=\"application\/ld+json\" class=\"aioseo-schema\">\n\t\t\t{\"@context\":\"https:\\\/\\\/schema.org\",\"@graph\":[{\"@type\":\"BreadcrumbList\",\"@id\":\"https:\\\/\\\/www.rucashk.com\\\/pt\\\/produto\\\/dizo-watch-pro-smartwatch\\\/#breadcrumblist\",\"itemListElement\":[{\"@type\":\"ListItem\",\"@id\":\"https:\\\/\\\/www.rucashk.com\\\/pt\\\/#listItem\",\"position\":1,\"name\":\"Home\",\"item\":\"https:\\\/\\\/www.rucashk.com\\\/pt\\\/\",\"nextItem\":\"https:\\\/\\\/www.rucashk.com\\\/pt\\\/produto\\\/dizo-watch-pro-smartwatch\\\/#listItem\"},{\"@type\":\"ListItem\",\"@id\":\"https:\\\/\\\/www.rucashk.com\\\/pt\\\/produto\\\/dizo-watch-pro-smartwatch\\\/#listItem\",\"position\":2,\"name\":\"DIZO Watch Pro smartwatch\",\"previousItem\":\"https:\\\/\\\/www.rucashk.com\\\/pt\\\/#listItem\"}]},{\"@type\":\"Organization\",\"@id\":\"https:\\\/\\\/www.rucashk.com\\\/pt\\\/#organization\",\"name\":\"Rucas\",\"url\":\"https:\\\/\\\/www.rucashk.com\\\/pt\\\/\",\"logo\":{\"@type\":\"ImageObject\",\"url\":\"https:\\\/\\\/www.rucashk.com\\\/wp-content\\\/uploads\\\/2023\\\/12\\\/Rucas_campany_logo.png\",\"@id\":\"https:\\\/\\\/www.rucashk.com\\\/pt\\\/produto\\\/dizo-watch-pro-smartwatch\\\/#organizationLogo\",\"width\":221,\"height\":65},\"image\":{\"@id\":\"https:\\\/\\\/www.rucashk.com\\\/pt\\\/#organizationLogo\"}},{\"@type\":\"Person\",\"@id\":\"https:\\\/\\\/www.rucashk.com\\\/pt\\\/author\\\/admin\\\/#author\",\"url\":\"https:\\\/\\\/www.rucashk.com\\\/pt\\\/author\\\/admin\\\/\",\"name\":\"admin\",\"image\":{\"@type\":\"ImageObject\",\"@id\":\"https:\\\/\\\/www.rucashk.com\\\/pt\\\/produto\\\/dizo-watch-pro-smartwatch\\\/#authorImage\",\"url\":\"https:\\\/\\\/secure.gravatar.com\\\/avatar\\\/b7c8925b09a27e72b30232f8ecaadbd5af0f70a38c78096863fe51b64f031c24?s=96&d=mm&r=g\",\"width\":96,\"height\":96,\"caption\":\"admin\"}},{\"@type\":\"WebPage\",\"@id\":\"https:\\\/\\\/www.rucashk.com\\\/pt\\\/produto\\\/dizo-watch-pro-smartwatch\\\/#webpage\",\"url\":\"https:\\\/\\\/www.rucashk.com\\\/pt\\\/produto\\\/dizo-watch-pro-smartwatch\\\/\",\"name\":\"DIZO Watch Pro smartwatch - Rucas - Wholesale and Distribution\",\"description\":\"DIZO Watch Pro Specifications: DIZO Watch Pro specs include a 1.75-inch colour touch screen, and IP68 water resistance rating. DIZO Watch Pro features include 24\\\/7 heart-rate tracking, SpO2 monitor, in-built GPS, 90 sports modes and a claimed 14-day battery life with a 315mAh unit.\",\"inLanguage\":\"pt-PT\",\"isPartOf\":{\"@id\":\"https:\\\/\\\/www.rucashk.com\\\/pt\\\/#website\"},\"breadcrumb\":{\"@id\":\"https:\\\/\\\/www.rucashk.com\\\/pt\\\/produto\\\/dizo-watch-pro-smartwatch\\\/#breadcrumblist\"},\"author\":{\"@id\":\"https:\\\/\\\/www.rucashk.com\\\/pt\\\/author\\\/admin\\\/#author\"},\"creator\":{\"@id\":\"https:\\\/\\\/www.rucashk.com\\\/pt\\\/author\\\/admin\\\/#author\"},\"image\":{\"@type\":\"ImageObject\",\"url\":\"https:\\\/\\\/www.rucashk.com\\\/wp-content\\\/uploads\\\/2024\\\/01\\\/android-ios-dw2112-dizo-no-original-imag6ge8qufjpced.jpeg\",\"@id\":\"https:\\\/\\\/www.rucashk.com\\\/pt\\\/produto\\\/dizo-watch-pro-smartwatch\\\/#mainImage\",\"width\":416,\"height\":416},\"primaryImageOfPage\":{\"@id\":\"https:\\\/\\\/www.rucashk.com\\\/pt\\\/produto\\\/dizo-watch-pro-smartwatch\\\/#mainImage\"},\"datePublished\":\"2024-01-09T16:22:57+00:00\",\"dateModified\":\"2024-03-13T12:59:27+00:00\"},{\"@type\":\"WebSite\",\"@id\":\"https:\\\/\\\/www.rucashk.com\\\/pt\\\/#website\",\"url\":\"https:\\\/\\\/www.rucashk.com\\\/pt\\\/\",\"name\":\"Rucas - Wholesale and distribution worldwide\",\"alternateName\":\"Rucas - One-stop AIoT Distribution Worldwide\",\"description\":\"One-stop AIoT Distribution Worldwide\",\"inLanguage\":\"pt-PT\",\"publisher\":{\"@id\":\"https:\\\/\\\/www.rucashk.com\\\/pt\\\/#organization\"}}]}\n\t\t<\/script>\n\t\t<!-- All in One SEO Pro -->\r\n\t\t<title>DIZO Watch Pro smartwatch - Rucas - Wholesale and Distribution<\/title>\n\n","aioseo_head_json":{"title":"DIZO Watch Pro smartwatch - Rucas - Wholesale and Distribution","description":"DIZO Watch Pro Specifications: DIZO Watch Pro specs include a 1.75-inch colour touch screen, and IP68 water resistance rating. DIZO Watch Pro features include 24\/7 heart-rate tracking, SpO2 monitor, in-built GPS, 90 sports modes and a claimed 14-day battery life with a 315mAh unit.","canonical_url":"https:\/\/www.rucashk.com\/pt\/produto\/dizo-watch-pro-smartwatch\/","robots":"max-image-preview:large","keywords":"","webmasterTools":{"miscellaneous":""},"og:locale":"pt_PT","og:site_name":"Rucas - One-stop AIoT Distribution Worldwide","og:type":"article","og:title":"DIZO Watch Pro smartwatch - Rucas - Wholesale and Distribution","og:description":"DIZO Watch Pro Specifications: DIZO Watch Pro specs include a 1.75-inch colour touch screen, and IP68 water resistance rating. DIZO Watch Pro features include 24\/7 heart-rate tracking, SpO2 monitor, in-built GPS, 90 sports modes and a claimed 14-day battery life with a 315mAh unit.","og:url":"https:\/\/www.rucashk.com\/pt\/produto\/dizo-watch-pro-smartwatch\/","og:image":"https:\/\/www.rucashk.com\/wp-content\/uploads\/replace\/503b8e645f128a97ccde2b6290747646.jpeg","og:image:secure_url":"https:\/\/www.rucashk.com\/wp-content\/uploads\/replace\/503b8e645f128a97ccde2b6290747646.jpeg","og:image:width":1456,"og:image:height":816,"article:published_time":"2024-01-09T16:22:57+00:00","article:modified_time":"2024-03-13T12:59:27+00:00","twitter:card":"summary_large_image","twitter:title":"DIZO Watch Pro smartwatch - Rucas - Wholesale and Distribution","twitter:description":"DIZO Watch Pro Specifications: DIZO Watch Pro specs include a 1.75-inch colour touch screen, and IP68 water resistance rating. DIZO Watch Pro features include 24\/7 heart-rate tracking, SpO2 monitor, in-built GPS, 90 sports modes and a claimed 14-day battery life with a 315mAh unit.","twitter:image":"https:\/\/www.rucashk.com\/wp-content\/uploads\/replace\/503b8e645f128a97ccde2b6290747646.jpeg","schema":{"@context":"https:\/\/schema.org","@graph":[{"@type":"BreadcrumbList","@id":"https:\/\/www.rucashk.com\/pt\/produto\/dizo-watch-pro-smartwatch\/#breadcrumblist","itemListElement":[{"@type":"ListItem","@id":"https:\/\/www.rucashk.com\/pt\/#listItem","position":1,"name":"Home","item":"https:\/\/www.rucashk.com\/pt\/","nextItem":"https:\/\/www.rucashk.com\/pt\/produto\/dizo-watch-pro-smartwatch\/#listItem"},{"@type":"ListItem","@id":"https:\/\/www.rucashk.com\/pt\/produto\/dizo-watch-pro-smartwatch\/#listItem","position":2,"name":"DIZO Watch Pro smartwatch","previousItem":"https:\/\/www.rucashk.com\/pt\/#listItem"}]},{"@type":"Organization","@id":"https:\/\/www.rucashk.com\/pt\/#organization","name":"Rucas","url":"https:\/\/www.rucashk.com\/pt\/","logo":{"@type":"ImageObject","url":"https:\/\/www.rucashk.com\/wp-content\/uploads\/2023\/12\/Rucas_campany_logo.png","@id":"https:\/\/www.rucashk.com\/pt\/produto\/dizo-watch-pro-smartwatch\/#organizationLogo","width":221,"height":65},"image":{"@id":"https:\/\/www.rucashk.com\/pt\/#organizationLogo"}},{"@type":"Person","@id":"https:\/\/www.rucashk.com\/pt\/author\/admin\/#author","url":"https:\/\/www.rucashk.com\/pt\/author\/admin\/","name":"admin","image":{"@type":"ImageObject","@id":"https:\/\/www.rucashk.com\/pt\/produto\/dizo-watch-pro-smartwatch\/#authorImage","url":"https:\/\/secure.gravatar.com\/avatar\/b7c8925b09a27e72b30232f8ecaadbd5af0f70a38c78096863fe51b64f031c24?s=96&d=mm&r=g","width":96,"height":96,"caption":"admin"}},{"@type":"WebPage","@id":"https:\/\/www.rucashk.com\/pt\/produto\/dizo-watch-pro-smartwatch\/#webpage","url":"https:\/\/www.rucashk.com\/pt\/produto\/dizo-watch-pro-smartwatch\/","name":"DIZO Watch Pro smartwatch - Rucas - Wholesale and Distribution","description":"DIZO Watch Pro Specifications: DIZO Watch Pro specs include a 1.75-inch colour touch screen, and IP68 water resistance rating. DIZO Watch Pro features include 24\/7 heart-rate tracking, SpO2 monitor, in-built GPS, 90 sports modes and a claimed 14-day battery life with a 315mAh unit.","inLanguage":"pt-PT","isPartOf":{"@id":"https:\/\/www.rucashk.com\/pt\/#website"},"breadcrumb":{"@id":"https:\/\/www.rucashk.com\/pt\/produto\/dizo-watch-pro-smartwatch\/#breadcrumblist"},"author":{"@id":"https:\/\/www.rucashk.com\/pt\/author\/admin\/#author"},"creator":{"@id":"https:\/\/www.rucashk.com\/pt\/author\/admin\/#author"},"image":{"@type":"ImageObject","url":"https:\/\/www.rucashk.com\/wp-content\/uploads\/2024\/01\/android-ios-dw2112-dizo-no-original-imag6ge8qufjpced.jpeg","@id":"https:\/\/www.rucashk.com\/pt\/produto\/dizo-watch-pro-smartwatch\/#mainImage","width":416,"height":416},"primaryImageOfPage":{"@id":"https:\/\/www.rucashk.com\/pt\/produto\/dizo-watch-pro-smartwatch\/#mainImage"},"datePublished":"2024-01-09T16:22:57+00:00","dateModified":"2024-03-13T12:59:27+00:00"},{"@type":"WebSite","@id":"https:\/\/www.rucashk.com\/pt\/#website","url":"https:\/\/www.rucashk.com\/pt\/","name":"Rucas - Wholesale and distribution worldwide","alternateName":"Rucas - One-stop AIoT Distribution Worldwide","description":"One-stop AIoT Distribution Worldwide","inLanguage":"pt-PT","publisher":{"@id":"https:\/\/www.rucashk.com\/pt\/#organization"}}]}},"aioseo_meta_data":{"post_id":"25946","title":null,"description":null,"keywords":null,"keyphrases":null,"primary_term":null,"canonical_url":null,"og_title":null,"og_description":null,"og_object_type":"default","og_image_type":"default","og_image_url":null,"og_image_width":null,"og_image_height":null,"og_image_custom_url":null,"og_image_custom_fields":null,"og_video":null,"og_custom_url":null,"og_article_section":null,"og_article_tags":null,"twitter_use_og":false,"twitter_card":"default","twitter_image_type":"default","twitter_image_url":null,"twitter_image_custom_url":null,"twitter_image_custom_fields":null,"twitter_title":null,"twitter_description":null,"schema":{"blockGraphs":[],"customGraphs":[],"default":{"data":{"Article":[],"Course":[],"Dataset":[],"FAQPage":[],"Movie":[],"Person":[],"Product":[],"Recipe":[],"Service":[],"SoftwareApplication":[],"WebPage":[]},"graphName":"","isEnabled":true},"graphs":[]},"schema_type":"default","schema_type_options":null,"pillar_content":false,"robots_default":true,"robots_noindex":false,"robots_noarchive":false,"robots_nosnippet":false,"robots_nofollow":false,"robots_noimageindex":false,"robots_noodp":false,"robots_notranslate":false,"robots_max_snippet":null,"robots_max_videopreview":null,"robots_max_imagepreview":"large","priority":null,"frequency":null,"local_seo":null,"breadcrumb_settings":null,"limit_modified_date":false,"created":"2024-04-11 01:57:19","updated":"2025-06-22 18:07:06"},"aioseo_breadcrumb":"<div class=\"aioseo-breadcrumbs\"><span class=\"aioseo-breadcrumb\">\n\t<a href=\"https:\/\/www.rucashk.com\/pt\" title=\"Home\">Home<\/a>\n<\/span><span class=\"aioseo-breadcrumb-separator\">&raquo;<\/span><span class=\"aioseo-breadcrumb\">\n\t<a href=\"https:\/\/www.rucashk.com\/pt\/products\/\" title=\"Produtos\">Produtos<\/a>\n<\/span><span class=\"aioseo-breadcrumb-separator\">&raquo;<\/span><span class=\"aioseo-breadcrumb\">\n\t<a href=\"https:\/\/www.rucashk.com\/pt\/categoria-produto\/xiaomi-eco\/\" title=\"Xiaomi Eco\">Xiaomi Eco<\/a>\n<\/span><span class=\"aioseo-breadcrumb-separator\">&raquo;<\/span><span class=\"aioseo-breadcrumb\">\n\t<a href=\"https:\/\/www.rucashk.com\/pt\/categoria-produto\/xiaomi-eco\/others\/\" title=\"Others\">Others<\/a>\n<\/span><span class=\"aioseo-breadcrumb-separator\">&raquo;<\/span><span class=\"aioseo-breadcrumb\">\n\tDIZO Watch Pro smartwatch\n<\/span><\/div>","aioseo_breadcrumb_json":[{"label":"Home","link":"https:\/\/www.rucashk.com\/pt"},{"label":"Produtos","link":"https:\/\/www.rucashk.com\/pt\/products\/"},{"label":"Xiaomi Eco","link":"https:\/\/www.rucashk.com\/pt\/categoria-produto\/xiaomi-eco\/"},{"label":"Others","link":"https:\/\/www.rucashk.com\/pt\/categoria-produto\/xiaomi-eco\/others\/"},{"label":"DIZO Watch Pro smartwatch","link":"https:\/\/www.rucashk.com\/pt\/produto\/dizo-watch-pro-smartwatch\/"}],"_links":{"self":[{"href":"https:\/\/www.rucashk.com\/pt\/wp-json\/wp\/v2\/product\/25946","targetHints":{"allow":["GET"]}}],"collection":[{"href":"https:\/\/www.rucashk.com\/pt\/wp-json\/wp\/v2\/product"}],"about":[{"href":"https:\/\/www.rucashk.com\/pt\/wp-json\/wp\/v2\/types\/product"}],"wp:featuredmedia":[{"embeddable":true,"href":"https:\/\/www.rucashk.com\/pt\/wp-json\/wp\/v2\/media\/26033"}],"wp:attachment":[{"href":"https:\/\/www.rucashk.com\/pt\/wp-json\/wp\/v2\/media?parent=25946"}],"wp:term":[{"taxonomy":"product_brand","embeddable":true,"href":"https:\/\/www.rucashk.com\/pt\/wp-json\/wp\/v2\/product_brand?post=25946"},{"taxonomy":"product_cat","embeddable":true,"href":"https:\/\/www.rucashk.com\/pt\/wp-json\/wp\/v2\/product_cat?post=25946"},{"taxonomy":"product_tag","embeddable":true,"href":"https:\/\/www.rucashk.com\/pt\/wp-json\/wp\/v2\/product_tag?post=25946"}],"curies":[{"name":"wp","href":"https:\/\/api.w.org\/{rel}","templated":true}]}}