{"id":25942,"date":"2024-01-09T16:22:57","date_gmt":"2024-01-09T16:22:57","guid":{"rendered":"http:\/\/rucashk.com\/?post_type=product&#038;p=25942"},"modified":"2024-03-12T08:06:30","modified_gmt":"2024-03-12T08:06:30","slug":"oclean-f1-travel-suit-electric-toothbrush-wholesale","status":"publish","type":"product","link":"https:\/\/www.rucashk.com\/pt\/produto\/oclean-f1-travel-suit-electric-toothbrush-wholesale\/","title":{"rendered":"Oclean F1 terno de viagem escova de dentes el\u00e9trica atacado"},"content":{"rendered":"<div class=\"instore-info-container\" data-spm-anchor-id=\"a2g0o.detail.0.i7.517851ebhMFNoy\">\n<div class=\"instore-info-rcmds\">\n<div class=\"simple-card-container\"><\/div>\n<\/div>\n<\/div>\n<div class=\"product-detail-tab\">\n<div class=\"detail-extend-tab\">\n<div class=\"detail-tab-bar\">\n<div class=\"tab-inner\"><img fetchpriority=\"high\" decoding=\"async\" class=\"aligncenter\" src=\"\/wp-content\/uploads\/replace\/5b2596504df9274fd4187a55efdb3fec.jpeg\" alt=\"Oclean F1 travel Suit  Electric Toothbrush wholesale\" width=\"900\" height=\"514\" \/><img decoding=\"async\" class=\"aligncenter\" src=\"\/wp-content\/uploads\/replace\/9f4336261364ea252a0281c3c42df0c5.jpeg\" alt=\"Oclean F1 travel Suit  Electric Toothbrush wholesale\" width=\"900\" height=\"514\" \/><img decoding=\"async\" class=\"aligncenter\" src=\"\/wp-content\/uploads\/replace\/97ec2e727bff59108fa8d8da8f9d278c.jpeg\" alt=\"Oclean F1 travel Suit  Electric Toothbrush wholesale\" width=\"900\" height=\"514\" \/><img loading=\"lazy\" decoding=\"async\" class=\"aligncenter\" src=\"\/wp-content\/uploads\/replace\/d0acf6fdae8ce8c7de4f35233e9967e0.jpeg\" alt=\"Oclean F1 travel Suit  Electric Toothbrush wholesale\" width=\"900\" height=\"514\" \/><img loading=\"lazy\" decoding=\"async\" class=\"aligncenter\" src=\"\/wp-content\/uploads\/replace\/a59176e4c8b7d59af340a36695898eda.jpeg\" alt=\"Oclean F1 travel Suit  Electric Toothbrush wholesale\" width=\"900\" height=\"514\" \/><img loading=\"lazy\" decoding=\"async\" class=\"aligncenter\" src=\"\/wp-content\/uploads\/replace\/0e2ca53624914f3472063a438f6f6976.jpeg\" alt=\"Oclean F1 travel Suit  Electric Toothbrush wholesale\" width=\"900\" height=\"514\" \/><img loading=\"lazy\" decoding=\"async\" class=\"aligncenter\" src=\"\/wp-content\/uploads\/replace\/a2c7ab5274fcd4517ec2c4793055faf5.jpeg\" alt=\"Oclean F1 travel Suit  Electric Toothbrush wholesale\" width=\"900\" height=\"514\" data-spm-anchor-id=\"a2g0o.detail.1000023.i0.517851ebhMFNoy\" \/><\/div>\n<\/div>\n<\/div>\n<\/div>","protected":false},"excerpt":{"rendered":"<h2>Especifica\u00e7\u00f5es<\/h2>\n<ul>\n<li data-spm-anchor-id=\"a2g0o.detail.1000023.i1.1e6f1bc5kNMT9p\">Tipo de item: escova de dentes<\/li>\n<li data-spm-anchor-id=\"a2g0o.detail.1000023.i1.1e6f1bc5kNMT9p\">Material da Caixa: Pl\u00e1stico ABS<\/li>\n<li data-spm-anchor-id=\"a2g0o.detail.1000023.i1.1e6f1bc5kNMT9p\">Fonte de alimenta\u00e7\u00e3o: bateria recarreg\u00e1vel<\/li>\n<li data-spm-anchor-id=\"a2g0o.detail.1000023.i1.1e6f1bc5kNMT9p\">Conte\u00fado do pacote: escova\/cabo USB\/2 x bicos de cabo\/estojo de viagem\/caixa\/manual<\/li>\n<li data-spm-anchor-id=\"a2g0o.detail.1000023.i1.1e6f1bc5kNMT9p\">Cor: azul escuro<\/li>\n<li data-spm-anchor-id=\"a2g0o.detail.1000023.i1.1e6f1bc5kNMT9p\">Ru\u00eddo: 55db<\/li>\n<li data-spm-anchor-id=\"a2g0o.detail.1000023.i1.1e6f1bc5kNMT9p\">Quantidade de rpm: 36000<\/li>\n<li data-spm-anchor-id=\"a2g0o.detail.1000023.i1.1e6f1bc5kNMT9p\">Grau de prote\u00e7\u00e3o: IPX7<\/li>\n<li data-spm-anchor-id=\"a2g0o.detail.1000023.i1.1e6f1bc5kNMT9p\">Bateria, Mah: 800<\/li>\n<li data-spm-anchor-id=\"a2g0o.detail.1000023.i1.1e6f1bc5kNMT9p\">Dimensions: 243.5&#215;24.4&#215;24.4mm<\/li>\n<li data-spm-anchor-id=\"a2g0o.detail.1000023.i1.1e6f1bc5kNMT9p\">Tempo de carregamento: 120 minutos<\/li>\n<li data-spm-anchor-id=\"a2g0o.detail.1000023.i1.1e6f1bc5kNMT9p\">Peso do produto: 98g<\/li>\n<\/ul>","protected":false},"featured_media":26012,"template":"","meta":[],"product_brand":[],"product_cat":[1320,1305],"product_tag":[],"class_list":{"0":"post-25942","1":"product","2":"type-product","3":"status-publish","4":"has-post-thumbnail","6":"product_cat-personal-care","7":"product_cat-xiaomi-eco","9":"first","10":"instock","11":"shipping-taxable","12":"product-type-simple"},"aioseo_notices":[],"aioseo_head":"\n\t\t<!-- All in One SEO Pro 4.5.9.2 - aioseo.com -->\n\t\t<meta name=\"description\" content=\"Specifications Item type: Toothbrush Case Material: ABS plastic Power supply: rechargeable battery Package Contents: brush\/USB cable\/2 x cable nozzles\/travel case\/box\/manual Color: dark blue Noise: 55dB RPM quantity: 36000 Degree of protection: IPX7 Battery, Mah: 800 Dimensions: 243.5x24.4x24.4mm Charging time: 120 min Product Weight: 98g\" \/>\n\t\t<meta name=\"robots\" content=\"max-image-preview:large\" \/>\n\t\t<link rel=\"canonical\" href=\"https:\/\/www.rucashk.com\/pt\/produto\/oclean-f1-travel-suit-electric-toothbrush-wholesale\/\" \/>\n\t\t<meta name=\"generator\" content=\"All in One SEO Pro (AIOSEO) 4.5.9.2\" \/>\n\t\t<meta property=\"og:locale\" content=\"pt_PT\" \/>\n\t\t<meta property=\"og:site_name\" content=\"Rucas - One-stop AIoT Distribution Worldwide\" \/>\n\t\t<meta property=\"og:type\" content=\"article\" \/>\n\t\t<meta property=\"og:title\" content=\"Oclean F1 travel Suit Electric Toothbrush wholesale - Rucas - Wholesale and Distribution\" \/>\n\t\t<meta property=\"og:description\" content=\"Specifications Item type: Toothbrush Case Material: ABS plastic Power supply: rechargeable battery Package Contents: brush\/USB cable\/2 x cable nozzles\/travel case\/box\/manual Color: dark blue Noise: 55dB RPM quantity: 36000 Degree of protection: IPX7 Battery, Mah: 800 Dimensions: 243.5x24.4x24.4mm Charging time: 120 min Product Weight: 98g\" \/>\n\t\t<meta property=\"og:url\" content=\"https:\/\/www.rucashk.com\/pt\/produto\/oclean-f1-travel-suit-electric-toothbrush-wholesale\/\" \/>\n\t\t<meta property=\"og:image\" content=\"https:\/\/www.rucashk.com\/wp-content\/uploads\/replace\/503b8e645f128a97ccde2b6290747646.jpeg\" \/>\n\t\t<meta property=\"og:image:secure_url\" content=\"https:\/\/www.rucashk.com\/wp-content\/uploads\/replace\/503b8e645f128a97ccde2b6290747646.jpeg\" \/>\n\t\t<meta property=\"og:image:width\" content=\"1456\" \/>\n\t\t<meta property=\"og:image:height\" content=\"816\" \/>\n\t\t<meta property=\"article:published_time\" content=\"2024-01-09T16:22:57+00:00\" \/>\n\t\t<meta property=\"article:modified_time\" content=\"2024-03-12T08:06:30+00:00\" \/>\n\t\t<meta name=\"twitter:card\" content=\"summary_large_image\" \/>\n\t\t<meta name=\"twitter:title\" content=\"Oclean F1 travel Suit Electric Toothbrush wholesale - Rucas - Wholesale and Distribution\" \/>\n\t\t<meta name=\"twitter:description\" content=\"Specifications Item type: Toothbrush Case Material: ABS plastic Power supply: rechargeable battery Package Contents: brush\/USB cable\/2 x cable nozzles\/travel case\/box\/manual Color: dark blue Noise: 55dB RPM quantity: 36000 Degree of protection: IPX7 Battery, Mah: 800 Dimensions: 243.5x24.4x24.4mm Charging time: 120 min Product Weight: 98g\" \/>\n\t\t<meta name=\"twitter:image\" content=\"https:\/\/www.rucashk.com\/wp-content\/uploads\/replace\/503b8e645f128a97ccde2b6290747646.jpeg\" \/>\n\t\t<script type=\"application\/ld+json\" class=\"aioseo-schema\">\n\t\t\t{\"@context\":\"https:\\\/\\\/schema.org\",\"@graph\":[{\"@type\":\"BreadcrumbList\",\"@id\":\"https:\\\/\\\/www.rucashk.com\\\/pt\\\/produto\\\/oclean-f1-travel-suit-electric-toothbrush-wholesale\\\/#breadcrumblist\",\"itemListElement\":[{\"@type\":\"ListItem\",\"@id\":\"https:\\\/\\\/www.rucashk.com\\\/pt\\\/#listItem\",\"position\":1,\"name\":\"Home\",\"item\":\"https:\\\/\\\/www.rucashk.com\\\/pt\\\/\",\"nextItem\":\"https:\\\/\\\/www.rucashk.com\\\/pt\\\/produto\\\/oclean-f1-travel-suit-electric-toothbrush-wholesale\\\/#listItem\"},{\"@type\":\"ListItem\",\"@id\":\"https:\\\/\\\/www.rucashk.com\\\/pt\\\/produto\\\/oclean-f1-travel-suit-electric-toothbrush-wholesale\\\/#listItem\",\"position\":2,\"name\":\"Oclean F1 travel Suit  Electric Toothbrush wholesale\",\"previousItem\":\"https:\\\/\\\/www.rucashk.com\\\/pt\\\/#listItem\"}]},{\"@type\":\"Organization\",\"@id\":\"https:\\\/\\\/www.rucashk.com\\\/pt\\\/#organization\",\"name\":\"Rucas\",\"url\":\"https:\\\/\\\/www.rucashk.com\\\/pt\\\/\",\"logo\":{\"@type\":\"ImageObject\",\"url\":\"https:\\\/\\\/www.rucashk.com\\\/wp-content\\\/uploads\\\/2023\\\/12\\\/Rucas_campany_logo.png\",\"@id\":\"https:\\\/\\\/www.rucashk.com\\\/pt\\\/produto\\\/oclean-f1-travel-suit-electric-toothbrush-wholesale\\\/#organizationLogo\",\"width\":221,\"height\":65},\"image\":{\"@id\":\"https:\\\/\\\/www.rucashk.com\\\/pt\\\/#organizationLogo\"}},{\"@type\":\"Person\",\"@id\":\"https:\\\/\\\/www.rucashk.com\\\/pt\\\/author\\\/admin\\\/#author\",\"url\":\"https:\\\/\\\/www.rucashk.com\\\/pt\\\/author\\\/admin\\\/\",\"name\":\"admin\",\"image\":{\"@type\":\"ImageObject\",\"@id\":\"https:\\\/\\\/www.rucashk.com\\\/pt\\\/produto\\\/oclean-f1-travel-suit-electric-toothbrush-wholesale\\\/#authorImage\",\"url\":\"https:\\\/\\\/secure.gravatar.com\\\/avatar\\\/b7c8925b09a27e72b30232f8ecaadbd5af0f70a38c78096863fe51b64f031c24?s=96&d=mm&r=g\",\"width\":96,\"height\":96,\"caption\":\"admin\"}},{\"@type\":\"WebPage\",\"@id\":\"https:\\\/\\\/www.rucashk.com\\\/pt\\\/produto\\\/oclean-f1-travel-suit-electric-toothbrush-wholesale\\\/#webpage\",\"url\":\"https:\\\/\\\/www.rucashk.com\\\/pt\\\/produto\\\/oclean-f1-travel-suit-electric-toothbrush-wholesale\\\/\",\"name\":\"Oclean F1 travel Suit Electric Toothbrush wholesale - Rucas - Wholesale and Distribution\",\"description\":\"Specifications Item type: Toothbrush Case Material: ABS plastic Power supply: rechargeable battery Package Contents: brush\\\/USB cable\\\/2 x cable nozzles\\\/travel case\\\/box\\\/manual Color: dark blue Noise: 55dB RPM quantity: 36000 Degree of protection: IPX7 Battery, Mah: 800 Dimensions: 243.5x24.4x24.4mm Charging time: 120 min Product Weight: 98g\",\"inLanguage\":\"pt-PT\",\"isPartOf\":{\"@id\":\"https:\\\/\\\/www.rucashk.com\\\/pt\\\/#website\"},\"breadcrumb\":{\"@id\":\"https:\\\/\\\/www.rucashk.com\\\/pt\\\/produto\\\/oclean-f1-travel-suit-electric-toothbrush-wholesale\\\/#breadcrumblist\"},\"author\":{\"@id\":\"https:\\\/\\\/www.rucashk.com\\\/pt\\\/author\\\/admin\\\/#author\"},\"creator\":{\"@id\":\"https:\\\/\\\/www.rucashk.com\\\/pt\\\/author\\\/admin\\\/#author\"},\"image\":{\"@type\":\"ImageObject\",\"url\":\"https:\\\/\\\/www.rucashk.com\\\/wp-content\\\/uploads\\\/2024\\\/01\\\/Oclean-F1-travel-Suit-Electric-Toothbrush-\\u4e3b\\u56fe.jpg\",\"@id\":\"https:\\\/\\\/www.rucashk.com\\\/pt\\\/produto\\\/oclean-f1-travel-suit-electric-toothbrush-wholesale\\\/#mainImage\",\"width\":800,\"height\":800},\"primaryImageOfPage\":{\"@id\":\"https:\\\/\\\/www.rucashk.com\\\/pt\\\/produto\\\/oclean-f1-travel-suit-electric-toothbrush-wholesale\\\/#mainImage\"},\"datePublished\":\"2024-01-09T16:22:57+00:00\",\"dateModified\":\"2024-03-12T08:06:30+00:00\"},{\"@type\":\"WebSite\",\"@id\":\"https:\\\/\\\/www.rucashk.com\\\/pt\\\/#website\",\"url\":\"https:\\\/\\\/www.rucashk.com\\\/pt\\\/\",\"name\":\"Rucas - Wholesale and distribution worldwide\",\"alternateName\":\"Rucas - One-stop AIoT Distribution Worldwide\",\"description\":\"One-stop AIoT Distribution Worldwide\",\"inLanguage\":\"pt-PT\",\"publisher\":{\"@id\":\"https:\\\/\\\/www.rucashk.com\\\/pt\\\/#organization\"}}]}\n\t\t<\/script>\n\t\t<!-- All in One SEO Pro -->\r\n\t\t<title>Oclean F1 travel Suit Electric Toothbrush wholesale - Rucas - Wholesale and Distribution<\/title>\n\n","aioseo_head_json":{"title":"Oclean F1 travel Suit Electric Toothbrush wholesale - Rucas - Wholesale and Distribution","description":"Specifications Item type: Toothbrush Case Material: ABS plastic Power supply: rechargeable battery Package Contents: brush\/USB cable\/2 x cable nozzles\/travel case\/box\/manual Color: dark blue Noise: 55dB RPM quantity: 36000 Degree of protection: IPX7 Battery, Mah: 800 Dimensions: 243.5x24.4x24.4mm Charging time: 120 min Product Weight: 98g","canonical_url":"https:\/\/www.rucashk.com\/pt\/produto\/oclean-f1-travel-suit-electric-toothbrush-wholesale\/","robots":"max-image-preview:large","keywords":"","webmasterTools":{"miscellaneous":""},"og:locale":"pt_PT","og:site_name":"Rucas - One-stop AIoT Distribution Worldwide","og:type":"article","og:title":"Oclean F1 travel Suit Electric Toothbrush wholesale - Rucas - Wholesale and Distribution","og:description":"Specifications Item type: Toothbrush Case Material: ABS plastic Power supply: rechargeable battery Package Contents: brush\/USB cable\/2 x cable nozzles\/travel case\/box\/manual Color: dark blue Noise: 55dB RPM quantity: 36000 Degree of protection: IPX7 Battery, Mah: 800 Dimensions: 243.5x24.4x24.4mm Charging time: 120 min Product Weight: 98g","og:url":"https:\/\/www.rucashk.com\/pt\/produto\/oclean-f1-travel-suit-electric-toothbrush-wholesale\/","og:image":"https:\/\/www.rucashk.com\/wp-content\/uploads\/replace\/503b8e645f128a97ccde2b6290747646.jpeg","og:image:secure_url":"https:\/\/www.rucashk.com\/wp-content\/uploads\/replace\/503b8e645f128a97ccde2b6290747646.jpeg","og:image:width":1456,"og:image:height":816,"article:published_time":"2024-01-09T16:22:57+00:00","article:modified_time":"2024-03-12T08:06:30+00:00","twitter:card":"summary_large_image","twitter:title":"Oclean F1 travel Suit Electric Toothbrush wholesale - Rucas - Wholesale and Distribution","twitter:description":"Specifications Item type: Toothbrush Case Material: ABS plastic Power supply: rechargeable battery Package Contents: brush\/USB cable\/2 x cable nozzles\/travel case\/box\/manual Color: dark blue Noise: 55dB RPM quantity: 36000 Degree of protection: IPX7 Battery, Mah: 800 Dimensions: 243.5x24.4x24.4mm Charging time: 120 min Product Weight: 98g","twitter:image":"https:\/\/www.rucashk.com\/wp-content\/uploads\/replace\/503b8e645f128a97ccde2b6290747646.jpeg","schema":{"@context":"https:\/\/schema.org","@graph":[{"@type":"BreadcrumbList","@id":"https:\/\/www.rucashk.com\/pt\/produto\/oclean-f1-travel-suit-electric-toothbrush-wholesale\/#breadcrumblist","itemListElement":[{"@type":"ListItem","@id":"https:\/\/www.rucashk.com\/pt\/#listItem","position":1,"name":"Home","item":"https:\/\/www.rucashk.com\/pt\/","nextItem":"https:\/\/www.rucashk.com\/pt\/produto\/oclean-f1-travel-suit-electric-toothbrush-wholesale\/#listItem"},{"@type":"ListItem","@id":"https:\/\/www.rucashk.com\/pt\/produto\/oclean-f1-travel-suit-electric-toothbrush-wholesale\/#listItem","position":2,"name":"Oclean F1 travel Suit  Electric Toothbrush wholesale","previousItem":"https:\/\/www.rucashk.com\/pt\/#listItem"}]},{"@type":"Organization","@id":"https:\/\/www.rucashk.com\/pt\/#organization","name":"Rucas","url":"https:\/\/www.rucashk.com\/pt\/","logo":{"@type":"ImageObject","url":"https:\/\/www.rucashk.com\/wp-content\/uploads\/2023\/12\/Rucas_campany_logo.png","@id":"https:\/\/www.rucashk.com\/pt\/produto\/oclean-f1-travel-suit-electric-toothbrush-wholesale\/#organizationLogo","width":221,"height":65},"image":{"@id":"https:\/\/www.rucashk.com\/pt\/#organizationLogo"}},{"@type":"Person","@id":"https:\/\/www.rucashk.com\/pt\/author\/admin\/#author","url":"https:\/\/www.rucashk.com\/pt\/author\/admin\/","name":"admin","image":{"@type":"ImageObject","@id":"https:\/\/www.rucashk.com\/pt\/produto\/oclean-f1-travel-suit-electric-toothbrush-wholesale\/#authorImage","url":"https:\/\/secure.gravatar.com\/avatar\/b7c8925b09a27e72b30232f8ecaadbd5af0f70a38c78096863fe51b64f031c24?s=96&d=mm&r=g","width":96,"height":96,"caption":"admin"}},{"@type":"WebPage","@id":"https:\/\/www.rucashk.com\/pt\/produto\/oclean-f1-travel-suit-electric-toothbrush-wholesale\/#webpage","url":"https:\/\/www.rucashk.com\/pt\/produto\/oclean-f1-travel-suit-electric-toothbrush-wholesale\/","name":"Oclean F1 travel Suit Electric Toothbrush wholesale - Rucas - Wholesale and Distribution","description":"Specifications Item type: Toothbrush Case Material: ABS plastic Power supply: rechargeable battery Package Contents: brush\/USB cable\/2 x cable nozzles\/travel case\/box\/manual Color: dark blue Noise: 55dB RPM quantity: 36000 Degree of protection: IPX7 Battery, Mah: 800 Dimensions: 243.5x24.4x24.4mm Charging time: 120 min Product Weight: 98g","inLanguage":"pt-PT","isPartOf":{"@id":"https:\/\/www.rucashk.com\/pt\/#website"},"breadcrumb":{"@id":"https:\/\/www.rucashk.com\/pt\/produto\/oclean-f1-travel-suit-electric-toothbrush-wholesale\/#breadcrumblist"},"author":{"@id":"https:\/\/www.rucashk.com\/pt\/author\/admin\/#author"},"creator":{"@id":"https:\/\/www.rucashk.com\/pt\/author\/admin\/#author"},"image":{"@type":"ImageObject","url":"https:\/\/www.rucashk.com\/wp-content\/uploads\/2024\/01\/Oclean-F1-travel-Suit-Electric-Toothbrush-\u4e3b\u56fe.jpg","@id":"https:\/\/www.rucashk.com\/pt\/produto\/oclean-f1-travel-suit-electric-toothbrush-wholesale\/#mainImage","width":800,"height":800},"primaryImageOfPage":{"@id":"https:\/\/www.rucashk.com\/pt\/produto\/oclean-f1-travel-suit-electric-toothbrush-wholesale\/#mainImage"},"datePublished":"2024-01-09T16:22:57+00:00","dateModified":"2024-03-12T08:06:30+00:00"},{"@type":"WebSite","@id":"https:\/\/www.rucashk.com\/pt\/#website","url":"https:\/\/www.rucashk.com\/pt\/","name":"Rucas - Wholesale and distribution worldwide","alternateName":"Rucas - One-stop AIoT Distribution Worldwide","description":"One-stop AIoT Distribution Worldwide","inLanguage":"pt-PT","publisher":{"@id":"https:\/\/www.rucashk.com\/pt\/#organization"}}]}},"aioseo_meta_data":{"post_id":"25942","title":null,"description":null,"keywords":null,"keyphrases":null,"primary_term":null,"canonical_url":null,"og_title":null,"og_description":null,"og_object_type":"default","og_image_type":"default","og_image_url":null,"og_image_width":null,"og_image_height":null,"og_image_custom_url":null,"og_image_custom_fields":null,"og_video":null,"og_custom_url":null,"og_article_section":null,"og_article_tags":null,"twitter_use_og":false,"twitter_card":"default","twitter_image_type":"default","twitter_image_url":null,"twitter_image_custom_url":null,"twitter_image_custom_fields":null,"twitter_title":null,"twitter_description":null,"schema":{"blockGraphs":[],"customGraphs":[],"default":{"data":{"Article":[],"Course":[],"Dataset":[],"FAQPage":[],"Movie":[],"Person":[],"Product":[],"Recipe":[],"Service":[],"SoftwareApplication":[],"WebPage":[]},"graphName":"","isEnabled":true},"graphs":[]},"schema_type":"default","schema_type_options":null,"pillar_content":false,"robots_default":true,"robots_noindex":false,"robots_noarchive":false,"robots_nosnippet":false,"robots_nofollow":false,"robots_noimageindex":false,"robots_noodp":false,"robots_notranslate":false,"robots_max_snippet":null,"robots_max_videopreview":null,"robots_max_imagepreview":"large","priority":null,"frequency":null,"local_seo":null,"breadcrumb_settings":null,"limit_modified_date":false,"created":"2024-04-11 01:57:19","updated":"2025-06-22 18:05:57"},"aioseo_breadcrumb":"<div class=\"aioseo-breadcrumbs\"><span class=\"aioseo-breadcrumb\">\n\t<a href=\"https:\/\/www.rucashk.com\/pt\" title=\"Home\">Home<\/a>\n<\/span><span class=\"aioseo-breadcrumb-separator\">&raquo;<\/span><span class=\"aioseo-breadcrumb\">\n\t<a href=\"https:\/\/www.rucashk.com\/pt\/products\/\" title=\"Produtos\">Produtos<\/a>\n<\/span><span class=\"aioseo-breadcrumb-separator\">&raquo;<\/span><span class=\"aioseo-breadcrumb\">\n\t<a href=\"https:\/\/www.rucashk.com\/pt\/categoria-produto\/xiaomi-eco\/\" title=\"Xiaomi Eco\">Xiaomi Eco<\/a>\n<\/span><span class=\"aioseo-breadcrumb-separator\">&raquo;<\/span><span class=\"aioseo-breadcrumb\">\n\t<a href=\"https:\/\/www.rucashk.com\/pt\/categoria-produto\/xiaomi-eco\/personal-care\/\" title=\"Personal Care\">Personal Care<\/a>\n<\/span><span class=\"aioseo-breadcrumb-separator\">&raquo;<\/span><span class=\"aioseo-breadcrumb\">\n\tOclean F1 travel Suit  Electric Toothbrush wholesale\n<\/span><\/div>","aioseo_breadcrumb_json":[{"label":"Home","link":"https:\/\/www.rucashk.com\/pt"},{"label":"Produtos","link":"https:\/\/www.rucashk.com\/pt\/products\/"},{"label":"Xiaomi Eco","link":"https:\/\/www.rucashk.com\/pt\/categoria-produto\/xiaomi-eco\/"},{"label":"Personal Care","link":"https:\/\/www.rucashk.com\/pt\/categoria-produto\/xiaomi-eco\/personal-care\/"},{"label":"Oclean F1 travel Suit  Electric Toothbrush wholesale","link":"https:\/\/www.rucashk.com\/pt\/produto\/oclean-f1-travel-suit-electric-toothbrush-wholesale\/"}],"_links":{"self":[{"href":"https:\/\/www.rucashk.com\/pt\/wp-json\/wp\/v2\/product\/25942","targetHints":{"allow":["GET"]}}],"collection":[{"href":"https:\/\/www.rucashk.com\/pt\/wp-json\/wp\/v2\/product"}],"about":[{"href":"https:\/\/www.rucashk.com\/pt\/wp-json\/wp\/v2\/types\/product"}],"wp:featuredmedia":[{"embeddable":true,"href":"https:\/\/www.rucashk.com\/pt\/wp-json\/wp\/v2\/media\/26012"}],"wp:attachment":[{"href":"https:\/\/www.rucashk.com\/pt\/wp-json\/wp\/v2\/media?parent=25942"}],"wp:term":[{"taxonomy":"product_brand","embeddable":true,"href":"https:\/\/www.rucashk.com\/pt\/wp-json\/wp\/v2\/product_brand?post=25942"},{"taxonomy":"product_cat","embeddable":true,"href":"https:\/\/www.rucashk.com\/pt\/wp-json\/wp\/v2\/product_cat?post=25942"},{"taxonomy":"product_tag","embeddable":true,"href":"https:\/\/www.rucashk.com\/pt\/wp-json\/wp\/v2\/product_tag?post=25942"}],"curies":[{"name":"wp","href":"https:\/\/api.w.org\/{rel}","templated":true}]}}